{"id":7132,"date":"2025-11-19T17:27:19","date_gmt":"2025-11-19T15:27:19","guid":{"rendered":"https:\/\/ecowise.lv\/?post_type=product&#038;p=7132"},"modified":"2026-02-24T11:54:44","modified_gmt":"2026-02-24T09:54:44","slug":"r5-filtri","status":"publish","type":"product","link":"https:\/\/ecowise.lv\/ru\/product\/r5-filtri\/","title":{"rendered":"R5 \u0444\u0438\u043b\u044c\u0442\u0440\u044b"},"content":{"rendered":"<p>\u041e\u0440\u0438\u0433\u0438\u043d\u0430\u043b\u044c\u043d\u044b\u0439 \u043a\u043e\u043c\u043f\u043b\u0435\u043a\u0442 \u0444\u0438\u043b\u044c\u0442\u0440\u043e\u0432 Swegon CASA. \u041f\u043e\u0434\u0445\u043e\u0434\u0438\u0442 \u0434\u043b\u044f \u0432\u0441\u0435\u0445 \u0432\u043e\u0437\u0434\u0443\u0445\u043e\u043e\u0431\u0440\u0430\u0431\u0430\u0442\u044b\u0432\u0430\u044e\u0449\u0438\u0445 \u0443\u0441\u0442\u0430\u043d\u043e\u0432\u043e\u043a Swegon CASA R5 \u0438 R120.<\/p>\n<p><strong>\u041a\u043e\u043c\u043f\u043b\u0435\u043a\u0442\u0430\u0446\u0438\u044f \u0432\u043a\u043b\u044e\u0447\u0430\u0435\u0442:<\/strong><\/p>\n<ul>\n<li><strong>1 \u0448\u0442<\/strong>\u00a0ISO ePM1 55% (F7) +\u00a0<strong>1 \u0448\u0442<\/strong> \u0444\u0438\u043b\u044c\u0442\u0440\u044b \u043d\u0430\u0440\u0443\u0436\u043d\u043e\u0433\u043e \u0432\u043e\u0437\u0434\u0443\u0445\u0430 ISO \u0433\u0440\u0443\u0431\u043e\u0439 \u0437\u0435\u0440\u043d\u0438\u0441\u0442\u043e\u0441\u0442\u0438 (G3)<\/li>\n<li><strong>1 \u0448\u0442<\/strong> \u0424\u0438\u043b\u044c\u0442\u0440 \u0432\u044b\u0442\u044f\u0436\u043d\u043e\u0433\u043e \u0432\u043e\u0437\u0434\u0443\u0445\u0430 ISO ePM1 55% (F7)<\/li>\n<\/ul>\n<p>\u0412\u044b\u0431\u0435\u0440\u0438\u0442\u0435 \u043e\u0440\u0438\u0433\u0438\u043d\u0430\u043b\u044c\u043d\u044b\u0439 \u0444\u0438\u043b\u044c\u0442\u0440 Swegon CASA!<\/p>\n<p>\u0418\u0441\u043f\u043e\u043b\u044c\u0437\u043e\u0432\u0430\u043d\u0438\u0435 \u043e\u0440\u0438\u0433\u0438\u043d\u0430\u043b\u044c\u043d\u044b\u0445 \u0444\u0438\u043b\u044c\u0442\u0440\u043e\u0432 \u0433\u0430\u0440\u0430\u043d\u0442\u0438\u0440\u0443\u0435\u0442 \u043d\u0430\u043b\u0438\u0447\u0438\u0435 \u0434\u0435\u0439\u0441\u0442\u0432\u0443\u044e\u0449\u0435\u0439 \u0437\u0430\u0432\u043e\u0434\u0441\u043a\u043e\u0439 \u0433\u0430\u0440\u0430\u043d\u0442\u0438\u0438 \u043d\u0430 \u0432\u0430\u0448\u0435 \u0443\u0441\u0442\u0440\u043e\u0439\u0441\u0442\u0432\u043e.<\/p>\n<p>\u0418\u0441\u043f\u043e\u043b\u044c\u0437\u043e\u0432\u0430\u043d\u0438\u0435 \u043d\u0435\u043f\u043e\u0434\u0445\u043e\u0434\u044f\u0449\u0438\u0445 \u0444\u0438\u043b\u044c\u0442\u0440\u043e\u0432 \u043c\u043e\u0436\u0435\u0442 \u0432\u044b\u0437\u0432\u0430\u0442\u044c \u043f\u0440\u043e\u0431\u043b\u0435\u043c\u044b \u0441 \u0432\u0435\u043d\u0442\u0438\u043b\u044f\u0446\u0438\u0435\u0439 \u0432\u0430\u0448\u0435\u0433\u043e \u0434\u043e\u043c\u0430.<\/p>\n<p><strong>\u041a\u0430\u043a \u0447\u0430\u0441\u0442\u043e \u0441\u043b\u0435\u0434\u0443\u0435\u0442 \u043c\u0435\u043d\u044f\u0442\u044c \u0444\u0438\u043b\u044c\u0442\u0440\u044b?<\/strong><\/p>\n<p>\u0424\u0438\u043b\u044c\u0442\u0440\u044b \u0441\u043b\u0435\u0434\u0443\u0435\u0442 \u043c\u0435\u043d\u044f\u0442\u044c \u043d\u0435 \u0440\u0435\u0436\u0435 \u043e\u0434\u043d\u043e\u0433\u043e \u0440\u0430\u0437\u0430 \u0432 \u0433\u043e\u0434, \u0430 \u043b\u0443\u0447\u0448\u0435 \u0434\u0432\u0430 \u0440\u0430\u0437\u0430 \u0432 \u0433\u043e\u0434 \u2013 \u0432\u0435\u0441\u043d\u043e\u0439 \u0438 \u043e\u0441\u0435\u043d\u044c\u044e.<\/p>\n<p><strong>\u041a\u0430\u043a \u0437\u0430\u043c\u0435\u043d\u0438\u0442\u044c \u0444\u0438\u043b\u044c\u0442\u0440\u044b?<\/strong><\/p>\n<p>\u0417\u0430\u043c\u0435\u043d\u0430 \u0444\u0438\u043b\u044c\u0442\u0440\u043e\u0432 \u0432\u044b\u043f\u043e\u043b\u043d\u044f\u0435\u0442\u0441\u044f \u0431\u044b\u0441\u0442\u0440\u043e \u0438 \u043b\u0435\u0433\u043a\u043e \u0438 \u043d\u0435 \u0442\u0440\u0435\u0431\u0443\u0435\u0442 \u0438\u043d\u0441\u0442\u0440\u0443\u043c\u0435\u043d\u0442\u043e\u0432 \u0438\u043b\u0438 \u0441\u043f\u0435\u0446\u0438\u0430\u043b\u044c\u043d\u044b\u0445 \u0437\u043d\u0430\u043d\u0438\u0439. \u0414\u043b\u044f \u043f\u043e\u043b\u0443\u0447\u0435\u043d\u0438\u044f \u0431\u043e\u043b\u0435\u0435 \u043f\u043e\u0434\u0440\u043e\u0431\u043d\u043e\u0439 \u0438\u043d\u0444\u043e\u0440\u043c\u0430\u0446\u0438\u0438 \u0441\u043c\u043e\u0442\u0440\u0438\u0442\u0435 \u0440\u0443\u043a\u043e\u0432\u043e\u0434\u0441\u0442\u0432\u043e \u043f\u043e \u0442\u0435\u0445\u043d\u0438\u0447\u0435\u0441\u043a\u043e\u043c\u0443 \u043e\u0431\u0441\u043b\u0443\u0436\u0438\u0432\u0430\u043d\u0438\u044e \u0438\u043b\u0438 \u0432\u0438\u0434\u0435\u043e\u0440\u043e\u043b\u0438\u043a \u043f\u043e \u043e\u0431\u0441\u043b\u0443\u0436\u0438\u0432\u0430\u043d\u0438\u044e, \u043f\u0440\u0435\u0434\u0441\u0442\u0430\u0432\u043b\u0435\u043d\u043d\u0438\u0439 \u043d\u0438\u0436\u0435.<\/p>\n<p>&nbsp;<\/p>\n<p>\u041d\u043e\u0432\u0435\u0439\u0448\u0430\u044f <a href=\"https:\/\/ecowise.lv\/ru\/product\/casa-r5-genius\/\">CASA R5 Genius<\/a> \u0443\u0441\u0442\u0430\u043d\u043e\u0432\u043a\u0430<\/p>\n<p>&nbsp;<\/p>\n<p>\u0418\u043d\u0441\u0442\u0440\u0443\u043a\u0446\u0438\u044f \u043f\u043e \u0437\u0430\u043c\u0435\u043d\u0435 \u0444\u0438\u043b\u044c\u0442\u0440\u043e\u0432\u00a0<a href=\"https:\/\/serviceportal.swegon.com\/fi\/\/docs\/FS_GUIDE\" target=\"_blank\" rel=\"noopener\">FS_GUIDE<\/a><\/p>\n<p>&nbsp;<\/p>\n<p><iframe title=\"Swegon CASA R120 huolto ja suodattimen vaihto\" width=\"640\" height=\"360\" src=\"https:\/\/www.youtube.com\/embed\/yfG3x9aA6WI?feature=oembed\" frameborder=\"0\" allow=\"accelerometer; autoplay; clipboard-write; encrypted-media; gyroscope; picture-in-picture; web-share\" referrerpolicy=\"strict-origin-when-cross-origin\" allowfullscreen><\/iframe><\/p>\n<div class=\"product__details\">\n<div class=\"embed-responsive embed-responsive-16by9\"><\/div>\n<\/div>","protected":false},"excerpt":{"rendered":"<h4>\u041f\u043e\u0434\u0445\u043e\u0434\u0438\u0442 \u0434\u043b\u044f \u0432\u0435\u043d\u0442\u0438\u043b\u044f\u0446\u0438\u043e\u043d\u043d\u044b\u0445 \u0443\u0441\u0442\u0430\u043d\u043e\u0432\u043e\u043a Swegon CASA R5 \u0438 R120.<\/h4>","protected":false},"featured_media":7133,"template":"","meta":{"_acf_changed":false,"inline_featured_image":false,"_links_to":"","_links_to_target":""},"product_brand":[],"product_cat":[131],"product_tag":[],"class_list":{"0":"post-7132","1":"product","2":"type-product","3":"status-publish","4":"has-post-thumbnail","6":"product_cat-citas-iekartas-ventilacija-privatmajam","8":"first","9":"instock","10":"shipping-taxable","11":"purchasable","12":"product-type-simple"},"acf":[],"yoast_head":"<!-- This site is optimized with the Yoast SEO plugin v27.0 - https:\/\/yoast.com\/product\/yoast-seo-wordpress\/ -->\n<title>R5 filtri - Ecowise<\/title>\n<meta name=\"description\" content=\"Ori\u0123in\u0101lais Swegon CASA filtru komplekts. Piem\u0113rots vis\u0101m Swegon CASA R5 un R120 gaisa apstr\u0101des iek\u0101rt\u0101m.\" \/>\n<meta name=\"robots\" content=\"index, follow, max-snippet:-1, max-image-preview:large, max-video-preview:-1\" \/>\n<link rel=\"canonical\" href=\"https:\/\/ecowise.lv\/ru\/product\/r5-filtri\/\" \/>\n<meta property=\"og:locale\" content=\"ru_RU\" \/>\n<meta property=\"og:type\" content=\"article\" \/>\n<meta property=\"og:title\" content=\"R5 filtri - Ecowise\" \/>\n<meta property=\"og:description\" content=\"Ori\u0123in\u0101lais Swegon CASA filtru komplekts. Piem\u0113rots vis\u0101m Swegon CASA R5 un R120 gaisa apstr\u0101des iek\u0101rt\u0101m.\" \/>\n<meta property=\"og:url\" content=\"https:\/\/ecowise.lv\/ru\/product\/r5-filtri\/\" \/>\n<meta property=\"og:site_name\" content=\"Ecowise\" \/>\n<meta property=\"article:modified_time\" content=\"2026-02-24T09:54:44+00:00\" \/>\n<meta property=\"og:image\" content=\"https:\/\/ecowise.lv\/wp-content\/uploads\/2025\/11\/R5_filtri_Smart_Genius_ar_prieksfiltru.png\" \/>\n\t<meta property=\"og:image:width\" content=\"760\" \/>\n\t<meta property=\"og:image:height\" content=\"410\" \/>\n\t<meta property=\"og:image:type\" content=\"image\/png\" \/>\n<meta name=\"twitter:card\" content=\"summary_large_image\" \/>\n<meta name=\"twitter:label1\" content=\"\u041f\u0440\u0438\u043c\u0435\u0440\u043d\u043e\u0435 \u0432\u0440\u0435\u043c\u044f \u0434\u043b\u044f \u0447\u0442\u0435\u043d\u0438\u044f\" \/>\n\t<meta name=\"twitter:data1\" content=\"1 \u043c\u0438\u043d\u0443\u0442\u0430\" \/>\n<script type=\"application\/ld+json\" class=\"yoast-schema-graph\">{\"@context\":\"https:\/\/schema.org\",\"@graph\":[{\"@type\":\"WebPage\",\"@id\":\"https:\/\/ecowise.lv\/product\/r5-filtri\/\",\"url\":\"https:\/\/ecowise.lv\/product\/r5-filtri\/\",\"name\":\"R5 filtri - Ecowise\",\"isPartOf\":{\"@id\":\"https:\/\/ecowise.lv\/#website\"},\"primaryImageOfPage\":{\"@id\":\"https:\/\/ecowise.lv\/product\/r5-filtri\/#primaryimage\"},\"image\":{\"@id\":\"https:\/\/ecowise.lv\/product\/r5-filtri\/#primaryimage\"},\"thumbnailUrl\":\"https:\/\/ecowise.lv\/wp-content\/uploads\/2025\/11\/R5_filtri_Smart_Genius_ar_prieksfiltru.png\",\"datePublished\":\"2025-11-19T15:27:19+00:00\",\"dateModified\":\"2026-02-24T09:54:44+00:00\",\"description\":\"Ori\u0123in\u0101lais Swegon CASA filtru komplekts. Piem\u0113rots vis\u0101m Swegon CASA R5 un R120 gaisa apstr\u0101des iek\u0101rt\u0101m.\",\"breadcrumb\":{\"@id\":\"https:\/\/ecowise.lv\/product\/r5-filtri\/#breadcrumb\"},\"inLanguage\":\"ru-RU\",\"potentialAction\":[{\"@type\":\"ReadAction\",\"target\":[\"https:\/\/ecowise.lv\/product\/r5-filtri\/\"]}]},{\"@type\":\"ImageObject\",\"inLanguage\":\"ru-RU\",\"@id\":\"https:\/\/ecowise.lv\/product\/r5-filtri\/#primaryimage\",\"url\":\"https:\/\/ecowise.lv\/wp-content\/uploads\/2025\/11\/R5_filtri_Smart_Genius_ar_prieksfiltru.png\",\"contentUrl\":\"https:\/\/ecowise.lv\/wp-content\/uploads\/2025\/11\/R5_filtri_Smart_Genius_ar_prieksfiltru.png\",\"width\":760,\"height\":410},{\"@type\":\"BreadcrumbList\",\"@id\":\"https:\/\/ecowise.lv\/product\/r5-filtri\/#breadcrumb\",\"itemListElement\":[{\"@type\":\"ListItem\",\"position\":1,\"name\":\"Products\",\"item\":\"https:\/\/ecowise.lv\/shop\/\"},{\"@type\":\"ListItem\",\"position\":2,\"name\":\"R5 filtri\"}]},{\"@type\":\"WebSite\",\"@id\":\"https:\/\/ecowise.lv\/#website\",\"url\":\"https:\/\/ecowise.lv\/\",\"name\":\"Ecowise\",\"description\":\"Ener\u0123ijas pat\u0113ri\u0146a samazin\u0101jums\",\"publisher\":{\"@id\":\"https:\/\/ecowise.lv\/#organization\"},\"potentialAction\":[{\"@type\":\"SearchAction\",\"target\":{\"@type\":\"EntryPoint\",\"urlTemplate\":\"https:\/\/ecowise.lv\/?s={search_term_string}\"},\"query-input\":{\"@type\":\"PropertyValueSpecification\",\"valueRequired\":true,\"valueName\":\"search_term_string\"}}],\"inLanguage\":\"ru-RU\"},{\"@type\":\"Organization\",\"@id\":\"https:\/\/ecowise.lv\/#organization\",\"name\":\"Ecowise\",\"url\":\"https:\/\/ecowise.lv\/\",\"logo\":{\"@type\":\"ImageObject\",\"inLanguage\":\"ru-RU\",\"@id\":\"https:\/\/ecowise.lv\/#\/schema\/logo\/image\/\",\"url\":\"https:\/\/ecowise.lv\/wp-content\/uploads\/2023\/03\/logo.svg\",\"contentUrl\":\"https:\/\/ecowise.lv\/wp-content\/uploads\/2023\/03\/logo.svg\",\"width\":207,\"height\":27,\"caption\":\"Ecowise\"},\"image\":{\"@id\":\"https:\/\/ecowise.lv\/#\/schema\/logo\/image\/\"}}]}<\/script>\n<!-- \/ Yoast SEO plugin. -->","yoast_head_json":{"title":"R5 filtri - Ecowise","description":"Ori\u0123in\u0101lais Swegon CASA filtru komplekts. Piem\u0113rots vis\u0101m Swegon CASA R5 un R120 gaisa apstr\u0101des iek\u0101rt\u0101m.","robots":{"index":"index","follow":"follow","max-snippet":"max-snippet:-1","max-image-preview":"max-image-preview:large","max-video-preview":"max-video-preview:-1"},"canonical":"https:\/\/ecowise.lv\/ru\/product\/r5-filtri\/","og_locale":"ru_RU","og_type":"article","og_title":"R5 filtri - Ecowise","og_description":"Ori\u0123in\u0101lais Swegon CASA filtru komplekts. Piem\u0113rots vis\u0101m Swegon CASA R5 un R120 gaisa apstr\u0101des iek\u0101rt\u0101m.","og_url":"https:\/\/ecowise.lv\/ru\/product\/r5-filtri\/","og_site_name":"Ecowise","article_modified_time":"2026-02-24T09:54:44+00:00","og_image":[{"width":760,"height":410,"url":"https:\/\/ecowise.lv\/wp-content\/uploads\/2025\/11\/R5_filtri_Smart_Genius_ar_prieksfiltru.png","type":"image\/png"}],"twitter_card":"summary_large_image","twitter_misc":{"\u041f\u0440\u0438\u043c\u0435\u0440\u043d\u043e\u0435 \u0432\u0440\u0435\u043c\u044f \u0434\u043b\u044f \u0447\u0442\u0435\u043d\u0438\u044f":"1 \u043c\u0438\u043d\u0443\u0442\u0430"},"schema":{"@context":"https:\/\/schema.org","@graph":[{"@type":"WebPage","@id":"https:\/\/ecowise.lv\/product\/r5-filtri\/","url":"https:\/\/ecowise.lv\/product\/r5-filtri\/","name":"R5 filtri - Ecowise","isPartOf":{"@id":"https:\/\/ecowise.lv\/#website"},"primaryImageOfPage":{"@id":"https:\/\/ecowise.lv\/product\/r5-filtri\/#primaryimage"},"image":{"@id":"https:\/\/ecowise.lv\/product\/r5-filtri\/#primaryimage"},"thumbnailUrl":"https:\/\/ecowise.lv\/wp-content\/uploads\/2025\/11\/R5_filtri_Smart_Genius_ar_prieksfiltru.png","datePublished":"2025-11-19T15:27:19+00:00","dateModified":"2026-02-24T09:54:44+00:00","description":"Ori\u0123in\u0101lais Swegon CASA filtru komplekts. Piem\u0113rots vis\u0101m Swegon CASA R5 un R120 gaisa apstr\u0101des iek\u0101rt\u0101m.","breadcrumb":{"@id":"https:\/\/ecowise.lv\/product\/r5-filtri\/#breadcrumb"},"inLanguage":"ru-RU","potentialAction":[{"@type":"ReadAction","target":["https:\/\/ecowise.lv\/product\/r5-filtri\/"]}]},{"@type":"ImageObject","inLanguage":"ru-RU","@id":"https:\/\/ecowise.lv\/product\/r5-filtri\/#primaryimage","url":"https:\/\/ecowise.lv\/wp-content\/uploads\/2025\/11\/R5_filtri_Smart_Genius_ar_prieksfiltru.png","contentUrl":"https:\/\/ecowise.lv\/wp-content\/uploads\/2025\/11\/R5_filtri_Smart_Genius_ar_prieksfiltru.png","width":760,"height":410},{"@type":"BreadcrumbList","@id":"https:\/\/ecowise.lv\/product\/r5-filtri\/#breadcrumb","itemListElement":[{"@type":"ListItem","position":1,"name":"Products","item":"https:\/\/ecowise.lv\/shop\/"},{"@type":"ListItem","position":2,"name":"R5 filtri"}]},{"@type":"WebSite","@id":"https:\/\/ecowise.lv\/#website","url":"https:\/\/ecowise.lv\/","name":"Ecowise","description":"Ener\u0123ijas pat\u0113ri\u0146a samazin\u0101jums","publisher":{"@id":"https:\/\/ecowise.lv\/#organization"},"potentialAction":[{"@type":"SearchAction","target":{"@type":"EntryPoint","urlTemplate":"https:\/\/ecowise.lv\/?s={search_term_string}"},"query-input":{"@type":"PropertyValueSpecification","valueRequired":true,"valueName":"search_term_string"}}],"inLanguage":"ru-RU"},{"@type":"Organization","@id":"https:\/\/ecowise.lv\/#organization","name":"Ecowise","url":"https:\/\/ecowise.lv\/","logo":{"@type":"ImageObject","inLanguage":"ru-RU","@id":"https:\/\/ecowise.lv\/#\/schema\/logo\/image\/","url":"https:\/\/ecowise.lv\/wp-content\/uploads\/2023\/03\/logo.svg","contentUrl":"https:\/\/ecowise.lv\/wp-content\/uploads\/2023\/03\/logo.svg","width":207,"height":27,"caption":"Ecowise"},"image":{"@id":"https:\/\/ecowise.lv\/#\/schema\/logo\/image\/"}}]}},"_links":{"self":[{"href":"https:\/\/ecowise.lv\/ru\/wp-json\/wp\/v2\/product\/7132","targetHints":{"allow":["GET"]}}],"collection":[{"href":"https:\/\/ecowise.lv\/ru\/wp-json\/wp\/v2\/product"}],"about":[{"href":"https:\/\/ecowise.lv\/ru\/wp-json\/wp\/v2\/types\/product"}],"wp:featuredmedia":[{"embeddable":true,"href":"https:\/\/ecowise.lv\/ru\/wp-json\/wp\/v2\/media\/7133"}],"wp:attachment":[{"href":"https:\/\/ecowise.lv\/ru\/wp-json\/wp\/v2\/media?parent=7132"}],"wp:term":[{"taxonomy":"product_brand","embeddable":true,"href":"https:\/\/ecowise.lv\/ru\/wp-json\/wp\/v2\/product_brand?post=7132"},{"taxonomy":"product_cat","embeddable":true,"href":"https:\/\/ecowise.lv\/ru\/wp-json\/wp\/v2\/product_cat?post=7132"},{"taxonomy":"product_tag","embeddable":true,"href":"https:\/\/ecowise.lv\/ru\/wp-json\/wp\/v2\/product_tag?post=7132"}],"curies":[{"name":"wp","href":"https:\/\/api.w.org\/{rel}","templated":true}]}}