{"id":5853,"date":"2024-01-02T14:56:25","date_gmt":"2024-01-02T12:56:25","guid":{"rendered":"https:\/\/ecowise.lv\/?post_type=product&#038;p=5853"},"modified":"2024-01-02T15:01:43","modified_gmt":"2024-01-02T13:01:43","slug":"casa-genius-app","status":"publish","type":"product","link":"https:\/\/ecowise.lv\/ru\/product\/casa-genius-app\/","title":{"rendered":"CASA Genius App"},"content":{"rendered":"<h3>\u041f\u0420\u0418\u041b\u041e\u0416\u0415\u041d\u0418\u0415 \u0414\u041b\u042f \u0421\u041c\u0410\u0420\u0422\u0424\u041e\u041d\u041e\u0412 \u0414\u041b\u042f \u0412\u0415\u041d\u0422\u0418\u041b\u042f\u0426\u0418\u041e\u041d\u041d\u042b\u0425 \u0423\u0421\u0422\u0420\u041e\u0419\u0421\u0422\u0412 CASA GENIUS<\/h3>\n<ul>\n<li>\u041f\u0440\u0438\u043b\u043e\u0436\u0435\u043d\u0438\u0435 SWEGON CASA \u0434\u043b\u044f \u043a\u043e\u043d\u0435\u0447\u043d\u044b\u0445 \u043f\u043e\u043b\u044c\u0437\u043e\u0432\u0430\u0442\u0435\u043b\u0435\u0439<\/li>\n<li>\u041f\u0440\u0438\u043b\u043e\u0436\u0435\u043d\u0438\u0435 SERVICE CASA \u0434\u043b\u044f \u0443\u0441\u0442\u0430\u043d\u043e\u0432\u0449\u0438\u043a\u043e\u0432 \u0438 \u043e\u0431\u0441\u043b\u0443\u0436\u0438\u0432\u0430\u043d\u0438\u044f<\/li>\n<li>\u0421\u043a\u0430\u0447\u0430\u0442\u044c \u0432 Google Play \u0438\u043b\u0438 Apple Store<\/li>\n<li>\u0414\u043b\u044f \u043f\u043e\u0434\u043a\u043b\u044e\u0447\u0435\u043d\u0438\u044f \u043f\u0440\u0438\u043b\u043e\u0436\u0435\u043d\u0438\u044f \u043a \u0432\u0435\u043d\u0442\u0438\u043b\u044f\u0446\u0438\u043e\u043d\u043d\u043e\u043c\u0443 \u0443\u0441\u0442\u0440\u043e\u0439\u0441\u0442\u0432\u0443 \u0442\u0440\u0435\u0431\u0443\u0435\u0442\u0441\u044f \u043f\u0430\u043d\u0435\u043b\u044c \u0443\u043f\u0440\u0430\u0432\u043b\u0435\u043d\u0438\u044f Genius<\/li>\n<\/ul>\n<p>\u041c\u043e\u0431\u0438\u043b\u044c\u043d\u043e\u0435 \u043f\u0440\u0438\u043b\u043e\u0436\u0435\u043d\u0438\u0435 SWEGON CASA APP \u0434\u043b\u044f \u043a\u043e\u043d\u0435\u0447\u043d\u044b\u0445 \u043f\u043e\u043b\u044c\u0437\u043e\u0432\u0430\u0442\u0435\u043b\u0435\u0439. \u0421 \u043f\u043e\u043c\u043e\u0449\u044c\u044e \u043f\u0440\u0438\u043b\u043e\u0436\u0435\u043d\u0438\u044f Swegon CASA \u0436\u0438\u0442\u0435\u043b\u0438 \u043c\u043e\u0433\u0443\u0442 \u0438\u0441\u043f\u043e\u043b\u044c\u0437\u043e\u0432\u0430\u0442\u044c \u0432\u0441\u0435 \u0444\u0443\u043d\u043a\u0446\u0438\u0438 \u0443\u043f\u0440\u0430\u0432\u043b\u0435\u043d\u0438\u044f \u0432\u0435\u043d\u0442\u0438\u043b\u044f\u0446\u0438\u043e\u043d\u043d\u044b\u043c \u0443\u0441\u0442\u0440\u043e\u0439\u0441\u0442\u0432\u043e\u043c \u0441\u043e \u0441\u0432\u043e\u0435\u0433\u043e \u043c\u043e\u0431\u0438\u043b\u044c\u043d\u043e\u0433\u043e \u0442\u0435\u043b\u0435\u0444\u043e\u043d\u0430. \u041f\u043e\u043b\u044c\u0437\u043e\u0432\u0430\u0442\u0435\u043b\u0438 \u043c\u043e\u0433\u0443\u0442 \u0432\u0438\u0434\u0435\u0442\u044c \u0438\u043d\u0442\u0435\u0440\u0435\u0441\u043d\u0443\u044e \u0438\u043d\u0444\u043e\u0440\u043c\u0430\u0446\u0438\u044e \u043e \u043a\u0430\u0447\u0435\u0441\u0442\u0432\u0435 \u0432\u043e\u0437\u0434\u0443\u0445\u0430 \u0432 \u0441\u0432\u043e\u0435\u043c \u0434\u043e\u043c\u0435, \u0430 \u0442\u0430\u043a\u0436\u0435 \u0446\u0435\u043d\u043d\u044b\u0435 \u0443\u043a\u0430\u0437\u0430\u043d\u0438\u044f \u0438 \u0441\u043e\u0432\u0435\u0442\u044b \u043f\u043e \u0432\u0435\u043d\u0442\u0438\u043b\u044f\u0446\u0438\u0438 (\u0442\u0440\u0435\u0431\u0443\u0435\u0442\u0441\u044f \u043f\u0430\u043d\u0435\u043b\u044c \u0443\u043f\u0440\u0430\u0432\u043b\u0435\u043d\u0438\u044f Swegon Genius).<\/p>\n<p>\u041c\u043e\u0431\u0438\u043b\u044c\u043d\u043e\u0435 \u043f\u0440\u0438\u043b\u043e\u0436\u0435\u043d\u0438\u0435 SERVICE CASA APP \u0434\u043b\u044f \u043f\u043e\u043b\u044c\u0437\u043e\u0432\u0430\u0442\u0435\u043b\u0435\u0439. Service CASA - \u044d\u0442\u043e \u043f\u0440\u0438\u043b\u043e\u0436\u0435\u043d\u0438\u0435 \u0434\u043b\u044f \u0443\u0441\u0442\u0430\u043d\u043e\u0432\u0449\u0438\u043a\u043e\u0432\/\u0441\u0435\u0440\u0432\u0438\u0441\u043d\u044b\u0445 \u0438\u043d\u0436\u0435\u043d\u0435\u0440\u043e\u0432 \u0434\u043b\u044f \u0431\u044b\u0441\u0442\u0440\u043e\u0433\u043e \u0438 \u043f\u0440\u043e\u0441\u0442\u043e\u0433\u043e \u0432\u0432\u043e\u0434\u0430 \u0432 \u044d\u043a\u0441\u043f\u043b\u0443\u0430\u0442\u0430\u0446\u0438\u044e. \u041f\u0440\u0438\u043b\u043e\u0436\u0435\u043d\u0438\u0435 \u0440\u0430\u0431\u043e\u0442\u0430\u0435\u0442 \u043b\u043e\u043a\u0430\u043b\u044c\u043d\u043e \u0441 \u0432\u0435\u043d\u0442\u0438\u043b\u044f\u0446\u0438\u043e\u043d\u043d\u044b\u043c \u0443\u0441\u0442\u0440\u043e\u0439\u0441\u0442\u0432\u043e\u043c \u0438 \u043d\u0435 \u0442\u0440\u0435\u0431\u0443\u0435\u0442 \u043f\u043e\u0434\u043a\u043b\u044e\u0447\u0435\u043d\u0438\u044f \u043a \u0441\u0435\u0442\u0438. \u041f\u0440\u0438\u043b\u043e\u0436\u0435\u043d\u0438\u0435 \u043e\u043f\u0440\u0435\u0434\u0435\u043b\u044f\u0435\u0442 I\/O \u043f\u043e\u0434\u043a\u043b\u044e\u0447\u0435\u043d\u0438\u044f, \u0437\u0430\u0440\u0430\u043d\u0435\u0435 \u0443\u0441\u0442\u0430\u043d\u0430\u0432\u043b\u0438\u0432\u0430\u0435\u0442 \u0441\u043a\u043e\u0440\u043e\u0441\u0442\u0438 \u0432\u0435\u043d\u0442\u0438\u043b\u044f\u0442\u043e\u0440\u0430, \u0441\u043e\u043e\u0442\u0432\u0435\u0442\u0441\u0442\u0432\u0443\u044e\u0449\u0438\u0435 \u0437\u0430\u0434\u0430\u043d\u043d\u043e\u043c\u0443 \u043e\u0431\u044a\u0435\u043c\u0443 \u0432\u043e\u0437\u0434\u0443\u0445\u0430, \u0430 \u0442\u0430\u043a\u0436\u0435 \u0430\u0432\u0442\u043e\u043c\u0430\u0442\u0438\u0447\u0435\u0441\u043a\u0438 \u0443\u0441\u0442\u0430\u043d\u0430\u0432\u043b\u0438\u0432\u0430\u0435\u0442 \u043e\u0431\u044a\u0435\u043c \u0432\u043e\u0437\u0434\u0443\u0445\u0430 \u0434\u043b\u044f \u0434\u043e\u043c\u0430\u0448\u043d\u0435\u0433\u043e \u0440\u0435\u0436\u0438\u043c\u0430 \u0438 \u0440\u0435\u0436\u0438\u043c\u0430 \u0443\u0441\u0438\u043b\u0435\u043d\u0438\u044f. \u0413\u043e\u0442\u043e\u0432\u044b\u0435 \u043d\u0430\u0441\u0442\u0440\u043e\u0439\u043a\u0438 \u043c\u043e\u0436\u043d\u043e \u0441\u043e\u0445\u0440\u0430\u043d\u0438\u0442\u044c \u0432 \u043f\u0440\u0438\u043b\u043e\u0436\u0435\u043d\u0438\u0438 \u0438 \u0441\u043a\u043e\u043f\u0438\u0440\u043e\u0432\u0430\u0442\u044c \u0432 \u0441\u043b\u0435\u0434\u0443\u044e\u0449\u0443\u044e \u043a\u0432\u0430\u0440\u0442\u0438\u0440\u0443 (\u0442\u0440\u0435\u0431\u0443\u0435\u0442\u0441\u044f \u043f\u0430\u043d\u0435\u043b\u044c \u0443\u043f\u0440\u0430\u0432\u043b\u0435\u043d\u0438\u044f Swegon Genius).<\/p>\n<p>\u041e\u0431\u0430 \u043f\u0440\u0438\u043b\u043e\u0436\u0435\u043d\u0438\u044f \u043c\u043e\u0436\u043d\u043e \u0441\u043a\u0430\u0447\u0430\u0442\u044c \u0432 Google Play \u0438\u043b\u0438 Apple Store.<\/p>","protected":false},"excerpt":{"rendered":"<h4 class=\"gtx-body\">\u041f\u0440\u0438\u043b\u043e\u0436\u0435\u043d\u0438\u0435 CASA Genius<\/h4>","protected":false},"featured_media":5854,"template":"","meta":{"_acf_changed":false,"inline_featured_image":false,"_links_to":"","_links_to_target":""},"product_brand":[],"product_cat":[39],"product_tag":[],"class_list":{"0":"post-5853","1":"product","2":"type-product","3":"status-publish","4":"has-post-thumbnail","6":"product_cat-citas-iekartas","8":"first","9":"instock","10":"shipping-taxable","11":"product-type-simple"},"acf":[],"yoast_head":"<!-- This site is optimized with the Yoast SEO plugin v27.0 - https:\/\/yoast.com\/product\/yoast-seo-wordpress\/ -->\n<title>CASA Genius App - Ecowise<\/title>\n<meta name=\"robots\" content=\"index, follow, max-snippet:-1, max-image-preview:large, max-video-preview:-1\" \/>\n<link rel=\"canonical\" href=\"https:\/\/ecowise.lv\/ru\/product\/casa-genius-app\/\" \/>\n<meta property=\"og:locale\" content=\"ru_RU\" \/>\n<meta property=\"og:type\" content=\"article\" \/>\n<meta property=\"og:title\" content=\"CASA Genius App - Ecowise\" \/>\n<meta property=\"og:description\" content=\"CASA Genius lietotne\" \/>\n<meta property=\"og:url\" content=\"https:\/\/ecowise.lv\/ru\/product\/casa-genius-app\/\" \/>\n<meta property=\"og:site_name\" content=\"Ecowise\" \/>\n<meta property=\"article:modified_time\" content=\"2024-01-02T13:01:43+00:00\" \/>\n<meta property=\"og:image\" content=\"https:\/\/ecowise.lv\/wp-content\/uploads\/2024\/01\/CardImage-1-3.png\" \/>\n\t<meta property=\"og:image:width\" content=\"600\" \/>\n\t<meta property=\"og:image:height\" content=\"451\" \/>\n\t<meta property=\"og:image:type\" content=\"image\/png\" \/>\n<meta name=\"twitter:card\" content=\"summary_large_image\" \/>\n<meta name=\"twitter:label1\" content=\"\u041f\u0440\u0438\u043c\u0435\u0440\u043d\u043e\u0435 \u0432\u0440\u0435\u043c\u044f \u0434\u043b\u044f \u0447\u0442\u0435\u043d\u0438\u044f\" \/>\n\t<meta name=\"twitter:data1\" content=\"1 \u043c\u0438\u043d\u0443\u0442\u0430\" \/>\n<script type=\"application\/ld+json\" class=\"yoast-schema-graph\">{\"@context\":\"https:\/\/schema.org\",\"@graph\":[{\"@type\":\"WebPage\",\"@id\":\"https:\/\/ecowise.lv\/product\/casa-genius-app\/\",\"url\":\"https:\/\/ecowise.lv\/product\/casa-genius-app\/\",\"name\":\"CASA Genius App - Ecowise\",\"isPartOf\":{\"@id\":\"https:\/\/ecowise.lv\/#website\"},\"primaryImageOfPage\":{\"@id\":\"https:\/\/ecowise.lv\/product\/casa-genius-app\/#primaryimage\"},\"image\":{\"@id\":\"https:\/\/ecowise.lv\/product\/casa-genius-app\/#primaryimage\"},\"thumbnailUrl\":\"https:\/\/ecowise.lv\/wp-content\/uploads\/2024\/01\/CardImage-1-3.png\",\"datePublished\":\"2024-01-02T12:56:25+00:00\",\"dateModified\":\"2024-01-02T13:01:43+00:00\",\"breadcrumb\":{\"@id\":\"https:\/\/ecowise.lv\/product\/casa-genius-app\/#breadcrumb\"},\"inLanguage\":\"ru-RU\",\"potentialAction\":[{\"@type\":\"ReadAction\",\"target\":[\"https:\/\/ecowise.lv\/product\/casa-genius-app\/\"]}]},{\"@type\":\"ImageObject\",\"inLanguage\":\"ru-RU\",\"@id\":\"https:\/\/ecowise.lv\/product\/casa-genius-app\/#primaryimage\",\"url\":\"https:\/\/ecowise.lv\/wp-content\/uploads\/2024\/01\/CardImage-1-3.png\",\"contentUrl\":\"https:\/\/ecowise.lv\/wp-content\/uploads\/2024\/01\/CardImage-1-3.png\",\"width\":600,\"height\":451},{\"@type\":\"BreadcrumbList\",\"@id\":\"https:\/\/ecowise.lv\/product\/casa-genius-app\/#breadcrumb\",\"itemListElement\":[{\"@type\":\"ListItem\",\"position\":1,\"name\":\"Products\",\"item\":\"https:\/\/ecowise.lv\/shop\/\"},{\"@type\":\"ListItem\",\"position\":2,\"name\":\"CASA Genius App\"}]},{\"@type\":\"WebSite\",\"@id\":\"https:\/\/ecowise.lv\/#website\",\"url\":\"https:\/\/ecowise.lv\/\",\"name\":\"Ecowise\",\"description\":\"Ener\u0123ijas pat\u0113ri\u0146a samazin\u0101jums\",\"publisher\":{\"@id\":\"https:\/\/ecowise.lv\/#organization\"},\"potentialAction\":[{\"@type\":\"SearchAction\",\"target\":{\"@type\":\"EntryPoint\",\"urlTemplate\":\"https:\/\/ecowise.lv\/?s={search_term_string}\"},\"query-input\":{\"@type\":\"PropertyValueSpecification\",\"valueRequired\":true,\"valueName\":\"search_term_string\"}}],\"inLanguage\":\"ru-RU\"},{\"@type\":\"Organization\",\"@id\":\"https:\/\/ecowise.lv\/#organization\",\"name\":\"Ecowise\",\"url\":\"https:\/\/ecowise.lv\/\",\"logo\":{\"@type\":\"ImageObject\",\"inLanguage\":\"ru-RU\",\"@id\":\"https:\/\/ecowise.lv\/#\/schema\/logo\/image\/\",\"url\":\"https:\/\/ecowise.lv\/wp-content\/uploads\/2023\/03\/logo.svg\",\"contentUrl\":\"https:\/\/ecowise.lv\/wp-content\/uploads\/2023\/03\/logo.svg\",\"width\":207,\"height\":27,\"caption\":\"Ecowise\"},\"image\":{\"@id\":\"https:\/\/ecowise.lv\/#\/schema\/logo\/image\/\"}}]}<\/script>\n<!-- \/ Yoast SEO plugin. -->","yoast_head_json":{"title":"CASA Genius App - Ecowise","robots":{"index":"index","follow":"follow","max-snippet":"max-snippet:-1","max-image-preview":"max-image-preview:large","max-video-preview":"max-video-preview:-1"},"canonical":"https:\/\/ecowise.lv\/ru\/product\/casa-genius-app\/","og_locale":"ru_RU","og_type":"article","og_title":"CASA Genius App - Ecowise","og_description":"CASA Genius lietotne","og_url":"https:\/\/ecowise.lv\/ru\/product\/casa-genius-app\/","og_site_name":"Ecowise","article_modified_time":"2024-01-02T13:01:43+00:00","og_image":[{"width":600,"height":451,"url":"https:\/\/ecowise.lv\/wp-content\/uploads\/2024\/01\/CardImage-1-3.png","type":"image\/png"}],"twitter_card":"summary_large_image","twitter_misc":{"\u041f\u0440\u0438\u043c\u0435\u0440\u043d\u043e\u0435 \u0432\u0440\u0435\u043c\u044f \u0434\u043b\u044f \u0447\u0442\u0435\u043d\u0438\u044f":"1 \u043c\u0438\u043d\u0443\u0442\u0430"},"schema":{"@context":"https:\/\/schema.org","@graph":[{"@type":"WebPage","@id":"https:\/\/ecowise.lv\/product\/casa-genius-app\/","url":"https:\/\/ecowise.lv\/product\/casa-genius-app\/","name":"CASA Genius App - Ecowise","isPartOf":{"@id":"https:\/\/ecowise.lv\/#website"},"primaryImageOfPage":{"@id":"https:\/\/ecowise.lv\/product\/casa-genius-app\/#primaryimage"},"image":{"@id":"https:\/\/ecowise.lv\/product\/casa-genius-app\/#primaryimage"},"thumbnailUrl":"https:\/\/ecowise.lv\/wp-content\/uploads\/2024\/01\/CardImage-1-3.png","datePublished":"2024-01-02T12:56:25+00:00","dateModified":"2024-01-02T13:01:43+00:00","breadcrumb":{"@id":"https:\/\/ecowise.lv\/product\/casa-genius-app\/#breadcrumb"},"inLanguage":"ru-RU","potentialAction":[{"@type":"ReadAction","target":["https:\/\/ecowise.lv\/product\/casa-genius-app\/"]}]},{"@type":"ImageObject","inLanguage":"ru-RU","@id":"https:\/\/ecowise.lv\/product\/casa-genius-app\/#primaryimage","url":"https:\/\/ecowise.lv\/wp-content\/uploads\/2024\/01\/CardImage-1-3.png","contentUrl":"https:\/\/ecowise.lv\/wp-content\/uploads\/2024\/01\/CardImage-1-3.png","width":600,"height":451},{"@type":"BreadcrumbList","@id":"https:\/\/ecowise.lv\/product\/casa-genius-app\/#breadcrumb","itemListElement":[{"@type":"ListItem","position":1,"name":"Products","item":"https:\/\/ecowise.lv\/shop\/"},{"@type":"ListItem","position":2,"name":"CASA Genius App"}]},{"@type":"WebSite","@id":"https:\/\/ecowise.lv\/#website","url":"https:\/\/ecowise.lv\/","name":"Ecowise","description":"Ener\u0123ijas pat\u0113ri\u0146a samazin\u0101jums","publisher":{"@id":"https:\/\/ecowise.lv\/#organization"},"potentialAction":[{"@type":"SearchAction","target":{"@type":"EntryPoint","urlTemplate":"https:\/\/ecowise.lv\/?s={search_term_string}"},"query-input":{"@type":"PropertyValueSpecification","valueRequired":true,"valueName":"search_term_string"}}],"inLanguage":"ru-RU"},{"@type":"Organization","@id":"https:\/\/ecowise.lv\/#organization","name":"Ecowise","url":"https:\/\/ecowise.lv\/","logo":{"@type":"ImageObject","inLanguage":"ru-RU","@id":"https:\/\/ecowise.lv\/#\/schema\/logo\/image\/","url":"https:\/\/ecowise.lv\/wp-content\/uploads\/2023\/03\/logo.svg","contentUrl":"https:\/\/ecowise.lv\/wp-content\/uploads\/2023\/03\/logo.svg","width":207,"height":27,"caption":"Ecowise"},"image":{"@id":"https:\/\/ecowise.lv\/#\/schema\/logo\/image\/"}}]}},"_links":{"self":[{"href":"https:\/\/ecowise.lv\/ru\/wp-json\/wp\/v2\/product\/5853","targetHints":{"allow":["GET"]}}],"collection":[{"href":"https:\/\/ecowise.lv\/ru\/wp-json\/wp\/v2\/product"}],"about":[{"href":"https:\/\/ecowise.lv\/ru\/wp-json\/wp\/v2\/types\/product"}],"wp:featuredmedia":[{"embeddable":true,"href":"https:\/\/ecowise.lv\/ru\/wp-json\/wp\/v2\/media\/5854"}],"wp:attachment":[{"href":"https:\/\/ecowise.lv\/ru\/wp-json\/wp\/v2\/media?parent=5853"}],"wp:term":[{"taxonomy":"product_brand","embeddable":true,"href":"https:\/\/ecowise.lv\/ru\/wp-json\/wp\/v2\/product_brand?post=5853"},{"taxonomy":"product_cat","embeddable":true,"href":"https:\/\/ecowise.lv\/ru\/wp-json\/wp\/v2\/product_cat?post=5853"},{"taxonomy":"product_tag","embeddable":true,"href":"https:\/\/ecowise.lv\/ru\/wp-json\/wp\/v2\/product_tag?post=5853"}],"curies":[{"name":"wp","href":"https:\/\/api.w.org\/{rel}","templated":true}]}}