{"id":5060,"date":"2023-10-24T13:38:34","date_gmt":"2023-10-24T10:38:34","guid":{"rendered":"https:\/\/ecowise.lv\/?post_type=product&#038;p=5060"},"modified":"2024-01-05T15:20:14","modified_gmt":"2024-01-05T13:20:14","slug":"react-als-2","status":"publish","type":"product","link":"https:\/\/ecowise.lv\/ru\/product\/react-als-2\/","title":{"rendered":"REACT ALS"},"content":{"rendered":"<h3>\u0420\u0435\u0434\u0443\u043a\u0446\u0438\u043e\u043d\u043d\u044b\u0439 \u044f\u0449\u0438\u043a \u0434\u043b\u044f \u0434\u0438\u0444\u0444\u0443\u0437\u043e\u0440\u043e\u0432 \u0441 \u0440\u0435\u0433\u0443\u043b\u0438\u0440\u043e\u0432\u043a\u043e\u0439 \u043f\u0435\u0440\u0435\u043c\u0435\u043d\u043d\u043e\u0433\u043e \u043f\u043e\u0442\u043e\u043a\u0430 \u0432\u043e\u0437\u0434\u0443\u0445\u0430.<\/h3>\n<ul>\n<li>\u0420\u0435\u0433\u0443\u043b\u0438\u0440\u043e\u0432\u043a\u0430 \u043f\u0435\u0440\u0435\u043c\u0435\u043d\u043d\u043e\u0433\u043e \u0438\u043b\u0438 \u043f\u043e\u0441\u0442\u043e\u044f\u043d\u043d\u043e\u0433\u043e \u043f\u043e\u0442\u043e\u043a\u0430 \u0434\u043b\u044f \u043f\u043e\u0434\u0430\u0447\u0438 \u0432\u043e\u0437\u0434\u0443\u0445\u0430<\/li>\n<li>\u041c\u043e\u0436\u043d\u043e \u0443\u0441\u0442\u0430\u043d\u0430\u0432\u043b\u0438\u0432\u0430\u0442\u044c \u043d\u0435\u043f\u043e\u0441\u0440\u0435\u0434\u0441\u0442\u0432\u0435\u043d\u043d\u043e \u0443 \u0438\u0437\u0433\u0438\u0431\u043e\u0432 \u0438 \u043f\u0435\u0440\u0435\u0445\u043e\u0434\u043e\u0432\/\u0441\u0443\u0436\u0435\u043d\u0438\u0439 \u043a\u0430\u043d\u0430\u043b\u043e\u0432<\/li>\n<li>\u0411\u044b\u0441\u0442\u0440\u044b\u0439 \u0434\u043e\u0441\u0442\u0443\u043f \u043a \u043f\u043e\u043a\u0430\u0437\u0430\u043d\u0438\u044f\u043c \u0447\u0435\u0440\u0435\u0437 \u0434\u0438\u0441\u043f\u043b\u0435\u0439 \u043a\u043e\u043d\u0442\u0440\u043e\u043b\u043b\u0435\u0440\u0430<\/li>\n<li>\u0411\u044b\u0441\u0442\u0440\u0430\u044f \u043d\u0430\u0441\u0442\u0440\u043e\u0439\u043a\u0430 \u043f\u0430\u0440\u0430\u043c\u0435\u0442\u0440\u043e\u0432<\/li>\n<li>\u0410\u043d\u0430\u043b\u043e\u0433\u043e\u0432\u044b\u0435 \u0443\u043f\u0440\u0430\u0432\u043b\u044f\u044e\u0449\u0438\u0435 \u0443\u0441\u0442\u0440\u043e\u0439\u0441\u0442\u0432\u0430 \u0438 \u0443\u043f\u0440\u0430\u0432\u043b\u0435\u043d\u0438\u0435 Modbus<\/li>\n<li>\u041c\u043e\u0436\u0435\u0442 \u0438\u0441\u043f\u043e\u043b\u044c\u0437\u043e\u0432\u0430\u0442\u044c\u0441\u044f \u0441 \u0432\u043e\u0437\u0434\u0443\u0448\u043d\u044b\u043c\u0438 \u0434\u0438\u0444\u0444\u0443\u0437\u043e\u0440\u0430\u043c\u0438 COLIBRI Ceiling VF, KITE Ceiling \u0438\u043b\u0438 LOCKZONE Ceiling VF<\/li>\n<li>\u041f\u043e\u0434\u043a\u043b\u044e\u0447\u0435\u043d\u0438\u044f: \u00d8160 \u0438\u043b\u0438 \u00d8250<\/li>\n<\/ul>","protected":false},"excerpt":{"rendered":"<h4>\u0420\u0435\u0434\u0443\u043a\u0446\u0438\u043e\u043d\u043d\u044b\u0439 \u044f\u0449\u0438\u043a \u0434\u043b\u044f \u0434\u0438\u0444\u0444\u0443\u0437\u043e\u0440\u043e\u0432 \u0441 \u0440\u0435\u0433\u0443\u043b\u0438\u0440\u043e\u0432\u043a\u043e\u0439 \u043f\u0435\u0440\u0435\u043c\u0435\u043d\u043d\u043e\u0433\u043e \u043f\u043e\u0442\u043e\u043a\u0430 \u0432\u043e\u0437\u0434\u0443\u0445\u0430.<\/h4>","protected":false},"featured_media":5061,"template":"","meta":{"_acf_changed":false,"inline_featured_image":false,"_links_to":"","_links_to_target":""},"product_brand":[],"product_cat":[97],"product_tag":[],"class_list":{"0":"post-5060","1":"product","2":"type-product","3":"status-publish","4":"has-post-thumbnail","6":"product_cat-redukcijas-karbas","8":"first","9":"instock","10":"shipping-taxable","11":"product-type-simple"},"acf":[],"yoast_head":"<!-- This site is optimized with the Yoast SEO plugin v27.0 - https:\/\/yoast.com\/product\/yoast-seo-wordpress\/ -->\n<title>REACT ALS - Ecowise<\/title>\n<meta name=\"robots\" content=\"index, follow, max-snippet:-1, max-image-preview:large, max-video-preview:-1\" \/>\n<link rel=\"canonical\" href=\"https:\/\/ecowise.lv\/ru\/product\/react-als-2\/\" \/>\n<meta property=\"og:locale\" content=\"ru_RU\" \/>\n<meta property=\"og:type\" content=\"article\" \/>\n<meta property=\"og:title\" content=\"REACT ALS - Ecowise\" \/>\n<meta property=\"og:description\" content=\"Redukcijas k\u0101rba difuzoriem ar main\u012bgas gaisa pl\u016bsmas regul\u0113\u0161anu\" \/>\n<meta property=\"og:url\" content=\"https:\/\/ecowise.lv\/ru\/product\/react-als-2\/\" \/>\n<meta property=\"og:site_name\" content=\"Ecowise\" \/>\n<meta property=\"article:modified_time\" content=\"2024-01-05T13:20:14+00:00\" \/>\n<meta property=\"og:image\" content=\"https:\/\/ecowise.lv\/wp-content\/uploads\/2023\/10\/react_als_redukcijas_karba_ventilacija.png\" \/>\n\t<meta property=\"og:image:width\" content=\"600\" \/>\n\t<meta property=\"og:image:height\" content=\"451\" \/>\n\t<meta property=\"og:image:type\" content=\"image\/png\" \/>\n<meta name=\"twitter:card\" content=\"summary_large_image\" \/>\n<meta name=\"twitter:label1\" content=\"\u041f\u0440\u0438\u043c\u0435\u0440\u043d\u043e\u0435 \u0432\u0440\u0435\u043c\u044f \u0434\u043b\u044f \u0447\u0442\u0435\u043d\u0438\u044f\" \/>\n\t<meta name=\"twitter:data1\" content=\"1 \u043c\u0438\u043d\u0443\u0442\u0430\" \/>\n<script type=\"application\/ld+json\" class=\"yoast-schema-graph\">{\"@context\":\"https:\/\/schema.org\",\"@graph\":[{\"@type\":\"WebPage\",\"@id\":\"https:\/\/ecowise.lv\/product\/react-als-2\/\",\"url\":\"https:\/\/ecowise.lv\/product\/react-als-2\/\",\"name\":\"REACT ALS - Ecowise\",\"isPartOf\":{\"@id\":\"https:\/\/ecowise.lv\/#website\"},\"primaryImageOfPage\":{\"@id\":\"https:\/\/ecowise.lv\/product\/react-als-2\/#primaryimage\"},\"image\":{\"@id\":\"https:\/\/ecowise.lv\/product\/react-als-2\/#primaryimage\"},\"thumbnailUrl\":\"https:\/\/ecowise.lv\/wp-content\/uploads\/2023\/10\/react_als_redukcijas_karba_ventilacija.png\",\"datePublished\":\"2023-10-24T10:38:34+00:00\",\"dateModified\":\"2024-01-05T13:20:14+00:00\",\"breadcrumb\":{\"@id\":\"https:\/\/ecowise.lv\/product\/react-als-2\/#breadcrumb\"},\"inLanguage\":\"ru-RU\",\"potentialAction\":[{\"@type\":\"ReadAction\",\"target\":[\"https:\/\/ecowise.lv\/product\/react-als-2\/\"]}]},{\"@type\":\"ImageObject\",\"inLanguage\":\"ru-RU\",\"@id\":\"https:\/\/ecowise.lv\/product\/react-als-2\/#primaryimage\",\"url\":\"https:\/\/ecowise.lv\/wp-content\/uploads\/2023\/10\/react_als_redukcijas_karba_ventilacija.png\",\"contentUrl\":\"https:\/\/ecowise.lv\/wp-content\/uploads\/2023\/10\/react_als_redukcijas_karba_ventilacija.png\",\"width\":600,\"height\":451},{\"@type\":\"BreadcrumbList\",\"@id\":\"https:\/\/ecowise.lv\/product\/react-als-2\/#breadcrumb\",\"itemListElement\":[{\"@type\":\"ListItem\",\"position\":1,\"name\":\"Products\",\"item\":\"https:\/\/ecowise.lv\/shop\/\"},{\"@type\":\"ListItem\",\"position\":2,\"name\":\"REACT ALS\"}]},{\"@type\":\"WebSite\",\"@id\":\"https:\/\/ecowise.lv\/#website\",\"url\":\"https:\/\/ecowise.lv\/\",\"name\":\"Ecowise\",\"description\":\"Ener\u0123ijas pat\u0113ri\u0146a samazin\u0101jums\",\"publisher\":{\"@id\":\"https:\/\/ecowise.lv\/#organization\"},\"potentialAction\":[{\"@type\":\"SearchAction\",\"target\":{\"@type\":\"EntryPoint\",\"urlTemplate\":\"https:\/\/ecowise.lv\/?s={search_term_string}\"},\"query-input\":{\"@type\":\"PropertyValueSpecification\",\"valueRequired\":true,\"valueName\":\"search_term_string\"}}],\"inLanguage\":\"ru-RU\"},{\"@type\":\"Organization\",\"@id\":\"https:\/\/ecowise.lv\/#organization\",\"name\":\"Ecowise\",\"url\":\"https:\/\/ecowise.lv\/\",\"logo\":{\"@type\":\"ImageObject\",\"inLanguage\":\"ru-RU\",\"@id\":\"https:\/\/ecowise.lv\/#\/schema\/logo\/image\/\",\"url\":\"https:\/\/ecowise.lv\/wp-content\/uploads\/2023\/03\/logo.svg\",\"contentUrl\":\"https:\/\/ecowise.lv\/wp-content\/uploads\/2023\/03\/logo.svg\",\"width\":207,\"height\":27,\"caption\":\"Ecowise\"},\"image\":{\"@id\":\"https:\/\/ecowise.lv\/#\/schema\/logo\/image\/\"}}]}<\/script>\n<!-- \/ Yoast SEO plugin. -->","yoast_head_json":{"title":"REACT ALS - Ecowise","robots":{"index":"index","follow":"follow","max-snippet":"max-snippet:-1","max-image-preview":"max-image-preview:large","max-video-preview":"max-video-preview:-1"},"canonical":"https:\/\/ecowise.lv\/ru\/product\/react-als-2\/","og_locale":"ru_RU","og_type":"article","og_title":"REACT ALS - Ecowise","og_description":"Redukcijas k\u0101rba difuzoriem ar main\u012bgas gaisa pl\u016bsmas regul\u0113\u0161anu","og_url":"https:\/\/ecowise.lv\/ru\/product\/react-als-2\/","og_site_name":"Ecowise","article_modified_time":"2024-01-05T13:20:14+00:00","og_image":[{"width":600,"height":451,"url":"https:\/\/ecowise.lv\/wp-content\/uploads\/2023\/10\/react_als_redukcijas_karba_ventilacija.png","type":"image\/png"}],"twitter_card":"summary_large_image","twitter_misc":{"\u041f\u0440\u0438\u043c\u0435\u0440\u043d\u043e\u0435 \u0432\u0440\u0435\u043c\u044f \u0434\u043b\u044f \u0447\u0442\u0435\u043d\u0438\u044f":"1 \u043c\u0438\u043d\u0443\u0442\u0430"},"schema":{"@context":"https:\/\/schema.org","@graph":[{"@type":"WebPage","@id":"https:\/\/ecowise.lv\/product\/react-als-2\/","url":"https:\/\/ecowise.lv\/product\/react-als-2\/","name":"REACT ALS - Ecowise","isPartOf":{"@id":"https:\/\/ecowise.lv\/#website"},"primaryImageOfPage":{"@id":"https:\/\/ecowise.lv\/product\/react-als-2\/#primaryimage"},"image":{"@id":"https:\/\/ecowise.lv\/product\/react-als-2\/#primaryimage"},"thumbnailUrl":"https:\/\/ecowise.lv\/wp-content\/uploads\/2023\/10\/react_als_redukcijas_karba_ventilacija.png","datePublished":"2023-10-24T10:38:34+00:00","dateModified":"2024-01-05T13:20:14+00:00","breadcrumb":{"@id":"https:\/\/ecowise.lv\/product\/react-als-2\/#breadcrumb"},"inLanguage":"ru-RU","potentialAction":[{"@type":"ReadAction","target":["https:\/\/ecowise.lv\/product\/react-als-2\/"]}]},{"@type":"ImageObject","inLanguage":"ru-RU","@id":"https:\/\/ecowise.lv\/product\/react-als-2\/#primaryimage","url":"https:\/\/ecowise.lv\/wp-content\/uploads\/2023\/10\/react_als_redukcijas_karba_ventilacija.png","contentUrl":"https:\/\/ecowise.lv\/wp-content\/uploads\/2023\/10\/react_als_redukcijas_karba_ventilacija.png","width":600,"height":451},{"@type":"BreadcrumbList","@id":"https:\/\/ecowise.lv\/product\/react-als-2\/#breadcrumb","itemListElement":[{"@type":"ListItem","position":1,"name":"Products","item":"https:\/\/ecowise.lv\/shop\/"},{"@type":"ListItem","position":2,"name":"REACT ALS"}]},{"@type":"WebSite","@id":"https:\/\/ecowise.lv\/#website","url":"https:\/\/ecowise.lv\/","name":"Ecowise","description":"Ener\u0123ijas pat\u0113ri\u0146a samazin\u0101jums","publisher":{"@id":"https:\/\/ecowise.lv\/#organization"},"potentialAction":[{"@type":"SearchAction","target":{"@type":"EntryPoint","urlTemplate":"https:\/\/ecowise.lv\/?s={search_term_string}"},"query-input":{"@type":"PropertyValueSpecification","valueRequired":true,"valueName":"search_term_string"}}],"inLanguage":"ru-RU"},{"@type":"Organization","@id":"https:\/\/ecowise.lv\/#organization","name":"Ecowise","url":"https:\/\/ecowise.lv\/","logo":{"@type":"ImageObject","inLanguage":"ru-RU","@id":"https:\/\/ecowise.lv\/#\/schema\/logo\/image\/","url":"https:\/\/ecowise.lv\/wp-content\/uploads\/2023\/03\/logo.svg","contentUrl":"https:\/\/ecowise.lv\/wp-content\/uploads\/2023\/03\/logo.svg","width":207,"height":27,"caption":"Ecowise"},"image":{"@id":"https:\/\/ecowise.lv\/#\/schema\/logo\/image\/"}}]}},"_links":{"self":[{"href":"https:\/\/ecowise.lv\/ru\/wp-json\/wp\/v2\/product\/5060","targetHints":{"allow":["GET"]}}],"collection":[{"href":"https:\/\/ecowise.lv\/ru\/wp-json\/wp\/v2\/product"}],"about":[{"href":"https:\/\/ecowise.lv\/ru\/wp-json\/wp\/v2\/types\/product"}],"wp:featuredmedia":[{"embeddable":true,"href":"https:\/\/ecowise.lv\/ru\/wp-json\/wp\/v2\/media\/5061"}],"wp:attachment":[{"href":"https:\/\/ecowise.lv\/ru\/wp-json\/wp\/v2\/media?parent=5060"}],"wp:term":[{"taxonomy":"product_brand","embeddable":true,"href":"https:\/\/ecowise.lv\/ru\/wp-json\/wp\/v2\/product_brand?post=5060"},{"taxonomy":"product_cat","embeddable":true,"href":"https:\/\/ecowise.lv\/ru\/wp-json\/wp\/v2\/product_cat?post=5060"},{"taxonomy":"product_tag","embeddable":true,"href":"https:\/\/ecowise.lv\/ru\/wp-json\/wp\/v2\/product_tag?post=5060"}],"curies":[{"name":"wp","href":"https:\/\/api.w.org\/{rel}","templated":true}]}}