{"id":4881,"date":"2023-10-21T19:05:09","date_gmt":"2023-10-21T16:05:09","guid":{"rendered":"https:\/\/ecowise.lv\/?post_type=product&#038;p=4881"},"modified":"2023-10-21T19:05:09","modified_gmt":"2023-10-21T16:05:09","slug":"lento","status":"publish","type":"product","link":"https:\/\/ecowise.lv\/ru\/product\/lento\/","title":{"rendered":"LENTO"},"content":{"rendered":"<p>\u0423\u0433\u043b\u043e\u0432\u043e\u0439 \u0448\u0443\u043c\u043e\u0433\u043b\u0443\u0448\u0438\u0442\u0435\u043b\u044c \u0434\u043b\u044f \u043f\u0440\u044f\u043c\u043e\u0443\u0433\u043e\u043b\u044c\u043d\u044b\u0445 \u043a\u0430\u043d\u0430\u043b\u043e\u0432<\/p>\n<ul>\n<li>\u041e\u0447\u0435\u043d\u044c \u043a\u043e\u043c\u043f\u0430\u043a\u0442\u043d\u044b\u0439 \u043f\u0440\u044f\u043c\u043e\u0443\u0433\u043e\u043b\u044c\u043d\u044b\u0439 \u0448\u0443\u043c\u043e\u0433\u043b\u0443\u0448\u0438\u0442\u0435\u043b\u044c<\/li>\n<li>\u041e\u0442\u043b\u0438\u0447\u043d\u044b\u0435 \u0430\u044d\u0440\u043e\u0434\u0438\u043d\u0430\u043c\u0438\u0447\u0435\u0441\u043a\u0438\u0435 \u0445\u0430\u0440\u0430\u043a\u0442\u0435\u0440\u0438\u0441\u0442\u0438\u043a\u0438<\/li>\n<li>\u041e\u0447\u0435\u043d\u044c \u043d\u0438\u0437\u043a\u043e\u0435 \u043f\u0430\u0434\u0435\u043d\u0438\u0435 \u0434\u0430\u0432\u043b\u0435\u043d\u0438\u044f \u2013 \u0440\u0430\u0437\u0434\u0435\u043b\u0438\u0442\u0435\u043b\u0438 \u0440\u0430\u0431\u043e\u0442\u0430\u044e\u0442 \u043a\u0430\u043a \u043d\u0430\u043f\u0440\u0430\u0432\u043b\u044f\u044e\u0449\u0438\u0435 \u043b\u043e\u043f\u0430\u0441\u0442\u0438<\/li>\n<li>\u042d\u043a\u043e\u043b\u043e\u0433\u0438\u0447\u0435\u0441\u043a\u0438 \u0447\u0438\u0441\u0442\u044b\u0439 \u0430\u043a\u0443\u0441\u0442\u0438\u0447\u0435\u0441\u043a\u0438\u0439 \u043c\u0430\u0442\u0435\u0440\u0438\u0430\u043b, \u0441\u0435\u0440\u0442\u0438\u0444\u0438\u0446\u0438\u0440\u043e\u0432\u0430\u043d\u043d\u044b\u0439 \u043d\u0435\u0437\u0430\u0432\u0438\u0441\u0438\u043c\u044b\u043c \u0438\u0441\u043f\u044b\u0442\u0430\u0442\u0435\u043b\u044c\u043d\u044b\u043c \u0438\u043d\u0441\u0442\u0438\u0442\u0443\u0442\u043e\u043c: ISOVER Cleantec PLUS<\/li>\n<li>\u041c\u043e\u044e\u0449\u0438\u0439\u0441\u044f \u0441\u043b\u043e\u0439 \u043f\u043e\u0432\u0435\u0440\u0445\u043d\u043e\u0441\u0442\u0438 ISOVER Cleantec PLUS.<\/li>\n<li>\u041c\u043e\u0436\u0435\u0442 \u043f\u043e\u0441\u0442\u0430\u0432\u043b\u044f\u0442\u044c\u0441\u044f \u0441 \u043e\u0447\u0438\u0441\u0442\u043d\u044b\u043c \u043b\u044e\u043a\u043e\u043c<\/li>\n<li>\u0422\u0430\u043a\u0436\u0435 \u0434\u043e\u0441\u0442\u0443\u043f\u043d\u0430 \u043e\u0433\u043d\u0435\u0441\u0442\u043e\u0439\u043a\u0430\u044f \u0432\u0435\u0440\u0441\u0438\u044f \u0441 50 \u043c\u043c \u043c\u0438\u043d\u0435\u0440\u0430\u043b\u044c\u043d\u043e\u0439 \u0432\u0430\u0442\u043e\u0439<\/li>\n<li>\u0420\u0430\u0437\u043c\u0435\u0440\u044b \u0441\u043e\u0435\u0434\u0438\u043d\u0435\u043d\u0438\u044f \u043e\u0442 400\u00d7300 \u043c\u043c \u0434\u043e 2000\u00d72000 \u043c\u043c<\/li>\n<li>\u0414\u043e\u0441\u0442\u0443\u043f\u0435\u043d \u0441 \u0444\u043b\u0430\u043d\u0446\u0435\u0432\u044b\u043c\u0438 \u0441\u043e\u0435\u0434\u0438\u043d\u0435\u043d\u0438\u044f\u043c\u0438<\/li>\n<li>\u041c\u043e\u0436\u0435\u0442 \u043f\u043e\u0441\u0442\u0430\u0432\u043b\u044f\u0442\u044c\u0441\u044f \u0432 \u043a\u043e\u043c\u043f\u043b\u0435\u043a\u0442\u0435<\/li>\n<li>\u0421\u0442\u0430\u043d\u0434\u0430\u0440\u0442 \u043e\u0446\u0438\u043d\u043a\u043e\u0432\u0430\u043d\u043d\u043e\u0439 \u043b\u0438\u0441\u0442\u043e\u0432\u043e\u0439 \u0441\u0442\u0430\u043b\u0438 \u0434\u043b\u044f \u043a\u043e\u0440\u0440\u043e\u0437\u0438\u043e\u043d\u043d\u043e\u0433\u043e \u043a\u043b\u0430\u0441\u0441\u0430 C3<\/li>\n<li>\u0412\u043a\u043b\u044e\u0447\u0435\u043d \u0432 \u0431\u0430\u0437\u0443 \u0434\u0430\u043d\u043d\u044b\u0445 MagiCAD<\/li>\n<\/ul>\n<p>LENTO, \u0431\u043b\u0430\u0433\u043e\u0434\u0430\u0440\u044f \u0441\u0432\u043e\u0435\u043c\u0443 \u0443\u043d\u0438\u043a\u0430\u043b\u044c\u043d\u043e\u043c\u0443 \u0434\u0438\u0437\u0430\u0439\u043d\u0443 \u0441 \u0441\u043e\u0435\u0434\u0438\u043d\u0435\u043d\u0438\u0435\u043c, \u043e\u0431\u0440\u0430\u0449\u0435\u043d\u043d\u044b\u043c \u043a \u0431\u043e\u043a\u043e\u0432\u044b\u043c \u0440\u0430\u0437\u0434\u0435\u043b\u0438\u0442\u0435\u043b\u044f\u043c, \u043f\u043e\u0434\u0445\u043e\u0434\u0438\u0442 \u0434\u043b\u044f \u0438\u0441\u043f\u043e\u043b\u044c\u0437\u043e\u0432\u0430\u043d\u0438\u044f \u043a\u0430\u043a \u0432 \u043a\u0430\u043d\u0430\u043b\u0430\u0445, \u0442\u0430\u043a \u0438 \u0434\u043b\u044f \u043f\u0440\u044f\u043c\u043e\u0433\u043e \u043f\u043e\u0434\u043a\u043b\u044e\u0447\u0435\u043d\u0438\u044f \u043a \u0432\u043e\u0437\u0434\u0443\u0445\u043e\u043e\u0431\u0440\u0430\u0431\u0430\u0442\u044b\u0432\u0430\u044e\u0449\u0435\u043c\u0443 \u0443\u0441\u0442\u0440\u043e\u0439\u0441\u0442\u0432\u0443.<\/p>\n<p>&nbsp;<\/p>\n<p><strong>\u0422\u0435\u0445\u043d\u0438\u0447\u0435\u0441\u043a\u0438\u0435 \u0434\u0430\u043d\u043d\u044b\u0435<\/strong><\/p>\n<table>\n<tbody>\n<tr>\n<td class=\"bold v-align-bottom h-align-center\" colspan=\"5\">LENTO \u2013 \u0421\u0442\u0430\u043d\u0434\u0430\u0440\u0442\u043d\u044b\u0439 \u0434\u0438\u0430\u043f\u0430\u0437\u043e\u043d<\/td>\n<\/tr>\n<tr>\n<td class=\"v-align-bottom h-align-center\" colspan=\"3\">\u0420\u0430\u0437\u043c\u0435\u0440\u044b (\u043c\u043c)<\/td>\n<td class=\"v-align-bottom h-align-center\">\u0420\u0430\u0431\u043e\u0447\u0438\u0439 \u0434\u0438\u0430\u043f\u0430\u0437\u043e\u043d<\/td>\n<td class=\"v-align-bottom h-align-center\">\u0417\u0432\u0443\u043a\u043e\u043f\u043e\u0433\u043b\u043e\u0449\u0435\u043d\u0438\u0435<\/td>\n<\/tr>\n<tr>\n<td class=\"v-align-bottom h-align-center\">M<\/td>\n<td class=\"v-align-bottom h-align-center\">A<\/td>\n<td class=\"v-align-bottom h-align-center\">I+U<\/td>\n<td class=\"v-align-top h-align-center\">\u043c\u00b3\/\u0441<\/td>\n<td class=\"v-align-top h-align-center\">dB(A)<\/td>\n<\/tr>\n<tr>\n<td class=\"v-align-bottom h-align-center\">400-2000<\/td>\n<td class=\"v-align-bottom h-align-center\">300-2000<\/td>\n<td class=\"v-align-bottom h-align-center\">300-900<\/td>\n<td class=\"v-align-bottom h-align-center\">0-17<\/td>\n<td class=\"v-align-bottom h-align-center\">20-40<\/td>\n<\/tr>\n<\/tbody>\n<\/table>","protected":false},"excerpt":{"rendered":"<h4>\u0423\u0433\u043b\u043e\u0432\u043e\u0439 \u0448\u0443\u043c\u043e\u0433\u043b\u0443\u0448\u0438\u0442\u0435\u043b\u044c \u0434\u043b\u044f \u043f\u0440\u044f\u043c\u043e\u0443\u0433\u043e\u043b\u044c\u043d\u044b\u0445 \u043a\u0430\u043d\u0430\u043b\u043e\u0432<\/h4>","protected":false},"featured_media":4882,"template":"","meta":{"_acf_changed":false,"inline_featured_image":false,"_links_to":"","_links_to_target":""},"product_brand":[],"product_cat":[73],"product_tag":[],"class_list":{"0":"post-4881","1":"product","2":"type-product","3":"status-publish","4":"has-post-thumbnail","6":"product_cat-troksnu-slapetaji-2","8":"first","9":"instock","10":"shipping-taxable","11":"product-type-simple"},"acf":[],"yoast_head":"<!-- This site is optimized with the Yoast SEO plugin v27.0 - https:\/\/yoast.com\/product\/yoast-seo-wordpress\/ -->\n<title>LENTO - Ecowise<\/title>\n<meta name=\"robots\" content=\"index, follow, max-snippet:-1, max-image-preview:large, max-video-preview:-1\" \/>\n<link rel=\"canonical\" href=\"https:\/\/ecowise.lv\/ru\/product\/lento\/\" \/>\n<meta property=\"og:locale\" content=\"ru_RU\" \/>\n<meta property=\"og:type\" content=\"article\" \/>\n<meta property=\"og:title\" content=\"LENTO - Ecowise\" \/>\n<meta property=\"og:description\" content=\"Le\u0146\u0137a trok\u0161\u0146u sl\u0101p\u0113t\u0101js taisnst\u016brveida kan\u0101liem\" \/>\n<meta property=\"og:url\" content=\"https:\/\/ecowise.lv\/ru\/product\/lento\/\" \/>\n<meta property=\"og:site_name\" content=\"Ecowise\" \/>\n<meta property=\"og:image\" content=\"https:\/\/ecowise.lv\/wp-content\/uploads\/2023\/10\/lento_akustika_ventilacija.png\" \/>\n\t<meta property=\"og:image:width\" content=\"600\" \/>\n\t<meta property=\"og:image:height\" content=\"450\" \/>\n\t<meta property=\"og:image:type\" content=\"image\/png\" \/>\n<meta name=\"twitter:card\" content=\"summary_large_image\" \/>\n<meta name=\"twitter:label1\" content=\"\u041f\u0440\u0438\u043c\u0435\u0440\u043d\u043e\u0435 \u0432\u0440\u0435\u043c\u044f \u0434\u043b\u044f \u0447\u0442\u0435\u043d\u0438\u044f\" \/>\n\t<meta name=\"twitter:data1\" content=\"1 \u043c\u0438\u043d\u0443\u0442\u0430\" \/>\n<script type=\"application\/ld+json\" class=\"yoast-schema-graph\">{\"@context\":\"https:\/\/schema.org\",\"@graph\":[{\"@type\":\"WebPage\",\"@id\":\"https:\/\/ecowise.lv\/product\/lento\/\",\"url\":\"https:\/\/ecowise.lv\/product\/lento\/\",\"name\":\"LENTO - Ecowise\",\"isPartOf\":{\"@id\":\"https:\/\/ecowise.lv\/#website\"},\"primaryImageOfPage\":{\"@id\":\"https:\/\/ecowise.lv\/product\/lento\/#primaryimage\"},\"image\":{\"@id\":\"https:\/\/ecowise.lv\/product\/lento\/#primaryimage\"},\"thumbnailUrl\":\"https:\/\/ecowise.lv\/wp-content\/uploads\/2023\/10\/lento_akustika_ventilacija.png\",\"datePublished\":\"2023-10-21T16:05:09+00:00\",\"breadcrumb\":{\"@id\":\"https:\/\/ecowise.lv\/product\/lento\/#breadcrumb\"},\"inLanguage\":\"ru-RU\",\"potentialAction\":[{\"@type\":\"ReadAction\",\"target\":[\"https:\/\/ecowise.lv\/product\/lento\/\"]}]},{\"@type\":\"ImageObject\",\"inLanguage\":\"ru-RU\",\"@id\":\"https:\/\/ecowise.lv\/product\/lento\/#primaryimage\",\"url\":\"https:\/\/ecowise.lv\/wp-content\/uploads\/2023\/10\/lento_akustika_ventilacija.png\",\"contentUrl\":\"https:\/\/ecowise.lv\/wp-content\/uploads\/2023\/10\/lento_akustika_ventilacija.png\",\"width\":600,\"height\":450},{\"@type\":\"BreadcrumbList\",\"@id\":\"https:\/\/ecowise.lv\/product\/lento\/#breadcrumb\",\"itemListElement\":[{\"@type\":\"ListItem\",\"position\":1,\"name\":\"Products\",\"item\":\"https:\/\/ecowise.lv\/shop\/\"},{\"@type\":\"ListItem\",\"position\":2,\"name\":\"LENTO\"}]},{\"@type\":\"WebSite\",\"@id\":\"https:\/\/ecowise.lv\/#website\",\"url\":\"https:\/\/ecowise.lv\/\",\"name\":\"Ecowise\",\"description\":\"Ener\u0123ijas pat\u0113ri\u0146a samazin\u0101jums\",\"publisher\":{\"@id\":\"https:\/\/ecowise.lv\/#organization\"},\"potentialAction\":[{\"@type\":\"SearchAction\",\"target\":{\"@type\":\"EntryPoint\",\"urlTemplate\":\"https:\/\/ecowise.lv\/?s={search_term_string}\"},\"query-input\":{\"@type\":\"PropertyValueSpecification\",\"valueRequired\":true,\"valueName\":\"search_term_string\"}}],\"inLanguage\":\"ru-RU\"},{\"@type\":\"Organization\",\"@id\":\"https:\/\/ecowise.lv\/#organization\",\"name\":\"Ecowise\",\"url\":\"https:\/\/ecowise.lv\/\",\"logo\":{\"@type\":\"ImageObject\",\"inLanguage\":\"ru-RU\",\"@id\":\"https:\/\/ecowise.lv\/#\/schema\/logo\/image\/\",\"url\":\"https:\/\/ecowise.lv\/wp-content\/uploads\/2023\/03\/logo.svg\",\"contentUrl\":\"https:\/\/ecowise.lv\/wp-content\/uploads\/2023\/03\/logo.svg\",\"width\":207,\"height\":27,\"caption\":\"Ecowise\"},\"image\":{\"@id\":\"https:\/\/ecowise.lv\/#\/schema\/logo\/image\/\"}}]}<\/script>\n<!-- \/ Yoast SEO plugin. -->","yoast_head_json":{"title":"LENTO - Ecowise","robots":{"index":"index","follow":"follow","max-snippet":"max-snippet:-1","max-image-preview":"max-image-preview:large","max-video-preview":"max-video-preview:-1"},"canonical":"https:\/\/ecowise.lv\/ru\/product\/lento\/","og_locale":"ru_RU","og_type":"article","og_title":"LENTO - Ecowise","og_description":"Le\u0146\u0137a trok\u0161\u0146u sl\u0101p\u0113t\u0101js taisnst\u016brveida kan\u0101liem","og_url":"https:\/\/ecowise.lv\/ru\/product\/lento\/","og_site_name":"Ecowise","og_image":[{"width":600,"height":450,"url":"https:\/\/ecowise.lv\/wp-content\/uploads\/2023\/10\/lento_akustika_ventilacija.png","type":"image\/png"}],"twitter_card":"summary_large_image","twitter_misc":{"\u041f\u0440\u0438\u043c\u0435\u0440\u043d\u043e\u0435 \u0432\u0440\u0435\u043c\u044f \u0434\u043b\u044f \u0447\u0442\u0435\u043d\u0438\u044f":"1 \u043c\u0438\u043d\u0443\u0442\u0430"},"schema":{"@context":"https:\/\/schema.org","@graph":[{"@type":"WebPage","@id":"https:\/\/ecowise.lv\/product\/lento\/","url":"https:\/\/ecowise.lv\/product\/lento\/","name":"LENTO - Ecowise","isPartOf":{"@id":"https:\/\/ecowise.lv\/#website"},"primaryImageOfPage":{"@id":"https:\/\/ecowise.lv\/product\/lento\/#primaryimage"},"image":{"@id":"https:\/\/ecowise.lv\/product\/lento\/#primaryimage"},"thumbnailUrl":"https:\/\/ecowise.lv\/wp-content\/uploads\/2023\/10\/lento_akustika_ventilacija.png","datePublished":"2023-10-21T16:05:09+00:00","breadcrumb":{"@id":"https:\/\/ecowise.lv\/product\/lento\/#breadcrumb"},"inLanguage":"ru-RU","potentialAction":[{"@type":"ReadAction","target":["https:\/\/ecowise.lv\/product\/lento\/"]}]},{"@type":"ImageObject","inLanguage":"ru-RU","@id":"https:\/\/ecowise.lv\/product\/lento\/#primaryimage","url":"https:\/\/ecowise.lv\/wp-content\/uploads\/2023\/10\/lento_akustika_ventilacija.png","contentUrl":"https:\/\/ecowise.lv\/wp-content\/uploads\/2023\/10\/lento_akustika_ventilacija.png","width":600,"height":450},{"@type":"BreadcrumbList","@id":"https:\/\/ecowise.lv\/product\/lento\/#breadcrumb","itemListElement":[{"@type":"ListItem","position":1,"name":"Products","item":"https:\/\/ecowise.lv\/shop\/"},{"@type":"ListItem","position":2,"name":"LENTO"}]},{"@type":"WebSite","@id":"https:\/\/ecowise.lv\/#website","url":"https:\/\/ecowise.lv\/","name":"Ecowise","description":"Ener\u0123ijas pat\u0113ri\u0146a samazin\u0101jums","publisher":{"@id":"https:\/\/ecowise.lv\/#organization"},"potentialAction":[{"@type":"SearchAction","target":{"@type":"EntryPoint","urlTemplate":"https:\/\/ecowise.lv\/?s={search_term_string}"},"query-input":{"@type":"PropertyValueSpecification","valueRequired":true,"valueName":"search_term_string"}}],"inLanguage":"ru-RU"},{"@type":"Organization","@id":"https:\/\/ecowise.lv\/#organization","name":"Ecowise","url":"https:\/\/ecowise.lv\/","logo":{"@type":"ImageObject","inLanguage":"ru-RU","@id":"https:\/\/ecowise.lv\/#\/schema\/logo\/image\/","url":"https:\/\/ecowise.lv\/wp-content\/uploads\/2023\/03\/logo.svg","contentUrl":"https:\/\/ecowise.lv\/wp-content\/uploads\/2023\/03\/logo.svg","width":207,"height":27,"caption":"Ecowise"},"image":{"@id":"https:\/\/ecowise.lv\/#\/schema\/logo\/image\/"}}]}},"_links":{"self":[{"href":"https:\/\/ecowise.lv\/ru\/wp-json\/wp\/v2\/product\/4881","targetHints":{"allow":["GET"]}}],"collection":[{"href":"https:\/\/ecowise.lv\/ru\/wp-json\/wp\/v2\/product"}],"about":[{"href":"https:\/\/ecowise.lv\/ru\/wp-json\/wp\/v2\/types\/product"}],"wp:featuredmedia":[{"embeddable":true,"href":"https:\/\/ecowise.lv\/ru\/wp-json\/wp\/v2\/media\/4882"}],"wp:attachment":[{"href":"https:\/\/ecowise.lv\/ru\/wp-json\/wp\/v2\/media?parent=4881"}],"wp:term":[{"taxonomy":"product_brand","embeddable":true,"href":"https:\/\/ecowise.lv\/ru\/wp-json\/wp\/v2\/product_brand?post=4881"},{"taxonomy":"product_cat","embeddable":true,"href":"https:\/\/ecowise.lv\/ru\/wp-json\/wp\/v2\/product_cat?post=4881"},{"taxonomy":"product_tag","embeddable":true,"href":"https:\/\/ecowise.lv\/ru\/wp-json\/wp\/v2\/product_tag?post=4881"}],"curies":[{"name":"wp","href":"https:\/\/api.w.org\/{rel}","templated":true}]}}