{"id":3585,"date":"2023-09-29T20:09:29","date_gmt":"2023-09-29T17:09:29","guid":{"rendered":"https:\/\/ecowise.lv\/?post_type=product&#038;p=3585"},"modified":"2023-09-29T20:24:42","modified_gmt":"2023-09-29T17:24:42","slug":"beta-rev","status":"publish","type":"product","link":"https:\/\/ecowise.lv\/ru\/product\/beta-rev\/","title":{"rendered":"Beta REV"},"content":{"rendered":"<p id=\"tw-target-text\" class=\"tw-data-text tw-text-large tw-ta\" dir=\"ltr\" data-placeholder=\"Translation\"><span class=\"Y2IQFc\" lang=\"lv\">\u0412\u043d\u0443\u0442\u0440\u0435\u043d\u043d\u0438\u0439 \u0412\u043e\u0437\u0434\u0443\u0445-\u0412\u043e\u0434\u0430 \u0427\u0438\u043b\u043b\u0435\u0440 \u0438 \u0420\u0435\u0432\u0435\u0440\u0441\u0438\u0432\u043d\u044b\u0439 \u0422\u0435\u043f\u043b\u043e\u0432\u043e\u0439 \u041d\u0430\u0441\u043e\u0441, \u0421\u043f\u0438\u0440\u0430\u043b\u044c\u043d\u044b\u0435 \u041a\u043e\u043c\u043f\u0440\u0435\u0441\u0441\u043e\u0440\u044b, \u0420\u0430\u0434\u0438\u0430\u043b\u044c\u043d\u044b\u0435 \u0412\u0435\u043d\u0442\u0438\u043b\u044f\u0442\u043e\u0440\u044b, R410A, 40-233 \u043a\u0412\u0442 <\/span><\/p>\n<p class=\"tw-data-text tw-text-large tw-ta\" dir=\"ltr\" data-placeholder=\"Translation\"><span class=\"Y2IQFc\" lang=\"lv\">\u0412\u043d\u0443\u0442\u0440\u0435\u043d\u043d\u0438\u0435 \u0427\u0438\u043b\u043b\u0435\u0440\u044b \u0438 \u0420\u0435\u0432\u0435\u0440\u0441\u0438\u0432\u043d\u044b\u0435 \u0422\u0435\u043f\u043b\u043e\u0432\u044b\u0435 \u041d\u0430\u0441\u043e\u0441\u044b. \u0412\u044b\u0441\u043e\u043a\u043e\u044d\u0444\u0444\u0435\u043a\u0442\u0438\u0432\u043d\u044b\u0435 \u0430\u0434\u0430\u043f\u0442\u0438\u0432\u043d\u044b\u0435 \u0440\u0430\u0434\u0438\u0430\u043b\u044c\u043d\u044b\u0435 \u0432\u0435\u043d\u0442\u0438\u043b\u044f\u0442\u043e\u0440\u044b. <\/span><\/p>\n<p class=\"tw-data-text tw-text-large tw-ta\" dir=\"ltr\" data-placeholder=\"Translation\"><strong><span class=\"Y2IQFc\" lang=\"lv\">\u041a\u043e\u043d\u0444\u0438\u0433\u0443\u0440\u0430\u0446\u0438\u0438 <\/span><\/strong><\/p>\n<p class=\"tw-data-text tw-text-large tw-ta\" dir=\"ltr\" data-placeholder=\"Translation\"><span class=\"Y2IQFc\" lang=\"lv\">HP: \u0412\u0435\u0440\u0441\u0438\u044f \u0440\u0435\u0432\u0435\u0440\u0441\u0438\u0432\u043d\u043e\u0433\u043e \u0442\u0435\u043f\u043b\u043e\u0432\u043e\u0433\u043e \u043d\u0430\u0441\u043e\u0441\u0430 <\/span><\/p>\n<p class=\"tw-data-text tw-text-large tw-ta\" dir=\"ltr\" data-placeholder=\"Translation\"><span class=\"Y2IQFc\" lang=\"lv\">RFE: \u041a\u043e\u043d\u0444\u0438\u0433\u0443\u0440\u0430\u0446\u0438\u044f \u0441 EC \u0440\u0430\u0434\u0438\u0430\u043b\u044c\u043d\u044b\u043c\u0438 \u0432\u0435\u043d\u0442\u0438\u043b\u044f\u0442\u043e\u0440\u0430\u043c\u0438 <\/span><\/p>\n<p class=\"tw-data-text tw-text-large tw-ta\" dir=\"ltr\" data-placeholder=\"Translation\"><span class=\"Y2IQFc\" lang=\"lv\">SLN: \u0412\u0435\u0440\u0441\u0438\u044f \u0441 \u043e\u0441\u043e\u0431\u043e \u043d\u0438\u0437\u043a\u0438\u043c \u0443\u0440\u043e\u0432\u043d\u0435\u043c \u0448\u0443\u043c\u0430 <\/span><\/p>\n<p class=\"tw-data-text tw-text-large tw-ta\" dir=\"ltr\" data-placeholder=\"Translation\"><span class=\"Y2IQFc\" lang=\"lv\">LE: \u0441 \u0443\u0434\u0430\u043b\u0435\u043d\u043d\u044b\u043c \u0438\u0441\u043f\u0430\u0440\u0438\u0442\u0435\u043b\u0435\u043c <\/span><\/p>\n<p class=\"tw-data-text tw-text-large tw-ta\" dir=\"ltr\" data-placeholder=\"Translation\"><span class=\"Y2IQFc\" lang=\"lv\">LE\/HP: \u0412\u0435\u0440\u0441\u0438\u044f \u0441 \u0440\u0435\u0432\u0435\u0440\u0441\u0438\u0432\u043d\u044b\u043c \u043c\u043e\u0442\u043e\u0440\u043d\u044b\u043c \u0438\u0441\u043f\u0430\u0440\u0435\u043d\u0438\u0435\u043c <\/span><\/p>\n<p class=\"tw-data-text tw-text-large tw-ta\" dir=\"ltr\" data-placeholder=\"Translation\"><span class=\"Y2IQFc\" lang=\"lv\">DS: \u0412\u0435\u0440\u0441\u0438\u044f \u0441 \u043e\u0431\u043e\u0433\u0440\u0435\u0432\u0430\u0442\u0435\u043b\u0435\u043c <\/span><\/p>\n<p class=\"tw-data-text tw-text-large tw-ta\" dir=\"ltr\" data-placeholder=\"Translation\"><span class=\"Y2IQFc\" lang=\"lv\">DC: \u0412\u0435\u0440\u0441\u0438\u044f \u0441 \u043a\u043e\u043d\u0434\u0435\u043d\u0441\u0430\u0442\u043e\u0440\u043e\u043c \u0432\u043e\u0441\u0441\u0442\u0430\u043d\u043e\u0432\u043b\u0435\u043d\u0438\u044f <\/span><\/p>\n<p class=\"tw-data-text tw-text-large tw-ta\" dir=\"ltr\" data-placeholder=\"Translation\"><strong><span class=\"Y2IQFc\" lang=\"lv\">\u041f\u0440\u0435\u0438\u043c\u0443\u0449\u0435\u0441\u0442\u0432\u0430 <\/span><\/strong><\/p>\n<ul>\n<li class=\"tw-data-text tw-text-large tw-ta\" dir=\"ltr\" data-placeholder=\"Translation\"><span class=\"Y2IQFc\" lang=\"lv\">\u0420\u0430\u0434\u0438\u0430\u043b\u044c\u043d\u044b\u0435 \u0432\u0435\u043d\u0442\u0438\u043b\u044f\u0442\u043e\u0440\u044b: \u0410\u0432\u0442\u043e\u043c\u0430\u0442\u0438\u0447\u0435\u0441\u043a\u0430\u044f \u0430\u0434\u0430\u043f\u0442\u0430\u0446\u0438\u044f \u043a \u043f\u043e\u0442\u0435\u0440\u044f\u043c \u0434\u0430\u0432\u043b\u0435\u043d\u0438\u044f \u0432 \u0432\u043e\u0437\u0434\u0443\u0445\u043e\u0432\u043e\u0434\u0430\u0445, \u043d\u0435 \u0442\u0440\u0435\u0431\u0443\u044e\u0442 \u043e\u0431\u0441\u043b\u0443\u0436\u0438\u0432\u0430\u043d\u0438\u044f. <\/span><\/li>\n<li class=\"tw-data-text tw-text-large tw-ta\" dir=\"ltr\" data-placeholder=\"Translation\"><span class=\"Y2IQFc\" lang=\"lv\">\u0427\u0438\u043b\u043b\u0435\u0440 \u0441 \u043d\u0438\u0437\u043a\u0438\u043c \u0441\u043e\u0434\u0435\u0440\u0436\u0430\u043d\u0438\u0435\u043c \u0445\u043b\u0430\u0434\u0430\u0433\u0435\u043d\u0442\u0430 <\/span><\/li>\n<li class=\"tw-data-text tw-text-large tw-ta\" dir=\"ltr\" data-placeholder=\"Translation\"><span class=\"Y2IQFc\" lang=\"lv\">\u0418\u043d\u0442\u0435\u043b\u043b\u0438\u0433\u0435\u043d\u0442\u043d\u043e\u0435 \u0443\u043f\u0440\u0430\u0432\u043b\u0435\u043d\u0438\u0435 \u0446\u0438\u043a\u043b\u0430\u043c\u0438 \u0440\u0430\u0437\u043c\u043e\u0440\u0430\u0436\u0438\u0432\u0430\u043d\u0438\u044f: \u041f\u0440\u043e\u0442\u0438\u0432\u043e\u0437\u0430\u043c\u0435\u0440\u0437\u0430\u044e\u0449\u0430\u044f \u043f\u0435\u0442\u043b\u044f <\/span><\/li>\n<li class=\"tw-data-text tw-text-large tw-ta\" dir=\"ltr\" data-placeholder=\"Translation\"><span class=\"Y2IQFc\" lang=\"lv\">\u0423\u0441\u043e\u0432\u0435\u0440\u0448\u0435\u043d\u0441\u0442\u0432\u043e\u0432\u0430\u043d\u043d\u043e\u0435 \u0443\u043f\u0440\u0430\u0432\u043b\u0435\u043d\u0438\u0435 BlueThink \u0441 \u0438\u043d\u0442\u0435\u0433\u0440\u0438\u0440\u043e\u0432\u0430\u043d\u043d\u044b\u043c \u0432\u0435\u0431-\u0441\u0435\u0440\u0432\u0435\u0440\u043e\u043c. \u041c\u043d\u043e\u0433\u043e\u0444\u0443\u043d\u043a\u0446\u0438\u043e\u043d\u0430\u043b\u044c\u043d\u043e\u0441\u0442\u044c \u0438 \u0441\u0438\u0441\u0442\u0435\u043c\u0430 \u043c\u043e\u043d\u0438\u0442\u043e\u0440\u0438\u043d\u0433\u0430 Blueye\u00ae. (\u043e\u043f\u0446\u0438\u0438) <\/span><\/li>\n<li class=\"tw-data-text tw-text-large tw-ta\" dir=\"ltr\" data-placeholder=\"Translation\"><span class=\"Y2IQFc\" lang=\"lv\">Flowzer: \u041d\u0430\u0441\u043e\u0441\u044b \u0441 \u0438\u043d\u0432\u0435\u0440\u0442\u043e\u0440\u043d\u044b\u043c \u0443\u043f\u0440\u0430\u0432\u043b\u0435\u043d\u0438\u0435\u043c (\u043e\u043f\u0446\u0438\u0438)<\/span><\/li>\n<\/ul>","protected":false},"excerpt":{"rendered":"<h4><span class=\"Y2IQFc\" lang=\"lv\">\u0412\u043d\u0443\u0442\u0440\u0435\u043d\u043d\u0438\u0439 \u0412\u043e\u0437\u0434\u0443\u0445-\u0412\u043e\u0434\u0430 \u0427\u0438\u043b\u043b\u0435\u0440 \u0438 \u0420\u0435\u0432\u0435\u0440\u0441\u0438\u0432\u043d\u044b\u0439 \u0422\u0435\u043f\u043b\u043e\u0432\u043e\u0439 \u041d\u0430\u0441\u043e\u0441, \u0441\u043f\u0438\u0440\u0430\u043b\u044c\u043d\u044b\u0435 \u043a\u043e\u043c\u043f\u0440\u0435\u0441\u0441\u043e\u0440\u044b, \u0440\u0430\u0434\u0438\u0430\u043b\u044c\u043d\u044b\u0435 \u0432\u0435\u043d\u0442\u0438\u043b\u044f\u0442\u043e\u0440\u044b<\/span><\/h4>\n<h4><span class=\"Y2IQFc\" lang=\"lv\">R410A, 40-233 \u043a\u0412\u0442<\/span><\/h4>","protected":false},"featured_media":3586,"template":"","meta":{"_acf_changed":false,"inline_featured_image":false,"_links_to":"","_links_to_target":""},"product_brand":[],"product_cat":[84],"product_tag":[],"class_list":{"0":"post-3585","1":"product","2":"type-product","3":"status-publish","4":"has-post-thumbnail","6":"product_cat-gaiss-udens-cilleri-un-siltumukni","8":"first","9":"instock","10":"shipping-taxable","11":"product-type-simple"},"acf":[],"yoast_head":"<!-- This site is optimized with the Yoast SEO plugin v27.0 - https:\/\/yoast.com\/product\/yoast-seo-wordpress\/ -->\n<title>Beta REV - Ecowise<\/title>\n<meta name=\"robots\" content=\"index, follow, max-snippet:-1, max-image-preview:large, max-video-preview:-1\" \/>\n<link rel=\"canonical\" href=\"https:\/\/ecowise.lv\/ru\/product\/beta-rev\/\" \/>\n<meta property=\"og:locale\" content=\"ru_RU\" \/>\n<meta property=\"og:type\" content=\"article\" \/>\n<meta property=\"og:title\" content=\"Beta REV - Ecowise\" \/>\n<meta property=\"og:description\" content=\"Iek\u0161telpu gaiss - \u016bdens \u010dilleris un revers\u012bvais siltums\u016bknis, spir\u0101les kompresori, radi\u0101lie ventilatori R410A, 40-233 kW\" \/>\n<meta property=\"og:url\" content=\"https:\/\/ecowise.lv\/ru\/product\/beta-rev\/\" \/>\n<meta property=\"og:site_name\" content=\"Ecowise\" \/>\n<meta property=\"article:modified_time\" content=\"2023-09-29T17:24:42+00:00\" \/>\n<meta property=\"og:image\" content=\"https:\/\/ecowise.lv\/wp-content\/uploads\/2023\/09\/beta-rev-radiali.png\" \/>\n\t<meta property=\"og:image:width\" content=\"768\" \/>\n\t<meta property=\"og:image:height\" content=\"576\" \/>\n\t<meta property=\"og:image:type\" content=\"image\/png\" \/>\n<meta name=\"twitter:card\" content=\"summary_large_image\" \/>\n<meta name=\"twitter:label1\" content=\"\u041f\u0440\u0438\u043c\u0435\u0440\u043d\u043e\u0435 \u0432\u0440\u0435\u043c\u044f \u0434\u043b\u044f \u0447\u0442\u0435\u043d\u0438\u044f\" \/>\n\t<meta name=\"twitter:data1\" content=\"1 \u043c\u0438\u043d\u0443\u0442\u0430\" \/>\n<script type=\"application\/ld+json\" class=\"yoast-schema-graph\">{\"@context\":\"https:\/\/schema.org\",\"@graph\":[{\"@type\":\"WebPage\",\"@id\":\"https:\/\/ecowise.lv\/product\/beta-rev\/\",\"url\":\"https:\/\/ecowise.lv\/product\/beta-rev\/\",\"name\":\"Beta REV - Ecowise\",\"isPartOf\":{\"@id\":\"https:\/\/ecowise.lv\/#website\"},\"primaryImageOfPage\":{\"@id\":\"https:\/\/ecowise.lv\/product\/beta-rev\/#primaryimage\"},\"image\":{\"@id\":\"https:\/\/ecowise.lv\/product\/beta-rev\/#primaryimage\"},\"thumbnailUrl\":\"https:\/\/ecowise.lv\/wp-content\/uploads\/2023\/09\/beta-rev-radiali.png\",\"datePublished\":\"2023-09-29T17:09:29+00:00\",\"dateModified\":\"2023-09-29T17:24:42+00:00\",\"breadcrumb\":{\"@id\":\"https:\/\/ecowise.lv\/product\/beta-rev\/#breadcrumb\"},\"inLanguage\":\"ru-RU\",\"potentialAction\":[{\"@type\":\"ReadAction\",\"target\":[\"https:\/\/ecowise.lv\/product\/beta-rev\/\"]}]},{\"@type\":\"ImageObject\",\"inLanguage\":\"ru-RU\",\"@id\":\"https:\/\/ecowise.lv\/product\/beta-rev\/#primaryimage\",\"url\":\"https:\/\/ecowise.lv\/wp-content\/uploads\/2023\/09\/beta-rev-radiali.png\",\"contentUrl\":\"https:\/\/ecowise.lv\/wp-content\/uploads\/2023\/09\/beta-rev-radiali.png\",\"width\":768,\"height\":576},{\"@type\":\"BreadcrumbList\",\"@id\":\"https:\/\/ecowise.lv\/product\/beta-rev\/#breadcrumb\",\"itemListElement\":[{\"@type\":\"ListItem\",\"position\":1,\"name\":\"Products\",\"item\":\"https:\/\/ecowise.lv\/shop\/\"},{\"@type\":\"ListItem\",\"position\":2,\"name\":\"Beta REV\"}]},{\"@type\":\"WebSite\",\"@id\":\"https:\/\/ecowise.lv\/#website\",\"url\":\"https:\/\/ecowise.lv\/\",\"name\":\"Ecowise\",\"description\":\"Ener\u0123ijas pat\u0113ri\u0146a samazin\u0101jums\",\"publisher\":{\"@id\":\"https:\/\/ecowise.lv\/#organization\"},\"potentialAction\":[{\"@type\":\"SearchAction\",\"target\":{\"@type\":\"EntryPoint\",\"urlTemplate\":\"https:\/\/ecowise.lv\/?s={search_term_string}\"},\"query-input\":{\"@type\":\"PropertyValueSpecification\",\"valueRequired\":true,\"valueName\":\"search_term_string\"}}],\"inLanguage\":\"ru-RU\"},{\"@type\":\"Organization\",\"@id\":\"https:\/\/ecowise.lv\/#organization\",\"name\":\"Ecowise\",\"url\":\"https:\/\/ecowise.lv\/\",\"logo\":{\"@type\":\"ImageObject\",\"inLanguage\":\"ru-RU\",\"@id\":\"https:\/\/ecowise.lv\/#\/schema\/logo\/image\/\",\"url\":\"https:\/\/ecowise.lv\/wp-content\/uploads\/2023\/03\/logo.svg\",\"contentUrl\":\"https:\/\/ecowise.lv\/wp-content\/uploads\/2023\/03\/logo.svg\",\"width\":207,\"height\":27,\"caption\":\"Ecowise\"},\"image\":{\"@id\":\"https:\/\/ecowise.lv\/#\/schema\/logo\/image\/\"}}]}<\/script>\n<!-- \/ Yoast SEO plugin. -->","yoast_head_json":{"title":"Beta REV - Ecowise","robots":{"index":"index","follow":"follow","max-snippet":"max-snippet:-1","max-image-preview":"max-image-preview:large","max-video-preview":"max-video-preview:-1"},"canonical":"https:\/\/ecowise.lv\/ru\/product\/beta-rev\/","og_locale":"ru_RU","og_type":"article","og_title":"Beta REV - Ecowise","og_description":"Iek\u0161telpu gaiss - \u016bdens \u010dilleris un revers\u012bvais siltums\u016bknis, spir\u0101les kompresori, radi\u0101lie ventilatori R410A, 40-233 kW","og_url":"https:\/\/ecowise.lv\/ru\/product\/beta-rev\/","og_site_name":"Ecowise","article_modified_time":"2023-09-29T17:24:42+00:00","og_image":[{"width":768,"height":576,"url":"https:\/\/ecowise.lv\/wp-content\/uploads\/2023\/09\/beta-rev-radiali.png","type":"image\/png"}],"twitter_card":"summary_large_image","twitter_misc":{"\u041f\u0440\u0438\u043c\u0435\u0440\u043d\u043e\u0435 \u0432\u0440\u0435\u043c\u044f \u0434\u043b\u044f \u0447\u0442\u0435\u043d\u0438\u044f":"1 \u043c\u0438\u043d\u0443\u0442\u0430"},"schema":{"@context":"https:\/\/schema.org","@graph":[{"@type":"WebPage","@id":"https:\/\/ecowise.lv\/product\/beta-rev\/","url":"https:\/\/ecowise.lv\/product\/beta-rev\/","name":"Beta REV - Ecowise","isPartOf":{"@id":"https:\/\/ecowise.lv\/#website"},"primaryImageOfPage":{"@id":"https:\/\/ecowise.lv\/product\/beta-rev\/#primaryimage"},"image":{"@id":"https:\/\/ecowise.lv\/product\/beta-rev\/#primaryimage"},"thumbnailUrl":"https:\/\/ecowise.lv\/wp-content\/uploads\/2023\/09\/beta-rev-radiali.png","datePublished":"2023-09-29T17:09:29+00:00","dateModified":"2023-09-29T17:24:42+00:00","breadcrumb":{"@id":"https:\/\/ecowise.lv\/product\/beta-rev\/#breadcrumb"},"inLanguage":"ru-RU","potentialAction":[{"@type":"ReadAction","target":["https:\/\/ecowise.lv\/product\/beta-rev\/"]}]},{"@type":"ImageObject","inLanguage":"ru-RU","@id":"https:\/\/ecowise.lv\/product\/beta-rev\/#primaryimage","url":"https:\/\/ecowise.lv\/wp-content\/uploads\/2023\/09\/beta-rev-radiali.png","contentUrl":"https:\/\/ecowise.lv\/wp-content\/uploads\/2023\/09\/beta-rev-radiali.png","width":768,"height":576},{"@type":"BreadcrumbList","@id":"https:\/\/ecowise.lv\/product\/beta-rev\/#breadcrumb","itemListElement":[{"@type":"ListItem","position":1,"name":"Products","item":"https:\/\/ecowise.lv\/shop\/"},{"@type":"ListItem","position":2,"name":"Beta REV"}]},{"@type":"WebSite","@id":"https:\/\/ecowise.lv\/#website","url":"https:\/\/ecowise.lv\/","name":"Ecowise","description":"Ener\u0123ijas pat\u0113ri\u0146a samazin\u0101jums","publisher":{"@id":"https:\/\/ecowise.lv\/#organization"},"potentialAction":[{"@type":"SearchAction","target":{"@type":"EntryPoint","urlTemplate":"https:\/\/ecowise.lv\/?s={search_term_string}"},"query-input":{"@type":"PropertyValueSpecification","valueRequired":true,"valueName":"search_term_string"}}],"inLanguage":"ru-RU"},{"@type":"Organization","@id":"https:\/\/ecowise.lv\/#organization","name":"Ecowise","url":"https:\/\/ecowise.lv\/","logo":{"@type":"ImageObject","inLanguage":"ru-RU","@id":"https:\/\/ecowise.lv\/#\/schema\/logo\/image\/","url":"https:\/\/ecowise.lv\/wp-content\/uploads\/2023\/03\/logo.svg","contentUrl":"https:\/\/ecowise.lv\/wp-content\/uploads\/2023\/03\/logo.svg","width":207,"height":27,"caption":"Ecowise"},"image":{"@id":"https:\/\/ecowise.lv\/#\/schema\/logo\/image\/"}}]}},"_links":{"self":[{"href":"https:\/\/ecowise.lv\/ru\/wp-json\/wp\/v2\/product\/3585","targetHints":{"allow":["GET"]}}],"collection":[{"href":"https:\/\/ecowise.lv\/ru\/wp-json\/wp\/v2\/product"}],"about":[{"href":"https:\/\/ecowise.lv\/ru\/wp-json\/wp\/v2\/types\/product"}],"wp:featuredmedia":[{"embeddable":true,"href":"https:\/\/ecowise.lv\/ru\/wp-json\/wp\/v2\/media\/3586"}],"wp:attachment":[{"href":"https:\/\/ecowise.lv\/ru\/wp-json\/wp\/v2\/media?parent=3585"}],"wp:term":[{"taxonomy":"product_brand","embeddable":true,"href":"https:\/\/ecowise.lv\/ru\/wp-json\/wp\/v2\/product_brand?post=3585"},{"taxonomy":"product_cat","embeddable":true,"href":"https:\/\/ecowise.lv\/ru\/wp-json\/wp\/v2\/product_cat?post=3585"},{"taxonomy":"product_tag","embeddable":true,"href":"https:\/\/ecowise.lv\/ru\/wp-json\/wp\/v2\/product_tag?post=3585"}],"curies":[{"name":"wp","href":"https:\/\/api.w.org\/{rel}","templated":true}]}}