{"id":2829,"date":"2023-09-25T14:52:23","date_gmt":"2023-09-25T11:52:23","guid":{"rendered":"https:\/\/ecowise.lv\/?post_type=product&#038;p=2829"},"modified":"2024-01-03T11:06:29","modified_gmt":"2024-01-03T09:06:29","slug":"global-lp-fw","status":"publish","type":"product","link":"https:\/\/ecowise.lv\/ru\/product\/global-lp-fw\/","title":{"rendered":"Global LP FW"},"content":{"rendered":"<div id=\"tw-target-text-container\" class=\"tw-ta-container F0azHf tw-nfl\" tabindex=\"0\">\n<h3><span class=\"Y2IQFc\" lang=\"lv\">\u0412\u041e\u0417\u0414\u0423\u0425\u041e\u041e\u0411\u0420\u0410\u0411\u0410\u0422\u042b\u0412\u0410\u042e\u0429\u0415\u0415 \u0423\u0421\u0422\u0420\u041e\u0419\u0421\u0422\u0412\u041e \u0421 \u041f\u0420\u041e\u0422\u0418\u0412\u041e\u0422\u041e\u0427\u041d\u042b\u041c \u041f\u041b\u0410\u0421\u0422\u0418\u041d\u0427\u0410\u0422\u042b\u041c \u0422\u0415\u041f\u041b\u041e\u041e\u0411\u041c\u0415\u041d\u041d\u0418\u041a\u041e\u041c \u0418 \u0411\u041e\u041a\u041e\u0412\u042b\u041c\u0418 \u041a\u0410\u041d\u0410\u041b\u042c\u041d\u042b\u041c\u0418 \u0421\u041e\u0415\u0414\u0418\u041d\u0415\u041d\u0418\u042f\u041c\u0418, \u0421 \u0423\u041f\u0420\u0410\u0412\u041b\u042f\u042e\u0429\u0418\u041c\u0418 \u0423\u0421\u0422\u0420\u041e\u0419\u0421\u0422\u0412\u0410\u041c\u0418. <\/span><\/h3>\n<ul>\n<li><span class=\"Y2IQFc\" lang=\"lv\">\u041c\u0430\u043a\u0441. \u0432\u043e\u0437\u0434\u0443\u0448\u043d\u044b\u0439 \u043f\u043e\u0442\u043e\u043a 2 100 \u043c\u00b3\/\u0447 <\/span><\/li>\n<li><span class=\"Y2IQFc\" lang=\"lv\">\u041f\u043b\u0430\u0441\u0442\u0438\u043d\u0447\u0430\u0442\u044b\u0439 \u0442\u0435\u043f\u043b\u043e\u043e\u0431\u043c\u0435\u043d\u043d\u0438\u043a <\/span><\/li>\n<li><span class=\"Y2IQFc\" lang=\"lv\">\u0418\u043d\u0442\u0435\u0433\u0440\u0438\u0440\u043e\u0432\u0430\u043d\u043d\u044b\u0439 \u044d\u043b\u0435\u043a\u0442\u0440\u0438\u0447\u0435\u0441\u043a\u0438\u0439 \u043f\u0440\u0435\u0434\u0432\u0430\u0440\u0438\u0442\u0435\u043b\u044c\u043d\u044b\u0439 \u043d\u0430\u0433\u0440\u0435\u0432\u0430\u0442\u0435\u043b\u044c \u0434\u043e\u0441\u0442\u0443\u043f\u0435\u043d \u0432 \u043a\u0430\u0447\u0435\u0441\u0442\u0432\u0435 \u043e\u043f\u0446\u0438\u0438 (\u0443\u0441\u0442\u0430\u043d\u043e\u0432\u043b\u0435\u043d \u043d\u0430 \u0437\u0430\u0432\u043e\u0434\u0435) <\/span><\/li>\n<li><span class=\"Y2IQFc\" lang=\"lv\">\u0418\u0437\u043e\u043b\u0438\u0440\u043e\u0432\u0430\u043d\u043d\u044b\u0439 \u043a\u043e\u0440\u043f\u0443\u0441 \u0434\u043b\u044f \u0432\u043d\u0435\u0448\u043d\u0438\u0445 \u043e\u0431\u043e\u0433\u0440\u0435\u0432\u0430\u0442\u0435\u043b\u0435\u0439\/\u043e\u0445\u043b\u0430\u0434\u0438\u0442\u0435\u043b\u0435\u0439 \u0432 \u043a\u0430\u0447\u0435\u0441\u0442\u0432\u0435 \u0430\u043a\u0441\u0435\u0441\u0441\u0443\u0430\u0440\u0430 (\u0432\u043e\u0434\u0430\/DX) <\/span><\/li>\n<li><span class=\"Y2IQFc\" lang=\"lv\">\u0420\u0430\u0437\u043c\u0435\u0449\u0435\u043d\u0438\u0435 \u0432\u043d\u0443\u0442\u0440\u0438 \u043f\u043e\u043c\u0435\u0449\u0435\u043d\u0438\u044f <\/span><\/li>\n<li><span class=\"Y2IQFc\" lang=\"lv\">\u0411\u043e\u043a\u043e\u0432\u044b\u0435 \u0441\u043e\u0435\u0434\u0438\u043d\u0435\u043d\u0438\u044f<\/span><\/li>\n<li><span class=\"Y2IQFc\" lang=\"lv\">\u0421 \u0443\u043f\u0440\u0430\u0432\u043b\u044f\u044e\u0449\u0435\u0439 \u0441\u0438\u0441\u0442\u0435\u043c\u043e\u0439 \u0438 \u043f\u0430\u043d\u0435\u043b\u044c\u044e \u0443\u043f\u0440\u0430\u0432\u043b\u0435\u043d\u0438\u044f<\/span><\/li>\n<\/ul>\n<\/div>\n<div id=\"tw-target-rmn-container\" class=\"tw-target-rmn tw-ta-container F0azHf tw-nfl\">\u0412\u043e\u0437\u0434\u0443\u0445\u043e\u043e\u0431\u0440\u0430\u0431\u0430\u0442\u044b\u0432\u0430\u044e\u0449\u0435\u0435 \u0443\u0441\u0442\u0440\u043e\u0439\u0441\u0442\u0432\u043e \u0441 \u043d\u0438\u0437\u043a\u0438\u043c \u043f\u0440\u043e\u0444\u0438\u043b\u0435\u043c, \u043f\u0440\u0435\u0434\u043d\u0430\u0437\u043d\u0430\u0447\u0435\u043d\u043d\u043e\u0435 \u0434\u043b\u044f \u0443\u0441\u0442\u0430\u043d\u043e\u0432\u043a\u0438 \u0432\u043d\u0443\u0442\u0440\u0438 \u043f\u043e\u043c\u0435\u0449\u0435\u043d\u0438\u044f, \u043d\u0430 \u043f\u043e\u0442\u043e\u043b\u043a\u0435 \u0438\u043b\u0438 \u043f\u043e\u0434\u0432\u0435\u0441\u043d\u043e\u043c \u043f\u043e\u0442\u043e\u043b\u043a\u0435, \u043e\u0441\u043d\u0430\u0449\u0435\u043d\u043d\u043e\u0435 \u0438\u0437\u043e\u0433\u043d\u0443\u0442\u044b\u043c\u0438 \u0432\u0435\u043d\u0442\u0438\u043b\u044f\u0442\u043e\u0440\u0430\u043c\u0438 \u0438 \u043a\u0430\u0440\u043c\u0430\u043d\u043d\u044b\u043c\u0438 \u0444\u0438\u043b\u044c\u0442\u0440\u0430\u043c\u0438.<\/div>\n<div class=\"iYB33c\">\n<div class=\"dlJLJe\">\n<div data-cviv=\"false\" data-ved=\"2ahUKEwj_5MuS1syAAxVeRPEDHdoSCM8Qz_AEegQICBAP\">\n<div class=\"U9URNb\"><\/div>\n<\/div>\n<\/div>\n<div id=\"tw-tmenu\" class=\"tw-menu\"><\/div>\n<\/div>","protected":false},"excerpt":{"rendered":"<h4>\u0423\u0441\u0442\u0440\u043e\u0439\u0441\u0442\u0432\u043e, \u043c\u043e\u043d\u0442\u0438\u0440\u0443\u0435\u043c\u043e\u0435 \u043f\u043e\u0434 \u043f\u043e\u0442\u043e\u043b\u043a\u043e\u043c<\/h4>\n<h4>\u0414\u043e 2100 \u043c\u00b3\/\u0447<\/h4>","protected":false},"featured_media":2830,"template":"","meta":{"_acf_changed":false,"inline_featured_image":false,"_links_to":"","_links_to_target":""},"product_brand":[],"product_cat":[33],"product_tag":[],"class_list":{"0":"post-2829","1":"product","2":"type-product","3":"status-publish","4":"has-post-thumbnail","6":"product_cat-global","8":"first","9":"instock","10":"shipping-taxable","11":"product-type-simple"},"acf":[],"yoast_head":"<!-- This site is optimized with the Yoast SEO plugin v27.0 - https:\/\/yoast.com\/product\/yoast-seo-wordpress\/ -->\n<title>Global LP FW - Ecowise<\/title>\n<meta name=\"robots\" content=\"index, follow, max-snippet:-1, max-image-preview:large, max-video-preview:-1\" \/>\n<link rel=\"canonical\" href=\"https:\/\/ecowise.lv\/ru\/product\/global-lp-fw\/\" \/>\n<meta property=\"og:locale\" content=\"ru_RU\" \/>\n<meta property=\"og:type\" content=\"article\" \/>\n<meta property=\"og:title\" content=\"Global LP FW - Ecowise\" \/>\n<meta property=\"og:description\" content=\"Zemgriestu iek\u0101rta L\u012bdz 2100 m\u00b3\/h\" \/>\n<meta property=\"og:url\" content=\"https:\/\/ecowise.lv\/ru\/product\/global-lp-fw\/\" \/>\n<meta property=\"og:site_name\" content=\"Ecowise\" \/>\n<meta property=\"article:modified_time\" content=\"2024-01-03T09:06:29+00:00\" \/>\n<meta property=\"og:image\" content=\"https:\/\/ecowise.lv\/wp-content\/uploads\/2023\/09\/CardImage.png\" \/>\n\t<meta property=\"og:image:width\" content=\"600\" \/>\n\t<meta property=\"og:image:height\" content=\"451\" \/>\n\t<meta property=\"og:image:type\" content=\"image\/png\" \/>\n<meta name=\"twitter:card\" content=\"summary_large_image\" \/>\n<meta name=\"twitter:label1\" content=\"\u041f\u0440\u0438\u043c\u0435\u0440\u043d\u043e\u0435 \u0432\u0440\u0435\u043c\u044f \u0434\u043b\u044f \u0447\u0442\u0435\u043d\u0438\u044f\" \/>\n\t<meta name=\"twitter:data1\" content=\"1 \u043c\u0438\u043d\u0443\u0442\u0430\" \/>\n<script type=\"application\/ld+json\" class=\"yoast-schema-graph\">{\"@context\":\"https:\/\/schema.org\",\"@graph\":[{\"@type\":\"WebPage\",\"@id\":\"https:\/\/ecowise.lv\/product\/global-lp-fw\/\",\"url\":\"https:\/\/ecowise.lv\/product\/global-lp-fw\/\",\"name\":\"Global LP FW - Ecowise\",\"isPartOf\":{\"@id\":\"https:\/\/ecowise.lv\/#website\"},\"primaryImageOfPage\":{\"@id\":\"https:\/\/ecowise.lv\/product\/global-lp-fw\/#primaryimage\"},\"image\":{\"@id\":\"https:\/\/ecowise.lv\/product\/global-lp-fw\/#primaryimage\"},\"thumbnailUrl\":\"https:\/\/ecowise.lv\/wp-content\/uploads\/2023\/09\/CardImage.png\",\"datePublished\":\"2023-09-25T11:52:23+00:00\",\"dateModified\":\"2024-01-03T09:06:29+00:00\",\"breadcrumb\":{\"@id\":\"https:\/\/ecowise.lv\/product\/global-lp-fw\/#breadcrumb\"},\"inLanguage\":\"ru-RU\",\"potentialAction\":[{\"@type\":\"ReadAction\",\"target\":[\"https:\/\/ecowise.lv\/product\/global-lp-fw\/\"]}]},{\"@type\":\"ImageObject\",\"inLanguage\":\"ru-RU\",\"@id\":\"https:\/\/ecowise.lv\/product\/global-lp-fw\/#primaryimage\",\"url\":\"https:\/\/ecowise.lv\/wp-content\/uploads\/2023\/09\/CardImage.png\",\"contentUrl\":\"https:\/\/ecowise.lv\/wp-content\/uploads\/2023\/09\/CardImage.png\",\"width\":600,\"height\":451},{\"@type\":\"BreadcrumbList\",\"@id\":\"https:\/\/ecowise.lv\/product\/global-lp-fw\/#breadcrumb\",\"itemListElement\":[{\"@type\":\"ListItem\",\"position\":1,\"name\":\"Products\",\"item\":\"https:\/\/ecowise.lv\/shop\/\"},{\"@type\":\"ListItem\",\"position\":2,\"name\":\"Global LP FW\"}]},{\"@type\":\"WebSite\",\"@id\":\"https:\/\/ecowise.lv\/#website\",\"url\":\"https:\/\/ecowise.lv\/\",\"name\":\"Ecowise\",\"description\":\"Ener\u0123ijas pat\u0113ri\u0146a samazin\u0101jums\",\"publisher\":{\"@id\":\"https:\/\/ecowise.lv\/#organization\"},\"potentialAction\":[{\"@type\":\"SearchAction\",\"target\":{\"@type\":\"EntryPoint\",\"urlTemplate\":\"https:\/\/ecowise.lv\/?s={search_term_string}\"},\"query-input\":{\"@type\":\"PropertyValueSpecification\",\"valueRequired\":true,\"valueName\":\"search_term_string\"}}],\"inLanguage\":\"ru-RU\"},{\"@type\":\"Organization\",\"@id\":\"https:\/\/ecowise.lv\/#organization\",\"name\":\"Ecowise\",\"url\":\"https:\/\/ecowise.lv\/\",\"logo\":{\"@type\":\"ImageObject\",\"inLanguage\":\"ru-RU\",\"@id\":\"https:\/\/ecowise.lv\/#\/schema\/logo\/image\/\",\"url\":\"https:\/\/ecowise.lv\/wp-content\/uploads\/2023\/03\/logo.svg\",\"contentUrl\":\"https:\/\/ecowise.lv\/wp-content\/uploads\/2023\/03\/logo.svg\",\"width\":207,\"height\":27,\"caption\":\"Ecowise\"},\"image\":{\"@id\":\"https:\/\/ecowise.lv\/#\/schema\/logo\/image\/\"}}]}<\/script>\n<!-- \/ Yoast SEO plugin. -->","yoast_head_json":{"title":"Global LP FW - Ecowise","robots":{"index":"index","follow":"follow","max-snippet":"max-snippet:-1","max-image-preview":"max-image-preview:large","max-video-preview":"max-video-preview:-1"},"canonical":"https:\/\/ecowise.lv\/ru\/product\/global-lp-fw\/","og_locale":"ru_RU","og_type":"article","og_title":"Global LP FW - Ecowise","og_description":"Zemgriestu iek\u0101rta L\u012bdz 2100 m\u00b3\/h","og_url":"https:\/\/ecowise.lv\/ru\/product\/global-lp-fw\/","og_site_name":"Ecowise","article_modified_time":"2024-01-03T09:06:29+00:00","og_image":[{"width":600,"height":451,"url":"https:\/\/ecowise.lv\/wp-content\/uploads\/2023\/09\/CardImage.png","type":"image\/png"}],"twitter_card":"summary_large_image","twitter_misc":{"\u041f\u0440\u0438\u043c\u0435\u0440\u043d\u043e\u0435 \u0432\u0440\u0435\u043c\u044f \u0434\u043b\u044f \u0447\u0442\u0435\u043d\u0438\u044f":"1 \u043c\u0438\u043d\u0443\u0442\u0430"},"schema":{"@context":"https:\/\/schema.org","@graph":[{"@type":"WebPage","@id":"https:\/\/ecowise.lv\/product\/global-lp-fw\/","url":"https:\/\/ecowise.lv\/product\/global-lp-fw\/","name":"Global LP FW - Ecowise","isPartOf":{"@id":"https:\/\/ecowise.lv\/#website"},"primaryImageOfPage":{"@id":"https:\/\/ecowise.lv\/product\/global-lp-fw\/#primaryimage"},"image":{"@id":"https:\/\/ecowise.lv\/product\/global-lp-fw\/#primaryimage"},"thumbnailUrl":"https:\/\/ecowise.lv\/wp-content\/uploads\/2023\/09\/CardImage.png","datePublished":"2023-09-25T11:52:23+00:00","dateModified":"2024-01-03T09:06:29+00:00","breadcrumb":{"@id":"https:\/\/ecowise.lv\/product\/global-lp-fw\/#breadcrumb"},"inLanguage":"ru-RU","potentialAction":[{"@type":"ReadAction","target":["https:\/\/ecowise.lv\/product\/global-lp-fw\/"]}]},{"@type":"ImageObject","inLanguage":"ru-RU","@id":"https:\/\/ecowise.lv\/product\/global-lp-fw\/#primaryimage","url":"https:\/\/ecowise.lv\/wp-content\/uploads\/2023\/09\/CardImage.png","contentUrl":"https:\/\/ecowise.lv\/wp-content\/uploads\/2023\/09\/CardImage.png","width":600,"height":451},{"@type":"BreadcrumbList","@id":"https:\/\/ecowise.lv\/product\/global-lp-fw\/#breadcrumb","itemListElement":[{"@type":"ListItem","position":1,"name":"Products","item":"https:\/\/ecowise.lv\/shop\/"},{"@type":"ListItem","position":2,"name":"Global LP FW"}]},{"@type":"WebSite","@id":"https:\/\/ecowise.lv\/#website","url":"https:\/\/ecowise.lv\/","name":"Ecowise","description":"Ener\u0123ijas pat\u0113ri\u0146a samazin\u0101jums","publisher":{"@id":"https:\/\/ecowise.lv\/#organization"},"potentialAction":[{"@type":"SearchAction","target":{"@type":"EntryPoint","urlTemplate":"https:\/\/ecowise.lv\/?s={search_term_string}"},"query-input":{"@type":"PropertyValueSpecification","valueRequired":true,"valueName":"search_term_string"}}],"inLanguage":"ru-RU"},{"@type":"Organization","@id":"https:\/\/ecowise.lv\/#organization","name":"Ecowise","url":"https:\/\/ecowise.lv\/","logo":{"@type":"ImageObject","inLanguage":"ru-RU","@id":"https:\/\/ecowise.lv\/#\/schema\/logo\/image\/","url":"https:\/\/ecowise.lv\/wp-content\/uploads\/2023\/03\/logo.svg","contentUrl":"https:\/\/ecowise.lv\/wp-content\/uploads\/2023\/03\/logo.svg","width":207,"height":27,"caption":"Ecowise"},"image":{"@id":"https:\/\/ecowise.lv\/#\/schema\/logo\/image\/"}}]}},"_links":{"self":[{"href":"https:\/\/ecowise.lv\/ru\/wp-json\/wp\/v2\/product\/2829","targetHints":{"allow":["GET"]}}],"collection":[{"href":"https:\/\/ecowise.lv\/ru\/wp-json\/wp\/v2\/product"}],"about":[{"href":"https:\/\/ecowise.lv\/ru\/wp-json\/wp\/v2\/types\/product"}],"wp:featuredmedia":[{"embeddable":true,"href":"https:\/\/ecowise.lv\/ru\/wp-json\/wp\/v2\/media\/2830"}],"wp:attachment":[{"href":"https:\/\/ecowise.lv\/ru\/wp-json\/wp\/v2\/media?parent=2829"}],"wp:term":[{"taxonomy":"product_brand","embeddable":true,"href":"https:\/\/ecowise.lv\/ru\/wp-json\/wp\/v2\/product_brand?post=2829"},{"taxonomy":"product_cat","embeddable":true,"href":"https:\/\/ecowise.lv\/ru\/wp-json\/wp\/v2\/product_cat?post=2829"},{"taxonomy":"product_tag","embeddable":true,"href":"https:\/\/ecowise.lv\/ru\/wp-json\/wp\/v2\/product_tag?post=2829"}],"curies":[{"name":"wp","href":"https:\/\/api.w.org\/{rel}","templated":true}]}}