{"id":2670,"date":"2023-09-14T12:36:19","date_gmt":"2023-09-14T09:36:19","guid":{"rendered":"https:\/\/ecowise.lv\/?post_type=product&#038;p=2670"},"modified":"2023-09-15T09:28:14","modified_gmt":"2023-09-15T06:28:14","slug":"paragon-vav","status":"publish","type":"product","link":"https:\/\/ecowise.lv\/ru\/product\/paragon-vav\/","title":{"rendered":"PARAGON VAV"},"content":{"rendered":"<p>\u041a\u043e\u043c\u0444\u043e\u0440\u0442-\u043c\u043e\u0434\u0443\u043b\u044c \u0434\u043b\u044f \u0443\u043f\u0440\u0430\u0432\u043b\u044f\u0435\u043c\u043e\u0439 \u043a\u043b\u0438\u043c\u0430\u0442\u0438\u0447\u0435\u0441\u043a\u043e\u0439 \u0441\u0438\u0441\u0442\u0435\u043c\u044b \u043f\u043e \u0437\u0430\u043f\u0440\u043e\u0441\u0443, \u043f\u0440\u0435\u0434\u043d\u0430\u0437\u043d\u0430\u0447\u0435\u043d\u043d\u044b\u0439 \u0434\u043b\u044f \u0433\u043e\u0441\u0442\u0438\u043d\u0438\u0446 \u0438 \u043c\u0435\u0434\u0438\u0446\u0438\u043d\u0441\u043a\u0438\u0445 \u0443\u0447\u0440\u0435\u0436\u0434\u0435\u043d\u0438\u0439.<\/p>\n<ul>\n<li><span class=\"Y2IQFc\" lang=\"lv\">\u041a\u043e\u043c\u0444\u043e\u0440\u0442-\u043c\u043e\u0434\u0443\u043b\u044c \u0434\u043b\u044f \u043a\u043e\u043d\u0442\u0440\u043e\u043b\u0438\u0440\u0443\u0435\u043c\u043e\u0433\u043e \u0432\u043d\u0443\u0442\u0440\u0435\u043d\u043d\u0435\u0433\u043e \u043a\u043b\u0438\u043c\u0430\u0442\u0430 \u043f\u043e \u0437\u0430\u043f\u0440\u043e\u0441\u0443 <\/span><\/li>\n<li><span class=\"Y2IQFc\" lang=\"lv\">\u041e\u0441\u043d\u0430\u0449\u0435\u043d \u0443\u043f\u0440\u0430\u0432\u043b\u044f\u044e\u0449\u0438\u043c \u043e\u0431\u043e\u0440\u0443\u0434\u043e\u0432\u0430\u043d\u0438\u0435\u043c \u043e\u0442\u0434\u0435\u043b\u044c\u043d\u043e \u0438\u043b\u0438 \u043f\u043e\u0434\u043a\u043b\u044e\u0447\u0430\u0435\u0442\u0441\u044f \u043a BMS \u0447\u0435\u0440\u0435\u0437 ModBUS. <\/span><\/li>\n<li><span class=\"Y2IQFc\" lang=\"lv\">\u041f\u043e\u043b\u043d\u044b\u0439 \u043f\u0440\u043e\u0434\u0443\u043a\u0442 \u0441 \u0438\u043d\u0442\u0435\u0433\u0440\u0438\u0440\u043e\u0432\u0430\u043d\u043d\u044b\u043c \u043a\u043b\u0430\u043f\u0430\u043d\u043e\u043c \u0434\u043b\u044f \u043a\u043e\u043d\u0442\u0440\u043e\u043b\u044f \u043f\u0435\u0440\u0435\u043c\u0435\u043d\u043d\u043e\u0433\u043e \u0432\u043e\u0437\u0434\u0443\u0448\u043d\u043e\u0433\u043e \u043f\u043e\u0442\u043e\u043a\u0430 0-100% <\/span><\/li>\n<li><span class=\"Y2IQFc\" lang=\"lv\">\u042d\u043d\u0435\u0440\u0433\u043e\u044d\u0444\u0444\u0435\u043a\u0442\u0438\u0432\u043d\u0430\u044f \u0440\u0430\u0431\u043e\u0442\u0430, \u0442\u0430\u043a \u043a\u0430\u043a \u043f\u043e\u043c\u0435\u0449\u0435\u043d\u0438\u0435 \u0432\u0435\u043d\u0442\u0438\u043b\u0438\u0440\u0443\u0435\u0442\u0441\u044f, \u043e\u0431\u043e\u0433\u0440\u0435\u0432\u0430\u0435\u0442\u0441\u044f \u0438 \u043e\u0445\u043b\u0430\u0436\u0434\u0430\u0435\u0442\u0441\u044f \u0442\u043e\u0447\u043d\u043e \u0442\u0430\u043a, \u043a\u0430\u043a \u0442\u0440\u0435\u0431\u0443\u0435\u0442\u0441\u044f \u043f\u043e \u043d\u0430\u0433\u0440\u0443\u0437\u043a\u0435 \u043f\u043e\u043c\u0435\u0449\u0435\u043d\u0438\u044f, \u043d\u0435 \u0431\u043e\u043b\u044c\u0448\u0435 \u0438 \u043d\u0435 \u043c\u0435\u043d\u044c\u0448\u0435 <\/span><\/li>\n<li><span class=\"Y2IQFc\" lang=\"lv\">\u0412\u0435\u043d\u0442\u0438\u043b\u044f\u0446\u0438\u044f, \u043e\u0445\u043b\u0430\u0436\u0434\u0435\u043d\u0438\u0435 \u0438 \u043e\u0442\u043e\u043f\u043b\u0435\u043d\u0438\u0435 (\u044d\u043b\u0435\u043a\u0442\u0440\u0438\u0447\u0435\u0441\u0442\u0432\u043e \u0438 \u0432\u043e\u0434\u0430) <\/span><\/li>\n<li><span class=\"Y2IQFc\" lang=\"lv\">\u041f\u0440\u043e\u0441\u0442\u0430\u044f \u0443\u0441\u0442\u0430\u043d\u043e\u0432\u043a\u0430 \u0441 \u0434\u043e\u043f\u043e\u043b\u043d\u0438\u0442\u0435\u043b\u044c\u043d\u043e\u0439 \u0441\u0442\u043e\u0440\u043e\u043d\u043e\u0439 \u043f\u043e\u0434\u043a\u043b\u044e\u0447\u0435\u043d\u0438\u044f \u0432\u043e\u0434\u044b \u0438 \u0446\u0435\u043d\u0442\u0440\u0430\u043b\u0438\u0437\u043e\u0432\u0430\u043d\u043d\u044b\u043c \u0432\u043e\u0437\u0434\u0443\u0448\u043d\u044b\u043c \u0441\u043e\u0435\u0434\u0438\u043d\u0435\u043d\u0438\u0435\u043c <\/span><\/li>\n<li><span class=\"Y2IQFc\" lang=\"lv\">\u0420\u0435\u0433\u0443\u043b\u0438\u0440\u0443\u0435\u043c\u043e\u0435 \u043d\u0430\u043f\u0440\u0430\u0432\u043b\u0435\u043d\u0438\u0435 \u0432\u043e\u0437\u0434\u0443\u0448\u043d\u043e\u0433\u043e \u043f\u043e\u0442\u043e\u043a\u0430 \u0441 ADC \u0438 \u0440\u0435\u0433\u0443\u043b\u0438\u0440\u0443\u0435\u043c\u044b\u043c\u0438 \u0436\u0430\u043b\u044e\u0437\u0438 \u0440\u0435\u0448\u0435\u0442\u043a\u0438<\/span><\/li>\n<li><span class=\"Y2IQFc\" lang=\"lv\">\u041d\u0438\u0437\u043a\u0430\u044f \u0432\u044b\u0441\u043e\u0442\u0430 \u0443\u0441\u0442\u0430\u043d\u043e\u0432\u043a\u0438 <\/span><\/li>\n<li><span class=\"Y2IQFc\" lang=\"lv\">\u0412\u044b\u0441\u043e\u043a\u0430\u044f \u0435\u043c\u043a\u043e\u0441\u0442\u044c<\/span><\/li>\n<\/ul>\n<div class=\"h-margin-top-3 h-margin-bottom-3\">\n<div class=\"row\">\n<div class=\"col\">\n<p>\u0422\u0435\u0445\u043d\u0438\u0447\u0435\u0441\u043a\u0438\u0435 \u0434\u0430\u043d\u043d\u044b\u0435<\/p>\n<\/div>\n<\/div>\n<\/div>\n<div>\n<div class=\"horizontal-scroller\" data-show-scroll-icon=\"true\">\n<div class=\"horizontal-scroller__scroller\">\n<div class=\"col-sm-6 col-md-6 col-xs-12\">\n<table width=\"99%\">\n<tbody>\n<tr>\n<td colspan=\"2\" width=\"152\">Gaisa pl\u016bsmas:<\/td>\n<td width=\"104\">\u0414\u0430\u0432\u043b\u0435\u043d\u0438\u0435:<\/td>\n<td width=\"155\">\u041e\u0431\u0449\u0430\u044f \u043e\u0445\u043b\u0430\u0436\u0434\u0430\u044e\u0449\u0430\u044f \u043c\u043e\u0449\u043d\u043e\u0441\u0442\u044c:<\/td>\n<td colspan=\"2\" width=\"200\">\u041c\u043e\u0449\u043d\u043e\u0441\u0442\u044c \u043e\u0442\u043e\u043f\u043b\u0435\u043d\u0438\u044f:<\/td>\n<\/tr>\n<tr>\n<td>\u043b\/\u0441<\/td>\n<td>\u043c<sup>3<\/sup>\/\u0447<\/td>\n<td>Pa<\/td>\n<td>\u0412\u0442<\/td>\n<td>\u0432\u043e\u0434\u0430 (\u0412\u0442)<\/td>\n<td>\u044d\u043b\u0435\u043a\u0442\u0440\u0438\u0447\u0435\u0441\u0442\u0432\u043e (\u0412\u0442)<\/td>\n<\/tr>\n<tr>\n<td>0 -85<\/td>\n<td>0 &#8211; 306<\/td>\n<td>20 &#8211; 200<\/td>\n<td>\u0414\u043e 3180<\/td>\n<td>\u0414\u043e 5060<\/td>\n<td>\u0414\u043e 1000<\/td>\n<\/tr>\n<\/tbody>\n<\/table>\n<\/div>\n<\/div>\n<\/div>\n<div class=\"col-sm-6 col-md-6 col-xs-12\">\n<div class=\"horizontal-scroller\" data-show-scroll-icon=\"true\">\n<div class=\"horizontal-scroller__scroller\">\n<div class=\"col-sm-6 col-md-6 col-xs-12\">\n<table width=\"99%\">\n<tbody>\n<tr>\n<td colspan=\"3\" width=\"264\">\u0420\u0430\u0437\u043c\u0435\u0440<\/td>\n<\/tr>\n<tr>\n<td>\u0414\u043b\u0438\u043d\u0430<\/td>\n<td>\u0413\u043b\u0443\u0431\u0438\u043d\u0430<\/td>\n<td>\u0412\u044b\u0441\u043e\u0442\u0430<\/td>\n<\/tr>\n<tr>\n<td>(mm)<\/td>\n<td>(mm)<\/td>\n<td>(mm)<\/td>\n<\/tr>\n<tr>\n<td>800, 1100, 1400<\/td>\n<td>722 (+0-20)<\/td>\n<td>205<\/td>\n<\/tr>\n<\/tbody>\n<\/table>\n<\/div>\n<\/div>\n<\/div>\n<\/div>\n<\/div>","protected":false},"excerpt":{"rendered":"<h4>\u041f\u043e \u0437\u0430\u043f\u0440\u043e\u0441\u0443, \u043f\u0440\u0435\u0434\u043d\u0430\u0437\u043d\u0430\u0447\u0435\u043d\u043d\u044b\u0439 \u0434\u043b\u044f \u0433\u043e\u0441\u0442\u0438\u043d\u0438\u0446 \u0438 \u043c\u0435\u0434\u0438\u0446\u0438\u043d\u0441\u043a\u0438\u0445 \u0443\u0447\u0440\u0435\u0436\u0434\u0435\u043d\u0438\u0439<\/h4>","protected":false},"featured_media":2671,"template":"","meta":{"_acf_changed":false,"inline_featured_image":false,"_links_to":"","_links_to_target":""},"product_brand":[],"product_cat":[83],"product_tag":[],"class_list":{"0":"post-2670","1":"product","2":"type-product","3":"status-publish","4":"has-post-thumbnail","6":"product_cat-komforta-moduli-ar-1-virziena-gaisa-padevi","8":"first","9":"instock","10":"shipping-taxable","11":"product-type-simple"},"acf":[],"yoast_head":"<!-- This site is optimized with the Yoast SEO plugin v27.0 - https:\/\/yoast.com\/product\/yoast-seo-wordpress\/ -->\n<title>PARAGON VAV - Ecowise<\/title>\n<meta name=\"robots\" content=\"index, follow, max-snippet:-1, max-image-preview:large, max-video-preview:-1\" \/>\n<link rel=\"canonical\" href=\"https:\/\/ecowise.lv\/ru\/product\/paragon-vav\/\" \/>\n<meta property=\"og:locale\" content=\"ru_RU\" \/>\n<meta property=\"og:type\" content=\"article\" \/>\n<meta property=\"og:title\" content=\"PARAGON VAV - Ecowise\" \/>\n<meta property=\"og:description\" content=\"P\u0113c piepras\u012bjuma vad\u0101mi komforta modu\u013ci viesn\u012bc\u0101m un apr\u016bpes centriem\" \/>\n<meta property=\"og:url\" content=\"https:\/\/ecowise.lv\/ru\/product\/paragon-vav\/\" \/>\n<meta property=\"og:site_name\" content=\"Ecowise\" \/>\n<meta property=\"article:modified_time\" content=\"2023-09-15T06:28:14+00:00\" \/>\n<meta property=\"og:image\" content=\"https:\/\/ecowise.lv\/wp-content\/uploads\/2023\/09\/paragon_d_front-1.jpg\" \/>\n\t<meta property=\"og:image:width\" content=\"768\" \/>\n\t<meta property=\"og:image:height\" content=\"576\" \/>\n\t<meta property=\"og:image:type\" content=\"image\/jpeg\" \/>\n<meta name=\"twitter:card\" content=\"summary_large_image\" \/>\n<script type=\"application\/ld+json\" class=\"yoast-schema-graph\">{\"@context\":\"https:\/\/schema.org\",\"@graph\":[{\"@type\":\"WebPage\",\"@id\":\"https:\/\/ecowise.lv\/product\/paragon-vav\/\",\"url\":\"https:\/\/ecowise.lv\/product\/paragon-vav\/\",\"name\":\"PARAGON VAV - Ecowise\",\"isPartOf\":{\"@id\":\"https:\/\/ecowise.lv\/#website\"},\"primaryImageOfPage\":{\"@id\":\"https:\/\/ecowise.lv\/product\/paragon-vav\/#primaryimage\"},\"image\":{\"@id\":\"https:\/\/ecowise.lv\/product\/paragon-vav\/#primaryimage\"},\"thumbnailUrl\":\"https:\/\/ecowise.lv\/wp-content\/uploads\/2023\/09\/paragon_d_front-1.jpg\",\"datePublished\":\"2023-09-14T09:36:19+00:00\",\"dateModified\":\"2023-09-15T06:28:14+00:00\",\"breadcrumb\":{\"@id\":\"https:\/\/ecowise.lv\/product\/paragon-vav\/#breadcrumb\"},\"inLanguage\":\"ru-RU\",\"potentialAction\":[{\"@type\":\"ReadAction\",\"target\":[\"https:\/\/ecowise.lv\/product\/paragon-vav\/\"]}]},{\"@type\":\"ImageObject\",\"inLanguage\":\"ru-RU\",\"@id\":\"https:\/\/ecowise.lv\/product\/paragon-vav\/#primaryimage\",\"url\":\"https:\/\/ecowise.lv\/wp-content\/uploads\/2023\/09\/paragon_d_front-1.jpg\",\"contentUrl\":\"https:\/\/ecowise.lv\/wp-content\/uploads\/2023\/09\/paragon_d_front-1.jpg\",\"width\":768,\"height\":576},{\"@type\":\"BreadcrumbList\",\"@id\":\"https:\/\/ecowise.lv\/product\/paragon-vav\/#breadcrumb\",\"itemListElement\":[{\"@type\":\"ListItem\",\"position\":1,\"name\":\"Products\",\"item\":\"https:\/\/ecowise.lv\/shop\/\"},{\"@type\":\"ListItem\",\"position\":2,\"name\":\"PARAGON VAV\"}]},{\"@type\":\"WebSite\",\"@id\":\"https:\/\/ecowise.lv\/#website\",\"url\":\"https:\/\/ecowise.lv\/\",\"name\":\"Ecowise\",\"description\":\"Ener\u0123ijas pat\u0113ri\u0146a samazin\u0101jums\",\"publisher\":{\"@id\":\"https:\/\/ecowise.lv\/#organization\"},\"potentialAction\":[{\"@type\":\"SearchAction\",\"target\":{\"@type\":\"EntryPoint\",\"urlTemplate\":\"https:\/\/ecowise.lv\/?s={search_term_string}\"},\"query-input\":{\"@type\":\"PropertyValueSpecification\",\"valueRequired\":true,\"valueName\":\"search_term_string\"}}],\"inLanguage\":\"ru-RU\"},{\"@type\":\"Organization\",\"@id\":\"https:\/\/ecowise.lv\/#organization\",\"name\":\"Ecowise\",\"url\":\"https:\/\/ecowise.lv\/\",\"logo\":{\"@type\":\"ImageObject\",\"inLanguage\":\"ru-RU\",\"@id\":\"https:\/\/ecowise.lv\/#\/schema\/logo\/image\/\",\"url\":\"https:\/\/ecowise.lv\/wp-content\/uploads\/2023\/03\/logo.svg\",\"contentUrl\":\"https:\/\/ecowise.lv\/wp-content\/uploads\/2023\/03\/logo.svg\",\"width\":207,\"height\":27,\"caption\":\"Ecowise\"},\"image\":{\"@id\":\"https:\/\/ecowise.lv\/#\/schema\/logo\/image\/\"}}]}<\/script>\n<!-- \/ Yoast SEO plugin. -->","yoast_head_json":{"title":"PARAGON VAV - Ecowise","robots":{"index":"index","follow":"follow","max-snippet":"max-snippet:-1","max-image-preview":"max-image-preview:large","max-video-preview":"max-video-preview:-1"},"canonical":"https:\/\/ecowise.lv\/ru\/product\/paragon-vav\/","og_locale":"ru_RU","og_type":"article","og_title":"PARAGON VAV - Ecowise","og_description":"P\u0113c piepras\u012bjuma vad\u0101mi komforta modu\u013ci viesn\u012bc\u0101m un apr\u016bpes centriem","og_url":"https:\/\/ecowise.lv\/ru\/product\/paragon-vav\/","og_site_name":"Ecowise","article_modified_time":"2023-09-15T06:28:14+00:00","og_image":[{"width":768,"height":576,"url":"https:\/\/ecowise.lv\/wp-content\/uploads\/2023\/09\/paragon_d_front-1.jpg","type":"image\/jpeg"}],"twitter_card":"summary_large_image","schema":{"@context":"https:\/\/schema.org","@graph":[{"@type":"WebPage","@id":"https:\/\/ecowise.lv\/product\/paragon-vav\/","url":"https:\/\/ecowise.lv\/product\/paragon-vav\/","name":"PARAGON VAV - Ecowise","isPartOf":{"@id":"https:\/\/ecowise.lv\/#website"},"primaryImageOfPage":{"@id":"https:\/\/ecowise.lv\/product\/paragon-vav\/#primaryimage"},"image":{"@id":"https:\/\/ecowise.lv\/product\/paragon-vav\/#primaryimage"},"thumbnailUrl":"https:\/\/ecowise.lv\/wp-content\/uploads\/2023\/09\/paragon_d_front-1.jpg","datePublished":"2023-09-14T09:36:19+00:00","dateModified":"2023-09-15T06:28:14+00:00","breadcrumb":{"@id":"https:\/\/ecowise.lv\/product\/paragon-vav\/#breadcrumb"},"inLanguage":"ru-RU","potentialAction":[{"@type":"ReadAction","target":["https:\/\/ecowise.lv\/product\/paragon-vav\/"]}]},{"@type":"ImageObject","inLanguage":"ru-RU","@id":"https:\/\/ecowise.lv\/product\/paragon-vav\/#primaryimage","url":"https:\/\/ecowise.lv\/wp-content\/uploads\/2023\/09\/paragon_d_front-1.jpg","contentUrl":"https:\/\/ecowise.lv\/wp-content\/uploads\/2023\/09\/paragon_d_front-1.jpg","width":768,"height":576},{"@type":"BreadcrumbList","@id":"https:\/\/ecowise.lv\/product\/paragon-vav\/#breadcrumb","itemListElement":[{"@type":"ListItem","position":1,"name":"Products","item":"https:\/\/ecowise.lv\/shop\/"},{"@type":"ListItem","position":2,"name":"PARAGON VAV"}]},{"@type":"WebSite","@id":"https:\/\/ecowise.lv\/#website","url":"https:\/\/ecowise.lv\/","name":"Ecowise","description":"Ener\u0123ijas pat\u0113ri\u0146a samazin\u0101jums","publisher":{"@id":"https:\/\/ecowise.lv\/#organization"},"potentialAction":[{"@type":"SearchAction","target":{"@type":"EntryPoint","urlTemplate":"https:\/\/ecowise.lv\/?s={search_term_string}"},"query-input":{"@type":"PropertyValueSpecification","valueRequired":true,"valueName":"search_term_string"}}],"inLanguage":"ru-RU"},{"@type":"Organization","@id":"https:\/\/ecowise.lv\/#organization","name":"Ecowise","url":"https:\/\/ecowise.lv\/","logo":{"@type":"ImageObject","inLanguage":"ru-RU","@id":"https:\/\/ecowise.lv\/#\/schema\/logo\/image\/","url":"https:\/\/ecowise.lv\/wp-content\/uploads\/2023\/03\/logo.svg","contentUrl":"https:\/\/ecowise.lv\/wp-content\/uploads\/2023\/03\/logo.svg","width":207,"height":27,"caption":"Ecowise"},"image":{"@id":"https:\/\/ecowise.lv\/#\/schema\/logo\/image\/"}}]}},"_links":{"self":[{"href":"https:\/\/ecowise.lv\/ru\/wp-json\/wp\/v2\/product\/2670","targetHints":{"allow":["GET"]}}],"collection":[{"href":"https:\/\/ecowise.lv\/ru\/wp-json\/wp\/v2\/product"}],"about":[{"href":"https:\/\/ecowise.lv\/ru\/wp-json\/wp\/v2\/types\/product"}],"wp:featuredmedia":[{"embeddable":true,"href":"https:\/\/ecowise.lv\/ru\/wp-json\/wp\/v2\/media\/2671"}],"wp:attachment":[{"href":"https:\/\/ecowise.lv\/ru\/wp-json\/wp\/v2\/media?parent=2670"}],"wp:term":[{"taxonomy":"product_brand","embeddable":true,"href":"https:\/\/ecowise.lv\/ru\/wp-json\/wp\/v2\/product_brand?post=2670"},{"taxonomy":"product_cat","embeddable":true,"href":"https:\/\/ecowise.lv\/ru\/wp-json\/wp\/v2\/product_cat?post=2670"},{"taxonomy":"product_tag","embeddable":true,"href":"https:\/\/ecowise.lv\/ru\/wp-json\/wp\/v2\/product_tag?post=2670"}],"curies":[{"name":"wp","href":"https:\/\/api.w.org\/{rel}","templated":true}]}}