{"id":2186,"date":"2023-08-31T12:35:27","date_gmt":"2023-08-31T09:35:27","guid":{"rendered":"https:\/\/ecowise.lv\/?post_type=product&#038;p=2186"},"modified":"2023-10-28T17:26:40","modified_gmt":"2023-10-28T14:26:40","slug":"pacific","status":"publish","type":"product","link":"https:\/\/ecowise.lv\/ru\/product\/pacific\/","title":{"rendered":"PACIFIC"},"content":{"rendered":"<div id=\"tw-target-text-container\" class=\"tw-ta-container F0azHf tw-nfl\" tabindex=\"0\">\n<ul>\n<li id=\"tw-target-text\" class=\"tw-data-text tw-text-large tw-ta\" dir=\"ltr\" data-placeholder=\"Translation\"><span class=\"Y2IQFc\" lang=\"lv\">\"PACIFIC\" - \u044d\u0442\u043e \u0432\u044b\u0441\u043e\u043a\u043e\u043f\u0440\u043e\u0438\u0437\u0432\u043e\u0434\u0438\u0442\u0435\u043b\u044c\u043d\u044b\u0439 \u043a\u043b\u0438\u043c\u0430\u0442\u0438\u0447\u0435\u0441\u043a\u0438\u0439 \u043b\u0443\u0447, \u043f\u0440\u0435\u0434\u043d\u0430\u0437\u043d\u0430\u0447\u0435\u043d\u043d\u044b\u0439 \u0434\u043b\u044f \u0443\u0441\u0442\u0430\u043d\u043e\u0432\u043a\u0438 \u0432 \u043f\u043e\u0434\u0432\u0435\u0441\u043d\u044b\u0445 \u043f\u043e\u0442\u043e\u043b\u043a\u0430\u0445. <\/span><\/li>\n<li class=\"tw-data-text tw-text-large tw-ta\" dir=\"ltr\" data-placeholder=\"Translation\"><span class=\"Y2IQFc\" lang=\"lv\">\u0411\u043b\u0430\u0433\u043e\u0434\u0430\u0440\u044f \u0431\u043e\u043b\u044c\u0448\u043e\u0439 \u0432\u0441\u0442\u0440\u043e\u0435\u043d\u043d\u043e\u0439 \u0433\u0438\u0431\u043a\u043e\u0441\u0442\u0438, \u044d\u0442\u043e\u0442 \u043f\u0440\u043e\u0434\u0443\u043a\u0442 \u0440\u0430\u0437\u0440\u0430\u0431\u043e\u0442\u0430\u043d \u0434\u043b\u044f \u0443\u0434\u043e\u0432\u043b\u0435\u0442\u0432\u043e\u0440\u0435\u043d\u0438\u044f \u043a\u0430\u043a \u0441\u0435\u0433\u043e\u0434\u043d\u044f\u0448\u043d\u0438\u0445, \u0442\u0430\u043a \u0438 \u0437\u0430\u0432\u0442\u0440\u0430\u0448\u043d\u0438\u0445 \u043f\u043e\u0442\u0440\u0435\u0431\u043d\u043e\u0441\u0442\u0435\u0439. <\/span><\/li>\n<li class=\"tw-data-text tw-text-large tw-ta\" dir=\"ltr\" data-placeholder=\"Translation\"><span class=\"Y2IQFc\" lang=\"lv\">\u041c\u043e\u0434\u0443\u043b\u044c\u043d\u0430\u044f \u043a\u043e\u043d\u0441\u0442\u0440\u0443\u043a\u0446\u0438\u044f \u043f\u0440\u0435\u0434\u043b\u0430\u0433\u0430\u0435\u0442 \u0431\u043e\u043b\u044c\u0448\u0443\u044e \u0441\u0432\u043e\u0431\u043e\u0434\u0443 \u0432\u044b\u0431\u043e\u0440\u0430 \u0434\u043b\u044f \u043d\u0430\u0441\u0442\u0440\u043e\u0439\u043a\u0438 \u0435\u0433\u043e \u0440\u0430\u0441\u043f\u043e\u043b\u043e\u0436\u0435\u043d\u0438\u044f \u0432 \u0441\u043e\u043e\u0442\u0432\u0435\u0442\u0441\u0442\u0432\u0438\u0438 \u0441 \u0442\u0435\u043a\u0443\u0449\u0438\u043c\u0438 \u043f\u043e\u0442\u0440\u0435\u0431\u043d\u043e\u0441\u0442\u044f\u043c\u0438. <\/span><\/li>\n<li class=\"tw-data-text tw-text-large tw-ta\" dir=\"ltr\" data-placeholder=\"Translation\"><span class=\"Y2IQFc\" lang=\"lv\">\u0412\u043e\u0437\u0434\u0443\u0445 \u043f\u043e\u0434\u0430\u0447\u0438, \u043e\u0445\u043b\u0430\u0436\u0434\u0435\u043d\u0438\u0435 \u0438 \u043e\u0442\u043e\u043f\u043b\u0435\u043d\u0438\u0435 <\/span><\/li>\n<li class=\"tw-data-text tw-text-large tw-ta\" dir=\"ltr\" data-placeholder=\"Translation\"><span class=\"Y2IQFc\" lang=\"lv\">\u0412\u043e\u0437\u0434\u0443\u0445 \u043f\u043e\u0434\u0430\u0447\u0438, \u043e\u0445\u043b\u0430\u0436\u0434\u0435\u043d\u0438\u0435 \u0438 \u044d\u043b\u0435\u043a\u0442\u0440\u0438\u0447\u0435\u0441\u043a\u043e\u0435 \u043e\u0442\u043e\u043f\u043b\u0435\u043d\u0438\u0435 <\/span><\/li>\n<li class=\"tw-data-text tw-text-large tw-ta\" dir=\"ltr\" data-placeholder=\"Translation\"><span class=\"Y2IQFc\" lang=\"lv\">\u0414\u043e\u043f\u043e\u043b\u043d\u0438\u0442\u0435\u043b\u044c\u043d\u044b\u0439 \u043c\u043e\u0434\u0443\u043b\u044c SA\/EA \u0441 \u0434\u043e\u043f\u043e\u043b\u043d\u0438\u0442\u0435\u043b\u044c\u043d\u044b\u043c \u0432\u043e\u0437\u0434\u0443\u0445\u043e\u043c \u043f\u043e\u0434\u0430\u0447\u0438 (SA) \u0438 \u0434\u043e\u043f\u043e\u043b\u043d\u0438\u0442\u0435\u043b\u044c\u043d\u044b\u043c \u0432\u043e\u0437\u0434\u0443\u0445\u043e\u043c \u0432\u044b\u0442\u044f\u0436\u043a\u0438 (EA) \u0432 \u0442\u043e\u0439 \u0436\u0435 \u043f\u0435\u0440\u0435\u0434\u043d\u0435\u0439 \u043f\u0430\u043d\u0435\u043b\u0438.<\/span><\/li>\n<\/ul>\n<p><span class=\"Y2IQFc\" lang=\"lv\">\u041e\u0434\u0438\u043d \u043f\u0440\u043e\u0434\u0443\u043a\u0442 \u0432 \u043f\u043e\u0442\u043e\u043b\u043a\u0435 - \u043f\u044f\u0442\u044c \u0440\u0430\u0437\u043b\u0438\u0447\u043d\u044b\u0445 \u0444\u0443\u043d\u043a\u0446\u0438\u0439! \u0417\u0430 \u043f\u0435\u0440\u0435\u0434\u043d\u0435\u0439 \u043f\u0430\u043d\u0435\u043b\u044c\u044e PACIFIC \u0432 \u0432\u0435\u0440\u0441\u0438\u0438 SA\/EA \u043d\u0430\u0445\u043e\u0434\u0438\u0442\u0441\u044f \u0434\u043e\u043f\u043e\u043b\u043d\u0438\u0442\u0435\u043b\u044c\u043d\u044b\u0439 \u043c\u043e\u0434\u0443\u043b\u044c \u0434\u043b\u044f \u0432\u043e\u0437\u0434\u0443\u0445\u0430 \u043f\u043e\u0434\u0430\u0447\u0438 (SA) \u0438\/\u0438\u043b\u0438 \u0432\u043e\u0437\u0434\u0443\u0445\u0430 \u0432\u044b\u0442\u044f\u0436\u043a\u0438 (EA). \u0412\u043c\u0435\u0441\u0442\u0435 \u0441 \u043e\u0445\u043b\u0430\u0436\u0434\u0435\u043d\u0438\u0435\u043c, \u043e\u0442\u043e\u043f\u043b\u0435\u043d\u0438\u0435\u043c \u0438 \u043f\u0435\u0440\u0432\u0438\u0447\u043d\u043e\u0439 \u043f\u043e\u0434\u0430\u0447\u0435\u0439 \u0432\u043e\u0437\u0434\u0443\u0445\u0430 \u043e\u043d \u043e\u0431\u0435\u0441\u043f\u0435\u0447\u0438\u0432\u0430\u0435\u0442 \u043e\u0442\u043b\u0438\u0447\u043d\u044b\u0439 \u043f\u0440\u043e\u0434\u0443\u043a\u0442 5-\u0432-1. \u0424\u0443\u043d\u043a\u0446\u0438\u0438 \u043f\u043e\u0437\u0432\u043e\u043b\u044f\u044e\u0442 \u044d\u043a\u043e\u043d\u043e\u043c\u0438\u0442\u044c \u0434\u0435\u043d\u044c\u0433\u0438 \u0431\u043b\u0430\u0433\u043e\u0434\u0430\u0440\u044f \u0431\u043e\u043b\u0435\u0435 \u043d\u0438\u0437\u043a\u0438\u043c \u0438\u043d\u0432\u0435\u0441\u0442\u0438\u0446\u0438\u043e\u043d\u043d\u044b\u043c \u0437\u0430\u0442\u0440\u0430\u0442\u0430\u043c \u0438 \u043f\u0440\u043e\u0441\u0442\u043e\u0442\u0435 \u0443\u0441\u0442\u0430\u043d\u043e\u0432\u043a\u0438 \u2014 \u0438 \u043e\u0431\u0435\u0441\u043f\u0435\u0447\u0438\u0432\u0430\u044e\u0442 \u043f\u0440\u0438\u0432\u043b\u0435\u043a\u0430\u0442\u0435\u043b\u044c\u043d\u043e\u0435 \u0440\u0435\u0448\u0435\u043d\u0438\u0435 \u0441 \u043e\u0434\u0438\u043d\u0430\u043a\u043e\u0432\u044b\u043c \u0434\u0438\u0437\u0430\u0439\u043d\u043e\u043c \u0434\u043b\u044f \u043d\u0435\u0441\u043a\u043e\u043b\u044c\u043a\u0438\u0445 \u0444\u0443\u043d\u043a\u0446\u0438\u0439!<\/span><\/p>\n<\/div>\n<div class=\"h-margin-top-3 h-margin-bottom-3\">\n<div class=\"row\">\n<div class=\"col\">\n<p>&nbsp;<\/p>\n<p><strong>\u0422\u0435\u0445\u043d\u0438\u0447\u0435\u0441\u043a\u0430\u044f \u0441\u043f\u0435\u0446\u0438\u0444\u0438\u043a\u0430\u0446\u0438\u044f<\/strong><\/p>\n<\/div>\n<\/div>\n<\/div>\n<div>\n<div class=\"horizontal-scroller\" data-show-scroll-icon=\"true\">\n<div class=\"horizontal-scroller__scroller\">\n<div class=\"col-sm-12 col-md-12 col-xs-12\">\n<p><strong>\u00a0<\/strong><\/p>\n<table border=\"0\">\n<tbody>\n<tr>\n<td><strong>PACIFIC<\/strong><\/td>\n<td><\/td>\n<td><\/td>\n<td><\/td>\n<\/tr>\n<tr>\n<td><strong>\u041f\u0435\u0440\u0432\u0438\u0447\u043d\u044b\u0439 \u0432\u043e\u0437\u0434\u0443\u0445<\/strong><\/td>\n<td>\u0414\u043e 75 \u043b\/\u0441<\/td>\n<td><\/td>\n<td><\/td>\n<\/tr>\n<tr>\n<td><strong>\u0414\u0438\u0430\u043f\u0430\u0437\u043e\u043d \u0434\u0430\u0432\u043b\u0435\u043d\u0438\u044f:<\/strong><\/td>\n<td>30 \u0434\u043e 150 \u041f\u0430<\/td>\n<td><\/td>\n<td><\/td>\n<\/tr>\n<tr>\n<td><strong>\u041e\u0445\u043b\u0430\u0436\u0434\u0430\u044e\u0449\u0430\u044f \u043c\u043e\u0449\u043d\u043e\u0441\u0442\u044c:<\/strong><\/td>\n<td>\u0414\u043e 3400 \u0412\u0442<\/td>\n<td><\/td>\n<td><\/td>\n<\/tr>\n<tr>\n<td><strong>\u041c\u043e\u0449\u043d\u043e\u0441\u0442\u044c \u043e\u0442\u043e\u043f\u043b\u0435\u043d\u0438\u044f:<br \/>\n<\/strong><\/td>\n<td>\u0412\u043e\u0434\u0430: \u0414\u043e 3500 \u0412\u0442<\/td>\n<td>\u042d\u043b\u0435\u043a\u0442\u0440\u0438\u0447\u0435\u0441\u043a\u0430\u044f: \u0414\u043e 1000 \u0412\u0442<\/td>\n<td><\/td>\n<\/tr>\n<tr>\n<td><strong>\u0414\u043b\u0438\u043d\u0430:<\/strong><\/td>\n<td>1200 \/ 1800 \/ 2400 \/ 3000 \u043c\u043c*<\/td>\n<td><em>\u00a0<\/em><\/td>\n<td><\/td>\n<\/tr>\n<tr>\n<td><strong>\u0428\u0438\u0440\u0438\u043d\u0430:<\/strong><\/td>\n<td>\u043c\u0438\u043d. 594 \u043c\u043c \/ \u043c\u0430\u043a\u0441. 667 \u043c\u043c*<\/td>\n<td><em>\u00a0<\/em><\/td>\n<td><\/td>\n<\/tr>\n<tr>\n<td><strong>\u0412\u044b\u0441\u043e\u0442\u0430:<\/strong><\/td>\n<td>163 \u043c\u043c \u2013 \u00d8100 \u043c\u043c \u043f\u043e\u0434\u043a\u043b\u044e\u0447\u0435\u043d\u0438\u0435 \u0432\u043e\u0437\u0434\u0443\u0445\u0430<\/td>\n<td>189 \u043c\u043c \u2013 \u00d8125 \u043c\u043c \u043f\u043e\u0434\u043a\u043b\u044e\u0447\u0435\u043d\u0438\u0435<\/td>\n<td>\u0432\u043e\u0437\u0434\u0443\u0445\u0430 277 \u043c\u043c \u2013 \u00d8160 \u043c\u043c \u043f\u043e\u0434\u043a\u043b\u044e\u0447\u0435\u043d\u0438\u0435 \u0432\u043e\u0437\u0434\u0443\u0445\u0430<\/td>\n<\/tr>\n<tr>\n<td colspan=\"4\">&nbsp;<\/p>\n<p><em style=\"font-family: inherit; font-size: inherit;\"><span class=\"Y2IQFc\" lang=\"lv\">\u0420\u0430\u0437\u043c\u0435\u0440\u044b PACIFIC \u043f\u043e \u0434\u043b\u0438\u043d\u0435 \u0438 \u0448\u0438\u0440\u0438\u043d\u0435 \u0441\u043e\u043e\u0442\u0432\u0435\u0442\u0441\u0442\u0432\u0443\u044e\u0442 \u0431\u043e\u043b\u044c\u0448\u0438\u043d\u0441\u0442\u0432\u0443 \u043f\u043e\u0434\u0432\u0435\u0441\u043d\u044b\u0445 \u043f\u043e\u0442\u043e\u043b\u043a\u043e\u0432, \u0434\u043e\u0441\u0442\u0443\u043f\u043d\u044b\u0445 \u043d\u0430 \u0440\u044b\u043d\u043a\u0435.<\/span><\/em><\/p>\n<p>&nbsp;<\/td>\n<\/tr>\n<tr>\n<td><strong>\u0414\u043e\u043f\u043e\u043b\u043d\u0438\u0442\u0435\u043b\u044c\u043d\u044b\u0439 \u043c\u043e\u0434\u0443\u043b\u044c SA\/EA<br \/>\n<\/strong><\/td>\n<td><\/td>\n<td><\/td>\n<td><\/td>\n<\/tr>\n<tr>\n<td><strong>\u0412\u043e\u0437\u0434\u0443\u0445 \u043f\u043e\u0434\u0430\u0447\u0438 SA:<\/strong><\/td>\n<td>\u0414\u043e 65 \u043b\/\u0441<\/td>\n<td><\/td>\n<td><\/td>\n<\/tr>\n<tr>\n<td><strong>\u041e\u0445\u043b\u0430\u0436\u0434\u0430\u044e\u0449\u0430\u044f \u043c\u043e\u0449\u043d\u043e\u0441\u0442\u044c SA:<\/strong><strong>:<\/strong><\/td>\n<td>\u0414\u043e 470 \u0412\u0442<\/td>\n<td><\/td>\n<td><\/td>\n<\/tr>\n<tr>\n<td><strong>\u0412\u043e\u0437\u0434\u0443\u0445 \u0432\u044b\u0442\u044f\u0436\u043a\u0438 EA:<\/strong><\/td>\n<td>\u041c\u0430\u043a\u0441. 100 \u043b\/\u0441<\/td>\n<td><\/td>\n<td><\/td>\n<\/tr>\n<\/tbody>\n<\/table>\n<p>&nbsp;<\/p>\n<\/div>\n<\/div>\n<\/div>\n<\/div>","protected":false},"excerpt":{"rendered":"<h4 id=\"tw-target-text\" class=\"tw-data-text tw-text-large tw-ta\" dir=\"ltr\" data-placeholder=\"Translation\"><span class=\"Y2IQFc\" lang=\"lv\">\u0418\u043d\u0442\u0435\u0433\u0440\u0438\u0440\u043e\u0432\u0430\u043d\u043d\u044b\u0439 \u041a\u043b\u0438\u043c\u0430\u0442\u0438\u0447\u0435\u0441\u043a\u0438\u0439 \u041b\u0443\u0447 \u0441 \u041e\u0445\u043b\u0430\u0436\u0434\u0435\u043d\u0438\u0435\u043c, \u041e\u0442\u043e\u043f\u043b\u0435\u043d\u0438\u0435\u043c \u0438 \u0412\u0435\u043d\u0442\u0438\u043b\u044f\u0446\u0438\u0435\u0439<\/span><\/h4>","protected":false},"featured_media":2190,"template":"","meta":{"_acf_changed":false,"inline_featured_image":false,"_links_to":"","_links_to_target":""},"product_brand":[],"product_cat":[82],"product_tag":[],"class_list":{"0":"post-2186","1":"product","2":"type-product","3":"status-publish","4":"has-post-thumbnail","6":"product_cat-dzesesanas-konsoles","8":"first","9":"instock","10":"shipping-taxable","11":"product-type-simple"},"acf":[],"yoast_head":"<!-- This site is optimized with the Yoast SEO plugin v27.0 - https:\/\/yoast.com\/product\/yoast-seo-wordpress\/ -->\n<title>PACIFIC - Ecowise<\/title>\n<meta name=\"robots\" content=\"index, follow, max-snippet:-1, max-image-preview:large, max-video-preview:-1\" \/>\n<link rel=\"canonical\" href=\"https:\/\/ecowise.lv\/ru\/product\/pacific\/\" \/>\n<meta property=\"og:locale\" content=\"ru_RU\" \/>\n<meta property=\"og:type\" content=\"article\" \/>\n<meta property=\"og:title\" content=\"PACIFIC - Ecowise\" \/>\n<meta property=\"og:description\" content=\"Integr\u0113ta klimata sija ar dzes\u0113\u0161anu, apkuri un ventil\u0101ciju\" \/>\n<meta property=\"og:url\" content=\"https:\/\/ecowise.lv\/ru\/product\/pacific\/\" \/>\n<meta property=\"og:site_name\" content=\"Ecowise\" \/>\n<meta property=\"article:modified_time\" content=\"2023-10-28T14:26:40+00:00\" \/>\n<meta property=\"og:image\" content=\"https:\/\/ecowise.lv\/wp-content\/uploads\/2023\/08\/pacific2-productimage.png\" \/>\n\t<meta property=\"og:image:width\" content=\"815\" \/>\n\t<meta property=\"og:image:height\" content=\"576\" \/>\n\t<meta property=\"og:image:type\" content=\"image\/png\" \/>\n<meta name=\"twitter:card\" content=\"summary_large_image\" \/>\n<meta name=\"twitter:label1\" content=\"\u041f\u0440\u0438\u043c\u0435\u0440\u043d\u043e\u0435 \u0432\u0440\u0435\u043c\u044f \u0434\u043b\u044f \u0447\u0442\u0435\u043d\u0438\u044f\" \/>\n\t<meta name=\"twitter:data1\" content=\"2 \u043c\u0438\u043d\u0443\u0442\u044b\" \/>\n<script type=\"application\/ld+json\" class=\"yoast-schema-graph\">{\"@context\":\"https:\/\/schema.org\",\"@graph\":[{\"@type\":\"WebPage\",\"@id\":\"https:\/\/ecowise.lv\/product\/pacific\/\",\"url\":\"https:\/\/ecowise.lv\/product\/pacific\/\",\"name\":\"PACIFIC - Ecowise\",\"isPartOf\":{\"@id\":\"https:\/\/ecowise.lv\/#website\"},\"primaryImageOfPage\":{\"@id\":\"https:\/\/ecowise.lv\/product\/pacific\/#primaryimage\"},\"image\":{\"@id\":\"https:\/\/ecowise.lv\/product\/pacific\/#primaryimage\"},\"thumbnailUrl\":\"https:\/\/ecowise.lv\/wp-content\/uploads\/2023\/08\/pacific2-productimage.png\",\"datePublished\":\"2023-08-31T09:35:27+00:00\",\"dateModified\":\"2023-10-28T14:26:40+00:00\",\"breadcrumb\":{\"@id\":\"https:\/\/ecowise.lv\/product\/pacific\/#breadcrumb\"},\"inLanguage\":\"ru-RU\",\"potentialAction\":[{\"@type\":\"ReadAction\",\"target\":[\"https:\/\/ecowise.lv\/product\/pacific\/\"]}]},{\"@type\":\"ImageObject\",\"inLanguage\":\"ru-RU\",\"@id\":\"https:\/\/ecowise.lv\/product\/pacific\/#primaryimage\",\"url\":\"https:\/\/ecowise.lv\/wp-content\/uploads\/2023\/08\/pacific2-productimage.png\",\"contentUrl\":\"https:\/\/ecowise.lv\/wp-content\/uploads\/2023\/08\/pacific2-productimage.png\",\"width\":815,\"height\":576},{\"@type\":\"BreadcrumbList\",\"@id\":\"https:\/\/ecowise.lv\/product\/pacific\/#breadcrumb\",\"itemListElement\":[{\"@type\":\"ListItem\",\"position\":1,\"name\":\"Products\",\"item\":\"https:\/\/ecowise.lv\/shop\/\"},{\"@type\":\"ListItem\",\"position\":2,\"name\":\"PACIFIC\"}]},{\"@type\":\"WebSite\",\"@id\":\"https:\/\/ecowise.lv\/#website\",\"url\":\"https:\/\/ecowise.lv\/\",\"name\":\"Ecowise\",\"description\":\"Ener\u0123ijas pat\u0113ri\u0146a samazin\u0101jums\",\"publisher\":{\"@id\":\"https:\/\/ecowise.lv\/#organization\"},\"potentialAction\":[{\"@type\":\"SearchAction\",\"target\":{\"@type\":\"EntryPoint\",\"urlTemplate\":\"https:\/\/ecowise.lv\/?s={search_term_string}\"},\"query-input\":{\"@type\":\"PropertyValueSpecification\",\"valueRequired\":true,\"valueName\":\"search_term_string\"}}],\"inLanguage\":\"ru-RU\"},{\"@type\":\"Organization\",\"@id\":\"https:\/\/ecowise.lv\/#organization\",\"name\":\"Ecowise\",\"url\":\"https:\/\/ecowise.lv\/\",\"logo\":{\"@type\":\"ImageObject\",\"inLanguage\":\"ru-RU\",\"@id\":\"https:\/\/ecowise.lv\/#\/schema\/logo\/image\/\",\"url\":\"https:\/\/ecowise.lv\/wp-content\/uploads\/2023\/03\/logo.svg\",\"contentUrl\":\"https:\/\/ecowise.lv\/wp-content\/uploads\/2023\/03\/logo.svg\",\"width\":207,\"height\":27,\"caption\":\"Ecowise\"},\"image\":{\"@id\":\"https:\/\/ecowise.lv\/#\/schema\/logo\/image\/\"}}]}<\/script>\n<!-- \/ Yoast SEO plugin. -->","yoast_head_json":{"title":"PACIFIC - Ecowise","robots":{"index":"index","follow":"follow","max-snippet":"max-snippet:-1","max-image-preview":"max-image-preview:large","max-video-preview":"max-video-preview:-1"},"canonical":"https:\/\/ecowise.lv\/ru\/product\/pacific\/","og_locale":"ru_RU","og_type":"article","og_title":"PACIFIC - Ecowise","og_description":"Integr\u0113ta klimata sija ar dzes\u0113\u0161anu, apkuri un ventil\u0101ciju","og_url":"https:\/\/ecowise.lv\/ru\/product\/pacific\/","og_site_name":"Ecowise","article_modified_time":"2023-10-28T14:26:40+00:00","og_image":[{"width":815,"height":576,"url":"https:\/\/ecowise.lv\/wp-content\/uploads\/2023\/08\/pacific2-productimage.png","type":"image\/png"}],"twitter_card":"summary_large_image","twitter_misc":{"\u041f\u0440\u0438\u043c\u0435\u0440\u043d\u043e\u0435 \u0432\u0440\u0435\u043c\u044f \u0434\u043b\u044f \u0447\u0442\u0435\u043d\u0438\u044f":"2 \u043c\u0438\u043d\u0443\u0442\u044b"},"schema":{"@context":"https:\/\/schema.org","@graph":[{"@type":"WebPage","@id":"https:\/\/ecowise.lv\/product\/pacific\/","url":"https:\/\/ecowise.lv\/product\/pacific\/","name":"PACIFIC - Ecowise","isPartOf":{"@id":"https:\/\/ecowise.lv\/#website"},"primaryImageOfPage":{"@id":"https:\/\/ecowise.lv\/product\/pacific\/#primaryimage"},"image":{"@id":"https:\/\/ecowise.lv\/product\/pacific\/#primaryimage"},"thumbnailUrl":"https:\/\/ecowise.lv\/wp-content\/uploads\/2023\/08\/pacific2-productimage.png","datePublished":"2023-08-31T09:35:27+00:00","dateModified":"2023-10-28T14:26:40+00:00","breadcrumb":{"@id":"https:\/\/ecowise.lv\/product\/pacific\/#breadcrumb"},"inLanguage":"ru-RU","potentialAction":[{"@type":"ReadAction","target":["https:\/\/ecowise.lv\/product\/pacific\/"]}]},{"@type":"ImageObject","inLanguage":"ru-RU","@id":"https:\/\/ecowise.lv\/product\/pacific\/#primaryimage","url":"https:\/\/ecowise.lv\/wp-content\/uploads\/2023\/08\/pacific2-productimage.png","contentUrl":"https:\/\/ecowise.lv\/wp-content\/uploads\/2023\/08\/pacific2-productimage.png","width":815,"height":576},{"@type":"BreadcrumbList","@id":"https:\/\/ecowise.lv\/product\/pacific\/#breadcrumb","itemListElement":[{"@type":"ListItem","position":1,"name":"Products","item":"https:\/\/ecowise.lv\/shop\/"},{"@type":"ListItem","position":2,"name":"PACIFIC"}]},{"@type":"WebSite","@id":"https:\/\/ecowise.lv\/#website","url":"https:\/\/ecowise.lv\/","name":"Ecowise","description":"Ener\u0123ijas pat\u0113ri\u0146a samazin\u0101jums","publisher":{"@id":"https:\/\/ecowise.lv\/#organization"},"potentialAction":[{"@type":"SearchAction","target":{"@type":"EntryPoint","urlTemplate":"https:\/\/ecowise.lv\/?s={search_term_string}"},"query-input":{"@type":"PropertyValueSpecification","valueRequired":true,"valueName":"search_term_string"}}],"inLanguage":"ru-RU"},{"@type":"Organization","@id":"https:\/\/ecowise.lv\/#organization","name":"Ecowise","url":"https:\/\/ecowise.lv\/","logo":{"@type":"ImageObject","inLanguage":"ru-RU","@id":"https:\/\/ecowise.lv\/#\/schema\/logo\/image\/","url":"https:\/\/ecowise.lv\/wp-content\/uploads\/2023\/03\/logo.svg","contentUrl":"https:\/\/ecowise.lv\/wp-content\/uploads\/2023\/03\/logo.svg","width":207,"height":27,"caption":"Ecowise"},"image":{"@id":"https:\/\/ecowise.lv\/#\/schema\/logo\/image\/"}}]}},"_links":{"self":[{"href":"https:\/\/ecowise.lv\/ru\/wp-json\/wp\/v2\/product\/2186","targetHints":{"allow":["GET"]}}],"collection":[{"href":"https:\/\/ecowise.lv\/ru\/wp-json\/wp\/v2\/product"}],"about":[{"href":"https:\/\/ecowise.lv\/ru\/wp-json\/wp\/v2\/types\/product"}],"wp:featuredmedia":[{"embeddable":true,"href":"https:\/\/ecowise.lv\/ru\/wp-json\/wp\/v2\/media\/2190"}],"wp:attachment":[{"href":"https:\/\/ecowise.lv\/ru\/wp-json\/wp\/v2\/media?parent=2186"}],"wp:term":[{"taxonomy":"product_brand","embeddable":true,"href":"https:\/\/ecowise.lv\/ru\/wp-json\/wp\/v2\/product_brand?post=2186"},{"taxonomy":"product_cat","embeddable":true,"href":"https:\/\/ecowise.lv\/ru\/wp-json\/wp\/v2\/product_cat?post=2186"},{"taxonomy":"product_tag","embeddable":true,"href":"https:\/\/ecowise.lv\/ru\/wp-json\/wp\/v2\/product_tag?post=2186"}],"curies":[{"name":"wp","href":"https:\/\/api.w.org\/{rel}","templated":true}]}}