{"id":2166,"date":"2023-08-31T12:15:35","date_gmt":"2023-08-31T09:15:35","guid":{"rendered":"https:\/\/ecowise.lv\/?post_type=product&#038;p=2166"},"modified":"2023-10-28T17:33:38","modified_gmt":"2023-10-28T14:33:38","slug":"wise-adriatic","status":"publish","type":"product","link":"https:\/\/ecowise.lv\/ru\/product\/wise-adriatic\/","title":{"rendered":"WISE Adriatic"},"content":{"rendered":"<ul>\n<li id=\"tw-target-text\" class=\"tw-data-text tw-text-large tw-ta\" dir=\"ltr\" data-placeholder=\"Translation\"><span class=\"Y2IQFc\" lang=\"lv\">\u041e\u0445\u043b\u0430\u0436\u0434\u0430\u044e\u0449\u0430\u044f \u043a\u043e\u043d\u0441\u043e\u043b\u044c \u043f\u043e \u0437\u0430\u043f\u0440\u043e\u0441\u0443 \u0434\u043b\u044f \u043a\u043e\u043d\u0442\u0440\u043e\u043b\u0438\u0440\u0443\u0435\u043c\u043e\u0433\u043e \u0432\u043d\u0443\u0442\u0440\u0435\u043d\u043d\u0435\u0433\u043e \u043a\u043b\u0438\u043c\u0430\u0442\u0430, \u0438\u043d\u0442\u0435\u0433\u0440\u0438\u0440\u043e\u0432\u0430\u043d\u043d\u0430\u044f \u0432 \u0443\u043f\u0440\u0430\u0432\u043b\u044f\u044e\u0449\u0443\u044e \u043f\u043b\u0430\u0442\u0444\u043e\u0440\u043c\u0443 Swegon WISE <\/span><\/li>\n<li class=\"tw-data-text tw-text-large tw-ta\" dir=\"ltr\" data-placeholder=\"Translation\"><span class=\"Y2IQFc\" lang=\"lv\">\u041a\u043b\u0438\u043c\u0430\u0442\u0438\u0447\u0435\u0441\u043a\u0438\u0439 \u043b\u0443\u0447 \u0434\u043b\u044f \u043e\u0445\u043b\u0430\u0436\u0434\u0435\u043d\u0438\u044f, \u043e\u0431\u043e\u0433\u0440\u0435\u0432\u0430 \u0438 \u0432\u0435\u043d\u0442\u0438\u043b\u044f\u0446\u0438\u0438 <\/span><\/li>\n<li class=\"tw-data-text tw-text-large tw-ta\" dir=\"ltr\" data-placeholder=\"Translation\"><span class=\"Y2IQFc\" lang=\"lv\">\u041f\u0440\u0435\u0434\u043d\u0430\u0437\u043d\u0430\u0447\u0435\u043d \u0434\u043b\u044f \u043f\u043e\u0434\u0432\u0435\u0441\u043d\u043e\u0439 \u0443\u0441\u0442\u0430\u043d\u043e\u0432\u043a\u0438 \u0438\u043b\u0438 \u043c\u043e\u043d\u0442\u0430\u0436\u0430 \u043d\u0435\u043f\u043e\u0441\u0440\u0435\u0434\u0441\u0442\u0432\u0435\u043d\u043d\u043e \u043d\u0430 \u043f\u043e\u0442\u043e\u043b\u043e\u043a <\/span><\/li>\n<li class=\"tw-data-text tw-text-large tw-ta\" dir=\"ltr\" data-placeholder=\"Translation\"><span class=\"Y2IQFc\" lang=\"lv\">\u041f\u043e\u043b\u043d\u044b\u0439 \u043f\u0440\u043e\u0434\u0443\u043a\u0442 \u0441 \u0438\u043d\u0442\u0435\u0433\u0440\u0438\u0440\u043e\u0432\u0430\u043d\u043d\u044b\u043c \u043a\u043b\u0430\u043f\u0430\u043d\u043e\u043c \u0434\u043b\u044f \u043a\u043e\u043d\u0442\u0440\u043e\u043b\u044f \u043f\u0435\u0440\u0435\u043c\u0435\u043d\u043d\u043e\u0433\u043e \u0432\u043e\u0437\u0434\u0443\u0448\u043d\u043e\u0433\u043e \u043f\u043e\u0442\u043e\u043a\u0430 0-100% <\/span><\/li>\n<li class=\"tw-data-text tw-text-large tw-ta\" dir=\"ltr\" data-placeholder=\"Translation\"><span class=\"Y2IQFc\" lang=\"lv\">\u042d\u043d\u0435\u0440\u0433\u043e\u044d\u0444\u0444\u0435\u043a\u0442\u0438\u0432\u043d\u0430\u044f \u0440\u0430\u0431\u043e\u0442\u0430, \u0442\u0430\u043a \u043a\u0430\u043a \u043f\u043e\u043c\u0435\u0449\u0435\u043d\u0438\u0435 \u0432\u0435\u043d\u0442\u0438\u043b\u0438\u0440\u0443\u0435\u0442\u0441\u044f, \u043e\u0431\u043e\u0433\u0440\u0435\u0432\u0430\u0435\u0442\u0441\u044f \u0438 \u043e\u0445\u043b\u0430\u0436\u0434\u0430\u0435\u0442\u0441\u044f \u0442\u043e\u0447\u043d\u043e \u0442\u0430\u043a, \u043a\u0430\u043a \u0442\u0440\u0435\u0431\u0443\u0435\u0442\u0441\u044f \u043f\u043e \u043d\u0430\u0433\u0440\u0443\u0437\u043a\u0435 \u043f\u043e\u043c\u0435\u0449\u0435\u043d\u0438\u044f, \u043d\u0435 \u0431\u043e\u043b\u044c\u0448\u0435 \u0438 \u043d\u0435 \u043c\u0435\u043d\u044c\u0448\u0435 <\/span><\/li>\n<li class=\"tw-data-text tw-text-large tw-ta\" dir=\"ltr\" data-placeholder=\"Translation\"><span class=\"Y2IQFc\" lang=\"lv\">\u041d\u0430\u0438\u0432\u044b\u0441\u0448\u0438\u0439 \u0432\u043e\u0437\u043c\u043e\u0436\u043d\u044b\u0439 \u043a\u043e\u043c\u0444\u043e\u0440\u0442 \u0441 \u0438\u043d\u0434\u0438\u0432\u0438\u0434\u0443\u0430\u043b\u044c\u043d\u044b\u043c \u0443\u043f\u0440\u0430\u0432\u043b\u0435\u043d\u0438\u0435\u043c \u043d\u0430 \u0443\u0440\u043e\u0432\u043d\u0435 \u043f\u0440\u043e\u0434\u0443\u043a\u0442\u0430 \u0438\u043b\u0438 \u043f\u043e\u043c\u0435\u0449\u0435\u043d\u0438\u044f <\/span><\/li>\n<li class=\"tw-data-text tw-text-large tw-ta\" dir=\"ltr\" data-placeholder=\"Translation\"><span class=\"Y2IQFc\" lang=\"lv\">\u041f\u0440\u043e\u0441\u0442\u0430\u044f \u0443\u0441\u0442\u0430\u043d\u043e\u0432\u043a\u0430 \u0438 \u043f\u043e\u0434\u043a\u043b\u044e\u0447\u0435\u043d\u0438\u0435 \u043a \u0441\u0438\u0441\u0442\u0435\u043c\u0435 WISE <\/span><\/li>\n<li class=\"tw-data-text tw-text-large tw-ta\" dir=\"ltr\" data-placeholder=\"Translation\"><span class=\"Y2IQFc\" lang=\"lv\">\u0411\u0435\u0437 \u044d\u0444\u0444\u0435\u043a\u0442\u0430 \u0441\u043a\u0432\u043e\u0437\u043d\u044f\u043a\u0430, 2-\u0445 \u043d\u0430\u043f\u0440\u0430\u0432\u043b\u0435\u043d\u043d\u043e\u0435 \u0440\u0430\u0441\u043f\u0440\u0435\u0434\u0435\u043b\u0435\u043d\u0438\u0435 \u0432\u043e\u0437\u0434\u0443\u0445\u0430 \u0438 Swegon ADC (Anti Draft Control) \u043e\u0431\u0435\u0441\u043f\u0435\u0447\u0438\u0432\u0430\u044e\u0442 \u043c\u0430\u043a\u0441\u0438\u043c\u0430\u043b\u044c\u043d\u044b\u0439 \u043a\u043e\u043c\u0444\u043e\u0440\u0442 \u0438 \u0433\u0438\u0431\u043a\u043e\u0441\u0442\u044c \u043a\u0430\u043a \u0434\u043b\u044f \u0441\u0435\u0433\u043e\u0434\u043d\u044f\u0448\u043d\u0438\u0445, \u0442\u0430\u043a \u0438 \u0434\u043b\u044f \u0431\u0443\u0434\u0443\u0449\u0438\u0445 \u043f\u043e\u0442\u0440\u0435\u0431\u043d\u043e\u0441\u0442\u0435\u0439 <\/span><\/li>\n<li class=\"tw-data-text tw-text-large tw-ta\" dir=\"ltr\" data-placeholder=\"Translation\"><span class=\"Y2IQFc\" lang=\"lv\">\u0411\u043e\u043b\u044c\u0448\u043e\u0439 \u0440\u0430\u0431\u043e\u0447\u0438\u0439 \u0434\u0438\u0430\u043f\u0430\u0437\u043e\u043d \u0432 \u043e\u0434\u043d\u043e\u043c \u0438 \u0442\u043e\u043c \u0436\u0435 \u0438\u0437\u0434\u0435\u043b\u0438\u0438 \u0443\u043f\u0440\u043e\u0449\u0430\u0435\u0442 \u043f\u043b\u0430\u043d\u0438\u0440\u043e\u0432\u0430\u043d\u0438\u0435<\/span><\/li>\n<\/ul>\n<div class=\"h-margin-top-3 h-margin-bottom-3\">\n<div class=\"row\">\n<div class=\"col\">\n<p><strong>\u0422\u0435\u0445\u043d\u0438\u0447\u0435\u0441\u043a\u0438\u0435 \u0434\u0430\u043d\u043d\u044b\u0435<\/strong><\/p>\n<\/div>\n<\/div>\n<\/div>\n<div>\n<div class=\"horizontal-scroller\" data-show-scroll-icon=\"true\">\n<div class=\"horizontal-scroller__scroller\">\n<div class=\"col-sm-12 col-md-12 col-xs-12\">\n<table border=\"0\" width=\"100%\" cellspacing=\"0\" cellpadding=\"0\">\n<thead>\n<tr>\n<th colspan=\"2\" height=\"20\">\u0412\u0430\u0440\u0438\u0430\u043d\u0442<\/th>\n<th colspan=\"3\">\u0412\u043e\u0437\u0434\u0443\u0445 \u043f\u043e\u0434\u0430\u0447\u0438<\/th>\n<th colspan=\"2\">\u041f\u0440\u043e\u0438\u0437\u0432\u043e\u0434\u0438\u0442\u0435\u043b\u044c\u043d\u043e\u0441\u0442\u044c<\/th>\n<\/tr>\n<tr>\n<th height=\"51\">\u0420\u0430\u0437\u043c\u0435\u0440<\/th>\n<th>\u041f\u043e\u0434\u043a\u043b\u044e\u0447\u0435\u043d\u0438\u0435 \u0432\u043e\u0437\u0434\u0443\u0445\u0430<\/th>\n<th>Pa*<\/th>\n<th>\u043b\/\u0441<\/th>\n<th>\u043c<sup>3<\/sup>\/\u0447<\/th>\n<th>\u041e\u0431\u0449\u0430\u044f \u043e\u0445\u043b\u0430\u0436\u0434\u0430\u044e\u0449\u0430\u044f \u043c\u043e\u0449\u043d\u043e\u0441\u0442\u044c [\u0412\u0442]**<\/th>\n<th>\u0423\u0440\u043e\u0432\u0435\u043d\u044c \u0448\u0443\u043c\u0430 [\u0434\u0411(\u0410)] ***<\/th>\n<\/tr>\n<\/thead>\n<colgroup>\n<col span=\"7\" width=\"64\" \/><\/colgroup>\n<tbody>\n<tr>\n<td height=\"20\">1,2<\/td>\n<td>\u00d8\u00a0125<\/td>\n<td>50<\/td>\n<td>14<\/td>\n<td>50,4<\/td>\n<td>518<\/td>\n<td>&lt;20<\/td>\n<\/tr>\n<tr>\n<td height=\"20\">1,2<\/td>\n<td>\u00d8\u00a0125<\/td>\n<td>50<\/td>\n<td>21<\/td>\n<td>75,6<\/td>\n<td>596<\/td>\n<td>24<\/td>\n<\/tr>\n<tr>\n<td height=\"20\">1,8<\/td>\n<td>\u00d8\u00a0125<\/td>\n<td>50<\/td>\n<td>10<\/td>\n<td>36<\/td>\n<td>539<\/td>\n<td>&lt;20<\/td>\n<\/tr>\n<tr>\n<td height=\"20\">1,8<\/td>\n<td>\u00d8\u00a0125<\/td>\n<td>50<\/td>\n<td>20<\/td>\n<td>72<\/td>\n<td>796<\/td>\n<td>&lt;20<\/td>\n<\/tr>\n<tr>\n<td height=\"20\">1,8<\/td>\n<td>\u00d8\u00a0125<\/td>\n<td>50<\/td>\n<td>31<\/td>\n<td>111,6<\/td>\n<td>934<\/td>\n<td>25<\/td>\n<\/tr>\n<tr>\n<td height=\"20\">2,4<\/td>\n<td>\u00d8\u00a0125<\/td>\n<td>50<\/td>\n<td>14<\/td>\n<td>50,4<\/td>\n<td>788<\/td>\n<td>&lt;20<\/td>\n<\/tr>\n<tr>\n<td height=\"20\">2,4<\/td>\n<td>\u00d8\u00a0125<\/td>\n<td>50<\/td>\n<td>30<\/td>\n<td>108<\/td>\n<td>1101<\/td>\n<td>21<\/td>\n<\/tr>\n<tr>\n<td height=\"20\">2,4<\/td>\n<td>\u00d8\u00a0125<\/td>\n<td>50<\/td>\n<td>44<\/td>\n<td>158,4<\/td>\n<td>1236<\/td>\n<td>28<\/td>\n<\/tr>\n<tr>\n<td height=\"20\">3,0<\/td>\n<td>\u00d8\u00a0125<\/td>\n<td>50<\/td>\n<td>17<\/td>\n<td>61,2<\/td>\n<td>946<\/td>\n<td>&lt;20<\/td>\n<\/tr>\n<tr>\n<td height=\"20\">3,0<\/td>\n<td>\u00d8\u00a0125<\/td>\n<td>50<\/td>\n<td>34<\/td>\n<td>122,4<\/td>\n<td>1298<\/td>\n<td>20<\/td>\n<\/tr>\n<tr>\n<td height=\"20\">3,0<\/td>\n<td>\u00d8\u00a0125<\/td>\n<td>50<\/td>\n<td>52<\/td>\n<td>187,2<\/td>\n<td>1467<\/td>\n<td>30<\/td>\n<\/tr>\n<\/tbody>\n<\/table>\n<p>*\u041e\u0431\u0449\u0435\u0435 \u0434\u0430\u0432\u043b\u0435\u043d\u0438\u0435 \u043e\u0442 \u0432\u043e\u0437\u0434\u0443\u0445\u043e\u0432\u043e\u0434\u0430 (\u041f\u0430)<br \/>\n**\u0412\u043e\u0437\u0434\u0443\u0445: \u0394T<sub>\u0432\u043e\u0437\u0434\u0443\u0445<\/sub>=7\u041a, \u0412\u043e\u0434\u0430: \u0394T<sub>mk<\/sub>=8.5\u041a, \u0440\u0430\u0441\u0445\u043e\u0434 \u0432\u043e\u0434\u044b=0.05 \u043b\/\u0441 \u0434\u043b\u044f 1.2 \u043c \u0438 1.8 \u043c, \u0440\u0430\u0441\u0445\u043e\u0434 \u0432\u043e\u0434\u044b=0.1 \u043b\/\u0441 \u0434\u043b\u044f 2.4 \u043c \u0438 3.0 \u043c.<br \/>\n***\u0421 \u0443\u0447\u0435\u0442\u043e\u043c -4\u0434\u0411 \u0437\u0432\u0443\u043a\u043e\u0438\u0437\u043e\u043b\u044f\u0446\u0438\u0438 \u043f\u043e\u043c\u0435\u0449\u0435\u043d\u0438\u044f.<\/p>\n<\/div>\n<\/div>\n<\/div>\n<\/div>","protected":false},"excerpt":{"rendered":"<h4 id=\"tw-target-text\" class=\"tw-data-text tw-text-large tw-ta\" dir=\"ltr\" data-placeholder=\"Translation\"><span class=\"Y2IQFc\" lang=\"lv\">\u041e\u0445\u043b\u0430\u0436\u0434\u0430\u044e\u0449\u0430\u044f \u043a\u043e\u043d\u0441\u043e\u043b\u044c \u0434\u043b\u044f \u0441\u0438\u0441\u0442\u0435\u043c\u044b Swegon WISE, \u043e\u0431\u0435\u0441\u043f\u0435\u0447\u0438\u0432\u0430\u044e\u0449\u0430\u044f \u0432\u0435\u043d\u0442\u0438\u043b\u044f\u0446\u0438\u044e \u043f\u043e \u0437\u0430\u043f\u0440\u043e\u0441\u0443<\/span><\/h4>","protected":false},"featured_media":2176,"template":"","meta":{"_acf_changed":false,"inline_featured_image":false,"_links_to":"","_links_to_target":""},"product_brand":[],"product_cat":[82,58],"product_tag":[],"class_list":{"0":"post-2166","1":"product","2":"type-product","3":"status-publish","4":"has-post-thumbnail","6":"product_cat-dzesesanas-konsoles","7":"product_cat-ventilacija-pec-pieprasijuma","9":"first","10":"instock","11":"shipping-taxable","12":"product-type-simple"},"acf":[],"yoast_head":"<!-- This site is optimized with the Yoast SEO plugin v27.0 - https:\/\/yoast.com\/product\/yoast-seo-wordpress\/ -->\n<title>WISE Adriatic - Ecowise<\/title>\n<meta name=\"robots\" content=\"index, follow, max-snippet:-1, max-image-preview:large, max-video-preview:-1\" \/>\n<link rel=\"canonical\" href=\"https:\/\/ecowise.lv\/ru\/product\/wise-adriatic\/\" \/>\n<meta property=\"og:locale\" content=\"ru_RU\" \/>\n<meta property=\"og:type\" content=\"article\" \/>\n<meta property=\"og:title\" content=\"WISE Adriatic - Ecowise\" \/>\n<meta property=\"og:description\" content=\"Dzes\u0113\u0161anas konsole Swegon WISE sist\u0113mai, kas nodro\u0161ina ventil\u0101ciju p\u0113c piepras\u012bjuma\" \/>\n<meta property=\"og:url\" content=\"https:\/\/ecowise.lv\/ru\/product\/wise-adriatic\/\" \/>\n<meta property=\"og:site_name\" content=\"Ecowise\" \/>\n<meta property=\"article:modified_time\" content=\"2023-10-28T14:33:38+00:00\" \/>\n<meta property=\"og:image\" content=\"https:\/\/ecowise.lv\/wp-content\/uploads\/2023\/08\/wise_adriatic_elipse.png\" \/>\n\t<meta property=\"og:image:width\" content=\"768\" \/>\n\t<meta property=\"og:image:height\" content=\"576\" \/>\n\t<meta property=\"og:image:type\" content=\"image\/png\" \/>\n<meta name=\"twitter:card\" content=\"summary_large_image\" \/>\n<meta name=\"twitter:label1\" content=\"\u041f\u0440\u0438\u043c\u0435\u0440\u043d\u043e\u0435 \u0432\u0440\u0435\u043c\u044f \u0434\u043b\u044f \u0447\u0442\u0435\u043d\u0438\u044f\" \/>\n\t<meta name=\"twitter:data1\" content=\"2 \u043c\u0438\u043d\u0443\u0442\u044b\" \/>\n<script type=\"application\/ld+json\" class=\"yoast-schema-graph\">{\"@context\":\"https:\/\/schema.org\",\"@graph\":[{\"@type\":\"WebPage\",\"@id\":\"https:\/\/ecowise.lv\/product\/wise-adriatic\/\",\"url\":\"https:\/\/ecowise.lv\/product\/wise-adriatic\/\",\"name\":\"WISE Adriatic - Ecowise\",\"isPartOf\":{\"@id\":\"https:\/\/ecowise.lv\/#website\"},\"primaryImageOfPage\":{\"@id\":\"https:\/\/ecowise.lv\/product\/wise-adriatic\/#primaryimage\"},\"image\":{\"@id\":\"https:\/\/ecowise.lv\/product\/wise-adriatic\/#primaryimage\"},\"thumbnailUrl\":\"https:\/\/ecowise.lv\/wp-content\/uploads\/2023\/08\/wise_adriatic_elipse.png\",\"datePublished\":\"2023-08-31T09:15:35+00:00\",\"dateModified\":\"2023-10-28T14:33:38+00:00\",\"breadcrumb\":{\"@id\":\"https:\/\/ecowise.lv\/product\/wise-adriatic\/#breadcrumb\"},\"inLanguage\":\"ru-RU\",\"potentialAction\":[{\"@type\":\"ReadAction\",\"target\":[\"https:\/\/ecowise.lv\/product\/wise-adriatic\/\"]}]},{\"@type\":\"ImageObject\",\"inLanguage\":\"ru-RU\",\"@id\":\"https:\/\/ecowise.lv\/product\/wise-adriatic\/#primaryimage\",\"url\":\"https:\/\/ecowise.lv\/wp-content\/uploads\/2023\/08\/wise_adriatic_elipse.png\",\"contentUrl\":\"https:\/\/ecowise.lv\/wp-content\/uploads\/2023\/08\/wise_adriatic_elipse.png\",\"width\":768,\"height\":576},{\"@type\":\"BreadcrumbList\",\"@id\":\"https:\/\/ecowise.lv\/product\/wise-adriatic\/#breadcrumb\",\"itemListElement\":[{\"@type\":\"ListItem\",\"position\":1,\"name\":\"Products\",\"item\":\"https:\/\/ecowise.lv\/shop\/\"},{\"@type\":\"ListItem\",\"position\":2,\"name\":\"WISE Adriatic\"}]},{\"@type\":\"WebSite\",\"@id\":\"https:\/\/ecowise.lv\/#website\",\"url\":\"https:\/\/ecowise.lv\/\",\"name\":\"Ecowise\",\"description\":\"Ener\u0123ijas pat\u0113ri\u0146a samazin\u0101jums\",\"publisher\":{\"@id\":\"https:\/\/ecowise.lv\/#organization\"},\"potentialAction\":[{\"@type\":\"SearchAction\",\"target\":{\"@type\":\"EntryPoint\",\"urlTemplate\":\"https:\/\/ecowise.lv\/?s={search_term_string}\"},\"query-input\":{\"@type\":\"PropertyValueSpecification\",\"valueRequired\":true,\"valueName\":\"search_term_string\"}}],\"inLanguage\":\"ru-RU\"},{\"@type\":\"Organization\",\"@id\":\"https:\/\/ecowise.lv\/#organization\",\"name\":\"Ecowise\",\"url\":\"https:\/\/ecowise.lv\/\",\"logo\":{\"@type\":\"ImageObject\",\"inLanguage\":\"ru-RU\",\"@id\":\"https:\/\/ecowise.lv\/#\/schema\/logo\/image\/\",\"url\":\"https:\/\/ecowise.lv\/wp-content\/uploads\/2023\/03\/logo.svg\",\"contentUrl\":\"https:\/\/ecowise.lv\/wp-content\/uploads\/2023\/03\/logo.svg\",\"width\":207,\"height\":27,\"caption\":\"Ecowise\"},\"image\":{\"@id\":\"https:\/\/ecowise.lv\/#\/schema\/logo\/image\/\"}}]}<\/script>\n<!-- \/ Yoast SEO plugin. -->","yoast_head_json":{"title":"WISE Adriatic - Ecowise","robots":{"index":"index","follow":"follow","max-snippet":"max-snippet:-1","max-image-preview":"max-image-preview:large","max-video-preview":"max-video-preview:-1"},"canonical":"https:\/\/ecowise.lv\/ru\/product\/wise-adriatic\/","og_locale":"ru_RU","og_type":"article","og_title":"WISE Adriatic - Ecowise","og_description":"Dzes\u0113\u0161anas konsole Swegon WISE sist\u0113mai, kas nodro\u0161ina ventil\u0101ciju p\u0113c piepras\u012bjuma","og_url":"https:\/\/ecowise.lv\/ru\/product\/wise-adriatic\/","og_site_name":"Ecowise","article_modified_time":"2023-10-28T14:33:38+00:00","og_image":[{"width":768,"height":576,"url":"https:\/\/ecowise.lv\/wp-content\/uploads\/2023\/08\/wise_adriatic_elipse.png","type":"image\/png"}],"twitter_card":"summary_large_image","twitter_misc":{"\u041f\u0440\u0438\u043c\u0435\u0440\u043d\u043e\u0435 \u0432\u0440\u0435\u043c\u044f \u0434\u043b\u044f \u0447\u0442\u0435\u043d\u0438\u044f":"2 \u043c\u0438\u043d\u0443\u0442\u044b"},"schema":{"@context":"https:\/\/schema.org","@graph":[{"@type":"WebPage","@id":"https:\/\/ecowise.lv\/product\/wise-adriatic\/","url":"https:\/\/ecowise.lv\/product\/wise-adriatic\/","name":"WISE Adriatic - Ecowise","isPartOf":{"@id":"https:\/\/ecowise.lv\/#website"},"primaryImageOfPage":{"@id":"https:\/\/ecowise.lv\/product\/wise-adriatic\/#primaryimage"},"image":{"@id":"https:\/\/ecowise.lv\/product\/wise-adriatic\/#primaryimage"},"thumbnailUrl":"https:\/\/ecowise.lv\/wp-content\/uploads\/2023\/08\/wise_adriatic_elipse.png","datePublished":"2023-08-31T09:15:35+00:00","dateModified":"2023-10-28T14:33:38+00:00","breadcrumb":{"@id":"https:\/\/ecowise.lv\/product\/wise-adriatic\/#breadcrumb"},"inLanguage":"ru-RU","potentialAction":[{"@type":"ReadAction","target":["https:\/\/ecowise.lv\/product\/wise-adriatic\/"]}]},{"@type":"ImageObject","inLanguage":"ru-RU","@id":"https:\/\/ecowise.lv\/product\/wise-adriatic\/#primaryimage","url":"https:\/\/ecowise.lv\/wp-content\/uploads\/2023\/08\/wise_adriatic_elipse.png","contentUrl":"https:\/\/ecowise.lv\/wp-content\/uploads\/2023\/08\/wise_adriatic_elipse.png","width":768,"height":576},{"@type":"BreadcrumbList","@id":"https:\/\/ecowise.lv\/product\/wise-adriatic\/#breadcrumb","itemListElement":[{"@type":"ListItem","position":1,"name":"Products","item":"https:\/\/ecowise.lv\/shop\/"},{"@type":"ListItem","position":2,"name":"WISE Adriatic"}]},{"@type":"WebSite","@id":"https:\/\/ecowise.lv\/#website","url":"https:\/\/ecowise.lv\/","name":"Ecowise","description":"Ener\u0123ijas pat\u0113ri\u0146a samazin\u0101jums","publisher":{"@id":"https:\/\/ecowise.lv\/#organization"},"potentialAction":[{"@type":"SearchAction","target":{"@type":"EntryPoint","urlTemplate":"https:\/\/ecowise.lv\/?s={search_term_string}"},"query-input":{"@type":"PropertyValueSpecification","valueRequired":true,"valueName":"search_term_string"}}],"inLanguage":"ru-RU"},{"@type":"Organization","@id":"https:\/\/ecowise.lv\/#organization","name":"Ecowise","url":"https:\/\/ecowise.lv\/","logo":{"@type":"ImageObject","inLanguage":"ru-RU","@id":"https:\/\/ecowise.lv\/#\/schema\/logo\/image\/","url":"https:\/\/ecowise.lv\/wp-content\/uploads\/2023\/03\/logo.svg","contentUrl":"https:\/\/ecowise.lv\/wp-content\/uploads\/2023\/03\/logo.svg","width":207,"height":27,"caption":"Ecowise"},"image":{"@id":"https:\/\/ecowise.lv\/#\/schema\/logo\/image\/"}}]}},"_links":{"self":[{"href":"https:\/\/ecowise.lv\/ru\/wp-json\/wp\/v2\/product\/2166","targetHints":{"allow":["GET"]}}],"collection":[{"href":"https:\/\/ecowise.lv\/ru\/wp-json\/wp\/v2\/product"}],"about":[{"href":"https:\/\/ecowise.lv\/ru\/wp-json\/wp\/v2\/types\/product"}],"wp:featuredmedia":[{"embeddable":true,"href":"https:\/\/ecowise.lv\/ru\/wp-json\/wp\/v2\/media\/2176"}],"wp:attachment":[{"href":"https:\/\/ecowise.lv\/ru\/wp-json\/wp\/v2\/media?parent=2166"}],"wp:term":[{"taxonomy":"product_brand","embeddable":true,"href":"https:\/\/ecowise.lv\/ru\/wp-json\/wp\/v2\/product_brand?post=2166"},{"taxonomy":"product_cat","embeddable":true,"href":"https:\/\/ecowise.lv\/ru\/wp-json\/wp\/v2\/product_cat?post=2166"},{"taxonomy":"product_tag","embeddable":true,"href":"https:\/\/ecowise.lv\/ru\/wp-json\/wp\/v2\/product_tag?post=2166"}],"curies":[{"name":"wp","href":"https:\/\/api.w.org\/{rel}","templated":true}]}}