{"id":2080,"date":"2023-08-30T17:38:57","date_gmt":"2023-08-30T14:38:57","guid":{"rendered":"https:\/\/ecowise.lv\/?post_type=product&#038;p=2080"},"modified":"2023-09-15T14:39:37","modified_gmt":"2023-09-15T11:39:37","slug":"wise-parasol-zenith","status":"publish","type":"product","link":"https:\/\/ecowise.lv\/ru\/product\/wise-parasol-zenith\/","title":{"rendered":"WISE Parasol Zenith"},"content":{"rendered":"<ul>\n<li id=\"tw-target-text\" class=\"tw-data-text tw-text-large tw-ta\" dir=\"ltr\" data-placeholder=\"Translation\"><span class=\"Y2IQFc\" lang=\"lv\">\u041a\u043e\u043c\u0444\u043e\u0440\u0442-\u043c\u043e\u0434\u0443\u043b\u044c \u0434\u043b\u044f \u0440\u0435\u0433\u0443\u043b\u0438\u0440\u0443\u0435\u043c\u043e\u0433\u043e \u0432\u043d\u0443\u0442\u0440\u0435\u043d\u043d\u0435\u0433\u043e \u043a\u043b\u0438\u043c\u0430\u0442\u0430, \u0438\u043d\u0442\u0435\u0433\u0440\u0438\u0440\u043e\u0432\u0430\u043d\u043d\u044b\u0439 \u0432 \u0443\u043f\u0440\u0430\u0432\u043b\u044f\u044e\u0449\u0443\u044e \u043f\u043b\u0430\u0442\u0444\u043e\u0440\u043c\u0443 Swegon WISE. <\/span><\/li>\n<li class=\"tw-data-text tw-text-large tw-ta\" dir=\"ltr\" data-placeholder=\"Translation\"><span class=\"Y2IQFc\" lang=\"lv\">\u041f\u043e\u043b\u043d\u044b\u0439 \u043f\u0440\u043e\u0434\u0443\u043a\u0442 \u0441 \u0438\u043d\u0442\u0435\u0433\u0440\u0438\u0440\u043e\u0432\u0430\u043d\u043d\u044b\u043c \u043a\u043b\u0430\u043f\u0430\u043d\u043e\u043c \u0434\u043b\u044f \u043a\u043e\u043d\u0442\u0440\u043e\u043b\u044f \u043f\u0435\u0440\u0435\u043c\u0435\u043d\u043d\u043e\u0433\u043e \u0432\u043e\u0437\u0434\u0443\u0448\u043d\u043e\u0433\u043e \u043f\u043e\u0442\u043e\u043a\u0430 0-100%. <\/span><\/li>\n<li class=\"tw-data-text tw-text-large tw-ta\" dir=\"ltr\" data-placeholder=\"Translation\"><span class=\"Y2IQFc\" lang=\"lv\">\u042d\u043d\u0435\u0440\u0433\u043e\u044d\u0444\u0444\u0435\u043a\u0442\u0438\u0432\u043d\u0430\u044f \u0440\u0430\u0431\u043e\u0442\u0430, \u043f\u043e\u0441\u043a\u043e\u043b\u044c\u043a\u0443 \u043f\u043e\u043c\u0435\u0449\u0435\u043d\u0438\u0435 \u0432\u0435\u043d\u0442\u0438\u043b\u0438\u0440\u0443\u0435\u0442\u0441\u044f, \u043e\u0431\u043e\u0433\u0440\u0435\u0432\u0430\u0435\u0442\u0441\u044f \u0438 \u043e\u0445\u043b\u0430\u0436\u0434\u0430\u0435\u0442\u0441\u044f \u0442\u043e\u0447\u043d\u043e \u0432 \u0441\u043e\u043e\u0442\u0432\u0435\u0442\u0441\u0442\u0432\u0438\u0438 \u0441 \u043d\u0430\u0433\u0440\u0443\u0437\u043a\u043e\u0439 \u043f\u043e\u043c\u0435\u0449\u0435\u043d\u0438\u044f, \u043d\u0435 \u0431\u043e\u043b\u044c\u0448\u0435 \u0438 \u043d\u0435 \u043c\u0435\u043d\u044c\u0448\u0435. <\/span><\/li>\n<li class=\"tw-data-text tw-text-large tw-ta\" dir=\"ltr\" data-placeholder=\"Translation\"><span class=\"Y2IQFc\" lang=\"lv\">\u041d\u0430\u0438\u0432\u044b\u0441\u0448\u0438\u0439 \u0432\u043e\u0437\u043c\u043e\u0436\u043d\u044b\u0439 \u043a\u043e\u043c\u0444\u043e\u0440\u0442 \u0441 \u0438\u043d\u0434\u0438\u0432\u0438\u0434\u0443\u0430\u043b\u044c\u043d\u044b\u043c \u0443\u043f\u0440\u0430\u0432\u043b\u0435\u043d\u0438\u0435\u043c \u043d\u0430 \u0443\u0440\u043e\u0432\u043d\u0435 \u043f\u0440\u043e\u0434\u0443\u043a\u0442\u0430 \u0438\u043b\u0438 \u043f\u043e\u043c\u0435\u0449\u0435\u043d\u0438\u044f. <\/span><\/li>\n<li class=\"tw-data-text tw-text-large tw-ta\" dir=\"ltr\" data-placeholder=\"Translation\"><span class=\"Y2IQFc\" lang=\"lv\">\u041f\u0440\u043e\u0441\u0442\u0430\u044f \u0443\u0441\u0442\u0430\u043d\u043e\u0432\u043a\u0430 \u0438 \u043f\u043e\u0434\u043a\u043b\u044e\u0447\u0435\u043d\u0438\u0435 \u043a \u0441\u0438\u0441\u0442\u0435\u043c\u0435 WISE. <\/span><\/li>\n<li class=\"tw-data-text tw-text-large tw-ta\" dir=\"ltr\" data-placeholder=\"Translation\"><span class=\"Y2IQFc\" lang=\"lv\">\u041a\u043b\u0438\u043c\u0430\u0442 \u043f\u043e\u043c\u0435\u0449\u0435\u043d\u0438\u044f \u0431\u0435\u0437 \u0441\u043a\u0432\u043e\u0437\u043d\u044f\u043a\u043e\u0432, 4-\u0445 \u043d\u0430\u043f\u0440\u0430\u0432\u043b\u0435\u043d\u043d\u043e\u0435 \u0440\u0430\u0441\u043f\u0440\u0435\u0434\u0435\u043b\u0435\u043d\u0438\u0435 \u0432\u043e\u0437\u0434\u0443\u0445\u0430 \u0438 Swegon ADC (Anti Draft Control) \u043e\u0431\u0435\u0441\u043f\u0435\u0447\u0438\u0432\u0430\u044e\u0442 \u043c\u0430\u043a\u0441\u0438\u043c\u0430\u043b\u044c\u043d\u044b\u0439 \u043a\u043e\u043c\u0444\u043e\u0440\u0442 \u0438 \u0433\u0438\u0431\u043a\u043e\u0441\u0442\u044c \u043a\u0430\u043a \u0434\u043b\u044f \u0441\u0435\u0433\u043e\u0434\u043d\u044f\u0448\u043d\u0438\u0445, \u0442\u0430\u043a \u0438 \u0434\u043b\u044f \u0431\u0443\u0434\u0443\u0449\u0438\u0445 \u043f\u043e\u0442\u0440\u0435\u0431\u043d\u043e\u0441\u0442\u0435\u0439. <\/span><\/li>\n<li class=\"tw-data-text tw-text-large tw-ta\" dir=\"ltr\" data-placeholder=\"Translation\"><span class=\"Y2IQFc\" lang=\"lv\">\u0411\u043e\u043b\u044c\u0448\u043e\u0439 \u0440\u0430\u0431\u043e\u0447\u0438\u0439 \u0434\u0438\u0430\u043f\u0430\u0437\u043e\u043d \u0432 \u043e\u0434\u043d\u043e\u043c \u0438 \u0442\u043e\u043c \u0436\u0435 \u0438\u0437\u0434\u0435\u043b\u0438\u0438 \u0443\u043f\u0440\u043e\u0449\u0430\u0435\u0442 \u043f\u043b\u0430\u043d\u0438\u0440\u043e\u0432\u0430\u043d\u0438\u0435.<\/span><\/li>\n<\/ul>\n<div class=\"h-margin-top-3 h-margin-bottom-3\">\n<div class=\"row\">\n<div class=\"col\">\n<p><strong>\u0422\u0435\u0445\u043d\u0438\u0447\u0435\u0441\u043a\u0438\u0435 \u0434\u0430\u043d\u043d\u044b\u0435<\/strong><\/p>\n<\/div>\n<\/div>\n<\/div>\n<div>\n<div class=\"horizontal-scroller\" data-show-scroll-icon=\"true\">\n<div class=\"horizontal-scroller__scroller\">\n<div class=\"col-sm-12 col-md-12 col-xs-12\">\n<table border=\"0\">\n<thead>\n<tr>\n<td colspan=\"2\" align=\"center\">\u0412\u0430\u0440\u0438\u0430\u043d\u0442<\/td>\n<td colspan=\"3\" align=\"center\">\u0412\u043e\u0437\u0434\u0443\u0445 \u043f\u043e\u0434\u0430\u0447\u0438<\/td>\n<td colspan=\"2\" align=\"center\">\u041f\u0440\u043e\u0438\u0437\u0432\u043e\u0434\u0438\u0442\u0435\u043b\u044c\u043d\u043e\u0441\u0442\u044c<\/td>\n<\/tr>\n<tr>\n<td>\u0420\u0430\u0437\u043c\u0435\u0440<\/td>\n<td>\u041f\u043e\u0434\u043a\u043b\u044e\u0447\u0435\u043d\u0438\u0435 \u0432\u043e\u0437\u0434\u0443\u0445\u0430:<\/td>\n<td>Pa*<\/td>\n<td>\u043b\/\u0441<\/td>\n<td>\u043c<sup>3<\/sup>\/\u0447<\/td>\n<td>\u041e\u0431\u0449\u0430\u044f \u043e\u0445\u043b\u0430\u0436\u0434\u0430\u044e\u0449\u0430\u044f \u043c\u043e\u0449\u043d\u043e\u0441\u0442\u044c (\u0412\u0442)**<\/td>\n<td>\u0423\u0440\u043e\u0432\u0435\u043d\u044c \u0448\u0443\u043c\u0430 (\u0434\u0411(\u0410))<\/td>\n<\/tr>\n<\/thead>\n<tbody>\n<tr>\n<td>600<\/td>\n<td>\u00d8 125<\/td>\n<td>75<\/td>\n<td>20<\/td>\n<td>72<\/td>\n<td>493<\/td>\n<td>26<\/td>\n<\/tr>\n<tr>\n<td>600<\/td>\n<td>\u00d8 125<\/td>\n<td>75<\/td>\n<td>25<\/td>\n<td>90<\/td>\n<td>564<\/td>\n<td>28<\/td>\n<\/tr>\n<tr>\n<td>600<\/td>\n<td>\u00d8 125<\/td>\n<td>75<\/td>\n<td>30<\/td>\n<td>108<\/td>\n<td>631<\/td>\n<td>30<\/td>\n<\/tr>\n<tr>\n<td>600<\/td>\n<td>\u00d8\u00a0160<\/td>\n<td>75<\/td>\n<td>25<\/td>\n<td>90<\/td>\n<td>566<\/td>\n<td>27<\/td>\n<\/tr>\n<tr>\n<td>600<\/td>\n<td>\u00d8\u00a0160<\/td>\n<td>75<\/td>\n<td>35<\/td>\n<td>126<\/td>\n<td>697<\/td>\n<td>30<\/td>\n<\/tr>\n<tr>\n<td>600<\/td>\n<td>\u00d8\u00a0160<\/td>\n<td>75<\/td>\n<td>45<\/td>\n<td>162<\/td>\n<td>809<\/td>\n<td>33<\/td>\n<\/tr>\n<tr>\n<td>1200<\/td>\n<td>\u00d8\u00a0125<\/td>\n<td>75<\/td>\n<td>25<\/td>\n<td>90<\/td>\n<td>882<\/td>\n<td>26<\/td>\n<\/tr>\n<tr>\n<td>1200<\/td>\n<td>\u00d8\u00a0125<\/td>\n<td>75<\/td>\n<td>35<\/td>\n<td>126<\/td>\n<td>1077<\/td>\n<td>28<\/td>\n<\/tr>\n<tr>\n<td>1200<\/td>\n<td>\u00d8\u00a0125<\/td>\n<td>75<\/td>\n<td>45<\/td>\n<td>162<\/td>\n<td>1218<\/td>\n<td>30<\/td>\n<\/tr>\n<tr>\n<td>1200<\/td>\n<td>\u00d8\u00a0160<\/td>\n<td>75<\/td>\n<td>30<\/td>\n<td>108<\/td>\n<td>900<\/td>\n<td>23<\/td>\n<\/tr>\n<tr>\n<td>1200<\/td>\n<td>\u00d8\u00a0160<\/td>\n<td>75<\/td>\n<td>60<\/td>\n<td>216<\/td>\n<td>1375<\/td>\n<td>28<\/td>\n<\/tr>\n<tr>\n<td>1200<\/td>\n<td>\u00d8\u00a0160<\/td>\n<td>75<\/td>\n<td>80<\/td>\n<td>288<\/td>\n<td>1591<\/td>\n<td>34<\/td>\n<\/tr>\n<tr>\n<td>1800<\/td>\n<td>\u00d8\u00a0200<\/td>\n<td>75<\/td>\n<td>60<\/td>\n<td>216<\/td>\n<td>1590<\/td>\n<td>30<\/td>\n<\/tr>\n<tr>\n<td>1800<\/td>\n<td>\u00d8\u00a0200<\/td>\n<td>75<\/td>\n<td>80<\/td>\n<td>288<\/td>\n<td>1890<\/td>\n<td>33<\/td>\n<\/tr>\n<tr>\n<td>1800<\/td>\n<td>\u00d8\u00a0200<\/td>\n<td>75<\/td>\n<td>100<\/td>\n<td>360<\/td>\n<td>2135<\/td>\n<td>35<\/td>\n<\/tr>\n<\/tbody>\n<\/table>\n<p>* \u041e\u0431\u0449\u0435\u0435 \u0434\u0430\u0432\u043b\u0435\u043d\u0438\u0435 \u0432 \u0432\u043e\u0437\u0434\u0443\u0445\u043e\u0432\u043e\u0434\u0435 (Pa)<br \/>\n** \u0412\u043e\u0437\u0434\u0443\u0445: \u0394T<sub>l<\/sub>=7K \/ \u0412\u043e\u0434\u0430: \u0394T<sub>mk<\/sub>=8.5K, t<sub>\u0432\u043e\u0434\u044b<\/sub>=14\/17\u00b0C<\/p>\n<\/div>\n<\/div>\n<\/div>\n<\/div>","protected":false},"excerpt":{"rendered":"<h4 id=\"tw-target-text\" class=\"tw-data-text tw-text-large tw-ta\" dir=\"ltr\" data-placeholder=\"Translation\"><span class=\"Y2IQFc\" lang=\"lv\">\u041c\u043e\u0434\u0443\u043b\u0438 \u041a\u043e\u043c\u0444\u043e\u0440\u0442\u0430 \u0434\u043b\u044f \u0421\u0438\u0441\u0442\u0435\u043c\u044b Swegon WISE (\u0434\u043b\u044f \u0432\u0435\u043d\u0442\u0438\u043b\u044f\u0446\u0438\u0438 \u0441 \u0443\u043f\u0440\u0430\u0432\u043b\u0435\u043d\u0438\u0435\u043c \u043f\u043e \u0442\u0440\u0435\u0431\u043e\u0432\u0430\u043d\u0438\u044e)<\/span><\/h4>","protected":false},"featured_media":2081,"template":"","meta":{"_acf_changed":false,"inline_featured_image":false,"_links_to":"","_links_to_target":""},"product_brand":[],"product_cat":[75,58],"product_tag":[],"class_list":{"0":"post-2080","1":"product","2":"type-product","3":"status-publish","4":"has-post-thumbnail","6":"product_cat-komforta-moduli","7":"product_cat-ventilacija-pec-pieprasijuma","9":"first","10":"instock","11":"shipping-taxable","12":"product-type-simple"},"acf":[],"yoast_head":"<!-- This site is optimized with the Yoast SEO plugin v27.0 - https:\/\/yoast.com\/product\/yoast-seo-wordpress\/ -->\n<title>WISE Parasol Zenith - Ecowise<\/title>\n<meta name=\"robots\" content=\"index, follow, max-snippet:-1, max-image-preview:large, max-video-preview:-1\" \/>\n<link rel=\"canonical\" href=\"https:\/\/ecowise.lv\/ru\/product\/wise-parasol-zenith\/\" \/>\n<meta property=\"og:locale\" content=\"ru_RU\" \/>\n<meta property=\"og:type\" content=\"article\" \/>\n<meta property=\"og:title\" content=\"WISE Parasol Zenith - Ecowise\" \/>\n<meta property=\"og:description\" content=\"Komforta modu\u013ci Swegon WISE sist\u0113mai (p\u0113c piepras\u012bjuma kontrol\u0113tai ventil\u0101cijai)\" \/>\n<meta property=\"og:url\" content=\"https:\/\/ecowise.lv\/ru\/product\/wise-parasol-zenith\/\" \/>\n<meta property=\"og:site_name\" content=\"Ecowise\" \/>\n<meta property=\"article:modified_time\" content=\"2023-09-15T11:39:37+00:00\" \/>\n<meta property=\"og:image\" content=\"https:\/\/ecowise.lv\/wp-content\/uploads\/2023\/08\/wpz_1200_l2_belimo_smb.png\" \/>\n\t<meta property=\"og:image:width\" content=\"768\" \/>\n\t<meta property=\"og:image:height\" content=\"576\" \/>\n\t<meta property=\"og:image:type\" content=\"image\/png\" \/>\n<meta name=\"twitter:card\" content=\"summary_large_image\" \/>\n<meta name=\"twitter:label1\" content=\"\u041f\u0440\u0438\u043c\u0435\u0440\u043d\u043e\u0435 \u0432\u0440\u0435\u043c\u044f \u0434\u043b\u044f \u0447\u0442\u0435\u043d\u0438\u044f\" \/>\n\t<meta name=\"twitter:data1\" content=\"2 \u043c\u0438\u043d\u0443\u0442\u044b\" \/>\n<script type=\"application\/ld+json\" class=\"yoast-schema-graph\">{\"@context\":\"https:\/\/schema.org\",\"@graph\":[{\"@type\":\"WebPage\",\"@id\":\"https:\/\/ecowise.lv\/product\/wise-parasol-zenith\/\",\"url\":\"https:\/\/ecowise.lv\/product\/wise-parasol-zenith\/\",\"name\":\"WISE Parasol Zenith - Ecowise\",\"isPartOf\":{\"@id\":\"https:\/\/ecowise.lv\/#website\"},\"primaryImageOfPage\":{\"@id\":\"https:\/\/ecowise.lv\/product\/wise-parasol-zenith\/#primaryimage\"},\"image\":{\"@id\":\"https:\/\/ecowise.lv\/product\/wise-parasol-zenith\/#primaryimage\"},\"thumbnailUrl\":\"https:\/\/ecowise.lv\/wp-content\/uploads\/2023\/08\/wpz_1200_l2_belimo_smb.png\",\"datePublished\":\"2023-08-30T14:38:57+00:00\",\"dateModified\":\"2023-09-15T11:39:37+00:00\",\"breadcrumb\":{\"@id\":\"https:\/\/ecowise.lv\/product\/wise-parasol-zenith\/#breadcrumb\"},\"inLanguage\":\"ru-RU\",\"potentialAction\":[{\"@type\":\"ReadAction\",\"target\":[\"https:\/\/ecowise.lv\/product\/wise-parasol-zenith\/\"]}]},{\"@type\":\"ImageObject\",\"inLanguage\":\"ru-RU\",\"@id\":\"https:\/\/ecowise.lv\/product\/wise-parasol-zenith\/#primaryimage\",\"url\":\"https:\/\/ecowise.lv\/wp-content\/uploads\/2023\/08\/wpz_1200_l2_belimo_smb.png\",\"contentUrl\":\"https:\/\/ecowise.lv\/wp-content\/uploads\/2023\/08\/wpz_1200_l2_belimo_smb.png\",\"width\":768,\"height\":576},{\"@type\":\"BreadcrumbList\",\"@id\":\"https:\/\/ecowise.lv\/product\/wise-parasol-zenith\/#breadcrumb\",\"itemListElement\":[{\"@type\":\"ListItem\",\"position\":1,\"name\":\"Products\",\"item\":\"https:\/\/ecowise.lv\/shop\/\"},{\"@type\":\"ListItem\",\"position\":2,\"name\":\"WISE Parasol Zenith\"}]},{\"@type\":\"WebSite\",\"@id\":\"https:\/\/ecowise.lv\/#website\",\"url\":\"https:\/\/ecowise.lv\/\",\"name\":\"Ecowise\",\"description\":\"Ener\u0123ijas pat\u0113ri\u0146a samazin\u0101jums\",\"publisher\":{\"@id\":\"https:\/\/ecowise.lv\/#organization\"},\"potentialAction\":[{\"@type\":\"SearchAction\",\"target\":{\"@type\":\"EntryPoint\",\"urlTemplate\":\"https:\/\/ecowise.lv\/?s={search_term_string}\"},\"query-input\":{\"@type\":\"PropertyValueSpecification\",\"valueRequired\":true,\"valueName\":\"search_term_string\"}}],\"inLanguage\":\"ru-RU\"},{\"@type\":\"Organization\",\"@id\":\"https:\/\/ecowise.lv\/#organization\",\"name\":\"Ecowise\",\"url\":\"https:\/\/ecowise.lv\/\",\"logo\":{\"@type\":\"ImageObject\",\"inLanguage\":\"ru-RU\",\"@id\":\"https:\/\/ecowise.lv\/#\/schema\/logo\/image\/\",\"url\":\"https:\/\/ecowise.lv\/wp-content\/uploads\/2023\/03\/logo.svg\",\"contentUrl\":\"https:\/\/ecowise.lv\/wp-content\/uploads\/2023\/03\/logo.svg\",\"width\":207,\"height\":27,\"caption\":\"Ecowise\"},\"image\":{\"@id\":\"https:\/\/ecowise.lv\/#\/schema\/logo\/image\/\"}}]}<\/script>\n<!-- \/ Yoast SEO plugin. -->","yoast_head_json":{"title":"WISE Parasol Zenith - Ecowise","robots":{"index":"index","follow":"follow","max-snippet":"max-snippet:-1","max-image-preview":"max-image-preview:large","max-video-preview":"max-video-preview:-1"},"canonical":"https:\/\/ecowise.lv\/ru\/product\/wise-parasol-zenith\/","og_locale":"ru_RU","og_type":"article","og_title":"WISE Parasol Zenith - Ecowise","og_description":"Komforta modu\u013ci Swegon WISE sist\u0113mai (p\u0113c piepras\u012bjuma kontrol\u0113tai ventil\u0101cijai)","og_url":"https:\/\/ecowise.lv\/ru\/product\/wise-parasol-zenith\/","og_site_name":"Ecowise","article_modified_time":"2023-09-15T11:39:37+00:00","og_image":[{"width":768,"height":576,"url":"https:\/\/ecowise.lv\/wp-content\/uploads\/2023\/08\/wpz_1200_l2_belimo_smb.png","type":"image\/png"}],"twitter_card":"summary_large_image","twitter_misc":{"\u041f\u0440\u0438\u043c\u0435\u0440\u043d\u043e\u0435 \u0432\u0440\u0435\u043c\u044f \u0434\u043b\u044f \u0447\u0442\u0435\u043d\u0438\u044f":"2 \u043c\u0438\u043d\u0443\u0442\u044b"},"schema":{"@context":"https:\/\/schema.org","@graph":[{"@type":"WebPage","@id":"https:\/\/ecowise.lv\/product\/wise-parasol-zenith\/","url":"https:\/\/ecowise.lv\/product\/wise-parasol-zenith\/","name":"WISE Parasol Zenith - Ecowise","isPartOf":{"@id":"https:\/\/ecowise.lv\/#website"},"primaryImageOfPage":{"@id":"https:\/\/ecowise.lv\/product\/wise-parasol-zenith\/#primaryimage"},"image":{"@id":"https:\/\/ecowise.lv\/product\/wise-parasol-zenith\/#primaryimage"},"thumbnailUrl":"https:\/\/ecowise.lv\/wp-content\/uploads\/2023\/08\/wpz_1200_l2_belimo_smb.png","datePublished":"2023-08-30T14:38:57+00:00","dateModified":"2023-09-15T11:39:37+00:00","breadcrumb":{"@id":"https:\/\/ecowise.lv\/product\/wise-parasol-zenith\/#breadcrumb"},"inLanguage":"ru-RU","potentialAction":[{"@type":"ReadAction","target":["https:\/\/ecowise.lv\/product\/wise-parasol-zenith\/"]}]},{"@type":"ImageObject","inLanguage":"ru-RU","@id":"https:\/\/ecowise.lv\/product\/wise-parasol-zenith\/#primaryimage","url":"https:\/\/ecowise.lv\/wp-content\/uploads\/2023\/08\/wpz_1200_l2_belimo_smb.png","contentUrl":"https:\/\/ecowise.lv\/wp-content\/uploads\/2023\/08\/wpz_1200_l2_belimo_smb.png","width":768,"height":576},{"@type":"BreadcrumbList","@id":"https:\/\/ecowise.lv\/product\/wise-parasol-zenith\/#breadcrumb","itemListElement":[{"@type":"ListItem","position":1,"name":"Products","item":"https:\/\/ecowise.lv\/shop\/"},{"@type":"ListItem","position":2,"name":"WISE Parasol Zenith"}]},{"@type":"WebSite","@id":"https:\/\/ecowise.lv\/#website","url":"https:\/\/ecowise.lv\/","name":"Ecowise","description":"Ener\u0123ijas pat\u0113ri\u0146a samazin\u0101jums","publisher":{"@id":"https:\/\/ecowise.lv\/#organization"},"potentialAction":[{"@type":"SearchAction","target":{"@type":"EntryPoint","urlTemplate":"https:\/\/ecowise.lv\/?s={search_term_string}"},"query-input":{"@type":"PropertyValueSpecification","valueRequired":true,"valueName":"search_term_string"}}],"inLanguage":"ru-RU"},{"@type":"Organization","@id":"https:\/\/ecowise.lv\/#organization","name":"Ecowise","url":"https:\/\/ecowise.lv\/","logo":{"@type":"ImageObject","inLanguage":"ru-RU","@id":"https:\/\/ecowise.lv\/#\/schema\/logo\/image\/","url":"https:\/\/ecowise.lv\/wp-content\/uploads\/2023\/03\/logo.svg","contentUrl":"https:\/\/ecowise.lv\/wp-content\/uploads\/2023\/03\/logo.svg","width":207,"height":27,"caption":"Ecowise"},"image":{"@id":"https:\/\/ecowise.lv\/#\/schema\/logo\/image\/"}}]}},"_links":{"self":[{"href":"https:\/\/ecowise.lv\/ru\/wp-json\/wp\/v2\/product\/2080","targetHints":{"allow":["GET"]}}],"collection":[{"href":"https:\/\/ecowise.lv\/ru\/wp-json\/wp\/v2\/product"}],"about":[{"href":"https:\/\/ecowise.lv\/ru\/wp-json\/wp\/v2\/types\/product"}],"wp:featuredmedia":[{"embeddable":true,"href":"https:\/\/ecowise.lv\/ru\/wp-json\/wp\/v2\/media\/2081"}],"wp:attachment":[{"href":"https:\/\/ecowise.lv\/ru\/wp-json\/wp\/v2\/media?parent=2080"}],"wp:term":[{"taxonomy":"product_brand","embeddable":true,"href":"https:\/\/ecowise.lv\/ru\/wp-json\/wp\/v2\/product_brand?post=2080"},{"taxonomy":"product_cat","embeddable":true,"href":"https:\/\/ecowise.lv\/ru\/wp-json\/wp\/v2\/product_cat?post=2080"},{"taxonomy":"product_tag","embeddable":true,"href":"https:\/\/ecowise.lv\/ru\/wp-json\/wp\/v2\/product_tag?post=2080"}],"curies":[{"name":"wp","href":"https:\/\/api.w.org\/{rel}","templated":true}]}}