{"id":1947,"date":"2023-08-30T12:33:52","date_gmt":"2023-08-30T09:33:52","guid":{"rendered":"https:\/\/ecowise.lv\/?post_type=product&#038;p=1947"},"modified":"2024-01-08T11:36:10","modified_gmt":"2024-01-08T09:36:10","slug":"eagle-single-2","status":"publish","type":"product","link":"https:\/\/ecowise.lv\/ru\/product\/eagle-single-2\/","title":{"rendered":"EAGLE Single"},"content":{"rendered":"<h3 class=\"gtx-body\">\u041a\u0440\u0443\u0433\u043b\u044b\u0439 \u043f\u043e\u0442\u043e\u043b\u043e\u0447\u043d\u044b\u0439 \u0434\u0438\u0444\u0444\u0443\u0437\u043e\u0440 \u0441 \u0444\u043e\u0440\u0441\u0443\u043d\u043a\u0430\u043c\u0438 \u0434\u043b\u044f \u043f\u043e\u0434\u0430\u0447\u0438 \u0432\u043e\u0437\u0434\u0443\u0445\u0430<\/h3>\n<ul>\n<li>\u0420\u0435\u0433\u0443\u043b\u0438\u0440\u0443\u0435\u043c\u044b\u0435 \u0444\u043e\u0440\u0441\u0443\u043d\u043a\u0438, 360\u00b0<\/li>\n<li>100% \u0433\u0438\u0431\u043a\u0438\u0439 \u043c\u043e\u0434\u0435\u043b\u044c \u0440\u0430\u0441\u043f\u0440\u0435\u0434\u0435\u043b\u0435\u043d\u0438\u044f<\/li>\n<li>\u041e\u0431\u0435\u0441\u043f\u0435\u0447\u0438\u0432\u0430\u0435\u0442 \u0432\u0435\u0440\u0442\u0438\u043a\u0430\u043b\u044c\u043d\u043e\u0435 \u0440\u0430\u0441\u043f\u0440\u0435\u0434\u0435\u043b\u0435\u043d\u0438\u0435 \u0432\u043e\u0437\u0434\u0443\u0445\u0430<\/li>\n<li>\u041e\u0431\u0435\u0441\u043f\u0435\u0447\u0438\u0432\u0430\u0435\u0442 \u043e\u0434\u043d\u043e\u0432\u0440\u0435\u043c\u0435\u043d\u043d\u0443\u044e \u0433\u043e\u0440\u0438\u0437\u043e\u043d\u0442\u0430\u043b\u044c\u043d\u0443\u044e\/\u0432\u0435\u0440\u0442\u0438\u043a\u0430\u043b\u044c\u043d\u0443\u044e \u0434\u0438\u0444\u0444\u0443\u0437\u0438\u044e \u0432\u043e\u0437\u0434\u0443\u0445\u0430<\/li>\n<li>\u0424\u0443\u043d\u043a\u0446\u0438\u044f \u0432\u0438\u0445\u0440\u0435\u043e\u0431\u0440\u0430\u0437\u043e\u0432\u0430\u043d\u0438\u044f<\/li>\n<li>\u0417\u043d\u0430\u0447\u0438\u0442\u0435\u043b\u044c\u043d\u0430\u044f \u043c\u043e\u0449\u043d\u043e\u0441\u0442\u044c \u0438\u043d\u0434\u0443\u043a\u0446\u0438\u0438<\/li>\n<li>\u041c\u043e\u0436\u0435\u0442 \u0438\u0441\u043f\u043e\u043b\u044c\u0437\u043e\u0432\u0430\u0442\u044c\u0441\u044f \u0441 \u043a\u043e\u0440\u043e\u0431\u043a\u043e\u0439 \u0432\u043a\u043b\u044e\u0447\u0435\u043d\u0438\u044f ALS<\/li>\n<li>\u0412\u043e\u0437\u043c\u043e\u0436\u043d\u0430 \u043f\u043e\u0441\u0442\u0430\u0432\u043a\u0430 \u0432 \u043e\u0446\u0438\u043d\u043a\u043e\u0432\u0430\u043d\u043d\u043e\u043c \u0438\u0441\u043f\u043e\u043b\u043d\u0435\u043d\u0438\u0438.<\/li>\n<li>\u0421\u0442\u0430\u043d\u0434\u0430\u0440\u0442\u043d\u044b\u0439 \u0446\u0432\u0435\u0442 \u0411\u0435\u043b\u044b\u0439 RAL 9003\n<ul>\n<li>5 \u0430\u043b\u044c\u0442\u0435\u0440\u043d\u0430\u0442\u0438\u0432\u043d\u044b\u0445 \u0441\u0442\u0430\u043d\u0434\u0430\u0440\u0442\u043d\u044b\u0445 \u0446\u0432\u0435\u0442\u043e\u0432<\/li>\n<li>\u0414\u0440\u0443\u0433\u0438\u0435 \u0446\u0432\u0435\u0442\u0430 \u043f\u043e \u0437\u0430\u043f\u0440\u043e\u0441\u0443<\/li>\n<\/ul>\n<\/li>\n<\/ul>\n<p>&nbsp;<\/p>\n<table style=\"height: 594px;\" width=\"866\">\n<tbody>\n<tr>\n<td class=\"bold v-align-bottom h-align-center\" colspan=\"8\"><strong>\u041f\u041e\u0422\u041e\u041a \u0412\u041e\u0417\u0414\u0423\u0425\u0410 \u2014 \u0417\u0412\u0423\u041a\u041e\u0412\u041e\u0415 \u0414\u0410\u0412\u041b\u0415\u041d\u0418\u0415 \u0412 \u041f\u041e\u041c\u0415\u0429\u0415\u041d\u0418\u0418 (Lp10A) *)<\/strong><\/td>\n<\/tr>\n<tr>\n<td class=\"bold v-align-bottom\" colspan=\"2\" rowspan=\"2\"><strong>EAGLE Single<\/strong><br \/>\n<strong>\u0420\u0430\u0437\u043c\u0435\u0440<\/strong><\/td>\n<td class=\"bold v-align-bottom h-align-center\" colspan=\"2\"><strong>25 dB(A)<\/strong><\/td>\n<td class=\"bold v-align-bottom h-align-center\" colspan=\"2\"><strong>30 dB(A)<\/strong><\/td>\n<td class=\"bold v-align-bottom h-align-center\" colspan=\"2\"><strong>35 dB(A)<\/strong><\/td>\n<\/tr>\n<tr>\n<td class=\"bold v-align-bottom h-align-center\"><strong>\u043b\/\u0441<\/strong><\/td>\n<td class=\"bold v-align-bottom h-align-center\"><strong>\u043c3\/\u0447<\/strong><\/td>\n<td class=\"bold v-align-bottom h-align-center\"><strong>\u043b\/\u0441<\/strong><\/td>\n<td class=\"bold v-align-bottom h-align-center\"><strong>\u043c3\/\u0447<\/strong><\/td>\n<td class=\"bold v-align-bottom h-align-center\"><strong>\u043b\/\u0441<\/strong><\/td>\n<td class=\"bold v-align-bottom h-align-center\"><strong>\u043c3\/\u0447<\/strong><\/td>\n<\/tr>\n<tr>\n<td class=\"v-align-bottom h-align-left\" colspan=\"2\">125<\/td>\n<td class=\"v-align-bottom h-align-left\">34<\/td>\n<td class=\"v-align-bottom h-align-left\">122<\/td>\n<td class=\"v-align-bottom h-align-left\">40<\/td>\n<td class=\"v-align-bottom h-align-left\">144<\/td>\n<td class=\"v-align-bottom h-align-left\">47<\/td>\n<td class=\"v-align-bottom h-align-left\">169<\/td>\n<\/tr>\n<tr>\n<td class=\"v-align-bottom h-align-left\" colspan=\"2\">160<\/td>\n<td class=\"v-align-bottom h-align-left\">50<\/td>\n<td class=\"v-align-bottom h-align-left\">180<\/td>\n<td class=\"v-align-bottom h-align-left\">58<\/td>\n<td class=\"v-align-bottom h-align-left\">209<\/td>\n<td class=\"v-align-bottom h-align-left\">70<\/td>\n<td class=\"v-align-bottom h-align-left\">252<\/td>\n<\/tr>\n<tr>\n<td class=\"v-align-bottom h-align-left\" colspan=\"2\">200<\/td>\n<td class=\"v-align-bottom h-align-left\">78<\/td>\n<td class=\"v-align-bottom h-align-left\">281<\/td>\n<td class=\"v-align-bottom h-align-left\">92<\/td>\n<td class=\"v-align-bottom h-align-left\">331<\/td>\n<td class=\"v-align-bottom h-align-left\">108<\/td>\n<td class=\"v-align-bottom h-align-left\">389<\/td>\n<\/tr>\n<tr>\n<td class=\"v-align-bottom h-align-left\" colspan=\"2\">250<\/td>\n<td class=\"v-align-bottom h-align-left\">105<\/td>\n<td class=\"v-align-bottom h-align-left\">378<\/td>\n<td class=\"v-align-bottom h-align-left\">122<\/td>\n<td class=\"v-align-bottom h-align-left\">439<\/td>\n<td class=\"v-align-bottom h-align-left\">142<\/td>\n<td class=\"v-align-bottom h-align-left\">511<\/td>\n<\/tr>\n<tr>\n<td class=\"v-align-bottom h-align-left\" colspan=\"2\">315<\/td>\n<td class=\"v-align-bottom h-align-left\">143<\/td>\n<td class=\"v-align-bottom h-align-left\">515<\/td>\n<td class=\"v-align-bottom h-align-left\">168<\/td>\n<td class=\"v-align-bottom h-align-left\">605<\/td>\n<td class=\"v-align-bottom h-align-left\">200<\/td>\n<td class=\"v-align-bottom h-align-left\">720<\/td>\n<\/tr>\n<tr>\n<td class=\"v-align-bottom h-align-left\" colspan=\"2\">400<\/td>\n<td class=\"v-align-bottom h-align-left\">230<\/td>\n<td class=\"v-align-bottom h-align-left\">828<\/td>\n<td class=\"v-align-bottom h-align-left\">265<\/td>\n<td class=\"v-align-bottom h-align-left\">954<\/td>\n<td class=\"v-align-bottom h-align-left\">310<\/td>\n<td class=\"v-align-bottom h-align-left\">1116<\/td>\n<\/tr>\n<tr>\n<td class=\"v-align-bottom h-align-center\" colspan=\"8\"><\/td>\n<\/tr>\n<tr>\n<td class=\"bold v-align-bottom\" rowspan=\"2\"><strong>EAGLE Single<\/strong><br \/>\n<strong>\u0420\u0430\u0437\u043c\u0435\u0440<\/strong><\/td>\n<td class=\"bold v-align-bottom\" rowspan=\"2\"><strong>ALS<\/strong><br \/>\n<strong>\u0420\u0430\u0437\u043c\u0435\u0440<\/strong><\/td>\n<td class=\"bold v-align-bottom h-align-center\" colspan=\"2\"><strong>25 dB(A)<\/strong><\/td>\n<td class=\"bold v-align-bottom h-align-center\" colspan=\"2\"><strong>30 dB(A)<\/strong><\/td>\n<td class=\"bold v-align-bottom h-align-center\" colspan=\"2\"><strong>35 dB(A)<\/strong><\/td>\n<\/tr>\n<tr>\n<td class=\"bold v-align-bottom h-align-center\"><strong>\u043b\/\u0441<\/strong><\/td>\n<td class=\"bold v-align-bottom h-align-center\"><strong>\u043c3\/\u0447<\/strong><\/td>\n<td class=\"bold v-align-bottom h-align-center\"><strong>\u043b\/\u0441<\/strong><\/td>\n<td class=\"bold v-align-bottom h-align-center\"><strong>\u043c3\/\u0447<\/strong><\/td>\n<td class=\"bold v-align-bottom h-align-center\"><strong>\u043b\/\u0441<\/strong><\/td>\n<td class=\"bold v-align-bottom h-align-center\"><strong>\u043c3\/\u0447<\/strong><\/td>\n<\/tr>\n<tr>\n<td class=\"v-align-bottom h-align-left\">125<\/td>\n<td class=\"v-align-bottom h-align-left\">100-125<\/td>\n<td class=\"v-align-bottom h-align-left\">24<\/td>\n<td class=\"v-align-bottom h-align-left\">86<\/td>\n<td class=\"v-align-bottom h-align-left\">29<\/td>\n<td class=\"v-align-bottom h-align-left\">104<\/td>\n<td class=\"v-align-bottom h-align-left\">36<\/td>\n<td class=\"v-align-bottom h-align-left\">130<\/td>\n<\/tr>\n<tr>\n<td class=\"v-align-bottom h-align-left\">160<\/td>\n<td class=\"v-align-bottom h-align-left\">125-160<\/td>\n<td class=\"v-align-bottom h-align-left\">37<\/td>\n<td class=\"v-align-bottom h-align-left\">133<\/td>\n<td class=\"v-align-bottom h-align-left\">45<\/td>\n<td class=\"v-align-bottom h-align-left\">162<\/td>\n<td class=\"v-align-bottom h-align-left\">55<\/td>\n<td class=\"v-align-bottom h-align-left\">198<\/td>\n<\/tr>\n<tr>\n<td class=\"v-align-bottom h-align-left\">200<\/td>\n<td class=\"v-align-bottom h-align-left\">160-200<\/td>\n<td class=\"v-align-bottom h-align-left\">54<\/td>\n<td class=\"v-align-bottom h-align-left\">194<\/td>\n<td class=\"v-align-bottom h-align-left\">70<\/td>\n<td class=\"v-align-bottom h-align-left\">252<\/td>\n<td class=\"v-align-bottom h-align-left\">85<\/td>\n<td class=\"v-align-bottom h-align-left\">306<\/td>\n<\/tr>\n<tr>\n<td class=\"v-align-bottom h-align-left\">250<\/td>\n<td class=\"v-align-bottom h-align-left\">200-250<\/td>\n<td class=\"v-align-bottom h-align-left\">84<\/td>\n<td class=\"v-align-bottom h-align-left\">302<\/td>\n<td class=\"v-align-bottom h-align-left\">101<\/td>\n<td class=\"v-align-bottom h-align-left\">364<\/td>\n<td class=\"v-align-bottom h-align-left\">124<\/td>\n<td class=\"v-align-bottom h-align-left\">446<\/td>\n<\/tr>\n<tr>\n<td class=\"v-align-bottom h-align-left\">315<\/td>\n<td class=\"v-align-bottom h-align-left\">250-315<\/td>\n<td class=\"v-align-bottom h-align-left\">120<\/td>\n<td class=\"v-align-bottom h-align-left\">432<\/td>\n<td class=\"v-align-bottom h-align-left\">145<\/td>\n<td class=\"v-align-bottom h-align-left\">522<\/td>\n<td class=\"v-align-bottom h-align-left\">170<\/td>\n<td class=\"v-align-bottom h-align-left\">612<\/td>\n<\/tr>\n<tr>\n<td class=\"v-align-bottom h-align-left\">400<\/td>\n<td class=\"v-align-bottom h-align-left\">315-400<\/td>\n<td class=\"v-align-bottom h-align-left\">180<\/td>\n<td class=\"v-align-bottom h-align-left\">648<\/td>\n<td class=\"v-align-bottom h-align-left\">220<\/td>\n<td class=\"v-align-bottom h-align-left\">792<\/td>\n<td class=\"v-align-bottom h-align-left\">265<\/td>\n<td class=\"v-align-bottom h-align-left\">954<\/td>\n<\/tr>\n<tr>\n<td class=\"v-align-bottom\" colspan=\"8\">\u0414\u0430\u043d\u043d\u044b\u0435 \u0434\u0438\u0444\u0444\u0443\u0437\u043e\u0440\u0430 + \u0440\u0435\u0434\u0443\u043a\u0446\u0438\u043e\u043d\u043d\u043e\u0439 \u043a\u043e\u0440\u043e\u0431\u043a\u0438 ALS \u0443\u043a\u0430\u0437\u0430\u043d\u044b \u0434\u043b\u044f \u043e\u0431\u0449\u0435\u0433\u043e \u0434\u0430\u0432\u043b\u0435\u043d\u0438\u044f 50 \u041f\u0430Lp10A = \u0437\u0432\u0443\u043a\u043e\u0432\u043e\u0435 \u0434\u0430\u0432\u043b\u0435\u043d\u0438\u0435, \u0432\u043a\u043b. A-\u0444\u0438\u043b\u044c\u0442\u0440 \u0441 4 \u0434\u0411 \u0437\u0430\u0442\u0443\u0445\u0430\u043d\u0438\u0435\u043c \u0432 \u043f\u043e\u043c\u0435\u0449\u0435\u043d\u0438\u0438 \u0438 \u043f\u043b\u043e\u0449\u0430\u0434\u044c\u044e \u0437\u0432\u0443\u043a\u043e\u043f\u043e\u0433\u043b\u043e\u0449\u0435\u043d\u0438\u044f \u043f\u043e\u043c\u0435\u0449\u0435\u043d\u0438\u044f 10 \u043c\u00b2.<\/td>\n<\/tr>\n<\/tbody>\n<\/table>","protected":false},"excerpt":{"rendered":"<h4>\u0414\u0438\u0444\u0444\u0443\u0437\u043e\u0440 \u0414\u043b\u044f \u041f\u043e\u0434\u0430\u0447\u0438 \u0412\u043e\u0437\u0434\u0443\u0445\u0430<\/h4>\n<h4>\u2205100-400, 24-180 \u043b\/\u0441<\/h4>","protected":false},"featured_media":1951,"template":"","meta":{"_acf_changed":false,"inline_featured_image":false,"_links_to":"","_links_to_target":""},"product_brand":[],"product_cat":[61],"product_tag":[],"class_list":{"0":"post-1947","1":"product","2":"type-product","3":"status-publish","4":"has-post-thumbnail","6":"product_cat-griestu-difuzori-atklatai-montazai","8":"first","9":"instock","10":"featured","11":"shipping-taxable","12":"product-type-simple"},"acf":[],"yoast_head":"<!-- This site is optimized with the Yoast SEO plugin v27.0 - https:\/\/yoast.com\/product\/yoast-seo-wordpress\/ -->\n<title>EAGLE Single - Ecowise<\/title>\n<meta name=\"robots\" content=\"index, follow, max-snippet:-1, max-image-preview:large, max-video-preview:-1\" \/>\n<link rel=\"canonical\" href=\"https:\/\/ecowise.lv\/ru\/product\/eagle-single-2\/\" \/>\n<meta property=\"og:locale\" content=\"ru_RU\" \/>\n<meta property=\"og:type\" content=\"article\" \/>\n<meta property=\"og:title\" content=\"EAGLE Single - Ecowise\" \/>\n<meta property=\"og:description\" content=\"Piepl\u016bdes difuzors \u2205100-400, 24-180 l\/s\" \/>\n<meta property=\"og:url\" content=\"https:\/\/ecowise.lv\/ru\/product\/eagle-single-2\/\" \/>\n<meta property=\"og:site_name\" content=\"Ecowise\" \/>\n<meta property=\"article:modified_time\" content=\"2024-01-08T09:36:10+00:00\" \/>\n<meta property=\"og:image\" content=\"https:\/\/ecowise.lv\/wp-content\/uploads\/2023\/08\/eagle-single-productimage.webp\" \/>\n\t<meta property=\"og:image:width\" content=\"768\" \/>\n\t<meta property=\"og:image:height\" content=\"576\" \/>\n\t<meta property=\"og:image:type\" content=\"image\/webp\" \/>\n<meta name=\"twitter:card\" content=\"summary_large_image\" \/>\n<meta name=\"twitter:label1\" content=\"\u041f\u0440\u0438\u043c\u0435\u0440\u043d\u043e\u0435 \u0432\u0440\u0435\u043c\u044f \u0434\u043b\u044f \u0447\u0442\u0435\u043d\u0438\u044f\" \/>\n\t<meta name=\"twitter:data1\" content=\"2 \u043c\u0438\u043d\u0443\u0442\u044b\" \/>\n<script type=\"application\/ld+json\" class=\"yoast-schema-graph\">{\"@context\":\"https:\/\/schema.org\",\"@graph\":[{\"@type\":\"WebPage\",\"@id\":\"https:\/\/ecowise.lv\/product\/eagle-single-2\/\",\"url\":\"https:\/\/ecowise.lv\/product\/eagle-single-2\/\",\"name\":\"EAGLE Single - Ecowise\",\"isPartOf\":{\"@id\":\"https:\/\/ecowise.lv\/#website\"},\"primaryImageOfPage\":{\"@id\":\"https:\/\/ecowise.lv\/product\/eagle-single-2\/#primaryimage\"},\"image\":{\"@id\":\"https:\/\/ecowise.lv\/product\/eagle-single-2\/#primaryimage\"},\"thumbnailUrl\":\"https:\/\/ecowise.lv\/wp-content\/uploads\/2023\/08\/eagle-single-productimage.webp\",\"datePublished\":\"2023-08-30T09:33:52+00:00\",\"dateModified\":\"2024-01-08T09:36:10+00:00\",\"breadcrumb\":{\"@id\":\"https:\/\/ecowise.lv\/product\/eagle-single-2\/#breadcrumb\"},\"inLanguage\":\"ru-RU\",\"potentialAction\":[{\"@type\":\"ReadAction\",\"target\":[\"https:\/\/ecowise.lv\/product\/eagle-single-2\/\"]}]},{\"@type\":\"ImageObject\",\"inLanguage\":\"ru-RU\",\"@id\":\"https:\/\/ecowise.lv\/product\/eagle-single-2\/#primaryimage\",\"url\":\"https:\/\/ecowise.lv\/wp-content\/uploads\/2023\/08\/eagle-single-productimage.webp\",\"contentUrl\":\"https:\/\/ecowise.lv\/wp-content\/uploads\/2023\/08\/eagle-single-productimage.webp\",\"width\":768,\"height\":576},{\"@type\":\"BreadcrumbList\",\"@id\":\"https:\/\/ecowise.lv\/product\/eagle-single-2\/#breadcrumb\",\"itemListElement\":[{\"@type\":\"ListItem\",\"position\":1,\"name\":\"Products\",\"item\":\"https:\/\/ecowise.lv\/shop\/\"},{\"@type\":\"ListItem\",\"position\":2,\"name\":\"EAGLE Single\"}]},{\"@type\":\"WebSite\",\"@id\":\"https:\/\/ecowise.lv\/#website\",\"url\":\"https:\/\/ecowise.lv\/\",\"name\":\"Ecowise\",\"description\":\"Ener\u0123ijas pat\u0113ri\u0146a samazin\u0101jums\",\"publisher\":{\"@id\":\"https:\/\/ecowise.lv\/#organization\"},\"potentialAction\":[{\"@type\":\"SearchAction\",\"target\":{\"@type\":\"EntryPoint\",\"urlTemplate\":\"https:\/\/ecowise.lv\/?s={search_term_string}\"},\"query-input\":{\"@type\":\"PropertyValueSpecification\",\"valueRequired\":true,\"valueName\":\"search_term_string\"}}],\"inLanguage\":\"ru-RU\"},{\"@type\":\"Organization\",\"@id\":\"https:\/\/ecowise.lv\/#organization\",\"name\":\"Ecowise\",\"url\":\"https:\/\/ecowise.lv\/\",\"logo\":{\"@type\":\"ImageObject\",\"inLanguage\":\"ru-RU\",\"@id\":\"https:\/\/ecowise.lv\/#\/schema\/logo\/image\/\",\"url\":\"https:\/\/ecowise.lv\/wp-content\/uploads\/2023\/03\/logo.svg\",\"contentUrl\":\"https:\/\/ecowise.lv\/wp-content\/uploads\/2023\/03\/logo.svg\",\"width\":207,\"height\":27,\"caption\":\"Ecowise\"},\"image\":{\"@id\":\"https:\/\/ecowise.lv\/#\/schema\/logo\/image\/\"}}]}<\/script>\n<!-- \/ Yoast SEO plugin. -->","yoast_head_json":{"title":"EAGLE Single - Ecowise","robots":{"index":"index","follow":"follow","max-snippet":"max-snippet:-1","max-image-preview":"max-image-preview:large","max-video-preview":"max-video-preview:-1"},"canonical":"https:\/\/ecowise.lv\/ru\/product\/eagle-single-2\/","og_locale":"ru_RU","og_type":"article","og_title":"EAGLE Single - Ecowise","og_description":"Piepl\u016bdes difuzors \u2205100-400, 24-180 l\/s","og_url":"https:\/\/ecowise.lv\/ru\/product\/eagle-single-2\/","og_site_name":"Ecowise","article_modified_time":"2024-01-08T09:36:10+00:00","og_image":[{"width":768,"height":576,"url":"https:\/\/ecowise.lv\/wp-content\/uploads\/2023\/08\/eagle-single-productimage.webp","type":"image\/webp"}],"twitter_card":"summary_large_image","twitter_misc":{"\u041f\u0440\u0438\u043c\u0435\u0440\u043d\u043e\u0435 \u0432\u0440\u0435\u043c\u044f \u0434\u043b\u044f \u0447\u0442\u0435\u043d\u0438\u044f":"2 \u043c\u0438\u043d\u0443\u0442\u044b"},"schema":{"@context":"https:\/\/schema.org","@graph":[{"@type":"WebPage","@id":"https:\/\/ecowise.lv\/product\/eagle-single-2\/","url":"https:\/\/ecowise.lv\/product\/eagle-single-2\/","name":"EAGLE Single - Ecowise","isPartOf":{"@id":"https:\/\/ecowise.lv\/#website"},"primaryImageOfPage":{"@id":"https:\/\/ecowise.lv\/product\/eagle-single-2\/#primaryimage"},"image":{"@id":"https:\/\/ecowise.lv\/product\/eagle-single-2\/#primaryimage"},"thumbnailUrl":"https:\/\/ecowise.lv\/wp-content\/uploads\/2023\/08\/eagle-single-productimage.webp","datePublished":"2023-08-30T09:33:52+00:00","dateModified":"2024-01-08T09:36:10+00:00","breadcrumb":{"@id":"https:\/\/ecowise.lv\/product\/eagle-single-2\/#breadcrumb"},"inLanguage":"ru-RU","potentialAction":[{"@type":"ReadAction","target":["https:\/\/ecowise.lv\/product\/eagle-single-2\/"]}]},{"@type":"ImageObject","inLanguage":"ru-RU","@id":"https:\/\/ecowise.lv\/product\/eagle-single-2\/#primaryimage","url":"https:\/\/ecowise.lv\/wp-content\/uploads\/2023\/08\/eagle-single-productimage.webp","contentUrl":"https:\/\/ecowise.lv\/wp-content\/uploads\/2023\/08\/eagle-single-productimage.webp","width":768,"height":576},{"@type":"BreadcrumbList","@id":"https:\/\/ecowise.lv\/product\/eagle-single-2\/#breadcrumb","itemListElement":[{"@type":"ListItem","position":1,"name":"Products","item":"https:\/\/ecowise.lv\/shop\/"},{"@type":"ListItem","position":2,"name":"EAGLE Single"}]},{"@type":"WebSite","@id":"https:\/\/ecowise.lv\/#website","url":"https:\/\/ecowise.lv\/","name":"Ecowise","description":"Ener\u0123ijas pat\u0113ri\u0146a samazin\u0101jums","publisher":{"@id":"https:\/\/ecowise.lv\/#organization"},"potentialAction":[{"@type":"SearchAction","target":{"@type":"EntryPoint","urlTemplate":"https:\/\/ecowise.lv\/?s={search_term_string}"},"query-input":{"@type":"PropertyValueSpecification","valueRequired":true,"valueName":"search_term_string"}}],"inLanguage":"ru-RU"},{"@type":"Organization","@id":"https:\/\/ecowise.lv\/#organization","name":"Ecowise","url":"https:\/\/ecowise.lv\/","logo":{"@type":"ImageObject","inLanguage":"ru-RU","@id":"https:\/\/ecowise.lv\/#\/schema\/logo\/image\/","url":"https:\/\/ecowise.lv\/wp-content\/uploads\/2023\/03\/logo.svg","contentUrl":"https:\/\/ecowise.lv\/wp-content\/uploads\/2023\/03\/logo.svg","width":207,"height":27,"caption":"Ecowise"},"image":{"@id":"https:\/\/ecowise.lv\/#\/schema\/logo\/image\/"}}]}},"_links":{"self":[{"href":"https:\/\/ecowise.lv\/ru\/wp-json\/wp\/v2\/product\/1947","targetHints":{"allow":["GET"]}}],"collection":[{"href":"https:\/\/ecowise.lv\/ru\/wp-json\/wp\/v2\/product"}],"about":[{"href":"https:\/\/ecowise.lv\/ru\/wp-json\/wp\/v2\/types\/product"}],"wp:featuredmedia":[{"embeddable":true,"href":"https:\/\/ecowise.lv\/ru\/wp-json\/wp\/v2\/media\/1951"}],"wp:attachment":[{"href":"https:\/\/ecowise.lv\/ru\/wp-json\/wp\/v2\/media?parent=1947"}],"wp:term":[{"taxonomy":"product_brand","embeddable":true,"href":"https:\/\/ecowise.lv\/ru\/wp-json\/wp\/v2\/product_brand?post=1947"},{"taxonomy":"product_cat","embeddable":true,"href":"https:\/\/ecowise.lv\/ru\/wp-json\/wp\/v2\/product_cat?post=1947"},{"taxonomy":"product_tag","embeddable":true,"href":"https:\/\/ecowise.lv\/ru\/wp-json\/wp\/v2\/product_tag?post=1947"}],"curies":[{"name":"wp","href":"https:\/\/api.w.org\/{rel}","templated":true}]}}