{"id":1901,"date":"2023-08-28T12:15:23","date_gmt":"2023-08-28T09:15:23","guid":{"rendered":"https:\/\/ecowise.lv\/?post_type=product&#038;p=1901"},"modified":"2024-06-13T11:17:12","modified_gmt":"2024-06-13T08:17:12","slug":"swift-ceiling-3","status":"publish","type":"product","link":"https:\/\/ecowise.lv\/ru\/product\/swift-ceiling-3\/","title":{"rendered":"SWIFT Ceiling"},"content":{"rendered":"<div class=\"product-description\">\n<div class=\"product-description\">\n<h3>\u041a\u0432\u0430\u0434\u0440\u0430\u0442\u043d\u044b\u0439 \u043f\u043e\u0442\u043e\u043b\u043e\u0447\u043d\u044b\u0439 \u0432\u043e\u0437\u0434\u0443\u0448\u043d\u044b\u0439 \u0434\u0438\u0444\u0444\u0443\u0437\u043e\u0440 \u0434\u043b\u044f \u043f\u043e\u0434\u0430\u0447\u0438 \u0432\u043e\u0437\u0434\u0443\u0445\u0430<\/h3>\n<p>\u041a\u0432\u0430\u0434\u0440\u0430\u0442\u043d\u044b\u0439 \u0432\u043e\u0437\u0434\u0443\u0448\u043d\u044b\u0439 \u0434\u0438\u0444\u0444\u0443\u0437\u043e\u0440 \u043f\u0440\u0435\u0434\u043d\u0430\u0437\u043d\u0430\u0447\u0435\u043d \u0434\u043b\u044f \u043c\u043e\u043d\u0442\u0430\u0436\u0430 \u0432 \u043c\u043e\u0434\u0443\u043b\u044c\u043d\u044b\u0445 \u043f\u043e\u0434\u0432\u0435\u0441\u043d\u044b\u0445 \u043f\u043e\u0442\u043e\u043b\u043a\u0430\u0445; \u043e\u0434\u043d\u0430\u043a\u043e \u043e\u043d \u0442\u0430\u043a\u0436\u0435 \u0445\u043e\u0440\u043e\u0448\u043e \u043f\u043e\u0434\u0445\u043e\u0434\u0438\u0442 \u0434\u043b\u044f \u0443\u0441\u0442\u0430\u043d\u043e\u0432\u043a\u0438 \u0432 \u0444\u0438\u043a\u0441\u0438\u0440\u043e\u0432\u0430\u043d\u043d\u044b\u0445 \u043f\u043e\u0434\u0432\u0435\u0441\u043d\u044b\u0445 \u043f\u043e\u0442\u043e\u043b\u043a\u0430\u0445. \u041f\u0435\u0440\u0444\u043e\u0440\u0430\u0446\u0438\u0438 \u043f\u0440\u0435\u0434\u043d\u0430\u0437\u043d\u0430\u0447\u0435\u043d\u044b \u0434\u043b\u044f \u0443\u043f\u0440\u0430\u0432\u043b\u0435\u043d\u0438\u044f \u0431\u043e\u043b\u044c\u0448\u0438\u043c\u0438 \u043f\u043e\u0442\u043e\u043a\u0430\u043c\u0438 \u0432\u043e\u0437\u0434\u0443\u0445\u0430. \u0420\u0430\u0437\u0431\u0440\u044b\u0437\u0433\u0438\u0432\u0430\u044e\u0449\u0430\u044f \u0447\u0430\u0441\u0442\u044c \u043e\u0441\u043d\u0430\u0449\u0435\u043d\u0430 \u0444\u0443\u043d\u043a\u0446\u0438\u0435\u0439 \u0431\u044b\u0441\u0442\u0440\u043e\u0433\u043e \u0434\u043e\u0441\u0442\u0443\u043f\u0430, \u043f\u043e\u0437\u0432\u043e\u043b\u044f\u044e\u0449\u0435\u0439 \u0431\u044b\u0441\u0442\u0440\u043e \u043e\u0442\u043a\u0440\u044b\u0442\u044c \u0438\u043b\u0438 \u0437\u0430\u043a\u0440\u044b\u0442\u044c \u0432\u043e\u0437\u0434\u0443\u0448\u043d\u044b\u0439 \u0434\u0438\u0444\u0444\u0443\u0437\u043e\u0440 \u0434\u043b\u044f \u0443\u0441\u0442\u0430\u043d\u043e\u0432\u043a\u0438, \u0432\u0432\u043e\u0434\u0430 \u0432 \u044d\u043a\u0441\u043f\u043b\u0443\u0430\u0442\u0430\u0446\u0438\u044e \u0438 \u043e\u0447\u0438\u0441\u0442\u043a\u0438.<\/p>\n<ul>\n<li>\u041f\u043b\u043e\u0441\u043a\u0438\u0439 \u0434\u0438\u0437\u0430\u0439\u043d<\/li>\n<li>\u0414\u043e\u0441\u0442\u0443\u043f\u043d\u0430 \u0442\u0430\u043a\u0436\u0435 \u0432\u0435\u0440\u0441\u0438\u044f \u0434\u043b\u044f \u0432\u044b\u0442\u044f\u0436\u043d\u043e\u0433\u043e \u0432\u043e\u0437\u0434\u0443\u0445\u0430.<\/li>\n<li>\u041f\u0440\u0435\u0434\u043d\u0430\u0437\u043d\u0430\u0447\u0435\u043d \u0434\u043b\u044f \u043c\u043e\u0434\u0443\u043b\u044c\u043d\u044b\u0445 \u043f\u043e\u0434\u0432\u0435\u0441\u043d\u044b\u0445 \u043f\u043e\u0442\u043e\u043b\u043a\u043e\u0432<\/li>\n<li>\u0411\u044b\u0441\u0442\u0440\u044b\u0439 \u0434\u043e\u0441\u0442\u0443\u043f<\/li>\n<li>\u0410\u0434\u0430\u043f\u0442\u0435\u0440 \u0434\u043b\u044f \u0441\u0438\u0441\u0442\u0435\u043c\u0430\u0442\u0438\u0437\u0438\u0440\u043e\u0432\u0430\u043d\u043d\u044b\u0445 \u043f\u043e\u0434\u0432\u0435\u0441\u043d\u044b\u0445 \u043f\u043e\u0442\u043e\u043b\u043a\u043e\u0432<\/li>\n<li>\u041c\u043e\u0436\u043d\u043e \u043a\u043e\u043c\u0431\u0438\u043d\u0438\u0440\u043e\u0432\u0430\u0442\u044c \u0441 \u044d\u043a\u0441\u043f\u043b\u0443\u0430\u0442\u0430\u0446\u0438\u043e\u043d\u043d\u044b\u043c \u044f\u0449\u0438\u043a\u043e\u043c ALS<\/li>\n<li>\u0421\u0445\u0435\u043c\u0430 \u0432\u0440\u0430\u0449\u0430\u044e\u0449\u0435\u0433\u043e\u0441\u044f \u0432\u043e\u0437\u0434\u0443\u0448\u043d\u043e\u0433\u043e \u043f\u043e\u0442\u043e\u043a\u0430<\/li>\n<li>\u0421\u0442\u0430\u043d\u0434\u0430\u0440\u0442\u043d\u044b\u0439 \u0446\u0432\u0435\u0442 \u0411\u0435\u043b\u044b\u0439 RAL 9003\n<ul>\n<li>5 \u0430\u043b\u044c\u0442\u0435\u0440\u043d\u0430\u0442\u0438\u0432\u043d\u044b\u0445 \u0441\u0442\u0430\u043d\u0434\u0430\u0440\u0442\u043d\u044b\u0445 \u0446\u0432\u0435\u0442\u043e\u0432<\/li>\n<li>\u0414\u0440\u0443\u0433\u0438\u0435 \u0446\u0432\u0435\u0442\u0430 \u043f\u043e \u0437\u0430\u043f\u0440\u043e\u0441\u0443<\/li>\n<\/ul>\n<\/li>\n<\/ul>\n<\/div>\n<\/div>\n<p>&nbsp;<\/p>\n<table style=\"height: 542px;\" width=\"854\">\n<tbody>\n<tr>\n<td class=\"bold v-align-bottom h-align-center\" colspan=\"5\"><strong>\u041f\u041e\u0422\u041e\u041a \u0412\u041e\u0417\u0414\u0423\u0425\u0410 \u2014 \u0417\u0412\u0423\u041a\u041e\u0412\u041e\u0415 \u0414\u0410\u0412\u041b\u0415\u041d\u0418\u0415 \u0412 \u041f\u041e\u041c\u0415\u0429\u0415\u041d\u0418\u0418 (Lp10A) *)<\/strong><\/td>\n<\/tr>\n<tr>\n<td class=\"bold v-align-bottom\" colspan=\"2\" rowspan=\"2\"><strong>SWIFT Ceiling<\/strong><br \/>\n<strong>\u0420\u0430\u0437\u043c\u0435\u0440<\/strong><\/td>\n<td class=\"bold v-align-bottom h-align-center\" colspan=\"3\"><strong>\u00a0\u043b\/\u0441<\/strong><\/td>\n<\/tr>\n<tr>\n<td class=\"bold v-align-bottom\"><strong>25 dB(A)<\/strong><\/td>\n<td class=\"bold v-align-bottom\"><strong>30 dB(A)<\/strong><\/td>\n<td class=\"bold v-align-bottom\"><strong>35 dB(A)<\/strong><\/td>\n<\/tr>\n<tr>\n<td class=\"v-align-bottom\" colspan=\"2\">200-500<\/td>\n<td class=\"v-align-bottom\">62<\/td>\n<td class=\"v-align-bottom\">72<\/td>\n<td class=\"v-align-bottom\">83<\/td>\n<\/tr>\n<tr>\n<td class=\"v-align-bottom\" colspan=\"2\">250-500<\/td>\n<td class=\"v-align-bottom\">72<\/td>\n<td class=\"v-align-bottom\">82<\/td>\n<td class=\"v-align-bottom\">95<\/td>\n<\/tr>\n<tr>\n<td class=\"v-align-bottom\" colspan=\"2\">200-600<\/td>\n<td class=\"v-align-bottom\">78<\/td>\n<td class=\"v-align-bottom\">86<\/td>\n<td class=\"v-align-bottom\">98<\/td>\n<\/tr>\n<tr>\n<td class=\"v-align-bottom\" colspan=\"2\">250-600<\/td>\n<td class=\"v-align-bottom\">92<\/td>\n<td class=\"v-align-bottom\">105<\/td>\n<td class=\"v-align-bottom\">120<\/td>\n<\/tr>\n<tr>\n<td class=\"v-align-bottom\" colspan=\"2\">315-600<\/td>\n<td class=\"v-align-bottom\">93<\/td>\n<td class=\"v-align-bottom\">109<\/td>\n<td class=\"v-align-bottom\">127<\/td>\n<\/tr>\n<tr>\n<td class=\"v-align-bottom h-align-center\" colspan=\"5\"><\/td>\n<\/tr>\n<tr>\n<td class=\"bold v-align-bottom\" rowspan=\"2\"><strong>SWIFT Ceiling<\/strong><br \/>\n<strong>\u0420\u0430\u0437\u043c\u0435\u0440<\/strong><\/td>\n<td class=\"bold v-align-bottom\" rowspan=\"2\"><strong>ALS<\/strong><br \/>\n<strong>\u0420\u0430\u0437\u043c\u0435\u0440<\/strong><\/td>\n<td class=\"bold v-align-bottom h-align-center\" colspan=\"3\"><strong>\u00a0\u043b\/\u0441<\/strong><\/td>\n<\/tr>\n<tr>\n<td class=\"bold v-align-bottom\"><strong>25 dB(A)<\/strong><\/td>\n<td class=\"bold v-align-bottom\"><strong>30 dB(A)<\/strong><\/td>\n<td class=\"bold v-align-bottom\"><strong>35 dB(A)<\/strong><\/td>\n<\/tr>\n<tr>\n<td class=\"v-align-bottom\">200-500<\/td>\n<td class=\"v-align-bottom\">160-200<\/td>\n<td class=\"v-align-bottom\">50<\/td>\n<td class=\"v-align-bottom\">59<\/td>\n<td class=\"v-align-bottom\">70<\/td>\n<\/tr>\n<tr>\n<td class=\"v-align-bottom\">250-500<\/td>\n<td class=\"v-align-bottom\">200-250<\/td>\n<td class=\"v-align-bottom\">63<\/td>\n<td class=\"v-align-bottom\">73<\/td>\n<td class=\"v-align-bottom\">85<\/td>\n<\/tr>\n<tr>\n<td class=\"v-align-bottom\">200-600<\/td>\n<td class=\"v-align-bottom\">160-200<\/td>\n<td class=\"v-align-bottom\">48<\/td>\n<td class=\"v-align-bottom\">62<\/td>\n<td class=\"v-align-bottom\">78<\/td>\n<\/tr>\n<tr>\n<td class=\"v-align-bottom\">250-600<\/td>\n<td class=\"v-align-bottom\">200-250<\/td>\n<td class=\"v-align-bottom\">76<\/td>\n<td class=\"v-align-bottom\">89<\/td>\n<td class=\"v-align-bottom\">105<\/td>\n<\/tr>\n<tr>\n<td class=\"v-align-bottom\">315-600<\/td>\n<td class=\"v-align-bottom\">250-315<\/td>\n<td class=\"v-align-bottom\">91<\/td>\n<td class=\"v-align-bottom\">105<\/td>\n<td class=\"v-align-bottom\">120<\/td>\n<\/tr>\n<tr>\n<td class=\"v-align-bottom\" colspan=\"5\">\u0414\u0430\u043d\u043d\u044b\u0435 \u0432 \u0442\u0430\u0431\u043b\u0438\u0446\u0435 \u043e\u0442\u043d\u043e\u0441\u044f\u0442\u0441\u044f \u043a \u043f\u043e\u0434\u0430\u0432\u0430\u0435\u043c\u043e\u043c\u0443 \u0432\u043e\u0437\u0434\u0443\u0445\u0443 \u0438 \u043e\u0431\u0449\u0435\u043c\u0443 \u0434\u0430\u0432\u043b\u0435\u043d\u0438\u044e 50 \u041f\u0430, \u043f\u0440\u0438 \u0438\u0441\u043f\u043e\u043b\u044c\u0437\u043e\u0432\u0430\u043d\u0438\u0438 \u044d\u043a\u0441\u043f\u043b\u0443\u0430\u0442\u0430\u0446\u0438\u043e\u043d\u043d\u043e\u0433\u043e \u044f\u0449\u0438\u043a\u0430 ALS. *) Lp10A = \u0417\u0432\u0443\u043a\u043e\u0432\u043e\u0435 \u0434\u0430\u0432\u043b\u0435\u043d\u0438\u0435, \u0432\u043a\u043b\u044e\u0447\u0430\u044f A-\u0444\u0438\u043b\u044c\u0442\u0440 \u0441 4 \u0434\u0411 \u0437\u0430\u0442\u0443\u0445\u0430\u043d\u0438\u044f \u0432 \u043a\u043e\u043c\u043d\u0430\u0442\u0435 \u0438 10 \u043c2 \u043f\u043e\u0433\u043b\u043e\u0449\u0430\u044e\u0449\u0435\u0439 \u043f\u043e\u0432\u0435\u0440\u0445\u043d\u043e\u0441\u0442\u0438 \u043f\u043e\u043c\u0435\u0449\u0435\u043d\u0438\u044f.<sup>2<\/sup>\u00a0\u043f\u043e\u0433\u043b\u043e\u0449\u0430\u044e\u0449\u0435\u0439 \u043f\u043e\u0432\u0435\u0440\u0445\u043d\u043e\u0441\u0442\u0438 \u043f\u043e\u043c\u0435\u0449\u0435\u043d\u0438\u044f.<\/td>\n<\/tr>\n<\/tbody>\n<\/table>","protected":false},"excerpt":{"rendered":"<h4>\u0414\u0438\u0444\u0444\u0443\u0437\u043e\u0440 \u0414\u043b\u044f \u041f\u043e\u0434\u0430\u0447\u0438 \u0412\u043e\u0437\u0434\u0443\u0445\u0430<\/h4>\n<h4>\u2205200-315, 40-120 \u043b\/\u0441<\/h4>","protected":false},"featured_media":1902,"template":"","meta":{"_acf_changed":false,"inline_featured_image":false,"_links_to":"","_links_to_target":""},"product_brand":[],"product_cat":[60],"product_tag":[],"class_list":{"0":"post-1901","1":"product","2":"type-product","3":"status-publish","4":"has-post-thumbnail","6":"product_cat-griestu-difuzori","8":"first","9":"instock","10":"featured","11":"shipping-taxable","12":"product-type-simple"},"acf":[],"yoast_head":"<!-- This site is optimized with the Yoast SEO plugin v27.0 - https:\/\/yoast.com\/product\/yoast-seo-wordpress\/ -->\n<title>SWIFT Ceiling - Ecowise<\/title>\n<meta name=\"robots\" content=\"index, follow, max-snippet:-1, max-image-preview:large, max-video-preview:-1\" \/>\n<link rel=\"canonical\" href=\"https:\/\/ecowise.lv\/ru\/product\/swift-ceiling-3\/\" \/>\n<meta property=\"og:locale\" content=\"ru_RU\" \/>\n<meta property=\"og:type\" content=\"article\" \/>\n<meta property=\"og:title\" content=\"SWIFT Ceiling - Ecowise\" \/>\n<meta property=\"og:description\" content=\"Piepl\u016bdes difuzors \u2205200-315, 40-120l\/s\" \/>\n<meta property=\"og:url\" content=\"https:\/\/ecowise.lv\/ru\/product\/swift-ceiling-3\/\" \/>\n<meta property=\"og:site_name\" content=\"Ecowise\" \/>\n<meta property=\"article:modified_time\" content=\"2024-06-13T08:17:12+00:00\" \/>\n<meta property=\"og:image\" content=\"https:\/\/ecowise.lv\/wp-content\/uploads\/2023\/08\/swift-ceiling-productimage.jpg\" \/>\n\t<meta property=\"og:image:width\" content=\"768\" \/>\n\t<meta property=\"og:image:height\" content=\"576\" \/>\n\t<meta property=\"og:image:type\" content=\"image\/jpeg\" \/>\n<meta name=\"twitter:card\" content=\"summary_large_image\" \/>\n<meta name=\"twitter:label1\" content=\"\u041f\u0440\u0438\u043c\u0435\u0440\u043d\u043e\u0435 \u0432\u0440\u0435\u043c\u044f \u0434\u043b\u044f \u0447\u0442\u0435\u043d\u0438\u044f\" \/>\n\t<meta name=\"twitter:data1\" content=\"2 \u043c\u0438\u043d\u0443\u0442\u044b\" \/>\n<script type=\"application\/ld+json\" class=\"yoast-schema-graph\">{\"@context\":\"https:\/\/schema.org\",\"@graph\":[{\"@type\":\"WebPage\",\"@id\":\"https:\/\/ecowise.lv\/product\/swift-ceiling-3\/\",\"url\":\"https:\/\/ecowise.lv\/product\/swift-ceiling-3\/\",\"name\":\"SWIFT Ceiling - Ecowise\",\"isPartOf\":{\"@id\":\"https:\/\/ecowise.lv\/#website\"},\"primaryImageOfPage\":{\"@id\":\"https:\/\/ecowise.lv\/product\/swift-ceiling-3\/#primaryimage\"},\"image\":{\"@id\":\"https:\/\/ecowise.lv\/product\/swift-ceiling-3\/#primaryimage\"},\"thumbnailUrl\":\"https:\/\/ecowise.lv\/wp-content\/uploads\/2023\/08\/swift-ceiling-productimage.jpg\",\"datePublished\":\"2023-08-28T09:15:23+00:00\",\"dateModified\":\"2024-06-13T08:17:12+00:00\",\"breadcrumb\":{\"@id\":\"https:\/\/ecowise.lv\/product\/swift-ceiling-3\/#breadcrumb\"},\"inLanguage\":\"ru-RU\",\"potentialAction\":[{\"@type\":\"ReadAction\",\"target\":[\"https:\/\/ecowise.lv\/product\/swift-ceiling-3\/\"]}]},{\"@type\":\"ImageObject\",\"inLanguage\":\"ru-RU\",\"@id\":\"https:\/\/ecowise.lv\/product\/swift-ceiling-3\/#primaryimage\",\"url\":\"https:\/\/ecowise.lv\/wp-content\/uploads\/2023\/08\/swift-ceiling-productimage.jpg\",\"contentUrl\":\"https:\/\/ecowise.lv\/wp-content\/uploads\/2023\/08\/swift-ceiling-productimage.jpg\",\"width\":768,\"height\":576},{\"@type\":\"BreadcrumbList\",\"@id\":\"https:\/\/ecowise.lv\/product\/swift-ceiling-3\/#breadcrumb\",\"itemListElement\":[{\"@type\":\"ListItem\",\"position\":1,\"name\":\"Products\",\"item\":\"https:\/\/ecowise.lv\/shop\/\"},{\"@type\":\"ListItem\",\"position\":2,\"name\":\"SWIFT Ceiling\"}]},{\"@type\":\"WebSite\",\"@id\":\"https:\/\/ecowise.lv\/#website\",\"url\":\"https:\/\/ecowise.lv\/\",\"name\":\"Ecowise\",\"description\":\"Ener\u0123ijas pat\u0113ri\u0146a samazin\u0101jums\",\"publisher\":{\"@id\":\"https:\/\/ecowise.lv\/#organization\"},\"potentialAction\":[{\"@type\":\"SearchAction\",\"target\":{\"@type\":\"EntryPoint\",\"urlTemplate\":\"https:\/\/ecowise.lv\/?s={search_term_string}\"},\"query-input\":{\"@type\":\"PropertyValueSpecification\",\"valueRequired\":true,\"valueName\":\"search_term_string\"}}],\"inLanguage\":\"ru-RU\"},{\"@type\":\"Organization\",\"@id\":\"https:\/\/ecowise.lv\/#organization\",\"name\":\"Ecowise\",\"url\":\"https:\/\/ecowise.lv\/\",\"logo\":{\"@type\":\"ImageObject\",\"inLanguage\":\"ru-RU\",\"@id\":\"https:\/\/ecowise.lv\/#\/schema\/logo\/image\/\",\"url\":\"https:\/\/ecowise.lv\/wp-content\/uploads\/2023\/03\/logo.svg\",\"contentUrl\":\"https:\/\/ecowise.lv\/wp-content\/uploads\/2023\/03\/logo.svg\",\"width\":207,\"height\":27,\"caption\":\"Ecowise\"},\"image\":{\"@id\":\"https:\/\/ecowise.lv\/#\/schema\/logo\/image\/\"}}]}<\/script>\n<!-- \/ Yoast SEO plugin. -->","yoast_head_json":{"title":"SWIFT Ceiling - Ecowise","robots":{"index":"index","follow":"follow","max-snippet":"max-snippet:-1","max-image-preview":"max-image-preview:large","max-video-preview":"max-video-preview:-1"},"canonical":"https:\/\/ecowise.lv\/ru\/product\/swift-ceiling-3\/","og_locale":"ru_RU","og_type":"article","og_title":"SWIFT Ceiling - Ecowise","og_description":"Piepl\u016bdes difuzors \u2205200-315, 40-120l\/s","og_url":"https:\/\/ecowise.lv\/ru\/product\/swift-ceiling-3\/","og_site_name":"Ecowise","article_modified_time":"2024-06-13T08:17:12+00:00","og_image":[{"width":768,"height":576,"url":"https:\/\/ecowise.lv\/wp-content\/uploads\/2023\/08\/swift-ceiling-productimage.jpg","type":"image\/jpeg"}],"twitter_card":"summary_large_image","twitter_misc":{"\u041f\u0440\u0438\u043c\u0435\u0440\u043d\u043e\u0435 \u0432\u0440\u0435\u043c\u044f \u0434\u043b\u044f \u0447\u0442\u0435\u043d\u0438\u044f":"2 \u043c\u0438\u043d\u0443\u0442\u044b"},"schema":{"@context":"https:\/\/schema.org","@graph":[{"@type":"WebPage","@id":"https:\/\/ecowise.lv\/product\/swift-ceiling-3\/","url":"https:\/\/ecowise.lv\/product\/swift-ceiling-3\/","name":"SWIFT Ceiling - Ecowise","isPartOf":{"@id":"https:\/\/ecowise.lv\/#website"},"primaryImageOfPage":{"@id":"https:\/\/ecowise.lv\/product\/swift-ceiling-3\/#primaryimage"},"image":{"@id":"https:\/\/ecowise.lv\/product\/swift-ceiling-3\/#primaryimage"},"thumbnailUrl":"https:\/\/ecowise.lv\/wp-content\/uploads\/2023\/08\/swift-ceiling-productimage.jpg","datePublished":"2023-08-28T09:15:23+00:00","dateModified":"2024-06-13T08:17:12+00:00","breadcrumb":{"@id":"https:\/\/ecowise.lv\/product\/swift-ceiling-3\/#breadcrumb"},"inLanguage":"ru-RU","potentialAction":[{"@type":"ReadAction","target":["https:\/\/ecowise.lv\/product\/swift-ceiling-3\/"]}]},{"@type":"ImageObject","inLanguage":"ru-RU","@id":"https:\/\/ecowise.lv\/product\/swift-ceiling-3\/#primaryimage","url":"https:\/\/ecowise.lv\/wp-content\/uploads\/2023\/08\/swift-ceiling-productimage.jpg","contentUrl":"https:\/\/ecowise.lv\/wp-content\/uploads\/2023\/08\/swift-ceiling-productimage.jpg","width":768,"height":576},{"@type":"BreadcrumbList","@id":"https:\/\/ecowise.lv\/product\/swift-ceiling-3\/#breadcrumb","itemListElement":[{"@type":"ListItem","position":1,"name":"Products","item":"https:\/\/ecowise.lv\/shop\/"},{"@type":"ListItem","position":2,"name":"SWIFT Ceiling"}]},{"@type":"WebSite","@id":"https:\/\/ecowise.lv\/#website","url":"https:\/\/ecowise.lv\/","name":"Ecowise","description":"Ener\u0123ijas pat\u0113ri\u0146a samazin\u0101jums","publisher":{"@id":"https:\/\/ecowise.lv\/#organization"},"potentialAction":[{"@type":"SearchAction","target":{"@type":"EntryPoint","urlTemplate":"https:\/\/ecowise.lv\/?s={search_term_string}"},"query-input":{"@type":"PropertyValueSpecification","valueRequired":true,"valueName":"search_term_string"}}],"inLanguage":"ru-RU"},{"@type":"Organization","@id":"https:\/\/ecowise.lv\/#organization","name":"Ecowise","url":"https:\/\/ecowise.lv\/","logo":{"@type":"ImageObject","inLanguage":"ru-RU","@id":"https:\/\/ecowise.lv\/#\/schema\/logo\/image\/","url":"https:\/\/ecowise.lv\/wp-content\/uploads\/2023\/03\/logo.svg","contentUrl":"https:\/\/ecowise.lv\/wp-content\/uploads\/2023\/03\/logo.svg","width":207,"height":27,"caption":"Ecowise"},"image":{"@id":"https:\/\/ecowise.lv\/#\/schema\/logo\/image\/"}}]}},"_links":{"self":[{"href":"https:\/\/ecowise.lv\/ru\/wp-json\/wp\/v2\/product\/1901","targetHints":{"allow":["GET"]}}],"collection":[{"href":"https:\/\/ecowise.lv\/ru\/wp-json\/wp\/v2\/product"}],"about":[{"href":"https:\/\/ecowise.lv\/ru\/wp-json\/wp\/v2\/types\/product"}],"wp:featuredmedia":[{"embeddable":true,"href":"https:\/\/ecowise.lv\/ru\/wp-json\/wp\/v2\/media\/1902"}],"wp:attachment":[{"href":"https:\/\/ecowise.lv\/ru\/wp-json\/wp\/v2\/media?parent=1901"}],"wp:term":[{"taxonomy":"product_brand","embeddable":true,"href":"https:\/\/ecowise.lv\/ru\/wp-json\/wp\/v2\/product_brand?post=1901"},{"taxonomy":"product_cat","embeddable":true,"href":"https:\/\/ecowise.lv\/ru\/wp-json\/wp\/v2\/product_cat?post=1901"},{"taxonomy":"product_tag","embeddable":true,"href":"https:\/\/ecowise.lv\/ru\/wp-json\/wp\/v2\/product_tag?post=1901"}],"curies":[{"name":"wp","href":"https:\/\/api.w.org\/{rel}","templated":true}]}}