{"id":1862,"date":"2023-08-28T10:23:05","date_gmt":"2023-08-28T07:23:05","guid":{"rendered":"https:\/\/ecowise.lv\/?post_type=product&#038;p=1862"},"modified":"2024-02-05T14:30:29","modified_gmt":"2024-02-05T12:30:29","slug":"lpa-2","status":"publish","type":"product","link":"https:\/\/ecowise.lv\/ru\/product\/lpa-2\/","title":{"rendered":"LPA"},"content":{"rendered":"<div class=\"product-description\">\n<div class=\"product-description\">\n<h3>\u041a\u0440\u0443\u0433\u043b\u044b\u0439 \u043f\u043e\u0442\u043e\u043b\u043e\u0447\u043d\u044b\u0439 \u0434\u0438\u0444\u0444\u0443\u0437\u043e\u0440 \u0434\u043b\u044f \u043f\u043e\u0434\u0430\u0447\u0438 \u0438 \u0432\u044b\u0442\u044f\u0436\u043a\u0438 \u0432\u043e\u0437\u0434\u0443\u0445\u0430<\/h3>\n<ul>\n<li>\u041f\u0435\u0440\u0444\u043e\u0440\u0430\u0446\u0438\u044f \u0441 \u0432\u0438\u0445\u0440\u0435\u0432\u044b\u043c\u0438 \u043b\u043e\u043f\u0430\u0442\u043a\u0430\u043c\u0438 \u0438 \u0432\u0438\u0445\u0440\u0435\u0432\u044b\u043c \u0440\u0438\u0441\u0443\u043d\u043a\u043e\u043c \u0440\u0430\u0441\u043f\u0440\u0435\u0434\u0435\u043b\u0435\u043d\u0438\u044f<\/li>\n<li>\u0412\u044b\u0441\u043e\u043a\u0438\u0435 \u0441\u043f\u043e\u0441\u043e\u0431\u043d\u043e\u0441\u0442\u0438 \u0438\u043d\u0434\u0443\u043a\u0446\u0438\u0438<\/li>\n<li>\u0410\u0434\u0430\u043f\u0442\u0438\u0440\u043e\u0432\u0430\u043d \u0434\u043b\u044f \u0443\u0441\u0442\u0430\u043d\u043e\u0432\u043a\u0438 \u0432 \u0433\u0438\u043f\u0441\u043e\u043a\u0430\u0440\u0442\u043e\u043d\u043d\u044b\u0445 \u043f\u043e\u0442\u043e\u043b\u043a\u0430\u0445<\/li>\n<li>\u041f\u0440\u043e\u0441\u0442\u0430\u044f \u0443\u0441\u0442\u0430\u043d\u043e\u0432\u043a\u0430<\/li>\n<li>\u041c\u043e\u0436\u0435\u0442 \u0438\u0441\u043f\u043e\u043b\u044c\u0437\u043e\u0432\u0430\u0442\u044c\u0441\u044f \u0441 \u044d\u043a\u0441\u043f\u043b\u0443\u0430\u0442\u0430\u0446\u0438\u043e\u043d\u043d\u044b\u043c \u044f\u0449\u0438\u043a\u043e\u043c ALS<\/li>\n<li>\u0421\u0442\u0430\u043d\u0434\u0430\u0440\u0442\u043d\u044b\u0439 \u0446\u0432\u0435\u0442 \u0411\u0435\u043b\u044b\u0439 RAL 9003\n<ul>\n<li>5 \u0430\u043b\u044c\u0442\u0435\u0440\u043d\u0430\u0442\u0438\u0432\u043d\u044b\u0445 \u0441\u0442\u0430\u043d\u0434\u0430\u0440\u0442\u043d\u044b\u0445 \u0446\u0432\u0435\u0442\u043e\u0432<\/li>\n<li>\u0414\u0440\u0443\u0433\u0438\u0435 \u0446\u0432\u0435\u0442\u0430 \u043f\u043e \u0437\u0430\u043f\u0440\u043e\u0441\u0443<\/li>\n<\/ul>\n<\/li>\n<\/ul>\n<\/div>\n<\/div>\n<p>&nbsp;<\/p>\n<table style=\"height: 526px;\" width=\"827\">\n<tbody>\n<tr>\n<td class=\"bold v-align-bottom h-align-center\" colspan=\"8\">\n<div class=\"gtx-body\"><strong>\u041f\u041e\u0422\u041e\u041a \u0412\u041e\u0417\u0414\u0423\u0425\u0410 \u2014 \u0417\u0412\u0423\u041a\u041e\u0412\u041e\u0415 \u0414\u0410\u0412\u041b\u0415\u041d\u0418\u0415 \u0412 \u041f\u041e\u041c\u0415\u0429\u0415\u041d\u0418\u0418 (Lp10A) *)<\/strong><\/div>\n<\/td>\n<\/tr>\n<tr>\n<td class=\"bold v-align-bottom\" colspan=\"2\" rowspan=\"2\"><strong>LPA<\/strong><br \/>\n<strong>\u0420\u0430\u0437\u043c\u0435\u0440<\/strong><\/td>\n<td class=\"bold v-align-middle h-align-center\" colspan=\"2\"><strong>25 dB(A)<\/strong><\/td>\n<td class=\"bold v-align-middle h-align-center\" colspan=\"2\"><strong>30 dB(A)<\/strong><\/td>\n<td class=\"bold v-align-middle h-align-center\" colspan=\"2\"><strong>35 dB(A)<\/strong><\/td>\n<\/tr>\n<tr>\n<td class=\"bold v-align-bottom h-align-center\"><strong>\u043b\/\u0441<\/strong><\/td>\n<td class=\"bold v-align-bottom h-align-center\"><strong>\u043c3\/\u0447<\/strong><\/td>\n<td class=\"bold v-align-bottom h-align-center\"><strong>\u043b\/\u0441<\/strong><\/td>\n<td class=\"bold v-align-bottom h-align-center\"><strong>\u043c3\/\u0447<\/strong><\/td>\n<td class=\"bold v-align-bottom h-align-center\"><strong>\u043b\/\u0441<\/strong><\/td>\n<td class=\"bold v-align-bottom h-align-center\"><strong>\u043c3\/\u0447<\/strong><\/td>\n<\/tr>\n<tr>\n<td class=\"v-align-bottom h-align-left\" colspan=\"2\">160<\/td>\n<td class=\"v-align-bottom\">51<\/td>\n<td class=\"v-align-bottom\">184<\/td>\n<td class=\"v-align-bottom\">59<\/td>\n<td class=\"v-align-bottom\">212<\/td>\n<td class=\"v-align-bottom\">70<\/td>\n<td class=\"v-align-bottom\">252<\/td>\n<\/tr>\n<tr>\n<td class=\"v-align-bottom h-align-left\" colspan=\"2\">200<\/td>\n<td class=\"v-align-bottom\">76<\/td>\n<td class=\"v-align-bottom\">284<\/td>\n<td class=\"v-align-bottom\">86<\/td>\n<td class=\"v-align-bottom\">310<\/td>\n<td class=\"v-align-bottom\">98<\/td>\n<td class=\"v-align-bottom\">353<\/td>\n<\/tr>\n<tr>\n<td class=\"v-align-bottom h-align-left\" colspan=\"2\">250<\/td>\n<td class=\"v-align-bottom\">110<\/td>\n<td class=\"v-align-bottom\">396<\/td>\n<td class=\"v-align-bottom\">120<\/td>\n<td class=\"v-align-bottom\">432<\/td>\n<td class=\"v-align-bottom\">140<\/td>\n<td class=\"v-align-bottom\">504<\/td>\n<\/tr>\n<tr>\n<td class=\"v-align-bottom h-align-left\" colspan=\"2\">315<\/td>\n<td class=\"v-align-bottom\">150<\/td>\n<td class=\"v-align-bottom\">540<\/td>\n<td class=\"v-align-bottom\">175<\/td>\n<td class=\"v-align-bottom\">630<\/td>\n<td class=\"v-align-bottom\">205<\/td>\n<td class=\"v-align-bottom\">738<\/td>\n<\/tr>\n<tr>\n<td class=\"v-align-bottom h-align-left\" colspan=\"2\">400<\/td>\n<td class=\"v-align-bottom\">210<\/td>\n<td class=\"v-align-bottom\">756<\/td>\n<td class=\"v-align-bottom\">245<\/td>\n<td class=\"v-align-bottom\">882<\/td>\n<td class=\"v-align-bottom\">280<\/td>\n<td class=\"v-align-bottom\">1008<\/td>\n<\/tr>\n<tr>\n<td class=\"v-align-bottom h-align-center\" colspan=\"8\"><\/td>\n<\/tr>\n<tr>\n<td class=\"bold v-align-bottom\" rowspan=\"2\"><strong>LPA<\/strong><br \/>\n<strong>\u0420\u0430\u0437\u043c\u0435\u0440<\/strong><\/td>\n<td class=\"bold v-align-bottom\" rowspan=\"2\"><strong>ALS<\/strong><br \/>\n<strong>\u0420\u0430\u0437\u043c\u0435\u0440<\/strong><\/td>\n<td class=\"bold v-align-middle h-align-center\" colspan=\"2\"><strong>25 dB(A)<\/strong><\/td>\n<td class=\"bold v-align-middle h-align-center\" colspan=\"2\"><strong>30 dB(A)<\/strong><\/td>\n<td class=\"bold v-align-middle h-align-center\" colspan=\"2\"><strong>35 dB(A)<\/strong><\/td>\n<\/tr>\n<tr>\n<td class=\"bold v-align-bottom h-align-center\"><strong>\u043b\/\u0441<\/strong><\/td>\n<td class=\"bold v-align-bottom h-align-center\"><strong>\u043c3\/\u0447<\/strong><\/td>\n<td class=\"bold v-align-bottom h-align-center\"><strong>\u043b\/\u0441<\/strong><\/td>\n<td class=\"bold v-align-bottom h-align-center\"><strong>\u043c3\/\u0447<\/strong><\/td>\n<td class=\"bold v-align-bottom h-align-center\"><strong>\u043b\/\u0441<\/strong><\/td>\n<td class=\"bold v-align-bottom h-align-center\"><strong>\u043c3\/\u0447<\/strong><\/td>\n<\/tr>\n<tr>\n<td class=\"v-align-bottom h-align-left\">160<\/td>\n<td class=\"v-align-bottom\">125-160<\/td>\n<td class=\"v-align-bottom\">32<\/td>\n<td class=\"v-align-bottom\">115<\/td>\n<td class=\"v-align-bottom\">40<\/td>\n<td class=\"v-align-bottom\">144<\/td>\n<td class=\"v-align-bottom\">48<\/td>\n<td class=\"v-align-bottom\">173<\/td>\n<\/tr>\n<tr>\n<td class=\"v-align-bottom h-align-left\">200<\/td>\n<td class=\"v-align-bottom\">160-200<\/td>\n<td class=\"v-align-bottom\">48<\/td>\n<td class=\"v-align-bottom\">173<\/td>\n<td class=\"v-align-bottom\">61<\/td>\n<td class=\"v-align-bottom\">220<\/td>\n<td class=\"v-align-bottom\">73<\/td>\n<td class=\"v-align-bottom\">263<\/td>\n<\/tr>\n<tr>\n<td class=\"v-align-bottom h-align-left\">250<\/td>\n<td class=\"v-align-bottom\">200-250<\/td>\n<td class=\"v-align-bottom\">73<\/td>\n<td class=\"v-align-bottom\">263<\/td>\n<td class=\"v-align-bottom\">93<\/td>\n<td class=\"v-align-bottom\">335<\/td>\n<td class=\"v-align-bottom\">111<\/td>\n<td class=\"v-align-bottom\">400<\/td>\n<\/tr>\n<tr>\n<td class=\"v-align-bottom h-align-left\">315<\/td>\n<td class=\"v-align-bottom\">250-315<\/td>\n<td class=\"v-align-bottom\">105<\/td>\n<td class=\"v-align-bottom\">378<\/td>\n<td class=\"v-align-bottom\">125<\/td>\n<td class=\"v-align-bottom\">450<\/td>\n<td class=\"v-align-bottom\">147<\/td>\n<td class=\"v-align-bottom\">529<\/td>\n<\/tr>\n<tr>\n<td class=\"v-align-bottom h-align-left\">400<\/td>\n<td class=\"v-align-bottom\">315-400<\/td>\n<td class=\"v-align-bottom\">136<\/td>\n<td class=\"v-align-bottom\">490<\/td>\n<td class=\"v-align-bottom\">175<\/td>\n<td class=\"v-align-bottom\">630<\/td>\n<td class=\"v-align-bottom\">225<\/td>\n<td class=\"v-align-bottom\">810<\/td>\n<\/tr>\n<tr>\n<td class=\"v-align-bottom\" colspan=\"8\">\n<div><\/div>\n<div class=\"gtx-body\">Tiek par\u0101d\u012bti piepl\u016bdes gaisa dati. Dati par LPA un ALS kombin\u0101ciju ir uzr\u0101d\u012bti ar kop\u0113jo spiedienu 50 Pa.<\/div>\n<div class=\"gtx-body\">*) Lp10A = ska\u0146as spiediens t.sk. A-filtrs ar 4 dB telpas v\u0101jin\u0101jumu un 10 m\u00b2 telpas absorbcijas laukumu.<\/div>\n<\/td>\n<\/tr>\n<\/tbody>\n<\/table>","protected":false},"excerpt":{"rendered":"<h4>\u0414\u0438\u0444\u0444\u0443\u0437\u043e\u0440 \u041f\u043e\u0434\u0430\u0447\u0438 \u0438 \u0412\u044b\u0442\u044f\u0436\u043a\u0438<\/h4>\n<h4>\u2205160-400, 25-225 \u043b\/\u0441<\/h4>","protected":false},"featured_media":1869,"template":"","meta":{"_acf_changed":false,"inline_featured_image":false,"_links_to":"","_links_to_target":""},"product_brand":[],"product_cat":[60,65],"product_tag":[],"class_list":{"0":"post-1862","1":"product","2":"type-product","3":"status-publish","4":"has-post-thumbnail","6":"product_cat-griestu-difuzori","7":"product_cat-nosuces-difuzori","9":"first","10":"instock","11":"featured","12":"shipping-taxable","13":"product-type-simple"},"acf":[],"yoast_head":"<!-- This site is optimized with the Yoast SEO plugin v27.0 - https:\/\/yoast.com\/product\/yoast-seo-wordpress\/ -->\n<title>LPA - Ecowise<\/title>\n<meta name=\"robots\" content=\"index, follow, max-snippet:-1, max-image-preview:large, max-video-preview:-1\" \/>\n<link rel=\"canonical\" href=\"https:\/\/ecowise.lv\/ru\/product\/lpa-2\/\" \/>\n<meta property=\"og:locale\" content=\"ru_RU\" \/>\n<meta property=\"og:type\" content=\"article\" \/>\n<meta property=\"og:title\" content=\"LPA - Ecowise\" \/>\n<meta property=\"og:description\" content=\"Piepl\u016bdes un Nos\u016bces difuzors \u2205160-400, 25-225 l\/s\" \/>\n<meta property=\"og:url\" content=\"https:\/\/ecowise.lv\/ru\/product\/lpa-2\/\" \/>\n<meta property=\"og:site_name\" content=\"Ecowise\" \/>\n<meta property=\"article:modified_time\" content=\"2024-02-05T12:30:29+00:00\" \/>\n<meta property=\"og:image\" content=\"https:\/\/ecowise.lv\/wp-content\/uploads\/2023\/08\/lpa-productimage-1.jpg\" \/>\n\t<meta property=\"og:image:width\" content=\"768\" \/>\n\t<meta property=\"og:image:height\" content=\"576\" \/>\n\t<meta property=\"og:image:type\" content=\"image\/jpeg\" \/>\n<meta name=\"twitter:card\" content=\"summary_large_image\" \/>\n<meta name=\"twitter:label1\" content=\"\u041f\u0440\u0438\u043c\u0435\u0440\u043d\u043e\u0435 \u0432\u0440\u0435\u043c\u044f \u0434\u043b\u044f \u0447\u0442\u0435\u043d\u0438\u044f\" \/>\n\t<meta name=\"twitter:data1\" content=\"2 \u043c\u0438\u043d\u0443\u0442\u044b\" \/>\n<script type=\"application\/ld+json\" class=\"yoast-schema-graph\">{\"@context\":\"https:\/\/schema.org\",\"@graph\":[{\"@type\":\"WebPage\",\"@id\":\"https:\/\/ecowise.lv\/product\/lpa-2\/\",\"url\":\"https:\/\/ecowise.lv\/product\/lpa-2\/\",\"name\":\"LPA - Ecowise\",\"isPartOf\":{\"@id\":\"https:\/\/ecowise.lv\/#website\"},\"primaryImageOfPage\":{\"@id\":\"https:\/\/ecowise.lv\/product\/lpa-2\/#primaryimage\"},\"image\":{\"@id\":\"https:\/\/ecowise.lv\/product\/lpa-2\/#primaryimage\"},\"thumbnailUrl\":\"https:\/\/ecowise.lv\/wp-content\/uploads\/2023\/08\/lpa-productimage-1.jpg\",\"datePublished\":\"2023-08-28T07:23:05+00:00\",\"dateModified\":\"2024-02-05T12:30:29+00:00\",\"breadcrumb\":{\"@id\":\"https:\/\/ecowise.lv\/product\/lpa-2\/#breadcrumb\"},\"inLanguage\":\"ru-RU\",\"potentialAction\":[{\"@type\":\"ReadAction\",\"target\":[\"https:\/\/ecowise.lv\/product\/lpa-2\/\"]}]},{\"@type\":\"ImageObject\",\"inLanguage\":\"ru-RU\",\"@id\":\"https:\/\/ecowise.lv\/product\/lpa-2\/#primaryimage\",\"url\":\"https:\/\/ecowise.lv\/wp-content\/uploads\/2023\/08\/lpa-productimage-1.jpg\",\"contentUrl\":\"https:\/\/ecowise.lv\/wp-content\/uploads\/2023\/08\/lpa-productimage-1.jpg\",\"width\":768,\"height\":576},{\"@type\":\"BreadcrumbList\",\"@id\":\"https:\/\/ecowise.lv\/product\/lpa-2\/#breadcrumb\",\"itemListElement\":[{\"@type\":\"ListItem\",\"position\":1,\"name\":\"Products\",\"item\":\"https:\/\/ecowise.lv\/shop\/\"},{\"@type\":\"ListItem\",\"position\":2,\"name\":\"LPA\"}]},{\"@type\":\"WebSite\",\"@id\":\"https:\/\/ecowise.lv\/#website\",\"url\":\"https:\/\/ecowise.lv\/\",\"name\":\"Ecowise\",\"description\":\"Ener\u0123ijas pat\u0113ri\u0146a samazin\u0101jums\",\"publisher\":{\"@id\":\"https:\/\/ecowise.lv\/#organization\"},\"potentialAction\":[{\"@type\":\"SearchAction\",\"target\":{\"@type\":\"EntryPoint\",\"urlTemplate\":\"https:\/\/ecowise.lv\/?s={search_term_string}\"},\"query-input\":{\"@type\":\"PropertyValueSpecification\",\"valueRequired\":true,\"valueName\":\"search_term_string\"}}],\"inLanguage\":\"ru-RU\"},{\"@type\":\"Organization\",\"@id\":\"https:\/\/ecowise.lv\/#organization\",\"name\":\"Ecowise\",\"url\":\"https:\/\/ecowise.lv\/\",\"logo\":{\"@type\":\"ImageObject\",\"inLanguage\":\"ru-RU\",\"@id\":\"https:\/\/ecowise.lv\/#\/schema\/logo\/image\/\",\"url\":\"https:\/\/ecowise.lv\/wp-content\/uploads\/2023\/03\/logo.svg\",\"contentUrl\":\"https:\/\/ecowise.lv\/wp-content\/uploads\/2023\/03\/logo.svg\",\"width\":207,\"height\":27,\"caption\":\"Ecowise\"},\"image\":{\"@id\":\"https:\/\/ecowise.lv\/#\/schema\/logo\/image\/\"}}]}<\/script>\n<!-- \/ Yoast SEO plugin. -->","yoast_head_json":{"title":"LPA - Ecowise","robots":{"index":"index","follow":"follow","max-snippet":"max-snippet:-1","max-image-preview":"max-image-preview:large","max-video-preview":"max-video-preview:-1"},"canonical":"https:\/\/ecowise.lv\/ru\/product\/lpa-2\/","og_locale":"ru_RU","og_type":"article","og_title":"LPA - Ecowise","og_description":"Piepl\u016bdes un Nos\u016bces difuzors \u2205160-400, 25-225 l\/s","og_url":"https:\/\/ecowise.lv\/ru\/product\/lpa-2\/","og_site_name":"Ecowise","article_modified_time":"2024-02-05T12:30:29+00:00","og_image":[{"width":768,"height":576,"url":"https:\/\/ecowise.lv\/wp-content\/uploads\/2023\/08\/lpa-productimage-1.jpg","type":"image\/jpeg"}],"twitter_card":"summary_large_image","twitter_misc":{"\u041f\u0440\u0438\u043c\u0435\u0440\u043d\u043e\u0435 \u0432\u0440\u0435\u043c\u044f \u0434\u043b\u044f \u0447\u0442\u0435\u043d\u0438\u044f":"2 \u043c\u0438\u043d\u0443\u0442\u044b"},"schema":{"@context":"https:\/\/schema.org","@graph":[{"@type":"WebPage","@id":"https:\/\/ecowise.lv\/product\/lpa-2\/","url":"https:\/\/ecowise.lv\/product\/lpa-2\/","name":"LPA - Ecowise","isPartOf":{"@id":"https:\/\/ecowise.lv\/#website"},"primaryImageOfPage":{"@id":"https:\/\/ecowise.lv\/product\/lpa-2\/#primaryimage"},"image":{"@id":"https:\/\/ecowise.lv\/product\/lpa-2\/#primaryimage"},"thumbnailUrl":"https:\/\/ecowise.lv\/wp-content\/uploads\/2023\/08\/lpa-productimage-1.jpg","datePublished":"2023-08-28T07:23:05+00:00","dateModified":"2024-02-05T12:30:29+00:00","breadcrumb":{"@id":"https:\/\/ecowise.lv\/product\/lpa-2\/#breadcrumb"},"inLanguage":"ru-RU","potentialAction":[{"@type":"ReadAction","target":["https:\/\/ecowise.lv\/product\/lpa-2\/"]}]},{"@type":"ImageObject","inLanguage":"ru-RU","@id":"https:\/\/ecowise.lv\/product\/lpa-2\/#primaryimage","url":"https:\/\/ecowise.lv\/wp-content\/uploads\/2023\/08\/lpa-productimage-1.jpg","contentUrl":"https:\/\/ecowise.lv\/wp-content\/uploads\/2023\/08\/lpa-productimage-1.jpg","width":768,"height":576},{"@type":"BreadcrumbList","@id":"https:\/\/ecowise.lv\/product\/lpa-2\/#breadcrumb","itemListElement":[{"@type":"ListItem","position":1,"name":"Products","item":"https:\/\/ecowise.lv\/shop\/"},{"@type":"ListItem","position":2,"name":"LPA"}]},{"@type":"WebSite","@id":"https:\/\/ecowise.lv\/#website","url":"https:\/\/ecowise.lv\/","name":"Ecowise","description":"Ener\u0123ijas pat\u0113ri\u0146a samazin\u0101jums","publisher":{"@id":"https:\/\/ecowise.lv\/#organization"},"potentialAction":[{"@type":"SearchAction","target":{"@type":"EntryPoint","urlTemplate":"https:\/\/ecowise.lv\/?s={search_term_string}"},"query-input":{"@type":"PropertyValueSpecification","valueRequired":true,"valueName":"search_term_string"}}],"inLanguage":"ru-RU"},{"@type":"Organization","@id":"https:\/\/ecowise.lv\/#organization","name":"Ecowise","url":"https:\/\/ecowise.lv\/","logo":{"@type":"ImageObject","inLanguage":"ru-RU","@id":"https:\/\/ecowise.lv\/#\/schema\/logo\/image\/","url":"https:\/\/ecowise.lv\/wp-content\/uploads\/2023\/03\/logo.svg","contentUrl":"https:\/\/ecowise.lv\/wp-content\/uploads\/2023\/03\/logo.svg","width":207,"height":27,"caption":"Ecowise"},"image":{"@id":"https:\/\/ecowise.lv\/#\/schema\/logo\/image\/"}}]}},"_links":{"self":[{"href":"https:\/\/ecowise.lv\/ru\/wp-json\/wp\/v2\/product\/1862","targetHints":{"allow":["GET"]}}],"collection":[{"href":"https:\/\/ecowise.lv\/ru\/wp-json\/wp\/v2\/product"}],"about":[{"href":"https:\/\/ecowise.lv\/ru\/wp-json\/wp\/v2\/types\/product"}],"wp:featuredmedia":[{"embeddable":true,"href":"https:\/\/ecowise.lv\/ru\/wp-json\/wp\/v2\/media\/1869"}],"wp:attachment":[{"href":"https:\/\/ecowise.lv\/ru\/wp-json\/wp\/v2\/media?parent=1862"}],"wp:term":[{"taxonomy":"product_brand","embeddable":true,"href":"https:\/\/ecowise.lv\/ru\/wp-json\/wp\/v2\/product_brand?post=1862"},{"taxonomy":"product_cat","embeddable":true,"href":"https:\/\/ecowise.lv\/ru\/wp-json\/wp\/v2\/product_cat?post=1862"},{"taxonomy":"product_tag","embeddable":true,"href":"https:\/\/ecowise.lv\/ru\/wp-json\/wp\/v2\/product_tag?post=1862"}],"curies":[{"name":"wp","href":"https:\/\/api.w.org\/{rel}","templated":true}]}}