{"id":1853,"date":"2023-08-27T16:05:07","date_gmt":"2023-08-27T13:05:07","guid":{"rendered":"https:\/\/ecowise.lv\/?post_type=product&#038;p=1853"},"modified":"2024-01-03T12:12:59","modified_gmt":"2024-01-03T10:12:59","slug":"global-px-top-2","status":"publish","type":"product","link":"https:\/\/ecowise.lv\/ru\/product\/global-px-top-2\/","title":{"rendered":"GLOBAL PX TOP"},"content":{"rendered":"<h3>\u0412\u0415\u041d\u0422\u0418\u041b\u042f\u0426\u0418\u041e\u041d\u041d\u041e\u0415 \u0423\u0421\u0422\u0420\u041e\u0419\u0421\u0422\u0412\u041e \u0421 \u041f\u0420\u041e\u0422\u0418\u0412\u041e\u0422\u041e\u0427\u041d\u042b\u041c \u041f\u041b\u0410\u0421\u0422\u0418\u041d\u0427\u0410\u0422\u042b\u041c \u0422\u0415\u041f\u041b\u041e\u041e\u0411\u041c\u0415\u041d\u041d\u0418\u041a\u041e\u041c \u0414\u041b\u042f \u041a\u041e\u041c\u041c\u0415\u0420\u0427\u0415\u0421\u041a\u041e\u0413\u041e \u0418\u0421\u041f\u041e\u041b\u042c\u0417\u041e\u0412\u0410\u041d\u0418\u042f. \u0418\u0414\u0415\u0410\u041b\u042c\u041d\u041e \u041f\u041e\u0414\u0425\u041e\u0414\u0418\u0422 \u041a\u0410\u041a \u0414\u041b\u042f \u041d\u041e\u0412\u042b\u0425 \u0417\u0414\u0410\u041d\u0418\u0419, \u0422\u0410\u041a \u0418 \u0414\u041b\u042f \u041f\u0420\u041e\u0415\u041a\u0422\u041e\u0412 \u0420\u0415\u041d\u041e\u0412\u0410\u0426\u0418\u0418.<\/h3>\n<ul>\n<li>\u041c\u0430\u043a\u0441\u0438\u043c\u0430\u043b\u044c\u043d\u044b\u0439 \u0432\u043e\u0437\u0434\u0443\u0448\u043d\u044b\u0439 \u043f\u043e\u0442\u043e\u043a 3660 \u043c\u00b3\/\u0447<\/li>\n<li>\u0422\u0435\u043c\u043f\u0435\u0440\u0430\u0442\u0443\u0440\u043d\u0430\u044f \u044d\u0444\u0444\u0435\u043a\u0442\u0438\u0432\u043d\u043e\u0441\u0442\u044c \u0442\u0435\u043f\u043b\u043e\u043e\u0431\u043c\u0435\u043d\u043d\u0438\u043a\u0430 \u2265 90% (-10\u00b0C\/+22\u00b0C)<\/li>\n<li>\u0422\u0435\u043c\u043f\u0435\u0440\u0430\u0442\u0443\u0440\u043d\u0430\u044f \u044d\u0444\u0444\u0435\u043a\u0442\u0438\u0432\u043d\u043e\u0441\u0442\u044c \u226582% \u0441\u043e\u0433\u043b\u0430\u0441\u043d\u043e EN308<\/li>\n<li>\u042d\u043d\u0435\u0440\u0433\u043e\u044d\u0444\u0444\u0435\u043a\u0442\u0438\u0432\u043d\u044b\u0435 \u0438 \u0442\u0438\u0445\u0438\u0435 EC \u0432\u0435\u043d\u0442\u0438\u043b\u044f\u0442\u043e\u0440\u044b \u0441 \u043b\u043e\u043f\u0430\u0441\u0442\u044f\u043c\u0438 \u0438\u0437 \u043a\u043e\u043c\u043f\u043e\u0437\u0438\u0442\u043d\u043e\u0433\u043e \u043c\u0430\u0442\u0435\u0440\u0438\u0430\u043b\u0430 \u0438\u043b\u0438 \u0430\u043b\u044e\u043c\u0438\u043d\u0438\u044f (\u0437\u0430 \u0438\u0441\u043a\u043b\u044e\u0447\u0435\u043d\u0438\u0435\u043c \u0440\u0430\u0437\u043c\u0435\u0440\u0430 18)<\/li>\n<li>\u0423\u0441\u0442\u0430\u043d\u043e\u0432\u043a\u0430 \u0432\u043d\u0443\u0442\u0440\u0438 \u043f\u043e\u043c\u0435\u0449\u0435\u043d\u0438\u044f<\/li>\n<li>\u0421\u043e\u0432\u0440\u0435\u043c\u0435\u043d\u043d\u0430\u044f \u0443\u043f\u0440\u0430\u0432\u043b\u044f\u044e\u0449\u0430\u044f \u043f\u0430\u043d\u0435\u043b\u044c \u0441 \u0441\u0435\u043d\u0441\u043e\u0440\u043d\u044b\u043c \u044d\u043a\u0440\u0430\u043d\u043e\u043c HMI \u00abTACtouch\u00bb<\/li>\n<li>\u042d\u043b\u0435\u043a\u0442\u0440\u0438\u0447\u0435\u0441\u0442\u0432\u043e\/\u0432\u043e\u0434\u0430 (\u0443\u0441\u0442\u0430\u043d\u043e\u0432\u043b\u0435\u043d\u043e \u043d\u0430 \u0437\u0430\u0432\u043e\u0434\u0435)<\/li>\n<li>\u0418\u0437\u043e\u043b\u0438\u0440\u043e\u0432\u0430\u043d\u043d\u044b\u0439 \u043a\u043e\u0440\u043f\u0443\u0441 \u0434\u043b\u044f \u0432\u043d\u0435\u0448\u043d\u0438\u0445 \u043e\u0431\u043e\u0433\u0440\u0435\u0432\u0430\u0442\u0435\u043b\u0435\u0439\/\u043e\u0445\u043b\u0430\u0434\u0438\u0442\u0435\u043b\u0435\u0439 \u0432 \u043a\u0430\u0447\u0435\u0441\u0442\u0432\u0435 \u0430\u043a\u0441\u0435\u0441\u0441\u0443\u0430\u0440\u0430 (\u0432\u043e\u0434\u0430\/DX)<\/li>\n<li>\u0420\u0430\u0437\u043c\u0435\u0449\u0435\u043d\u0438\u0435 \u0432\u043d\u0443\u0442\u0440\u0438 \u043f\u043e\u043c\u0435\u0449\u0435\u043d\u0438\u044f<\/li>\n<li>\u0412\u0435\u0440\u0445\u043d\u0435\u0435 \u0441\u043e\u0435\u0434\u0438\u043d\u0435\u043d\u0438\u0435<\/li>\n<li>\u0421 \u0443\u043f\u0440\u0430\u0432\u043b\u044f\u044e\u0449\u0438\u043c\u0438 \u0443\u0441\u0442\u0440\u043e\u0439\u0441\u0442\u0432\u0430\u043c\u0438 \u0438 HMI<\/li>\n<li>\u0421\u0435\u0440\u0442\u0438\u0444\u0438\u0446\u0438\u0440\u043e\u0432\u0430\u043d\u043e Eurovent<\/li>\n<\/ul>\n<p>\u0414\u043e\u0441\u0442\u0443\u043f\u043d\u044b \u0434\u0432\u0430 \u0440\u0430\u0437\u043d\u044b\u0445 \u0442\u0438\u043f\u0430 \u0432\u0435\u043d\u0442\u0438\u043b\u044f\u0442\u043e\u0440\u043e\u0432 (\u043a\u043e\u043c\u043f\u043e\u0437\u0438\u0442\u043d\u044b\u0439 \u0438\u043b\u0438 \u0430\u043b\u044e\u043c\u0438\u043d\u0438\u0435\u0432\u044b\u0439). \u0418\u043d\u0442\u0435\u0433\u0440\u0438\u0440\u043e\u0432\u0430\u043d\u043d\u044b\u0435 \u0448\u0443\u043c\u043e\u0433\u043b\u0443\u0448\u0438\u0442\u0435\u043b\u0438 \u0434\u043b\u044f \u043f\u043e\u0442\u043e\u043a\u0430 \u043f\u043e\u0434\u0430\u0432\u0430\u0435\u043c\u043e\u0433\u043e \u0432\u043e\u0437\u0434\u0443\u0445\u0430 \u0432 \u043a\u0430\u0447\u0435\u0441\u0442\u0432\u0435 \u0430\u043a\u0441\u0435\u0441\u0441\u0443\u0430\u0440\u0430 (\u0443\u0441\u0442\u0430\u043d\u043e\u0432\u043b\u0435\u043d\u043e \u043d\u0430 \u0437\u0430\u0432\u043e\u0434\u0435).<\/p>","protected":false},"excerpt":{"rendered":"<h4>\u0412\u043e\u0437\u0434\u0443\u0445\u043e\u043e\u0431\u0440\u0430\u0431\u0430\u0442\u044b\u0432\u0430\u044e\u0449\u0435\u0435 \u0443\u0441\u0442\u0440\u043e\u0439\u0441\u0442\u0432\u043e \u0441 \u043f\u0440\u043e\u0442\u0438\u0432\u043e\u0442\u043e\u0447\u043d\u044b\u043c\/\u043f\u043b\u0430\u0441\u0442\u0438\u043d\u0447\u0430\u0442\u044b\u043c \u0442\u0435\u043f\u043b\u043e\u043e\u0431\u043c\u0435\u043d\u043d\u0438\u043a\u043e\u043c, \u0441 \u0432\u044b\u0445\u043e\u0434\u0430\u043c\u0438 \u0432\u0432\u0435\u0440\u0445<\/h4>\n<h4>\u0414\u043e 3600 \u043c\u00b3\/\u0447<\/h4>","protected":false},"featured_media":2650,"template":"","meta":{"_acf_changed":false,"inline_featured_image":false,"_links_to":"","_links_to_target":""},"product_brand":[],"product_cat":[16,33],"product_tag":[],"class_list":{"0":"post-1853","1":"product","2":"type-product","3":"status-publish","4":"has-post-thumbnail","6":"product_cat-ventilacijas-iekartas","7":"product_cat-global","9":"first","10":"instock","11":"shipping-taxable","12":"product-type-simple"},"acf":[],"yoast_head":"<!-- This site is optimized with the Yoast SEO plugin v27.0 - https:\/\/yoast.com\/product\/yoast-seo-wordpress\/ -->\n<title>GLOBAL PX TOP - Ecowise<\/title>\n<meta name=\"description\" content=\"Ventil\u0101cijas iek\u0101rta ar pretpl\u016bsmas pl\u0101k\u0161\u0146u siltummaini komerci\u0101lai lieto\u0161anai. Lieliski piem\u0113rots gan jauncelt\u0101m \u0113k\u0101m, gan renov\u0101cijas projektiem.\" \/>\n<meta name=\"robots\" content=\"index, follow, max-snippet:-1, max-image-preview:large, max-video-preview:-1\" \/>\n<link rel=\"canonical\" href=\"https:\/\/ecowise.lv\/ru\/product\/global-px-top-2\/\" \/>\n<meta property=\"og:locale\" content=\"ru_RU\" \/>\n<meta property=\"og:type\" content=\"article\" \/>\n<meta property=\"og:title\" content=\"GLOBAL PX TOP - Ecowise\" \/>\n<meta property=\"og:description\" content=\"Ventil\u0101cijas iek\u0101rta ar pretpl\u016bsmas pl\u0101k\u0161\u0146u siltummaini komerci\u0101lai lieto\u0161anai. Lieliski piem\u0113rots gan jauncelt\u0101m \u0113k\u0101m, gan renov\u0101cijas projektiem.\" \/>\n<meta property=\"og:url\" content=\"https:\/\/ecowise.lv\/ru\/product\/global-px-top-2\/\" \/>\n<meta property=\"og:site_name\" content=\"Ecowise\" \/>\n<meta property=\"article:modified_time\" content=\"2024-01-03T10:12:59+00:00\" \/>\n<meta property=\"og:image\" content=\"https:\/\/ecowise.lv\/wp-content\/uploads\/2023\/08\/px-08-top_portes-fermees.png\" \/>\n\t<meta property=\"og:image:width\" content=\"500\" \/>\n\t<meta property=\"og:image:height\" content=\"325\" \/>\n\t<meta property=\"og:image:type\" content=\"image\/png\" \/>\n<meta name=\"twitter:card\" content=\"summary_large_image\" \/>\n<meta name=\"twitter:label1\" content=\"\u041f\u0440\u0438\u043c\u0435\u0440\u043d\u043e\u0435 \u0432\u0440\u0435\u043c\u044f \u0434\u043b\u044f \u0447\u0442\u0435\u043d\u0438\u044f\" \/>\n\t<meta name=\"twitter:data1\" content=\"1 \u043c\u0438\u043d\u0443\u0442\u0430\" \/>\n<script type=\"application\/ld+json\" class=\"yoast-schema-graph\">{\"@context\":\"https:\/\/schema.org\",\"@graph\":[{\"@type\":\"WebPage\",\"@id\":\"https:\/\/ecowise.lv\/product\/global-px-top-2\/\",\"url\":\"https:\/\/ecowise.lv\/product\/global-px-top-2\/\",\"name\":\"GLOBAL PX TOP - Ecowise\",\"isPartOf\":{\"@id\":\"https:\/\/ecowise.lv\/#website\"},\"primaryImageOfPage\":{\"@id\":\"https:\/\/ecowise.lv\/product\/global-px-top-2\/#primaryimage\"},\"image\":{\"@id\":\"https:\/\/ecowise.lv\/product\/global-px-top-2\/#primaryimage\"},\"thumbnailUrl\":\"https:\/\/ecowise.lv\/wp-content\/uploads\/2023\/08\/px-08-top_portes-fermees.png\",\"datePublished\":\"2023-08-27T13:05:07+00:00\",\"dateModified\":\"2024-01-03T10:12:59+00:00\",\"description\":\"Ventil\u0101cijas iek\u0101rta ar pretpl\u016bsmas pl\u0101k\u0161\u0146u siltummaini komerci\u0101lai lieto\u0161anai. Lieliski piem\u0113rots gan jauncelt\u0101m \u0113k\u0101m, gan renov\u0101cijas projektiem.\",\"breadcrumb\":{\"@id\":\"https:\/\/ecowise.lv\/product\/global-px-top-2\/#breadcrumb\"},\"inLanguage\":\"ru-RU\",\"potentialAction\":[{\"@type\":\"ReadAction\",\"target\":[\"https:\/\/ecowise.lv\/product\/global-px-top-2\/\"]}]},{\"@type\":\"ImageObject\",\"inLanguage\":\"ru-RU\",\"@id\":\"https:\/\/ecowise.lv\/product\/global-px-top-2\/#primaryimage\",\"url\":\"https:\/\/ecowise.lv\/wp-content\/uploads\/2023\/08\/px-08-top_portes-fermees.png\",\"contentUrl\":\"https:\/\/ecowise.lv\/wp-content\/uploads\/2023\/08\/px-08-top_portes-fermees.png\",\"width\":500,\"height\":325},{\"@type\":\"BreadcrumbList\",\"@id\":\"https:\/\/ecowise.lv\/product\/global-px-top-2\/#breadcrumb\",\"itemListElement\":[{\"@type\":\"ListItem\",\"position\":1,\"name\":\"Products\",\"item\":\"https:\/\/ecowise.lv\/shop\/\"},{\"@type\":\"ListItem\",\"position\":2,\"name\":\"GLOBAL PX TOP\"}]},{\"@type\":\"WebSite\",\"@id\":\"https:\/\/ecowise.lv\/#website\",\"url\":\"https:\/\/ecowise.lv\/\",\"name\":\"Ecowise\",\"description\":\"Ener\u0123ijas pat\u0113ri\u0146a samazin\u0101jums\",\"publisher\":{\"@id\":\"https:\/\/ecowise.lv\/#organization\"},\"potentialAction\":[{\"@type\":\"SearchAction\",\"target\":{\"@type\":\"EntryPoint\",\"urlTemplate\":\"https:\/\/ecowise.lv\/?s={search_term_string}\"},\"query-input\":{\"@type\":\"PropertyValueSpecification\",\"valueRequired\":true,\"valueName\":\"search_term_string\"}}],\"inLanguage\":\"ru-RU\"},{\"@type\":\"Organization\",\"@id\":\"https:\/\/ecowise.lv\/#organization\",\"name\":\"Ecowise\",\"url\":\"https:\/\/ecowise.lv\/\",\"logo\":{\"@type\":\"ImageObject\",\"inLanguage\":\"ru-RU\",\"@id\":\"https:\/\/ecowise.lv\/#\/schema\/logo\/image\/\",\"url\":\"https:\/\/ecowise.lv\/wp-content\/uploads\/2023\/03\/logo.svg\",\"contentUrl\":\"https:\/\/ecowise.lv\/wp-content\/uploads\/2023\/03\/logo.svg\",\"width\":207,\"height\":27,\"caption\":\"Ecowise\"},\"image\":{\"@id\":\"https:\/\/ecowise.lv\/#\/schema\/logo\/image\/\"}}]}<\/script>\n<!-- \/ Yoast SEO plugin. -->","yoast_head_json":{"title":"GLOBAL PX TOP - Ecowise","description":"Ventil\u0101cijas iek\u0101rta ar pretpl\u016bsmas pl\u0101k\u0161\u0146u siltummaini komerci\u0101lai lieto\u0161anai. Lieliski piem\u0113rots gan jauncelt\u0101m \u0113k\u0101m, gan renov\u0101cijas projektiem.","robots":{"index":"index","follow":"follow","max-snippet":"max-snippet:-1","max-image-preview":"max-image-preview:large","max-video-preview":"max-video-preview:-1"},"canonical":"https:\/\/ecowise.lv\/ru\/product\/global-px-top-2\/","og_locale":"ru_RU","og_type":"article","og_title":"GLOBAL PX TOP - Ecowise","og_description":"Ventil\u0101cijas iek\u0101rta ar pretpl\u016bsmas pl\u0101k\u0161\u0146u siltummaini komerci\u0101lai lieto\u0161anai. Lieliski piem\u0113rots gan jauncelt\u0101m \u0113k\u0101m, gan renov\u0101cijas projektiem.","og_url":"https:\/\/ecowise.lv\/ru\/product\/global-px-top-2\/","og_site_name":"Ecowise","article_modified_time":"2024-01-03T10:12:59+00:00","og_image":[{"width":500,"height":325,"url":"https:\/\/ecowise.lv\/wp-content\/uploads\/2023\/08\/px-08-top_portes-fermees.png","type":"image\/png"}],"twitter_card":"summary_large_image","twitter_misc":{"\u041f\u0440\u0438\u043c\u0435\u0440\u043d\u043e\u0435 \u0432\u0440\u0435\u043c\u044f \u0434\u043b\u044f \u0447\u0442\u0435\u043d\u0438\u044f":"1 \u043c\u0438\u043d\u0443\u0442\u0430"},"schema":{"@context":"https:\/\/schema.org","@graph":[{"@type":"WebPage","@id":"https:\/\/ecowise.lv\/product\/global-px-top-2\/","url":"https:\/\/ecowise.lv\/product\/global-px-top-2\/","name":"GLOBAL PX TOP - Ecowise","isPartOf":{"@id":"https:\/\/ecowise.lv\/#website"},"primaryImageOfPage":{"@id":"https:\/\/ecowise.lv\/product\/global-px-top-2\/#primaryimage"},"image":{"@id":"https:\/\/ecowise.lv\/product\/global-px-top-2\/#primaryimage"},"thumbnailUrl":"https:\/\/ecowise.lv\/wp-content\/uploads\/2023\/08\/px-08-top_portes-fermees.png","datePublished":"2023-08-27T13:05:07+00:00","dateModified":"2024-01-03T10:12:59+00:00","description":"Ventil\u0101cijas iek\u0101rta ar pretpl\u016bsmas pl\u0101k\u0161\u0146u siltummaini komerci\u0101lai lieto\u0161anai. Lieliski piem\u0113rots gan jauncelt\u0101m \u0113k\u0101m, gan renov\u0101cijas projektiem.","breadcrumb":{"@id":"https:\/\/ecowise.lv\/product\/global-px-top-2\/#breadcrumb"},"inLanguage":"ru-RU","potentialAction":[{"@type":"ReadAction","target":["https:\/\/ecowise.lv\/product\/global-px-top-2\/"]}]},{"@type":"ImageObject","inLanguage":"ru-RU","@id":"https:\/\/ecowise.lv\/product\/global-px-top-2\/#primaryimage","url":"https:\/\/ecowise.lv\/wp-content\/uploads\/2023\/08\/px-08-top_portes-fermees.png","contentUrl":"https:\/\/ecowise.lv\/wp-content\/uploads\/2023\/08\/px-08-top_portes-fermees.png","width":500,"height":325},{"@type":"BreadcrumbList","@id":"https:\/\/ecowise.lv\/product\/global-px-top-2\/#breadcrumb","itemListElement":[{"@type":"ListItem","position":1,"name":"Products","item":"https:\/\/ecowise.lv\/shop\/"},{"@type":"ListItem","position":2,"name":"GLOBAL PX TOP"}]},{"@type":"WebSite","@id":"https:\/\/ecowise.lv\/#website","url":"https:\/\/ecowise.lv\/","name":"Ecowise","description":"Ener\u0123ijas pat\u0113ri\u0146a samazin\u0101jums","publisher":{"@id":"https:\/\/ecowise.lv\/#organization"},"potentialAction":[{"@type":"SearchAction","target":{"@type":"EntryPoint","urlTemplate":"https:\/\/ecowise.lv\/?s={search_term_string}"},"query-input":{"@type":"PropertyValueSpecification","valueRequired":true,"valueName":"search_term_string"}}],"inLanguage":"ru-RU"},{"@type":"Organization","@id":"https:\/\/ecowise.lv\/#organization","name":"Ecowise","url":"https:\/\/ecowise.lv\/","logo":{"@type":"ImageObject","inLanguage":"ru-RU","@id":"https:\/\/ecowise.lv\/#\/schema\/logo\/image\/","url":"https:\/\/ecowise.lv\/wp-content\/uploads\/2023\/03\/logo.svg","contentUrl":"https:\/\/ecowise.lv\/wp-content\/uploads\/2023\/03\/logo.svg","width":207,"height":27,"caption":"Ecowise"},"image":{"@id":"https:\/\/ecowise.lv\/#\/schema\/logo\/image\/"}}]}},"_links":{"self":[{"href":"https:\/\/ecowise.lv\/ru\/wp-json\/wp\/v2\/product\/1853","targetHints":{"allow":["GET"]}}],"collection":[{"href":"https:\/\/ecowise.lv\/ru\/wp-json\/wp\/v2\/product"}],"about":[{"href":"https:\/\/ecowise.lv\/ru\/wp-json\/wp\/v2\/types\/product"}],"wp:featuredmedia":[{"embeddable":true,"href":"https:\/\/ecowise.lv\/ru\/wp-json\/wp\/v2\/media\/2650"}],"wp:attachment":[{"href":"https:\/\/ecowise.lv\/ru\/wp-json\/wp\/v2\/media?parent=1853"}],"wp:term":[{"taxonomy":"product_brand","embeddable":true,"href":"https:\/\/ecowise.lv\/ru\/wp-json\/wp\/v2\/product_brand?post=1853"},{"taxonomy":"product_cat","embeddable":true,"href":"https:\/\/ecowise.lv\/ru\/wp-json\/wp\/v2\/product_cat?post=1853"},{"taxonomy":"product_tag","embeddable":true,"href":"https:\/\/ecowise.lv\/ru\/wp-json\/wp\/v2\/product_tag?post=1853"}],"curies":[{"name":"wp","href":"https:\/\/api.w.org\/{rel}","templated":true}]}}