{"id":1798,"date":"2023-08-25T13:01:55","date_gmt":"2023-08-25T10:01:55","guid":{"rendered":"https:\/\/ecowise.lv\/?post_type=product&#038;p=1798"},"modified":"2024-06-13T11:23:48","modified_gmt":"2024-06-13T08:23:48","slug":"kite-ceiling","status":"publish","type":"product","link":"https:\/\/ecowise.lv\/ru\/product\/kite-ceiling\/","title":{"rendered":"KITE Ceiling"},"content":{"rendered":"<div class=\"product-description\">\n<div class=\"product-description\">\n<h3>\u041a\u0432\u0430\u0434\u0440\u0430\u0442\u043d\u044b\u0439 \u043f\u043e\u0442\u043e\u043b\u043e\u0447\u043d\u044b\u0439 \u0434\u0438\u0444\u0444\u0443\u0437\u043e\u0440 \u0434\u043b\u044f \u043f\u043e\u0434\u0430\u0447\u0438 \u0432\u043e\u0437\u0434\u0443\u0445\u0430<\/h3>\n<ul>\n<li>\u0412 \u0443\u0440\u043e\u0432\u043d\u0435 \u0441 \u043f\u043e\u0442\u043e\u043b\u043a\u043e\u043c<\/li>\n<li>\u0422\u0430\u043a\u0436\u0435 \u0434\u043e\u0441\u0442\u0443\u043f\u043d\u0430 \u0432\u0435\u0440\u0441\u0438\u044f \u0434\u043b\u044f \u0432\u044b\u0442\u044f\u0436\u043d\u043e\u0433\u043e \u0432\u043e\u0437\u0434\u0443\u0445\u0430.<\/li>\n<li>\u041f\u0440\u0435\u0434\u043d\u0430\u0437\u043d\u0430\u0447\u0435\u043d \u0434\u043b\u044f \u043c\u043e\u0434\u0443\u043b\u044c\u043d\u044b\u0445 \u043f\u043e\u0434\u0432\u0435\u0441\u043d\u044b\u0445 \u043f\u043e\u0442\u043e\u043b\u043a\u043e\u0432.<\/li>\n<li>\u0411\u044b\u0441\u0442\u0440\u044b\u0439 \u0434\u043e\u0441\u0442\u0443\u043f<\/li>\n<li>\u0410\u0434\u0430\u043f\u0442\u0435\u0440 \u0434\u043b\u044f \u0441\u0438\u0441\u0442\u0435\u043c\u044b \u043f\u043e\u0434\u0432\u0435\u0441\u043d\u044b\u0445 \u043f\u043e\u0442\u043e\u043b\u043a\u043e\u0432<\/li>\n<li>\u0420\u0435\u0434\u0443\u043a\u0446\u0438\u043e\u043d\u043d\u044b\u0439 \u044f\u0449\u0438\u043a ALS \u0441 1 \u0438\u043b\u0438 2 \u0441\u0442\u0443\u043f\u0435\u043d\u044f\u043c\u0438 \u043c\u0435\u0436\u0434\u0443 \u0432\u0445\u043e\u0434\u043e\u043c \u0438 \u0432\u044b\u0445\u043e\u0434\u043e\u043c<\/li>\n<li>\u0414\u043e\u0441\u0442\u0443\u043f\u043d\u0430 \u0432\u0435\u0440\u0441\u0438\u044f \u0441 \u043d\u0438\u0437\u043a\u043e\u0439 \u0432\u044b\u0441\u043e\u0442\u043e\u0439 \u043c\u043e\u043d\u0442\u0430\u0436\u0430.<\/li>\n<li>\u0421\u0442\u0430\u043d\u0434\u0430\u0440\u0442\u043d\u044b\u0439 \u0446\u0432\u0435\u0442 \u0411\u0435\u043b\u044b\u0439 RAL 9003\n<ul>\n<li>5 \u0430\u043b\u044c\u0442\u0435\u0440\u043d\u0430\u0442\u0438\u0432\u043d\u044b\u0445 \u0441\u0442\u0430\u043d\u0434\u0430\u0440\u0442\u043d\u044b\u0445 \u0446\u0432\u0435\u0442\u043e\u0432<\/li>\n<li>\u0414\u0440\u0443\u0433\u0438\u0435 \u0446\u0432\u0435\u0442\u0430 \u043f\u043e \u0437\u0430\u043f\u0440\u043e\u0441\u0443<\/li>\n<\/ul>\n<\/li>\n<\/ul>\n<p>&nbsp;<\/p>\n<\/div>\n<\/div>\n<p><iframe title=\"Decoline - Design in focus\" width=\"640\" height=\"360\" src=\"https:\/\/www.youtube.com\/embed\/t2p7o65trvo?feature=oembed\" frameborder=\"0\" allow=\"accelerometer; autoplay; clipboard-write; encrypted-media; gyroscope; picture-in-picture; web-share\" referrerpolicy=\"strict-origin-when-cross-origin\" allowfullscreen><\/iframe><\/p>\n<p>&nbsp;<\/p>\n<table>\n<tbody>\n<tr>\n<td class=\"bold v-align-bottom h-align-center\" colspan=\"10\">\n<div class=\"gtx-body\"><strong>\u041f\u041e\u0422\u041e\u041a \u0412\u041e\u0417\u0414\u0423\u0425\u0410 \u2014 \u0417\u0412\u0423\u041a\u041e\u0412\u041e\u0415 \u0414\u0410\u0412\u041b\u0415\u041d\u0418\u0415 \u0412 \u041f\u041e\u041c\u0415\u0429\u0415\u041d\u0418\u0418 (Lp10A) *)<\/strong><\/div>\n<\/td>\n<\/tr>\n<tr>\n<td class=\"bold v-align-bottom\" colspan=\"4\" rowspan=\"2\"><strong>KITE CR<\/strong><br \/>\n<strong>\u0420\u0430\u0437\u043c\u0435\u0440<\/strong><\/td>\n<td class=\"bold v-align-bottom\" colspan=\"2\"><strong>25 dB(A)<\/strong><\/td>\n<td class=\"bold v-align-bottom\" colspan=\"2\"><strong>30 dB(A)<\/strong><\/td>\n<td class=\"bold v-align-bottom\" colspan=\"2\"><strong>35 dB(A)<\/strong><\/td>\n<\/tr>\n<tr>\n<td class=\"bold v-align-bottom\"><strong>\u043b\/\u0441<\/strong><\/td>\n<td class=\"bold v-align-bottom\"><strong>\u043c\u00b3\/\u0447<\/strong><\/td>\n<td class=\"bold v-align-bottom\"><strong>\u043b\/\u0441<\/strong><\/td>\n<td class=\"bold v-align-bottom\"><strong>\u043c\u00b3\/\u0447<\/strong><\/td>\n<td class=\"bold v-align-bottom\"><strong>\u043b\/\u0441<\/strong><\/td>\n<td class=\"bold v-align-bottom\"><strong>\u043c\u00b3\/\u0447<\/strong><\/td>\n<\/tr>\n<tr>\n<td class=\"v-align-bottom\" colspan=\"4\">125-600<\/td>\n<td class=\"v-align-bottom\">53<\/td>\n<td class=\"v-align-bottom\">191<\/td>\n<td class=\"v-align-bottom\">63<\/td>\n<td class=\"v-align-bottom\">227<\/td>\n<td class=\"v-align-bottom\">73<\/td>\n<td class=\"v-align-bottom\">263<\/td>\n<\/tr>\n<tr>\n<td class=\"v-align-bottom\" colspan=\"4\">160-600<\/td>\n<td class=\"v-align-bottom\">66<\/td>\n<td class=\"v-align-bottom\">238<\/td>\n<td class=\"v-align-bottom\">76<\/td>\n<td class=\"v-align-bottom\">274<\/td>\n<td class=\"v-align-bottom\">87<\/td>\n<td class=\"v-align-bottom\">313<\/td>\n<\/tr>\n<tr>\n<td class=\"v-align-bottom\" colspan=\"4\">200-600<\/td>\n<td class=\"v-align-bottom\">88<\/td>\n<td class=\"v-align-bottom\">317<\/td>\n<td class=\"v-align-bottom\">102<\/td>\n<td class=\"v-align-bottom\">367<\/td>\n<td class=\"v-align-bottom\">119<\/td>\n<td class=\"v-align-bottom\">428<\/td>\n<\/tr>\n<tr>\n<td class=\"v-align-bottom\" colspan=\"4\">250-600<\/td>\n<td class=\"v-align-bottom\">114<\/td>\n<td class=\"v-align-bottom\">410<\/td>\n<td class=\"v-align-bottom\">132<\/td>\n<td class=\"v-align-bottom\">475<\/td>\n<td class=\"v-align-bottom\">153<\/td>\n<td class=\"v-align-bottom\">551<\/td>\n<\/tr>\n<tr>\n<td class=\"v-align-bottom\" colspan=\"4\">315-600<\/td>\n<td class=\"v-align-bottom\">125<\/td>\n<td class=\"v-align-bottom\">450<\/td>\n<td class=\"v-align-bottom\">147<\/td>\n<td class=\"v-align-bottom\">529<\/td>\n<td class=\"v-align-bottom\">174<\/td>\n<td class=\"v-align-bottom\">626<\/td>\n<\/tr>\n<tr>\n<td class=\"v-align-bottom h-align-center\" colspan=\"10\"><\/td>\n<\/tr>\n<tr>\n<td class=\"bold v-align-bottom\" rowspan=\"2\"><strong>KITE CR<\/strong><br \/>\n<strong>\u0420\u0430\u0437\u043c\u0435\u0440<\/strong><\/td>\n<td class=\"bold v-align-bottom\" colspan=\"3\" rowspan=\"2\"><strong>ALS<\/strong><br \/>\n<strong>\u0420\u0430\u0437\u043c\u0435\u0440<\/strong><\/td>\n<td class=\"bold v-align-bottom\" colspan=\"2\"><strong>25 dB(A)<\/strong><\/td>\n<td class=\"bold v-align-bottom\" colspan=\"2\"><strong>30 dB(A)<\/strong><\/td>\n<td class=\"bold v-align-bottom\" colspan=\"2\"><strong>35 dB(A)<\/strong><\/td>\n<\/tr>\n<tr>\n<td class=\"bold v-align-bottom\"><strong>\u043b\/\u0441<\/strong><\/td>\n<td class=\"bold v-align-bottom\"><strong>\u043c\u00b3\/\u0447<\/strong><\/td>\n<td class=\"bold v-align-bottom\"><strong>\u043b\/\u0441<\/strong><\/td>\n<td class=\"bold v-align-bottom\"><strong>\u043c\u00b3\/\u0447<\/strong><\/td>\n<td class=\"bold v-align-bottom\"><strong>\u043b\/\u0441<\/strong><\/td>\n<td class=\"bold v-align-bottom\"><strong>\u043c\u00b3\/\u0447<\/strong><\/td>\n<\/tr>\n<tr>\n<td class=\"v-align-bottom\">125-600<\/td>\n<td class=\"v-align-bottom\" colspan=\"3\">100-125<\/td>\n<td class=\"v-align-bottom\">33<\/td>\n<td class=\"v-align-bottom\">119<\/td>\n<td class=\"v-align-bottom\">39<\/td>\n<td class=\"v-align-bottom\">140<\/td>\n<td class=\"v-align-bottom\">47<\/td>\n<td class=\"v-align-bottom\">169<\/td>\n<\/tr>\n<tr>\n<td class=\"v-align-bottom\">160-600<\/td>\n<td class=\"v-align-bottom\" colspan=\"3\">125-160<\/td>\n<td class=\"v-align-bottom\">47<\/td>\n<td class=\"v-align-bottom\">169<\/td>\n<td class=\"v-align-bottom\">56<\/td>\n<td class=\"v-align-bottom\">202<\/td>\n<td class=\"v-align-bottom\">67<\/td>\n<td class=\"v-align-bottom\">241<\/td>\n<\/tr>\n<tr>\n<td class=\"v-align-bottom\">200-600<\/td>\n<td class=\"v-align-bottom\" colspan=\"3\">160-200<\/td>\n<td class=\"v-align-bottom\">75<\/td>\n<td class=\"v-align-bottom\">270<\/td>\n<td class=\"v-align-bottom\">87<\/td>\n<td class=\"v-align-bottom\">313<\/td>\n<td class=\"v-align-bottom\">102<\/td>\n<td class=\"v-align-bottom\">367<\/td>\n<\/tr>\n<tr>\n<td class=\"v-align-bottom\">250-600<\/td>\n<td class=\"v-align-bottom\" colspan=\"3\">200-250<\/td>\n<td class=\"v-align-bottom\">101<\/td>\n<td class=\"v-align-bottom\">364<\/td>\n<td class=\"v-align-bottom\">118<\/td>\n<td class=\"v-align-bottom\">425<\/td>\n<td class=\"v-align-bottom\">137<\/td>\n<td class=\"v-align-bottom\">493<\/td>\n<\/tr>\n<tr>\n<td class=\"v-align-bottom\">315-600<\/td>\n<td class=\"v-align-bottom\" colspan=\"3\">250-315<\/td>\n<td class=\"v-align-bottom\">129<\/td>\n<td class=\"v-align-bottom\">464<\/td>\n<td class=\"v-align-bottom\">149<\/td>\n<td class=\"v-align-bottom\">536<\/td>\n<td class=\"v-align-bottom\">172<\/td>\n<td class=\"v-align-bottom\">619<\/td>\n<\/tr>\n<tr>\n<td class=\"v-align-bottom h-align-center\" colspan=\"10\"><\/td>\n<\/tr>\n<tr>\n<td class=\"bold v-align-bottom\" rowspan=\"2\"><strong>KITE CR<\/strong><br \/>\n<strong>\u0420\u0430\u0437\u043c\u0435\u0440<\/strong><\/td>\n<td class=\"bold v-align-bottom h-align-left\" rowspan=\"2\"><strong>REACT ALS<\/strong><br \/>\n<strong>\u0420\u0430\u0437\u043c\u0435\u0440<\/strong><\/td>\n<td class=\"bold v-align-bottom h-align-center\" colspan=\"2\"><strong>\u041c\u0438\u043d*<\/strong><\/td>\n<td class=\"bold v-align-bottom\" colspan=\"2\"><strong>25 dB(A)<\/strong><\/td>\n<td class=\"bold v-align-bottom\" colspan=\"2\"><strong>30 dB(A)<\/strong><\/td>\n<td class=\"bold v-align-bottom\" colspan=\"2\"><strong>35 dB(A)<\/strong><\/td>\n<\/tr>\n<tr>\n<td class=\"bold v-align-bottom\"><strong>\u043b\/\u0441<\/strong><\/td>\n<td class=\"bold v-align-bottom\"><strong>\u043c\u00b3\/\u0447<\/strong><\/td>\n<td class=\"bold v-align-bottom\"><strong>\u043b\/\u0441<\/strong><\/td>\n<td class=\"bold v-align-bottom\"><strong>\u043c\u00b3\/\u0447<\/strong><\/td>\n<td class=\"bold v-align-bottom\"><strong>\u043b\/\u0441<\/strong><\/td>\n<td class=\"bold v-align-bottom\"><strong>\u043c\u00b3\/\u0447<\/strong><\/td>\n<td class=\"bold v-align-bottom\"><strong>\u043b\/\u0441<\/strong><\/td>\n<td class=\"bold v-align-bottom\"><strong>\u043c\u00b3\/\u0447<\/strong><\/td>\n<\/tr>\n<tr>\n<td class=\"v-align-bottom\">250-600<\/td>\n<td class=\"v-align-bottom\">160-250<\/td>\n<td class=\"v-align-bottom h-align-left\">7<\/td>\n<td class=\"v-align-bottom h-align-left\">25<\/td>\n<td class=\"v-align-bottom\">62<\/td>\n<td class=\"v-align-bottom\">223<\/td>\n<td class=\"v-align-bottom\">74<\/td>\n<td class=\"v-align-bottom\">263<\/td>\n<td class=\"v-align-bottom\">87<\/td>\n<td class=\"v-align-bottom\">313<\/td>\n<\/tr>\n<tr>\n<td class=\"v-align-bottom\">315-600<\/td>\n<td class=\"v-align-bottom\">250-315<\/td>\n<td class=\"v-align-bottom h-align-left\">20<\/td>\n<td class=\"v-align-bottom h-align-left\">72<\/td>\n<td class=\"v-align-bottom\">93<\/td>\n<td class=\"v-align-bottom\">335<\/td>\n<td class=\"v-align-bottom\">108<\/td>\n<td class=\"v-align-bottom\">392<\/td>\n<td class=\"v-align-bottom\">127<\/td>\n<td class=\"v-align-bottom\">457<\/td>\n<\/tr>\n<tr>\n<td class=\"v-align-bottom\" colspan=\"10\">\n<div><\/div>\n<div><\/div>\n<div class=\"gtx-body\">Tabul\u0101 par\u0101d\u012bti piepl\u016bdes gaisa dati par piln\u012bb\u0101 atv\u0113rtu aizb\u012bdni.<\/div>\n<div class=\"gtx-body\">*) Lp10A = ska\u0146as spiediens t.sk. A-filtrs ar 4 dB telpas v\u0101jin\u0101jumu un 10 m\u00b2 telpas absorbcijas laukumu.<\/div>\n<div class=\"gtx-body\">*Produkts nedr\u012bkst b\u016bt zem\u0101ks par min. jo tad nevar garant\u0113t m\u0113r\u012b\u0161anas funkciju. PIEZ\u012aME: augsta spiediena krituma gad\u012bjum\u0101 vis\u0101 izstr\u0101d\u0101jum\u0101 var b\u016bt gr\u016bti sasniegt min. pl\u016bsma.<\/div>\n<\/td>\n<\/tr>\n<\/tbody>\n<\/table>","protected":false},"excerpt":{"rendered":"<h4>\u0414\u0438\u0444\u0444\u0443\u0437\u043e\u0440 \u0414\u043b\u044f \u041f\u043e\u0434\u0430\u0447\u0438 \u0412\u043e\u0437\u0434\u0443\u0445\u0430<\/h4>\n<h4>\u2205125-315, 53-125 \u043b\/\u0441<\/h4>","protected":false},"featured_media":1799,"template":"","meta":{"_acf_changed":false,"inline_featured_image":false,"_links_to":"","_links_to_target":""},"product_brand":[],"product_cat":[60,65],"product_tag":[],"class_list":{"0":"post-1798","1":"product","2":"type-product","3":"status-publish","4":"has-post-thumbnail","6":"product_cat-griestu-difuzori","7":"product_cat-nosuces-difuzori","9":"first","10":"instock","11":"featured","12":"shipping-taxable","13":"product-type-simple"},"acf":[],"yoast_head":"<!-- This site is optimized with the Yoast SEO plugin v27.0 - https:\/\/yoast.com\/product\/yoast-seo-wordpress\/ -->\n<title>KITE Ceiling - Ecowise<\/title>\n<meta name=\"robots\" content=\"index, follow, max-snippet:-1, max-image-preview:large, max-video-preview:-1\" \/>\n<link rel=\"canonical\" href=\"https:\/\/ecowise.lv\/ru\/product\/kite-ceiling\/\" \/>\n<meta property=\"og:locale\" content=\"ru_RU\" \/>\n<meta property=\"og:type\" content=\"article\" \/>\n<meta property=\"og:title\" content=\"KITE Ceiling - Ecowise\" \/>\n<meta property=\"og:description\" content=\"Piepl\u016bdes difuzors \u2205125-315, 53-125 l\/s\" \/>\n<meta property=\"og:url\" content=\"https:\/\/ecowise.lv\/ru\/product\/kite-ceiling\/\" \/>\n<meta property=\"og:site_name\" content=\"Ecowise\" \/>\n<meta property=\"article:modified_time\" content=\"2024-06-13T08:23:48+00:00\" \/>\n<meta property=\"og:image\" content=\"https:\/\/ecowise.lv\/wp-content\/uploads\/2023\/08\/kitec-productimage.png\" \/>\n\t<meta property=\"og:image:width\" content=\"768\" \/>\n\t<meta property=\"og:image:height\" content=\"576\" \/>\n\t<meta property=\"og:image:type\" content=\"image\/png\" \/>\n<meta name=\"twitter:card\" content=\"summary_large_image\" \/>\n<meta name=\"twitter:label1\" content=\"\u041f\u0440\u0438\u043c\u0435\u0440\u043d\u043e\u0435 \u0432\u0440\u0435\u043c\u044f \u0434\u043b\u044f \u0447\u0442\u0435\u043d\u0438\u044f\" \/>\n\t<meta name=\"twitter:data1\" content=\"2 \u043c\u0438\u043d\u0443\u0442\u044b\" \/>\n<script type=\"application\/ld+json\" class=\"yoast-schema-graph\">{\"@context\":\"https:\/\/schema.org\",\"@graph\":[{\"@type\":\"WebPage\",\"@id\":\"https:\/\/ecowise.lv\/product\/kite-ceiling\/\",\"url\":\"https:\/\/ecowise.lv\/product\/kite-ceiling\/\",\"name\":\"KITE Ceiling - Ecowise\",\"isPartOf\":{\"@id\":\"https:\/\/ecowise.lv\/#website\"},\"primaryImageOfPage\":{\"@id\":\"https:\/\/ecowise.lv\/product\/kite-ceiling\/#primaryimage\"},\"image\":{\"@id\":\"https:\/\/ecowise.lv\/product\/kite-ceiling\/#primaryimage\"},\"thumbnailUrl\":\"https:\/\/ecowise.lv\/wp-content\/uploads\/2023\/08\/kitec-productimage.png\",\"datePublished\":\"2023-08-25T10:01:55+00:00\",\"dateModified\":\"2024-06-13T08:23:48+00:00\",\"breadcrumb\":{\"@id\":\"https:\/\/ecowise.lv\/product\/kite-ceiling\/#breadcrumb\"},\"inLanguage\":\"ru-RU\",\"potentialAction\":[{\"@type\":\"ReadAction\",\"target\":[\"https:\/\/ecowise.lv\/product\/kite-ceiling\/\"]}]},{\"@type\":\"ImageObject\",\"inLanguage\":\"ru-RU\",\"@id\":\"https:\/\/ecowise.lv\/product\/kite-ceiling\/#primaryimage\",\"url\":\"https:\/\/ecowise.lv\/wp-content\/uploads\/2023\/08\/kitec-productimage.png\",\"contentUrl\":\"https:\/\/ecowise.lv\/wp-content\/uploads\/2023\/08\/kitec-productimage.png\",\"width\":768,\"height\":576},{\"@type\":\"BreadcrumbList\",\"@id\":\"https:\/\/ecowise.lv\/product\/kite-ceiling\/#breadcrumb\",\"itemListElement\":[{\"@type\":\"ListItem\",\"position\":1,\"name\":\"Products\",\"item\":\"https:\/\/ecowise.lv\/shop\/\"},{\"@type\":\"ListItem\",\"position\":2,\"name\":\"KITE Ceiling\"}]},{\"@type\":\"WebSite\",\"@id\":\"https:\/\/ecowise.lv\/#website\",\"url\":\"https:\/\/ecowise.lv\/\",\"name\":\"Ecowise\",\"description\":\"Ener\u0123ijas pat\u0113ri\u0146a samazin\u0101jums\",\"publisher\":{\"@id\":\"https:\/\/ecowise.lv\/#organization\"},\"potentialAction\":[{\"@type\":\"SearchAction\",\"target\":{\"@type\":\"EntryPoint\",\"urlTemplate\":\"https:\/\/ecowise.lv\/?s={search_term_string}\"},\"query-input\":{\"@type\":\"PropertyValueSpecification\",\"valueRequired\":true,\"valueName\":\"search_term_string\"}}],\"inLanguage\":\"ru-RU\"},{\"@type\":\"Organization\",\"@id\":\"https:\/\/ecowise.lv\/#organization\",\"name\":\"Ecowise\",\"url\":\"https:\/\/ecowise.lv\/\",\"logo\":{\"@type\":\"ImageObject\",\"inLanguage\":\"ru-RU\",\"@id\":\"https:\/\/ecowise.lv\/#\/schema\/logo\/image\/\",\"url\":\"https:\/\/ecowise.lv\/wp-content\/uploads\/2023\/03\/logo.svg\",\"contentUrl\":\"https:\/\/ecowise.lv\/wp-content\/uploads\/2023\/03\/logo.svg\",\"width\":207,\"height\":27,\"caption\":\"Ecowise\"},\"image\":{\"@id\":\"https:\/\/ecowise.lv\/#\/schema\/logo\/image\/\"}}]}<\/script>\n<!-- \/ Yoast SEO plugin. -->","yoast_head_json":{"title":"KITE Ceiling - Ecowise","robots":{"index":"index","follow":"follow","max-snippet":"max-snippet:-1","max-image-preview":"max-image-preview:large","max-video-preview":"max-video-preview:-1"},"canonical":"https:\/\/ecowise.lv\/ru\/product\/kite-ceiling\/","og_locale":"ru_RU","og_type":"article","og_title":"KITE Ceiling - Ecowise","og_description":"Piepl\u016bdes difuzors \u2205125-315, 53-125 l\/s","og_url":"https:\/\/ecowise.lv\/ru\/product\/kite-ceiling\/","og_site_name":"Ecowise","article_modified_time":"2024-06-13T08:23:48+00:00","og_image":[{"width":768,"height":576,"url":"https:\/\/ecowise.lv\/wp-content\/uploads\/2023\/08\/kitec-productimage.png","type":"image\/png"}],"twitter_card":"summary_large_image","twitter_misc":{"\u041f\u0440\u0438\u043c\u0435\u0440\u043d\u043e\u0435 \u0432\u0440\u0435\u043c\u044f \u0434\u043b\u044f \u0447\u0442\u0435\u043d\u0438\u044f":"2 \u043c\u0438\u043d\u0443\u0442\u044b"},"schema":{"@context":"https:\/\/schema.org","@graph":[{"@type":"WebPage","@id":"https:\/\/ecowise.lv\/product\/kite-ceiling\/","url":"https:\/\/ecowise.lv\/product\/kite-ceiling\/","name":"KITE Ceiling - Ecowise","isPartOf":{"@id":"https:\/\/ecowise.lv\/#website"},"primaryImageOfPage":{"@id":"https:\/\/ecowise.lv\/product\/kite-ceiling\/#primaryimage"},"image":{"@id":"https:\/\/ecowise.lv\/product\/kite-ceiling\/#primaryimage"},"thumbnailUrl":"https:\/\/ecowise.lv\/wp-content\/uploads\/2023\/08\/kitec-productimage.png","datePublished":"2023-08-25T10:01:55+00:00","dateModified":"2024-06-13T08:23:48+00:00","breadcrumb":{"@id":"https:\/\/ecowise.lv\/product\/kite-ceiling\/#breadcrumb"},"inLanguage":"ru-RU","potentialAction":[{"@type":"ReadAction","target":["https:\/\/ecowise.lv\/product\/kite-ceiling\/"]}]},{"@type":"ImageObject","inLanguage":"ru-RU","@id":"https:\/\/ecowise.lv\/product\/kite-ceiling\/#primaryimage","url":"https:\/\/ecowise.lv\/wp-content\/uploads\/2023\/08\/kitec-productimage.png","contentUrl":"https:\/\/ecowise.lv\/wp-content\/uploads\/2023\/08\/kitec-productimage.png","width":768,"height":576},{"@type":"BreadcrumbList","@id":"https:\/\/ecowise.lv\/product\/kite-ceiling\/#breadcrumb","itemListElement":[{"@type":"ListItem","position":1,"name":"Products","item":"https:\/\/ecowise.lv\/shop\/"},{"@type":"ListItem","position":2,"name":"KITE Ceiling"}]},{"@type":"WebSite","@id":"https:\/\/ecowise.lv\/#website","url":"https:\/\/ecowise.lv\/","name":"Ecowise","description":"Ener\u0123ijas pat\u0113ri\u0146a samazin\u0101jums","publisher":{"@id":"https:\/\/ecowise.lv\/#organization"},"potentialAction":[{"@type":"SearchAction","target":{"@type":"EntryPoint","urlTemplate":"https:\/\/ecowise.lv\/?s={search_term_string}"},"query-input":{"@type":"PropertyValueSpecification","valueRequired":true,"valueName":"search_term_string"}}],"inLanguage":"ru-RU"},{"@type":"Organization","@id":"https:\/\/ecowise.lv\/#organization","name":"Ecowise","url":"https:\/\/ecowise.lv\/","logo":{"@type":"ImageObject","inLanguage":"ru-RU","@id":"https:\/\/ecowise.lv\/#\/schema\/logo\/image\/","url":"https:\/\/ecowise.lv\/wp-content\/uploads\/2023\/03\/logo.svg","contentUrl":"https:\/\/ecowise.lv\/wp-content\/uploads\/2023\/03\/logo.svg","width":207,"height":27,"caption":"Ecowise"},"image":{"@id":"https:\/\/ecowise.lv\/#\/schema\/logo\/image\/"}}]}},"_links":{"self":[{"href":"https:\/\/ecowise.lv\/ru\/wp-json\/wp\/v2\/product\/1798","targetHints":{"allow":["GET"]}}],"collection":[{"href":"https:\/\/ecowise.lv\/ru\/wp-json\/wp\/v2\/product"}],"about":[{"href":"https:\/\/ecowise.lv\/ru\/wp-json\/wp\/v2\/types\/product"}],"wp:featuredmedia":[{"embeddable":true,"href":"https:\/\/ecowise.lv\/ru\/wp-json\/wp\/v2\/media\/1799"}],"wp:attachment":[{"href":"https:\/\/ecowise.lv\/ru\/wp-json\/wp\/v2\/media?parent=1798"}],"wp:term":[{"taxonomy":"product_brand","embeddable":true,"href":"https:\/\/ecowise.lv\/ru\/wp-json\/wp\/v2\/product_brand?post=1798"},{"taxonomy":"product_cat","embeddable":true,"href":"https:\/\/ecowise.lv\/ru\/wp-json\/wp\/v2\/product_cat?post=1798"},{"taxonomy":"product_tag","embeddable":true,"href":"https:\/\/ecowise.lv\/ru\/wp-json\/wp\/v2\/product_tag?post=1798"}],"curies":[{"name":"wp","href":"https:\/\/api.w.org\/{rel}","templated":true}]}}