{"id":1754,"date":"2023-08-24T16:20:58","date_gmt":"2023-08-24T13:20:58","guid":{"rendered":"https:\/\/ecowise.lv\/?post_type=product&#038;p=1754"},"modified":"2024-06-13T11:49:04","modified_gmt":"2024-06-13T08:49:04","slug":"1754","status":"publish","type":"product","link":"https:\/\/ecowise.lv\/ru\/product\/1754\/","title":{"rendered":"GOLD RX"},"content":{"rendered":"<h3>\u0412\u043e\u0437\u0434\u0443\u0445\u043e\u043e\u0431\u0440\u0430\u0431\u0430\u0442\u044b\u0432\u0430\u044e\u0449\u0435\u0435 \u0443\u0441\u0442\u0440\u043e\u0439\u0441\u0442\u0432\u043e \u0441 \u0440\u043e\u0442\u043e\u0440\u043d\u044b\u043c \u0442\u0435\u043f\u043b\u043e\u043e\u0431\u043c\u0435\u043d\u043d\u0438\u043a\u043e\u043c<\/h3>\n<p>GOLD RX \u2013 \u043f\u043e\u043b\u043d\u043e\u0441\u0442\u044c\u044e \u043e\u0441\u043d\u0430\u0449\u0435\u043d\u043d\u043e\u0435 \u0432\u043e\u0437\u0434\u0443\u0445\u043e\u043e\u0431\u0440\u0430\u0431\u0430\u0442\u044b\u0432\u0430\u044e\u0449\u0435\u0435 \u0443\u0441\u0442\u0440\u043e\u0439\u0441\u0442\u0432\u043e \u0441 \u0440\u043e\u0442\u043e\u0440\u043d\u044b\u043c \u0442\u0435\u043f\u043b\u043e\u043e\u0431\u043c\u0435\u043d\u043d\u0438\u043a\u043e\u043c, \u043f\u0440\u044f\u043c\u043e\u043f\u0440\u0438\u0432\u043e\u0434\u043d\u044b\u043c\u0438 \u0432\u0435\u043d\u0442\u0438\u043b\u044f\u0442\u043e\u0440\u0430\u043c\u0438 \u043f\u043e\u0434\u0430\u0447\u0438 \u0438 \u043e\u0442\u0432\u043e\u0434\u0430 \u0432\u043e\u0437\u0434\u0443\u0445\u0430, \u0430 \u0442\u0430\u043a\u0436\u0435 \u0444\u0438\u043b\u044c\u0442\u0440\u0430\u043c\u0438 \u043f\u043e\u0434\u0430\u0447\u0438 \u0438 \u043e\u0442\u0432\u043e\u0434\u0430 \u0432\u043e\u0437\u0434\u0443\u0445\u0430.<\/p>\n<ul>\n<li>\u0444\u0444\u0435\u043a\u0442\u0438\u0432\u043d\u043e\u0441\u0442\u044c \u0442\u0435\u043f\u043b\u043e\u043e\u0431\u043c\u0435\u043d\u043d\u0438\u043a\u0430 \u043f\u043e \u0442\u0435\u043c\u043f\u0435\u0440\u0430\u0442\u0443\u0440\u0435 \u0434\u043e 85%<\/li>\n<li>\u0412\u043e\u0437\u0434\u0443\u0448\u043d\u044b\u0439 \u043f\u043e\u0442\u043e\u043a \u0434\u043e 50 400 \u043c\u00b3\/\u0447<\/li>\n<li>\u0420\u0435\u0433\u0443\u043b\u0438\u0440\u0443\u0435\u043c\u0430\u044f \u0441\u043a\u043e\u0440\u043e\u0441\u0442\u044c \u0432\u0440\u0430\u0449\u0435\u043d\u0438\u044f \u0440\u043e\u0442\u043e\u0440\u043d\u043e\u0433\u043e \u0442\u0435\u043f\u043b\u043e\u043e\u0431\u043c\u0435\u043d\u043d\u0438\u043a\u0430<\/li>\n<li>\u0412\u043e\u0441\u0441\u0442\u0430\u043d\u043e\u0432\u043b\u0435\u043d\u0438\u0435 \u0442\u0435\u043f\u043b\u043e\u0432\u043e\u0439 \u0438 \u043e\u0445\u043b\u0430\u0436\u0434\u0430\u044e\u0449\u0435\u0439 \u044d\u043d\u0435\u0440\u0433\u0438\u0438<\/li>\n<li>\u041e\u043f\u0442\u0438\u043c\u0438\u0437\u0438\u0440\u043e\u0432\u0430\u043d\u043d\u044b\u0435 \u0440\u0430\u0437\u043c\u0435\u0440\u044b \u0432\u0435\u043d\u0442\u0438\u043b\u044f\u0442\u043e\u0440\u043e\u0432 \u043f\u0440\u0435\u0434\u043e\u0441\u0442\u0430\u0432\u043b\u044f\u044e\u0442 \u0431\u043e\u043b\u044c\u0448\u0435 \u0432\u0430\u0440\u0438\u0430\u043d\u0442\u043e\u0432 \u0434\u043b\u044f \u0443\u043b\u0443\u0447\u0448\u0435\u043d\u0438\u044f \u044d\u043d\u0435\u0440\u0433\u043e\u044d\u0444\u0444\u0435\u043a\u0442\u0438\u0432\u043d\u043e\u0441\u0442\u0438 \u043f\u0440\u043e\u0435\u043a\u0442\u0430 \u0438 \u0432\u044b\u0431\u043e\u0440\u0430 \u043f\u043e\u0434\u0445\u043e\u0434\u044f\u0449\u0435\u0433\u043e \u0440\u0430\u0437\u043c\u0435\u0440\u0430 \u0432\u043e\u0437\u0434\u0443\u0445\u043e\u043e\u0431\u0440\u0430\u0431\u0430\u0442\u044b\u0432\u0430\u044e\u0449\u0435\u0433\u043e \u0443\u0441\u0442\u0440\u043e\u0439\u0441\u0442\u0432\u0430;<\/li>\n<\/ul>\n<p>&nbsp;<\/p>\n<p><strong>\u0420\u043e\u0442\u043e\u0440\u043d\u044b\u0439 \u0442\u0435\u043f\u043b\u043e\u043e\u0431\u043c\u0435\u043d\u043d\u0438\u043a RECOnomic\/RECOsorptic<\/strong><\/p>\n<p>\u0421\u043f\u0435\u0446\u0438\u0430\u043b\u044c\u043d\u043e \u0440\u0430\u0437\u0440\u0430\u0431\u043e\u0442\u0430\u043d\u043d\u0430\u044f \u0438 \u0437\u0430\u043f\u0430\u0442\u0435\u043d\u0442\u043e\u0432\u0430\u043d\u043d\u0430\u044f Swegon \u043a\u043e\u043d\u0441\u0442\u0440\u0443\u043a\u0446\u0438\u044f \u0442\u0435\u043f\u043b\u043e\u043e\u0431\u043c\u0435\u043d\u043d\u0438\u043a\u0430. \u0420\u043e\u0442\u043e\u0440\u043d\u044b\u0439 \u0442\u0435\u043f\u043b\u043e\u043e\u0431\u043c\u0435\u043d\u043d\u0438\u043a Swegon \u0442\u0430\u043a\u0436\u0435 \u0434\u043e\u0441\u0442\u0443\u043f\u0435\u043d \u0432 \u0441\u043e\u0440\u0431\u0446\u0438\u043e\u043d\u043d\u043e\u0439 \u0432\u0435\u0440\u0441\u0438\u0438 (RECOsorptic), \u043a\u043e\u0442\u043e\u0440\u0430\u044f \u0434\u043e\u043f\u043e\u043b\u043d\u0438\u0442\u0435\u043b\u044c\u043d\u043e \u043f\u043e\u0432\u044b\u0448\u0430\u0435\u0442 \u044d\u043d\u0435\u0440\u0433\u043e\u044d\u0444\u0444\u0435\u043a\u0442\u0438\u0432\u043d\u043e\u0441\u0442\u044c, \u0442\u0430\u043a \u043a\u0430\u043a \u043c\u043e\u0436\u0435\u0442 \u043e\u0441\u0443\u0448\u0430\u0442\u044c \u0432\u043e\u0437\u0434\u0443\u0445 \u0438\u043b\u0438 \u0432\u043e\u0441\u0441\u0442\u0430\u043d\u0430\u0432\u043b\u0438\u0432\u0430\u0442\u044c \u0432\u043b\u0430\u0436\u043d\u043e\u0441\u0442\u044c \u0432 \u0437\u0430\u0432\u0438\u0441\u0438\u043c\u043e\u0441\u0442\u0438 \u043e\u0442 \u0443\u0441\u043b\u043e\u0432\u0438\u0439 \u0438 \u043f\u043e\u0442\u0440\u0435\u0431\u043d\u043e\u0441\u0442\u0435\u0439.<\/p>\n<p><iframe title=\"GOLD RX \u2013 Rotary Heat Exchanger\" width=\"640\" height=\"360\" src=\"https:\/\/www.youtube.com\/embed\/u1hAU6Dwbqg?feature=oembed\" frameborder=\"0\" allow=\"accelerometer; autoplay; clipboard-write; encrypted-media; gyroscope; picture-in-picture; web-share\" referrerpolicy=\"strict-origin-when-cross-origin\" allowfullscreen><\/iframe><\/p>\n<p><strong>\u041f\u043e\u043b\u043d\u044b\u0439 \u043a\u043e\u043d\u0442\u0440\u043e\u043b\u044c \u0437\u0430 \u043a\u0430\u0447\u0435\u0441\u0442\u0432\u043e\u043c \u0432\u043e\u0437\u0434\u0443\u0445\u0430 <\/strong><\/p>\n<p>\u0411\u043b\u0430\u0433\u043e\u0434\u0430\u0440\u044f \u0443\u043d\u0438\u043a\u0430\u043b\u044c\u043d\u043e\u043c\u0443 \u0441\u043e\u0447\u0435\u0442\u0430\u043d\u0438\u044e \u0441\u0435\u043a\u0442\u043e\u0440\u0430 \u043e\u0447\u0438\u0441\u0442\u043a\u0438 \u0438 \u0444\u0443\u043d\u043a\u0446\u0438\u043e\u043d\u0430\u043b\u044c\u043d\u043e\u0441\u0442\u0438 Carry-Over Control, \u0440\u0438\u0441\u043a \u0441\u043c\u0435\u0448\u0438\u0432\u0430\u043d\u0438\u044f \u0432\u043e\u0437\u0434\u0443\u0445\u0430 \u043c\u0435\u0436\u0434\u0443 \u043e\u0442\u0432\u043e\u0434\u0438\u043c\u044b\u043c \u0438 \u043f\u043e\u0434\u0430\u0432\u0430\u0435\u043c\u044b\u043c \u0432\u043e\u0437\u0434\u0443\u0445\u043e\u043c \u0441\u043d\u0438\u0436\u0430\u0435\u0442\u0441\u044f, \u0447\u0442\u043e \u043e\u0431\u0435\u0441\u043f\u0435\u0447\u0438\u0432\u0430\u0435\u0442 \u0432\u0435\u043d\u0442\u0438\u043b\u044f\u0446\u0438\u044e \u0437\u0434\u0430\u043d\u0438\u044f \u0432\u0441\u0435\u0433\u0434\u0430 \u0441\u0432\u0435\u0436\u0438\u043c \u0432\u043e\u0437\u0434\u0443\u0445\u043e\u043c.<\/p>\n<p id=\"tw-target-text\" class=\"tw-data-text tw-text-large tw-ta\" dir=\"ltr\" data-placeholder=\"Translation\"><strong><span class=\"Y2IQFc\" lang=\"lv\">GOLD RX\/HC \u2013 \u0438\u043d\u0442\u0435\u0433\u0440\u0438\u0440\u043e\u0432\u0430\u043d\u043d\u043e\u0435 \u043e\u0445\u043b\u0430\u0436\u0434\u0435\u043d\u0438\u0435 \u0438 \u043e\u0431\u043e\u0433\u0440\u0435\u0432 <\/span><\/strong><\/p>\n<p class=\"tw-data-text tw-text-large tw-ta\" dir=\"ltr\" data-placeholder=\"Translation\"><span class=\"Y2IQFc\" lang=\"lv\">\u041d\u043e\u0432\u043e\u0435 \u043f\u043e\u043a\u043e\u043b\u0435\u043d\u0438\u0435 GOLD \u043f\u0440\u0435\u0434\u0441\u0442\u0430\u0432\u043b\u044f\u0435\u0442 \u043c\u043d\u043e\u0436\u0435\u0441\u0442\u0432\u043e \u043d\u043e\u0432\u044b\u0445 \u0444\u0443\u043d\u043a\u0446\u0438\u0439. \u0417\u043d\u0430\u0447\u0438\u0442\u0435\u043b\u044c\u043d\u043e\u0435 \u0434\u043e\u043f\u043e\u043b\u043d\u0435\u043d\u0438\u0435 \u2013 GOLD RX\/HC, \u0433\u043e\u0442\u043e\u0432\u043e\u0435 \u043a \u0438\u0441\u043f\u043e\u043b\u044c\u0437\u043e\u0432\u0430\u043d\u0438\u044e \u0440\u0435\u0448\u0435\u043d\u0438\u0435 \u0434\u043b\u044f \u0438\u043d\u0442\u0435\u0433\u0440\u0438\u0440\u043e\u0432\u0430\u043d\u043d\u043e\u0433\u043e \u043e\u0445\u043b\u0430\u0436\u0434\u0435\u043d\u0438\u044f \u0438 \u043e\u0431\u043e\u0433\u0440\u0435\u0432\u0430. \u0411\u043b\u0430\u0433\u043e\u0434\u0430\u0440\u044f \u0438\u043d\u0442\u0435\u0433\u0440\u0438\u0440\u043e\u0432\u0430\u043d\u043d\u043e\u043c\u0443 \u043e\u0431\u0440\u0430\u0442\u0438\u043c\u043e\u043c\u0443 \u0442\u0435\u043f\u043b\u043e\u0432\u043e\u043c\u0443 \u043d\u0430\u0441\u043e\u0441\u0443, \u0442\u0435\u043f\u0435\u0440\u044c \u043f\u0440\u043e\u0449\u0435, \u0447\u0435\u043c \u043a\u043e\u0433\u0434\u0430-\u043b\u0438\u0431\u043e, \u0441\u043e\u0437\u0434\u0430\u0442\u044c \u043a\u043e\u043c\u043f\u043b\u0435\u043a\u0441\u043d\u0443\u044e \u0432\u0435\u043d\u0442\u0438\u043b\u044f\u0446\u0438\u043e\u043d\u043d\u0443\u044e \u0441\u0438\u0441\u0442\u0435\u043c\u0443. \u041d\u0435\u0432\u0435\u0440\u043e\u044f\u0442\u043d\u043e \u043f\u0440\u043e\u0441\u0442\u043e \u0432 \u043f\u043b\u0430\u043d\u0438\u0440\u043e\u0432\u0430\u043d\u0438\u0438, \u0443\u0441\u0442\u0430\u043d\u043e\u0432\u043a\u0435 \u0438 \u0432\u0432\u043e\u0434\u0435 \u0432 \u044d\u043a\u0441\u043f\u043b\u0443\u0430\u0442\u0430\u0446\u0438\u044e. \u041a\u0440\u043e\u043c\u0435 \u0442\u043e\u0433\u043e, \u0432\u0441\u0435 \u0444\u0443\u043d\u043a\u0446\u0438\u0438 \u043b\u0435\u0433\u043a\u043e \u0434\u043e\u0441\u0442\u0443\u043f\u043d\u044b \u0447\u0435\u0440\u0435\u0437 \u043f\u043e\u043b\u044c\u0437\u043e\u0432\u0430\u0442\u0435\u043b\u044c\u0441\u043a\u0438\u0439 \u0438\u043d\u0442\u0435\u0440\u0444\u0435\u0439\u0441 GOLD.<\/span><\/p>\n<p dir=\"ltr\" data-placeholder=\"Translation\"><strong>\u0421\u0438\u0441\u0442\u0435\u043c\u044b \u0430\u0432\u0442\u043e\u043c\u0430\u0442\u0438\u0437\u0430\u0446\u0438\u0438<\/strong><\/p>\n<p><iframe title=\"GOLD \u2013 IQnavigator\" width=\"640\" height=\"360\" src=\"https:\/\/www.youtube.com\/embed\/JMEGMB7M_BU?feature=oembed\" frameborder=\"0\" allow=\"accelerometer; autoplay; clipboard-write; encrypted-media; gyroscope; picture-in-picture; web-share\" referrerpolicy=\"strict-origin-when-cross-origin\" allowfullscreen><\/iframe><\/p>\n<p><strong>Multilogic<\/strong><\/p>\n<p><iframe title=\"GOLD Multilogic\" width=\"640\" height=\"360\" src=\"https:\/\/www.youtube.com\/embed\/QzUxVrzUTO8?feature=oembed\" frameborder=\"0\" allow=\"accelerometer; autoplay; clipboard-write; encrypted-media; gyroscope; picture-in-picture; web-share\" referrerpolicy=\"strict-origin-when-cross-origin\" allowfullscreen><\/iframe><\/p>\n<p>&nbsp;<\/p>\n<p>&nbsp;<\/p>\n<p>\u0412\u0441\u0435 \u0432\u0435\u043d\u0442\u0438\u043b\u044f\u0446\u0438\u043e\u043d\u043d\u044b\u0435 \u0443\u0441\u0442\u0440\u043e\u0439\u0441\u0442\u0432\u0430 \u0441\u043e\u043e\u0442\u0432\u0435\u0442\u0441\u0442\u0432\u0443\u044e\u0442 \u0442\u0440\u0435\u0431\u043e\u0432\u0430\u043d\u0438\u044f\u043c, \u0443\u0441\u0442\u0430\u043d\u043e\u0432\u043b\u0435\u043d\u043d\u044b\u043c \u0432 \u041f\u0440\u0430\u0432\u0438\u043b\u0430\u0445 Ecodesign \u2116 1253 \u043e\u0442\u043d\u043e\u0441\u0438\u0442\u0435\u043b\u044c\u043d\u043e \u0432\u0435\u043d\u0442\u0438\u043b\u044f\u0446\u0438\u043e\u043d\u043d\u044b\u0445 \u0443\u0441\u0442\u0440\u043e\u0439\u0441\u0442\u0432.<\/p>\n<p>GOLD RX (\u0440\u0430\u0437\u043c\u0435\u0440\u044b 04-35 \u0438 50) \u0441\u0435\u0440\u0442\u0438\u0444\u0438\u0446\u0438\u0440\u043e\u0432\u0430\u043d\u044b \u0418\u043d\u0441\u0442\u0438\u0442\u0443\u0442\u043e\u043c \u041f\u0430\u0441\u0441\u0438\u0432\u043d\u043e\u0433\u043e \u0414\u043e\u043c\u0430 \u0431\u043b\u0430\u0433\u043e\u0434\u0430\u0440\u044f \u0438\u0445 \u0432\u044b\u0441\u043e\u043a\u043e\u0439 \u044d\u043d\u0435\u0440\u0433\u043e\u044d\u0444\u0444\u0435\u043a\u0442\u0438\u0432\u043d\u043e\u0441\u0442\u0438 \u0438 \u0432\u043e\u0441\u0441\u0442\u0430\u043d\u043e\u0432\u043b\u0435\u043d\u0438\u044e \u0442\u0435\u043f\u043b\u0430. GOLD \u0443\u043d\u0438\u043a\u0430\u043b\u0435\u043d \u0442\u0435\u043c, \u0447\u0442\u043e \u044f\u0432\u043b\u044f\u0435\u0442\u0441\u044f \u0435\u0434\u0438\u043d\u0441\u0442\u0432\u0435\u043d\u043d\u044b\u043c \u0441\u0435\u0440\u0442\u0438\u0444\u0438\u0446\u0438\u0440\u043e\u0432\u0430\u043d\u043d\u044b\u043c \u0443\u0441\u0442\u0440\u043e\u0439\u0441\u0442\u0432\u043e\u043c \u0434\u043b\u044f \u0432\u044b\u0441\u043e\u043a\u0438\u0445 \u0432\u043e\u0437\u0434\u0443\u0448\u043d\u044b\u0445 \u043f\u043e\u0442\u043e\u043a\u043e\u0432 (&gt;9 000 \u043c\u00b3\/\u0447). GOLD \u0442\u0430\u043a\u0436\u0435 \u043f\u0440\u0435\u0434\u043b\u0430\u0433\u0430\u0435\u0442 \u0441\u0430\u043c\u044b\u0439 \u0448\u0438\u0440\u043e\u043a\u0438\u0439 \u0430\u0441\u0441\u043e\u0440\u0442\u0438\u043c\u0435\u043d\u0442 \u0441\u0435\u0440\u0442\u0438\u0444\u0438\u0446\u0438\u0440\u043e\u0432\u0430\u043d\u043d\u044b\u0445 \u0432\u043e\u0437\u0434\u0443\u0445\u043e\u043e\u0431\u0440\u0430\u0431\u0430\u0442\u044b\u0432\u0430\u044e\u0449\u0438\u0445 \u0443\u0441\u0442\u0440\u043e\u0439\u0441\u0442\u0432 \u041f\u0430\u0441\u0441\u0438\u0432\u043d\u043e\u0433\u043e \u0414\u043e\u043c\u0430, \u043f\u0440\u0435\u0434\u043b\u0430\u0433\u0430\u044f \u0433\u0438\u0431\u043a\u0438\u0439 \u0432\u044b\u0431\u043e\u0440 \u0440\u043e\u0442\u043e\u0440\u0430.<\/p>\n<p><img decoding=\"async\" src=\"https:\/\/www.swegon.com\/siteassets\/5-products\/air-handling\/gold\/eurovent-logo.png\" alt=\"eurovent-logo.png\" width=\"191\" height=\"136\" \/><img decoding=\"async\" src=\"https:\/\/www.swegon.com\/siteassets\/5-products\/air-handling\/gold\/ecodesign-logo.png\" alt=\"ecodesign-logo.png\" width=\"206\" height=\"147\" \/><img decoding=\"async\" src=\"https:\/\/www.swegon.com\/siteassets\/5-products\/air-handling\/gold\/passive-house-logo.png\" alt=\"passive-house-logo.png\" width=\"204\" height=\"145\" \/><\/p>","protected":false},"excerpt":{"rendered":"<h4>\u0423\u0441\u0442\u0430\u043d\u043e\u0432\u043a\u0430 \u041e\u0431\u0440\u0430\u0431\u043e\u0442\u043a\u0438 \u0412\u043e\u0437\u0434\u0443\u0445\u0430 \u0441 \u0420\u043e\u0442\u043e\u0440\u043d\u044b\u043c \u0422\u0435\u043f\u043b\u043e\u043e\u0431\u043c\u0435\u043d\u043d\u0438\u043a\u043e\u043c<\/h4>\n<h4>290-50400 \u043c\u00b3\/\u0447<\/h4>","protected":false},"featured_media":2520,"template":"","meta":{"_acf_changed":false,"inline_featured_image":false,"_links_to":"","_links_to_target":""},"product_brand":[],"product_cat":[32],"product_tag":[],"class_list":{"0":"post-1754","1":"product","2":"type-product","3":"status-publish","4":"has-post-thumbnail","6":"product_cat-gold","8":"first","9":"instock","10":"shipping-taxable","11":"product-type-simple"},"acf":[],"yoast_head":"<!-- This site is optimized with the Yoast SEO plugin v27.0 - https:\/\/yoast.com\/product\/yoast-seo-wordpress\/ -->\n<title>GOLD RX - Ecowise<\/title>\n<meta name=\"description\" content=\"Gaisa apstr\u0101des iek\u0101rta ar rot\u0101cijas siltummaini, tie\u0161\u0101s piedzi\u0146as piepl\u016bdes un nos\u016bces gaisa ventilatoriem, apr\u012bkot\u0101 ar gaisa ie\u0146em\u0161anas un izm\u0113\u0161anas filtriem.\" \/>\n<meta name=\"robots\" content=\"index, follow, max-snippet:-1, max-image-preview:large, max-video-preview:-1\" \/>\n<link rel=\"canonical\" href=\"https:\/\/ecowise.lv\/ru\/product\/1754\/\" \/>\n<meta property=\"og:locale\" content=\"ru_RU\" \/>\n<meta property=\"og:type\" content=\"article\" \/>\n<meta property=\"og:title\" content=\"GOLD RX - Ecowise\" \/>\n<meta property=\"og:description\" content=\"Gaisa apstr\u0101des iek\u0101rta ar rot\u0101cijas siltummaini, tie\u0161\u0101s piedzi\u0146as piepl\u016bdes un nos\u016bces gaisa ventilatoriem, apr\u012bkot\u0101 ar gaisa ie\u0146em\u0161anas un izm\u0113\u0161anas filtriem.\" \/>\n<meta property=\"og:url\" content=\"https:\/\/ecowise.lv\/ru\/product\/1754\/\" \/>\n<meta property=\"og:site_name\" content=\"Ecowise\" \/>\n<meta property=\"article:modified_time\" content=\"2024-06-13T08:49:04+00:00\" \/>\n<meta property=\"og:image\" content=\"https:\/\/ecowise.lv\/wp-content\/uploads\/2023\/08\/gold-rx08-productimage_white.webp\" \/>\n\t<meta property=\"og:image:width\" content=\"768\" \/>\n\t<meta property=\"og:image:height\" content=\"576\" \/>\n\t<meta property=\"og:image:type\" content=\"image\/webp\" \/>\n<meta name=\"twitter:card\" content=\"summary_large_image\" \/>\n<meta name=\"twitter:label1\" content=\"\u041f\u0440\u0438\u043c\u0435\u0440\u043d\u043e\u0435 \u0432\u0440\u0435\u043c\u044f \u0434\u043b\u044f \u0447\u0442\u0435\u043d\u0438\u044f\" \/>\n\t<meta name=\"twitter:data1\" content=\"3 \u043c\u0438\u043d\u0443\u0442\u044b\" \/>\n<script type=\"application\/ld+json\" class=\"yoast-schema-graph\">{\"@context\":\"https:\/\/schema.org\",\"@graph\":[{\"@type\":\"WebPage\",\"@id\":\"https:\/\/ecowise.lv\/product\/1754\/\",\"url\":\"https:\/\/ecowise.lv\/product\/1754\/\",\"name\":\"GOLD RX - Ecowise\",\"isPartOf\":{\"@id\":\"https:\/\/ecowise.lv\/#website\"},\"primaryImageOfPage\":{\"@id\":\"https:\/\/ecowise.lv\/product\/1754\/#primaryimage\"},\"image\":{\"@id\":\"https:\/\/ecowise.lv\/product\/1754\/#primaryimage\"},\"thumbnailUrl\":\"https:\/\/ecowise.lv\/wp-content\/uploads\/2023\/08\/gold-rx08-productimage_white.webp\",\"datePublished\":\"2023-08-24T13:20:58+00:00\",\"dateModified\":\"2024-06-13T08:49:04+00:00\",\"description\":\"Gaisa apstr\u0101des iek\u0101rta ar rot\u0101cijas siltummaini, tie\u0161\u0101s piedzi\u0146as piepl\u016bdes un nos\u016bces gaisa ventilatoriem, apr\u012bkot\u0101 ar gaisa ie\u0146em\u0161anas un izm\u0113\u0161anas filtriem.\",\"breadcrumb\":{\"@id\":\"https:\/\/ecowise.lv\/product\/1754\/#breadcrumb\"},\"inLanguage\":\"ru-RU\",\"potentialAction\":[{\"@type\":\"ReadAction\",\"target\":[\"https:\/\/ecowise.lv\/product\/1754\/\"]}]},{\"@type\":\"ImageObject\",\"inLanguage\":\"ru-RU\",\"@id\":\"https:\/\/ecowise.lv\/product\/1754\/#primaryimage\",\"url\":\"https:\/\/ecowise.lv\/wp-content\/uploads\/2023\/08\/gold-rx08-productimage_white.webp\",\"contentUrl\":\"https:\/\/ecowise.lv\/wp-content\/uploads\/2023\/08\/gold-rx08-productimage_white.webp\",\"width\":768,\"height\":576},{\"@type\":\"BreadcrumbList\",\"@id\":\"https:\/\/ecowise.lv\/product\/1754\/#breadcrumb\",\"itemListElement\":[{\"@type\":\"ListItem\",\"position\":1,\"name\":\"Products\",\"item\":\"https:\/\/ecowise.lv\/shop\/\"},{\"@type\":\"ListItem\",\"position\":2,\"name\":\"GOLD RX\"}]},{\"@type\":\"WebSite\",\"@id\":\"https:\/\/ecowise.lv\/#website\",\"url\":\"https:\/\/ecowise.lv\/\",\"name\":\"Ecowise\",\"description\":\"Ener\u0123ijas pat\u0113ri\u0146a samazin\u0101jums\",\"publisher\":{\"@id\":\"https:\/\/ecowise.lv\/#organization\"},\"potentialAction\":[{\"@type\":\"SearchAction\",\"target\":{\"@type\":\"EntryPoint\",\"urlTemplate\":\"https:\/\/ecowise.lv\/?s={search_term_string}\"},\"query-input\":{\"@type\":\"PropertyValueSpecification\",\"valueRequired\":true,\"valueName\":\"search_term_string\"}}],\"inLanguage\":\"ru-RU\"},{\"@type\":\"Organization\",\"@id\":\"https:\/\/ecowise.lv\/#organization\",\"name\":\"Ecowise\",\"url\":\"https:\/\/ecowise.lv\/\",\"logo\":{\"@type\":\"ImageObject\",\"inLanguage\":\"ru-RU\",\"@id\":\"https:\/\/ecowise.lv\/#\/schema\/logo\/image\/\",\"url\":\"https:\/\/ecowise.lv\/wp-content\/uploads\/2023\/03\/logo.svg\",\"contentUrl\":\"https:\/\/ecowise.lv\/wp-content\/uploads\/2023\/03\/logo.svg\",\"width\":207,\"height\":27,\"caption\":\"Ecowise\"},\"image\":{\"@id\":\"https:\/\/ecowise.lv\/#\/schema\/logo\/image\/\"}}]}<\/script>\n<!-- \/ Yoast SEO plugin. -->","yoast_head_json":{"title":"GOLD RX - Ecowise","description":"Gaisa apstr\u0101des iek\u0101rta ar rot\u0101cijas siltummaini, tie\u0161\u0101s piedzi\u0146as piepl\u016bdes un nos\u016bces gaisa ventilatoriem, apr\u012bkot\u0101 ar gaisa ie\u0146em\u0161anas un izm\u0113\u0161anas filtriem.","robots":{"index":"index","follow":"follow","max-snippet":"max-snippet:-1","max-image-preview":"max-image-preview:large","max-video-preview":"max-video-preview:-1"},"canonical":"https:\/\/ecowise.lv\/ru\/product\/1754\/","og_locale":"ru_RU","og_type":"article","og_title":"GOLD RX - Ecowise","og_description":"Gaisa apstr\u0101des iek\u0101rta ar rot\u0101cijas siltummaini, tie\u0161\u0101s piedzi\u0146as piepl\u016bdes un nos\u016bces gaisa ventilatoriem, apr\u012bkot\u0101 ar gaisa ie\u0146em\u0161anas un izm\u0113\u0161anas filtriem.","og_url":"https:\/\/ecowise.lv\/ru\/product\/1754\/","og_site_name":"Ecowise","article_modified_time":"2024-06-13T08:49:04+00:00","og_image":[{"width":768,"height":576,"url":"https:\/\/ecowise.lv\/wp-content\/uploads\/2023\/08\/gold-rx08-productimage_white.webp","type":"image\/webp"}],"twitter_card":"summary_large_image","twitter_misc":{"\u041f\u0440\u0438\u043c\u0435\u0440\u043d\u043e\u0435 \u0432\u0440\u0435\u043c\u044f \u0434\u043b\u044f \u0447\u0442\u0435\u043d\u0438\u044f":"3 \u043c\u0438\u043d\u0443\u0442\u044b"},"schema":{"@context":"https:\/\/schema.org","@graph":[{"@type":"WebPage","@id":"https:\/\/ecowise.lv\/product\/1754\/","url":"https:\/\/ecowise.lv\/product\/1754\/","name":"GOLD RX - Ecowise","isPartOf":{"@id":"https:\/\/ecowise.lv\/#website"},"primaryImageOfPage":{"@id":"https:\/\/ecowise.lv\/product\/1754\/#primaryimage"},"image":{"@id":"https:\/\/ecowise.lv\/product\/1754\/#primaryimage"},"thumbnailUrl":"https:\/\/ecowise.lv\/wp-content\/uploads\/2023\/08\/gold-rx08-productimage_white.webp","datePublished":"2023-08-24T13:20:58+00:00","dateModified":"2024-06-13T08:49:04+00:00","description":"Gaisa apstr\u0101des iek\u0101rta ar rot\u0101cijas siltummaini, tie\u0161\u0101s piedzi\u0146as piepl\u016bdes un nos\u016bces gaisa ventilatoriem, apr\u012bkot\u0101 ar gaisa ie\u0146em\u0161anas un izm\u0113\u0161anas filtriem.","breadcrumb":{"@id":"https:\/\/ecowise.lv\/product\/1754\/#breadcrumb"},"inLanguage":"ru-RU","potentialAction":[{"@type":"ReadAction","target":["https:\/\/ecowise.lv\/product\/1754\/"]}]},{"@type":"ImageObject","inLanguage":"ru-RU","@id":"https:\/\/ecowise.lv\/product\/1754\/#primaryimage","url":"https:\/\/ecowise.lv\/wp-content\/uploads\/2023\/08\/gold-rx08-productimage_white.webp","contentUrl":"https:\/\/ecowise.lv\/wp-content\/uploads\/2023\/08\/gold-rx08-productimage_white.webp","width":768,"height":576},{"@type":"BreadcrumbList","@id":"https:\/\/ecowise.lv\/product\/1754\/#breadcrumb","itemListElement":[{"@type":"ListItem","position":1,"name":"Products","item":"https:\/\/ecowise.lv\/shop\/"},{"@type":"ListItem","position":2,"name":"GOLD RX"}]},{"@type":"WebSite","@id":"https:\/\/ecowise.lv\/#website","url":"https:\/\/ecowise.lv\/","name":"Ecowise","description":"Ener\u0123ijas pat\u0113ri\u0146a samazin\u0101jums","publisher":{"@id":"https:\/\/ecowise.lv\/#organization"},"potentialAction":[{"@type":"SearchAction","target":{"@type":"EntryPoint","urlTemplate":"https:\/\/ecowise.lv\/?s={search_term_string}"},"query-input":{"@type":"PropertyValueSpecification","valueRequired":true,"valueName":"search_term_string"}}],"inLanguage":"ru-RU"},{"@type":"Organization","@id":"https:\/\/ecowise.lv\/#organization","name":"Ecowise","url":"https:\/\/ecowise.lv\/","logo":{"@type":"ImageObject","inLanguage":"ru-RU","@id":"https:\/\/ecowise.lv\/#\/schema\/logo\/image\/","url":"https:\/\/ecowise.lv\/wp-content\/uploads\/2023\/03\/logo.svg","contentUrl":"https:\/\/ecowise.lv\/wp-content\/uploads\/2023\/03\/logo.svg","width":207,"height":27,"caption":"Ecowise"},"image":{"@id":"https:\/\/ecowise.lv\/#\/schema\/logo\/image\/"}}]}},"_links":{"self":[{"href":"https:\/\/ecowise.lv\/ru\/wp-json\/wp\/v2\/product\/1754","targetHints":{"allow":["GET"]}}],"collection":[{"href":"https:\/\/ecowise.lv\/ru\/wp-json\/wp\/v2\/product"}],"about":[{"href":"https:\/\/ecowise.lv\/ru\/wp-json\/wp\/v2\/types\/product"}],"wp:featuredmedia":[{"embeddable":true,"href":"https:\/\/ecowise.lv\/ru\/wp-json\/wp\/v2\/media\/2520"}],"wp:attachment":[{"href":"https:\/\/ecowise.lv\/ru\/wp-json\/wp\/v2\/media?parent=1754"}],"wp:term":[{"taxonomy":"product_brand","embeddable":true,"href":"https:\/\/ecowise.lv\/ru\/wp-json\/wp\/v2\/product_brand?post=1754"},{"taxonomy":"product_cat","embeddable":true,"href":"https:\/\/ecowise.lv\/ru\/wp-json\/wp\/v2\/product_cat?post=1754"},{"taxonomy":"product_tag","embeddable":true,"href":"https:\/\/ecowise.lv\/ru\/wp-json\/wp\/v2\/product_tag?post=1754"}],"curies":[{"name":"wp","href":"https:\/\/api.w.org\/{rel}","templated":true}]}}