{"id":1742,"date":"2023-08-24T16:08:35","date_gmt":"2023-08-24T13:08:35","guid":{"rendered":"https:\/\/ecowise.lv\/?post_type=product&#038;p=1742"},"modified":"2023-10-23T11:36:18","modified_gmt":"2023-10-23T08:36:18","slug":"facile-2","status":"publish","type":"product","link":"https:\/\/ecowise.lv\/ru\/product\/facile-2\/","title":{"rendered":"FACILE"},"content":{"rendered":"<p>\u0428\u0443\u043c\u043e\u0433\u043b\u0443\u0448\u0438\u0442\u0435\u043b\u044c \u0441 \u0441\u044a\u0435\u043c\u043d\u044b\u043c\u0438 \u0440\u0430\u0437\u0434\u0435\u043b\u0438\u0442\u0435\u043b\u044f\u043c\u0438 \u0434\u043b\u044f \u043f\u0440\u044f\u043c\u043e\u0443\u0433\u043e\u043b\u044c\u043d\u044b\u0445 \u0432\u043e\u0437\u0434\u0443\u0445\u043e\u0432\u043e\u0434\u043e\u0432<\/p>\n<ul>\n<li>\u041f\u0440\u044f\u043c\u043e\u0443\u0433\u043e\u043b\u044c\u043d\u044b\u0439 \u0448\u0443\u043c\u043e\u0433\u043b\u0443\u0448\u0438\u0442\u0435\u043b\u044c \u0441 \u0441\u044a\u0435\u043c\u043d\u044b\u043c\u0438 \u0440\u0430\u0437\u0434\u0435\u043b\u0438\u0442\u0435\u043b\u044f\u043c\u0438<\/li>\n<li>\u0418\u0441\u043f\u043e\u043b\u044c\u0437\u0443\u0435\u0442\u0441\u044f \u0432\u0441\u044f\u043a\u0438\u0439 \u0440\u0430\u0437, \u043a\u043e\u0433\u0434\u0430 \u0441\u0443\u0449\u0435\u0441\u0442\u0432\u0443\u044e\u0442 \u0441\u0442\u0440\u043e\u0433\u0438\u0435 \u0442\u0440\u0435\u0431\u043e\u0432\u0430\u043d\u0438\u044f \u043a \u043e\u0447\u0438\u0441\u0442\u043a\u0435<\/li>\n<li>\u041c\u043e\u044e\u0449\u0435\u0435\u0441\u044f \u043f\u043e\u043a\u0440\u044b\u0442\u0438\u0435 \u043f\u043e\u0432\u0435\u0440\u0445\u043d\u043e\u0441\u0442\u0438 ISOVER Cleantec PLUS<\/li>\n<li>\u041d\u0438\u0437\u043a\u043e\u0435 \u043f\u0430\u0434\u0435\u043d\u0438\u0435 \u0434\u0430\u0432\u043b\u0435\u043d\u0438\u044f \u0438\u0437-\u0437\u0430 \u043a\u043e\u043d\u0438\u0447\u0435\u0441\u043a\u0438\u0445 \u0440\u0430\u0437\u0434\u0435\u043b\u0438\u0442\u0435\u043b\u0435\u0439<\/li>\n<li>\u0420\u0430\u0437\u043c\u0435\u0440\u044b \u0441\u043e\u0435\u0434\u0438\u043d\u0435\u043d\u0438\u044f \u043e\u0442 400\u00d7300 \u043c\u043c \u0434\u043e 2200\u00d72200 \u043c\u043c<\/li>\n<li>\u0412\u043e\u0437\u043c\u043e\u0436\u043d\u043e\u0441\u0442\u044c \u0441\u043e\u0435\u0434\u0438\u043d\u0435\u043d\u0438\u044f \u043e\u0442\u043a\u0438\u0434\u043d\u044b\u0445 \u043a\u0440\u044b\u0448\u0435\u043a<\/li>\n<li>\u041e\u0446\u0438\u043d\u043a\u043e\u0432\u0430\u043d\u043d\u0430\u044f \u043b\u0438\u0441\u0442\u043e\u0432\u0430\u044f \u0441\u0442\u0430\u043b\u044c \u0441\u043e\u043e\u0442\u0432\u0435\u0442\u0441\u0442\u0432\u0443\u0435\u0442 \u043a\u043b\u0430\u0441\u0441\u0443 \u043a\u043e\u0440\u0440\u043e\u0437\u0438\u0438 C3<\/li>\n<li>\u0414\u043e\u0441\u0442\u0443\u043f\u0435\u043d \u0441 \u043f\u043e\u043b\u043d\u043e\u0441\u0442\u044c\u044e \u0441\u0432\u0430\u0440\u043d\u044b\u043c \u043a\u043e\u0440\u043f\u0443\u0441\u043e\u043c \u0438\u0437 \u0447\u0435\u0440\u043d\u043e\u0439 \u043f\u043b\u0430\u0441\u0442\u0438\u043d\u044b \u0441 \u043e\u0442\u043a\u0438\u0434\u043d\u044b\u043c \u0441\u043e\u0435\u0434\u0438\u043d\u0435\u043d\u0438\u0435\u043c<\/li>\n<li>\u041c\u0435\u0441\u0442\u043e\u043f\u043e\u043b\u043e\u0436\u0435\u043d\u0438\u0435 \u043b\u044e\u043a\u0430 \u043c\u043e\u0436\u043d\u043e \u0432\u044b\u0431\u0440\u0430\u0442\u044c, \u0438 \u043e\u043d \u043c\u043e\u0436\u0435\u0442 \u0431\u044b\u0442\u044c \u0440\u0430\u0441\u043f\u043e\u043b\u043e\u0436\u0435\u043d \u043a\u0430\u043a \u0441 B, \u0442\u0430\u043a \u0438 \u0441 H \u0441\u0442\u043e\u0440\u043e\u043d\u044b<\/li>\n<li>\u0412\u043e\u0437\u043c\u043e\u0436\u043d\u043e\u0441\u0442\u044c \u0438\u043d\u0434\u0438\u0432\u0438\u0434\u0443\u0430\u043b\u044c\u043d\u043e\u0439 \u043d\u0430\u0441\u0442\u0440\u043e\u0439\u043a\u0438 \u0441 \u0434\u0440\u0443\u0433\u0438\u043c\u0438 \u0432\u0430\u0440\u0438\u0430\u043d\u0442\u0430\u043c\u0438 \u043c\u0430\u0442\u0435\u0440\u0438\u0430\u043b\u043e\u0432, \u043d\u0430\u043f\u0440\u0438\u043c\u0435\u0440, \u043d\u0435\u0440\u0436\u0430\u0432\u0435\u044e\u0449\u0435\u0439 \u0441\u0442\u0430\u043b\u0438.<\/li>\n<li>\u0412\u043a\u043b\u044e\u0447\u0435\u043d \u0432 \u0431\u0430\u0437\u0443 \u0434\u0430\u043d\u043d\u044b\u0445 MagiCAD<\/li>\n<\/ul>\n<p>&nbsp;<\/p>\n<p>\u0428\u0443\u043c\u043e\u0433\u043b\u0443\u0448\u0438\u0442\u0435\u043b\u044c FACILE \u043f\u043e\u0434\u0445\u043e\u0434\u0438\u0442 \u0434\u043b\u044f \u0438\u0441\u043f\u043e\u043b\u044c\u0437\u043e\u0432\u0430\u043d\u0438\u044f \u0432 \u043c\u0435\u0441\u0442\u0430\u0445, \u0433\u0434\u0435 \u0441\u0443\u0449\u0435\u0441\u0442\u0432\u0443\u044e\u0442 \u0441\u0442\u0440\u043e\u0433\u0438\u0435 \u0442\u0440\u0435\u0431\u043e\u0432\u0430\u043d\u0438\u044f \u043a \u043e\u0447\u0438\u0441\u0442\u043a\u0435 \u0438 \u0441\u044a\u0435\u043c\u043d\u044b\u043c \u0440\u0430\u0437\u0434\u0435\u043b\u0438\u0442\u0435\u043b\u044f\u043c.<\/p>\n<p>&nbsp;<\/p>\n<p><strong>\u0422\u0435\u0445\u043d\u0438\u0447\u0435\u0441\u043a\u0438\u0435 \u0434\u0430\u043d\u043d\u044b\u0435<\/strong><\/p>\n<table>\n<tbody>\n<tr>\n<td class=\"bold v-align-bottom h-align-center\" colspan=\"5\">FACILE \u2013 \u0421\u0442\u0430\u043d\u0434\u0430\u0440\u0442\u043d\u044b\u0439 \u0434\u0438\u0430\u043f\u0430\u0437\u043e\u043d<\/td>\n<\/tr>\n<tr>\n<td class=\"v-align-bottom h-align-center\" colspan=\"3\">\u0420\u0430\u0437\u043c\u0435\u0440\u044b (\u043c\u043c)<\/td>\n<td class=\"v-align-bottom h-align-center\">\u0420\u0430\u0431\u043e\u0447\u0438\u0439 \u0434\u0438\u0430\u043f\u0430\u0437\u043e\u043d<\/td>\n<td class=\"v-align-bottom h-align-center\">\u0417\u0432\u0443\u043a\u043e\u043f\u043e\u0433\u043b\u043e\u0449\u0435\u043d\u0438\u0435<\/td>\n<\/tr>\n<tr>\n<td class=\"v-align-bottom h-align-center\">B<\/td>\n<td class=\"v-align-bottom h-align-center\">H<\/td>\n<td class=\"v-align-bottom h-align-center\">L<\/td>\n<td class=\"v-align-top h-align-center\">\u043c\u00b3\/\u0441<\/td>\n<td class=\"v-align-top h-align-center\">dB(A)<\/td>\n<\/tr>\n<tr>\n<td class=\"v-align-bottom h-align-center\">400-2200<\/td>\n<td class=\"v-align-bottom h-align-center\">300-2200<\/td>\n<td class=\"v-align-bottom h-align-center\">750-1950<\/td>\n<td class=\"v-align-bottom h-align-center\">0-34<\/td>\n<td class=\"v-align-bottom h-align-center\">10-25<\/td>\n<\/tr>\n<\/tbody>\n<\/table>\n<p>&nbsp;<\/p>","protected":false},"excerpt":{"rendered":"<h4>\u0428\u0443\u043c\u043e\u0433\u043b\u0443\u0448\u0438\u0442\u0435\u043b\u044c \u0441 \u0441\u044a\u0435\u043c\u043d\u044b\u043c\u0438 \u0440\u0430\u0437\u0434\u0435\u043b\u0438\u0442\u0435\u043b\u044f\u043c\u0438 \u0434\u043b\u044f \u043f\u0440\u044f\u043c\u043e\u0443\u0433\u043e\u043b\u044c\u043d\u044b\u0445 \u0432\u043e\u0437\u0434\u0443\u0445\u043e\u0432\u043e\u0434\u043e\u0432<\/h4>","protected":false},"featured_media":4930,"template":"","meta":{"_acf_changed":false,"inline_featured_image":false,"_links_to":"","_links_to_target":""},"product_brand":[],"product_cat":[73],"product_tag":[],"class_list":{"0":"post-1742","1":"product","2":"type-product","3":"status-publish","4":"has-post-thumbnail","6":"product_cat-troksnu-slapetaji-2","8":"first","9":"instock","10":"shipping-taxable","11":"product-type-simple"},"acf":[],"yoast_head":"<!-- This site is optimized with the Yoast SEO plugin v27.0 - https:\/\/yoast.com\/product\/yoast-seo-wordpress\/ -->\n<title>FACILE - Ecowise<\/title>\n<meta name=\"description\" content=\"Higi\u0113niskais trok\u0161\u0146u sl\u0101p\u0113t\u0101js FACILE , ar paaugstin\u0101t\u0101m t\u012br\u012b\u0161anas iesp\u0113j\u0101m, no\u0146emamiem iek\u0161\u0113jiem pane\u013ciem.\" \/>\n<meta name=\"robots\" content=\"index, follow, max-snippet:-1, max-image-preview:large, max-video-preview:-1\" \/>\n<link rel=\"canonical\" href=\"https:\/\/ecowise.lv\/ru\/product\/facile-2\/\" \/>\n<meta property=\"og:locale\" content=\"ru_RU\" \/>\n<meta property=\"og:type\" content=\"article\" \/>\n<meta property=\"og:title\" content=\"FACILE - Ecowise\" \/>\n<meta property=\"og:description\" content=\"Higi\u0113niskais trok\u0161\u0146u sl\u0101p\u0113t\u0101js FACILE , ar paaugstin\u0101t\u0101m t\u012br\u012b\u0161anas iesp\u0113j\u0101m, no\u0146emamiem iek\u0161\u0113jiem pane\u013ciem.\" \/>\n<meta property=\"og:url\" content=\"https:\/\/ecowise.lv\/ru\/product\/facile-2\/\" \/>\n<meta property=\"og:site_name\" content=\"Ecowise\" \/>\n<meta property=\"article:modified_time\" content=\"2023-10-23T08:36:18+00:00\" \/>\n<meta property=\"og:image\" content=\"https:\/\/ecowise.lv\/wp-content\/uploads\/2023\/08\/facile_akustika_ventilacija.png\" \/>\n\t<meta property=\"og:image:width\" content=\"600\" \/>\n\t<meta property=\"og:image:height\" content=\"450\" \/>\n\t<meta property=\"og:image:type\" content=\"image\/png\" \/>\n<meta name=\"twitter:card\" content=\"summary_large_image\" \/>\n<meta name=\"twitter:label1\" content=\"\u041f\u0440\u0438\u043c\u0435\u0440\u043d\u043e\u0435 \u0432\u0440\u0435\u043c\u044f \u0434\u043b\u044f \u0447\u0442\u0435\u043d\u0438\u044f\" \/>\n\t<meta name=\"twitter:data1\" content=\"1 \u043c\u0438\u043d\u0443\u0442\u0430\" \/>\n<script type=\"application\/ld+json\" class=\"yoast-schema-graph\">{\"@context\":\"https:\/\/schema.org\",\"@graph\":[{\"@type\":\"WebPage\",\"@id\":\"https:\/\/ecowise.lv\/product\/facile-2\/\",\"url\":\"https:\/\/ecowise.lv\/product\/facile-2\/\",\"name\":\"FACILE - Ecowise\",\"isPartOf\":{\"@id\":\"https:\/\/ecowise.lv\/#website\"},\"primaryImageOfPage\":{\"@id\":\"https:\/\/ecowise.lv\/product\/facile-2\/#primaryimage\"},\"image\":{\"@id\":\"https:\/\/ecowise.lv\/product\/facile-2\/#primaryimage\"},\"thumbnailUrl\":\"https:\/\/ecowise.lv\/wp-content\/uploads\/2023\/08\/facile_akustika_ventilacija.png\",\"datePublished\":\"2023-08-24T13:08:35+00:00\",\"dateModified\":\"2023-10-23T08:36:18+00:00\",\"description\":\"Higi\u0113niskais trok\u0161\u0146u sl\u0101p\u0113t\u0101js FACILE , ar paaugstin\u0101t\u0101m t\u012br\u012b\u0161anas iesp\u0113j\u0101m, no\u0146emamiem iek\u0161\u0113jiem pane\u013ciem.\",\"breadcrumb\":{\"@id\":\"https:\/\/ecowise.lv\/product\/facile-2\/#breadcrumb\"},\"inLanguage\":\"ru-RU\",\"potentialAction\":[{\"@type\":\"ReadAction\",\"target\":[\"https:\/\/ecowise.lv\/product\/facile-2\/\"]}]},{\"@type\":\"ImageObject\",\"inLanguage\":\"ru-RU\",\"@id\":\"https:\/\/ecowise.lv\/product\/facile-2\/#primaryimage\",\"url\":\"https:\/\/ecowise.lv\/wp-content\/uploads\/2023\/08\/facile_akustika_ventilacija.png\",\"contentUrl\":\"https:\/\/ecowise.lv\/wp-content\/uploads\/2023\/08\/facile_akustika_ventilacija.png\",\"width\":600,\"height\":450},{\"@type\":\"BreadcrumbList\",\"@id\":\"https:\/\/ecowise.lv\/product\/facile-2\/#breadcrumb\",\"itemListElement\":[{\"@type\":\"ListItem\",\"position\":1,\"name\":\"Products\",\"item\":\"https:\/\/ecowise.lv\/shop\/\"},{\"@type\":\"ListItem\",\"position\":2,\"name\":\"FACILE\"}]},{\"@type\":\"WebSite\",\"@id\":\"https:\/\/ecowise.lv\/#website\",\"url\":\"https:\/\/ecowise.lv\/\",\"name\":\"Ecowise\",\"description\":\"Ener\u0123ijas pat\u0113ri\u0146a samazin\u0101jums\",\"publisher\":{\"@id\":\"https:\/\/ecowise.lv\/#organization\"},\"potentialAction\":[{\"@type\":\"SearchAction\",\"target\":{\"@type\":\"EntryPoint\",\"urlTemplate\":\"https:\/\/ecowise.lv\/?s={search_term_string}\"},\"query-input\":{\"@type\":\"PropertyValueSpecification\",\"valueRequired\":true,\"valueName\":\"search_term_string\"}}],\"inLanguage\":\"ru-RU\"},{\"@type\":\"Organization\",\"@id\":\"https:\/\/ecowise.lv\/#organization\",\"name\":\"Ecowise\",\"url\":\"https:\/\/ecowise.lv\/\",\"logo\":{\"@type\":\"ImageObject\",\"inLanguage\":\"ru-RU\",\"@id\":\"https:\/\/ecowise.lv\/#\/schema\/logo\/image\/\",\"url\":\"https:\/\/ecowise.lv\/wp-content\/uploads\/2023\/03\/logo.svg\",\"contentUrl\":\"https:\/\/ecowise.lv\/wp-content\/uploads\/2023\/03\/logo.svg\",\"width\":207,\"height\":27,\"caption\":\"Ecowise\"},\"image\":{\"@id\":\"https:\/\/ecowise.lv\/#\/schema\/logo\/image\/\"}}]}<\/script>\n<!-- \/ Yoast SEO plugin. -->","yoast_head_json":{"title":"FACILE - Ecowise","description":"Higi\u0113niskais trok\u0161\u0146u sl\u0101p\u0113t\u0101js FACILE , ar paaugstin\u0101t\u0101m t\u012br\u012b\u0161anas iesp\u0113j\u0101m, no\u0146emamiem iek\u0161\u0113jiem pane\u013ciem.","robots":{"index":"index","follow":"follow","max-snippet":"max-snippet:-1","max-image-preview":"max-image-preview:large","max-video-preview":"max-video-preview:-1"},"canonical":"https:\/\/ecowise.lv\/ru\/product\/facile-2\/","og_locale":"ru_RU","og_type":"article","og_title":"FACILE - Ecowise","og_description":"Higi\u0113niskais trok\u0161\u0146u sl\u0101p\u0113t\u0101js FACILE , ar paaugstin\u0101t\u0101m t\u012br\u012b\u0161anas iesp\u0113j\u0101m, no\u0146emamiem iek\u0161\u0113jiem pane\u013ciem.","og_url":"https:\/\/ecowise.lv\/ru\/product\/facile-2\/","og_site_name":"Ecowise","article_modified_time":"2023-10-23T08:36:18+00:00","og_image":[{"width":600,"height":450,"url":"https:\/\/ecowise.lv\/wp-content\/uploads\/2023\/08\/facile_akustika_ventilacija.png","type":"image\/png"}],"twitter_card":"summary_large_image","twitter_misc":{"\u041f\u0440\u0438\u043c\u0435\u0440\u043d\u043e\u0435 \u0432\u0440\u0435\u043c\u044f \u0434\u043b\u044f \u0447\u0442\u0435\u043d\u0438\u044f":"1 \u043c\u0438\u043d\u0443\u0442\u0430"},"schema":{"@context":"https:\/\/schema.org","@graph":[{"@type":"WebPage","@id":"https:\/\/ecowise.lv\/product\/facile-2\/","url":"https:\/\/ecowise.lv\/product\/facile-2\/","name":"FACILE - Ecowise","isPartOf":{"@id":"https:\/\/ecowise.lv\/#website"},"primaryImageOfPage":{"@id":"https:\/\/ecowise.lv\/product\/facile-2\/#primaryimage"},"image":{"@id":"https:\/\/ecowise.lv\/product\/facile-2\/#primaryimage"},"thumbnailUrl":"https:\/\/ecowise.lv\/wp-content\/uploads\/2023\/08\/facile_akustika_ventilacija.png","datePublished":"2023-08-24T13:08:35+00:00","dateModified":"2023-10-23T08:36:18+00:00","description":"Higi\u0113niskais trok\u0161\u0146u sl\u0101p\u0113t\u0101js FACILE , ar paaugstin\u0101t\u0101m t\u012br\u012b\u0161anas iesp\u0113j\u0101m, no\u0146emamiem iek\u0161\u0113jiem pane\u013ciem.","breadcrumb":{"@id":"https:\/\/ecowise.lv\/product\/facile-2\/#breadcrumb"},"inLanguage":"ru-RU","potentialAction":[{"@type":"ReadAction","target":["https:\/\/ecowise.lv\/product\/facile-2\/"]}]},{"@type":"ImageObject","inLanguage":"ru-RU","@id":"https:\/\/ecowise.lv\/product\/facile-2\/#primaryimage","url":"https:\/\/ecowise.lv\/wp-content\/uploads\/2023\/08\/facile_akustika_ventilacija.png","contentUrl":"https:\/\/ecowise.lv\/wp-content\/uploads\/2023\/08\/facile_akustika_ventilacija.png","width":600,"height":450},{"@type":"BreadcrumbList","@id":"https:\/\/ecowise.lv\/product\/facile-2\/#breadcrumb","itemListElement":[{"@type":"ListItem","position":1,"name":"Products","item":"https:\/\/ecowise.lv\/shop\/"},{"@type":"ListItem","position":2,"name":"FACILE"}]},{"@type":"WebSite","@id":"https:\/\/ecowise.lv\/#website","url":"https:\/\/ecowise.lv\/","name":"Ecowise","description":"Ener\u0123ijas pat\u0113ri\u0146a samazin\u0101jums","publisher":{"@id":"https:\/\/ecowise.lv\/#organization"},"potentialAction":[{"@type":"SearchAction","target":{"@type":"EntryPoint","urlTemplate":"https:\/\/ecowise.lv\/?s={search_term_string}"},"query-input":{"@type":"PropertyValueSpecification","valueRequired":true,"valueName":"search_term_string"}}],"inLanguage":"ru-RU"},{"@type":"Organization","@id":"https:\/\/ecowise.lv\/#organization","name":"Ecowise","url":"https:\/\/ecowise.lv\/","logo":{"@type":"ImageObject","inLanguage":"ru-RU","@id":"https:\/\/ecowise.lv\/#\/schema\/logo\/image\/","url":"https:\/\/ecowise.lv\/wp-content\/uploads\/2023\/03\/logo.svg","contentUrl":"https:\/\/ecowise.lv\/wp-content\/uploads\/2023\/03\/logo.svg","width":207,"height":27,"caption":"Ecowise"},"image":{"@id":"https:\/\/ecowise.lv\/#\/schema\/logo\/image\/"}}]}},"_links":{"self":[{"href":"https:\/\/ecowise.lv\/ru\/wp-json\/wp\/v2\/product\/1742","targetHints":{"allow":["GET"]}}],"collection":[{"href":"https:\/\/ecowise.lv\/ru\/wp-json\/wp\/v2\/product"}],"about":[{"href":"https:\/\/ecowise.lv\/ru\/wp-json\/wp\/v2\/types\/product"}],"wp:featuredmedia":[{"embeddable":true,"href":"https:\/\/ecowise.lv\/ru\/wp-json\/wp\/v2\/media\/4930"}],"wp:attachment":[{"href":"https:\/\/ecowise.lv\/ru\/wp-json\/wp\/v2\/media?parent=1742"}],"wp:term":[{"taxonomy":"product_brand","embeddable":true,"href":"https:\/\/ecowise.lv\/ru\/wp-json\/wp\/v2\/product_brand?post=1742"},{"taxonomy":"product_cat","embeddable":true,"href":"https:\/\/ecowise.lv\/ru\/wp-json\/wp\/v2\/product_cat?post=1742"},{"taxonomy":"product_tag","embeddable":true,"href":"https:\/\/ecowise.lv\/ru\/wp-json\/wp\/v2\/product_tag?post=1742"}],"curies":[{"name":"wp","href":"https:\/\/api.w.org\/{rel}","templated":true}]}}