{"id":1654,"date":"2023-08-23T12:26:55","date_gmt":"2023-08-23T09:26:55","guid":{"rendered":"https:\/\/ecowise.lv\/?post_type=product&#038;p=1654"},"modified":"2024-02-14T11:25:58","modified_gmt":"2024-02-14T09:25:58","slug":"cdd-2","status":"publish","type":"product","link":"https:\/\/ecowise.lv\/ru\/product\/cdd-2\/","title":{"rendered":"CDD"},"content":{"rendered":"<div class=\"product-description\">\n<div class=\"product-description\">\n<h3>\u041a\u0440\u0443\u0433\u043b\u044b\u0439 \u043f\u043e\u0442\u043e\u043b\u043e\u0447\u043d\u044b\u0439 \u0434\u0438\u0444\u0444\u0443\u0437\u043e\u0440 \u043f\u043e\u0434\u0430\u0447\u0438 \u0432\u043e\u0437\u0434\u0443\u0445\u0430 - \u043f\u043b\u043e\u0441\u043a\u0430\u044f \u0432\u0435\u0440\u0445\u043d\u044f\u044f \u0447\u0430\u0441\u0442\u044c<\/h3>\n<ul>\n<li>Lietojams ar ALS k\u0101rbu<\/li>\n<li>\u041e\u0447\u0438\u0449\u0430\u0435\u043c\u044b\u0439<\/li>\n<li>\u0420\u0435\u0433\u0443\u043b\u0438\u0440\u0443\u0435\u043c\u044b\u0439 \u0441\u043b\u043e\u0442<\/li>\n<li>Perfor\u0113ta difuzora virsma = CDD<\/li>\n<li>Neperfor\u0113ta difuzora virsma = CDR<\/li>\n<li>\u0421\u0442\u0430\u043d\u0434\u0430\u0440\u0442\u043d\u044b\u0439 \u0446\u0432\u0435\u0442 \u0411\u0435\u043b\u044b\u0439 RAL 9003\n<ul>\n<li>5 \u0430\u043b\u044c\u0442\u0435\u0440\u043d\u0430\u0442\u0438\u0432\u043d\u044b\u0445 \u0441\u0442\u0430\u043d\u0434\u0430\u0440\u0442\u043d\u044b\u0445 \u0446\u0432\u0435\u0442\u043e\u0432<\/li>\n<li>\u0414\u0440\u0443\u0433\u0438\u0435 \u0446\u0432\u0435\u0442\u0430 \u043f\u043e \u0437\u0430\u043f\u0440\u043e\u0441\u0443<\/li>\n<\/ul>\n<\/li>\n<\/ul>\n<\/div>\n<\/div>\n<p>&nbsp;<\/p>\n<table style=\"height: 582px;\" width=\"1030\">\n<tbody>\n<tr>\n<td class=\"bold v-align-bottom h-align-center\" colspan=\"8\">\n<div class=\"gtx-body\"><strong>\u041f\u041e\u0422\u041e\u041a \u0412\u041e\u0417\u0414\u0423\u0425\u0410 \u2014 \u0417\u0412\u0423\u041a\u041e\u0412\u041e\u0415 \u0414\u0410\u0412\u041b\u0415\u041d\u0418\u0415 \u0412 \u041f\u041e\u041c\u0415\u0429\u0415\u041d\u0418\u0418 (Lp10A) *)<\/strong><\/div>\n<\/td>\n<\/tr>\n<tr>\n<td class=\"bold v-align-bottom\" colspan=\"2\" rowspan=\"2\"><strong>CDD<\/strong><br \/>\n<strong>\u0420\u0430\u0437\u043c\u0435\u0440<\/strong><\/td>\n<td class=\"bold v-align-middle h-align-center\" colspan=\"2\"><strong>25 dB(A)<\/strong><\/td>\n<td class=\"bold v-align-middle h-align-center\" colspan=\"2\"><strong>30 dB(A)<\/strong><\/td>\n<td class=\"bold v-align-middle h-align-center\" colspan=\"2\"><strong>35 dB(A)<\/strong><\/td>\n<\/tr>\n<tr>\n<td class=\"bold v-align-middle h-align-center\"><strong>\u043b\/\u0441<\/strong><\/td>\n<td class=\"bold v-align-middle h-align-center\"><strong>\u043c3\/\u0447<\/strong><\/td>\n<td class=\"bold v-align-middle h-align-center\"><strong>\u043b\/\u0441<\/strong><\/td>\n<td class=\"bold v-align-middle h-align-center\"><strong>\u043c3\/\u0447<\/strong><\/td>\n<td class=\"bold v-align-middle h-align-center\"><strong>\u043b\/\u0441<\/strong><\/td>\n<td class=\"bold v-align-middle h-align-center\"><strong>\u043c3\/\u0447<\/strong><\/td>\n<\/tr>\n<tr>\n<td class=\"v-align-bottom h-align-left\" colspan=\"2\">100<\/td>\n<td class=\"v-align-bottom h-align-left\">33<\/td>\n<td class=\"v-align-bottom h-align-left\">119<\/td>\n<td class=\"v-align-bottom h-align-left\">37<\/td>\n<td class=\"v-align-bottom h-align-left\">133<\/td>\n<td class=\"v-align-bottom h-align-left\">44<\/td>\n<td class=\"v-align-bottom h-align-left\">158<\/td>\n<\/tr>\n<tr>\n<td class=\"v-align-bottom h-align-left\" colspan=\"2\">125<\/td>\n<td class=\"v-align-bottom h-align-left\">44<\/td>\n<td class=\"v-align-bottom h-align-left\">158<\/td>\n<td class=\"v-align-bottom h-align-left\">49<\/td>\n<td class=\"v-align-bottom h-align-left\">176<\/td>\n<td class=\"v-align-bottom h-align-left\">56<\/td>\n<td class=\"v-align-bottom h-align-left\">202<\/td>\n<\/tr>\n<tr>\n<td class=\"v-align-bottom h-align-left\" colspan=\"2\">160<\/td>\n<td class=\"v-align-bottom h-align-left\">70<\/td>\n<td class=\"v-align-bottom h-align-left\">252<\/td>\n<td class=\"v-align-bottom h-align-left\">82<\/td>\n<td class=\"v-align-bottom h-align-left\">295<\/td>\n<td class=\"v-align-bottom h-align-left\">95<\/td>\n<td class=\"v-align-bottom h-align-left\">342<\/td>\n<\/tr>\n<tr>\n<td class=\"v-align-bottom h-align-left\" colspan=\"2\">200<\/td>\n<td class=\"v-align-bottom h-align-left\">95<\/td>\n<td class=\"v-align-bottom h-align-left\">342<\/td>\n<td class=\"v-align-bottom h-align-left\">110<\/td>\n<td class=\"v-align-bottom h-align-left\">396<\/td>\n<td class=\"v-align-bottom h-align-left\">120<\/td>\n<td class=\"v-align-bottom h-align-left\">432<\/td>\n<\/tr>\n<tr>\n<td class=\"v-align-bottom h-align-left\" colspan=\"2\">250<\/td>\n<td class=\"v-align-bottom h-align-left\">115<\/td>\n<td class=\"v-align-bottom h-align-left\">414<\/td>\n<td class=\"v-align-bottom h-align-left\">135<\/td>\n<td class=\"v-align-bottom h-align-left\">486<\/td>\n<td class=\"v-align-bottom h-align-left\">160<\/td>\n<td class=\"v-align-bottom h-align-left\">579<\/td>\n<\/tr>\n<tr>\n<td class=\"v-align-bottom h-align-left\" colspan=\"2\">315<\/td>\n<td class=\"v-align-bottom h-align-left\">150<\/td>\n<td class=\"v-align-bottom h-align-left\">540<\/td>\n<td class=\"v-align-bottom h-align-left\">180<\/td>\n<td class=\"v-align-bottom h-align-left\">648<\/td>\n<td class=\"v-align-bottom h-align-left\">210<\/td>\n<td class=\"v-align-bottom h-align-left\">759<\/td>\n<\/tr>\n<tr>\n<td class=\"v-align-bottom h-align-center\" colspan=\"8\"><\/td>\n<\/tr>\n<tr>\n<td class=\"bold v-align-bottom\" rowspan=\"2\"><strong>CDD<\/strong><br \/>\n<strong>\u0420\u0430\u0437\u043c\u0435\u0440<\/strong><\/td>\n<td class=\"bold v-align-bottom h-align-left\" rowspan=\"2\"><strong>ALS<\/strong><br \/>\n<strong>\u0420\u0430\u0437\u043c\u0435\u0440<\/strong><\/td>\n<td class=\"bold v-align-middle h-align-center\" colspan=\"2\"><strong>25 dB(A)<\/strong><\/td>\n<td class=\"bold v-align-middle h-align-center\" colspan=\"2\"><strong>30 dB(A)<\/strong><\/td>\n<td class=\"bold v-align-middle h-align-center\" colspan=\"2\"><strong>35 dB(A)<\/strong><\/td>\n<\/tr>\n<tr>\n<td class=\"bold v-align-middle h-align-center\"><strong>\u043b\/\u0441<\/strong><\/td>\n<td class=\"bold v-align-middle h-align-center\"><strong>\u043c3\/\u0447<\/strong><\/td>\n<td class=\"bold v-align-middle h-align-center\"><strong>\u043b\/\u0441<\/strong><\/td>\n<td class=\"bold v-align-middle h-align-center\"><strong>\u043c3\/\u0447<\/strong><\/td>\n<td class=\"bold v-align-middle h-align-center\"><strong>\u043b\/\u0441<\/strong><\/td>\n<td class=\"bold v-align-middle h-align-center\"><strong>\u043c3\/\u0447<\/strong><\/td>\n<\/tr>\n<tr>\n<td class=\"v-align-bottom h-align-left\">100<\/td>\n<td class=\"v-align-bottom h-align-left\">80-100<\/td>\n<td class=\"v-align-bottom h-align-left\">20<\/td>\n<td class=\"v-align-bottom h-align-left\">72<\/td>\n<td class=\"v-align-bottom h-align-left\">26<\/td>\n<td class=\"v-align-bottom h-align-left\">94<\/td>\n<td class=\"v-align-bottom h-align-left\">32<\/td>\n<td class=\"v-align-bottom h-align-left\">115<\/td>\n<\/tr>\n<tr>\n<td class=\"v-align-bottom h-align-left\">125<\/td>\n<td class=\"v-align-bottom h-align-left\">100-125<\/td>\n<td class=\"v-align-bottom h-align-left\">27<\/td>\n<td class=\"v-align-bottom h-align-left\">97<\/td>\n<td class=\"v-align-bottom h-align-left\">35<\/td>\n<td class=\"v-align-bottom h-align-left\">126<\/td>\n<td class=\"v-align-bottom h-align-left\">43<\/td>\n<td class=\"v-align-bottom h-align-left\">155<\/td>\n<\/tr>\n<tr>\n<td class=\"v-align-bottom h-align-left\">160<\/td>\n<td class=\"v-align-bottom h-align-left\">125-160<\/td>\n<td class=\"v-align-bottom h-align-left\">46<\/td>\n<td class=\"v-align-bottom h-align-left\">166<\/td>\n<td class=\"v-align-bottom h-align-left\">57<\/td>\n<td class=\"v-align-bottom h-align-left\">205<\/td>\n<td class=\"v-align-bottom h-align-left\">70<\/td>\n<td class=\"v-align-bottom h-align-left\">252<\/td>\n<\/tr>\n<tr>\n<td class=\"v-align-bottom h-align-left\">200<\/td>\n<td class=\"v-align-bottom h-align-left\">160-200<\/td>\n<td class=\"v-align-bottom h-align-left\">68<\/td>\n<td class=\"v-align-bottom h-align-left\">245<\/td>\n<td class=\"v-align-bottom h-align-left\">82<\/td>\n<td class=\"v-align-bottom h-align-left\">295<\/td>\n<td class=\"v-align-bottom h-align-left\">100<\/td>\n<td class=\"v-align-bottom h-align-left\">360<\/td>\n<\/tr>\n<tr>\n<td class=\"v-align-bottom h-align-left\">250<\/td>\n<td class=\"v-align-bottom h-align-left\">200-250<\/td>\n<td class=\"v-align-bottom h-align-left\">92<\/td>\n<td class=\"v-align-bottom h-align-left\">331<\/td>\n<td class=\"v-align-bottom h-align-left\">120<\/td>\n<td class=\"v-align-bottom h-align-left\">432<\/td>\n<td class=\"v-align-bottom h-align-left\">140<\/td>\n<td class=\"v-align-bottom h-align-left\">504<\/td>\n<\/tr>\n<tr>\n<td class=\"v-align-bottom h-align-left\">315<\/td>\n<td class=\"v-align-bottom h-align-left\">250-315<\/td>\n<td class=\"v-align-bottom h-align-left\">135<\/td>\n<td class=\"v-align-bottom h-align-left\">486<\/td>\n<td class=\"v-align-bottom h-align-left\">160<\/td>\n<td class=\"v-align-bottom h-align-left\">576<\/td>\n<td class=\"v-align-bottom h-align-left\">190<\/td>\n<td class=\"v-align-bottom h-align-left\">684<\/td>\n<\/tr>\n<tr>\n<td class=\"v-align-bottom h-align-left\" colspan=\"8\">&nbsp;<\/p>\n<div class=\"gtx-body\">Dati attiecas uz 360\u00b0 izkliedes modeli. Dati CDD kombin\u0101cij\u0101 ar ALS ekspluat\u0101cijas k\u0101rbu ir nor\u0101d\u012bti par kop\u0113jo spiediena kritumu 50 Pa.<\/div>\n<div class=\"gtx-body\">*) Lp10A = ska\u0146as spiediens t.sk. A-filtrs ar 4 dB telpas v\u0101jin\u0101jumu un 10 m\u00b2 telpas absorbcijas laukumu.<\/div>\n<\/td>\n<\/tr>\n<\/tbody>\n<\/table>","protected":false},"excerpt":{"rendered":"<h4>\u0414\u0438\u0444\u0444\u0443\u0437\u043e\u0440 \u0414\u043b\u044f \u041f\u043e\u0434\u0430\u0447\u0438 \u0412\u043e\u0437\u0434\u0443\u0445\u0430<\/h4>\n<h4>\u2205100-315, 13-190 \u043b\/\u0441<\/h4>","protected":false},"featured_media":6292,"template":"","meta":{"_acf_changed":false,"inline_featured_image":false,"_links_to":"","_links_to_target":""},"product_brand":[],"product_cat":[60],"product_tag":[],"class_list":{"0":"post-1654","1":"product","2":"type-product","3":"status-publish","4":"has-post-thumbnail","6":"product_cat-griestu-difuzori","8":"first","9":"instock","10":"featured","11":"shipping-taxable","12":"product-type-simple"},"acf":[],"yoast_head":"<!-- This site is optimized with the Yoast SEO plugin v27.0 - https:\/\/yoast.com\/product\/yoast-seo-wordpress\/ -->\n<title>CDD - Ecowise<\/title>\n<meta name=\"robots\" content=\"index, follow, max-snippet:-1, max-image-preview:large, max-video-preview:-1\" \/>\n<link rel=\"canonical\" href=\"https:\/\/ecowise.lv\/ru\/product\/cdd-2\/\" \/>\n<meta property=\"og:locale\" content=\"ru_RU\" \/>\n<meta property=\"og:type\" content=\"article\" \/>\n<meta property=\"og:title\" content=\"CDD - Ecowise\" \/>\n<meta property=\"og:description\" content=\"Piepl\u016bdes difuzors \u2205100-315, 13-190 l\/s\" \/>\n<meta property=\"og:url\" content=\"https:\/\/ecowise.lv\/ru\/product\/cdd-2\/\" \/>\n<meta property=\"og:site_name\" content=\"Ecowise\" \/>\n<meta property=\"article:modified_time\" content=\"2024-02-14T09:25:58+00:00\" \/>\n<meta property=\"og:image\" content=\"https:\/\/ecowise.lv\/wp-content\/uploads\/2023\/08\/CDD-2.png\" \/>\n\t<meta property=\"og:image:width\" content=\"600\" \/>\n\t<meta property=\"og:image:height\" content=\"450\" \/>\n\t<meta property=\"og:image:type\" content=\"image\/png\" \/>\n<meta name=\"twitter:card\" content=\"summary_large_image\" \/>\n<meta name=\"twitter:label1\" content=\"\u041f\u0440\u0438\u043c\u0435\u0440\u043d\u043e\u0435 \u0432\u0440\u0435\u043c\u044f \u0434\u043b\u044f \u0447\u0442\u0435\u043d\u0438\u044f\" \/>\n\t<meta name=\"twitter:data1\" content=\"2 \u043c\u0438\u043d\u0443\u0442\u044b\" \/>\n<script type=\"application\/ld+json\" class=\"yoast-schema-graph\">{\"@context\":\"https:\/\/schema.org\",\"@graph\":[{\"@type\":\"WebPage\",\"@id\":\"https:\/\/ecowise.lv\/product\/cdd-2\/\",\"url\":\"https:\/\/ecowise.lv\/product\/cdd-2\/\",\"name\":\"CDD - Ecowise\",\"isPartOf\":{\"@id\":\"https:\/\/ecowise.lv\/#website\"},\"primaryImageOfPage\":{\"@id\":\"https:\/\/ecowise.lv\/product\/cdd-2\/#primaryimage\"},\"image\":{\"@id\":\"https:\/\/ecowise.lv\/product\/cdd-2\/#primaryimage\"},\"thumbnailUrl\":\"https:\/\/ecowise.lv\/wp-content\/uploads\/2023\/08\/CDD-2.png\",\"datePublished\":\"2023-08-23T09:26:55+00:00\",\"dateModified\":\"2024-02-14T09:25:58+00:00\",\"breadcrumb\":{\"@id\":\"https:\/\/ecowise.lv\/product\/cdd-2\/#breadcrumb\"},\"inLanguage\":\"ru-RU\",\"potentialAction\":[{\"@type\":\"ReadAction\",\"target\":[\"https:\/\/ecowise.lv\/product\/cdd-2\/\"]}]},{\"@type\":\"ImageObject\",\"inLanguage\":\"ru-RU\",\"@id\":\"https:\/\/ecowise.lv\/product\/cdd-2\/#primaryimage\",\"url\":\"https:\/\/ecowise.lv\/wp-content\/uploads\/2023\/08\/CDD-2.png\",\"contentUrl\":\"https:\/\/ecowise.lv\/wp-content\/uploads\/2023\/08\/CDD-2.png\",\"width\":600,\"height\":450},{\"@type\":\"BreadcrumbList\",\"@id\":\"https:\/\/ecowise.lv\/product\/cdd-2\/#breadcrumb\",\"itemListElement\":[{\"@type\":\"ListItem\",\"position\":1,\"name\":\"Products\",\"item\":\"https:\/\/ecowise.lv\/shop\/\"},{\"@type\":\"ListItem\",\"position\":2,\"name\":\"CDD\"}]},{\"@type\":\"WebSite\",\"@id\":\"https:\/\/ecowise.lv\/#website\",\"url\":\"https:\/\/ecowise.lv\/\",\"name\":\"Ecowise\",\"description\":\"Ener\u0123ijas pat\u0113ri\u0146a samazin\u0101jums\",\"publisher\":{\"@id\":\"https:\/\/ecowise.lv\/#organization\"},\"potentialAction\":[{\"@type\":\"SearchAction\",\"target\":{\"@type\":\"EntryPoint\",\"urlTemplate\":\"https:\/\/ecowise.lv\/?s={search_term_string}\"},\"query-input\":{\"@type\":\"PropertyValueSpecification\",\"valueRequired\":true,\"valueName\":\"search_term_string\"}}],\"inLanguage\":\"ru-RU\"},{\"@type\":\"Organization\",\"@id\":\"https:\/\/ecowise.lv\/#organization\",\"name\":\"Ecowise\",\"url\":\"https:\/\/ecowise.lv\/\",\"logo\":{\"@type\":\"ImageObject\",\"inLanguage\":\"ru-RU\",\"@id\":\"https:\/\/ecowise.lv\/#\/schema\/logo\/image\/\",\"url\":\"https:\/\/ecowise.lv\/wp-content\/uploads\/2023\/03\/logo.svg\",\"contentUrl\":\"https:\/\/ecowise.lv\/wp-content\/uploads\/2023\/03\/logo.svg\",\"width\":207,\"height\":27,\"caption\":\"Ecowise\"},\"image\":{\"@id\":\"https:\/\/ecowise.lv\/#\/schema\/logo\/image\/\"}}]}<\/script>\n<!-- \/ Yoast SEO plugin. -->","yoast_head_json":{"title":"CDD - Ecowise","robots":{"index":"index","follow":"follow","max-snippet":"max-snippet:-1","max-image-preview":"max-image-preview:large","max-video-preview":"max-video-preview:-1"},"canonical":"https:\/\/ecowise.lv\/ru\/product\/cdd-2\/","og_locale":"ru_RU","og_type":"article","og_title":"CDD - Ecowise","og_description":"Piepl\u016bdes difuzors \u2205100-315, 13-190 l\/s","og_url":"https:\/\/ecowise.lv\/ru\/product\/cdd-2\/","og_site_name":"Ecowise","article_modified_time":"2024-02-14T09:25:58+00:00","og_image":[{"width":600,"height":450,"url":"https:\/\/ecowise.lv\/wp-content\/uploads\/2023\/08\/CDD-2.png","type":"image\/png"}],"twitter_card":"summary_large_image","twitter_misc":{"\u041f\u0440\u0438\u043c\u0435\u0440\u043d\u043e\u0435 \u0432\u0440\u0435\u043c\u044f \u0434\u043b\u044f \u0447\u0442\u0435\u043d\u0438\u044f":"2 \u043c\u0438\u043d\u0443\u0442\u044b"},"schema":{"@context":"https:\/\/schema.org","@graph":[{"@type":"WebPage","@id":"https:\/\/ecowise.lv\/product\/cdd-2\/","url":"https:\/\/ecowise.lv\/product\/cdd-2\/","name":"CDD - Ecowise","isPartOf":{"@id":"https:\/\/ecowise.lv\/#website"},"primaryImageOfPage":{"@id":"https:\/\/ecowise.lv\/product\/cdd-2\/#primaryimage"},"image":{"@id":"https:\/\/ecowise.lv\/product\/cdd-2\/#primaryimage"},"thumbnailUrl":"https:\/\/ecowise.lv\/wp-content\/uploads\/2023\/08\/CDD-2.png","datePublished":"2023-08-23T09:26:55+00:00","dateModified":"2024-02-14T09:25:58+00:00","breadcrumb":{"@id":"https:\/\/ecowise.lv\/product\/cdd-2\/#breadcrumb"},"inLanguage":"ru-RU","potentialAction":[{"@type":"ReadAction","target":["https:\/\/ecowise.lv\/product\/cdd-2\/"]}]},{"@type":"ImageObject","inLanguage":"ru-RU","@id":"https:\/\/ecowise.lv\/product\/cdd-2\/#primaryimage","url":"https:\/\/ecowise.lv\/wp-content\/uploads\/2023\/08\/CDD-2.png","contentUrl":"https:\/\/ecowise.lv\/wp-content\/uploads\/2023\/08\/CDD-2.png","width":600,"height":450},{"@type":"BreadcrumbList","@id":"https:\/\/ecowise.lv\/product\/cdd-2\/#breadcrumb","itemListElement":[{"@type":"ListItem","position":1,"name":"Products","item":"https:\/\/ecowise.lv\/shop\/"},{"@type":"ListItem","position":2,"name":"CDD"}]},{"@type":"WebSite","@id":"https:\/\/ecowise.lv\/#website","url":"https:\/\/ecowise.lv\/","name":"Ecowise","description":"Ener\u0123ijas pat\u0113ri\u0146a samazin\u0101jums","publisher":{"@id":"https:\/\/ecowise.lv\/#organization"},"potentialAction":[{"@type":"SearchAction","target":{"@type":"EntryPoint","urlTemplate":"https:\/\/ecowise.lv\/?s={search_term_string}"},"query-input":{"@type":"PropertyValueSpecification","valueRequired":true,"valueName":"search_term_string"}}],"inLanguage":"ru-RU"},{"@type":"Organization","@id":"https:\/\/ecowise.lv\/#organization","name":"Ecowise","url":"https:\/\/ecowise.lv\/","logo":{"@type":"ImageObject","inLanguage":"ru-RU","@id":"https:\/\/ecowise.lv\/#\/schema\/logo\/image\/","url":"https:\/\/ecowise.lv\/wp-content\/uploads\/2023\/03\/logo.svg","contentUrl":"https:\/\/ecowise.lv\/wp-content\/uploads\/2023\/03\/logo.svg","width":207,"height":27,"caption":"Ecowise"},"image":{"@id":"https:\/\/ecowise.lv\/#\/schema\/logo\/image\/"}}]}},"_links":{"self":[{"href":"https:\/\/ecowise.lv\/ru\/wp-json\/wp\/v2\/product\/1654","targetHints":{"allow":["GET"]}}],"collection":[{"href":"https:\/\/ecowise.lv\/ru\/wp-json\/wp\/v2\/product"}],"about":[{"href":"https:\/\/ecowise.lv\/ru\/wp-json\/wp\/v2\/types\/product"}],"wp:featuredmedia":[{"embeddable":true,"href":"https:\/\/ecowise.lv\/ru\/wp-json\/wp\/v2\/media\/6292"}],"wp:attachment":[{"href":"https:\/\/ecowise.lv\/ru\/wp-json\/wp\/v2\/media?parent=1654"}],"wp:term":[{"taxonomy":"product_brand","embeddable":true,"href":"https:\/\/ecowise.lv\/ru\/wp-json\/wp\/v2\/product_brand?post=1654"},{"taxonomy":"product_cat","embeddable":true,"href":"https:\/\/ecowise.lv\/ru\/wp-json\/wp\/v2\/product_cat?post=1654"},{"taxonomy":"product_tag","embeddable":true,"href":"https:\/\/ecowise.lv\/ru\/wp-json\/wp\/v2\/product_tag?post=1654"}],"curies":[{"name":"wp","href":"https:\/\/api.w.org\/{rel}","templated":true}]}}