{"id":1403,"date":"2023-04-05T16:39:32","date_gmt":"2023-04-05T13:39:32","guid":{"rendered":"https:\/\/ecowise.lv\/?post_type=product&#038;p=1403"},"modified":"2025-11-19T21:41:56","modified_gmt":"2025-11-19T19:41:56","slug":"r4-c-genius","status":"publish","type":"product","link":"https:\/\/ecowise.lv\/ru\/product\/r4-c-genius\/","title":{"rendered":"R4-C"},"content":{"rendered":"<div class=\"h-margin-bottom-3\">\n<h3 class=\"headline-5 h-text-color-green\">Ventil\u0101cijas iek\u0101rta ar rot\u0113jo\u0161u siltummaini, piem\u0113rota uzst\u0101d\u012b\u0161anai zem griestiem vai pie sienas, m\u0101jok\u013ciem l\u012bdz 170 m\u00b2 (20-92 l\/s | 72-331 m3\/h)<\/h3>\n<\/div>\n<div class=\"show-more\">\n<div class=\"show-more__content js-show-more-content\">\n<ul>\n<li>Vair\u0101kas uzst\u0101d\u012b\u0161anas iesp\u0113jas<\/li>\n<li>Var iegremd\u0113t griestos, izmantojot mont\u0101\u017eas r\u0101mi<\/li>\n<li>Durvju atv\u0113r\u0161anas virziens ir main\u0101ms<\/li>\n<li>Atsevi\u0161\u0137s kan\u0101ls gaisa izpl\u016bdei no virtuves tvaiku nos\u016bc\u0113ja<\/li>\n<li>Vad\u012bba no tvaiku nos\u016bc\u0113ja vai vad\u012bbas pane\u013ca un mobil\u0101s lietotnes<\/li>\n<li>Var piesl\u0113gt \u0113ku automatiz\u0101cijas sist\u0113m\u0101m (Modbus)<\/li>\n<li>Gaisa pl\u016bsmu kontrole p\u0113c piepras\u012bjuma (RH, CO2, VOC*)<\/li>\n<li>Bezpak\u0101pju piepl\u016bdes gaisa temperat\u016bras kontrole<\/li>\n<li>Autom\u0101tiska vasaras un ziemas funkcija<\/li>\n<li>Izstr\u0101d\u0101ta un p\u0101rbaud\u012bta darbam zieme\u013cu apst\u0101k\u013cos<\/li>\n<li>Pieejams pla\u0161s piederumu kl\u0101sts<\/li>\n<\/ul>\n<p>&nbsp;<\/p>\n<\/div>\n<\/div>\n<p><a href=\"https:\/\/casaemanual.com\/\" target=\"_blank\" rel=\"noopener\">E-manual<\/a><\/p>","protected":false},"excerpt":{"rendered":"<h4 class=\"headline-5 h-text-color-green\">Ventil\u0101cijas iek\u0101rta ar rot\u0113jo\u0161u siltummaini, m\u0101jok\u013ciem l\u012bdz 170 m\u00b2<\/h4>","protected":false},"featured_media":2873,"template":"","meta":{"_acf_changed":false,"inline_featured_image":false,"_links_to":"","_links_to_target":""},"product_brand":[],"product_cat":[37],"product_tag":[],"class_list":{"0":"post-1403","1":"product","2":"type-product","3":"status-publish","4":"has-post-thumbnail","6":"product_cat-ventilacijas-iekartas-2","8":"first","9":"instock","10":"featured","11":"shipping-taxable","12":"product-type-simple"},"acf":[],"yoast_head":"<!-- This site is optimized with the Yoast SEO plugin v27.0 - https:\/\/yoast.com\/product\/yoast-seo-wordpress\/ -->\n<title>R4-C Genius<\/title>\n<meta name=\"description\" content=\"Ventil\u0101cijas iek\u0101rta ar rot\u0101cijas siltummaini R4-C Genius\" \/>\n<meta name=\"robots\" content=\"index, follow, max-snippet:-1, max-image-preview:large, max-video-preview:-1\" \/>\n<link rel=\"canonical\" href=\"https:\/\/ecowise.lv\/ru\/product\/r4-c-genius\/\" \/>\n<meta property=\"og:locale\" content=\"ru_RU\" \/>\n<meta property=\"og:type\" content=\"article\" \/>\n<meta property=\"og:title\" content=\"R4-C Genius\" \/>\n<meta property=\"og:description\" content=\"Ventil\u0101cijas iek\u0101rta ar rot\u0101cijas siltummaini R4-C Genius\" \/>\n<meta property=\"og:url\" content=\"https:\/\/ecowise.lv\/ru\/product\/r4-c-genius\/\" \/>\n<meta property=\"og:site_name\" content=\"Ecowise\" \/>\n<meta property=\"article:modified_time\" content=\"2025-11-19T19:41:56+00:00\" \/>\n<meta property=\"og:image\" content=\"https:\/\/ecowise.lv\/wp-content\/uploads\/2023\/04\/CardImage-7.png\" \/>\n\t<meta property=\"og:image:width\" content=\"600\" \/>\n\t<meta property=\"og:image:height\" content=\"450\" \/>\n\t<meta property=\"og:image:type\" content=\"image\/png\" \/>\n<meta name=\"twitter:card\" content=\"summary_large_image\" \/>\n<meta name=\"twitter:label1\" content=\"\u041f\u0440\u0438\u043c\u0435\u0440\u043d\u043e\u0435 \u0432\u0440\u0435\u043c\u044f \u0434\u043b\u044f \u0447\u0442\u0435\u043d\u0438\u044f\" \/>\n\t<meta name=\"twitter:data1\" content=\"1 \u043c\u0438\u043d\u0443\u0442\u0430\" \/>\n<script type=\"application\/ld+json\" class=\"yoast-schema-graph\">{\"@context\":\"https:\/\/schema.org\",\"@graph\":[{\"@type\":\"WebPage\",\"@id\":\"https:\/\/ecowise.lv\/product\/r4-c-genius\/\",\"url\":\"https:\/\/ecowise.lv\/product\/r4-c-genius\/\",\"name\":\"R4-C Genius\",\"isPartOf\":{\"@id\":\"https:\/\/ecowise.lv\/#website\"},\"primaryImageOfPage\":{\"@id\":\"https:\/\/ecowise.lv\/product\/r4-c-genius\/#primaryimage\"},\"image\":{\"@id\":\"https:\/\/ecowise.lv\/product\/r4-c-genius\/#primaryimage\"},\"thumbnailUrl\":\"https:\/\/ecowise.lv\/wp-content\/uploads\/2023\/04\/CardImage-7.png\",\"datePublished\":\"2023-04-05T13:39:32+00:00\",\"dateModified\":\"2025-11-19T19:41:56+00:00\",\"description\":\"Ventil\u0101cijas iek\u0101rta ar rot\u0101cijas siltummaini R4-C Genius\",\"breadcrumb\":{\"@id\":\"https:\/\/ecowise.lv\/product\/r4-c-genius\/#breadcrumb\"},\"inLanguage\":\"ru-RU\",\"potentialAction\":[{\"@type\":\"ReadAction\",\"target\":[\"https:\/\/ecowise.lv\/product\/r4-c-genius\/\"]}]},{\"@type\":\"ImageObject\",\"inLanguage\":\"ru-RU\",\"@id\":\"https:\/\/ecowise.lv\/product\/r4-c-genius\/#primaryimage\",\"url\":\"https:\/\/ecowise.lv\/wp-content\/uploads\/2023\/04\/CardImage-7.png\",\"contentUrl\":\"https:\/\/ecowise.lv\/wp-content\/uploads\/2023\/04\/CardImage-7.png\",\"width\":600,\"height\":450},{\"@type\":\"BreadcrumbList\",\"@id\":\"https:\/\/ecowise.lv\/product\/r4-c-genius\/#breadcrumb\",\"itemListElement\":[{\"@type\":\"ListItem\",\"position\":1,\"name\":\"Products\",\"item\":\"https:\/\/ecowise.lv\/shop\/\"},{\"@type\":\"ListItem\",\"position\":2,\"name\":\"R4-C\"}]},{\"@type\":\"WebSite\",\"@id\":\"https:\/\/ecowise.lv\/#website\",\"url\":\"https:\/\/ecowise.lv\/\",\"name\":\"Ecowise\",\"description\":\"Ener\u0123ijas pat\u0113ri\u0146a samazin\u0101jums\",\"publisher\":{\"@id\":\"https:\/\/ecowise.lv\/#organization\"},\"potentialAction\":[{\"@type\":\"SearchAction\",\"target\":{\"@type\":\"EntryPoint\",\"urlTemplate\":\"https:\/\/ecowise.lv\/?s={search_term_string}\"},\"query-input\":{\"@type\":\"PropertyValueSpecification\",\"valueRequired\":true,\"valueName\":\"search_term_string\"}}],\"inLanguage\":\"ru-RU\"},{\"@type\":\"Organization\",\"@id\":\"https:\/\/ecowise.lv\/#organization\",\"name\":\"Ecowise\",\"url\":\"https:\/\/ecowise.lv\/\",\"logo\":{\"@type\":\"ImageObject\",\"inLanguage\":\"ru-RU\",\"@id\":\"https:\/\/ecowise.lv\/#\/schema\/logo\/image\/\",\"url\":\"https:\/\/ecowise.lv\/wp-content\/uploads\/2023\/03\/logo.svg\",\"contentUrl\":\"https:\/\/ecowise.lv\/wp-content\/uploads\/2023\/03\/logo.svg\",\"width\":207,\"height\":27,\"caption\":\"Ecowise\"},\"image\":{\"@id\":\"https:\/\/ecowise.lv\/#\/schema\/logo\/image\/\"}}]}<\/script>\n<!-- \/ Yoast SEO plugin. -->","yoast_head_json":{"title":"R4-C Genius","description":"Ventil\u0101cijas iek\u0101rta ar rot\u0101cijas siltummaini R4-C Genius","robots":{"index":"index","follow":"follow","max-snippet":"max-snippet:-1","max-image-preview":"max-image-preview:large","max-video-preview":"max-video-preview:-1"},"canonical":"https:\/\/ecowise.lv\/ru\/product\/r4-c-genius\/","og_locale":"ru_RU","og_type":"article","og_title":"R4-C Genius","og_description":"Ventil\u0101cijas iek\u0101rta ar rot\u0101cijas siltummaini R4-C Genius","og_url":"https:\/\/ecowise.lv\/ru\/product\/r4-c-genius\/","og_site_name":"Ecowise","article_modified_time":"2025-11-19T19:41:56+00:00","og_image":[{"width":600,"height":450,"url":"https:\/\/ecowise.lv\/wp-content\/uploads\/2023\/04\/CardImage-7.png","type":"image\/png"}],"twitter_card":"summary_large_image","twitter_misc":{"\u041f\u0440\u0438\u043c\u0435\u0440\u043d\u043e\u0435 \u0432\u0440\u0435\u043c\u044f \u0434\u043b\u044f \u0447\u0442\u0435\u043d\u0438\u044f":"1 \u043c\u0438\u043d\u0443\u0442\u0430"},"schema":{"@context":"https:\/\/schema.org","@graph":[{"@type":"WebPage","@id":"https:\/\/ecowise.lv\/product\/r4-c-genius\/","url":"https:\/\/ecowise.lv\/product\/r4-c-genius\/","name":"R4-C Genius","isPartOf":{"@id":"https:\/\/ecowise.lv\/#website"},"primaryImageOfPage":{"@id":"https:\/\/ecowise.lv\/product\/r4-c-genius\/#primaryimage"},"image":{"@id":"https:\/\/ecowise.lv\/product\/r4-c-genius\/#primaryimage"},"thumbnailUrl":"https:\/\/ecowise.lv\/wp-content\/uploads\/2023\/04\/CardImage-7.png","datePublished":"2023-04-05T13:39:32+00:00","dateModified":"2025-11-19T19:41:56+00:00","description":"Ventil\u0101cijas iek\u0101rta ar rot\u0101cijas siltummaini R4-C Genius","breadcrumb":{"@id":"https:\/\/ecowise.lv\/product\/r4-c-genius\/#breadcrumb"},"inLanguage":"ru-RU","potentialAction":[{"@type":"ReadAction","target":["https:\/\/ecowise.lv\/product\/r4-c-genius\/"]}]},{"@type":"ImageObject","inLanguage":"ru-RU","@id":"https:\/\/ecowise.lv\/product\/r4-c-genius\/#primaryimage","url":"https:\/\/ecowise.lv\/wp-content\/uploads\/2023\/04\/CardImage-7.png","contentUrl":"https:\/\/ecowise.lv\/wp-content\/uploads\/2023\/04\/CardImage-7.png","width":600,"height":450},{"@type":"BreadcrumbList","@id":"https:\/\/ecowise.lv\/product\/r4-c-genius\/#breadcrumb","itemListElement":[{"@type":"ListItem","position":1,"name":"Products","item":"https:\/\/ecowise.lv\/shop\/"},{"@type":"ListItem","position":2,"name":"R4-C"}]},{"@type":"WebSite","@id":"https:\/\/ecowise.lv\/#website","url":"https:\/\/ecowise.lv\/","name":"Ecowise","description":"Ener\u0123ijas pat\u0113ri\u0146a samazin\u0101jums","publisher":{"@id":"https:\/\/ecowise.lv\/#organization"},"potentialAction":[{"@type":"SearchAction","target":{"@type":"EntryPoint","urlTemplate":"https:\/\/ecowise.lv\/?s={search_term_string}"},"query-input":{"@type":"PropertyValueSpecification","valueRequired":true,"valueName":"search_term_string"}}],"inLanguage":"ru-RU"},{"@type":"Organization","@id":"https:\/\/ecowise.lv\/#organization","name":"Ecowise","url":"https:\/\/ecowise.lv\/","logo":{"@type":"ImageObject","inLanguage":"ru-RU","@id":"https:\/\/ecowise.lv\/#\/schema\/logo\/image\/","url":"https:\/\/ecowise.lv\/wp-content\/uploads\/2023\/03\/logo.svg","contentUrl":"https:\/\/ecowise.lv\/wp-content\/uploads\/2023\/03\/logo.svg","width":207,"height":27,"caption":"Ecowise"},"image":{"@id":"https:\/\/ecowise.lv\/#\/schema\/logo\/image\/"}}]}},"_links":{"self":[{"href":"https:\/\/ecowise.lv\/ru\/wp-json\/wp\/v2\/product\/1403","targetHints":{"allow":["GET"]}}],"collection":[{"href":"https:\/\/ecowise.lv\/ru\/wp-json\/wp\/v2\/product"}],"about":[{"href":"https:\/\/ecowise.lv\/ru\/wp-json\/wp\/v2\/types\/product"}],"wp:featuredmedia":[{"embeddable":true,"href":"https:\/\/ecowise.lv\/ru\/wp-json\/wp\/v2\/media\/2873"}],"wp:attachment":[{"href":"https:\/\/ecowise.lv\/ru\/wp-json\/wp\/v2\/media?parent=1403"}],"wp:term":[{"taxonomy":"product_brand","embeddable":true,"href":"https:\/\/ecowise.lv\/ru\/wp-json\/wp\/v2\/product_brand?post=1403"},{"taxonomy":"product_cat","embeddable":true,"href":"https:\/\/ecowise.lv\/ru\/wp-json\/wp\/v2\/product_cat?post=1403"},{"taxonomy":"product_tag","embeddable":true,"href":"https:\/\/ecowise.lv\/ru\/wp-json\/wp\/v2\/product_tag?post=1403"}],"curies":[{"name":"wp","href":"https:\/\/api.w.org\/{rel}","templated":true}]}}