{"id":1401,"date":"2023-04-05T16:39:32","date_gmt":"2023-04-05T13:39:32","guid":{"rendered":"https:\/\/ecowise.lv\/?post_type=product&#038;p=1401"},"modified":"2025-11-20T19:29:45","modified_gmt":"2025-11-20T17:29:45","slug":"casa-w3-genius-ventilacijas-iekarta-rekuperators","status":"publish","type":"product","link":"https:\/\/ecowise.lv\/ru\/product\/casa-w3-genius-ventilacijas-iekarta-rekuperators\/","title":{"rendered":"CASA W3"},"content":{"rendered":"<div class=\"h-margin-bottom-3\">\n<h3 class=\"headline-5 h-text-color-green\">Ventil\u0101cijas iek\u0101rta ar pl\u0101k\u0161\u0146u rekuperatoru, m\u0101jok\u013ciem l\u012bdz 150 m\u00b2 (10-80 l\/s | 36-288 m3\/h)<\/h3>\n<\/div>\n<div class=\"show-more show-more--active\">\n<div class=\"show-more__content js-show-more-content\">\n<ul>\n<li>Zema modu\u013cu izm\u0113ra ventil\u0101cijas iek\u0101rta<\/li>\n<li>Piem\u0113rota uzst\u0101d\u012b\u0161anai virs ve\u013casma\u0161\u012bnas un ve\u013cas \u017e\u0101v\u0113t\u0101ja<\/li>\n<li>Griestu stiprin\u0101juma r\u0101mis pieejams k\u0101 piederums<\/li>\n<li>Atsevi\u0161\u0137s kan\u0101ls gaisa izpl\u016bdei no virtuves tvaiku nos\u016bc\u0113ja<\/li>\n<li>Vad\u012bba no tvaiku nos\u016bc\u0113ja vai vad\u012bbas pane\u013ca un mobil\u0101s lietotnes<\/li>\n<li>Savienojuma k\u0101rba piesl\u0113g\u0161anai \u0113ku automatiz\u0101cijas sist\u0113m\u0101m (Modbus) standarta apr\u012bkojum\u0101<\/li>\n<li>Gaisa pl\u016bsmu kontrole p\u0113c piepras\u012bjuma (RH, CO2, VOC)<\/li>\n<li>Bezpak\u0101pju piepl\u016bdes gaisa temperat\u016bras kontrole<\/li>\n<li>Autom\u0101tiska vasaras un ziemas funkcija<\/li>\n<li>Izstr\u0101d\u0101ta un p\u0101rbaud\u012bta darbam zieme\u013cu apst\u0101k\u013cos<\/li>\n<li>Pieejams pla\u0161s piederumu kl\u0101sts<\/li>\n<\/ul>\n<p>Swegon CASA W3 xs Genius gaisa apstr\u0101des iek\u0101rta ar pretpl\u016bsmas siltummaini (597 x 599 x 446 mm, \u00d8 125 mm), piem\u0113rota uzst\u0101d\u012b\u0161anai m\u0101j\u0101m ar dz\u012bvojamo plat\u012bbu l\u012bdz 150 m\u00b2. Iek\u0101rtas trok\u0161\u0146u l\u012bmenis ir zems. Inteli\u0123ent\u0101 p\u0113c piepras\u012bjuma vad\u012bt\u0101 mitruma funkcija ir standarta apr\u012bkojum\u0101.<\/p>\n<p>Iek\u0101rta tiek nep\u0101rtraukti kontrol\u0113ta ar autom\u0101tiskaj\u0101m funkcij\u0101m, lai garant\u0113tu lab\u0101ko iek\u0161telpu gaisa kvalit\u0101ti. Lietot\u0101js var izv\u0113l\u0113ties piecus darb\u012bbas re\u017e\u012bmus \u2014 m\u0101jas, promb\u016btnes, palielin\u0101ta gaisa pl\u016bsma, ce\u013cojums un m\u0101jas+\u00a0 \u2014 izmantojot vad\u012bbas paneli, virtuves nos\u016bc\u0113ju vai Swegon CASA lietotni. Darb\u012bbas re\u017e\u012bmi var tikt automatiz\u0113ti ar ier\u012bces ned\u0113\u013cas programm\u0101m.<\/p>\n<p>Gaisa temperat\u016bra tiek kontrol\u0113ta ar siltummai\u0146a (rekuperatora) pal\u012bdz\u012bbu, un, ja nepiecie\u0161ams, ar papildu sild\u012b\u0161anas vai dzes\u0113\u0161anas elementu. Ier\u012bcei ir autom\u0101tiska vasaras laika noteik\u0161ana. Funkcija nosaka zem\u0101ku piepl\u016bdes gaisa temperat\u016bras v\u0113rt\u012bbu un palielina ventil\u0101ciju, lai vasaras nakt\u012bs nodro\u0161in\u0101tu vair\u0101k svaiga un v\u0113s\u0101ka \u0101r\u0113j\u0101 gaisa dz\u012bvokl\u012b.<\/p>\n<\/div>\n<h4>Pieejamie varianti<\/h4>\n<p>Standarta iek\u0101rtas ir pieejamas \u0161\u0101dos variantos:<\/p>\n<p>\u2022 Iek\u0101rta ar RH (mitruma) sensoru, piesl\u0113guma jauda 1240 W L (izpl\u016bdes gaiss pa kreisi) \/ R (izpl\u016bdes gaiss pa labi)<\/p>\n<p>\u2022 Iek\u0101rta ar RH (mitruma) un CO2 sensoru, piesl\u0113guma jauda 1240 W L (izpl\u016bdes gaiss pa kreisi) \/ R (izpl\u016bdes gaiss pa labi)<\/p>\n<p>\u2022 Iek\u0101rta ar RH (mitruma) un VOC sensoru, piesl\u0113guma jauda 1240 W L (izpl\u016bdes gaiss pa kreisi) \/ R (izpl\u016bdes gaiss pa labi)<\/p>\n<\/div>\n<p>&nbsp;<\/p>\n<p>Filtri pieejami \u0161eit <a href=\"https:\/\/ecowise.lv\/ru\/product\/w3-w4-filtri\/\">W3\/W4 \u0444\u0438\u043b\u044c\u0442\u0440\u044b<\/a><\/p>\n<p><a href=\"https:\/\/casaemanual.com\/\" target=\"_blank\" rel=\"noopener\">E-manual<\/a><\/p>","protected":false},"excerpt":{"rendered":"<h4 class=\"headline-5 h-text-color-green\">\u0412\u0435\u043d\u0442\u0438\u043b\u044f\u0446\u0438\u043e\u043d\u043d\u0430\u044f \u0423\u0441\u0442\u0430\u043d\u043e\u0432\u043a\u0430 \u0441 \u041f\u043b\u0430\u0441\u0442\u0438\u043d\u0447\u0430\u0442\u044b\u043c \u0422\u0435\u043f\u043b\u043e\u043e\u0431\u043c\u0435\u043d\u043d\u0438\u043a\u043e\u043c<\/h4>","protected":false},"featured_media":7155,"template":"","meta":{"_acf_changed":false,"inline_featured_image":false,"_links_to":"","_links_to_target":""},"product_brand":[],"product_cat":[37],"product_tag":[],"class_list":{"0":"post-1401","1":"product","2":"type-product","3":"status-publish","4":"has-post-thumbnail","6":"product_cat-ventilacijas-iekartas-2","8":"first","9":"instock","10":"featured","11":"shipping-taxable","12":"product-type-simple"},"acf":[],"yoast_head":"<!-- This site is optimized with the Yoast SEO plugin v27.0 - https:\/\/yoast.com\/product\/yoast-seo-wordpress\/ -->\n<title>W3 Ventil\u0101cijas iek\u0101rta rekuperators m\u0101jai vai dz\u012bvoklim l\u012bdz 150 m\u00b2<\/title>\n<meta name=\"description\" content=\"Ventil\u0101cijas iek\u0101rta CASA W3 Genius ar pl\u0101k\u0161\u0146u jeb pretpl\u016bsmas rekuperatoru, paredz\u0113ta neliel\u0101m priv\u0101tm\u0101j\u0101m vai dz\u012bvok\u013ciem l\u012bdz 150m2.\" \/>\n<meta name=\"robots\" content=\"index, follow, max-snippet:-1, max-image-preview:large, max-video-preview:-1\" \/>\n<link rel=\"canonical\" href=\"https:\/\/ecowise.lv\/ru\/product\/casa-w3-genius-ventilacijas-iekarta-rekuperators\/\" \/>\n<meta property=\"og:locale\" content=\"ru_RU\" \/>\n<meta property=\"og:type\" content=\"article\" \/>\n<meta property=\"og:title\" content=\"W3 Ventil\u0101cijas iek\u0101rta rekuperators m\u0101jai vai dz\u012bvoklim l\u012bdz 150 m\u00b2\" \/>\n<meta property=\"og:description\" content=\"Ventil\u0101cijas iek\u0101rta CASA W3 Genius ar pl\u0101k\u0161\u0146u jeb pretpl\u016bsmas rekuperatoru, paredz\u0113ta neliel\u0101m priv\u0101tm\u0101j\u0101m vai dz\u012bvok\u013ciem l\u012bdz 150m2.\" \/>\n<meta property=\"og:url\" content=\"https:\/\/ecowise.lv\/ru\/product\/casa-w3-genius-ventilacijas-iekarta-rekuperators\/\" \/>\n<meta property=\"og:site_name\" content=\"Ecowise\" \/>\n<meta property=\"article:modified_time\" content=\"2025-11-20T17:29:45+00:00\" \/>\n<meta property=\"og:image\" content=\"https:\/\/ecowise.lv\/wp-content\/uploads\/2023\/04\/CASA_W3_W4_ProductImage_Main.webp\" \/>\n\t<meta property=\"og:image:width\" content=\"1200\" \/>\n\t<meta property=\"og:image:height\" content=\"900\" \/>\n\t<meta property=\"og:image:type\" content=\"image\/webp\" \/>\n<meta name=\"twitter:card\" content=\"summary_large_image\" \/>\n<meta name=\"twitter:label1\" content=\"\u041f\u0440\u0438\u043c\u0435\u0440\u043d\u043e\u0435 \u0432\u0440\u0435\u043c\u044f \u0434\u043b\u044f \u0447\u0442\u0435\u043d\u0438\u044f\" \/>\n\t<meta name=\"twitter:data1\" content=\"2 \u043c\u0438\u043d\u0443\u0442\u044b\" \/>\n<script type=\"application\/ld+json\" class=\"yoast-schema-graph\">{\"@context\":\"https:\/\/schema.org\",\"@graph\":[{\"@type\":\"WebPage\",\"@id\":\"https:\/\/ecowise.lv\/product\/casa-w3-genius-ventilacijas-iekarta-rekuperators\/\",\"url\":\"https:\/\/ecowise.lv\/product\/casa-w3-genius-ventilacijas-iekarta-rekuperators\/\",\"name\":\"W3 Ventil\u0101cijas iek\u0101rta rekuperators m\u0101jai vai dz\u012bvoklim l\u012bdz 150 m\u00b2\",\"isPartOf\":{\"@id\":\"https:\/\/ecowise.lv\/#website\"},\"primaryImageOfPage\":{\"@id\":\"https:\/\/ecowise.lv\/product\/casa-w3-genius-ventilacijas-iekarta-rekuperators\/#primaryimage\"},\"image\":{\"@id\":\"https:\/\/ecowise.lv\/product\/casa-w3-genius-ventilacijas-iekarta-rekuperators\/#primaryimage\"},\"thumbnailUrl\":\"https:\/\/ecowise.lv\/wp-content\/uploads\/2023\/04\/CASA_W3_W4_ProductImage_Main.webp\",\"datePublished\":\"2023-04-05T13:39:32+00:00\",\"dateModified\":\"2025-11-20T17:29:45+00:00\",\"description\":\"Ventil\u0101cijas iek\u0101rta CASA W3 Genius ar pl\u0101k\u0161\u0146u jeb pretpl\u016bsmas rekuperatoru, paredz\u0113ta neliel\u0101m priv\u0101tm\u0101j\u0101m vai dz\u012bvok\u013ciem l\u012bdz 150m2.\",\"breadcrumb\":{\"@id\":\"https:\/\/ecowise.lv\/product\/casa-w3-genius-ventilacijas-iekarta-rekuperators\/#breadcrumb\"},\"inLanguage\":\"ru-RU\",\"potentialAction\":[{\"@type\":\"ReadAction\",\"target\":[\"https:\/\/ecowise.lv\/product\/casa-w3-genius-ventilacijas-iekarta-rekuperators\/\"]}]},{\"@type\":\"ImageObject\",\"inLanguage\":\"ru-RU\",\"@id\":\"https:\/\/ecowise.lv\/product\/casa-w3-genius-ventilacijas-iekarta-rekuperators\/#primaryimage\",\"url\":\"https:\/\/ecowise.lv\/wp-content\/uploads\/2023\/04\/CASA_W3_W4_ProductImage_Main.webp\",\"contentUrl\":\"https:\/\/ecowise.lv\/wp-content\/uploads\/2023\/04\/CASA_W3_W4_ProductImage_Main.webp\",\"width\":1200,\"height\":900},{\"@type\":\"BreadcrumbList\",\"@id\":\"https:\/\/ecowise.lv\/product\/casa-w3-genius-ventilacijas-iekarta-rekuperators\/#breadcrumb\",\"itemListElement\":[{\"@type\":\"ListItem\",\"position\":1,\"name\":\"Products\",\"item\":\"https:\/\/ecowise.lv\/shop\/\"},{\"@type\":\"ListItem\",\"position\":2,\"name\":\"CASA W3\"}]},{\"@type\":\"WebSite\",\"@id\":\"https:\/\/ecowise.lv\/#website\",\"url\":\"https:\/\/ecowise.lv\/\",\"name\":\"Ecowise\",\"description\":\"Ener\u0123ijas pat\u0113ri\u0146a samazin\u0101jums\",\"publisher\":{\"@id\":\"https:\/\/ecowise.lv\/#organization\"},\"potentialAction\":[{\"@type\":\"SearchAction\",\"target\":{\"@type\":\"EntryPoint\",\"urlTemplate\":\"https:\/\/ecowise.lv\/?s={search_term_string}\"},\"query-input\":{\"@type\":\"PropertyValueSpecification\",\"valueRequired\":true,\"valueName\":\"search_term_string\"}}],\"inLanguage\":\"ru-RU\"},{\"@type\":\"Organization\",\"@id\":\"https:\/\/ecowise.lv\/#organization\",\"name\":\"Ecowise\",\"url\":\"https:\/\/ecowise.lv\/\",\"logo\":{\"@type\":\"ImageObject\",\"inLanguage\":\"ru-RU\",\"@id\":\"https:\/\/ecowise.lv\/#\/schema\/logo\/image\/\",\"url\":\"https:\/\/ecowise.lv\/wp-content\/uploads\/2023\/03\/logo.svg\",\"contentUrl\":\"https:\/\/ecowise.lv\/wp-content\/uploads\/2023\/03\/logo.svg\",\"width\":207,\"height\":27,\"caption\":\"Ecowise\"},\"image\":{\"@id\":\"https:\/\/ecowise.lv\/#\/schema\/logo\/image\/\"}}]}<\/script>\n<!-- \/ Yoast SEO plugin. -->","yoast_head_json":{"title":"W3 Ventil\u0101cijas iek\u0101rta rekuperators m\u0101jai vai dz\u012bvoklim l\u012bdz 150 m\u00b2","description":"Ventil\u0101cijas iek\u0101rta CASA W3 Genius ar pl\u0101k\u0161\u0146u jeb pretpl\u016bsmas rekuperatoru, paredz\u0113ta neliel\u0101m priv\u0101tm\u0101j\u0101m vai dz\u012bvok\u013ciem l\u012bdz 150m2.","robots":{"index":"index","follow":"follow","max-snippet":"max-snippet:-1","max-image-preview":"max-image-preview:large","max-video-preview":"max-video-preview:-1"},"canonical":"https:\/\/ecowise.lv\/ru\/product\/casa-w3-genius-ventilacijas-iekarta-rekuperators\/","og_locale":"ru_RU","og_type":"article","og_title":"W3 Ventil\u0101cijas iek\u0101rta rekuperators m\u0101jai vai dz\u012bvoklim l\u012bdz 150 m\u00b2","og_description":"Ventil\u0101cijas iek\u0101rta CASA W3 Genius ar pl\u0101k\u0161\u0146u jeb pretpl\u016bsmas rekuperatoru, paredz\u0113ta neliel\u0101m priv\u0101tm\u0101j\u0101m vai dz\u012bvok\u013ciem l\u012bdz 150m2.","og_url":"https:\/\/ecowise.lv\/ru\/product\/casa-w3-genius-ventilacijas-iekarta-rekuperators\/","og_site_name":"Ecowise","article_modified_time":"2025-11-20T17:29:45+00:00","og_image":[{"width":1200,"height":900,"url":"https:\/\/ecowise.lv\/wp-content\/uploads\/2023\/04\/CASA_W3_W4_ProductImage_Main.webp","type":"image\/webp"}],"twitter_card":"summary_large_image","twitter_misc":{"\u041f\u0440\u0438\u043c\u0435\u0440\u043d\u043e\u0435 \u0432\u0440\u0435\u043c\u044f \u0434\u043b\u044f \u0447\u0442\u0435\u043d\u0438\u044f":"2 \u043c\u0438\u043d\u0443\u0442\u044b"},"schema":{"@context":"https:\/\/schema.org","@graph":[{"@type":"WebPage","@id":"https:\/\/ecowise.lv\/product\/casa-w3-genius-ventilacijas-iekarta-rekuperators\/","url":"https:\/\/ecowise.lv\/product\/casa-w3-genius-ventilacijas-iekarta-rekuperators\/","name":"W3 Ventil\u0101cijas iek\u0101rta rekuperators m\u0101jai vai dz\u012bvoklim l\u012bdz 150 m\u00b2","isPartOf":{"@id":"https:\/\/ecowise.lv\/#website"},"primaryImageOfPage":{"@id":"https:\/\/ecowise.lv\/product\/casa-w3-genius-ventilacijas-iekarta-rekuperators\/#primaryimage"},"image":{"@id":"https:\/\/ecowise.lv\/product\/casa-w3-genius-ventilacijas-iekarta-rekuperators\/#primaryimage"},"thumbnailUrl":"https:\/\/ecowise.lv\/wp-content\/uploads\/2023\/04\/CASA_W3_W4_ProductImage_Main.webp","datePublished":"2023-04-05T13:39:32+00:00","dateModified":"2025-11-20T17:29:45+00:00","description":"Ventil\u0101cijas iek\u0101rta CASA W3 Genius ar pl\u0101k\u0161\u0146u jeb pretpl\u016bsmas rekuperatoru, paredz\u0113ta neliel\u0101m priv\u0101tm\u0101j\u0101m vai dz\u012bvok\u013ciem l\u012bdz 150m2.","breadcrumb":{"@id":"https:\/\/ecowise.lv\/product\/casa-w3-genius-ventilacijas-iekarta-rekuperators\/#breadcrumb"},"inLanguage":"ru-RU","potentialAction":[{"@type":"ReadAction","target":["https:\/\/ecowise.lv\/product\/casa-w3-genius-ventilacijas-iekarta-rekuperators\/"]}]},{"@type":"ImageObject","inLanguage":"ru-RU","@id":"https:\/\/ecowise.lv\/product\/casa-w3-genius-ventilacijas-iekarta-rekuperators\/#primaryimage","url":"https:\/\/ecowise.lv\/wp-content\/uploads\/2023\/04\/CASA_W3_W4_ProductImage_Main.webp","contentUrl":"https:\/\/ecowise.lv\/wp-content\/uploads\/2023\/04\/CASA_W3_W4_ProductImage_Main.webp","width":1200,"height":900},{"@type":"BreadcrumbList","@id":"https:\/\/ecowise.lv\/product\/casa-w3-genius-ventilacijas-iekarta-rekuperators\/#breadcrumb","itemListElement":[{"@type":"ListItem","position":1,"name":"Products","item":"https:\/\/ecowise.lv\/shop\/"},{"@type":"ListItem","position":2,"name":"CASA W3"}]},{"@type":"WebSite","@id":"https:\/\/ecowise.lv\/#website","url":"https:\/\/ecowise.lv\/","name":"Ecowise","description":"Ener\u0123ijas pat\u0113ri\u0146a samazin\u0101jums","publisher":{"@id":"https:\/\/ecowise.lv\/#organization"},"potentialAction":[{"@type":"SearchAction","target":{"@type":"EntryPoint","urlTemplate":"https:\/\/ecowise.lv\/?s={search_term_string}"},"query-input":{"@type":"PropertyValueSpecification","valueRequired":true,"valueName":"search_term_string"}}],"inLanguage":"ru-RU"},{"@type":"Organization","@id":"https:\/\/ecowise.lv\/#organization","name":"Ecowise","url":"https:\/\/ecowise.lv\/","logo":{"@type":"ImageObject","inLanguage":"ru-RU","@id":"https:\/\/ecowise.lv\/#\/schema\/logo\/image\/","url":"https:\/\/ecowise.lv\/wp-content\/uploads\/2023\/03\/logo.svg","contentUrl":"https:\/\/ecowise.lv\/wp-content\/uploads\/2023\/03\/logo.svg","width":207,"height":27,"caption":"Ecowise"},"image":{"@id":"https:\/\/ecowise.lv\/#\/schema\/logo\/image\/"}}]}},"_links":{"self":[{"href":"https:\/\/ecowise.lv\/ru\/wp-json\/wp\/v2\/product\/1401","targetHints":{"allow":["GET"]}}],"collection":[{"href":"https:\/\/ecowise.lv\/ru\/wp-json\/wp\/v2\/product"}],"about":[{"href":"https:\/\/ecowise.lv\/ru\/wp-json\/wp\/v2\/types\/product"}],"wp:featuredmedia":[{"embeddable":true,"href":"https:\/\/ecowise.lv\/ru\/wp-json\/wp\/v2\/media\/7155"}],"wp:attachment":[{"href":"https:\/\/ecowise.lv\/ru\/wp-json\/wp\/v2\/media?parent=1401"}],"wp:term":[{"taxonomy":"product_brand","embeddable":true,"href":"https:\/\/ecowise.lv\/ru\/wp-json\/wp\/v2\/product_brand?post=1401"},{"taxonomy":"product_cat","embeddable":true,"href":"https:\/\/ecowise.lv\/ru\/wp-json\/wp\/v2\/product_cat?post=1401"},{"taxonomy":"product_tag","embeddable":true,"href":"https:\/\/ecowise.lv\/ru\/wp-json\/wp\/v2\/product_tag?post=1401"}],"curies":[{"name":"wp","href":"https:\/\/api.w.org\/{rel}","templated":true}]}}