{"id":1388,"date":"2023-04-05T16:39:27","date_gmt":"2023-04-05T13:39:27","guid":{"rendered":"https:\/\/ecowise.lv\/?post_type=product&#038;p=1388"},"modified":"2023-11-06T12:50:16","modified_gmt":"2023-11-06T10:50:16","slug":"siri","status":"publish","type":"product","link":"https:\/\/ecowise.lv\/ru\/product\/siri\/","title":{"rendered":"SIRI"},"content":{"rendered":"<h3>\u0418\u0437\u043c\u0435\u0440\u0438\u0442\u0435\u043b\u044c\u043d\u044b\u0439 \u0438 \u0443\u043f\u0440\u0430\u0432\u043b\u044f\u044e\u0449\u0438\u0439 \u043a\u043b\u0430\u043f\u0430\u043d<\/h3>\n<p>SIRI \u043f\u0440\u0435\u0434\u043d\u0430\u0437\u043d\u0430\u0447\u0435\u043d \u0434\u043b\u044f \u043a\u043e\u043d\u0442\u0440\u043e\u043b\u044f \u0438 \u0438\u0437\u043c\u0435\u0440\u0435\u043d\u0438\u044f \u0432\u043e\u0437\u0434\u0443\u0448\u043d\u043e\u0433\u043e \u043f\u043e\u0442\u043e\u043a\u0430 \u0432 \u043a\u0440\u0443\u0433\u043b\u044b\u0445 \u0432\u0435\u043d\u0442\u0438\u043b\u044f\u0446\u0438\u043e\u043d\u043d\u044b\u0445 \u043a\u0430\u043d\u0430\u043b\u0430\u0445.<\/p>\n<ul>\n<li>\u0423\u0442\u0432\u0435\u0440\u0436\u0434\u0435\u043d\u043d\u044b\u0439 \u043c\u0435\u0442\u043e\u0434 \u0438\u0437\u043c\u0435\u0440\u0435\u043d\u0438\u044f<\/li>\n<li>\u041a\u043e\u0440\u043e\u0442\u043a\u0430\u044f \u0434\u043b\u0438\u043d\u0430 \u0443\u0441\u0442\u0430\u043d\u043e\u0432\u043a\u0438<\/li>\n<li>\u041c\u043e\u0436\u043d\u043e \u0447\u0438\u0441\u0442\u0438\u0442\u044c<\/li>\n<li>\u041d\u0438\u0437\u043a\u0438\u0439 \u0448\u0443\u043c \u043f\u043e\u0442\u043e\u043a\u0430<\/li>\n<li>\u0412\u044b\u0441\u043e\u043a\u0430\u044f \u0442\u043e\u0447\u043d\u043e\u0441\u0442\u044c \u0438\u0437\u043c\u0435\u0440\u0435\u043d\u0438\u0439<\/li>\n<li>\u041a\u043b\u0430\u0441\u0441 \u0433\u0435\u0440\u043c\u0435\u0442\u0438\u0447\u043d\u043e\u0441\u0442\u0438 \u043a\u0430\u043d\u0430\u043b\u0430 C, EN 1751<\/li>\n<\/ul>\n<p>&nbsp;<\/p>","protected":false},"excerpt":{"rendered":"<h4>\u0418\u0437\u043c\u0435\u0440\u0438\u0442\u0435\u043b\u044c\u043d\u044b\u0439 \u0438 \u0443\u043f\u0440\u0430\u0432\u043b\u044f\u044e\u0449\u0438\u0439 \u043a\u043b\u0430\u043f\u0430\u043d<\/h4>\n<h4>\u220580-300<\/h4>","protected":false},"featured_media":2516,"template":"","meta":{"_acf_changed":false,"inline_featured_image":false,"_links_to":"","_links_to_target":""},"product_brand":[],"product_cat":[72],"product_tag":[],"class_list":{"0":"post-1388","1":"product","2":"type-product","3":"status-publish","4":"has-post-thumbnail","6":"product_cat-plusmas-regulesana","8":"first","9":"instock","10":"shipping-taxable","11":"product-type-simple"},"acf":[],"yoast_head":"<!-- This site is optimized with the Yoast SEO plugin v27.0 - https:\/\/yoast.com\/product\/yoast-seo-wordpress\/ -->\n<title>SIRI M\u0113r\u012b\u0161anas un vad\u012bbas v\u0101rsts<\/title>\n<meta name=\"description\" content=\"SIRI ir paredz\u0113ts gaisa pl\u016bsmas kontrolei un m\u0113r\u012b\u0161anai ap\u013cveida ventil\u0101cijas kan\u0101los.\" \/>\n<meta name=\"robots\" content=\"index, follow, max-snippet:-1, max-image-preview:large, max-video-preview:-1\" \/>\n<link rel=\"canonical\" href=\"https:\/\/ecowise.lv\/ru\/product\/siri\/\" \/>\n<meta property=\"og:locale\" content=\"ru_RU\" \/>\n<meta property=\"og:type\" content=\"article\" \/>\n<meta property=\"og:title\" content=\"SIRI M\u0113r\u012b\u0161anas un vad\u012bbas v\u0101rsts\" \/>\n<meta property=\"og:description\" content=\"SIRI ir paredz\u0113ts gaisa pl\u016bsmas kontrolei un m\u0113r\u012b\u0161anai ap\u013cveida ventil\u0101cijas kan\u0101los.\" \/>\n<meta property=\"og:url\" content=\"https:\/\/ecowise.lv\/ru\/product\/siri\/\" \/>\n<meta property=\"og:site_name\" content=\"Ecowise\" \/>\n<meta property=\"article:modified_time\" content=\"2023-11-06T10:50:16+00:00\" \/>\n<meta property=\"og:image\" content=\"https:\/\/ecowise.lv\/wp-content\/uploads\/2023\/04\/siri-productimage.jpg\" \/>\n\t<meta property=\"og:image:width\" content=\"768\" \/>\n\t<meta property=\"og:image:height\" content=\"576\" \/>\n\t<meta property=\"og:image:type\" content=\"image\/jpeg\" \/>\n<meta name=\"twitter:card\" content=\"summary_large_image\" \/>\n<meta name=\"twitter:label1\" content=\"\u041f\u0440\u0438\u043c\u0435\u0440\u043d\u043e\u0435 \u0432\u0440\u0435\u043c\u044f \u0434\u043b\u044f \u0447\u0442\u0435\u043d\u0438\u044f\" \/>\n\t<meta name=\"twitter:data1\" content=\"1 \u043c\u0438\u043d\u0443\u0442\u0430\" \/>\n<script type=\"application\/ld+json\" class=\"yoast-schema-graph\">{\"@context\":\"https:\/\/schema.org\",\"@graph\":[{\"@type\":\"WebPage\",\"@id\":\"https:\/\/ecowise.lv\/product\/siri\/\",\"url\":\"https:\/\/ecowise.lv\/product\/siri\/\",\"name\":\"SIRI M\u0113r\u012b\u0161anas un vad\u012bbas v\u0101rsts\",\"isPartOf\":{\"@id\":\"https:\/\/ecowise.lv\/#website\"},\"primaryImageOfPage\":{\"@id\":\"https:\/\/ecowise.lv\/product\/siri\/#primaryimage\"},\"image\":{\"@id\":\"https:\/\/ecowise.lv\/product\/siri\/#primaryimage\"},\"thumbnailUrl\":\"https:\/\/ecowise.lv\/wp-content\/uploads\/2023\/04\/siri-productimage.jpg\",\"datePublished\":\"2023-04-05T13:39:27+00:00\",\"dateModified\":\"2023-11-06T10:50:16+00:00\",\"description\":\"SIRI ir paredz\u0113ts gaisa pl\u016bsmas kontrolei un m\u0113r\u012b\u0161anai ap\u013cveida ventil\u0101cijas kan\u0101los.\",\"breadcrumb\":{\"@id\":\"https:\/\/ecowise.lv\/product\/siri\/#breadcrumb\"},\"inLanguage\":\"ru-RU\",\"potentialAction\":[{\"@type\":\"ReadAction\",\"target\":[\"https:\/\/ecowise.lv\/product\/siri\/\"]}]},{\"@type\":\"ImageObject\",\"inLanguage\":\"ru-RU\",\"@id\":\"https:\/\/ecowise.lv\/product\/siri\/#primaryimage\",\"url\":\"https:\/\/ecowise.lv\/wp-content\/uploads\/2023\/04\/siri-productimage.jpg\",\"contentUrl\":\"https:\/\/ecowise.lv\/wp-content\/uploads\/2023\/04\/siri-productimage.jpg\",\"width\":768,\"height\":576},{\"@type\":\"BreadcrumbList\",\"@id\":\"https:\/\/ecowise.lv\/product\/siri\/#breadcrumb\",\"itemListElement\":[{\"@type\":\"ListItem\",\"position\":1,\"name\":\"Products\",\"item\":\"https:\/\/ecowise.lv\/shop\/\"},{\"@type\":\"ListItem\",\"position\":2,\"name\":\"SIRI\"}]},{\"@type\":\"WebSite\",\"@id\":\"https:\/\/ecowise.lv\/#website\",\"url\":\"https:\/\/ecowise.lv\/\",\"name\":\"Ecowise\",\"description\":\"Ener\u0123ijas pat\u0113ri\u0146a samazin\u0101jums\",\"publisher\":{\"@id\":\"https:\/\/ecowise.lv\/#organization\"},\"potentialAction\":[{\"@type\":\"SearchAction\",\"target\":{\"@type\":\"EntryPoint\",\"urlTemplate\":\"https:\/\/ecowise.lv\/?s={search_term_string}\"},\"query-input\":{\"@type\":\"PropertyValueSpecification\",\"valueRequired\":true,\"valueName\":\"search_term_string\"}}],\"inLanguage\":\"ru-RU\"},{\"@type\":\"Organization\",\"@id\":\"https:\/\/ecowise.lv\/#organization\",\"name\":\"Ecowise\",\"url\":\"https:\/\/ecowise.lv\/\",\"logo\":{\"@type\":\"ImageObject\",\"inLanguage\":\"ru-RU\",\"@id\":\"https:\/\/ecowise.lv\/#\/schema\/logo\/image\/\",\"url\":\"https:\/\/ecowise.lv\/wp-content\/uploads\/2023\/03\/logo.svg\",\"contentUrl\":\"https:\/\/ecowise.lv\/wp-content\/uploads\/2023\/03\/logo.svg\",\"width\":207,\"height\":27,\"caption\":\"Ecowise\"},\"image\":{\"@id\":\"https:\/\/ecowise.lv\/#\/schema\/logo\/image\/\"}}]}<\/script>\n<!-- \/ Yoast SEO plugin. -->","yoast_head_json":{"title":"SIRI M\u0113r\u012b\u0161anas un vad\u012bbas v\u0101rsts","description":"SIRI ir paredz\u0113ts gaisa pl\u016bsmas kontrolei un m\u0113r\u012b\u0161anai ap\u013cveida ventil\u0101cijas kan\u0101los.","robots":{"index":"index","follow":"follow","max-snippet":"max-snippet:-1","max-image-preview":"max-image-preview:large","max-video-preview":"max-video-preview:-1"},"canonical":"https:\/\/ecowise.lv\/ru\/product\/siri\/","og_locale":"ru_RU","og_type":"article","og_title":"SIRI M\u0113r\u012b\u0161anas un vad\u012bbas v\u0101rsts","og_description":"SIRI ir paredz\u0113ts gaisa pl\u016bsmas kontrolei un m\u0113r\u012b\u0161anai ap\u013cveida ventil\u0101cijas kan\u0101los.","og_url":"https:\/\/ecowise.lv\/ru\/product\/siri\/","og_site_name":"Ecowise","article_modified_time":"2023-11-06T10:50:16+00:00","og_image":[{"width":768,"height":576,"url":"https:\/\/ecowise.lv\/wp-content\/uploads\/2023\/04\/siri-productimage.jpg","type":"image\/jpeg"}],"twitter_card":"summary_large_image","twitter_misc":{"\u041f\u0440\u0438\u043c\u0435\u0440\u043d\u043e\u0435 \u0432\u0440\u0435\u043c\u044f \u0434\u043b\u044f \u0447\u0442\u0435\u043d\u0438\u044f":"1 \u043c\u0438\u043d\u0443\u0442\u0430"},"schema":{"@context":"https:\/\/schema.org","@graph":[{"@type":"WebPage","@id":"https:\/\/ecowise.lv\/product\/siri\/","url":"https:\/\/ecowise.lv\/product\/siri\/","name":"SIRI M\u0113r\u012b\u0161anas un vad\u012bbas v\u0101rsts","isPartOf":{"@id":"https:\/\/ecowise.lv\/#website"},"primaryImageOfPage":{"@id":"https:\/\/ecowise.lv\/product\/siri\/#primaryimage"},"image":{"@id":"https:\/\/ecowise.lv\/product\/siri\/#primaryimage"},"thumbnailUrl":"https:\/\/ecowise.lv\/wp-content\/uploads\/2023\/04\/siri-productimage.jpg","datePublished":"2023-04-05T13:39:27+00:00","dateModified":"2023-11-06T10:50:16+00:00","description":"SIRI ir paredz\u0113ts gaisa pl\u016bsmas kontrolei un m\u0113r\u012b\u0161anai ap\u013cveida ventil\u0101cijas kan\u0101los.","breadcrumb":{"@id":"https:\/\/ecowise.lv\/product\/siri\/#breadcrumb"},"inLanguage":"ru-RU","potentialAction":[{"@type":"ReadAction","target":["https:\/\/ecowise.lv\/product\/siri\/"]}]},{"@type":"ImageObject","inLanguage":"ru-RU","@id":"https:\/\/ecowise.lv\/product\/siri\/#primaryimage","url":"https:\/\/ecowise.lv\/wp-content\/uploads\/2023\/04\/siri-productimage.jpg","contentUrl":"https:\/\/ecowise.lv\/wp-content\/uploads\/2023\/04\/siri-productimage.jpg","width":768,"height":576},{"@type":"BreadcrumbList","@id":"https:\/\/ecowise.lv\/product\/siri\/#breadcrumb","itemListElement":[{"@type":"ListItem","position":1,"name":"Products","item":"https:\/\/ecowise.lv\/shop\/"},{"@type":"ListItem","position":2,"name":"SIRI"}]},{"@type":"WebSite","@id":"https:\/\/ecowise.lv\/#website","url":"https:\/\/ecowise.lv\/","name":"Ecowise","description":"Ener\u0123ijas pat\u0113ri\u0146a samazin\u0101jums","publisher":{"@id":"https:\/\/ecowise.lv\/#organization"},"potentialAction":[{"@type":"SearchAction","target":{"@type":"EntryPoint","urlTemplate":"https:\/\/ecowise.lv\/?s={search_term_string}"},"query-input":{"@type":"PropertyValueSpecification","valueRequired":true,"valueName":"search_term_string"}}],"inLanguage":"ru-RU"},{"@type":"Organization","@id":"https:\/\/ecowise.lv\/#organization","name":"Ecowise","url":"https:\/\/ecowise.lv\/","logo":{"@type":"ImageObject","inLanguage":"ru-RU","@id":"https:\/\/ecowise.lv\/#\/schema\/logo\/image\/","url":"https:\/\/ecowise.lv\/wp-content\/uploads\/2023\/03\/logo.svg","contentUrl":"https:\/\/ecowise.lv\/wp-content\/uploads\/2023\/03\/logo.svg","width":207,"height":27,"caption":"Ecowise"},"image":{"@id":"https:\/\/ecowise.lv\/#\/schema\/logo\/image\/"}}]}},"_links":{"self":[{"href":"https:\/\/ecowise.lv\/ru\/wp-json\/wp\/v2\/product\/1388","targetHints":{"allow":["GET"]}}],"collection":[{"href":"https:\/\/ecowise.lv\/ru\/wp-json\/wp\/v2\/product"}],"about":[{"href":"https:\/\/ecowise.lv\/ru\/wp-json\/wp\/v2\/types\/product"}],"wp:featuredmedia":[{"embeddable":true,"href":"https:\/\/ecowise.lv\/ru\/wp-json\/wp\/v2\/media\/2516"}],"wp:attachment":[{"href":"https:\/\/ecowise.lv\/ru\/wp-json\/wp\/v2\/media?parent=1388"}],"wp:term":[{"taxonomy":"product_brand","embeddable":true,"href":"https:\/\/ecowise.lv\/ru\/wp-json\/wp\/v2\/product_brand?post=1388"},{"taxonomy":"product_cat","embeddable":true,"href":"https:\/\/ecowise.lv\/ru\/wp-json\/wp\/v2\/product_cat?post=1388"},{"taxonomy":"product_tag","embeddable":true,"href":"https:\/\/ecowise.lv\/ru\/wp-json\/wp\/v2\/product_tag?post=1388"}],"curies":[{"name":"wp","href":"https:\/\/api.w.org\/{rel}","templated":true}]}}