{"id":1373,"date":"2023-04-05T16:39:24","date_gmt":"2023-04-05T13:39:24","guid":{"rendered":"https:\/\/ecowise.lv\/?post_type=product&#038;p=1373"},"modified":"2023-09-26T15:03:47","modified_gmt":"2023-09-26T12:03:47","slug":"wise-damper","status":"publish","type":"product","link":"https:\/\/ecowise.lv\/ru\/product\/wise-damper\/","title":{"rendered":"WISE Damper"},"content":{"rendered":"<div class=\"h-margin-bottom-3\">\n<div class=\"headline-5 h-text-color-green\"><span class=\"Y2IQFc\" lang=\"lv\">\u0410\u043a\u0442\u0438\u0432\u043d\u044b\u0439 \u043a\u043b\u0430\u043f\u0430\u043d Swegon WISE \u0434\u043b\u044f \u0441\u0438\u0441\u0442\u0435\u043c\u044b \u0432\u0435\u043d\u0442\u0438\u043b\u044f\u0446\u0438\u0438 \u0441 \u0443\u043f\u0440\u0430\u0432\u043b\u0435\u043d\u0438\u0435\u043c \u043f\u043e \u0437\u0430\u043f\u0440\u043e\u0441\u0443<\/span><\/div>\n<\/div>\n<div class=\"show-more\">\n<div class=\"show-more__content js-show-more-content\">\n<ul>\n<li><span class=\"Y2IQFc\" lang=\"lv\">\u0420\u0435\u0433\u0443\u043b\u0438\u0440\u043e\u0432\u043a\u0430 \u043f\u0435\u0440\u0435\u043c\u0435\u043d\u043d\u043e\u0433\u043e \u0438\u043b\u0438 \u043f\u043e\u0441\u0442\u043e\u044f\u043d\u043d\u043e\u0433\u043e \u043f\u043e\u0442\u043e\u043a\u0430 \u0438\u043b\u0438 \u0440\u0435\u0433\u0443\u043b\u0438\u0440\u043e\u0432\u043a\u0430 \u043f\u043e\u0441\u0442\u043e\u044f\u043d\u043d\u043e\u0433\u043e \u0434\u0430\u0432\u043b\u0435\u043d\u0438\u044f<\/span><\/li>\n<li><span class=\"Y2IQFc\" lang=\"lv\">\u0411\u0435\u0441\u043f\u0440\u043e\u0432\u043e\u0434\u043d\u0430\u044f \u0441\u0432\u044f\u0437\u044c \u0447\u0435\u0440\u0435\u0437 \u0440\u0430\u0434\u0438\u043e<\/span><\/li>\n<li><span class=\"Y2IQFc\" lang=\"lv\">\u0418\u043d\u0442\u0435\u0433\u0440\u0438\u0440\u043e\u0432\u0430\u043d\u043d\u044b\u0439 \u0434\u0430\u0442\u0447\u0438\u043a<\/span><\/li>\n<li>\u0412\u0430\u0440\u0438\u0430\u043d\u0442\u044b:\n<ul>\n<li>\u041a\u0440\u0443\u0433\u043b\u043e\u0435 \u0441\u043e\u0435\u0434\u0438\u043d\u0435\u043d\u0438\u0435: \u00d8100-630 \u043c\u043c<\/li>\n<li>\u041f\u0440\u044f\u043c\u043e\u0443\u0433\u043e\u043b\u044c\u043d\u043e\u0435 \u0441\u043e\u0435\u0434\u0438\u043d\u0435\u043d\u0438\u0435: 200\u00d7200-1600\u00d7700 \u043c\u043c<\/li>\n<li><span class=\"Y2IQFc\" lang=\"lv\">\u0414\u043e\u0441\u0442\u0443\u043f\u0435\u043d \u0441 \u043c\u0435\u0445\u0430\u043d\u0438\u0437\u043c\u043e\u043c \u0432\u043e\u0437\u0432\u0440\u0430\u0442\u0430 \u043f\u0440\u0443\u0436\u0438\u043d\u044b<\/span><\/li>\n<li>\u0414\u043e\u0441\u0442\u0443\u043f\u0435\u043d \u0441 Sensor Module Advanced (SMA)<\/li>\n<\/ul>\n<\/li>\n<\/ul>\n<\/div>\n<\/div>","protected":false},"excerpt":{"rendered":"<h4><span class=\"Y2IQFc\" lang=\"lv\">\u0410\u043a\u0442\u0438\u0432\u043d\u044b\u0439 \u043a\u043b\u0430\u043f\u0430\u043d Swegon WISE \u0434\u043b\u044f \u0441\u0438\u0441\u0442\u0435\u043c\u044b \u0432\u0435\u043d\u0442\u0438\u043b\u044f\u0446\u0438\u0438 \u0441 \u0443\u043f\u0440\u0430\u0432\u043b\u0435\u043d\u0438\u0435\u043c \u043f\u043e \u0437\u0430\u043f\u0440\u043e\u0441\u0443<\/span><\/h4>","protected":false},"featured_media":3138,"template":"","meta":{"_acf_changed":false,"inline_featured_image":false,"_links_to":"","_links_to_target":""},"product_brand":[],"product_cat":[58],"product_tag":[],"class_list":{"0":"post-1373","1":"product","2":"type-product","3":"status-publish","4":"has-post-thumbnail","6":"product_cat-ventilacija-pec-pieprasijuma","8":"first","9":"instock","10":"shipping-taxable","11":"product-type-simple"},"acf":[],"yoast_head":"<!-- This site is optimized with the Yoast SEO plugin v27.0 - https:\/\/yoast.com\/product\/yoast-seo-wordpress\/ -->\n<title>WISE Damper akt\u012bvais sl\u0101p\u0113t\u0101js<\/title>\n<meta name=\"description\" content=\"Akt\u012bvais sl\u0101p\u0113t\u0101js Swegon WISE sist\u0113mai, lai kontrol\u0113tu ventil\u0101ciju WISE Damper\" \/>\n<meta name=\"robots\" content=\"index, follow, max-snippet:-1, max-image-preview:large, max-video-preview:-1\" \/>\n<link rel=\"canonical\" href=\"https:\/\/ecowise.lv\/ru\/product\/wise-damper\/\" \/>\n<meta property=\"og:locale\" content=\"ru_RU\" \/>\n<meta property=\"og:type\" content=\"article\" \/>\n<meta property=\"og:title\" content=\"WISE Damper akt\u012bvais sl\u0101p\u0113t\u0101js\" \/>\n<meta property=\"og:description\" content=\"Akt\u012bvais sl\u0101p\u0113t\u0101js Swegon WISE sist\u0113mai, lai kontrol\u0113tu ventil\u0101ciju WISE Damper\" \/>\n<meta property=\"og:url\" content=\"https:\/\/ecowise.lv\/ru\/product\/wise-damper\/\" \/>\n<meta property=\"og:site_name\" content=\"Ecowise\" \/>\n<meta property=\"article:modified_time\" content=\"2023-09-26T12:03:47+00:00\" \/>\n<meta property=\"og:image\" content=\"https:\/\/ecowise.lv\/wp-content\/uploads\/2023\/04\/wise-damper-samlingsbild.png\" \/>\n\t<meta property=\"og:image:width\" content=\"1071\" \/>\n\t<meta property=\"og:image:height\" content=\"576\" \/>\n\t<meta property=\"og:image:type\" content=\"image\/png\" \/>\n<meta name=\"twitter:card\" content=\"summary_large_image\" \/>\n<meta name=\"twitter:label1\" content=\"\u041f\u0440\u0438\u043c\u0435\u0440\u043d\u043e\u0435 \u0432\u0440\u0435\u043c\u044f \u0434\u043b\u044f \u0447\u0442\u0435\u043d\u0438\u044f\" \/>\n\t<meta name=\"twitter:data1\" content=\"1 \u043c\u0438\u043d\u0443\u0442\u0430\" \/>\n<script type=\"application\/ld+json\" class=\"yoast-schema-graph\">{\"@context\":\"https:\/\/schema.org\",\"@graph\":[{\"@type\":\"WebPage\",\"@id\":\"https:\/\/ecowise.lv\/product\/wise-damper\/\",\"url\":\"https:\/\/ecowise.lv\/product\/wise-damper\/\",\"name\":\"WISE Damper akt\u012bvais sl\u0101p\u0113t\u0101js\",\"isPartOf\":{\"@id\":\"https:\/\/ecowise.lv\/#website\"},\"primaryImageOfPage\":{\"@id\":\"https:\/\/ecowise.lv\/product\/wise-damper\/#primaryimage\"},\"image\":{\"@id\":\"https:\/\/ecowise.lv\/product\/wise-damper\/#primaryimage\"},\"thumbnailUrl\":\"https:\/\/ecowise.lv\/wp-content\/uploads\/2023\/04\/wise-damper-samlingsbild.png\",\"datePublished\":\"2023-04-05T13:39:24+00:00\",\"dateModified\":\"2023-09-26T12:03:47+00:00\",\"description\":\"Akt\u012bvais sl\u0101p\u0113t\u0101js Swegon WISE sist\u0113mai, lai kontrol\u0113tu ventil\u0101ciju WISE Damper\",\"breadcrumb\":{\"@id\":\"https:\/\/ecowise.lv\/product\/wise-damper\/#breadcrumb\"},\"inLanguage\":\"ru-RU\",\"potentialAction\":[{\"@type\":\"ReadAction\",\"target\":[\"https:\/\/ecowise.lv\/product\/wise-damper\/\"]}]},{\"@type\":\"ImageObject\",\"inLanguage\":\"ru-RU\",\"@id\":\"https:\/\/ecowise.lv\/product\/wise-damper\/#primaryimage\",\"url\":\"https:\/\/ecowise.lv\/wp-content\/uploads\/2023\/04\/wise-damper-samlingsbild.png\",\"contentUrl\":\"https:\/\/ecowise.lv\/wp-content\/uploads\/2023\/04\/wise-damper-samlingsbild.png\",\"width\":1071,\"height\":576},{\"@type\":\"BreadcrumbList\",\"@id\":\"https:\/\/ecowise.lv\/product\/wise-damper\/#breadcrumb\",\"itemListElement\":[{\"@type\":\"ListItem\",\"position\":1,\"name\":\"Products\",\"item\":\"https:\/\/ecowise.lv\/shop\/\"},{\"@type\":\"ListItem\",\"position\":2,\"name\":\"WISE Damper\"}]},{\"@type\":\"WebSite\",\"@id\":\"https:\/\/ecowise.lv\/#website\",\"url\":\"https:\/\/ecowise.lv\/\",\"name\":\"Ecowise\",\"description\":\"Ener\u0123ijas pat\u0113ri\u0146a samazin\u0101jums\",\"publisher\":{\"@id\":\"https:\/\/ecowise.lv\/#organization\"},\"potentialAction\":[{\"@type\":\"SearchAction\",\"target\":{\"@type\":\"EntryPoint\",\"urlTemplate\":\"https:\/\/ecowise.lv\/?s={search_term_string}\"},\"query-input\":{\"@type\":\"PropertyValueSpecification\",\"valueRequired\":true,\"valueName\":\"search_term_string\"}}],\"inLanguage\":\"ru-RU\"},{\"@type\":\"Organization\",\"@id\":\"https:\/\/ecowise.lv\/#organization\",\"name\":\"Ecowise\",\"url\":\"https:\/\/ecowise.lv\/\",\"logo\":{\"@type\":\"ImageObject\",\"inLanguage\":\"ru-RU\",\"@id\":\"https:\/\/ecowise.lv\/#\/schema\/logo\/image\/\",\"url\":\"https:\/\/ecowise.lv\/wp-content\/uploads\/2023\/03\/logo.svg\",\"contentUrl\":\"https:\/\/ecowise.lv\/wp-content\/uploads\/2023\/03\/logo.svg\",\"width\":207,\"height\":27,\"caption\":\"Ecowise\"},\"image\":{\"@id\":\"https:\/\/ecowise.lv\/#\/schema\/logo\/image\/\"}}]}<\/script>\n<!-- \/ Yoast SEO plugin. -->","yoast_head_json":{"title":"WISE Damper akt\u012bvais sl\u0101p\u0113t\u0101js","description":"Akt\u012bvais sl\u0101p\u0113t\u0101js Swegon WISE sist\u0113mai, lai kontrol\u0113tu ventil\u0101ciju WISE Damper","robots":{"index":"index","follow":"follow","max-snippet":"max-snippet:-1","max-image-preview":"max-image-preview:large","max-video-preview":"max-video-preview:-1"},"canonical":"https:\/\/ecowise.lv\/ru\/product\/wise-damper\/","og_locale":"ru_RU","og_type":"article","og_title":"WISE Damper akt\u012bvais sl\u0101p\u0113t\u0101js","og_description":"Akt\u012bvais sl\u0101p\u0113t\u0101js Swegon WISE sist\u0113mai, lai kontrol\u0113tu ventil\u0101ciju WISE Damper","og_url":"https:\/\/ecowise.lv\/ru\/product\/wise-damper\/","og_site_name":"Ecowise","article_modified_time":"2023-09-26T12:03:47+00:00","og_image":[{"width":1071,"height":576,"url":"https:\/\/ecowise.lv\/wp-content\/uploads\/2023\/04\/wise-damper-samlingsbild.png","type":"image\/png"}],"twitter_card":"summary_large_image","twitter_misc":{"\u041f\u0440\u0438\u043c\u0435\u0440\u043d\u043e\u0435 \u0432\u0440\u0435\u043c\u044f \u0434\u043b\u044f \u0447\u0442\u0435\u043d\u0438\u044f":"1 \u043c\u0438\u043d\u0443\u0442\u0430"},"schema":{"@context":"https:\/\/schema.org","@graph":[{"@type":"WebPage","@id":"https:\/\/ecowise.lv\/product\/wise-damper\/","url":"https:\/\/ecowise.lv\/product\/wise-damper\/","name":"WISE Damper akt\u012bvais sl\u0101p\u0113t\u0101js","isPartOf":{"@id":"https:\/\/ecowise.lv\/#website"},"primaryImageOfPage":{"@id":"https:\/\/ecowise.lv\/product\/wise-damper\/#primaryimage"},"image":{"@id":"https:\/\/ecowise.lv\/product\/wise-damper\/#primaryimage"},"thumbnailUrl":"https:\/\/ecowise.lv\/wp-content\/uploads\/2023\/04\/wise-damper-samlingsbild.png","datePublished":"2023-04-05T13:39:24+00:00","dateModified":"2023-09-26T12:03:47+00:00","description":"Akt\u012bvais sl\u0101p\u0113t\u0101js Swegon WISE sist\u0113mai, lai kontrol\u0113tu ventil\u0101ciju WISE Damper","breadcrumb":{"@id":"https:\/\/ecowise.lv\/product\/wise-damper\/#breadcrumb"},"inLanguage":"ru-RU","potentialAction":[{"@type":"ReadAction","target":["https:\/\/ecowise.lv\/product\/wise-damper\/"]}]},{"@type":"ImageObject","inLanguage":"ru-RU","@id":"https:\/\/ecowise.lv\/product\/wise-damper\/#primaryimage","url":"https:\/\/ecowise.lv\/wp-content\/uploads\/2023\/04\/wise-damper-samlingsbild.png","contentUrl":"https:\/\/ecowise.lv\/wp-content\/uploads\/2023\/04\/wise-damper-samlingsbild.png","width":1071,"height":576},{"@type":"BreadcrumbList","@id":"https:\/\/ecowise.lv\/product\/wise-damper\/#breadcrumb","itemListElement":[{"@type":"ListItem","position":1,"name":"Products","item":"https:\/\/ecowise.lv\/shop\/"},{"@type":"ListItem","position":2,"name":"WISE Damper"}]},{"@type":"WebSite","@id":"https:\/\/ecowise.lv\/#website","url":"https:\/\/ecowise.lv\/","name":"Ecowise","description":"Ener\u0123ijas pat\u0113ri\u0146a samazin\u0101jums","publisher":{"@id":"https:\/\/ecowise.lv\/#organization"},"potentialAction":[{"@type":"SearchAction","target":{"@type":"EntryPoint","urlTemplate":"https:\/\/ecowise.lv\/?s={search_term_string}"},"query-input":{"@type":"PropertyValueSpecification","valueRequired":true,"valueName":"search_term_string"}}],"inLanguage":"ru-RU"},{"@type":"Organization","@id":"https:\/\/ecowise.lv\/#organization","name":"Ecowise","url":"https:\/\/ecowise.lv\/","logo":{"@type":"ImageObject","inLanguage":"ru-RU","@id":"https:\/\/ecowise.lv\/#\/schema\/logo\/image\/","url":"https:\/\/ecowise.lv\/wp-content\/uploads\/2023\/03\/logo.svg","contentUrl":"https:\/\/ecowise.lv\/wp-content\/uploads\/2023\/03\/logo.svg","width":207,"height":27,"caption":"Ecowise"},"image":{"@id":"https:\/\/ecowise.lv\/#\/schema\/logo\/image\/"}}]}},"_links":{"self":[{"href":"https:\/\/ecowise.lv\/ru\/wp-json\/wp\/v2\/product\/1373","targetHints":{"allow":["GET"]}}],"collection":[{"href":"https:\/\/ecowise.lv\/ru\/wp-json\/wp\/v2\/product"}],"about":[{"href":"https:\/\/ecowise.lv\/ru\/wp-json\/wp\/v2\/types\/product"}],"wp:featuredmedia":[{"embeddable":true,"href":"https:\/\/ecowise.lv\/ru\/wp-json\/wp\/v2\/media\/3138"}],"wp:attachment":[{"href":"https:\/\/ecowise.lv\/ru\/wp-json\/wp\/v2\/media?parent=1373"}],"wp:term":[{"taxonomy":"product_brand","embeddable":true,"href":"https:\/\/ecowise.lv\/ru\/wp-json\/wp\/v2\/product_brand?post=1373"},{"taxonomy":"product_cat","embeddable":true,"href":"https:\/\/ecowise.lv\/ru\/wp-json\/wp\/v2\/product_cat?post=1373"},{"taxonomy":"product_tag","embeddable":true,"href":"https:\/\/ecowise.lv\/ru\/wp-json\/wp\/v2\/product_tag?post=1373"}],"curies":[{"name":"wp","href":"https:\/\/api.w.org\/{rel}","templated":true}]}}