{"id":1372,"date":"2023-04-05T16:39:24","date_gmt":"2023-04-05T13:39:24","guid":{"rendered":"https:\/\/ecowise.lv\/?post_type=product&#038;p=1372"},"modified":"2023-09-26T14:18:58","modified_gmt":"2023-09-26T11:18:58","slug":"wise-colibri-ceiling","status":"publish","type":"product","link":"https:\/\/ecowise.lv\/ru\/product\/wise-colibri-ceiling\/","title":{"rendered":"WISE Colibri Ceiling"},"content":{"rendered":"<p id=\"tw-target-text\" class=\"tw-data-text tw-text-large tw-ta\" dir=\"ltr\" data-placeholder=\"Translation\"><span class=\"Y2IQFc\" lang=\"lv\">\u0410\u043a\u0442\u0438\u0432\u043d\u044b\u0439 \u0412\u043e\u0437\u0434\u0443\u0448\u043d\u044b\u0439 \u0414\u0438\u0444\u0444\u0443\u0437\u043e\u0440 \u0434\u043b\u044f \u0421\u0438\u0441\u0442\u0435\u043c\u044b Swegon WISE \u0434\u043b\u044f \u0412\u0435\u043d\u0442\u0438\u043b\u044f\u0446\u0438\u0438 \u0441 \u041a\u043e\u043d\u0442\u0440\u043e\u043b\u0435\u043c \u043f\u043e \u0422\u0440\u0435\u0431\u043e\u0432\u0430\u043d\u0438\u044e <\/span><\/p>\n<ul>\n<li class=\"tw-data-text tw-text-large tw-ta\" dir=\"ltr\" data-placeholder=\"Translation\"><span class=\"Y2IQFc\" lang=\"lv\">\u0420\u0435\u0433\u0443\u043b\u0438\u0440\u043e\u0432\u043a\u0430 \u043f\u0435\u0440\u0435\u043c\u0435\u043d\u043d\u043e\u0433\u043e \u0438\u043b\u0438 \u043f\u043e\u0441\u0442\u043e\u044f\u043d\u043d\u043e\u0433\u043e \u043f\u043e\u0442\u043e\u043a\u0430 <\/span><\/li>\n<li class=\"tw-data-text tw-text-large tw-ta\" dir=\"ltr\" data-placeholder=\"Translation\"><span class=\"Y2IQFc\" lang=\"lv\">\u0411\u0435\u0441\u043f\u0440\u043e\u0432\u043e\u0434\u043d\u0430\u044f \u0441\u0432\u044f\u0437\u044c \u0447\u0435\u0440\u0435\u0437 \u0440\u0430\u0434\u0438\u043e <\/span><\/li>\n<li class=\"tw-data-text tw-text-large tw-ta\" dir=\"ltr\" data-placeholder=\"Translation\"><span class=\"Y2IQFc\" lang=\"lv\">\u0418\u043d\u0442\u0435\u0433\u0440\u0438\u0440\u043e\u0432\u0430\u043d\u043d\u044b\u0439 \u0434\u0430\u0442\u0447\u0438\u043a <\/span><\/li>\n<li class=\"tw-data-text tw-text-large tw-ta\" dir=\"ltr\" data-placeholder=\"Translation\"><span class=\"Y2IQFc\" lang=\"lv\">\u0411\u044b\u0441\u0442\u0440\u044b\u0439 \u0434\u043e\u0441\u0442\u0443\u043f <\/span><\/li>\n<li class=\"tw-data-text tw-text-large tw-ta\" dir=\"ltr\" data-placeholder=\"Translation\"><span class=\"Y2IQFc\" lang=\"lv\">\u0412\u0430\u0440\u0438\u0430\u043d\u0442\u044b: \u0421\u043e\u0435\u0434\u0438\u043d\u0435\u043d\u0438\u0435 \u00d8160 \u0438\u043b\u0438 \u00d8250<\/span><\/li>\n<\/ul>\n<div class=\"h-margin-top-3 h-margin-bottom-3\">\n<div class=\"row\">\n<div class=\"col\">\n<p>\u0422\u0435\u0445\u043d\u0438\u0447\u0435\u0441\u043a\u0438\u0435 \u0434\u0430\u043d\u043d\u044b\u0435<\/p>\n<h4 class=\"h-no-margin-bottom\">\u0412\u041e\u0417\u0414\u0423\u0428\u041d\u042b\u0419 \u041f\u041e\u0422\u041e\u041a \u2013 \u0423\u0420\u041e\u0412\u0415\u041d\u042c \u0428\u0423\u041c\u0410 \u2013 \u041c\u041e\u0429\u041d\u041e\u0421\u0422\u042c \u041e\u0425\u041b\u0410\u0416\u0414\u0415\u041d\u0418\u042f<\/h4>\n<\/div>\n<\/div>\n<\/div>\n<div>\n<div class=\"horizontal-scroller\" data-show-scroll-icon=\"true\">\n<div class=\"horizontal-scroller__scroller\">\n<div class=\"col-sm-12 col-md-12 col-xs-12\">\n<table class=\"table\">\n<thead>\n<tr>\n<td class=\"table__key\">WISE Colibri C<\/td>\n<td class=\"table__key\" colspan=\"2\">\u041c\u0438\u043d*<\/td>\n<td class=\"table__key\" colspan=\"2\">50 Pa\/ 30 dB (A)<\/td>\n<td rowspan=\"2\">P \u0394t=8K \u0412\u0442<\/td>\n<td class=\"table__key\" colspan=\"2\">\u00a0\u00a0150 Pa\/ 35 dB (A)<\/td>\n<td rowspan=\"2\">P \u0394t=8K \u0412\u0442<\/td>\n<\/tr>\n<tr>\n<td class=\"table__key\">\u0420\u0430\u0437\u043c\u0435\u0440<\/td>\n<td class=\"table__key\">\u043b\/\u0441<\/td>\n<td class=\"table__key\">\u043c3\/\u0447<\/td>\n<td class=\"table__key\">\u043b\/\u0441<\/td>\n<td class=\"table__key\">\u043c3\/\u0447<\/td>\n<td class=\"table__key\">\u00a0\u043b\/\u0441<\/td>\n<td class=\"table__key\">\u043c3\/\u0447<\/td>\n<\/tr>\n<\/thead>\n<tbody>\n<tr>\n<td>160<\/td>\n<td>5<\/td>\n<td>18<\/td>\n<td>72<\/td>\n<td>260<\/td>\n<td>694<\/td>\n<td>75<\/td>\n<td>270<\/td>\n<td>772<\/td>\n<\/tr>\n<tr>\n<td>250<\/td>\n<td>10<\/td>\n<td>36<\/td>\n<td>105<\/td>\n<td>378<\/td>\n<td>1011<\/td>\n<td>\u00a0120<\/td>\n<td>432<\/td>\n<td>1156<\/td>\n<\/tr>\n<\/tbody>\n<\/table>\n<p>*\u041f\u0440\u043e\u0434\u0443\u043a\u0442 \u043c\u043e\u0436\u043d\u043e \u043e\u0442\u0440\u0435\u0433\u0443\u043b\u0438\u0440\u043e\u0432\u0430\u0442\u044c \u043d\u0438\u0436\u0435 \u043c\u0438\u043d. \u043d\u043e \u0442\u043e\u0447\u043d\u043e\u0441\u0442\u044c \u0438\u0437\u043c\u0435\u0440\u0435\u043d\u0438\u0439 \u043d\u0435 \u043c\u043e\u0436\u0435\u0442 \u0431\u044b\u0442\u044c \u0433\u0430\u0440\u0430\u043d\u0442\u0438\u0440\u043e\u0432\u0430\u043d\u0430, \u0441\u043c. \u0434\u0430\u043d\u043d\u044b\u0435 \u043b\u0438\u0441\u0442\u044b \u0434\u043b\u044f \u0432\u043e\u0437\u043c\u043e\u0436\u043d\u044b\u0445 \u043e\u0442\u043a\u043b\u043e\u043d\u0435\u043d\u0438\u0439. <span class=\"Y2IQFc\" lang=\"lv\">\u0423\u0427\u0418\u0422\u042b\u0412\u0410\u0419\u0422\u0415 \u0441 \u0432\u044b\u0441\u043e\u043a\u0438\u043c \u043f\u0430\u0434\u0435\u043d\u0438\u0435\u043c \u0434\u0430\u0432\u043b\u0435\u043d\u0438\u044f \u0432\u043e \u0432\u0441\u0435\u043c \u0438\u0437\u0434\u0435\u043b\u0438\u0438 \u2013 \u043c\u043e\u0436\u0435\u0442 \u0431\u044b\u0442\u044c \u0441\u043b\u043e\u0436\u043d\u043e \u0434\u043e\u0441\u0442\u0438\u0447\u044c \u043c\u0438\u043d. \u043f\u043e\u0442\u043e\u043a\u0430, \u0441\u043c\u043e\u0442\u0440\u0438\u0442\u0435 \u0440\u0430\u0437\u043c\u0435\u0440\u043d\u044b\u0435 \u0434\u0438\u0430\u0433\u0440\u0430\u043c\u043c\u044b \u043d\u0430 \u0441\u0442\u0440\u0430\u043d\u0438\u0446\u0435 \u043f\u0440\u043e\u0434\u0443\u043a\u0442\u0430.<\/span>.<\/p>\n<\/div>\n<\/div>\n<\/div>\n<\/div>","protected":false},"excerpt":{"rendered":"<h4><span class=\"Y2IQFc\" lang=\"lv\">\u0410\u043a\u0442\u0438\u0432\u043d\u044b\u0439 \u0412\u043e\u0437\u0434\u0443\u0448\u043d\u044b\u0439 \u0414\u0438\u0444\u0444\u0443\u0437\u043e\u0440 \u0434\u043b\u044f \u0421\u0438\u0441\u0442\u0435\u043c\u044b Swegon WISE \u0434\u043b\u044f \u0412\u0435\u043d\u0442\u0438\u043b\u044f\u0446\u0438\u0438 \u0441 \u041a\u043e\u043d\u0442\u0440\u043e\u043b\u0435\u043c \u043f\u043e \u0422\u0440\u0435\u0431\u043e\u0432\u0430\u043d\u0438\u044e<\/span><\/h4>","protected":false},"featured_media":3083,"template":"","meta":{"_acf_changed":false,"inline_featured_image":false,"_links_to":"","_links_to_target":""},"product_brand":[],"product_cat":[58],"product_tag":[],"class_list":{"0":"post-1372","1":"product","2":"type-product","3":"status-publish","4":"has-post-thumbnail","6":"product_cat-ventilacija-pec-pieprasijuma","8":"first","9":"instock","10":"shipping-taxable","11":"product-type-simple"},"acf":[],"yoast_head":"<!-- This site is optimized with the Yoast SEO plugin v27.0 - https:\/\/yoast.com\/product\/yoast-seo-wordpress\/ -->\n<title>WISE Colibri Ceiling gaisa difuzors<\/title>\n<meta name=\"description\" content=\"WISE Colibri Ceiling\" \/>\n<meta name=\"robots\" content=\"index, follow, max-snippet:-1, max-image-preview:large, max-video-preview:-1\" \/>\n<link rel=\"canonical\" href=\"https:\/\/ecowise.lv\/ru\/product\/wise-colibri-ceiling\/\" \/>\n<meta property=\"og:locale\" content=\"ru_RU\" \/>\n<meta property=\"og:type\" content=\"article\" \/>\n<meta property=\"og:title\" content=\"WISE Colibri Ceiling gaisa difuzors\" \/>\n<meta property=\"og:description\" content=\"WISE Colibri Ceiling\" \/>\n<meta property=\"og:url\" content=\"https:\/\/ecowise.lv\/ru\/product\/wise-colibri-ceiling\/\" \/>\n<meta property=\"og:site_name\" content=\"Ecowise\" \/>\n<meta property=\"article:modified_time\" content=\"2023-09-26T11:18:58+00:00\" \/>\n<meta property=\"og:image\" content=\"https:\/\/ecowise.lv\/wp-content\/uploads\/2023\/04\/wise-colibri-ceiling-productimage.jpg\" \/>\n\t<meta property=\"og:image:width\" content=\"768\" \/>\n\t<meta property=\"og:image:height\" content=\"576\" \/>\n\t<meta property=\"og:image:type\" content=\"image\/jpeg\" \/>\n<meta name=\"twitter:card\" content=\"summary_large_image\" \/>\n<meta name=\"twitter:label1\" content=\"\u041f\u0440\u0438\u043c\u0435\u0440\u043d\u043e\u0435 \u0432\u0440\u0435\u043c\u044f \u0434\u043b\u044f \u0447\u0442\u0435\u043d\u0438\u044f\" \/>\n\t<meta name=\"twitter:data1\" content=\"1 \u043c\u0438\u043d\u0443\u0442\u0430\" \/>\n<script type=\"application\/ld+json\" class=\"yoast-schema-graph\">{\"@context\":\"https:\/\/schema.org\",\"@graph\":[{\"@type\":\"WebPage\",\"@id\":\"https:\/\/ecowise.lv\/product\/wise-colibri-ceiling\/\",\"url\":\"https:\/\/ecowise.lv\/product\/wise-colibri-ceiling\/\",\"name\":\"WISE Colibri Ceiling gaisa difuzors\",\"isPartOf\":{\"@id\":\"https:\/\/ecowise.lv\/#website\"},\"primaryImageOfPage\":{\"@id\":\"https:\/\/ecowise.lv\/product\/wise-colibri-ceiling\/#primaryimage\"},\"image\":{\"@id\":\"https:\/\/ecowise.lv\/product\/wise-colibri-ceiling\/#primaryimage\"},\"thumbnailUrl\":\"https:\/\/ecowise.lv\/wp-content\/uploads\/2023\/04\/wise-colibri-ceiling-productimage.jpg\",\"datePublished\":\"2023-04-05T13:39:24+00:00\",\"dateModified\":\"2023-09-26T11:18:58+00:00\",\"description\":\"WISE Colibri Ceiling\",\"breadcrumb\":{\"@id\":\"https:\/\/ecowise.lv\/product\/wise-colibri-ceiling\/#breadcrumb\"},\"inLanguage\":\"ru-RU\",\"potentialAction\":[{\"@type\":\"ReadAction\",\"target\":[\"https:\/\/ecowise.lv\/product\/wise-colibri-ceiling\/\"]}]},{\"@type\":\"ImageObject\",\"inLanguage\":\"ru-RU\",\"@id\":\"https:\/\/ecowise.lv\/product\/wise-colibri-ceiling\/#primaryimage\",\"url\":\"https:\/\/ecowise.lv\/wp-content\/uploads\/2023\/04\/wise-colibri-ceiling-productimage.jpg\",\"contentUrl\":\"https:\/\/ecowise.lv\/wp-content\/uploads\/2023\/04\/wise-colibri-ceiling-productimage.jpg\",\"width\":768,\"height\":576},{\"@type\":\"BreadcrumbList\",\"@id\":\"https:\/\/ecowise.lv\/product\/wise-colibri-ceiling\/#breadcrumb\",\"itemListElement\":[{\"@type\":\"ListItem\",\"position\":1,\"name\":\"Products\",\"item\":\"https:\/\/ecowise.lv\/shop\/\"},{\"@type\":\"ListItem\",\"position\":2,\"name\":\"WISE Colibri Ceiling\"}]},{\"@type\":\"WebSite\",\"@id\":\"https:\/\/ecowise.lv\/#website\",\"url\":\"https:\/\/ecowise.lv\/\",\"name\":\"Ecowise\",\"description\":\"Ener\u0123ijas pat\u0113ri\u0146a samazin\u0101jums\",\"publisher\":{\"@id\":\"https:\/\/ecowise.lv\/#organization\"},\"potentialAction\":[{\"@type\":\"SearchAction\",\"target\":{\"@type\":\"EntryPoint\",\"urlTemplate\":\"https:\/\/ecowise.lv\/?s={search_term_string}\"},\"query-input\":{\"@type\":\"PropertyValueSpecification\",\"valueRequired\":true,\"valueName\":\"search_term_string\"}}],\"inLanguage\":\"ru-RU\"},{\"@type\":\"Organization\",\"@id\":\"https:\/\/ecowise.lv\/#organization\",\"name\":\"Ecowise\",\"url\":\"https:\/\/ecowise.lv\/\",\"logo\":{\"@type\":\"ImageObject\",\"inLanguage\":\"ru-RU\",\"@id\":\"https:\/\/ecowise.lv\/#\/schema\/logo\/image\/\",\"url\":\"https:\/\/ecowise.lv\/wp-content\/uploads\/2023\/03\/logo.svg\",\"contentUrl\":\"https:\/\/ecowise.lv\/wp-content\/uploads\/2023\/03\/logo.svg\",\"width\":207,\"height\":27,\"caption\":\"Ecowise\"},\"image\":{\"@id\":\"https:\/\/ecowise.lv\/#\/schema\/logo\/image\/\"}}]}<\/script>\n<!-- \/ Yoast SEO plugin. -->","yoast_head_json":{"title":"WISE Colibri Ceiling gaisa difuzors","description":"WISE Colibri Ceiling","robots":{"index":"index","follow":"follow","max-snippet":"max-snippet:-1","max-image-preview":"max-image-preview:large","max-video-preview":"max-video-preview:-1"},"canonical":"https:\/\/ecowise.lv\/ru\/product\/wise-colibri-ceiling\/","og_locale":"ru_RU","og_type":"article","og_title":"WISE Colibri Ceiling gaisa difuzors","og_description":"WISE Colibri Ceiling","og_url":"https:\/\/ecowise.lv\/ru\/product\/wise-colibri-ceiling\/","og_site_name":"Ecowise","article_modified_time":"2023-09-26T11:18:58+00:00","og_image":[{"width":768,"height":576,"url":"https:\/\/ecowise.lv\/wp-content\/uploads\/2023\/04\/wise-colibri-ceiling-productimage.jpg","type":"image\/jpeg"}],"twitter_card":"summary_large_image","twitter_misc":{"\u041f\u0440\u0438\u043c\u0435\u0440\u043d\u043e\u0435 \u0432\u0440\u0435\u043c\u044f \u0434\u043b\u044f \u0447\u0442\u0435\u043d\u0438\u044f":"1 \u043c\u0438\u043d\u0443\u0442\u0430"},"schema":{"@context":"https:\/\/schema.org","@graph":[{"@type":"WebPage","@id":"https:\/\/ecowise.lv\/product\/wise-colibri-ceiling\/","url":"https:\/\/ecowise.lv\/product\/wise-colibri-ceiling\/","name":"WISE Colibri Ceiling gaisa difuzors","isPartOf":{"@id":"https:\/\/ecowise.lv\/#website"},"primaryImageOfPage":{"@id":"https:\/\/ecowise.lv\/product\/wise-colibri-ceiling\/#primaryimage"},"image":{"@id":"https:\/\/ecowise.lv\/product\/wise-colibri-ceiling\/#primaryimage"},"thumbnailUrl":"https:\/\/ecowise.lv\/wp-content\/uploads\/2023\/04\/wise-colibri-ceiling-productimage.jpg","datePublished":"2023-04-05T13:39:24+00:00","dateModified":"2023-09-26T11:18:58+00:00","description":"WISE Colibri Ceiling","breadcrumb":{"@id":"https:\/\/ecowise.lv\/product\/wise-colibri-ceiling\/#breadcrumb"},"inLanguage":"ru-RU","potentialAction":[{"@type":"ReadAction","target":["https:\/\/ecowise.lv\/product\/wise-colibri-ceiling\/"]}]},{"@type":"ImageObject","inLanguage":"ru-RU","@id":"https:\/\/ecowise.lv\/product\/wise-colibri-ceiling\/#primaryimage","url":"https:\/\/ecowise.lv\/wp-content\/uploads\/2023\/04\/wise-colibri-ceiling-productimage.jpg","contentUrl":"https:\/\/ecowise.lv\/wp-content\/uploads\/2023\/04\/wise-colibri-ceiling-productimage.jpg","width":768,"height":576},{"@type":"BreadcrumbList","@id":"https:\/\/ecowise.lv\/product\/wise-colibri-ceiling\/#breadcrumb","itemListElement":[{"@type":"ListItem","position":1,"name":"Products","item":"https:\/\/ecowise.lv\/shop\/"},{"@type":"ListItem","position":2,"name":"WISE Colibri Ceiling"}]},{"@type":"WebSite","@id":"https:\/\/ecowise.lv\/#website","url":"https:\/\/ecowise.lv\/","name":"Ecowise","description":"Ener\u0123ijas pat\u0113ri\u0146a samazin\u0101jums","publisher":{"@id":"https:\/\/ecowise.lv\/#organization"},"potentialAction":[{"@type":"SearchAction","target":{"@type":"EntryPoint","urlTemplate":"https:\/\/ecowise.lv\/?s={search_term_string}"},"query-input":{"@type":"PropertyValueSpecification","valueRequired":true,"valueName":"search_term_string"}}],"inLanguage":"ru-RU"},{"@type":"Organization","@id":"https:\/\/ecowise.lv\/#organization","name":"Ecowise","url":"https:\/\/ecowise.lv\/","logo":{"@type":"ImageObject","inLanguage":"ru-RU","@id":"https:\/\/ecowise.lv\/#\/schema\/logo\/image\/","url":"https:\/\/ecowise.lv\/wp-content\/uploads\/2023\/03\/logo.svg","contentUrl":"https:\/\/ecowise.lv\/wp-content\/uploads\/2023\/03\/logo.svg","width":207,"height":27,"caption":"Ecowise"},"image":{"@id":"https:\/\/ecowise.lv\/#\/schema\/logo\/image\/"}}]}},"_links":{"self":[{"href":"https:\/\/ecowise.lv\/ru\/wp-json\/wp\/v2\/product\/1372","targetHints":{"allow":["GET"]}}],"collection":[{"href":"https:\/\/ecowise.lv\/ru\/wp-json\/wp\/v2\/product"}],"about":[{"href":"https:\/\/ecowise.lv\/ru\/wp-json\/wp\/v2\/types\/product"}],"wp:featuredmedia":[{"embeddable":true,"href":"https:\/\/ecowise.lv\/ru\/wp-json\/wp\/v2\/media\/3083"}],"wp:attachment":[{"href":"https:\/\/ecowise.lv\/ru\/wp-json\/wp\/v2\/media?parent=1372"}],"wp:term":[{"taxonomy":"product_brand","embeddable":true,"href":"https:\/\/ecowise.lv\/ru\/wp-json\/wp\/v2\/product_brand?post=1372"},{"taxonomy":"product_cat","embeddable":true,"href":"https:\/\/ecowise.lv\/ru\/wp-json\/wp\/v2\/product_cat?post=1372"},{"taxonomy":"product_tag","embeddable":true,"href":"https:\/\/ecowise.lv\/ru\/wp-json\/wp\/v2\/product_tag?post=1372"}],"curies":[{"name":"wp","href":"https:\/\/api.w.org\/{rel}","templated":true}]}}