{"id":1312,"date":"2023-04-05T16:39:07","date_gmt":"2023-04-05T13:39:07","guid":{"rendered":"https:\/\/ecowise.lv\/?post_type=product&#038;p=1312"},"modified":"2024-06-13T11:55:50","modified_gmt":"2024-06-13T08:55:50","slug":"casa-r7-h-smart","status":"publish","type":"product","link":"https:\/\/ecowise.lv\/ru\/product\/casa-r7-h-smart\/","title":{"rendered":"CASA R7-H"},"content":{"rendered":"<h3>\u0413\u041e\u0420\u0418\u0417\u041e\u041d\u0422\u0410\u041b\u042c\u041d\u041e\u0415 \u0412\u0415\u041d\u0422\u0418\u041b\u042f\u0426\u0418\u041e\u041d\u041d\u041e\u0415 \u041e\u0411\u041e\u0420\u0423\u0414\u041e\u0412\u0410\u041d\u0418\u0415 \u0421 \u0412\u0420\u0410\u0429\u0410\u042e\u0429\u0418\u041c\u0421\u042f \u0422\u0415\u041f\u041b\u041e\u041e\u0411\u041c\u0415\u041d\u041d\u0418\u041a\u041e\u041c 216 \u2013 749 \u041c\u00b3\/\u0427<\/h3>\n<ul>\n<li>Smart vad\u012bba<\/li>\n<li>\u0414\u0438\u0430\u043f\u0430\u0437\u043e\u043d \u0432\u043e\u0437\u0434\u0443\u0448\u043d\u043e\u0433\u043e \u043f\u043e\u0442\u043e\u043a\u0430 216 * 749 \u043c\u00b3\/\u0447<\/li>\n<li>\u0420\u043e\u0442\u043e\u0440\u043d\u044b\u0439 \u0442\u0435\u043f\u043b\u043e\u043e\u0431\u043c\u0435\u043d\u043d\u0438\u043a \u0441 \u0442\u0435\u043c\u043f\u0435\u0440\u0430\u0442\u0443\u0440\u043d\u043e\u0439 \u044d\u0444\u0444\u0435\u043a\u0442\u0438\u0432\u043d\u043e\u0441\u0442\u044c\u044e \u0434\u043e 86% (EN 13141*7)<\/li>\n<li>\u041a\u043b\u0430\u0441\u0441 \u044d\u043d\u0435\u0440\u0433\u0438\u0438 A \u043f\u043e \u042d\u043a\u043e\u0434\u0438\u0437\u0430\u0439\u043d\u0443<\/li>\n<li>\u0423\u0440\u043e\u0432\u0435\u043d\u044c \u0448\u0443\u043c\u0430 \u043f\u043e \u042d\u043a\u043e\u0434\u0438\u0437\u0430\u0439\u043d\u0443 43 \u0434\u0411<\/li>\n<li>\u0421\u0435\u0440\u0442\u0438\u0444\u0438\u0446\u0438\u0440\u043e\u0432\u0430\u043d\u043e Eurovent<\/li>\n<li>\u0421\u0435\u0440\u0442\u0438\u0444\u0438\u0446\u0438\u0440\u043e\u0432\u0430\u043d\u043e \u0434\u043b\u044f \u043f\u0430\u0441\u0441\u0438\u0432\u043d\u044b\u0445 \u0434\u043e\u043c\u043e\u0432<\/li>\n<\/ul>","protected":false},"excerpt":{"rendered":"<h4>\u0412\u0435\u043d\u0442\u0438\u043b\u044f\u0446\u0438\u043e\u043d\u043d\u0430\u044f \u0423\u0441\u0442\u0430\u043d\u043e\u0432\u043a\u0430 \u0441 \u0420\u043e\u0442\u043e\u0440\u043d\u044b\u043c \u0422\u0435\u043f\u043b\u043e\u043e\u0431\u043c\u0435\u043d\u043d\u0438\u043a\u043e\u043c<\/h4>","protected":false},"featured_media":3218,"template":"","meta":{"_acf_changed":false,"inline_featured_image":false,"_links_to":"","_links_to_target":""},"product_brand":[],"product_cat":[37],"product_tag":[],"class_list":{"0":"post-1312","1":"product","2":"type-product","3":"status-publish","4":"has-post-thumbnail","6":"product_cat-ventilacijas-iekartas-2","8":"first","9":"instock","10":"shipping-taxable","11":"product-type-simple"},"acf":[],"yoast_head":"<!-- This site is optimized with the Yoast SEO plugin v27.0 - https:\/\/yoast.com\/product\/yoast-seo-wordpress\/ -->\n<title>CASA R7-H Smart siltuma atg\u016b\u0161anas iek\u0101rta<\/title>\n<meta name=\"description\" content=\"Siltuma atg\u016b\u0161anas iek\u0101rta ar rot\u0101cijas siltummaini CASA R7-H Smart\" \/>\n<meta name=\"robots\" content=\"index, follow, max-snippet:-1, max-image-preview:large, max-video-preview:-1\" \/>\n<link rel=\"canonical\" href=\"https:\/\/ecowise.lv\/ru\/product\/casa-r7-h-smart\/\" \/>\n<meta property=\"og:locale\" content=\"ru_RU\" \/>\n<meta property=\"og:type\" content=\"article\" \/>\n<meta property=\"og:title\" content=\"CASA R7-H Smart siltuma atg\u016b\u0161anas iek\u0101rta\" \/>\n<meta property=\"og:description\" content=\"Siltuma atg\u016b\u0161anas iek\u0101rta ar rot\u0101cijas siltummaini CASA R7-H Smart\" \/>\n<meta property=\"og:url\" content=\"https:\/\/ecowise.lv\/ru\/product\/casa-r7-h-smart\/\" \/>\n<meta property=\"og:site_name\" content=\"Ecowise\" \/>\n<meta property=\"article:modified_time\" content=\"2024-06-13T08:55:50+00:00\" \/>\n<meta property=\"og:image\" content=\"https:\/\/ecowise.lv\/wp-content\/uploads\/2023\/04\/CardImage-1-6.png\" \/>\n\t<meta property=\"og:image:width\" content=\"600\" \/>\n\t<meta property=\"og:image:height\" content=\"450\" \/>\n\t<meta property=\"og:image:type\" content=\"image\/png\" \/>\n<meta name=\"twitter:card\" content=\"summary_large_image\" \/>\n<meta name=\"twitter:label1\" content=\"\u041f\u0440\u0438\u043c\u0435\u0440\u043d\u043e\u0435 \u0432\u0440\u0435\u043c\u044f \u0434\u043b\u044f \u0447\u0442\u0435\u043d\u0438\u044f\" \/>\n\t<meta name=\"twitter:data1\" content=\"1 \u043c\u0438\u043d\u0443\u0442\u0430\" \/>\n<script type=\"application\/ld+json\" class=\"yoast-schema-graph\">{\"@context\":\"https:\/\/schema.org\",\"@graph\":[{\"@type\":\"WebPage\",\"@id\":\"https:\/\/ecowise.lv\/product\/casa-r7-h-smart\/\",\"url\":\"https:\/\/ecowise.lv\/product\/casa-r7-h-smart\/\",\"name\":\"CASA R7-H Smart siltuma atg\u016b\u0161anas iek\u0101rta\",\"isPartOf\":{\"@id\":\"https:\/\/ecowise.lv\/#website\"},\"primaryImageOfPage\":{\"@id\":\"https:\/\/ecowise.lv\/product\/casa-r7-h-smart\/#primaryimage\"},\"image\":{\"@id\":\"https:\/\/ecowise.lv\/product\/casa-r7-h-smart\/#primaryimage\"},\"thumbnailUrl\":\"https:\/\/ecowise.lv\/wp-content\/uploads\/2023\/04\/CardImage-1-6.png\",\"datePublished\":\"2023-04-05T13:39:07+00:00\",\"dateModified\":\"2024-06-13T08:55:50+00:00\",\"description\":\"Siltuma atg\u016b\u0161anas iek\u0101rta ar rot\u0101cijas siltummaini CASA R7-H Smart\",\"breadcrumb\":{\"@id\":\"https:\/\/ecowise.lv\/product\/casa-r7-h-smart\/#breadcrumb\"},\"inLanguage\":\"ru-RU\",\"potentialAction\":[{\"@type\":\"ReadAction\",\"target\":[\"https:\/\/ecowise.lv\/product\/casa-r7-h-smart\/\"]}]},{\"@type\":\"ImageObject\",\"inLanguage\":\"ru-RU\",\"@id\":\"https:\/\/ecowise.lv\/product\/casa-r7-h-smart\/#primaryimage\",\"url\":\"https:\/\/ecowise.lv\/wp-content\/uploads\/2023\/04\/CardImage-1-6.png\",\"contentUrl\":\"https:\/\/ecowise.lv\/wp-content\/uploads\/2023\/04\/CardImage-1-6.png\",\"width\":600,\"height\":450},{\"@type\":\"BreadcrumbList\",\"@id\":\"https:\/\/ecowise.lv\/product\/casa-r7-h-smart\/#breadcrumb\",\"itemListElement\":[{\"@type\":\"ListItem\",\"position\":1,\"name\":\"Products\",\"item\":\"https:\/\/ecowise.lv\/shop\/\"},{\"@type\":\"ListItem\",\"position\":2,\"name\":\"CASA R7-H\"}]},{\"@type\":\"WebSite\",\"@id\":\"https:\/\/ecowise.lv\/#website\",\"url\":\"https:\/\/ecowise.lv\/\",\"name\":\"Ecowise\",\"description\":\"Ener\u0123ijas pat\u0113ri\u0146a samazin\u0101jums\",\"publisher\":{\"@id\":\"https:\/\/ecowise.lv\/#organization\"},\"potentialAction\":[{\"@type\":\"SearchAction\",\"target\":{\"@type\":\"EntryPoint\",\"urlTemplate\":\"https:\/\/ecowise.lv\/?s={search_term_string}\"},\"query-input\":{\"@type\":\"PropertyValueSpecification\",\"valueRequired\":true,\"valueName\":\"search_term_string\"}}],\"inLanguage\":\"ru-RU\"},{\"@type\":\"Organization\",\"@id\":\"https:\/\/ecowise.lv\/#organization\",\"name\":\"Ecowise\",\"url\":\"https:\/\/ecowise.lv\/\",\"logo\":{\"@type\":\"ImageObject\",\"inLanguage\":\"ru-RU\",\"@id\":\"https:\/\/ecowise.lv\/#\/schema\/logo\/image\/\",\"url\":\"https:\/\/ecowise.lv\/wp-content\/uploads\/2023\/03\/logo.svg\",\"contentUrl\":\"https:\/\/ecowise.lv\/wp-content\/uploads\/2023\/03\/logo.svg\",\"width\":207,\"height\":27,\"caption\":\"Ecowise\"},\"image\":{\"@id\":\"https:\/\/ecowise.lv\/#\/schema\/logo\/image\/\"}}]}<\/script>\n<!-- \/ Yoast SEO plugin. -->","yoast_head_json":{"title":"CASA R7-H Smart siltuma atg\u016b\u0161anas iek\u0101rta","description":"Siltuma atg\u016b\u0161anas iek\u0101rta ar rot\u0101cijas siltummaini CASA R7-H Smart","robots":{"index":"index","follow":"follow","max-snippet":"max-snippet:-1","max-image-preview":"max-image-preview:large","max-video-preview":"max-video-preview:-1"},"canonical":"https:\/\/ecowise.lv\/ru\/product\/casa-r7-h-smart\/","og_locale":"ru_RU","og_type":"article","og_title":"CASA R7-H Smart siltuma atg\u016b\u0161anas iek\u0101rta","og_description":"Siltuma atg\u016b\u0161anas iek\u0101rta ar rot\u0101cijas siltummaini CASA R7-H Smart","og_url":"https:\/\/ecowise.lv\/ru\/product\/casa-r7-h-smart\/","og_site_name":"Ecowise","article_modified_time":"2024-06-13T08:55:50+00:00","og_image":[{"width":600,"height":450,"url":"https:\/\/ecowise.lv\/wp-content\/uploads\/2023\/04\/CardImage-1-6.png","type":"image\/png"}],"twitter_card":"summary_large_image","twitter_misc":{"\u041f\u0440\u0438\u043c\u0435\u0440\u043d\u043e\u0435 \u0432\u0440\u0435\u043c\u044f \u0434\u043b\u044f \u0447\u0442\u0435\u043d\u0438\u044f":"1 \u043c\u0438\u043d\u0443\u0442\u0430"},"schema":{"@context":"https:\/\/schema.org","@graph":[{"@type":"WebPage","@id":"https:\/\/ecowise.lv\/product\/casa-r7-h-smart\/","url":"https:\/\/ecowise.lv\/product\/casa-r7-h-smart\/","name":"CASA R7-H Smart siltuma atg\u016b\u0161anas iek\u0101rta","isPartOf":{"@id":"https:\/\/ecowise.lv\/#website"},"primaryImageOfPage":{"@id":"https:\/\/ecowise.lv\/product\/casa-r7-h-smart\/#primaryimage"},"image":{"@id":"https:\/\/ecowise.lv\/product\/casa-r7-h-smart\/#primaryimage"},"thumbnailUrl":"https:\/\/ecowise.lv\/wp-content\/uploads\/2023\/04\/CardImage-1-6.png","datePublished":"2023-04-05T13:39:07+00:00","dateModified":"2024-06-13T08:55:50+00:00","description":"Siltuma atg\u016b\u0161anas iek\u0101rta ar rot\u0101cijas siltummaini CASA R7-H Smart","breadcrumb":{"@id":"https:\/\/ecowise.lv\/product\/casa-r7-h-smart\/#breadcrumb"},"inLanguage":"ru-RU","potentialAction":[{"@type":"ReadAction","target":["https:\/\/ecowise.lv\/product\/casa-r7-h-smart\/"]}]},{"@type":"ImageObject","inLanguage":"ru-RU","@id":"https:\/\/ecowise.lv\/product\/casa-r7-h-smart\/#primaryimage","url":"https:\/\/ecowise.lv\/wp-content\/uploads\/2023\/04\/CardImage-1-6.png","contentUrl":"https:\/\/ecowise.lv\/wp-content\/uploads\/2023\/04\/CardImage-1-6.png","width":600,"height":450},{"@type":"BreadcrumbList","@id":"https:\/\/ecowise.lv\/product\/casa-r7-h-smart\/#breadcrumb","itemListElement":[{"@type":"ListItem","position":1,"name":"Products","item":"https:\/\/ecowise.lv\/shop\/"},{"@type":"ListItem","position":2,"name":"CASA R7-H"}]},{"@type":"WebSite","@id":"https:\/\/ecowise.lv\/#website","url":"https:\/\/ecowise.lv\/","name":"Ecowise","description":"Ener\u0123ijas pat\u0113ri\u0146a samazin\u0101jums","publisher":{"@id":"https:\/\/ecowise.lv\/#organization"},"potentialAction":[{"@type":"SearchAction","target":{"@type":"EntryPoint","urlTemplate":"https:\/\/ecowise.lv\/?s={search_term_string}"},"query-input":{"@type":"PropertyValueSpecification","valueRequired":true,"valueName":"search_term_string"}}],"inLanguage":"ru-RU"},{"@type":"Organization","@id":"https:\/\/ecowise.lv\/#organization","name":"Ecowise","url":"https:\/\/ecowise.lv\/","logo":{"@type":"ImageObject","inLanguage":"ru-RU","@id":"https:\/\/ecowise.lv\/#\/schema\/logo\/image\/","url":"https:\/\/ecowise.lv\/wp-content\/uploads\/2023\/03\/logo.svg","contentUrl":"https:\/\/ecowise.lv\/wp-content\/uploads\/2023\/03\/logo.svg","width":207,"height":27,"caption":"Ecowise"},"image":{"@id":"https:\/\/ecowise.lv\/#\/schema\/logo\/image\/"}}]}},"_links":{"self":[{"href":"https:\/\/ecowise.lv\/ru\/wp-json\/wp\/v2\/product\/1312","targetHints":{"allow":["GET"]}}],"collection":[{"href":"https:\/\/ecowise.lv\/ru\/wp-json\/wp\/v2\/product"}],"about":[{"href":"https:\/\/ecowise.lv\/ru\/wp-json\/wp\/v2\/types\/product"}],"wp:featuredmedia":[{"embeddable":true,"href":"https:\/\/ecowise.lv\/ru\/wp-json\/wp\/v2\/media\/3218"}],"wp:attachment":[{"href":"https:\/\/ecowise.lv\/ru\/wp-json\/wp\/v2\/media?parent=1312"}],"wp:term":[{"taxonomy":"product_brand","embeddable":true,"href":"https:\/\/ecowise.lv\/ru\/wp-json\/wp\/v2\/product_brand?post=1312"},{"taxonomy":"product_cat","embeddable":true,"href":"https:\/\/ecowise.lv\/ru\/wp-json\/wp\/v2\/product_cat?post=1312"},{"taxonomy":"product_tag","embeddable":true,"href":"https:\/\/ecowise.lv\/ru\/wp-json\/wp\/v2\/product_tag?post=1312"}],"curies":[{"name":"wp","href":"https:\/\/api.w.org\/{rel}","templated":true}]}}