{"id":1307,"date":"2023-04-05T16:39:02","date_gmt":"2023-04-05T13:39:02","guid":{"rendered":"https:\/\/ecowise.lv\/?post_type=product&#038;p=1307"},"modified":"2023-10-30T09:31:18","modified_gmt":"2023-10-30T07:31:18","slug":"paragon-wall","status":"publish","type":"product","link":"https:\/\/ecowise.lv\/ru\/product\/paragon-wall\/","title":{"rendered":"PARAGON Wall"},"content":{"rendered":"<p>Kompakts komforta modulis biroju telp\u0101m, viesn\u012bc\u0101m, apr\u016bpes centriem<\/p>\n<ul>\n<li>Dzes\u0113\u0161ana, ventil\u0101cija un apkure (elektrisk\u0101 vai \u016bdens)<\/li>\n<li>Past\u0101v\u012bgas pl\u016bsmas produkts ar ieregul\u0113\u0161anas sviru vienk\u0101r\u0161ai un \u0101trai past\u0101v\u012bgas pl\u016bsmas ieregul\u0113\u0161anai caur sprausl\u0101m<\/li>\n<li>Uzst\u0101d\u012b\u0161anai telpas aizmugur\u0113j\u0101 sien\u0101 un ide\u0101l\u0101 gad\u012bjum\u0101 novietots virs blakus eso\u0161\u0101 koridora piek\u0101rtajiem griestiem<\/li>\n<li>Produkts ir integr\u0113jams WISE sist\u0113m\u0101 k\u0101 pastav\u012bgas pl\u016bsmas modulis ar regul\u0113jamiem \u016bdens apsaistes v\u0101rstiem<\/li>\n<li>\u041f\u0440\u043e\u0441\u0442\u0430\u044f \u0443\u0441\u0442\u0430\u043d\u043e\u0432\u043a\u0430 \u0441 \u0434\u0432\u0443\u043c\u044f \u043e\u043f\u0446\u0438\u043e\u043d\u0430\u043b\u044c\u043d\u044b\u043c\u0438 \u0441\u0442\u043e\u0440\u043e\u043d\u0430\u043c\u0438 \u043f\u043e\u0434\u043a\u043b\u044e\u0447\u0435\u043d\u0438\u044f \u0432\u043e\u0434\u044b \u0438 \u0446\u0435\u043d\u0442\u0440\u0430\u043b\u0438\u0437\u043e\u0432\u0430\u043d\u043d\u044b\u043c \u043f\u043e\u0434\u043a\u043b\u044e\u0447\u0435\u043d\u0438\u0435\u043c \u0432\u043e\u0437\u0434\u0443\u0448\u043d\u043e\u0433\u043e \u043a\u0430\u043d\u0430\u043b\u0430<\/li>\n<li>Viena reste gan piepl\u016bdes gaisam gan no telpas pies\u016bcamajam gaisam<\/li>\n<li>Pieejams ar r\u016bpn\u012bc\u0101 uzst\u0101d\u012bta vad\u012bbas apr\u012bkojumu<\/li>\n<li>Main\u0101ms gaisa padeves virziens ar ADC un regul\u0113jam\u0101m rest\u0113m<\/li>\n<li>\u041d\u0438\u0437\u043a\u0430\u044f \u0432\u044b\u0441\u043e\u0442\u0430 \u0443\u0441\u0442\u0430\u043d\u043e\u0432\u043a\u0438<\/li>\n<li>Augsts ra\u017e\u012bgums<\/li>\n<\/ul>\n<p>&nbsp;<\/p>\n<p><strong>PARAGON Hotel<\/strong><\/p>\n<p><iframe title=\"PARAGON Hotel\" src=\"https:\/\/www.youtube.com\/embed\/l1nrkRmr38Y?feature=oembed\" width=\"640\" height=\"360\" frameborder=\"0\" allowfullscreen=\"allowfullscreen\" data-mce-fragment=\"1\"><\/iframe><\/p>\n<div class=\"h-margin-top-3 h-margin-bottom-3\">\n<p>&nbsp;<\/p>\n<p><strong>PARAGON Care room<\/strong><\/p>\n<p><iframe title=\"PARAGON Care room\" src=\"https:\/\/www.youtube.com\/embed\/o40vq590ZMM?feature=oembed\" width=\"640\" height=\"360\" frameborder=\"0\" allowfullscreen=\"allowfullscreen\" data-mce-fragment=\"1\"><\/iframe><\/p>\n<\/div>\n<div class=\"h-margin-top-3 h-margin-bottom-3\">\n<div class=\"row\">\n<div class=\"col\">\n<h4><\/h4>\n<h4>\u0422\u0435\u0445\u043d\u0438\u0447\u0435\u0441\u043a\u0438\u0435 \u0434\u0430\u043d\u043d\u044b\u0435<\/h4>\n<\/div>\n<\/div>\n<\/div>\n<div>\n<div class=\"horizontal-scroller\" data-show-scroll-icon=\"true\">\n<div class=\"horizontal-scroller__scroller\">\n<div class=\"col-sm-6 col-md-6 col-xs-12\">\n<table width=\"611\">\n<tbody>\n<tr>\n<td colspan=\"2\" width=\"152\">Gaisa pl\u016bsmas:<\/td>\n<td width=\"104\">\u0414\u0430\u0432\u043b\u0435\u043d\u0438\u0435:<\/td>\n<td width=\"155\">\u041e\u0431\u0449\u0430\u044f \u043e\u0445\u043b\u0430\u0436\u0434\u0430\u044e\u0449\u0430\u044f \u043c\u043e\u0449\u043d\u043e\u0441\u0442\u044c:<\/td>\n<td colspan=\"2\" width=\"200\">\u041c\u043e\u0449\u043d\u043e\u0441\u0442\u044c \u043e\u0442\u043e\u043f\u043b\u0435\u043d\u0438\u044f:<\/td>\n<\/tr>\n<tr>\n<td>\u043b\/\u0441<\/td>\n<td>\u043c<sup>3<\/sup>\/\u0447<\/td>\n<td>Pa<\/td>\n<td>\u0412\u0442<\/td>\n<td>\u0432\u043e\u0434\u0430 (\u0412\u0442)<\/td>\n<td>\u044d\u043b\u0435\u043a\u0442\u0440\u0438\u0447\u0435\u0441\u0442\u0432\u043e (\u0412\u0442)<\/td>\n<\/tr>\n<tr>\n<td>0 -85<\/td>\n<td>0 &#8211; 306<\/td>\n<td>20 &#8211; 200<\/td>\n<td>\u0414\u043e 2682<\/td>\n<td>\u0414\u043e 4274<\/td>\n<td>\u0414\u043e 1000<\/td>\n<\/tr>\n<\/tbody>\n<\/table>\n<\/div>\n<\/div>\n<\/div>\n<div class=\"col-sm-6 col-md-6 col-xs-12\">\n<div class=\"horizontal-scroller\" data-show-scroll-icon=\"true\">\n<div class=\"horizontal-scroller__scroller\">\n<div class=\"col-sm-6 col-md-6 col-xs-12\">\n<table width=\"192\">\n<tbody>\n<tr>\n<td colspan=\"3\" width=\"192\">\u0420\u0430\u0437\u043c\u0435\u0440<\/td>\n<\/tr>\n<tr>\n<td width=\"64\">\u0414\u043b\u0438\u043d\u0430<\/td>\n<td width=\"64\">\u0413\u043b\u0443\u0431\u0438\u043d\u0430<\/td>\n<td width=\"64\">\u0412\u044b\u0441\u043e\u0442\u0430<\/td>\n<\/tr>\n<tr>\n<td width=\"64\">(mm)<\/td>\n<td width=\"64\">(mm)<\/td>\n<td width=\"64\">(mm)<\/td>\n<\/tr>\n<tr>\n<td width=\"64\">800, 1100, 1400<\/td>\n<td width=\"64\">722<\/td>\n<td width=\"64\">286<\/td>\n<\/tr>\n<\/tbody>\n<\/table>\n<\/div>\n<\/div>\n<\/div>\n<\/div>\n<\/div>","protected":false},"excerpt":{"rendered":"<h4>\u041a\u043e\u043c\u043f\u0430\u043a\u0442\u043d\u044b\u0439 \u043a\u043e\u043c\u0444\u043e\u0440\u0442-\u043c\u043e\u0434\u0443\u043b\u044c \u0434\u043b\u044f \u043e\u0445\u043b\u0430\u0436\u0434\u0435\u043d\u0438\u044f, \u043e\u0442\u043e\u043f\u043b\u0435\u043d\u0438\u044f \u0438 \u0432\u0435\u043d\u0442\u0438\u043b\u044f\u0446\u0438\u0438<\/h4>","protected":false},"featured_media":2660,"template":"","meta":{"_acf_changed":false,"inline_featured_image":false,"_links_to":"","_links_to_target":""},"product_brand":[],"product_cat":[83],"product_tag":[],"class_list":{"0":"post-1307","1":"product","2":"type-product","3":"status-publish","4":"has-post-thumbnail","6":"product_cat-komforta-moduli-ar-1-virziena-gaisa-padevi","8":"first","9":"instock","10":"shipping-taxable","11":"product-type-simple"},"acf":[],"yoast_head":"<!-- This site is optimized with the Yoast SEO plugin v27.0 - https:\/\/yoast.com\/product\/yoast-seo-wordpress\/ -->\n<title>PARAGON Wall<\/title>\n<meta name=\"description\" content=\"Kompakts komforta modulis dzes\u0113\u0161anai, apkurei un ventil\u0101cijai\" \/>\n<meta name=\"robots\" content=\"index, follow, max-snippet:-1, max-image-preview:large, max-video-preview:-1\" \/>\n<link rel=\"canonical\" href=\"https:\/\/ecowise.lv\/ru\/product\/paragon-wall\/\" \/>\n<meta property=\"og:locale\" content=\"ru_RU\" \/>\n<meta property=\"og:type\" content=\"article\" \/>\n<meta property=\"og:title\" content=\"PARAGON Wall\" \/>\n<meta property=\"og:description\" content=\"Kompakts komforta modulis dzes\u0113\u0161anai, apkurei un ventil\u0101cijai\" \/>\n<meta property=\"og:url\" content=\"https:\/\/ecowise.lv\/ru\/product\/paragon-wall\/\" \/>\n<meta property=\"og:site_name\" content=\"Ecowise\" \/>\n<meta property=\"article:modified_time\" content=\"2023-10-30T07:31:18+00:00\" \/>\n<meta property=\"og:image\" content=\"https:\/\/ecowise.lv\/wp-content\/uploads\/2023\/04\/paragon_d_wall_front.jpg\" \/>\n\t<meta property=\"og:image:width\" content=\"768\" \/>\n\t<meta property=\"og:image:height\" content=\"576\" \/>\n\t<meta property=\"og:image:type\" content=\"image\/jpeg\" \/>\n<meta name=\"twitter:card\" content=\"summary_large_image\" \/>\n<meta name=\"twitter:label1\" content=\"\u041f\u0440\u0438\u043c\u0435\u0440\u043d\u043e\u0435 \u0432\u0440\u0435\u043c\u044f \u0434\u043b\u044f \u0447\u0442\u0435\u043d\u0438\u044f\" \/>\n\t<meta name=\"twitter:data1\" content=\"1 \u043c\u0438\u043d\u0443\u0442\u0430\" \/>\n<script type=\"application\/ld+json\" class=\"yoast-schema-graph\">{\"@context\":\"https:\/\/schema.org\",\"@graph\":[{\"@type\":\"WebPage\",\"@id\":\"https:\/\/ecowise.lv\/product\/paragon-wall\/\",\"url\":\"https:\/\/ecowise.lv\/product\/paragon-wall\/\",\"name\":\"PARAGON Wall\",\"isPartOf\":{\"@id\":\"https:\/\/ecowise.lv\/#website\"},\"primaryImageOfPage\":{\"@id\":\"https:\/\/ecowise.lv\/product\/paragon-wall\/#primaryimage\"},\"image\":{\"@id\":\"https:\/\/ecowise.lv\/product\/paragon-wall\/#primaryimage\"},\"thumbnailUrl\":\"https:\/\/ecowise.lv\/wp-content\/uploads\/2023\/04\/paragon_d_wall_front.jpg\",\"datePublished\":\"2023-04-05T13:39:02+00:00\",\"dateModified\":\"2023-10-30T07:31:18+00:00\",\"description\":\"Kompakts komforta modulis dzes\u0113\u0161anai, apkurei un ventil\u0101cijai\",\"breadcrumb\":{\"@id\":\"https:\/\/ecowise.lv\/product\/paragon-wall\/#breadcrumb\"},\"inLanguage\":\"ru-RU\",\"potentialAction\":[{\"@type\":\"ReadAction\",\"target\":[\"https:\/\/ecowise.lv\/product\/paragon-wall\/\"]}]},{\"@type\":\"ImageObject\",\"inLanguage\":\"ru-RU\",\"@id\":\"https:\/\/ecowise.lv\/product\/paragon-wall\/#primaryimage\",\"url\":\"https:\/\/ecowise.lv\/wp-content\/uploads\/2023\/04\/paragon_d_wall_front.jpg\",\"contentUrl\":\"https:\/\/ecowise.lv\/wp-content\/uploads\/2023\/04\/paragon_d_wall_front.jpg\",\"width\":768,\"height\":576},{\"@type\":\"BreadcrumbList\",\"@id\":\"https:\/\/ecowise.lv\/product\/paragon-wall\/#breadcrumb\",\"itemListElement\":[{\"@type\":\"ListItem\",\"position\":1,\"name\":\"Products\",\"item\":\"https:\/\/ecowise.lv\/shop\/\"},{\"@type\":\"ListItem\",\"position\":2,\"name\":\"PARAGON Wall\"}]},{\"@type\":\"WebSite\",\"@id\":\"https:\/\/ecowise.lv\/#website\",\"url\":\"https:\/\/ecowise.lv\/\",\"name\":\"Ecowise\",\"description\":\"Ener\u0123ijas pat\u0113ri\u0146a samazin\u0101jums\",\"publisher\":{\"@id\":\"https:\/\/ecowise.lv\/#organization\"},\"potentialAction\":[{\"@type\":\"SearchAction\",\"target\":{\"@type\":\"EntryPoint\",\"urlTemplate\":\"https:\/\/ecowise.lv\/?s={search_term_string}\"},\"query-input\":{\"@type\":\"PropertyValueSpecification\",\"valueRequired\":true,\"valueName\":\"search_term_string\"}}],\"inLanguage\":\"ru-RU\"},{\"@type\":\"Organization\",\"@id\":\"https:\/\/ecowise.lv\/#organization\",\"name\":\"Ecowise\",\"url\":\"https:\/\/ecowise.lv\/\",\"logo\":{\"@type\":\"ImageObject\",\"inLanguage\":\"ru-RU\",\"@id\":\"https:\/\/ecowise.lv\/#\/schema\/logo\/image\/\",\"url\":\"https:\/\/ecowise.lv\/wp-content\/uploads\/2023\/03\/logo.svg\",\"contentUrl\":\"https:\/\/ecowise.lv\/wp-content\/uploads\/2023\/03\/logo.svg\",\"width\":207,\"height\":27,\"caption\":\"Ecowise\"},\"image\":{\"@id\":\"https:\/\/ecowise.lv\/#\/schema\/logo\/image\/\"}}]}<\/script>\n<!-- \/ Yoast SEO plugin. -->","yoast_head_json":{"title":"PARAGON Wall","description":"Kompakts komforta modulis dzes\u0113\u0161anai, apkurei un ventil\u0101cijai","robots":{"index":"index","follow":"follow","max-snippet":"max-snippet:-1","max-image-preview":"max-image-preview:large","max-video-preview":"max-video-preview:-1"},"canonical":"https:\/\/ecowise.lv\/ru\/product\/paragon-wall\/","og_locale":"ru_RU","og_type":"article","og_title":"PARAGON Wall","og_description":"Kompakts komforta modulis dzes\u0113\u0161anai, apkurei un ventil\u0101cijai","og_url":"https:\/\/ecowise.lv\/ru\/product\/paragon-wall\/","og_site_name":"Ecowise","article_modified_time":"2023-10-30T07:31:18+00:00","og_image":[{"width":768,"height":576,"url":"https:\/\/ecowise.lv\/wp-content\/uploads\/2023\/04\/paragon_d_wall_front.jpg","type":"image\/jpeg"}],"twitter_card":"summary_large_image","twitter_misc":{"\u041f\u0440\u0438\u043c\u0435\u0440\u043d\u043e\u0435 \u0432\u0440\u0435\u043c\u044f \u0434\u043b\u044f \u0447\u0442\u0435\u043d\u0438\u044f":"1 \u043c\u0438\u043d\u0443\u0442\u0430"},"schema":{"@context":"https:\/\/schema.org","@graph":[{"@type":"WebPage","@id":"https:\/\/ecowise.lv\/product\/paragon-wall\/","url":"https:\/\/ecowise.lv\/product\/paragon-wall\/","name":"PARAGON Wall","isPartOf":{"@id":"https:\/\/ecowise.lv\/#website"},"primaryImageOfPage":{"@id":"https:\/\/ecowise.lv\/product\/paragon-wall\/#primaryimage"},"image":{"@id":"https:\/\/ecowise.lv\/product\/paragon-wall\/#primaryimage"},"thumbnailUrl":"https:\/\/ecowise.lv\/wp-content\/uploads\/2023\/04\/paragon_d_wall_front.jpg","datePublished":"2023-04-05T13:39:02+00:00","dateModified":"2023-10-30T07:31:18+00:00","description":"Kompakts komforta modulis dzes\u0113\u0161anai, apkurei un ventil\u0101cijai","breadcrumb":{"@id":"https:\/\/ecowise.lv\/product\/paragon-wall\/#breadcrumb"},"inLanguage":"ru-RU","potentialAction":[{"@type":"ReadAction","target":["https:\/\/ecowise.lv\/product\/paragon-wall\/"]}]},{"@type":"ImageObject","inLanguage":"ru-RU","@id":"https:\/\/ecowise.lv\/product\/paragon-wall\/#primaryimage","url":"https:\/\/ecowise.lv\/wp-content\/uploads\/2023\/04\/paragon_d_wall_front.jpg","contentUrl":"https:\/\/ecowise.lv\/wp-content\/uploads\/2023\/04\/paragon_d_wall_front.jpg","width":768,"height":576},{"@type":"BreadcrumbList","@id":"https:\/\/ecowise.lv\/product\/paragon-wall\/#breadcrumb","itemListElement":[{"@type":"ListItem","position":1,"name":"Products","item":"https:\/\/ecowise.lv\/shop\/"},{"@type":"ListItem","position":2,"name":"PARAGON Wall"}]},{"@type":"WebSite","@id":"https:\/\/ecowise.lv\/#website","url":"https:\/\/ecowise.lv\/","name":"Ecowise","description":"Ener\u0123ijas pat\u0113ri\u0146a samazin\u0101jums","publisher":{"@id":"https:\/\/ecowise.lv\/#organization"},"potentialAction":[{"@type":"SearchAction","target":{"@type":"EntryPoint","urlTemplate":"https:\/\/ecowise.lv\/?s={search_term_string}"},"query-input":{"@type":"PropertyValueSpecification","valueRequired":true,"valueName":"search_term_string"}}],"inLanguage":"ru-RU"},{"@type":"Organization","@id":"https:\/\/ecowise.lv\/#organization","name":"Ecowise","url":"https:\/\/ecowise.lv\/","logo":{"@type":"ImageObject","inLanguage":"ru-RU","@id":"https:\/\/ecowise.lv\/#\/schema\/logo\/image\/","url":"https:\/\/ecowise.lv\/wp-content\/uploads\/2023\/03\/logo.svg","contentUrl":"https:\/\/ecowise.lv\/wp-content\/uploads\/2023\/03\/logo.svg","width":207,"height":27,"caption":"Ecowise"},"image":{"@id":"https:\/\/ecowise.lv\/#\/schema\/logo\/image\/"}}]}},"_links":{"self":[{"href":"https:\/\/ecowise.lv\/ru\/wp-json\/wp\/v2\/product\/1307","targetHints":{"allow":["GET"]}}],"collection":[{"href":"https:\/\/ecowise.lv\/ru\/wp-json\/wp\/v2\/product"}],"about":[{"href":"https:\/\/ecowise.lv\/ru\/wp-json\/wp\/v2\/types\/product"}],"wp:featuredmedia":[{"embeddable":true,"href":"https:\/\/ecowise.lv\/ru\/wp-json\/wp\/v2\/media\/2660"}],"wp:attachment":[{"href":"https:\/\/ecowise.lv\/ru\/wp-json\/wp\/v2\/media?parent=1307"}],"wp:term":[{"taxonomy":"product_brand","embeddable":true,"href":"https:\/\/ecowise.lv\/ru\/wp-json\/wp\/v2\/product_brand?post=1307"},{"taxonomy":"product_cat","embeddable":true,"href":"https:\/\/ecowise.lv\/ru\/wp-json\/wp\/v2\/product_cat?post=1307"},{"taxonomy":"product_tag","embeddable":true,"href":"https:\/\/ecowise.lv\/ru\/wp-json\/wp\/v2\/product_tag?post=1307"}],"curies":[{"name":"wp","href":"https:\/\/api.w.org\/{rel}","templated":true}]}}