{"id":1287,"date":"2023-04-05T16:38:59","date_gmt":"2023-04-05T13:38:59","guid":{"rendered":"https:\/\/ecowise.lv\/?post_type=product&#038;p=1287"},"modified":"2024-02-21T11:42:11","modified_gmt":"2024-02-21T09:42:11","slug":"sotto","status":"publish","type":"product","link":"https:\/\/ecowise.lv\/ru\/product\/sotto\/","title":{"rendered":"SOTTO"},"content":{"rendered":"<h3>\u0417\u0432\u0443\u043a\u043e\u043f\u043e\u0433\u043b\u043e\u0449\u0430\u044e\u0449\u0438\u0439 \u043f\u0435\u0440\u0435\u043b\u0438\u0432\u043d\u043e\u0439 \u0434\u0438\u0444\u0444\u0443\u0437\u043e\u0440<\/h3>\n<ul>\n<li>\u041f\u043e\u0441\u0442\u0430\u0432\u043b\u044f\u0435\u0442\u0441\u044f \u0438\u043d\u0434\u0438\u0432\u0438\u0434\u0443\u0430\u043b\u044c\u043d\u043e<\/li>\n<li>\u0414\u043b\u044f \u043e\u0442\u0432\u043e\u0434\u0430 \u0432\u043e\u0437\u0434\u0443\u0445\u0430 \u0447\u0435\u0440\u0435\u0437 \u0441\u0442\u0435\u043d\u044b<\/li>\n<li>\u041f\u043e\u0434\u0445\u043e\u0434\u0438\u0442 \u0434\u043b\u044f \u043e\u0442\u0432\u0435\u0440\u0441\u0442\u0438\u044f \u0441 \u043a\u0440\u0443\u0433\u043b\u044b\u043c \u0432\u044b\u0440\u0435\u0437\u043e\u043c.<\/li>\n<li>\u041f\u0440\u043e\u0441\u0442\u0430\u044f \u0443\u0441\u0442\u0430\u043d\u043e\u0432\u043a\u0430<\/li>\n<li>\u0410\u043a\u0441\u0435\u0441\u0441\u0443\u0430\u0440\u044b:\n<ul>\n<li>\u0422\u0440\u043e\u0439\u043d\u0438\u043a\u043e\u0432\u044b\u0439 \u0434\u0440\u043e\u0441\u0441\u0435\u043b\u044c\u043d\u044b\u0439 \u043a\u043b\u0430\u043f\u0430\u043d TRAC<\/li>\n<li>\u0422\u0435\u043b\u0435\u0441\u043a\u043e\u043f\u0438\u0447\u0435\u0441\u043a\u043e\u0435 \u0441\u0442\u0435\u043d\u043e\u0432\u043e\u0435 \u0441\u043e\u0435\u0434\u0438\u043d\u0435\u043d\u0438\u0435 VGC<\/li>\n<\/ul>\n<\/li>\n<li>\u0421\u0442\u0430\u043d\u0434\u0430\u0440\u0442\u043d\u044b\u0439 \u0446\u0432\u0435\u0442 \u0411\u0435\u043b\u044b\u0439 RAL 9003\n<ul>\n<li>5 \u0430\u043b\u044c\u0442\u0435\u0440\u043d\u0430\u0442\u0438\u0432\u043d\u044b\u0445 \u0441\u0442\u0430\u043d\u0434\u0430\u0440\u0442\u043d\u044b\u0445 \u0446\u0432\u0435\u0442\u043e\u0432<\/li>\n<li>\u0414\u0440\u0443\u0433\u0438\u0435 \u0446\u0432\u0435\u0442\u0430 \u043f\u043e \u0437\u0430\u043f\u0440\u043e\u0441\u0443<\/li>\n<\/ul>\n<\/li>\n<\/ul>\n<p>&nbsp;<\/p>\n<table style=\"height: 245px;\" width=\"989\">\n<tbody>\n<tr>\n<td class=\"bold v-align-bottom h-align-center\" colspan=\"9\"><strong>GAISA PL\u016aSMA \u2013 SPIEDIENA KRITIENS \u2013 Rw<\/strong><\/td>\n<\/tr>\n<tr>\n<td class=\"bold v-align-bottom h-align-left\" rowspan=\"2\"><strong>SOTTO<\/strong><br \/>\n<strong>Izm\u0113\u0157s<\/strong><\/td>\n<td class=\"bold v-align-bottom h-align-left\" rowspan=\"2\">\n<div class=\"gtx-body\"><strong>Caurums sien\u0101 (mm)<\/strong><\/div>\n<\/td>\n<td class=\"bold v-align-bottom h-align-center\" colspan=\"2\"><strong>10 Pa<\/strong><\/td>\n<td class=\"bold v-align-bottom h-align-center\" colspan=\"2\"><strong>15 Pa<\/strong><\/td>\n<td class=\"bold v-align-bottom h-align-center\" colspan=\"2\"><strong>20 Pa<\/strong><\/td>\n<td class=\"bold v-align-bottom h-align-left\" rowspan=\"2\"><strong>Rw=Dn,ew (dB)<\/strong><\/td>\n<\/tr>\n<tr>\n<td class=\"bold v-align-bottom h-align-left\"><strong>\u043b\/\u0441<\/strong><\/td>\n<td class=\"bold v-align-bottom h-align-left\"><strong>\u043c3\/\u0447<\/strong><\/td>\n<td class=\"bold v-align-bottom h-align-left\"><strong>\u043b\/\u0441<\/strong><\/td>\n<td class=\"bold v-align-bottom h-align-left\"><strong>\u043c3\/\u0447<\/strong><\/td>\n<td class=\"bold v-align-bottom h-align-left\"><strong>\u043b\/\u0441<\/strong><\/td>\n<td class=\"bold v-align-bottom h-align-left\"><strong>\u043c3\/\u0447<\/strong><\/td>\n<\/tr>\n<tr>\n<td class=\"v-align-bottom h-align-left\">80-100<\/td>\n<td class=\"v-align-bottom h-align-left\">80<\/td>\n<td class=\"v-align-bottom h-align-left\">14<\/td>\n<td class=\"v-align-bottom h-align-left\">50<\/td>\n<td class=\"v-align-bottom h-align-left\">17<\/td>\n<td class=\"v-align-bottom h-align-left\">61<\/td>\n<td class=\"v-align-bottom h-align-left\">19<\/td>\n<td class=\"v-align-bottom h-align-left\">68<\/td>\n<td class=\"v-align-bottom h-align-left\">55<\/td>\n<\/tr>\n<tr>\n<td class=\"v-align-bottom h-align-left\">80-100<\/td>\n<td class=\"v-align-bottom h-align-left\">100<\/td>\n<td class=\"v-align-bottom h-align-left\">16<\/td>\n<td class=\"v-align-bottom h-align-left\">58<\/td>\n<td class=\"v-align-bottom h-align-left\">19<\/td>\n<td class=\"v-align-bottom h-align-left\">68<\/td>\n<td class=\"v-align-bottom h-align-left\">23<\/td>\n<td class=\"v-align-bottom h-align-left\">83<\/td>\n<td class=\"v-align-bottom h-align-left\">55<\/td>\n<\/tr>\n<tr>\n<td class=\"v-align-bottom h-align-left\">125-160<\/td>\n<td class=\"v-align-bottom h-align-left\">125<\/td>\n<td class=\"v-align-bottom h-align-left\">21<\/td>\n<td class=\"v-align-bottom h-align-left\">76<\/td>\n<td class=\"v-align-bottom h-align-left\">25<\/td>\n<td class=\"v-align-bottom h-align-left\">90<\/td>\n<td class=\"v-align-bottom h-align-left\">29<\/td>\n<td class=\"v-align-bottom h-align-left\">104<\/td>\n<td class=\"v-align-bottom h-align-left\">51<\/td>\n<\/tr>\n<tr>\n<td class=\"v-align-bottom h-align-left\">125-160<\/td>\n<td class=\"v-align-bottom h-align-left\">160<\/td>\n<td class=\"v-align-bottom h-align-left\">23<\/td>\n<td class=\"v-align-bottom h-align-left\">83<\/td>\n<td class=\"v-align-bottom h-align-left\">27<\/td>\n<td class=\"v-align-bottom h-align-left\">97<\/td>\n<td class=\"v-align-bottom h-align-left\">31<\/td>\n<td class=\"v-align-bottom h-align-left\">112<\/td>\n<td class=\"v-align-bottom h-align-left\">51<\/td>\n<\/tr>\n<tr>\n<td class=\"v-align-bottom h-align-left\" colspan=\"9\">\n<div class=\"gtx-body\">Dati attiecas uz uzst\u0101d\u012b\u0161anu 100 mm biez\u0101 rad\u017eot\u0101 sien\u0101 ar 10 m\u00b2 p\u0101rraides laukumu. Viens p\u0101rneses difuzors katr\u0101 sienas pus\u0113.<\/div>\n<\/td>\n<\/tr>\n<\/tbody>\n<\/table>","protected":false},"excerpt":{"rendered":"<h4>\u0414\u0438\u0444\u0444\u0443\u0437\u043e\u0440 \u041f\u0435\u0440\u0435\u043b\u0438\u0432\u0430<\/h4>\n<h4>80-160, =&gt; 45 \u043b\/\u0441<\/h4>","protected":false},"featured_media":2241,"template":"","meta":{"_acf_changed":false,"inline_featured_image":false,"_links_to":"","_links_to_target":""},"product_brand":[],"product_cat":[66],"product_tag":[],"class_list":{"0":"post-1287","1":"product","2":"type-product","3":"status-publish","4":"has-post-thumbnail","6":"product_cat-gaisa-parpludes","8":"first","9":"instock","10":"shipping-taxable","11":"product-type-simple"},"acf":[],"yoast_head":"<!-- This site is optimized with the Yoast SEO plugin v27.0 - https:\/\/yoast.com\/product\/yoast-seo-wordpress\/ -->\n<title>SOTTO<\/title>\n<meta name=\"description\" content=\"Ska\u0146as v\u0101jino\u0161\u0101 p\u0101rs\u016bt\u012b\u0161anas ier\u012bce SOTTO\" \/>\n<meta name=\"robots\" content=\"index, follow, max-snippet:-1, max-image-preview:large, max-video-preview:-1\" \/>\n<link rel=\"canonical\" href=\"https:\/\/ecowise.lv\/ru\/product\/sotto\/\" \/>\n<meta property=\"og:locale\" content=\"ru_RU\" \/>\n<meta property=\"og:type\" content=\"article\" \/>\n<meta property=\"og:title\" content=\"SOTTO\" \/>\n<meta property=\"og:description\" content=\"Ska\u0146as v\u0101jino\u0161\u0101 p\u0101rs\u016bt\u012b\u0161anas ier\u012bce SOTTO\" \/>\n<meta property=\"og:url\" content=\"https:\/\/ecowise.lv\/ru\/product\/sotto\/\" \/>\n<meta property=\"og:site_name\" content=\"Ecowise\" \/>\n<meta property=\"article:modified_time\" content=\"2024-02-21T09:42:11+00:00\" \/>\n<meta property=\"og:image\" content=\"https:\/\/ecowise.lv\/wp-content\/uploads\/2023\/04\/sotto-productimage.jpg\" \/>\n\t<meta property=\"og:image:width\" content=\"768\" \/>\n\t<meta property=\"og:image:height\" content=\"576\" \/>\n\t<meta property=\"og:image:type\" content=\"image\/jpeg\" \/>\n<meta name=\"twitter:card\" content=\"summary_large_image\" \/>\n<meta name=\"twitter:label1\" content=\"\u041f\u0440\u0438\u043c\u0435\u0440\u043d\u043e\u0435 \u0432\u0440\u0435\u043c\u044f \u0434\u043b\u044f \u0447\u0442\u0435\u043d\u0438\u044f\" \/>\n\t<meta name=\"twitter:data1\" content=\"1 \u043c\u0438\u043d\u0443\u0442\u0430\" \/>\n<script type=\"application\/ld+json\" class=\"yoast-schema-graph\">{\"@context\":\"https:\/\/schema.org\",\"@graph\":[{\"@type\":\"WebPage\",\"@id\":\"https:\/\/ecowise.lv\/product\/sotto\/\",\"url\":\"https:\/\/ecowise.lv\/product\/sotto\/\",\"name\":\"SOTTO\",\"isPartOf\":{\"@id\":\"https:\/\/ecowise.lv\/#website\"},\"primaryImageOfPage\":{\"@id\":\"https:\/\/ecowise.lv\/product\/sotto\/#primaryimage\"},\"image\":{\"@id\":\"https:\/\/ecowise.lv\/product\/sotto\/#primaryimage\"},\"thumbnailUrl\":\"https:\/\/ecowise.lv\/wp-content\/uploads\/2023\/04\/sotto-productimage.jpg\",\"datePublished\":\"2023-04-05T13:38:59+00:00\",\"dateModified\":\"2024-02-21T09:42:11+00:00\",\"description\":\"Ska\u0146as v\u0101jino\u0161\u0101 p\u0101rs\u016bt\u012b\u0161anas ier\u012bce SOTTO\",\"breadcrumb\":{\"@id\":\"https:\/\/ecowise.lv\/product\/sotto\/#breadcrumb\"},\"inLanguage\":\"ru-RU\",\"potentialAction\":[{\"@type\":\"ReadAction\",\"target\":[\"https:\/\/ecowise.lv\/product\/sotto\/\"]}]},{\"@type\":\"ImageObject\",\"inLanguage\":\"ru-RU\",\"@id\":\"https:\/\/ecowise.lv\/product\/sotto\/#primaryimage\",\"url\":\"https:\/\/ecowise.lv\/wp-content\/uploads\/2023\/04\/sotto-productimage.jpg\",\"contentUrl\":\"https:\/\/ecowise.lv\/wp-content\/uploads\/2023\/04\/sotto-productimage.jpg\",\"width\":768,\"height\":576},{\"@type\":\"BreadcrumbList\",\"@id\":\"https:\/\/ecowise.lv\/product\/sotto\/#breadcrumb\",\"itemListElement\":[{\"@type\":\"ListItem\",\"position\":1,\"name\":\"Products\",\"item\":\"https:\/\/ecowise.lv\/shop\/\"},{\"@type\":\"ListItem\",\"position\":2,\"name\":\"SOTTO\"}]},{\"@type\":\"WebSite\",\"@id\":\"https:\/\/ecowise.lv\/#website\",\"url\":\"https:\/\/ecowise.lv\/\",\"name\":\"Ecowise\",\"description\":\"Ener\u0123ijas pat\u0113ri\u0146a samazin\u0101jums\",\"publisher\":{\"@id\":\"https:\/\/ecowise.lv\/#organization\"},\"potentialAction\":[{\"@type\":\"SearchAction\",\"target\":{\"@type\":\"EntryPoint\",\"urlTemplate\":\"https:\/\/ecowise.lv\/?s={search_term_string}\"},\"query-input\":{\"@type\":\"PropertyValueSpecification\",\"valueRequired\":true,\"valueName\":\"search_term_string\"}}],\"inLanguage\":\"ru-RU\"},{\"@type\":\"Organization\",\"@id\":\"https:\/\/ecowise.lv\/#organization\",\"name\":\"Ecowise\",\"url\":\"https:\/\/ecowise.lv\/\",\"logo\":{\"@type\":\"ImageObject\",\"inLanguage\":\"ru-RU\",\"@id\":\"https:\/\/ecowise.lv\/#\/schema\/logo\/image\/\",\"url\":\"https:\/\/ecowise.lv\/wp-content\/uploads\/2023\/03\/logo.svg\",\"contentUrl\":\"https:\/\/ecowise.lv\/wp-content\/uploads\/2023\/03\/logo.svg\",\"width\":207,\"height\":27,\"caption\":\"Ecowise\"},\"image\":{\"@id\":\"https:\/\/ecowise.lv\/#\/schema\/logo\/image\/\"}}]}<\/script>\n<!-- \/ Yoast SEO plugin. -->","yoast_head_json":{"title":"SOTTO","description":"Ska\u0146as v\u0101jino\u0161\u0101 p\u0101rs\u016bt\u012b\u0161anas ier\u012bce SOTTO","robots":{"index":"index","follow":"follow","max-snippet":"max-snippet:-1","max-image-preview":"max-image-preview:large","max-video-preview":"max-video-preview:-1"},"canonical":"https:\/\/ecowise.lv\/ru\/product\/sotto\/","og_locale":"ru_RU","og_type":"article","og_title":"SOTTO","og_description":"Ska\u0146as v\u0101jino\u0161\u0101 p\u0101rs\u016bt\u012b\u0161anas ier\u012bce SOTTO","og_url":"https:\/\/ecowise.lv\/ru\/product\/sotto\/","og_site_name":"Ecowise","article_modified_time":"2024-02-21T09:42:11+00:00","og_image":[{"width":768,"height":576,"url":"https:\/\/ecowise.lv\/wp-content\/uploads\/2023\/04\/sotto-productimage.jpg","type":"image\/jpeg"}],"twitter_card":"summary_large_image","twitter_misc":{"\u041f\u0440\u0438\u043c\u0435\u0440\u043d\u043e\u0435 \u0432\u0440\u0435\u043c\u044f \u0434\u043b\u044f \u0447\u0442\u0435\u043d\u0438\u044f":"1 \u043c\u0438\u043d\u0443\u0442\u0430"},"schema":{"@context":"https:\/\/schema.org","@graph":[{"@type":"WebPage","@id":"https:\/\/ecowise.lv\/product\/sotto\/","url":"https:\/\/ecowise.lv\/product\/sotto\/","name":"SOTTO","isPartOf":{"@id":"https:\/\/ecowise.lv\/#website"},"primaryImageOfPage":{"@id":"https:\/\/ecowise.lv\/product\/sotto\/#primaryimage"},"image":{"@id":"https:\/\/ecowise.lv\/product\/sotto\/#primaryimage"},"thumbnailUrl":"https:\/\/ecowise.lv\/wp-content\/uploads\/2023\/04\/sotto-productimage.jpg","datePublished":"2023-04-05T13:38:59+00:00","dateModified":"2024-02-21T09:42:11+00:00","description":"Ska\u0146as v\u0101jino\u0161\u0101 p\u0101rs\u016bt\u012b\u0161anas ier\u012bce SOTTO","breadcrumb":{"@id":"https:\/\/ecowise.lv\/product\/sotto\/#breadcrumb"},"inLanguage":"ru-RU","potentialAction":[{"@type":"ReadAction","target":["https:\/\/ecowise.lv\/product\/sotto\/"]}]},{"@type":"ImageObject","inLanguage":"ru-RU","@id":"https:\/\/ecowise.lv\/product\/sotto\/#primaryimage","url":"https:\/\/ecowise.lv\/wp-content\/uploads\/2023\/04\/sotto-productimage.jpg","contentUrl":"https:\/\/ecowise.lv\/wp-content\/uploads\/2023\/04\/sotto-productimage.jpg","width":768,"height":576},{"@type":"BreadcrumbList","@id":"https:\/\/ecowise.lv\/product\/sotto\/#breadcrumb","itemListElement":[{"@type":"ListItem","position":1,"name":"Products","item":"https:\/\/ecowise.lv\/shop\/"},{"@type":"ListItem","position":2,"name":"SOTTO"}]},{"@type":"WebSite","@id":"https:\/\/ecowise.lv\/#website","url":"https:\/\/ecowise.lv\/","name":"Ecowise","description":"Ener\u0123ijas pat\u0113ri\u0146a samazin\u0101jums","publisher":{"@id":"https:\/\/ecowise.lv\/#organization"},"potentialAction":[{"@type":"SearchAction","target":{"@type":"EntryPoint","urlTemplate":"https:\/\/ecowise.lv\/?s={search_term_string}"},"query-input":{"@type":"PropertyValueSpecification","valueRequired":true,"valueName":"search_term_string"}}],"inLanguage":"ru-RU"},{"@type":"Organization","@id":"https:\/\/ecowise.lv\/#organization","name":"Ecowise","url":"https:\/\/ecowise.lv\/","logo":{"@type":"ImageObject","inLanguage":"ru-RU","@id":"https:\/\/ecowise.lv\/#\/schema\/logo\/image\/","url":"https:\/\/ecowise.lv\/wp-content\/uploads\/2023\/03\/logo.svg","contentUrl":"https:\/\/ecowise.lv\/wp-content\/uploads\/2023\/03\/logo.svg","width":207,"height":27,"caption":"Ecowise"},"image":{"@id":"https:\/\/ecowise.lv\/#\/schema\/logo\/image\/"}}]}},"_links":{"self":[{"href":"https:\/\/ecowise.lv\/ru\/wp-json\/wp\/v2\/product\/1287","targetHints":{"allow":["GET"]}}],"collection":[{"href":"https:\/\/ecowise.lv\/ru\/wp-json\/wp\/v2\/product"}],"about":[{"href":"https:\/\/ecowise.lv\/ru\/wp-json\/wp\/v2\/types\/product"}],"wp:featuredmedia":[{"embeddable":true,"href":"https:\/\/ecowise.lv\/ru\/wp-json\/wp\/v2\/media\/2241"}],"wp:attachment":[{"href":"https:\/\/ecowise.lv\/ru\/wp-json\/wp\/v2\/media?parent=1287"}],"wp:term":[{"taxonomy":"product_brand","embeddable":true,"href":"https:\/\/ecowise.lv\/ru\/wp-json\/wp\/v2\/product_brand?post=1287"},{"taxonomy":"product_cat","embeddable":true,"href":"https:\/\/ecowise.lv\/ru\/wp-json\/wp\/v2\/product_cat?post=1287"},{"taxonomy":"product_tag","embeddable":true,"href":"https:\/\/ecowise.lv\/ru\/wp-json\/wp\/v2\/product_tag?post=1287"}],"curies":[{"name":"wp","href":"https:\/\/api.w.org\/{rel}","templated":true}]}}