{"id":1285,"date":"2023-04-05T16:38:59","date_gmt":"2023-04-05T13:38:59","guid":{"rendered":"https:\/\/ecowise.lv\/?post_type=product&#038;p=1285"},"modified":"2024-02-21T11:20:14","modified_gmt":"2024-02-21T09:20:14","slug":"lta-gaismas-sietu-rezgis","status":"publish","type":"product","link":"https:\/\/ecowise.lv\/ru\/product\/lta-gaismas-sietu-rezgis\/","title":{"rendered":"LTA"},"content":{"rendered":"<h3>\u0421\u0432\u0435\u0442\u043e\u0437\u0430\u0449\u0438\u0442\u043d\u0430\u044f \u0440\u0435\u0448\u0435\u0442\u043a\u0430 \u0434\u043b\u044f \u0443\u0441\u0442\u0430\u043d\u043e\u0432\u043a\u0438 \u043d\u0430 \u0441\u0442\u0435\u043d\u0435 \u0438\u043b\u0438 \u0432 \u0434\u0432\u0435\u0440\u044f\u0445<\/h3>\n<p>LTA - \u044d\u0442\u043e \u043f\u0440\u044f\u043c\u043e\u0443\u0433\u043e\u043b\u044c\u043d\u0430\u044f \u0440\u0435\u0448\u0435\u0442\u043a\u0430 \u0434\u043b\u044f \u0443\u0441\u0442\u0430\u043d\u043e\u0432\u043a\u0438 \u0432 \u0441\u0442\u0435\u043d\u0430\u0445 \u0438\u043b\u0438 \u0434\u0432\u0435\u0440\u044f\u0445. \u041e\u043d\u0430 \u0438\u0441\u043f\u043e\u043b\u044c\u0437\u0443\u0435\u0442\u0441\u044f \u0432 \u043a\u0430\u0447\u0435\u0441\u0442\u0432\u0435 \u0434\u0438\u0444\u0444\u0443\u0437\u043e\u0440\u0430 \u0434\u043b\u044f \u043f\u043e\u0434\u0430\u0447\u0438 \u0438\u043b\u0438 \u043f\u0435\u0440\u0435\u043b\u0438\u0432\u0430 \u0432\u043e\u0437\u0434\u0443\u0445\u0430 \u043c\u0435\u0436\u0434\u0443 \u043f\u043e\u043c\u0435\u0449\u0435\u043d\u0438\u044f\u043c\u0438, \u0433\u0434\u0435 \u043d\u0435\u0436\u0435\u043b\u0430\u0442\u0435\u043b\u044c\u043d\u0430 \u043f\u0440\u043e\u043d\u0438\u0446\u0430\u0435\u043c\u043e\u0441\u0442\u044c \u0441\u0432\u0435\u0442\u0430.<\/p>\n<ul>\n<li>\u0411\u043b\u043e\u043a\u0438\u0440\u043e\u0432\u043a\u0430 \u0441\u0432\u0435\u0442\u0430<\/li>\n<li>\u0412 \u0441\u0442\u0430\u043d\u0434\u0430\u0440\u0442\u043d\u043e\u0439 \u043a\u043e\u043c\u043f\u043b\u0435\u043a\u0442\u0430\u0446\u0438\u0438 LTA \u043f\u043e\u0441\u0442\u0430\u0432\u043b\u044f\u0435\u0442\u0441\u044f \u0438\u0437 \u0430\u043d\u043e\u0434\u0438\u0440\u043e\u0432\u0430\u043d\u043d\u043e\u0433\u043e \u0430\u043b\u044e\u043c\u0438\u043d\u0438\u044f.<\/li>\n<li>\u0414\u043b\u044f \u0442\u0435\u043c\u043d\u044b\u0445 \u0441\u0442\u0435\u043d \u043f\u043e\u043c\u0435\u0449\u0435\u043d\u0438\u0439 \u0434\u043e\u0441\u0442\u0430\u0442\u043e\u0447\u043d\u043e \u0434\u0432\u0443\u0445 \u0432\u0435\u043d\u0442\u0438\u043b\u044f\u0446\u0438\u043e\u043d\u043d\u044b\u0445 \u0440\u0435\u0448\u0435\u0442\u043e\u043a \u0441 \u0447\u0435\u0440\u043d\u043e\u0439 \u043e\u0442\u0434\u0435\u043b\u043a\u043e\u0439<\/li>\n<li>\u0422\u0435\u043b\u0435\u0441\u043a\u043e\u043f\u0438\u0447\u0435\u0441\u043a\u0438\u0439 \u043f\u0440\u043e\u0442\u0438\u0432\u043e\u0437\u0430\u0449\u0435\u043b\u043a\u0438\u0432\u0430\u044e\u0449\u0438\u0439 \u043c\u0435\u0445\u0430\u043d\u0438\u0437\u043c<\/li>\n<\/ul>\n<p>&nbsp;<\/p>\n<table style=\"height: 407px;\" width=\"894\">\n<tbody>\n<tr>\n<td class=\"bold v-align-bottom h-align-center\" colspan=\"4\">\n<div class=\"gtx-body\"><strong>\u041f\u041e\u0422\u041e\u041a \u0412\u041e\u0417\u0414\u0423\u0425\u0410 \u2014 \u0417\u0412\u0423\u041a\u041e\u0412\u041e\u0415 \u0414\u0410\u0412\u041b\u0415\u041d\u0418\u0415 \u0412 \u041f\u041e\u041c\u0415\u0429\u0415\u041d\u0418\u0418 (Lp10A) *)<\/strong><\/div>\n<\/td>\n<\/tr>\n<tr>\n<td class=\"bold v-align-bottom\" rowspan=\"2\"><strong>LTA<\/strong><br \/>\n<strong>\u0420\u0430\u0437\u043c\u0435\u0440<\/strong><\/td>\n<td class=\"bold v-align-bottom h-align-center\" colspan=\"3\"><strong>\u00a0\u043b\/\u0441<\/strong><\/td>\n<\/tr>\n<tr>\n<td class=\"bold v-align-bottom\"><strong>10 Pa<\/strong><\/td>\n<td class=\"bold v-align-bottom\"><strong>15 Pa<\/strong><\/td>\n<td class=\"bold v-align-bottom\"><strong>20 Pa<\/strong><\/td>\n<\/tr>\n<tr>\n<td class=\"v-align-bottom\">200-100<\/td>\n<td class=\"v-align-bottom\">14<\/td>\n<td class=\"v-align-bottom\">19<\/td>\n<td class=\"v-align-bottom\">21<\/td>\n<\/tr>\n<tr>\n<td class=\"v-align-bottom\">400-100<\/td>\n<td class=\"v-align-bottom\">30<\/td>\n<td class=\"v-align-bottom\">35<\/td>\n<td class=\"v-align-bottom\">42<\/td>\n<\/tr>\n<tr>\n<td class=\"v-align-bottom\">600-100<\/td>\n<td class=\"v-align-bottom\">46<\/td>\n<td class=\"v-align-bottom\">55<\/td>\n<td class=\"v-align-bottom\">65<\/td>\n<\/tr>\n<tr>\n<td class=\"v-align-bottom\">400-150<\/td>\n<td class=\"v-align-bottom\">52<\/td>\n<td class=\"v-align-bottom\">62<\/td>\n<td class=\"v-align-bottom\">72<\/td>\n<\/tr>\n<tr>\n<td class=\"v-align-bottom\">600-150<\/td>\n<td class=\"v-align-bottom\">70<\/td>\n<td class=\"v-align-bottom\">83<\/td>\n<td class=\"v-align-bottom\">100<\/td>\n<\/tr>\n<tr>\n<td class=\"v-align-bottom\">800-150<\/td>\n<td class=\"v-align-bottom\">110<\/td>\n<td class=\"v-align-bottom\">130<\/td>\n<td class=\"v-align-bottom\">150<\/td>\n<\/tr>\n<tr>\n<td class=\"v-align-bottom\">400-200<\/td>\n<td class=\"v-align-bottom\">70<\/td>\n<td class=\"v-align-bottom\">83<\/td>\n<td class=\"v-align-bottom\">100<\/td>\n<\/tr>\n<tr>\n<td class=\"v-align-bottom\">600-200<\/td>\n<td class=\"v-align-bottom\">110<\/td>\n<td class=\"v-align-bottom\">130<\/td>\n<td class=\"v-align-bottom\">150<\/td>\n<\/tr>\n<tr>\n<td class=\"v-align-bottom\">800-200<\/td>\n<td class=\"v-align-bottom\">142<\/td>\n<td class=\"v-align-bottom\">180<\/td>\n<td class=\"v-align-bottom\">200<\/td>\n<\/tr>\n<tr>\n<td class=\"v-align-bottom\" colspan=\"4\">\n<div><\/div>\n<div class=\"gtx-body\">Dati attiecas uz re\u017e\u0123i, kas novietots sien\u0101.<\/div>\n<div class=\"gtx-body\">*) Lp10A = ska\u0146as spiediens t.sk. A-filtrs ar 4 dB telpas v\u0101jin\u0101jumu un 10 m\u00b2 telpas absorbcijas laukumu.<\/div>\n<\/td>\n<\/tr>\n<\/tbody>\n<\/table>","protected":false},"excerpt":{"rendered":"<h4>\u0420\u0435\u0448\u0435\u0442\u043a\u0430 \u041f\u0435\u0440\u0435\u043b\u0438\u0432\u0430<\/h4>\n<h4>14-142 \u043b\/\u0441<\/h4>","protected":false},"featured_media":2226,"template":"","meta":{"_acf_changed":false,"inline_featured_image":false,"_links_to":"","_links_to_target":""},"product_brand":[],"product_cat":[66,64],"product_tag":[],"class_list":{"0":"post-1285","1":"product","2":"type-product","3":"status-publish","4":"has-post-thumbnail","6":"product_cat-gaisa-parpludes","7":"product_cat-restes","9":"first","10":"instock","11":"shipping-taxable","12":"product-type-simple"},"acf":[],"yoast_head":"<!-- This site is optimized with the Yoast SEO plugin v27.0 - https:\/\/yoast.com\/product\/yoast-seo-wordpress\/ -->\n<title>LTA<\/title>\n<meta name=\"description\" content=\"Gaismas sietu re\u017e\u0123is LTA sienas vai durvju mont\u0101\u017eai\" \/>\n<meta name=\"robots\" content=\"index, follow, max-snippet:-1, max-image-preview:large, max-video-preview:-1\" \/>\n<link rel=\"canonical\" href=\"https:\/\/ecowise.lv\/ru\/product\/lta-gaismas-sietu-rezgis\/\" \/>\n<meta property=\"og:locale\" content=\"ru_RU\" \/>\n<meta property=\"og:type\" content=\"article\" \/>\n<meta property=\"og:title\" content=\"LTA\" \/>\n<meta property=\"og:description\" content=\"Gaismas sietu re\u017e\u0123is LTA sienas vai durvju mont\u0101\u017eai\" \/>\n<meta property=\"og:url\" content=\"https:\/\/ecowise.lv\/ru\/product\/lta-gaismas-sietu-rezgis\/\" \/>\n<meta property=\"og:site_name\" content=\"Ecowise\" \/>\n<meta property=\"article:modified_time\" content=\"2024-02-21T09:20:14+00:00\" \/>\n<meta property=\"og:image\" content=\"https:\/\/ecowise.lv\/wp-content\/uploads\/2023\/04\/LTA.png\" \/>\n\t<meta property=\"og:image:width\" content=\"765\" \/>\n\t<meta property=\"og:image:height\" content=\"572\" \/>\n\t<meta property=\"og:image:type\" content=\"image\/png\" \/>\n<meta name=\"twitter:card\" content=\"summary_large_image\" \/>\n<meta name=\"twitter:label1\" content=\"\u041f\u0440\u0438\u043c\u0435\u0440\u043d\u043e\u0435 \u0432\u0440\u0435\u043c\u044f \u0434\u043b\u044f \u0447\u0442\u0435\u043d\u0438\u044f\" \/>\n\t<meta name=\"twitter:data1\" content=\"1 \u043c\u0438\u043d\u0443\u0442\u0430\" \/>\n<script type=\"application\/ld+json\" class=\"yoast-schema-graph\">{\"@context\":\"https:\/\/schema.org\",\"@graph\":[{\"@type\":\"WebPage\",\"@id\":\"https:\/\/ecowise.lv\/product\/lta-gaismas-sietu-rezgis\/\",\"url\":\"https:\/\/ecowise.lv\/product\/lta-gaismas-sietu-rezgis\/\",\"name\":\"LTA\",\"isPartOf\":{\"@id\":\"https:\/\/ecowise.lv\/#website\"},\"primaryImageOfPage\":{\"@id\":\"https:\/\/ecowise.lv\/product\/lta-gaismas-sietu-rezgis\/#primaryimage\"},\"image\":{\"@id\":\"https:\/\/ecowise.lv\/product\/lta-gaismas-sietu-rezgis\/#primaryimage\"},\"thumbnailUrl\":\"https:\/\/ecowise.lv\/wp-content\/uploads\/2023\/04\/LTA.png\",\"datePublished\":\"2023-04-05T13:38:59+00:00\",\"dateModified\":\"2024-02-21T09:20:14+00:00\",\"description\":\"Gaismas sietu re\u017e\u0123is LTA sienas vai durvju mont\u0101\u017eai\",\"breadcrumb\":{\"@id\":\"https:\/\/ecowise.lv\/product\/lta-gaismas-sietu-rezgis\/#breadcrumb\"},\"inLanguage\":\"ru-RU\",\"potentialAction\":[{\"@type\":\"ReadAction\",\"target\":[\"https:\/\/ecowise.lv\/product\/lta-gaismas-sietu-rezgis\/\"]}]},{\"@type\":\"ImageObject\",\"inLanguage\":\"ru-RU\",\"@id\":\"https:\/\/ecowise.lv\/product\/lta-gaismas-sietu-rezgis\/#primaryimage\",\"url\":\"https:\/\/ecowise.lv\/wp-content\/uploads\/2023\/04\/LTA.png\",\"contentUrl\":\"https:\/\/ecowise.lv\/wp-content\/uploads\/2023\/04\/LTA.png\",\"width\":765,\"height\":572},{\"@type\":\"BreadcrumbList\",\"@id\":\"https:\/\/ecowise.lv\/product\/lta-gaismas-sietu-rezgis\/#breadcrumb\",\"itemListElement\":[{\"@type\":\"ListItem\",\"position\":1,\"name\":\"Products\",\"item\":\"https:\/\/ecowise.lv\/shop\/\"},{\"@type\":\"ListItem\",\"position\":2,\"name\":\"LTA\"}]},{\"@type\":\"WebSite\",\"@id\":\"https:\/\/ecowise.lv\/#website\",\"url\":\"https:\/\/ecowise.lv\/\",\"name\":\"Ecowise\",\"description\":\"Ener\u0123ijas pat\u0113ri\u0146a samazin\u0101jums\",\"publisher\":{\"@id\":\"https:\/\/ecowise.lv\/#organization\"},\"potentialAction\":[{\"@type\":\"SearchAction\",\"target\":{\"@type\":\"EntryPoint\",\"urlTemplate\":\"https:\/\/ecowise.lv\/?s={search_term_string}\"},\"query-input\":{\"@type\":\"PropertyValueSpecification\",\"valueRequired\":true,\"valueName\":\"search_term_string\"}}],\"inLanguage\":\"ru-RU\"},{\"@type\":\"Organization\",\"@id\":\"https:\/\/ecowise.lv\/#organization\",\"name\":\"Ecowise\",\"url\":\"https:\/\/ecowise.lv\/\",\"logo\":{\"@type\":\"ImageObject\",\"inLanguage\":\"ru-RU\",\"@id\":\"https:\/\/ecowise.lv\/#\/schema\/logo\/image\/\",\"url\":\"https:\/\/ecowise.lv\/wp-content\/uploads\/2023\/03\/logo.svg\",\"contentUrl\":\"https:\/\/ecowise.lv\/wp-content\/uploads\/2023\/03\/logo.svg\",\"width\":207,\"height\":27,\"caption\":\"Ecowise\"},\"image\":{\"@id\":\"https:\/\/ecowise.lv\/#\/schema\/logo\/image\/\"}}]}<\/script>\n<!-- \/ Yoast SEO plugin. -->","yoast_head_json":{"title":"LTA","description":"Gaismas sietu re\u017e\u0123is LTA sienas vai durvju mont\u0101\u017eai","robots":{"index":"index","follow":"follow","max-snippet":"max-snippet:-1","max-image-preview":"max-image-preview:large","max-video-preview":"max-video-preview:-1"},"canonical":"https:\/\/ecowise.lv\/ru\/product\/lta-gaismas-sietu-rezgis\/","og_locale":"ru_RU","og_type":"article","og_title":"LTA","og_description":"Gaismas sietu re\u017e\u0123is LTA sienas vai durvju mont\u0101\u017eai","og_url":"https:\/\/ecowise.lv\/ru\/product\/lta-gaismas-sietu-rezgis\/","og_site_name":"Ecowise","article_modified_time":"2024-02-21T09:20:14+00:00","og_image":[{"width":765,"height":572,"url":"https:\/\/ecowise.lv\/wp-content\/uploads\/2023\/04\/LTA.png","type":"image\/png"}],"twitter_card":"summary_large_image","twitter_misc":{"\u041f\u0440\u0438\u043c\u0435\u0440\u043d\u043e\u0435 \u0432\u0440\u0435\u043c\u044f \u0434\u043b\u044f \u0447\u0442\u0435\u043d\u0438\u044f":"1 \u043c\u0438\u043d\u0443\u0442\u0430"},"schema":{"@context":"https:\/\/schema.org","@graph":[{"@type":"WebPage","@id":"https:\/\/ecowise.lv\/product\/lta-gaismas-sietu-rezgis\/","url":"https:\/\/ecowise.lv\/product\/lta-gaismas-sietu-rezgis\/","name":"LTA","isPartOf":{"@id":"https:\/\/ecowise.lv\/#website"},"primaryImageOfPage":{"@id":"https:\/\/ecowise.lv\/product\/lta-gaismas-sietu-rezgis\/#primaryimage"},"image":{"@id":"https:\/\/ecowise.lv\/product\/lta-gaismas-sietu-rezgis\/#primaryimage"},"thumbnailUrl":"https:\/\/ecowise.lv\/wp-content\/uploads\/2023\/04\/LTA.png","datePublished":"2023-04-05T13:38:59+00:00","dateModified":"2024-02-21T09:20:14+00:00","description":"Gaismas sietu re\u017e\u0123is LTA sienas vai durvju mont\u0101\u017eai","breadcrumb":{"@id":"https:\/\/ecowise.lv\/product\/lta-gaismas-sietu-rezgis\/#breadcrumb"},"inLanguage":"ru-RU","potentialAction":[{"@type":"ReadAction","target":["https:\/\/ecowise.lv\/product\/lta-gaismas-sietu-rezgis\/"]}]},{"@type":"ImageObject","inLanguage":"ru-RU","@id":"https:\/\/ecowise.lv\/product\/lta-gaismas-sietu-rezgis\/#primaryimage","url":"https:\/\/ecowise.lv\/wp-content\/uploads\/2023\/04\/LTA.png","contentUrl":"https:\/\/ecowise.lv\/wp-content\/uploads\/2023\/04\/LTA.png","width":765,"height":572},{"@type":"BreadcrumbList","@id":"https:\/\/ecowise.lv\/product\/lta-gaismas-sietu-rezgis\/#breadcrumb","itemListElement":[{"@type":"ListItem","position":1,"name":"Products","item":"https:\/\/ecowise.lv\/shop\/"},{"@type":"ListItem","position":2,"name":"LTA"}]},{"@type":"WebSite","@id":"https:\/\/ecowise.lv\/#website","url":"https:\/\/ecowise.lv\/","name":"Ecowise","description":"Ener\u0123ijas pat\u0113ri\u0146a samazin\u0101jums","publisher":{"@id":"https:\/\/ecowise.lv\/#organization"},"potentialAction":[{"@type":"SearchAction","target":{"@type":"EntryPoint","urlTemplate":"https:\/\/ecowise.lv\/?s={search_term_string}"},"query-input":{"@type":"PropertyValueSpecification","valueRequired":true,"valueName":"search_term_string"}}],"inLanguage":"ru-RU"},{"@type":"Organization","@id":"https:\/\/ecowise.lv\/#organization","name":"Ecowise","url":"https:\/\/ecowise.lv\/","logo":{"@type":"ImageObject","inLanguage":"ru-RU","@id":"https:\/\/ecowise.lv\/#\/schema\/logo\/image\/","url":"https:\/\/ecowise.lv\/wp-content\/uploads\/2023\/03\/logo.svg","contentUrl":"https:\/\/ecowise.lv\/wp-content\/uploads\/2023\/03\/logo.svg","width":207,"height":27,"caption":"Ecowise"},"image":{"@id":"https:\/\/ecowise.lv\/#\/schema\/logo\/image\/"}}]}},"_links":{"self":[{"href":"https:\/\/ecowise.lv\/ru\/wp-json\/wp\/v2\/product\/1285","targetHints":{"allow":["GET"]}}],"collection":[{"href":"https:\/\/ecowise.lv\/ru\/wp-json\/wp\/v2\/product"}],"about":[{"href":"https:\/\/ecowise.lv\/ru\/wp-json\/wp\/v2\/types\/product"}],"wp:featuredmedia":[{"embeddable":true,"href":"https:\/\/ecowise.lv\/ru\/wp-json\/wp\/v2\/media\/2226"}],"wp:attachment":[{"href":"https:\/\/ecowise.lv\/ru\/wp-json\/wp\/v2\/media?parent=1285"}],"wp:term":[{"taxonomy":"product_brand","embeddable":true,"href":"https:\/\/ecowise.lv\/ru\/wp-json\/wp\/v2\/product_brand?post=1285"},{"taxonomy":"product_cat","embeddable":true,"href":"https:\/\/ecowise.lv\/ru\/wp-json\/wp\/v2\/product_cat?post=1285"},{"taxonomy":"product_tag","embeddable":true,"href":"https:\/\/ecowise.lv\/ru\/wp-json\/wp\/v2\/product_tag?post=1285"}],"curies":[{"name":"wp","href":"https:\/\/api.w.org\/{rel}","templated":true}]}}