{"id":1284,"date":"2023-04-05T16:38:59","date_gmt":"2023-04-05T13:38:59","guid":{"rendered":"https:\/\/ecowise.lv\/?post_type=product&#038;p=1284"},"modified":"2024-02-21T11:04:47","modified_gmt":"2024-02-21T09:04:47","slug":"ctm","status":"publish","type":"product","link":"https:\/\/ecowise.lv\/ru\/product\/ctm\/","title":{"rendered":"CTM"},"content":{"rendered":"<h3>\u0417\u0432\u0443\u043a\u043e\u043f\u043e\u0433\u043b\u043e\u0449\u0430\u044e\u0449\u0438\u0439 \u0434\u0438\u0444\u0444\u0443\u0437\u043e\u0440 \u0432\u043e\u0437\u0434\u0443\u0448\u043d\u043e\u0433\u043e \u043f\u0435\u0440\u0435\u043b\u0438\u0432\u0430 \u0434\u043b\u044f \u0431\u043e\u043b\u044c\u0448\u0438\u0445 \u0432\u043e\u0437\u0434\u0443\u0448\u043d\u044b\u0445 \u043f\u043e\u0442\u043e\u043a\u043e\u0432<\/h3>\n<ul>\n<li>\u0414\u043b\u044f \u043e\u0442\u0432\u043e\u0434\u0430 \u0432\u043e\u0437\u0434\u0443\u0445\u0430 \u0447\u0435\u0440\u0435\u0437 \u0441\u0442\u0435\u043d\u044b \u0438\u043b\u0438 \u0441\u0442\u0435\u043d\u044b\/\u043f\u043e\u0442\u043e\u043b\u043a\u0438<\/li>\n<li>\u0421\u043e\u043e\u0442\u0432\u0435\u0442\u0441\u0442\u0432\u0443\u0435\u0442 \u0442\u0440\u0435\u0431\u043e\u0432\u0430\u043d\u0438\u044f\u043c \u043f\u043e \u0448\u0443\u043c\u043e\u0432\u044b\u043c \u043f\u043e\u043c\u0435\u0445\u0430\u043c \u0432 \u0441\u0442\u0430\u043d\u0434\u0430\u0440\u0442\u043d\u044b\u0445 \u0437\u0434\u0430\u043d\u0438\u044f\u0445<\/li>\n<li>\u0411\u043e\u043b\u044c\u0448\u0430\u044f \u043f\u0440\u043e\u043f\u0443\u0441\u043a\u043d\u0430\u044f \u0441\u043f\u043e\u0441\u043e\u0431\u043d\u043e\u0441\u0442\u044c \u0434\u043e 220 \u043b\/\u0441.<\/li>\n<li>\u041a\u0432\u0430\u0434\u0440\u0430\u0442\u043d\u043e\u0435 \u043e\u0442\u0432\u0435\u0440\u0441\u0442\u0438\u0435<\/li>\n<li>\u0422\u0438\u043f \u0437\u0432\u0443\u043a\u043e\u0438\u0437\u043e\u043b\u044f\u0446\u0438\u043e\u043d\u043d\u043e\u0433\u043e \u043c\u0430\u0442\u0435\u0440\u0438\u0430\u043b\u0430 \u0441\u0435\u0440\u0442\u0438\u0444\u0438\u0446\u0438\u0440\u043e\u0432\u0430\u043d CLEANOLON\u00ae-AL<\/li>\n<li>\u041f\u0440\u043e\u0441\u0442\u0430\u044f \u0443\u0441\u0442\u0430\u043d\u043e\u0432\u043a\u0430<\/li>\n<li>\u0421\u0442\u0430\u043d\u0434\u0430\u0440\u0442\u043d\u044b\u0439 \u0446\u0432\u0435\u0442 \u0411\u0435\u043b\u044b\u0439 RAL 9003\n<ul>\n<li>5 \u0430\u043b\u044c\u0442\u0435\u0440\u043d\u0430\u0442\u0438\u0432\u043d\u044b\u0445 \u0441\u0442\u0430\u043d\u0434\u0430\u0440\u0442\u043d\u044b\u0445 \u0446\u0432\u0435\u0442\u043e\u0432<\/li>\n<li>\u0414\u0440\u0443\u0433\u0438\u0435 \u0446\u0432\u0435\u0442\u0430 \u043f\u043e \u0437\u0430\u043f\u0440\u043e\u0441\u0443<\/li>\n<\/ul>\n<\/li>\n<\/ul>\n<p>&nbsp;<\/p>\n<table dir=\"ltr\" style=\"height: 170px;\" width=\"807\">\n<tbody>\n<tr>\n<td colspan=\"3\"><strong>CTK<\/strong><\/td>\n<td colspan=\"3\"><strong>CTM<\/strong><\/td>\n<\/tr>\n<tr>\n<td>\n<div class=\"gtx-body\"><strong>Caurums piekaramajos griestos<\/strong><\/div>\n<\/td>\n<th colspan=\"2\"><strong>\u00a0\u043b\/\u0441<\/strong><\/th>\n<td>\n<div class=\"gtx-body\"><strong>Caurums piekaramajos griestos<\/strong><\/div>\n<\/td>\n<th colspan=\"2\"><strong>\u00a0\u043b\/\u0441<\/strong><\/th>\n<\/tr>\n<tr>\n<td><\/td>\n<td><strong>10 Pa<\/strong><\/td>\n<td><strong>20 Pa<\/strong><\/td>\n<td><\/td>\n<td><strong>10 Pa<\/strong><\/td>\n<td><strong>20 Pa<\/strong><\/td>\n<\/tr>\n<tr>\n<td>150<\/td>\n<td>43<\/td>\n<td>60<\/td>\n<td>300 x 150<\/td>\n<td>28<\/td>\n<td>40<\/td>\n<\/tr>\n<tr>\n<td>200<\/td>\n<td>78<\/td>\n<td>110<\/td>\n<td>500 x 150<\/td>\n<td>71<\/td>\n<td>100<\/td>\n<\/tr>\n<tr>\n<td>300<\/td>\n<td>155<\/td>\n<td>220<\/td>\n<td>800 x 200<\/td>\n<td>142<\/td>\n<td>200<\/td>\n<\/tr>\n<\/tbody>\n<\/table>","protected":false},"excerpt":{"rendered":"<h4>\u0414\u0438\u0444\u0444\u0443\u0437\u043e\u0440 \u041f\u0435\u0440\u0435\u043b\u0438\u0432\u0430<\/h4>\n<h4>=&gt; 200 \u043b\/\u0441<\/h4>","protected":false},"featured_media":2216,"template":"","meta":{"_acf_changed":false,"inline_featured_image":false,"_links_to":"","_links_to_target":""},"product_brand":[],"product_cat":[66],"product_tag":[],"class_list":{"0":"post-1284","1":"product","2":"type-product","3":"status-publish","4":"has-post-thumbnail","6":"product_cat-gaisa-parpludes","8":"first","9":"instock","10":"shipping-taxable","11":"product-type-simple"},"acf":[],"yoast_head":"<!-- This site is optimized with the Yoast SEO plugin v27.0 - https:\/\/yoast.com\/product\/yoast-seo-wordpress\/ -->\n<title>CTM<\/title>\n<meta name=\"description\" content=\"Trok\u0161\u0146a absorb\u0113jo\u0161ais p\u0101rpl\u016bdes difuzors CTM nodro\u0161ina augstu gaisa pl\u016bsmas \u0101trumu\" \/>\n<meta name=\"robots\" content=\"index, follow, max-snippet:-1, max-image-preview:large, max-video-preview:-1\" \/>\n<link rel=\"canonical\" href=\"https:\/\/ecowise.lv\/ru\/product\/ctm\/\" \/>\n<meta property=\"og:locale\" content=\"ru_RU\" \/>\n<meta property=\"og:type\" content=\"article\" \/>\n<meta property=\"og:title\" content=\"CTM\" \/>\n<meta property=\"og:description\" content=\"Trok\u0161\u0146a absorb\u0113jo\u0161ais p\u0101rpl\u016bdes difuzors CTM nodro\u0161ina augstu gaisa pl\u016bsmas \u0101trumu\" \/>\n<meta property=\"og:url\" content=\"https:\/\/ecowise.lv\/ru\/product\/ctm\/\" \/>\n<meta property=\"og:site_name\" content=\"Ecowise\" \/>\n<meta property=\"article:modified_time\" content=\"2024-02-21T09:04:47+00:00\" \/>\n<meta property=\"og:image\" content=\"https:\/\/ecowise.lv\/wp-content\/uploads\/2023\/04\/ctm_productimage.png\" \/>\n\t<meta property=\"og:image:width\" content=\"768\" \/>\n\t<meta property=\"og:image:height\" content=\"576\" \/>\n\t<meta property=\"og:image:type\" content=\"image\/png\" \/>\n<meta name=\"twitter:card\" content=\"summary_large_image\" \/>\n<meta name=\"twitter:label1\" content=\"\u041f\u0440\u0438\u043c\u0435\u0440\u043d\u043e\u0435 \u0432\u0440\u0435\u043c\u044f \u0434\u043b\u044f \u0447\u0442\u0435\u043d\u0438\u044f\" \/>\n\t<meta name=\"twitter:data1\" content=\"1 \u043c\u0438\u043d\u0443\u0442\u0430\" \/>\n<script type=\"application\/ld+json\" class=\"yoast-schema-graph\">{\"@context\":\"https:\/\/schema.org\",\"@graph\":[{\"@type\":\"WebPage\",\"@id\":\"https:\/\/ecowise.lv\/product\/ctm\/\",\"url\":\"https:\/\/ecowise.lv\/product\/ctm\/\",\"name\":\"CTM\",\"isPartOf\":{\"@id\":\"https:\/\/ecowise.lv\/#website\"},\"primaryImageOfPage\":{\"@id\":\"https:\/\/ecowise.lv\/product\/ctm\/#primaryimage\"},\"image\":{\"@id\":\"https:\/\/ecowise.lv\/product\/ctm\/#primaryimage\"},\"thumbnailUrl\":\"https:\/\/ecowise.lv\/wp-content\/uploads\/2023\/04\/ctm_productimage.png\",\"datePublished\":\"2023-04-05T13:38:59+00:00\",\"dateModified\":\"2024-02-21T09:04:47+00:00\",\"description\":\"Trok\u0161\u0146a absorb\u0113jo\u0161ais p\u0101rpl\u016bdes difuzors CTM nodro\u0161ina augstu gaisa pl\u016bsmas \u0101trumu\",\"breadcrumb\":{\"@id\":\"https:\/\/ecowise.lv\/product\/ctm\/#breadcrumb\"},\"inLanguage\":\"ru-RU\",\"potentialAction\":[{\"@type\":\"ReadAction\",\"target\":[\"https:\/\/ecowise.lv\/product\/ctm\/\"]}]},{\"@type\":\"ImageObject\",\"inLanguage\":\"ru-RU\",\"@id\":\"https:\/\/ecowise.lv\/product\/ctm\/#primaryimage\",\"url\":\"https:\/\/ecowise.lv\/wp-content\/uploads\/2023\/04\/ctm_productimage.png\",\"contentUrl\":\"https:\/\/ecowise.lv\/wp-content\/uploads\/2023\/04\/ctm_productimage.png\",\"width\":768,\"height\":576},{\"@type\":\"BreadcrumbList\",\"@id\":\"https:\/\/ecowise.lv\/product\/ctm\/#breadcrumb\",\"itemListElement\":[{\"@type\":\"ListItem\",\"position\":1,\"name\":\"Products\",\"item\":\"https:\/\/ecowise.lv\/shop\/\"},{\"@type\":\"ListItem\",\"position\":2,\"name\":\"CTM\"}]},{\"@type\":\"WebSite\",\"@id\":\"https:\/\/ecowise.lv\/#website\",\"url\":\"https:\/\/ecowise.lv\/\",\"name\":\"Ecowise\",\"description\":\"Ener\u0123ijas pat\u0113ri\u0146a samazin\u0101jums\",\"publisher\":{\"@id\":\"https:\/\/ecowise.lv\/#organization\"},\"potentialAction\":[{\"@type\":\"SearchAction\",\"target\":{\"@type\":\"EntryPoint\",\"urlTemplate\":\"https:\/\/ecowise.lv\/?s={search_term_string}\"},\"query-input\":{\"@type\":\"PropertyValueSpecification\",\"valueRequired\":true,\"valueName\":\"search_term_string\"}}],\"inLanguage\":\"ru-RU\"},{\"@type\":\"Organization\",\"@id\":\"https:\/\/ecowise.lv\/#organization\",\"name\":\"Ecowise\",\"url\":\"https:\/\/ecowise.lv\/\",\"logo\":{\"@type\":\"ImageObject\",\"inLanguage\":\"ru-RU\",\"@id\":\"https:\/\/ecowise.lv\/#\/schema\/logo\/image\/\",\"url\":\"https:\/\/ecowise.lv\/wp-content\/uploads\/2023\/03\/logo.svg\",\"contentUrl\":\"https:\/\/ecowise.lv\/wp-content\/uploads\/2023\/03\/logo.svg\",\"width\":207,\"height\":27,\"caption\":\"Ecowise\"},\"image\":{\"@id\":\"https:\/\/ecowise.lv\/#\/schema\/logo\/image\/\"}}]}<\/script>\n<!-- \/ Yoast SEO plugin. -->","yoast_head_json":{"title":"CTM","description":"Trok\u0161\u0146a absorb\u0113jo\u0161ais p\u0101rpl\u016bdes difuzors CTM nodro\u0161ina augstu gaisa pl\u016bsmas \u0101trumu","robots":{"index":"index","follow":"follow","max-snippet":"max-snippet:-1","max-image-preview":"max-image-preview:large","max-video-preview":"max-video-preview:-1"},"canonical":"https:\/\/ecowise.lv\/ru\/product\/ctm\/","og_locale":"ru_RU","og_type":"article","og_title":"CTM","og_description":"Trok\u0161\u0146a absorb\u0113jo\u0161ais p\u0101rpl\u016bdes difuzors CTM nodro\u0161ina augstu gaisa pl\u016bsmas \u0101trumu","og_url":"https:\/\/ecowise.lv\/ru\/product\/ctm\/","og_site_name":"Ecowise","article_modified_time":"2024-02-21T09:04:47+00:00","og_image":[{"width":768,"height":576,"url":"https:\/\/ecowise.lv\/wp-content\/uploads\/2023\/04\/ctm_productimage.png","type":"image\/png"}],"twitter_card":"summary_large_image","twitter_misc":{"\u041f\u0440\u0438\u043c\u0435\u0440\u043d\u043e\u0435 \u0432\u0440\u0435\u043c\u044f \u0434\u043b\u044f \u0447\u0442\u0435\u043d\u0438\u044f":"1 \u043c\u0438\u043d\u0443\u0442\u0430"},"schema":{"@context":"https:\/\/schema.org","@graph":[{"@type":"WebPage","@id":"https:\/\/ecowise.lv\/product\/ctm\/","url":"https:\/\/ecowise.lv\/product\/ctm\/","name":"CTM","isPartOf":{"@id":"https:\/\/ecowise.lv\/#website"},"primaryImageOfPage":{"@id":"https:\/\/ecowise.lv\/product\/ctm\/#primaryimage"},"image":{"@id":"https:\/\/ecowise.lv\/product\/ctm\/#primaryimage"},"thumbnailUrl":"https:\/\/ecowise.lv\/wp-content\/uploads\/2023\/04\/ctm_productimage.png","datePublished":"2023-04-05T13:38:59+00:00","dateModified":"2024-02-21T09:04:47+00:00","description":"Trok\u0161\u0146a absorb\u0113jo\u0161ais p\u0101rpl\u016bdes difuzors CTM nodro\u0161ina augstu gaisa pl\u016bsmas \u0101trumu","breadcrumb":{"@id":"https:\/\/ecowise.lv\/product\/ctm\/#breadcrumb"},"inLanguage":"ru-RU","potentialAction":[{"@type":"ReadAction","target":["https:\/\/ecowise.lv\/product\/ctm\/"]}]},{"@type":"ImageObject","inLanguage":"ru-RU","@id":"https:\/\/ecowise.lv\/product\/ctm\/#primaryimage","url":"https:\/\/ecowise.lv\/wp-content\/uploads\/2023\/04\/ctm_productimage.png","contentUrl":"https:\/\/ecowise.lv\/wp-content\/uploads\/2023\/04\/ctm_productimage.png","width":768,"height":576},{"@type":"BreadcrumbList","@id":"https:\/\/ecowise.lv\/product\/ctm\/#breadcrumb","itemListElement":[{"@type":"ListItem","position":1,"name":"Products","item":"https:\/\/ecowise.lv\/shop\/"},{"@type":"ListItem","position":2,"name":"CTM"}]},{"@type":"WebSite","@id":"https:\/\/ecowise.lv\/#website","url":"https:\/\/ecowise.lv\/","name":"Ecowise","description":"Ener\u0123ijas pat\u0113ri\u0146a samazin\u0101jums","publisher":{"@id":"https:\/\/ecowise.lv\/#organization"},"potentialAction":[{"@type":"SearchAction","target":{"@type":"EntryPoint","urlTemplate":"https:\/\/ecowise.lv\/?s={search_term_string}"},"query-input":{"@type":"PropertyValueSpecification","valueRequired":true,"valueName":"search_term_string"}}],"inLanguage":"ru-RU"},{"@type":"Organization","@id":"https:\/\/ecowise.lv\/#organization","name":"Ecowise","url":"https:\/\/ecowise.lv\/","logo":{"@type":"ImageObject","inLanguage":"ru-RU","@id":"https:\/\/ecowise.lv\/#\/schema\/logo\/image\/","url":"https:\/\/ecowise.lv\/wp-content\/uploads\/2023\/03\/logo.svg","contentUrl":"https:\/\/ecowise.lv\/wp-content\/uploads\/2023\/03\/logo.svg","width":207,"height":27,"caption":"Ecowise"},"image":{"@id":"https:\/\/ecowise.lv\/#\/schema\/logo\/image\/"}}]}},"_links":{"self":[{"href":"https:\/\/ecowise.lv\/ru\/wp-json\/wp\/v2\/product\/1284","targetHints":{"allow":["GET"]}}],"collection":[{"href":"https:\/\/ecowise.lv\/ru\/wp-json\/wp\/v2\/product"}],"about":[{"href":"https:\/\/ecowise.lv\/ru\/wp-json\/wp\/v2\/types\/product"}],"wp:featuredmedia":[{"embeddable":true,"href":"https:\/\/ecowise.lv\/ru\/wp-json\/wp\/v2\/media\/2216"}],"wp:attachment":[{"href":"https:\/\/ecowise.lv\/ru\/wp-json\/wp\/v2\/media?parent=1284"}],"wp:term":[{"taxonomy":"product_brand","embeddable":true,"href":"https:\/\/ecowise.lv\/ru\/wp-json\/wp\/v2\/product_brand?post=1284"},{"taxonomy":"product_cat","embeddable":true,"href":"https:\/\/ecowise.lv\/ru\/wp-json\/wp\/v2\/product_cat?post=1284"},{"taxonomy":"product_tag","embeddable":true,"href":"https:\/\/ecowise.lv\/ru\/wp-json\/wp\/v2\/product_tag?post=1284"}],"curies":[{"name":"wp","href":"https:\/\/api.w.org\/{rel}","templated":true}]}}