{"id":1260,"date":"2023-04-05T16:38:53","date_gmt":"2023-04-05T13:38:53","guid":{"rendered":"https:\/\/ecowise.lv\/?post_type=product&#038;p=1260"},"modified":"2024-03-26T15:29:07","modified_gmt":"2024-03-26T13:29:07","slug":"opl","status":"publish","type":"product","link":"https:\/\/ecowise.lv\/ru\/product\/opl\/","title":{"rendered":"OPL"},"content":{"rendered":"<h3>\u041f\u0440\u0438\u0442\u043e\u0447\u043d\u0430\u044f \u0432\u043e\u0437\u0434\u0443\u0448\u043d\u0430\u044f \u0440\u0430\u043c\u043f\u0430 \u0441 Hepa-\u0444\u0438\u043b\u044c\u0442\u0440\u043e\u043c \u0434\u043b\u044f \u043e\u043f\u0435\u0440\u0430\u0446\u0438\u043e\u043d\u043d\u044b\u0445<\/h3>\n<p>OPL - \u044d\u0442\u043e \u0432\u043e\u0437\u0434\u0443\u0448\u043d\u044b\u0435 \u0440\u0430\u043c\u043f\u044b \u0441 \u043f\u044f\u0442\u044c\u044e \u043f\u0435\u0440\u0444\u043e\u0440\u0438\u0440\u043e\u0432\u0430\u043d\u043d\u044b\u043c\u0438 \u0441\u0435\u043a\u0446\u0438\u044f\u043c\u0438 \u0434\u0438\u0444\u0444\u0443\u0437\u043e\u0440\u043e\u0432 \u0438 \u0434\u0432\u0443\u043c\u044f \u043c\u0438\u043a\u0440\u043e\u0444\u0438\u043b\u044c\u0442\u0440\u0430\u043c\u0438. \u0420\u0430\u043c\u043f\u044b \u0443\u0441\u0442\u0430\u043d\u0430\u0432\u043b\u0438\u0432\u0430\u044e\u0442\u0441\u044f \u043f\u0430\u0440\u0430\u043c\u0438 \u0432 \u043f\u043e\u0442\u043e\u043b\u043a\u0435 \u0438 \u0441\u043f\u0435\u0446\u0438\u0430\u043b\u044c\u043d\u043e \u043f\u0440\u0435\u0434\u043d\u0430\u0437\u043d\u0430\u0447\u0435\u043d\u044b \u0434\u043b\u044f \u0432\u0435\u043d\u0442\u0438\u043b\u044f\u0446\u0438\u0438 \u043e\u043f\u0435\u0440\u0430\u0446\u0438\u043e\u043d\u043d\u044b\u0445 \u0442\u0435\u0430\u0442\u0440\u043e\u0432. \u0420\u0430\u0441\u043f\u043e\u043b\u043e\u0436\u0435\u043d\u0438\u0435 \u043f\u0430\u043d\u0435\u043b\u0435\u0439 \u043e\u0442\u043d\u043e\u0441\u0438\u0442\u0435\u043b\u044c\u043d\u043e \u0434\u0440\u0443\u0433 \u0434\u0440\u0443\u0433\u0430 \u0438 \u0440\u0430\u0437\u043b\u0438\u0447\u043d\u044b\u0435 \u043d\u0430\u043f\u0440\u0430\u0432\u043b\u0435\u043d\u0438\u044f \u0432\u043e\u0437\u0434\u0443\u0445\u0430 \u0438\u0437 \u0441\u0435\u043a\u0446\u0438\u0439 \u0434\u0438\u0444\u0444\u0443\u0437\u043e\u0440\u043e\u0432 \u043e\u0431\u0435\u0441\u043f\u0435\u0447\u0438\u0432\u0430\u044e\u0442 \u0447\u0438\u0441\u0442\u0443\u044e \u0437\u043e\u043d\u0443 \u0444\u0438\u043b\u044c\u0442\u0440\u043e\u0432\u0430\u043d\u043d\u043e\u0433\u043e \u0432\u043e\u0437\u0434\u0443\u0445\u0430 \u0432\u043c\u0435\u0441\u0442\u0435 \u0441 \u043d\u0438\u0437\u043a\u0438\u043c\u0438 \u0441\u043a\u043e\u0440\u043e\u0441\u0442\u044f\u043c\u0438 \u0432\u043e\u0437\u0434\u0443\u0445\u0430 \u0432\u043e\u043a\u0440\u0443\u0433 \u043f\u0430\u0446\u0438\u0435\u043d\u0442\u0430. \u0418\u0441\u043f\u043e\u043b\u044c\u0437\u0443\u0435\u0442\u0441\u044f \u0441 \u043f\u043e\u0441\u0442\u043e\u044f\u043d\u043d\u044b\u043c \u0432\u043e\u0437\u0434\u0443\u0448\u043d\u044b\u043c \u043f\u043e\u0442\u043e\u043a\u043e\u043c \u0438 \u043d\u0435\u0438\u0437\u043c\u0435\u043d\u043d\u043e\u0439 \u0442\u0435\u043c\u043f\u0435\u0440\u0430\u0442\u0443\u0440\u043e\u0439, \u0440\u0430\u0431\u043e\u0442\u0430\u044e\u0449\u0438\u043c\u0438 \u0431\u0435\u0437 \u0437\u0430\u0433\u0440\u044f\u0437\u043d\u0435\u043d\u043d\u043e\u0433\u043e \u0432\u043e\u0437\u0434\u0443\u0445\u0430 \u043f\u043e\u043c\u0435\u0449\u0435\u043d\u0438\u044f.<\/p>\n<ul>\n<li>\u0412\u043e\u0437\u0434\u0443\u0448\u043d\u044b\u0439 \u043f\u043e\u0442\u043e\u043a, \u0441\u043f\u0435\u0446\u0438\u0430\u043b\u044c\u043d\u043e \u043f\u0440\u0435\u0434\u043d\u0430\u0437\u043d\u0430\u0447\u0435\u043d\u043d\u044b\u0439 \u0434\u043b\u044f \u043e\u043f\u0435\u0440\u0430\u0446\u0438\u043e\u043d\u043d\u044b\u0445 \u0442\u0435\u0430\u0442\u0440\u043e\u0432<\/li>\n<li>\u041f\u043e\u0434\u0445\u043e\u0434\u0438\u0442 \u0434\u043b\u044f \u043e\u0431\u0449\u0435\u0439 \u0445\u0438\u0440\u0443\u0440\u0433\u0438\u0438<\/li>\n<li>\u0412\u044b\u0445\u043e\u0434 \u0434\u0430\u0432\u043b\u0435\u043d\u0438\u044f \u0434\u043b\u044f \u0437\u0430\u0449\u0438\u0442\u044b \u0444\u0438\u043b\u044c\u0442\u0440\u0430<\/li>\n<li>\u041b\u0435\u0433\u043a\u0438\u0439 \u0434\u043e\u0441\u0442\u0443\u043f \u043a \u0444\u0438\u043b\u044c\u0442\u0440\u0430\u043c<\/li>\n<li>\u041e\u0447\u0438\u0449\u0430\u0435\u043c\u044b\u0439<\/li>\n<li>\u041e\u0441\u043d\u0430\u0449\u0435\u043d \u043c\u0438\u043a\u0440\u043e\u0444\u0438\u043b\u044c\u0442\u0440\u043e\u043c H14<\/li>\n<li>\u0421\u0442\u0430\u043d\u0434\u0430\u0440\u0442\u043d\u044b\u0439 \u0446\u0432\u0435\u0442 \u0411\u0435\u043b\u044b\u0439 RAL 9003<\/li>\n<li>5 \u0430\u043b\u044c\u0442\u0435\u0440\u043d\u0430\u0442\u0438\u0432\u043d\u044b\u0445 \u0441\u0442\u0430\u043d\u0434\u0430\u0440\u0442\u043d\u044b\u0445 \u0446\u0432\u0435\u0442\u043e\u0432<\/li>\n<li>\u0414\u0440\u0443\u0433\u0438\u0435 \u0446\u0432\u0435\u0442\u0430 \u043f\u043e \u0437\u0430\u043f\u0440\u043e\u0441\u0443<\/li>\n<li>\u0412\u043e\u0437\u0434\u0443\u0448\u043d\u044b\u0439 \u043f\u043e\u0442\u043e\u043a, \u0441\u043f\u0435\u0446\u0438\u0430\u043b\u044c\u043d\u043e \u0440\u0430\u0437\u0440\u0430\u0431\u043e\u0442\u0430\u043d\u043d\u044b\u0439 \u0434\u043b\u044f \u043e\u043f\u0435\u0440\u0430\u0446\u0438\u0439<\/li>\n<li>\u041f\u043e\u0434\u0445\u043e\u0434\u0438\u0442 \u0434\u043b\u044f \u043e\u0431\u0449\u0435\u0439 \u0445\u0438\u0440\u0443\u0440\u0433\u0438\u0438<\/li>\n<li>\u0412\u044b\u0445\u043e\u0434 \u0434\u0430\u0432\u043b\u0435\u043d\u0438\u044f \u0434\u043b\u044f \u0437\u0430\u0449\u0438\u0442\u044b \u0444\u0438\u043b\u044c\u0442\u0440\u0430<\/li>\n<li>\u041b\u0435\u0433\u043a\u0438\u0439 \u0434\u043e\u0441\u0442\u0443\u043f \u043a \u0444\u0438\u043b\u044c\u0442\u0440\u0430\u043c<\/li>\n<li>\u041e\u0447\u0438\u0449\u0430\u0435\u043c\u044b\u0439<\/li>\n<li>\u041e\u0441\u043d\u0430\u0449\u0435\u043d \u043c\u0438\u043a\u0440\u043e\u0444\u0438\u043b\u044c\u0442\u0440\u043e\u043c H14<\/li>\n<li>\u0421\u0442\u0430\u043d\u0434\u0430\u0440\u0442\u043d\u044b\u0439 \u0446\u0432\u0435\u0442 \u0411\u0435\u043b\u044b\u0439 RAL 9003\n<ul>\n<li>5 \u0430\u043b\u044c\u0442\u0435\u0440\u043d\u0430\u0442\u0438\u0432\u043d\u044b\u0445 \u0441\u0442\u0430\u043d\u0434\u0430\u0440\u0442\u043d\u044b\u0445 \u0446\u0432\u0435\u0442\u043e\u0432<\/li>\n<li>\u0414\u0440\u0443\u0433\u0438\u0435 \u0446\u0432\u0435\u0442\u0430 \u043f\u043e \u0437\u0430\u043f\u0440\u043e\u0441\u0443<\/li>\n<\/ul>\n<\/li>\n<\/ul>\n<p>&nbsp;<\/p>\n<table dir=\"ltr\" style=\"height: 185px;\" width=\"477\">\n<tbody>\n<tr>\n<td><strong>OPL<\/strong><\/td>\n<td><\/td>\n<td>\n<div class=\"gtx-body\"><strong>\u0100trums caur filtru<\/strong><\/div>\n<\/td>\n<\/tr>\n<tr>\n<td><strong>\u0420\u0430\u0437\u043c\u0435\u0440<\/strong><\/td>\n<td><\/td>\n<td><strong>0.45 m\/s<\/strong><\/td>\n<\/tr>\n<tr>\n<td rowspan=\"4\">3500 (x 2)<\/td>\n<td>q (l\/s)<\/td>\n<td>650<\/td>\n<\/tr>\n<tr>\n<td>q (m3\/h)<\/td>\n<td>2340<\/td>\n<\/tr>\n<tr>\n<td>p (Pa)<\/td>\n<td>110<\/td>\n<\/tr>\n<tr>\n<td>Lp (dB(A))<\/td>\n<td>35<\/td>\n<\/tr>\n<\/tbody>\n<\/table>\n<div class=\"gtx-body\">\u0160ie dati ir der\u012bgi piln\u012bgai uzst\u0101d\u012b\u0161anai ar div\u0101m ramp\u0101m.<\/div>","protected":false},"excerpt":{"rendered":"<h4>\u041f\u043e\u0442\u043e\u043b\u043e\u0447\u043d\u044b\u0439 \u0434\u0438\u0444\u0444\u0443\u0437\u043e\u0440 \u043f\u043e\u0434\u0430\u0447\u0438<\/h4>\n<h4>\u2205315, \u0441 \u0444\u0438\u043b\u044c\u0442\u0440\u043e\u043c H14<\/h4>\n<h4>650 \u043b\/\u0441 (2xOPL)<\/h4>","protected":false},"featured_media":2368,"template":"","meta":{"_acf_changed":false,"inline_featured_image":false,"_links_to":"","_links_to_target":""},"product_brand":[],"product_cat":[71],"product_tag":[],"class_list":{"0":"post-1260","1":"product","2":"type-product","3":"status-publish","4":"has-post-thumbnail","6":"product_cat-tiro-telpu-difuzori","8":"first","9":"instock","10":"shipping-taxable","11":"product-type-simple"},"acf":[],"yoast_head":"<!-- This site is optimized with the Yoast SEO plugin v27.0 - https:\/\/yoast.com\/product\/yoast-seo-wordpress\/ -->\n<title>OPL pieg\u0101des gaisa rampas<\/title>\n<meta name=\"description\" content=\"Pieg\u0101des gaisa rampas ar mikro filtru oper\u0101ciju z\u0101l\u0113m\" \/>\n<meta name=\"robots\" content=\"index, follow, max-snippet:-1, max-image-preview:large, max-video-preview:-1\" \/>\n<link rel=\"canonical\" href=\"https:\/\/ecowise.lv\/ru\/product\/opl\/\" \/>\n<meta property=\"og:locale\" content=\"ru_RU\" \/>\n<meta property=\"og:type\" content=\"article\" \/>\n<meta property=\"og:title\" content=\"OPL pieg\u0101des gaisa rampas\" \/>\n<meta property=\"og:description\" content=\"Pieg\u0101des gaisa rampas ar mikro filtru oper\u0101ciju z\u0101l\u0113m\" \/>\n<meta property=\"og:url\" content=\"https:\/\/ecowise.lv\/ru\/product\/opl\/\" \/>\n<meta property=\"og:site_name\" content=\"Ecowise\" \/>\n<meta property=\"article:modified_time\" content=\"2024-03-26T13:29:07+00:00\" \/>\n<meta property=\"og:image\" content=\"https:\/\/ecowise.lv\/wp-content\/uploads\/2023\/04\/opl_productimage.jpg\" \/>\n\t<meta property=\"og:image:width\" content=\"768\" \/>\n\t<meta property=\"og:image:height\" content=\"576\" \/>\n\t<meta property=\"og:image:type\" content=\"image\/jpeg\" \/>\n<meta name=\"twitter:card\" content=\"summary_large_image\" \/>\n<meta name=\"twitter:label1\" content=\"\u041f\u0440\u0438\u043c\u0435\u0440\u043d\u043e\u0435 \u0432\u0440\u0435\u043c\u044f \u0434\u043b\u044f \u0447\u0442\u0435\u043d\u0438\u044f\" \/>\n\t<meta name=\"twitter:data1\" content=\"1 \u043c\u0438\u043d\u0443\u0442\u0430\" \/>\n<script type=\"application\/ld+json\" class=\"yoast-schema-graph\">{\"@context\":\"https:\/\/schema.org\",\"@graph\":[{\"@type\":\"WebPage\",\"@id\":\"https:\/\/ecowise.lv\/product\/opl\/\",\"url\":\"https:\/\/ecowise.lv\/product\/opl\/\",\"name\":\"OPL pieg\u0101des gaisa rampas\",\"isPartOf\":{\"@id\":\"https:\/\/ecowise.lv\/#website\"},\"primaryImageOfPage\":{\"@id\":\"https:\/\/ecowise.lv\/product\/opl\/#primaryimage\"},\"image\":{\"@id\":\"https:\/\/ecowise.lv\/product\/opl\/#primaryimage\"},\"thumbnailUrl\":\"https:\/\/ecowise.lv\/wp-content\/uploads\/2023\/04\/opl_productimage.jpg\",\"datePublished\":\"2023-04-05T13:38:53+00:00\",\"dateModified\":\"2024-03-26T13:29:07+00:00\",\"description\":\"Pieg\u0101des gaisa rampas ar mikro filtru oper\u0101ciju z\u0101l\u0113m\",\"breadcrumb\":{\"@id\":\"https:\/\/ecowise.lv\/product\/opl\/#breadcrumb\"},\"inLanguage\":\"ru-RU\",\"potentialAction\":[{\"@type\":\"ReadAction\",\"target\":[\"https:\/\/ecowise.lv\/product\/opl\/\"]}]},{\"@type\":\"ImageObject\",\"inLanguage\":\"ru-RU\",\"@id\":\"https:\/\/ecowise.lv\/product\/opl\/#primaryimage\",\"url\":\"https:\/\/ecowise.lv\/wp-content\/uploads\/2023\/04\/opl_productimage.jpg\",\"contentUrl\":\"https:\/\/ecowise.lv\/wp-content\/uploads\/2023\/04\/opl_productimage.jpg\",\"width\":768,\"height\":576},{\"@type\":\"BreadcrumbList\",\"@id\":\"https:\/\/ecowise.lv\/product\/opl\/#breadcrumb\",\"itemListElement\":[{\"@type\":\"ListItem\",\"position\":1,\"name\":\"Products\",\"item\":\"https:\/\/ecowise.lv\/shop\/\"},{\"@type\":\"ListItem\",\"position\":2,\"name\":\"OPL\"}]},{\"@type\":\"WebSite\",\"@id\":\"https:\/\/ecowise.lv\/#website\",\"url\":\"https:\/\/ecowise.lv\/\",\"name\":\"Ecowise\",\"description\":\"Ener\u0123ijas pat\u0113ri\u0146a samazin\u0101jums\",\"publisher\":{\"@id\":\"https:\/\/ecowise.lv\/#organization\"},\"potentialAction\":[{\"@type\":\"SearchAction\",\"target\":{\"@type\":\"EntryPoint\",\"urlTemplate\":\"https:\/\/ecowise.lv\/?s={search_term_string}\"},\"query-input\":{\"@type\":\"PropertyValueSpecification\",\"valueRequired\":true,\"valueName\":\"search_term_string\"}}],\"inLanguage\":\"ru-RU\"},{\"@type\":\"Organization\",\"@id\":\"https:\/\/ecowise.lv\/#organization\",\"name\":\"Ecowise\",\"url\":\"https:\/\/ecowise.lv\/\",\"logo\":{\"@type\":\"ImageObject\",\"inLanguage\":\"ru-RU\",\"@id\":\"https:\/\/ecowise.lv\/#\/schema\/logo\/image\/\",\"url\":\"https:\/\/ecowise.lv\/wp-content\/uploads\/2023\/03\/logo.svg\",\"contentUrl\":\"https:\/\/ecowise.lv\/wp-content\/uploads\/2023\/03\/logo.svg\",\"width\":207,\"height\":27,\"caption\":\"Ecowise\"},\"image\":{\"@id\":\"https:\/\/ecowise.lv\/#\/schema\/logo\/image\/\"}}]}<\/script>\n<!-- \/ Yoast SEO plugin. -->","yoast_head_json":{"title":"OPL pieg\u0101des gaisa rampas","description":"Pieg\u0101des gaisa rampas ar mikro filtru oper\u0101ciju z\u0101l\u0113m","robots":{"index":"index","follow":"follow","max-snippet":"max-snippet:-1","max-image-preview":"max-image-preview:large","max-video-preview":"max-video-preview:-1"},"canonical":"https:\/\/ecowise.lv\/ru\/product\/opl\/","og_locale":"ru_RU","og_type":"article","og_title":"OPL pieg\u0101des gaisa rampas","og_description":"Pieg\u0101des gaisa rampas ar mikro filtru oper\u0101ciju z\u0101l\u0113m","og_url":"https:\/\/ecowise.lv\/ru\/product\/opl\/","og_site_name":"Ecowise","article_modified_time":"2024-03-26T13:29:07+00:00","og_image":[{"width":768,"height":576,"url":"https:\/\/ecowise.lv\/wp-content\/uploads\/2023\/04\/opl_productimage.jpg","type":"image\/jpeg"}],"twitter_card":"summary_large_image","twitter_misc":{"\u041f\u0440\u0438\u043c\u0435\u0440\u043d\u043e\u0435 \u0432\u0440\u0435\u043c\u044f \u0434\u043b\u044f \u0447\u0442\u0435\u043d\u0438\u044f":"1 \u043c\u0438\u043d\u0443\u0442\u0430"},"schema":{"@context":"https:\/\/schema.org","@graph":[{"@type":"WebPage","@id":"https:\/\/ecowise.lv\/product\/opl\/","url":"https:\/\/ecowise.lv\/product\/opl\/","name":"OPL pieg\u0101des gaisa rampas","isPartOf":{"@id":"https:\/\/ecowise.lv\/#website"},"primaryImageOfPage":{"@id":"https:\/\/ecowise.lv\/product\/opl\/#primaryimage"},"image":{"@id":"https:\/\/ecowise.lv\/product\/opl\/#primaryimage"},"thumbnailUrl":"https:\/\/ecowise.lv\/wp-content\/uploads\/2023\/04\/opl_productimage.jpg","datePublished":"2023-04-05T13:38:53+00:00","dateModified":"2024-03-26T13:29:07+00:00","description":"Pieg\u0101des gaisa rampas ar mikro filtru oper\u0101ciju z\u0101l\u0113m","breadcrumb":{"@id":"https:\/\/ecowise.lv\/product\/opl\/#breadcrumb"},"inLanguage":"ru-RU","potentialAction":[{"@type":"ReadAction","target":["https:\/\/ecowise.lv\/product\/opl\/"]}]},{"@type":"ImageObject","inLanguage":"ru-RU","@id":"https:\/\/ecowise.lv\/product\/opl\/#primaryimage","url":"https:\/\/ecowise.lv\/wp-content\/uploads\/2023\/04\/opl_productimage.jpg","contentUrl":"https:\/\/ecowise.lv\/wp-content\/uploads\/2023\/04\/opl_productimage.jpg","width":768,"height":576},{"@type":"BreadcrumbList","@id":"https:\/\/ecowise.lv\/product\/opl\/#breadcrumb","itemListElement":[{"@type":"ListItem","position":1,"name":"Products","item":"https:\/\/ecowise.lv\/shop\/"},{"@type":"ListItem","position":2,"name":"OPL"}]},{"@type":"WebSite","@id":"https:\/\/ecowise.lv\/#website","url":"https:\/\/ecowise.lv\/","name":"Ecowise","description":"Ener\u0123ijas pat\u0113ri\u0146a samazin\u0101jums","publisher":{"@id":"https:\/\/ecowise.lv\/#organization"},"potentialAction":[{"@type":"SearchAction","target":{"@type":"EntryPoint","urlTemplate":"https:\/\/ecowise.lv\/?s={search_term_string}"},"query-input":{"@type":"PropertyValueSpecification","valueRequired":true,"valueName":"search_term_string"}}],"inLanguage":"ru-RU"},{"@type":"Organization","@id":"https:\/\/ecowise.lv\/#organization","name":"Ecowise","url":"https:\/\/ecowise.lv\/","logo":{"@type":"ImageObject","inLanguage":"ru-RU","@id":"https:\/\/ecowise.lv\/#\/schema\/logo\/image\/","url":"https:\/\/ecowise.lv\/wp-content\/uploads\/2023\/03\/logo.svg","contentUrl":"https:\/\/ecowise.lv\/wp-content\/uploads\/2023\/03\/logo.svg","width":207,"height":27,"caption":"Ecowise"},"image":{"@id":"https:\/\/ecowise.lv\/#\/schema\/logo\/image\/"}}]}},"_links":{"self":[{"href":"https:\/\/ecowise.lv\/ru\/wp-json\/wp\/v2\/product\/1260","targetHints":{"allow":["GET"]}}],"collection":[{"href":"https:\/\/ecowise.lv\/ru\/wp-json\/wp\/v2\/product"}],"about":[{"href":"https:\/\/ecowise.lv\/ru\/wp-json\/wp\/v2\/types\/product"}],"wp:featuredmedia":[{"embeddable":true,"href":"https:\/\/ecowise.lv\/ru\/wp-json\/wp\/v2\/media\/2368"}],"wp:attachment":[{"href":"https:\/\/ecowise.lv\/ru\/wp-json\/wp\/v2\/media?parent=1260"}],"wp:term":[{"taxonomy":"product_brand","embeddable":true,"href":"https:\/\/ecowise.lv\/ru\/wp-json\/wp\/v2\/product_brand?post=1260"},{"taxonomy":"product_cat","embeddable":true,"href":"https:\/\/ecowise.lv\/ru\/wp-json\/wp\/v2\/product_cat?post=1260"},{"taxonomy":"product_tag","embeddable":true,"href":"https:\/\/ecowise.lv\/ru\/wp-json\/wp\/v2\/product_tag?post=1260"}],"curies":[{"name":"wp","href":"https:\/\/api.w.org\/{rel}","templated":true}]}}