{"id":1258,"date":"2023-04-05T16:38:53","date_gmt":"2023-04-05T13:38:53","guid":{"rendered":"https:\/\/ecowise.lv\/?post_type=product&#038;p=1258"},"modified":"2024-03-26T14:42:37","modified_gmt":"2024-03-26T12:42:37","slug":"cdh-clh","status":"publish","type":"product","link":"https:\/\/ecowise.lv\/ru\/product\/cdh-clh\/","title":{"rendered":"CDH\/CLH"},"content":{"rendered":"<h3>CleanZone \u043f\u043e\u0442\u043e\u043b\u043e\u0447\u043d\u044b\u0439 \u0434\u0438\u0444\u0444\u0443\u0437\u043e\u0440 \u0441 Hepa-\u0444\u0438\u043b\u044c\u0442\u0440\u043e\u043c \u0434\u043b\u044f \u043f\u0440\u0438\u0442\u043e\u0447\u043d\u043e\u0433\u043e \u0432\u043e\u0437\u0434\u0443\u0445\u0430 \u0432 \u0447\u0438\u0441\u0442\u044b\u0445 \u043f\u043e\u043c\u0435\u0449\u0435\u043d\u0438\u044f\u0445<\/h3>\n<ul>\n<li>Taisnst\u016bra vai apa\u013c\u0101 gaisa vada pievienojums<\/li>\n<li>\u0420\u0430\u0437\u043c\u0435\u0440 CDH\/CLH 60 \u043f\u0440\u0435\u0434\u043d\u0430\u0437\u043d\u0430\u0447\u0435\u043d \u0434\u043b\u044f \u043f\u043e\u0434\u0432\u0435\u0441\u043d\u044b\u0445 \u043f\u043e\u0442\u043e\u043b\u043e\u0447\u043d\u044b\u0445 \u0441\u0438\u0441\u0442\u0435\u043c 600\u00d7600 \u0441 \u0432\u0438\u0434\u0438\u043c\u044b\u043c\u0438 \u0422-\u043e\u0431\u0440\u0430\u0437\u043d\u044b\u043c\u0438 \u0431\u0430\u043b\u043a\u0430\u043c\u0438.<\/li>\n<li>\u041e\u0441\u043d\u0430\u0449\u0435\u043d Hepa-\u0444\u0438\u043b\u044c\u0442\u0440\u043e\u043c H14 \u0441 \u0433\u0435\u043b\u0435\u0432\u044b\u043c \u0443\u043f\u043b\u043e\u0442\u043d\u0435\u043d\u0438\u0435\u043c (CLH) \u0438\u043b\u0438 \u0441\u0443\u0445\u0438\u043c \u0443\u043f\u043b\u043e\u0442\u043d\u0435\u043d\u0438\u0435\u043c (CDH).<\/li>\n<li>\u0412\u043d\u0443\u0442\u0440\u0435\u043d\u043d\u044f\u044f \u0447\u0430\u0441\u0442\u044c \u043e\u043a\u0440\u0430\u0448\u0435\u043d\u0430 \u0434\u043b\u044f \u0443\u0434\u043e\u0431\u0441\u0442\u0432\u0430 \u0447\u0438\u0441\u0442\u043a\u0438<\/li>\n<li>\u0418\u0437\u043c\u0435\u0440\u0438\u0442\u0435\u043b\u044c\u043d\u044b\u0439 \u043f\u043e\u0440\u0442 \u0434\u043b\u044f \u043f\u0440\u043e\u0432\u0435\u0440\u043a\u0438 \u043f\u043e\u0433\u0440\u0443\u0436\u0435\u043d\u0438\u044f \u0438 \u0434\u0430\u0432\u043b\u0435\u043d\u0438\u044f \u0444\u0438\u043b\u044c\u0442\u0440\u0430<\/li>\n<li>\u041f\u0435\u0440\u0444\u043e\u0440\u0438\u0440\u043e\u0432\u0430\u043d\u043d\u0430\u044f \u0438\u043b\u0438 \u0441\u043e\u043f\u043b\u043e\u0432\u0430\u044f \u043f\u043e\u0432\u0435\u0440\u0445\u043d\u043e\u0441\u0442\u044c \u0434\u0438\u0444\u0444\u0443\u0437\u043e\u0440\u0430<\/li>\n<li>\u0421\u0442\u0430\u043d\u0434\u0430\u0440\u0442\u043d\u044b\u0439 \u0446\u0432\u0435\u0442 \u0411\u0435\u043b\u044b\u0439 RAL 9003\n<ul>\n<li>5 \u0430\u043b\u044c\u0442\u0435\u0440\u043d\u0430\u0442\u0438\u0432\u043d\u044b\u0445 \u0441\u0442\u0430\u043d\u0434\u0430\u0440\u0442\u043d\u044b\u0445 \u0446\u0432\u0435\u0442\u043e\u0432<\/li>\n<li>\u0414\u0440\u0443\u0433\u0438\u0435 \u0446\u0432\u0435\u0442\u0430 \u043f\u043e \u0437\u0430\u043f\u0440\u043e\u0441\u0443<\/li>\n<\/ul>\n<\/li>\n<\/ul>\n<p>&nbsp;<\/p>\n<table style=\"height: 345px;\" width=\"1003\">\n<tbody>\n<tr>\n<td class=\"bold v-align-bottom h-align-center\" colspan=\"6\"><strong>GAISA PL\u016aSMA\u00a0\u2014 SPIEDIENA KR\u0100JUMS\u00a0\u2014 SKA\u0145AS L\u012aMENIS*<\/strong><\/td>\n<\/tr>\n<tr>\n<td class=\"bold v-align-bottom\" rowspan=\"3\"><strong>CDH<\/strong><br \/>\n<strong>\u0420\u0430\u0437\u043c\u0435\u0440<\/strong><\/td>\n<td class=\"bold v-align-bottom\" rowspan=\"3\"><strong>Tips<\/strong><\/td>\n<td class=\"bold v-align-bottom h-align-center\" colspan=\"4\">\n<div class=\"gtx-body\"><strong>\u0100trums p\u0101ri filtram pie 0,45 m\/s<\/strong><\/div>\n<\/td>\n<\/tr>\n<tr>\n<td class=\"bold v-align-bottom h-align-center\" colspan=\"2\">\n<div class=\"gtx-body\"><strong>Gaisa pl\u016bsma q<\/strong><\/div>\n<\/td>\n<td class=\"bold v-align-bottom\">\n<div class=\"gtx-body\"><strong>Spiediena kritums<\/strong><\/div>\n<\/td>\n<td class=\"bold v-align-bottom h-align-center\">\n<div class=\"gtx-body\"><strong>Ska\u0146as l\u012bmenis<\/strong><\/div>\n<\/td>\n<\/tr>\n<tr>\n<td class=\"bold v-align-bottom h-align-center\"><strong>\u043b\/\u0441<\/strong><\/td>\n<td class=\"bold v-align-bottom h-align-center\"><strong>\u043c3\/\u0447<\/strong><\/td>\n<td class=\"bold v-align-bottom h-align-center\"><strong>\u0394p Pa<\/strong><\/td>\n<td class=\"bold v-align-bottom h-align-center\"><strong>LA dB(A)<\/strong><\/td>\n<\/tr>\n<tr>\n<td class=\"v-align-bottom\" rowspan=\"2\">33-160-1<\/td>\n<td class=\"v-align-bottom h-align-left\">Perf.<\/td>\n<td class=\"v-align-bottom h-align-left\">41<\/td>\n<td class=\"v-align-bottom h-align-left\">148<\/td>\n<td class=\"v-align-bottom h-align-left\">150<\/td>\n<td class=\"v-align-bottom h-align-left\">&lt;15<\/td>\n<\/tr>\n<tr>\n<td class=\"v-align-bottom h-align-left\">Sprauslas<\/td>\n<td class=\"v-align-bottom h-align-left\">41<\/td>\n<td class=\"v-align-bottom h-align-left\">148<\/td>\n<td class=\"v-align-bottom h-align-left\">170<\/td>\n<td class=\"v-align-bottom h-align-left\">&lt;20<\/td>\n<\/tr>\n<tr>\n<td class=\"v-align-bottom\" rowspan=\"2\">60-315-1<\/td>\n<td class=\"v-align-bottom h-align-left\">Perf.<\/td>\n<td class=\"v-align-bottom h-align-left\">116<\/td>\n<td class=\"v-align-bottom h-align-left\">418<\/td>\n<td class=\"v-align-bottom h-align-left\">40<\/td>\n<td class=\"v-align-bottom h-align-left\">&lt;15<\/td>\n<\/tr>\n<tr>\n<td class=\"v-align-bottom h-align-left\">Sprauslas<\/td>\n<td class=\"v-align-bottom h-align-left\">116<\/td>\n<td class=\"v-align-bottom h-align-left\">418<\/td>\n<td class=\"v-align-bottom h-align-left\">55<\/td>\n<td class=\"v-align-bottom h-align-left\">&lt;25<\/td>\n<\/tr>\n<tr>\n<td class=\"v-align-bottom\" rowspan=\"2\">66-315-1<\/td>\n<td class=\"v-align-bottom h-align-left\">Perf.<\/td>\n<td class=\"v-align-bottom h-align-left\">167<\/td>\n<td class=\"v-align-bottom h-align-left\">601<\/td>\n<td class=\"v-align-bottom h-align-left\">145<\/td>\n<td class=\"v-align-bottom h-align-left\">&lt;15<\/td>\n<\/tr>\n<tr>\n<td class=\"v-align-bottom h-align-left\">Sprauslas<\/td>\n<td class=\"v-align-bottom h-align-left\">167<\/td>\n<td class=\"v-align-bottom h-align-left\">601<\/td>\n<td class=\"v-align-bottom h-align-left\">170<\/td>\n<td class=\"v-align-bottom h-align-left\">35<\/td>\n<\/tr>\n<tr>\n<td class=\"v-align-bottom\" colspan=\"6\">*Gaisa pl\u016bsmas aug\u0161\u0113j\u0101 robe\u017ea ir vien\u0101da ar 0,58 m\/s vis\u0101 filtra nomin\u0101laj\u0101 bruto laukum\u0101.<br \/>\n<span style=\"font-family: inherit; font-size: inherit;\">Dati attiecas uz \u010detrvirzienu horizont\u0101lo izklied\u0113\u0161anas modeli.<\/span><\/td>\n<\/tr>\n<\/tbody>\n<\/table>","protected":false},"excerpt":{"rendered":"<h4>\u041f\u043e\u0442\u043e\u043b\u043e\u0447\u043d\u044b\u0439 \u0434\u0438\u0444\u0444\u0443\u0437\u043e\u0440 \u043f\u043e\u0434\u0430\u0447\u0438 CleanZone<\/h4>\n<h4>\u2205160, 315, 300\u00d7100, 500\u00d7100, 600\u00d7100<\/h4>\n<h4>Ar H14 filtriem<\/h4>\n<h4>45-170 \u043b\/\u0441<\/h4>","protected":false},"featured_media":2375,"template":"","meta":{"_acf_changed":false,"inline_featured_image":false,"_links_to":"","_links_to_target":""},"product_brand":[],"product_cat":[71],"product_tag":[],"class_list":{"0":"post-1258","1":"product","2":"type-product","3":"status-publish","4":"has-post-thumbnail","6":"product_cat-tiro-telpu-difuzori","8":"first","9":"instock","10":"shipping-taxable","11":"product-type-simple"},"acf":[],"yoast_head":"<!-- This site is optimized with the Yoast SEO plugin v27.0 - https:\/\/yoast.com\/product\/yoast-seo-wordpress\/ -->\n<title>CDH\/CLH griestu difuzors<\/title>\n<meta name=\"description\" content=\"Clean Zone griestu difuzors ar mikro filtru gaisa padevei\u2026\" \/>\n<meta name=\"robots\" content=\"index, follow, max-snippet:-1, max-image-preview:large, max-video-preview:-1\" \/>\n<link rel=\"canonical\" href=\"https:\/\/ecowise.lv\/ru\/product\/cdh-clh\/\" \/>\n<meta property=\"og:locale\" content=\"ru_RU\" \/>\n<meta property=\"og:type\" content=\"article\" \/>\n<meta property=\"og:title\" content=\"CDH\/CLH griestu difuzors\" \/>\n<meta property=\"og:description\" content=\"Clean Zone griestu difuzors ar mikro filtru gaisa padevei\u2026\" \/>\n<meta property=\"og:url\" content=\"https:\/\/ecowise.lv\/ru\/product\/cdh-clh\/\" \/>\n<meta property=\"og:site_name\" content=\"Ecowise\" \/>\n<meta property=\"article:modified_time\" content=\"2024-03-26T12:42:37+00:00\" \/>\n<meta property=\"og:image\" content=\"https:\/\/ecowise.lv\/wp-content\/uploads\/2023\/04\/cdh-clh-productimage_nozzles.jpg\" \/>\n\t<meta property=\"og:image:width\" content=\"768\" \/>\n\t<meta property=\"og:image:height\" content=\"576\" \/>\n\t<meta property=\"og:image:type\" content=\"image\/jpeg\" \/>\n<meta name=\"twitter:card\" content=\"summary_large_image\" \/>\n<meta name=\"twitter:label1\" content=\"\u041f\u0440\u0438\u043c\u0435\u0440\u043d\u043e\u0435 \u0432\u0440\u0435\u043c\u044f \u0434\u043b\u044f \u0447\u0442\u0435\u043d\u0438\u044f\" \/>\n\t<meta name=\"twitter:data1\" content=\"1 \u043c\u0438\u043d\u0443\u0442\u0430\" \/>\n<script type=\"application\/ld+json\" class=\"yoast-schema-graph\">{\"@context\":\"https:\/\/schema.org\",\"@graph\":[{\"@type\":\"WebPage\",\"@id\":\"https:\/\/ecowise.lv\/product\/cdh-clh\/\",\"url\":\"https:\/\/ecowise.lv\/product\/cdh-clh\/\",\"name\":\"CDH\/CLH griestu difuzors\",\"isPartOf\":{\"@id\":\"https:\/\/ecowise.lv\/#website\"},\"primaryImageOfPage\":{\"@id\":\"https:\/\/ecowise.lv\/product\/cdh-clh\/#primaryimage\"},\"image\":{\"@id\":\"https:\/\/ecowise.lv\/product\/cdh-clh\/#primaryimage\"},\"thumbnailUrl\":\"https:\/\/ecowise.lv\/wp-content\/uploads\/2023\/04\/cdh-clh-productimage_nozzles.jpg\",\"datePublished\":\"2023-04-05T13:38:53+00:00\",\"dateModified\":\"2024-03-26T12:42:37+00:00\",\"description\":\"Clean Zone griestu difuzors ar mikro filtru gaisa padevei\u2026\",\"breadcrumb\":{\"@id\":\"https:\/\/ecowise.lv\/product\/cdh-clh\/#breadcrumb\"},\"inLanguage\":\"ru-RU\",\"potentialAction\":[{\"@type\":\"ReadAction\",\"target\":[\"https:\/\/ecowise.lv\/product\/cdh-clh\/\"]}]},{\"@type\":\"ImageObject\",\"inLanguage\":\"ru-RU\",\"@id\":\"https:\/\/ecowise.lv\/product\/cdh-clh\/#primaryimage\",\"url\":\"https:\/\/ecowise.lv\/wp-content\/uploads\/2023\/04\/cdh-clh-productimage_nozzles.jpg\",\"contentUrl\":\"https:\/\/ecowise.lv\/wp-content\/uploads\/2023\/04\/cdh-clh-productimage_nozzles.jpg\",\"width\":768,\"height\":576},{\"@type\":\"BreadcrumbList\",\"@id\":\"https:\/\/ecowise.lv\/product\/cdh-clh\/#breadcrumb\",\"itemListElement\":[{\"@type\":\"ListItem\",\"position\":1,\"name\":\"Products\",\"item\":\"https:\/\/ecowise.lv\/shop\/\"},{\"@type\":\"ListItem\",\"position\":2,\"name\":\"CDH\/CLH\"}]},{\"@type\":\"WebSite\",\"@id\":\"https:\/\/ecowise.lv\/#website\",\"url\":\"https:\/\/ecowise.lv\/\",\"name\":\"Ecowise\",\"description\":\"Ener\u0123ijas pat\u0113ri\u0146a samazin\u0101jums\",\"publisher\":{\"@id\":\"https:\/\/ecowise.lv\/#organization\"},\"potentialAction\":[{\"@type\":\"SearchAction\",\"target\":{\"@type\":\"EntryPoint\",\"urlTemplate\":\"https:\/\/ecowise.lv\/?s={search_term_string}\"},\"query-input\":{\"@type\":\"PropertyValueSpecification\",\"valueRequired\":true,\"valueName\":\"search_term_string\"}}],\"inLanguage\":\"ru-RU\"},{\"@type\":\"Organization\",\"@id\":\"https:\/\/ecowise.lv\/#organization\",\"name\":\"Ecowise\",\"url\":\"https:\/\/ecowise.lv\/\",\"logo\":{\"@type\":\"ImageObject\",\"inLanguage\":\"ru-RU\",\"@id\":\"https:\/\/ecowise.lv\/#\/schema\/logo\/image\/\",\"url\":\"https:\/\/ecowise.lv\/wp-content\/uploads\/2023\/03\/logo.svg\",\"contentUrl\":\"https:\/\/ecowise.lv\/wp-content\/uploads\/2023\/03\/logo.svg\",\"width\":207,\"height\":27,\"caption\":\"Ecowise\"},\"image\":{\"@id\":\"https:\/\/ecowise.lv\/#\/schema\/logo\/image\/\"}}]}<\/script>\n<!-- \/ Yoast SEO plugin. -->","yoast_head_json":{"title":"CDH\/CLH griestu difuzors","description":"Clean Zone griestu difuzors ar mikro filtru gaisa padevei\u2026","robots":{"index":"index","follow":"follow","max-snippet":"max-snippet:-1","max-image-preview":"max-image-preview:large","max-video-preview":"max-video-preview:-1"},"canonical":"https:\/\/ecowise.lv\/ru\/product\/cdh-clh\/","og_locale":"ru_RU","og_type":"article","og_title":"CDH\/CLH griestu difuzors","og_description":"Clean Zone griestu difuzors ar mikro filtru gaisa padevei\u2026","og_url":"https:\/\/ecowise.lv\/ru\/product\/cdh-clh\/","og_site_name":"Ecowise","article_modified_time":"2024-03-26T12:42:37+00:00","og_image":[{"width":768,"height":576,"url":"https:\/\/ecowise.lv\/wp-content\/uploads\/2023\/04\/cdh-clh-productimage_nozzles.jpg","type":"image\/jpeg"}],"twitter_card":"summary_large_image","twitter_misc":{"\u041f\u0440\u0438\u043c\u0435\u0440\u043d\u043e\u0435 \u0432\u0440\u0435\u043c\u044f \u0434\u043b\u044f \u0447\u0442\u0435\u043d\u0438\u044f":"1 \u043c\u0438\u043d\u0443\u0442\u0430"},"schema":{"@context":"https:\/\/schema.org","@graph":[{"@type":"WebPage","@id":"https:\/\/ecowise.lv\/product\/cdh-clh\/","url":"https:\/\/ecowise.lv\/product\/cdh-clh\/","name":"CDH\/CLH griestu difuzors","isPartOf":{"@id":"https:\/\/ecowise.lv\/#website"},"primaryImageOfPage":{"@id":"https:\/\/ecowise.lv\/product\/cdh-clh\/#primaryimage"},"image":{"@id":"https:\/\/ecowise.lv\/product\/cdh-clh\/#primaryimage"},"thumbnailUrl":"https:\/\/ecowise.lv\/wp-content\/uploads\/2023\/04\/cdh-clh-productimage_nozzles.jpg","datePublished":"2023-04-05T13:38:53+00:00","dateModified":"2024-03-26T12:42:37+00:00","description":"Clean Zone griestu difuzors ar mikro filtru gaisa padevei\u2026","breadcrumb":{"@id":"https:\/\/ecowise.lv\/product\/cdh-clh\/#breadcrumb"},"inLanguage":"ru-RU","potentialAction":[{"@type":"ReadAction","target":["https:\/\/ecowise.lv\/product\/cdh-clh\/"]}]},{"@type":"ImageObject","inLanguage":"ru-RU","@id":"https:\/\/ecowise.lv\/product\/cdh-clh\/#primaryimage","url":"https:\/\/ecowise.lv\/wp-content\/uploads\/2023\/04\/cdh-clh-productimage_nozzles.jpg","contentUrl":"https:\/\/ecowise.lv\/wp-content\/uploads\/2023\/04\/cdh-clh-productimage_nozzles.jpg","width":768,"height":576},{"@type":"BreadcrumbList","@id":"https:\/\/ecowise.lv\/product\/cdh-clh\/#breadcrumb","itemListElement":[{"@type":"ListItem","position":1,"name":"Products","item":"https:\/\/ecowise.lv\/shop\/"},{"@type":"ListItem","position":2,"name":"CDH\/CLH"}]},{"@type":"WebSite","@id":"https:\/\/ecowise.lv\/#website","url":"https:\/\/ecowise.lv\/","name":"Ecowise","description":"Ener\u0123ijas pat\u0113ri\u0146a samazin\u0101jums","publisher":{"@id":"https:\/\/ecowise.lv\/#organization"},"potentialAction":[{"@type":"SearchAction","target":{"@type":"EntryPoint","urlTemplate":"https:\/\/ecowise.lv\/?s={search_term_string}"},"query-input":{"@type":"PropertyValueSpecification","valueRequired":true,"valueName":"search_term_string"}}],"inLanguage":"ru-RU"},{"@type":"Organization","@id":"https:\/\/ecowise.lv\/#organization","name":"Ecowise","url":"https:\/\/ecowise.lv\/","logo":{"@type":"ImageObject","inLanguage":"ru-RU","@id":"https:\/\/ecowise.lv\/#\/schema\/logo\/image\/","url":"https:\/\/ecowise.lv\/wp-content\/uploads\/2023\/03\/logo.svg","contentUrl":"https:\/\/ecowise.lv\/wp-content\/uploads\/2023\/03\/logo.svg","width":207,"height":27,"caption":"Ecowise"},"image":{"@id":"https:\/\/ecowise.lv\/#\/schema\/logo\/image\/"}}]}},"_links":{"self":[{"href":"https:\/\/ecowise.lv\/ru\/wp-json\/wp\/v2\/product\/1258","targetHints":{"allow":["GET"]}}],"collection":[{"href":"https:\/\/ecowise.lv\/ru\/wp-json\/wp\/v2\/product"}],"about":[{"href":"https:\/\/ecowise.lv\/ru\/wp-json\/wp\/v2\/types\/product"}],"wp:featuredmedia":[{"embeddable":true,"href":"https:\/\/ecowise.lv\/ru\/wp-json\/wp\/v2\/media\/2375"}],"wp:attachment":[{"href":"https:\/\/ecowise.lv\/ru\/wp-json\/wp\/v2\/media?parent=1258"}],"wp:term":[{"taxonomy":"product_brand","embeddable":true,"href":"https:\/\/ecowise.lv\/ru\/wp-json\/wp\/v2\/product_brand?post=1258"},{"taxonomy":"product_cat","embeddable":true,"href":"https:\/\/ecowise.lv\/ru\/wp-json\/wp\/v2\/product_cat?post=1258"},{"taxonomy":"product_tag","embeddable":true,"href":"https:\/\/ecowise.lv\/ru\/wp-json\/wp\/v2\/product_tag?post=1258"}],"curies":[{"name":"wp","href":"https:\/\/api.w.org\/{rel}","templated":true}]}}