{"id":1257,"date":"2023-04-05T16:38:52","date_gmt":"2023-04-05T13:38:52","guid":{"rendered":"https:\/\/ecowise.lv\/?post_type=product&#038;p=1257"},"modified":"2024-07-12T13:51:20","modified_gmt":"2024-07-12T10:51:20","slug":"raster-grl","status":"publish","type":"product","link":"https:\/\/ecowise.lv\/ru\/product\/raster-grl\/","title":{"rendered":"RASTER GRL"},"content":{"rendered":"<h3 class=\"gtx-body\"><strong>Raster re\u017e\u0123is nos\u016bces gaisa\/p\u0101rvades gaisam, kas paredz\u0113ts kvadr\u0101tveida piekaramo griestu sist\u0113m\u0101m<\/strong><\/h3>\n<ul>\n<li>Izmanto kvadr\u0101tveida griestu sist\u0113m\u0101<\/li>\n<li>Standarta apdare balt\u0101 kr\u0101s\u0101 RAL 9003\/NCS S 0500-N<\/li>\n<li>Var ievietot tie\u0161i T15\/\/T24 Lay in piekaramo griestu sist\u0113m\u0101<\/li>\n<li>Paredz\u0113ts uzst\u0101d\u012b\u0161anai Swegon ADAPTER piekaramo griestu sist\u0113m\u0101m<\/li>\n<\/ul>\n<p>&nbsp;<\/p>\n<table style=\"height: 230px;\" width=\"507\">\n<tbody>\n<tr>\n<td class=\"bold v-align-bottom h-align-center\" colspan=\"5\">\n<div class=\"gtx-body\"><strong>GAISA PL\u016aSMA \u2013 SKA\u0145AS L\u012aMENIS<\/strong><\/div>\n<\/td>\n<\/tr>\n<tr>\n<td class=\"bold v-align-bottom\" rowspan=\"2\"><strong>\u0420\u0430\u0437\u043c\u0435\u0440 (\u043c\u043c)<\/strong><\/td>\n<td class=\"bold v-align-bottom h-align-center\" colspan=\"2\"><strong>5 Pa, 20 dB(A)<\/strong><\/td>\n<td class=\"bold v-align-bottom h-align-center\" colspan=\"2\"><strong>10 Pa, 25 dB(A)\u00a0<\/strong><\/td>\n<\/tr>\n<tr>\n<td class=\"bold v-align-bottom\"><strong>\u043b\/\u0441<\/strong><\/td>\n<td class=\"bold v-align-bottom\"><strong>\u043c3\/\u0447<\/strong><\/td>\n<td class=\"bold v-align-bottom\"><strong>\u043b\/\u0441<\/strong><\/td>\n<td class=\"bold v-align-bottom\"><strong>\u043c3\/\u0447<\/strong><\/td>\n<\/tr>\n<tr>\n<td class=\"v-align-bottom\">395&#215;395<\/td>\n<td class=\"v-align-bottom h-align-left\">340<\/td>\n<td class=\"v-align-bottom h-align-left\">1220<\/td>\n<td class=\"v-align-bottom h-align-left\">450<\/td>\n<td class=\"v-align-bottom h-align-left\">1620<\/td>\n<\/tr>\n<tr>\n<td class=\"v-align-bottom\">495&#215;495<\/td>\n<td class=\"v-align-bottom h-align-left\">520<\/td>\n<td class=\"v-align-bottom h-align-left\">1875<\/td>\n<td class=\"v-align-bottom h-align-left\">720<\/td>\n<td class=\"v-align-bottom h-align-left\">2600<\/td>\n<\/tr>\n<tr>\n<td class=\"v-align-bottom\">595&#215;595<\/td>\n<td class=\"v-align-bottom h-align-left\">800<\/td>\n<td class=\"v-align-bottom h-align-left\">2880<\/td>\n<td class=\"v-align-bottom h-align-left\">900<\/td>\n<td class=\"v-align-bottom h-align-left\">3240<\/td>\n<\/tr>\n<tr>\n<td class=\"v-align-bottom\">1195&#215;595<\/td>\n<td class=\"v-align-bottom h-align-left\">1500<\/td>\n<td class=\"v-align-bottom h-align-left\">5400<\/td>\n<td class=\"v-align-bottom h-align-left\">2000<\/td>\n<td class=\"v-align-bottom h-align-left\">7200<\/td>\n<\/tr>\n<tr>\n<td class=\"v-align-bottom\" colspan=\"5\">PIEZ\u012aME! Maksim\u0101lais front\u0101lais \u0101trums = 2 m\/s<\/td>\n<\/tr>\n<\/tbody>\n<\/table>","protected":false},"excerpt":{"rendered":"<h4>\u0420\u0435\u0448\u0435\u0442\u043a\u0430 \u0434\u043b\u044f \u043f\u043e\u0434\u0432\u0435\u0441\u043d\u044b\u0445 \u043f\u043e\u0442\u043e\u043b\u043a\u043e\u0432<\/h4>","protected":false},"featured_media":2310,"template":"","meta":{"_acf_changed":false,"inline_featured_image":false,"_links_to":"","_links_to_target":""},"product_brand":[],"product_cat":[65,64],"product_tag":[],"class_list":{"0":"post-1257","1":"product","2":"type-product","3":"status-publish","4":"has-post-thumbnail","6":"product_cat-nosuces-difuzori","7":"product_cat-restes","9":"first","10":"instock","11":"shipping-taxable","12":"product-type-simple"},"acf":[],"yoast_head":"<!-- This site is optimized with the Yoast SEO plugin v27.0 - https:\/\/yoast.com\/product\/yoast-seo-wordpress\/ -->\n<title>Raster GRL<\/title>\n<meta name=\"description\" content=\"Raster GRL izpl\u016bdes gaisa \/ p\u0101rneses gaisa sist\u0113mai, kas paredz\u0113ta kvadr\u0101tveida piekaramajiem griestiem\" \/>\n<meta name=\"robots\" content=\"index, follow, max-snippet:-1, max-image-preview:large, max-video-preview:-1\" \/>\n<link rel=\"canonical\" href=\"https:\/\/ecowise.lv\/ru\/product\/raster-grl\/\" \/>\n<meta property=\"og:locale\" content=\"ru_RU\" \/>\n<meta property=\"og:type\" content=\"article\" \/>\n<meta property=\"og:title\" content=\"Raster GRL\" \/>\n<meta property=\"og:description\" content=\"Raster GRL izpl\u016bdes gaisa \/ p\u0101rneses gaisa sist\u0113mai, kas paredz\u0113ta kvadr\u0101tveida piekaramajiem griestiem\" \/>\n<meta property=\"og:url\" content=\"https:\/\/ecowise.lv\/ru\/product\/raster-grl\/\" \/>\n<meta property=\"og:site_name\" content=\"Ecowise\" \/>\n<meta property=\"article:modified_time\" content=\"2024-07-12T10:51:20+00:00\" \/>\n<meta property=\"og:image\" content=\"https:\/\/ecowise.lv\/wp-content\/uploads\/2023\/04\/raster-grl-productimage.png\" \/>\n\t<meta property=\"og:image:width\" content=\"768\" \/>\n\t<meta property=\"og:image:height\" content=\"576\" \/>\n\t<meta property=\"og:image:type\" content=\"image\/png\" \/>\n<meta name=\"twitter:card\" content=\"summary_large_image\" \/>\n<meta name=\"twitter:label1\" content=\"\u041f\u0440\u0438\u043c\u0435\u0440\u043d\u043e\u0435 \u0432\u0440\u0435\u043c\u044f \u0434\u043b\u044f \u0447\u0442\u0435\u043d\u0438\u044f\" \/>\n\t<meta name=\"twitter:data1\" content=\"1 \u043c\u0438\u043d\u0443\u0442\u0430\" \/>\n<script type=\"application\/ld+json\" class=\"yoast-schema-graph\">{\"@context\":\"https:\/\/schema.org\",\"@graph\":[{\"@type\":\"WebPage\",\"@id\":\"https:\/\/ecowise.lv\/product\/raster-grl\/\",\"url\":\"https:\/\/ecowise.lv\/product\/raster-grl\/\",\"name\":\"Raster GRL\",\"isPartOf\":{\"@id\":\"https:\/\/ecowise.lv\/#website\"},\"primaryImageOfPage\":{\"@id\":\"https:\/\/ecowise.lv\/product\/raster-grl\/#primaryimage\"},\"image\":{\"@id\":\"https:\/\/ecowise.lv\/product\/raster-grl\/#primaryimage\"},\"thumbnailUrl\":\"https:\/\/ecowise.lv\/wp-content\/uploads\/2023\/04\/raster-grl-productimage.png\",\"datePublished\":\"2023-04-05T13:38:52+00:00\",\"dateModified\":\"2024-07-12T10:51:20+00:00\",\"description\":\"Raster GRL izpl\u016bdes gaisa \/ p\u0101rneses gaisa sist\u0113mai, kas paredz\u0113ta kvadr\u0101tveida piekaramajiem griestiem\",\"breadcrumb\":{\"@id\":\"https:\/\/ecowise.lv\/product\/raster-grl\/#breadcrumb\"},\"inLanguage\":\"ru-RU\",\"potentialAction\":[{\"@type\":\"ReadAction\",\"target\":[\"https:\/\/ecowise.lv\/product\/raster-grl\/\"]}]},{\"@type\":\"ImageObject\",\"inLanguage\":\"ru-RU\",\"@id\":\"https:\/\/ecowise.lv\/product\/raster-grl\/#primaryimage\",\"url\":\"https:\/\/ecowise.lv\/wp-content\/uploads\/2023\/04\/raster-grl-productimage.png\",\"contentUrl\":\"https:\/\/ecowise.lv\/wp-content\/uploads\/2023\/04\/raster-grl-productimage.png\",\"width\":768,\"height\":576},{\"@type\":\"BreadcrumbList\",\"@id\":\"https:\/\/ecowise.lv\/product\/raster-grl\/#breadcrumb\",\"itemListElement\":[{\"@type\":\"ListItem\",\"position\":1,\"name\":\"Products\",\"item\":\"https:\/\/ecowise.lv\/shop\/\"},{\"@type\":\"ListItem\",\"position\":2,\"name\":\"RASTER GRL\"}]},{\"@type\":\"WebSite\",\"@id\":\"https:\/\/ecowise.lv\/#website\",\"url\":\"https:\/\/ecowise.lv\/\",\"name\":\"Ecowise\",\"description\":\"Ener\u0123ijas pat\u0113ri\u0146a samazin\u0101jums\",\"publisher\":{\"@id\":\"https:\/\/ecowise.lv\/#organization\"},\"potentialAction\":[{\"@type\":\"SearchAction\",\"target\":{\"@type\":\"EntryPoint\",\"urlTemplate\":\"https:\/\/ecowise.lv\/?s={search_term_string}\"},\"query-input\":{\"@type\":\"PropertyValueSpecification\",\"valueRequired\":true,\"valueName\":\"search_term_string\"}}],\"inLanguage\":\"ru-RU\"},{\"@type\":\"Organization\",\"@id\":\"https:\/\/ecowise.lv\/#organization\",\"name\":\"Ecowise\",\"url\":\"https:\/\/ecowise.lv\/\",\"logo\":{\"@type\":\"ImageObject\",\"inLanguage\":\"ru-RU\",\"@id\":\"https:\/\/ecowise.lv\/#\/schema\/logo\/image\/\",\"url\":\"https:\/\/ecowise.lv\/wp-content\/uploads\/2023\/03\/logo.svg\",\"contentUrl\":\"https:\/\/ecowise.lv\/wp-content\/uploads\/2023\/03\/logo.svg\",\"width\":207,\"height\":27,\"caption\":\"Ecowise\"},\"image\":{\"@id\":\"https:\/\/ecowise.lv\/#\/schema\/logo\/image\/\"}}]}<\/script>\n<!-- \/ Yoast SEO plugin. -->","yoast_head_json":{"title":"Raster GRL","description":"Raster GRL izpl\u016bdes gaisa \/ p\u0101rneses gaisa sist\u0113mai, kas paredz\u0113ta kvadr\u0101tveida piekaramajiem griestiem","robots":{"index":"index","follow":"follow","max-snippet":"max-snippet:-1","max-image-preview":"max-image-preview:large","max-video-preview":"max-video-preview:-1"},"canonical":"https:\/\/ecowise.lv\/ru\/product\/raster-grl\/","og_locale":"ru_RU","og_type":"article","og_title":"Raster GRL","og_description":"Raster GRL izpl\u016bdes gaisa \/ p\u0101rneses gaisa sist\u0113mai, kas paredz\u0113ta kvadr\u0101tveida piekaramajiem griestiem","og_url":"https:\/\/ecowise.lv\/ru\/product\/raster-grl\/","og_site_name":"Ecowise","article_modified_time":"2024-07-12T10:51:20+00:00","og_image":[{"width":768,"height":576,"url":"https:\/\/ecowise.lv\/wp-content\/uploads\/2023\/04\/raster-grl-productimage.png","type":"image\/png"}],"twitter_card":"summary_large_image","twitter_misc":{"\u041f\u0440\u0438\u043c\u0435\u0440\u043d\u043e\u0435 \u0432\u0440\u0435\u043c\u044f \u0434\u043b\u044f \u0447\u0442\u0435\u043d\u0438\u044f":"1 \u043c\u0438\u043d\u0443\u0442\u0430"},"schema":{"@context":"https:\/\/schema.org","@graph":[{"@type":"WebPage","@id":"https:\/\/ecowise.lv\/product\/raster-grl\/","url":"https:\/\/ecowise.lv\/product\/raster-grl\/","name":"Raster GRL","isPartOf":{"@id":"https:\/\/ecowise.lv\/#website"},"primaryImageOfPage":{"@id":"https:\/\/ecowise.lv\/product\/raster-grl\/#primaryimage"},"image":{"@id":"https:\/\/ecowise.lv\/product\/raster-grl\/#primaryimage"},"thumbnailUrl":"https:\/\/ecowise.lv\/wp-content\/uploads\/2023\/04\/raster-grl-productimage.png","datePublished":"2023-04-05T13:38:52+00:00","dateModified":"2024-07-12T10:51:20+00:00","description":"Raster GRL izpl\u016bdes gaisa \/ p\u0101rneses gaisa sist\u0113mai, kas paredz\u0113ta kvadr\u0101tveida piekaramajiem griestiem","breadcrumb":{"@id":"https:\/\/ecowise.lv\/product\/raster-grl\/#breadcrumb"},"inLanguage":"ru-RU","potentialAction":[{"@type":"ReadAction","target":["https:\/\/ecowise.lv\/product\/raster-grl\/"]}]},{"@type":"ImageObject","inLanguage":"ru-RU","@id":"https:\/\/ecowise.lv\/product\/raster-grl\/#primaryimage","url":"https:\/\/ecowise.lv\/wp-content\/uploads\/2023\/04\/raster-grl-productimage.png","contentUrl":"https:\/\/ecowise.lv\/wp-content\/uploads\/2023\/04\/raster-grl-productimage.png","width":768,"height":576},{"@type":"BreadcrumbList","@id":"https:\/\/ecowise.lv\/product\/raster-grl\/#breadcrumb","itemListElement":[{"@type":"ListItem","position":1,"name":"Products","item":"https:\/\/ecowise.lv\/shop\/"},{"@type":"ListItem","position":2,"name":"RASTER GRL"}]},{"@type":"WebSite","@id":"https:\/\/ecowise.lv\/#website","url":"https:\/\/ecowise.lv\/","name":"Ecowise","description":"Ener\u0123ijas pat\u0113ri\u0146a samazin\u0101jums","publisher":{"@id":"https:\/\/ecowise.lv\/#organization"},"potentialAction":[{"@type":"SearchAction","target":{"@type":"EntryPoint","urlTemplate":"https:\/\/ecowise.lv\/?s={search_term_string}"},"query-input":{"@type":"PropertyValueSpecification","valueRequired":true,"valueName":"search_term_string"}}],"inLanguage":"ru-RU"},{"@type":"Organization","@id":"https:\/\/ecowise.lv\/#organization","name":"Ecowise","url":"https:\/\/ecowise.lv\/","logo":{"@type":"ImageObject","inLanguage":"ru-RU","@id":"https:\/\/ecowise.lv\/#\/schema\/logo\/image\/","url":"https:\/\/ecowise.lv\/wp-content\/uploads\/2023\/03\/logo.svg","contentUrl":"https:\/\/ecowise.lv\/wp-content\/uploads\/2023\/03\/logo.svg","width":207,"height":27,"caption":"Ecowise"},"image":{"@id":"https:\/\/ecowise.lv\/#\/schema\/logo\/image\/"}}]}},"_links":{"self":[{"href":"https:\/\/ecowise.lv\/ru\/wp-json\/wp\/v2\/product\/1257","targetHints":{"allow":["GET"]}}],"collection":[{"href":"https:\/\/ecowise.lv\/ru\/wp-json\/wp\/v2\/product"}],"about":[{"href":"https:\/\/ecowise.lv\/ru\/wp-json\/wp\/v2\/types\/product"}],"wp:featuredmedia":[{"embeddable":true,"href":"https:\/\/ecowise.lv\/ru\/wp-json\/wp\/v2\/media\/2310"}],"wp:attachment":[{"href":"https:\/\/ecowise.lv\/ru\/wp-json\/wp\/v2\/media?parent=1257"}],"wp:term":[{"taxonomy":"product_brand","embeddable":true,"href":"https:\/\/ecowise.lv\/ru\/wp-json\/wp\/v2\/product_brand?post=1257"},{"taxonomy":"product_cat","embeddable":true,"href":"https:\/\/ecowise.lv\/ru\/wp-json\/wp\/v2\/product_cat?post=1257"},{"taxonomy":"product_tag","embeddable":true,"href":"https:\/\/ecowise.lv\/ru\/wp-json\/wp\/v2\/product_tag?post=1257"}],"curies":[{"name":"wp","href":"https:\/\/api.w.org\/{rel}","templated":true}]}}