{"id":1256,"date":"2023-04-05T16:38:52","date_gmt":"2023-04-05T13:38:52","guid":{"rendered":"https:\/\/ecowise.lv\/?post_type=product&#038;p=1256"},"modified":"2024-03-27T15:00:12","modified_gmt":"2024-03-27T13:00:12","slug":"ufk","status":"publish","type":"product","link":"https:\/\/ecowise.lv\/ru\/product\/ufk\/","title":{"rendered":"UFK"},"content":{"rendered":"<h3>\u0423\u043d\u0438\u0432\u0435\u0440\u0441\u0430\u043b\u044c\u043d\u0430\u044f \u0440\u0435\u0448\u0435\u0442\u043a\u0430 \u0434\u043b\u044f \u0443\u0441\u0442\u0430\u043d\u043e\u0432\u043a\u0438 \u0432 \u043f\u043e\u043b\u0430\u0445, \u0441\u0442\u0435\u043d\u0430\u0445 \u0438 \u043f\u043e\u0434\u043e\u043a\u043e\u043d\u043d\u0438\u043a\u0430\u0445<\/h3>\n<p>MFA, UFA \u0438 UFK \u043f\u043e\u0440\u043e\u0433\u0438 \u0438\u043c\u0435\u044e\u0442 \u0444\u0438\u043a\u0441\u0438\u0440\u043e\u0432\u0430\u043d\u043d\u044b\u0435 \u0430\u043b\u044e\u043c\u0438\u043d\u0438\u0435\u0432\u044b\u0435 \u043b\u043e\u043f\u0430\u0441\u0442\u0438, \u043a\u043e\u0442\u043e\u0440\u044b\u0435 \u0441\u043e\u0432\u0435\u0440\u0448\u0435\u043d\u0441\u0442\u0432\u043e\u0432\u0430\u043d\u044b \u0434\u043b\u044f \u043e\u0431\u0435\u0441\u043f\u0435\u0447\u0435\u043d\u0438\u044f \u0441\u0442\u0430\u0431\u0438\u043b\u044c\u043d\u043e\u0433\u043e \u043c\u043e\u0434\u0435\u043b\u0438 \u043f\u043e\u0442\u043e\u043a\u0430. \u0420\u0435\u0448\u0435\u0442\u043a\u0430 \u043c\u0435\u0445\u0430\u043d\u0438\u0447\u0435\u0441\u043a\u0438 \u043e\u0447\u0435\u043d\u044c \u043f\u0440\u043e\u0447\u043d\u0430 \u0438, \u0441\u043b\u0435\u0434\u043e\u0432\u0430\u0442\u0435\u043b\u044c\u043d\u043e, \u043c\u043e\u0436\u0435\u0442 \u0432\u044b\u0434\u0435\u0440\u0436\u0438\u0432\u0430\u0442\u044c \u0431\u043e\u043b\u044c\u0448\u0438\u0435 \u0432\u043d\u0435\u0448\u043d\u0438\u0435 \u043d\u0430\u0433\u0440\u0443\u0437\u043a\u0438. \u0423\u043d\u0438\u0432\u0435\u0440\u0441\u0430\u043b\u044c\u043d\u0443\u044e \u0440\u0435\u0448\u0435\u0442\u043a\u0443 \u043c\u043e\u0436\u043d\u043e \u0441\u043e\u0431\u0440\u0430\u0442\u044c \u043d\u0430 \u043c\u0435\u0441\u0442\u0435 \u043d\u0435\u043e\u0433\u0440\u0430\u043d\u0438\u0447\u0435\u043d\u043d\u043e\u0439 \u0434\u043b\u0438\u043d\u044b.<\/p>\n<ul>\n<li>\u041c\u043e\u0436\u0435\u0442 \u0438\u0441\u043f\u043e\u043b\u044c\u0437\u043e\u0432\u0430\u0442\u044c\u0441\u044f \u043a\u0430\u043a \u0434\u043b\u044f \u043f\u043e\u0434\u0430\u0447\u0438, \u0442\u0430\u043a \u0438 \u0434\u043b\u044f \u0432\u044b\u0442\u044f\u0436\u043a\u0438 \u0432\u043e\u0437\u0434\u0443\u0445\u0430<\/li>\n<li>\u041e\u0441\u043e\u0431\u0435\u043d\u043d\u043e \u0443\u043d\u0438\u0432\u0435\u0440\u0441\u0430\u043b\u044c\u043d\u0430, \u0442\u0430\u043a \u043a\u0430\u043a \u0435\u0435 \u043c\u043e\u0436\u043d\u043e \u0430\u0434\u0430\u043f\u0442\u0438\u0440\u043e\u0432\u0430\u0442\u044c \u043a\u043e \u0432\u0441\u0435\u043c \u043f\u043e\u0442\u0440\u0435\u0431\u043d\u043e\u0441\u0442\u044f\u043c<\/li>\n<li>\u0412\u043e\u0437\u043c\u043e\u0436\u043d\u043e \u0441\u043e\u0437\u0434\u0430\u043d\u0438\u0435 \u0440\u0435\u0448\u0435\u0442\u043a\u0438 \u043d\u0435\u043e\u0433\u0440\u0430\u043d\u0438\u0447\u0435\u043d\u043d\u043e\u0439 \u0434\u043b\u0438\u043d\u044b<\/li>\n<li>\u0420\u0435\u0448\u0435\u0442\u043a\u0430 \u0438\u0437\u0433\u043e\u0442\u043e\u0432\u043b\u0435\u043d\u0430 \u0438\u0437 \u0430\u043d\u043e\u0434\u0438\u0440\u043e\u0432\u0430\u043d\u043d\u043e\u0433\u043e \u0430\u043b\u044e\u043c\u0438\u043d\u0438\u044f<br \/>\n\u0421\u0442\u0430\u043d\u0434\u0430\u0440\u0442\u043d\u044b\u0439 \u0446\u0432\u0435\u0442 \u0410\u043d\u043e\u0434\u0438\u0440\u043e\u0432\u0430\u043d\u043d\u044b\u0439\/\u043e\u0446\u0438\u043d\u043a\u043e\u0432\u0430\u043d\u043d\u044b\u0439 \u0430\u043b\u044e\u043c\u0438\u043d\u0438\u0439<\/p>\n<ul>\n<li>6 \u0430\u043b\u044c\u0442\u0435\u0440\u043d\u0430\u0442\u0438\u0432\u043d\u044b\u0445 \u0441\u0442\u0430\u043d\u0434\u0430\u0440\u0442\u043d\u044b\u0445 \u0446\u0432\u0435\u0442\u043e\u0432 (\u043f\u043e\u0440\u043e\u0448\u043a\u043e\u0432\u0430\u044f \u043f\u043e\u043a\u0440\u0430\u0441\u043a\u0430)<\/li>\n<li>\u0414\u0440\u0443\u0433\u0438\u0435 \u0446\u0432\u0435\u0442\u0430 \u043f\u043e \u0437\u0430\u043f\u0440\u043e\u0441\u0443<\/li>\n<\/ul>\n<\/li>\n<\/ul>\n<p>&nbsp;<\/p>\n<table style=\"height: 408px;\" width=\"820\">\n<tbody>\n<tr>\n<td class=\"bold v-align-bottom h-align-center\" colspan=\"8\">\n<div class=\"gtx-body\"><strong>\u041f\u041e\u0422\u041e\u041a \u0412\u041e\u0417\u0414\u0423\u0425\u0410 \u2014 \u0417\u0412\u0423\u041a\u041e\u0412\u041e\u0415 \u0414\u0410\u0412\u041b\u0415\u041d\u0418\u0415 \u0412 \u041f\u041e\u041c\u0415\u0429\u0415\u041d\u0418\u0418 (Lp10A) *)<\/strong><\/div>\n<\/td>\n<\/tr>\n<tr>\n<td class=\"bold v-align-bottom\" rowspan=\"2\"><strong>UFK<\/strong><br \/>\n<strong>\u0420\u0430\u0437\u043c\u0435\u0440<\/strong><\/td>\n<td class=\"bold v-align-bottom\" rowspan=\"2\"><strong>\u0414\u043b\u0438\u043d\u0430<\/strong><\/td>\n<td class=\"bold v-align-bottom h-align-center\" colspan=\"2\"><strong>15 dB(A)<\/strong><\/td>\n<td class=\"bold v-align-bottom h-align-center\" colspan=\"2\"><strong>20 dB(A)<\/strong><\/td>\n<td class=\"bold v-align-bottom h-align-center\" colspan=\"2\"><strong>25 dB(A)<\/strong><\/td>\n<\/tr>\n<tr>\n<td class=\"bold v-align-middle h-align-center\"><strong>\u043b\/\u0441<\/strong><\/td>\n<td class=\"bold v-align-middle h-align-center\"><strong>\u043c3\/\u0447<\/strong><\/td>\n<td class=\"bold v-align-middle h-align-center\"><strong>\u043b\/\u0441<\/strong><\/td>\n<td class=\"bold v-align-middle h-align-center\"><strong>\u043c3\/\u0447<\/strong><\/td>\n<td class=\"bold v-align-middle h-align-center\"><strong>\u043b\/\u0441<\/strong><\/td>\n<td class=\"bold v-align-middle h-align-center\"><strong>\u043c3\/\u0447<\/strong><\/td>\n<\/tr>\n<tr>\n<td class=\"v-align-bottom\">5-5 *<\/td>\n<td class=\"v-align-bottom\">1000<\/td>\n<td class=\"v-align-bottom\">75<\/td>\n<td class=\"v-align-bottom\">270<\/td>\n<td class=\"v-align-bottom\">87<\/td>\n<td class=\"v-align-bottom\">313<\/td>\n<td class=\"v-align-bottom\">105<\/td>\n<td class=\"v-align-bottom\">378<\/td>\n<\/tr>\n<tr>\n<td class=\"v-align-bottom\">5-8 *<\/td>\n<td class=\"v-align-bottom\">1000<\/td>\n<td class=\"v-align-bottom\">110<\/td>\n<td class=\"v-align-bottom\">396<\/td>\n<td class=\"v-align-bottom\">130<\/td>\n<td class=\"v-align-bottom\">468<\/td>\n<td class=\"v-align-bottom\">155<\/td>\n<td class=\"v-align-bottom\">558<\/td>\n<\/tr>\n<tr>\n<td class=\"v-align-bottom\">5-10 *<\/td>\n<td class=\"v-align-bottom\">1000<\/td>\n<td class=\"v-align-bottom\">130<\/td>\n<td class=\"v-align-bottom\">468<\/td>\n<td class=\"v-align-bottom\">155<\/td>\n<td class=\"v-align-bottom\">558<\/td>\n<td class=\"v-align-bottom\">180<\/td>\n<td class=\"v-align-bottom\">648<\/td>\n<\/tr>\n<tr>\n<td class=\"v-align-bottom\">10-5<\/td>\n<td class=\"v-align-bottom\">1000<\/td>\n<td class=\"v-align-bottom\">110<\/td>\n<td class=\"v-align-bottom\">396<\/td>\n<td class=\"v-align-bottom\">140<\/td>\n<td class=\"v-align-bottom\">504<\/td>\n<td class=\"v-align-bottom\">175<\/td>\n<td class=\"v-align-bottom\">630<\/td>\n<\/tr>\n<tr>\n<td class=\"v-align-bottom\">10-8<\/td>\n<td class=\"v-align-bottom\">1000<\/td>\n<td class=\"v-align-bottom\">155<\/td>\n<td class=\"v-align-bottom\">558<\/td>\n<td class=\"v-align-bottom\">185<\/td>\n<td class=\"v-align-bottom\">666<\/td>\n<td class=\"v-align-bottom\">240<\/td>\n<td class=\"v-align-bottom\">864<\/td>\n<\/tr>\n<tr>\n<td class=\"v-align-bottom\">10-10<\/td>\n<td class=\"v-align-bottom\">1000<\/td>\n<td class=\"v-align-bottom\">170<\/td>\n<td class=\"v-align-bottom\">612<\/td>\n<td class=\"v-align-bottom\">215<\/td>\n<td class=\"v-align-bottom\">774<\/td>\n<td class=\"v-align-bottom\">265<\/td>\n<td class=\"v-align-bottom\">954<\/td>\n<\/tr>\n<tr>\n<td class=\"v-align-bottom\">14-5<\/td>\n<td class=\"v-align-bottom\">1000<\/td>\n<td class=\"v-align-bottom\">175<\/td>\n<td class=\"v-align-bottom\">630<\/td>\n<td class=\"v-align-bottom\">200<\/td>\n<td class=\"v-align-bottom\">720<\/td>\n<td class=\"v-align-bottom\">235<\/td>\n<td class=\"v-align-bottom\">846<\/td>\n<\/tr>\n<tr>\n<td class=\"v-align-bottom\">14-8<\/td>\n<td class=\"v-align-bottom\">1000<\/td>\n<td class=\"v-align-bottom\">245<\/td>\n<td class=\"v-align-bottom\">882<\/td>\n<td class=\"v-align-bottom\">275<\/td>\n<td class=\"v-align-bottom\">990<\/td>\n<td class=\"v-align-bottom\">330<\/td>\n<td class=\"v-align-bottom\">1188<\/td>\n<\/tr>\n<tr>\n<td class=\"v-align-bottom\">14-10<\/td>\n<td class=\"v-align-bottom\">1000<\/td>\n<td class=\"v-align-bottom\">280<\/td>\n<td class=\"v-align-bottom\">1008<\/td>\n<td class=\"v-align-bottom\">310<\/td>\n<td class=\"v-align-bottom\">1116<\/td>\n<td class=\"v-align-bottom\">370<\/td>\n<td class=\"v-align-bottom\">1332<\/td>\n<\/tr>\n<tr>\n<td class=\"v-align-bottom\" colspan=\"8\">\n<div class=\"gtx-body\">*) Lp10A = ska\u0146as spiediens t.sk. A-filtrs ar 4 dB telpas v\u0101jin\u0101jumu un 10 m\u00b2 telpas absorbcijas laukumu.<\/div>\n<div class=\"gtx-body\">* Att\u0101lums starp spraug\u0101m 5 mm attiecas tikai uz MFA un UFA.<\/div>\n<\/td>\n<\/tr>\n<\/tbody>\n<\/table>","protected":false},"excerpt":{"rendered":"<h4>\u0423\u043d\u0438\u0432\u0435\u0440\u0441\u0430\u043b\u044c\u043d\u0430\u044f \u0440\u0435\u0448\u0435\u0442\u043a\u0430<\/h4>","protected":false},"featured_media":2416,"template":"","meta":{"_acf_changed":false,"inline_featured_image":false,"_links_to":"","_links_to_target":""},"product_brand":[],"product_cat":[65,64],"product_tag":[],"class_list":{"0":"post-1256","1":"product","2":"type-product","3":"status-publish","4":"has-post-thumbnail","6":"product_cat-nosuces-difuzori","7":"product_cat-restes","9":"first","10":"instock","11":"shipping-taxable","12":"product-type-simple"},"acf":[],"yoast_head":"<!-- This site is optimized with the Yoast SEO plugin v27.0 - https:\/\/yoast.com\/product\/yoast-seo-wordpress\/ -->\n<title>UFK<\/title>\n<meta name=\"description\" content=\"Univers\u0101ls re\u017e\u0123is UFK gr\u012bd\u0101m, sien\u0101m un palodz\u0113m\" \/>\n<meta name=\"robots\" content=\"index, follow, max-snippet:-1, max-image-preview:large, max-video-preview:-1\" \/>\n<link rel=\"canonical\" href=\"https:\/\/ecowise.lv\/ru\/product\/ufk\/\" \/>\n<meta property=\"og:locale\" content=\"ru_RU\" \/>\n<meta property=\"og:type\" content=\"article\" \/>\n<meta property=\"og:title\" content=\"UFK\" \/>\n<meta property=\"og:description\" content=\"Univers\u0101ls re\u017e\u0123is UFK gr\u012bd\u0101m, sien\u0101m un palodz\u0113m\" \/>\n<meta property=\"og:url\" content=\"https:\/\/ecowise.lv\/ru\/product\/ufk\/\" \/>\n<meta property=\"og:site_name\" content=\"Ecowise\" \/>\n<meta property=\"article:modified_time\" content=\"2024-03-27T13:00:12+00:00\" \/>\n<meta property=\"og:image\" content=\"https:\/\/ecowise.lv\/wp-content\/uploads\/2023\/04\/ufk-productimage.jpg\" \/>\n\t<meta property=\"og:image:width\" content=\"768\" \/>\n\t<meta property=\"og:image:height\" content=\"576\" \/>\n\t<meta property=\"og:image:type\" content=\"image\/jpeg\" \/>\n<meta name=\"twitter:card\" content=\"summary_large_image\" \/>\n<meta name=\"twitter:label1\" content=\"\u041f\u0440\u0438\u043c\u0435\u0440\u043d\u043e\u0435 \u0432\u0440\u0435\u043c\u044f \u0434\u043b\u044f \u0447\u0442\u0435\u043d\u0438\u044f\" \/>\n\t<meta name=\"twitter:data1\" content=\"2 \u043c\u0438\u043d\u0443\u0442\u044b\" \/>\n<script type=\"application\/ld+json\" class=\"yoast-schema-graph\">{\"@context\":\"https:\/\/schema.org\",\"@graph\":[{\"@type\":\"WebPage\",\"@id\":\"https:\/\/ecowise.lv\/product\/ufk\/\",\"url\":\"https:\/\/ecowise.lv\/product\/ufk\/\",\"name\":\"UFK\",\"isPartOf\":{\"@id\":\"https:\/\/ecowise.lv\/#website\"},\"primaryImageOfPage\":{\"@id\":\"https:\/\/ecowise.lv\/product\/ufk\/#primaryimage\"},\"image\":{\"@id\":\"https:\/\/ecowise.lv\/product\/ufk\/#primaryimage\"},\"thumbnailUrl\":\"https:\/\/ecowise.lv\/wp-content\/uploads\/2023\/04\/ufk-productimage.jpg\",\"datePublished\":\"2023-04-05T13:38:52+00:00\",\"dateModified\":\"2024-03-27T13:00:12+00:00\",\"description\":\"Univers\u0101ls re\u017e\u0123is UFK gr\u012bd\u0101m, sien\u0101m un palodz\u0113m\",\"breadcrumb\":{\"@id\":\"https:\/\/ecowise.lv\/product\/ufk\/#breadcrumb\"},\"inLanguage\":\"ru-RU\",\"potentialAction\":[{\"@type\":\"ReadAction\",\"target\":[\"https:\/\/ecowise.lv\/product\/ufk\/\"]}]},{\"@type\":\"ImageObject\",\"inLanguage\":\"ru-RU\",\"@id\":\"https:\/\/ecowise.lv\/product\/ufk\/#primaryimage\",\"url\":\"https:\/\/ecowise.lv\/wp-content\/uploads\/2023\/04\/ufk-productimage.jpg\",\"contentUrl\":\"https:\/\/ecowise.lv\/wp-content\/uploads\/2023\/04\/ufk-productimage.jpg\",\"width\":768,\"height\":576},{\"@type\":\"BreadcrumbList\",\"@id\":\"https:\/\/ecowise.lv\/product\/ufk\/#breadcrumb\",\"itemListElement\":[{\"@type\":\"ListItem\",\"position\":1,\"name\":\"Products\",\"item\":\"https:\/\/ecowise.lv\/shop\/\"},{\"@type\":\"ListItem\",\"position\":2,\"name\":\"UFK\"}]},{\"@type\":\"WebSite\",\"@id\":\"https:\/\/ecowise.lv\/#website\",\"url\":\"https:\/\/ecowise.lv\/\",\"name\":\"Ecowise\",\"description\":\"Ener\u0123ijas pat\u0113ri\u0146a samazin\u0101jums\",\"publisher\":{\"@id\":\"https:\/\/ecowise.lv\/#organization\"},\"potentialAction\":[{\"@type\":\"SearchAction\",\"target\":{\"@type\":\"EntryPoint\",\"urlTemplate\":\"https:\/\/ecowise.lv\/?s={search_term_string}\"},\"query-input\":{\"@type\":\"PropertyValueSpecification\",\"valueRequired\":true,\"valueName\":\"search_term_string\"}}],\"inLanguage\":\"ru-RU\"},{\"@type\":\"Organization\",\"@id\":\"https:\/\/ecowise.lv\/#organization\",\"name\":\"Ecowise\",\"url\":\"https:\/\/ecowise.lv\/\",\"logo\":{\"@type\":\"ImageObject\",\"inLanguage\":\"ru-RU\",\"@id\":\"https:\/\/ecowise.lv\/#\/schema\/logo\/image\/\",\"url\":\"https:\/\/ecowise.lv\/wp-content\/uploads\/2023\/03\/logo.svg\",\"contentUrl\":\"https:\/\/ecowise.lv\/wp-content\/uploads\/2023\/03\/logo.svg\",\"width\":207,\"height\":27,\"caption\":\"Ecowise\"},\"image\":{\"@id\":\"https:\/\/ecowise.lv\/#\/schema\/logo\/image\/\"}}]}<\/script>\n<!-- \/ Yoast SEO plugin. -->","yoast_head_json":{"title":"UFK","description":"Univers\u0101ls re\u017e\u0123is UFK gr\u012bd\u0101m, sien\u0101m un palodz\u0113m","robots":{"index":"index","follow":"follow","max-snippet":"max-snippet:-1","max-image-preview":"max-image-preview:large","max-video-preview":"max-video-preview:-1"},"canonical":"https:\/\/ecowise.lv\/ru\/product\/ufk\/","og_locale":"ru_RU","og_type":"article","og_title":"UFK","og_description":"Univers\u0101ls re\u017e\u0123is UFK gr\u012bd\u0101m, sien\u0101m un palodz\u0113m","og_url":"https:\/\/ecowise.lv\/ru\/product\/ufk\/","og_site_name":"Ecowise","article_modified_time":"2024-03-27T13:00:12+00:00","og_image":[{"width":768,"height":576,"url":"https:\/\/ecowise.lv\/wp-content\/uploads\/2023\/04\/ufk-productimage.jpg","type":"image\/jpeg"}],"twitter_card":"summary_large_image","twitter_misc":{"\u041f\u0440\u0438\u043c\u0435\u0440\u043d\u043e\u0435 \u0432\u0440\u0435\u043c\u044f \u0434\u043b\u044f \u0447\u0442\u0435\u043d\u0438\u044f":"2 \u043c\u0438\u043d\u0443\u0442\u044b"},"schema":{"@context":"https:\/\/schema.org","@graph":[{"@type":"WebPage","@id":"https:\/\/ecowise.lv\/product\/ufk\/","url":"https:\/\/ecowise.lv\/product\/ufk\/","name":"UFK","isPartOf":{"@id":"https:\/\/ecowise.lv\/#website"},"primaryImageOfPage":{"@id":"https:\/\/ecowise.lv\/product\/ufk\/#primaryimage"},"image":{"@id":"https:\/\/ecowise.lv\/product\/ufk\/#primaryimage"},"thumbnailUrl":"https:\/\/ecowise.lv\/wp-content\/uploads\/2023\/04\/ufk-productimage.jpg","datePublished":"2023-04-05T13:38:52+00:00","dateModified":"2024-03-27T13:00:12+00:00","description":"Univers\u0101ls re\u017e\u0123is UFK gr\u012bd\u0101m, sien\u0101m un palodz\u0113m","breadcrumb":{"@id":"https:\/\/ecowise.lv\/product\/ufk\/#breadcrumb"},"inLanguage":"ru-RU","potentialAction":[{"@type":"ReadAction","target":["https:\/\/ecowise.lv\/product\/ufk\/"]}]},{"@type":"ImageObject","inLanguage":"ru-RU","@id":"https:\/\/ecowise.lv\/product\/ufk\/#primaryimage","url":"https:\/\/ecowise.lv\/wp-content\/uploads\/2023\/04\/ufk-productimage.jpg","contentUrl":"https:\/\/ecowise.lv\/wp-content\/uploads\/2023\/04\/ufk-productimage.jpg","width":768,"height":576},{"@type":"BreadcrumbList","@id":"https:\/\/ecowise.lv\/product\/ufk\/#breadcrumb","itemListElement":[{"@type":"ListItem","position":1,"name":"Products","item":"https:\/\/ecowise.lv\/shop\/"},{"@type":"ListItem","position":2,"name":"UFK"}]},{"@type":"WebSite","@id":"https:\/\/ecowise.lv\/#website","url":"https:\/\/ecowise.lv\/","name":"Ecowise","description":"Ener\u0123ijas pat\u0113ri\u0146a samazin\u0101jums","publisher":{"@id":"https:\/\/ecowise.lv\/#organization"},"potentialAction":[{"@type":"SearchAction","target":{"@type":"EntryPoint","urlTemplate":"https:\/\/ecowise.lv\/?s={search_term_string}"},"query-input":{"@type":"PropertyValueSpecification","valueRequired":true,"valueName":"search_term_string"}}],"inLanguage":"ru-RU"},{"@type":"Organization","@id":"https:\/\/ecowise.lv\/#organization","name":"Ecowise","url":"https:\/\/ecowise.lv\/","logo":{"@type":"ImageObject","inLanguage":"ru-RU","@id":"https:\/\/ecowise.lv\/#\/schema\/logo\/image\/","url":"https:\/\/ecowise.lv\/wp-content\/uploads\/2023\/03\/logo.svg","contentUrl":"https:\/\/ecowise.lv\/wp-content\/uploads\/2023\/03\/logo.svg","width":207,"height":27,"caption":"Ecowise"},"image":{"@id":"https:\/\/ecowise.lv\/#\/schema\/logo\/image\/"}}]}},"_links":{"self":[{"href":"https:\/\/ecowise.lv\/ru\/wp-json\/wp\/v2\/product\/1256","targetHints":{"allow":["GET"]}}],"collection":[{"href":"https:\/\/ecowise.lv\/ru\/wp-json\/wp\/v2\/product"}],"about":[{"href":"https:\/\/ecowise.lv\/ru\/wp-json\/wp\/v2\/types\/product"}],"wp:featuredmedia":[{"embeddable":true,"href":"https:\/\/ecowise.lv\/ru\/wp-json\/wp\/v2\/media\/2416"}],"wp:attachment":[{"href":"https:\/\/ecowise.lv\/ru\/wp-json\/wp\/v2\/media?parent=1256"}],"wp:term":[{"taxonomy":"product_brand","embeddable":true,"href":"https:\/\/ecowise.lv\/ru\/wp-json\/wp\/v2\/product_brand?post=1256"},{"taxonomy":"product_cat","embeddable":true,"href":"https:\/\/ecowise.lv\/ru\/wp-json\/wp\/v2\/product_cat?post=1256"},{"taxonomy":"product_tag","embeddable":true,"href":"https:\/\/ecowise.lv\/ru\/wp-json\/wp\/v2\/product_tag?post=1256"}],"curies":[{"name":"wp","href":"https:\/\/api.w.org\/{rel}","templated":true}]}}