{"id":1248,"date":"2023-04-05T16:38:48","date_gmt":"2023-04-05T13:38:48","guid":{"rendered":"https:\/\/ecowise.lv\/?post_type=product&#038;p=1248"},"modified":"2024-07-12T13:51:07","modified_gmt":"2024-07-12T10:51:07","slug":"alg","status":"publish","type":"product","link":"https:\/\/ecowise.lv\/ru\/product\/alg\/","title":{"rendered":"ALG"},"content":{"rendered":"<h3>\u041b\u0438\u043d\u0435\u0439\u043d\u0430\u044f \u0440\u0435\u0448\u0435\u0442\u043a\u0430 \u0441 \u043f\u043e\u043f\u0435\u0440\u0435\u0447\u043d\u044b\u043c\u0438 \u0441\u0442\u0435\u0440\u0436\u043d\u044f\u043c\u0438 \u0434\u043b\u044f \u043f\u043e\u0434\u0430\u0447\u0438 \u0438\u043b\u0438 \u043e\u0442\u0432\u043e\u0434\u0430 \u0432\u043e\u0437\u0434\u0443\u0445\u0430, \u043c\u043e\u043d\u0442\u0430\u0436 \u043d\u0430 \u0441\u0442\u0435\u043d\u044b \u0438\u043b\u0438 \u043f\u043e\u0442\u043e\u043b\u043a\u0438<\/h3>\n<ul>\n<li>\u0414\u043b\u044f \u043f\u043e\u0434\u0430\u0447\u0438 \u0438\u043b\u0438 \u043e\u0442\u0432\u043e\u0434\u0430 \u0432\u043e\u0437\u0434\u0443\u0445\u0430<\/li>\n<li>\u0424\u0438\u043a\u0441\u0438\u0440\u043e\u0432\u0430\u043d\u043d\u044b\u0439 \u043c\u043e\u0434\u0435\u043b\u044c \u0440\u0430\u0441\u043f\u0440\u0435\u0434\u0435\u043b\u0435\u043d\u0438\u044f<\/li>\n<li>\u041e\u0447\u0438\u0449\u0430\u0435\u043c\u044b\u0439<\/li>\n<li>\u0423\u0441\u0442\u0430\u043d\u043e\u0432\u043a\u0430 \u0441 \u0438\u0441\u043f\u043e\u043b\u044c\u0437\u043e\u0432\u0430\u043d\u0438\u0435\u043c \u043c\u043e\u043d\u0442\u0430\u0436\u043d\u044b\u0445 \u0440\u0430\u043c FHB\/FHA \u0438\u043b\u0438 \u043a\u043e\u0440\u043e\u0431\u0430 \u0441\u043d\u0438\u0436\u0435\u043d\u0438\u044f TRG<\/li>\n<li>\u0421\u0442\u0430\u043d\u0434\u0430\u0440\u0442\u043d\u044b\u0439 \u0446\u0432\u0435\u0442 \u0411\u0435\u043b\u044b\u0439 RAL 9003\n<ul>\n<li>5 \u0430\u043b\u044c\u0442\u0435\u0440\u043d\u0430\u0442\u0438\u0432\u043d\u044b\u0445 \u0441\u0442\u0430\u043d\u0434\u0430\u0440\u0442\u043d\u044b\u0445 \u0446\u0432\u0435\u0442\u043e\u0432<\/li>\n<li>\u0414\u0440\u0443\u0433\u0438\u0435 \u0446\u0432\u0435\u0442\u0430 \u043f\u043e \u0437\u0430\u043f\u0440\u043e\u0441\u0443<\/li>\n<\/ul>\n<\/li>\n<\/ul>\n<p>&nbsp;<\/p>\n<table style=\"height: 433px;\" width=\"751\">\n<tbody>\n<tr>\n<td class=\"bold v-align-bottom h-align-center\" colspan=\"7\">\n<div class=\"gtx-body\"><strong>\u041f\u041e\u0422\u041e\u041a \u0412\u041e\u0417\u0414\u0423\u0425\u0410 \u2014 \u0417\u0412\u0423\u041a\u041e\u0412\u041e\u0415 \u0414\u0410\u0412\u041b\u0415\u041d\u0418\u0415 \u0412 \u041f\u041e\u041c\u0415\u0429\u0415\u041d\u0418\u0418 (Lp10A) *)<\/strong><\/div>\n<\/td>\n<\/tr>\n<tr>\n<td class=\"bold v-align-bottom\" rowspan=\"2\"><strong>ALG<\/strong><br \/>\n<strong>\u0420\u0430\u0437\u043c\u0435\u0440<\/strong><\/td>\n<td class=\"bold v-align-bottom h-align-center\" colspan=\"2\"><strong>25 dB(A)<\/strong><\/td>\n<td class=\"bold v-align-bottom h-align-center\" colspan=\"2\"><strong>30 dB(A)<\/strong><\/td>\n<td class=\"bold v-align-bottom h-align-center\" colspan=\"2\"><strong>35 dB(A)<\/strong><\/td>\n<\/tr>\n<tr>\n<td class=\"bold v-align-bottom\"><strong>\u043b\/\u0441<\/strong><\/td>\n<td class=\"bold v-align-bottom\"><strong>\u043c3\/\u0447<\/strong><\/td>\n<td class=\"bold v-align-bottom\"><strong>\u043b\/\u0441<\/strong><\/td>\n<td class=\"bold v-align-bottom\"><strong>\u043c3\/\u0447<\/strong><\/td>\n<td class=\"bold v-align-bottom\"><strong>\u043b\/\u0441<\/strong><\/td>\n<td class=\"bold v-align-bottom\"><strong>\u043c3\/\u0447<\/strong><\/td>\n<\/tr>\n<tr>\n<td class=\"v-align-bottom\">200&#215;100<\/td>\n<td class=\"v-align-bottom\">27<\/td>\n<td class=\"v-align-bottom\">97<\/td>\n<td class=\"v-align-bottom\">40<\/td>\n<td class=\"v-align-bottom\">144<\/td>\n<td class=\"v-align-bottom\">53<\/td>\n<td class=\"v-align-bottom\">191<\/td>\n<\/tr>\n<tr>\n<td class=\"v-align-bottom\">300&#215;100<\/td>\n<td class=\"v-align-bottom\">42<\/td>\n<td class=\"v-align-bottom\">151<\/td>\n<td class=\"v-align-bottom\">49<\/td>\n<td class=\"v-align-bottom\">176<\/td>\n<td class=\"v-align-bottom\">85<\/td>\n<td class=\"v-align-bottom\">306<\/td>\n<\/tr>\n<tr>\n<td class=\"v-align-bottom\">400&#215;100<\/td>\n<td class=\"v-align-bottom\">44<\/td>\n<td class=\"v-align-bottom\">158<\/td>\n<td class=\"v-align-bottom\">55<\/td>\n<td class=\"v-align-bottom\">198<\/td>\n<td class=\"v-align-bottom\">95<\/td>\n<td class=\"v-align-bottom\">342<\/td>\n<\/tr>\n<tr>\n<td class=\"v-align-bottom\">500&#215;100<\/td>\n<td class=\"v-align-bottom\">68<\/td>\n<td class=\"v-align-bottom\">245<\/td>\n<td class=\"v-align-bottom\">78<\/td>\n<td class=\"v-align-bottom\">281<\/td>\n<td class=\"v-align-bottom\">140<\/td>\n<td class=\"v-align-bottom\">504<\/td>\n<\/tr>\n<tr>\n<td class=\"v-align-bottom\">300&#215;150<\/td>\n<td class=\"v-align-bottom\">61<\/td>\n<td class=\"v-align-bottom\">220<\/td>\n<td class=\"v-align-bottom\">70<\/td>\n<td class=\"v-align-bottom\">252<\/td>\n<td class=\"v-align-bottom\">135<\/td>\n<td class=\"v-align-bottom\">486<\/td>\n<\/tr>\n<tr>\n<td class=\"v-align-bottom\">400&#215;150<\/td>\n<td class=\"v-align-bottom\">98<\/td>\n<td class=\"v-align-bottom\">353<\/td>\n<td class=\"v-align-bottom\">125<\/td>\n<td class=\"v-align-bottom\">450<\/td>\n<td class=\"v-align-bottom\">170<\/td>\n<td class=\"v-align-bottom\">612<\/td>\n<\/tr>\n<tr>\n<td class=\"v-align-bottom\">500&#215;150<\/td>\n<td class=\"v-align-bottom\">96<\/td>\n<td class=\"v-align-bottom\">346<\/td>\n<td class=\"v-align-bottom\">120<\/td>\n<td class=\"v-align-bottom\">432<\/td>\n<td class=\"v-align-bottom\">175<\/td>\n<td class=\"v-align-bottom\">630<\/td>\n<\/tr>\n<tr>\n<td class=\"v-align-bottom\">400&#215;200<\/td>\n<td class=\"v-align-bottom\">90<\/td>\n<td class=\"v-align-bottom\">324<\/td>\n<td class=\"v-align-bottom\">115<\/td>\n<td class=\"v-align-bottom\">414<\/td>\n<td class=\"v-align-bottom\">150<\/td>\n<td class=\"v-align-bottom\">540<\/td>\n<\/tr>\n<tr>\n<td class=\"v-align-bottom\">500&#215;200<\/td>\n<td class=\"v-align-bottom\">150<\/td>\n<td class=\"v-align-bottom\">540<\/td>\n<td class=\"v-align-bottom\">180<\/td>\n<td class=\"v-align-bottom\">648<\/td>\n<td class=\"v-align-bottom\">340<\/td>\n<td class=\"v-align-bottom\">1224<\/td>\n<\/tr>\n<tr>\n<td class=\"v-align-bottom\">600&#215;200<\/td>\n<td class=\"v-align-bottom\">160<\/td>\n<td class=\"v-align-bottom\">576<\/td>\n<td class=\"v-align-bottom\">240<\/td>\n<td class=\"v-align-bottom\">864<\/td>\n<td class=\"v-align-bottom\">370<\/td>\n<td class=\"v-align-bottom\">1332<\/td>\n<\/tr>\n<tr>\n<td class=\"v-align-bottom\" colspan=\"7\">\n<div class=\"gtx-body\">Tabulas dati attiecas uz ALG + TRG piepl\u016bdes gaisu ar kop\u0113jo spiediena kritumu 50 Pa. *) Lp10A = ska\u0146as spiediens t.sk. A-filtrs ar 4 dB telpas v\u0101jin\u0101jumu un 10 m\u00b2 telpas absorbcijas laukumu.<\/div>\n<\/td>\n<\/tr>\n<\/tbody>\n<\/table>","protected":false},"excerpt":{"rendered":"<h4>\u0420\u0435\u0448\u0435\u0442\u043a\u0430 \u041f\u043e\u0434\u0430\u0447\u0438, \u041f\u0435\u0440\u0435\u043b\u0438\u0432\u0430 \u0438 \u0412\u044b\u0442\u044f\u0436\u043a\u0438<\/h4>\n<h4>18-370 \u043b\/\u0441 (\u043f\u043e\u0434\u0430\u0447\u0430)<\/h4>","protected":false},"featured_media":6629,"template":"","meta":{"_acf_changed":false,"inline_featured_image":false,"_links_to":"","_links_to_target":""},"product_brand":[],"product_cat":[66,65,64],"product_tag":[],"class_list":{"0":"post-1248","1":"product","2":"type-product","3":"status-publish","4":"has-post-thumbnail","6":"product_cat-gaisa-parpludes","7":"product_cat-nosuces-difuzori","8":"product_cat-restes","10":"first","11":"instock","12":"shipping-taxable","13":"product-type-simple"},"acf":[],"yoast_head":"<!-- This site is optimized with the Yoast SEO plugin v27.0 - https:\/\/yoast.com\/product\/yoast-seo-wordpress\/ -->\n<title>ALG Piepl\u016bdes I Nos\u016bces I P\u0101rpl\u016bdes reste<\/title>\n<meta name=\"description\" content=\"Line\u0101ra stie\u0146a reste piepl\u016bdes, p\u0101rpludes vai nos\u016bces gaisam, mont\u0101\u017eas pie sienas vai griestiem\" \/>\n<meta name=\"robots\" content=\"index, follow, max-snippet:-1, max-image-preview:large, max-video-preview:-1\" \/>\n<link rel=\"canonical\" href=\"https:\/\/ecowise.lv\/ru\/product\/alg\/\" \/>\n<meta property=\"og:locale\" content=\"ru_RU\" \/>\n<meta property=\"og:type\" content=\"article\" \/>\n<meta property=\"og:title\" content=\"ALG Piepl\u016bdes I Nos\u016bces I P\u0101rpl\u016bdes reste\" \/>\n<meta property=\"og:description\" content=\"Line\u0101ra stie\u0146a reste piepl\u016bdes, p\u0101rpludes vai nos\u016bces gaisam, mont\u0101\u017eas pie sienas vai griestiem\" \/>\n<meta property=\"og:url\" content=\"https:\/\/ecowise.lv\/ru\/product\/alg\/\" \/>\n<meta property=\"og:site_name\" content=\"Ecowise\" \/>\n<meta property=\"article:modified_time\" content=\"2024-07-12T10:51:07+00:00\" \/>\n<meta property=\"og:image\" content=\"https:\/\/ecowise.lv\/wp-content\/uploads\/2023\/04\/ALG-2.png\" \/>\n\t<meta property=\"og:image:width\" content=\"600\" \/>\n\t<meta property=\"og:image:height\" content=\"450\" \/>\n\t<meta property=\"og:image:type\" content=\"image\/png\" \/>\n<meta name=\"twitter:card\" content=\"summary_large_image\" \/>\n<meta name=\"twitter:label1\" content=\"\u041f\u0440\u0438\u043c\u0435\u0440\u043d\u043e\u0435 \u0432\u0440\u0435\u043c\u044f \u0434\u043b\u044f \u0447\u0442\u0435\u043d\u0438\u044f\" \/>\n\t<meta name=\"twitter:data1\" content=\"1 \u043c\u0438\u043d\u0443\u0442\u0430\" \/>\n<script type=\"application\/ld+json\" class=\"yoast-schema-graph\">{\"@context\":\"https:\/\/schema.org\",\"@graph\":[{\"@type\":\"WebPage\",\"@id\":\"https:\/\/ecowise.lv\/product\/alg\/\",\"url\":\"https:\/\/ecowise.lv\/product\/alg\/\",\"name\":\"ALG Piepl\u016bdes I Nos\u016bces I P\u0101rpl\u016bdes reste\",\"isPartOf\":{\"@id\":\"https:\/\/ecowise.lv\/#website\"},\"primaryImageOfPage\":{\"@id\":\"https:\/\/ecowise.lv\/product\/alg\/#primaryimage\"},\"image\":{\"@id\":\"https:\/\/ecowise.lv\/product\/alg\/#primaryimage\"},\"thumbnailUrl\":\"https:\/\/ecowise.lv\/wp-content\/uploads\/2023\/04\/ALG-2.png\",\"datePublished\":\"2023-04-05T13:38:48+00:00\",\"dateModified\":\"2024-07-12T10:51:07+00:00\",\"description\":\"Line\u0101ra stie\u0146a reste piepl\u016bdes, p\u0101rpludes vai nos\u016bces gaisam, mont\u0101\u017eas pie sienas vai griestiem\",\"breadcrumb\":{\"@id\":\"https:\/\/ecowise.lv\/product\/alg\/#breadcrumb\"},\"inLanguage\":\"ru-RU\",\"potentialAction\":[{\"@type\":\"ReadAction\",\"target\":[\"https:\/\/ecowise.lv\/product\/alg\/\"]}]},{\"@type\":\"ImageObject\",\"inLanguage\":\"ru-RU\",\"@id\":\"https:\/\/ecowise.lv\/product\/alg\/#primaryimage\",\"url\":\"https:\/\/ecowise.lv\/wp-content\/uploads\/2023\/04\/ALG-2.png\",\"contentUrl\":\"https:\/\/ecowise.lv\/wp-content\/uploads\/2023\/04\/ALG-2.png\",\"width\":600,\"height\":450},{\"@type\":\"BreadcrumbList\",\"@id\":\"https:\/\/ecowise.lv\/product\/alg\/#breadcrumb\",\"itemListElement\":[{\"@type\":\"ListItem\",\"position\":1,\"name\":\"Products\",\"item\":\"https:\/\/ecowise.lv\/shop\/\"},{\"@type\":\"ListItem\",\"position\":2,\"name\":\"ALG\"}]},{\"@type\":\"WebSite\",\"@id\":\"https:\/\/ecowise.lv\/#website\",\"url\":\"https:\/\/ecowise.lv\/\",\"name\":\"Ecowise\",\"description\":\"Ener\u0123ijas pat\u0113ri\u0146a samazin\u0101jums\",\"publisher\":{\"@id\":\"https:\/\/ecowise.lv\/#organization\"},\"potentialAction\":[{\"@type\":\"SearchAction\",\"target\":{\"@type\":\"EntryPoint\",\"urlTemplate\":\"https:\/\/ecowise.lv\/?s={search_term_string}\"},\"query-input\":{\"@type\":\"PropertyValueSpecification\",\"valueRequired\":true,\"valueName\":\"search_term_string\"}}],\"inLanguage\":\"ru-RU\"},{\"@type\":\"Organization\",\"@id\":\"https:\/\/ecowise.lv\/#organization\",\"name\":\"Ecowise\",\"url\":\"https:\/\/ecowise.lv\/\",\"logo\":{\"@type\":\"ImageObject\",\"inLanguage\":\"ru-RU\",\"@id\":\"https:\/\/ecowise.lv\/#\/schema\/logo\/image\/\",\"url\":\"https:\/\/ecowise.lv\/wp-content\/uploads\/2023\/03\/logo.svg\",\"contentUrl\":\"https:\/\/ecowise.lv\/wp-content\/uploads\/2023\/03\/logo.svg\",\"width\":207,\"height\":27,\"caption\":\"Ecowise\"},\"image\":{\"@id\":\"https:\/\/ecowise.lv\/#\/schema\/logo\/image\/\"}}]}<\/script>\n<!-- \/ Yoast SEO plugin. -->","yoast_head_json":{"title":"ALG Piepl\u016bdes I Nos\u016bces I P\u0101rpl\u016bdes reste","description":"Line\u0101ra stie\u0146a reste piepl\u016bdes, p\u0101rpludes vai nos\u016bces gaisam, mont\u0101\u017eas pie sienas vai griestiem","robots":{"index":"index","follow":"follow","max-snippet":"max-snippet:-1","max-image-preview":"max-image-preview:large","max-video-preview":"max-video-preview:-1"},"canonical":"https:\/\/ecowise.lv\/ru\/product\/alg\/","og_locale":"ru_RU","og_type":"article","og_title":"ALG Piepl\u016bdes I Nos\u016bces I P\u0101rpl\u016bdes reste","og_description":"Line\u0101ra stie\u0146a reste piepl\u016bdes, p\u0101rpludes vai nos\u016bces gaisam, mont\u0101\u017eas pie sienas vai griestiem","og_url":"https:\/\/ecowise.lv\/ru\/product\/alg\/","og_site_name":"Ecowise","article_modified_time":"2024-07-12T10:51:07+00:00","og_image":[{"width":600,"height":450,"url":"https:\/\/ecowise.lv\/wp-content\/uploads\/2023\/04\/ALG-2.png","type":"image\/png"}],"twitter_card":"summary_large_image","twitter_misc":{"\u041f\u0440\u0438\u043c\u0435\u0440\u043d\u043e\u0435 \u0432\u0440\u0435\u043c\u044f \u0434\u043b\u044f \u0447\u0442\u0435\u043d\u0438\u044f":"1 \u043c\u0438\u043d\u0443\u0442\u0430"},"schema":{"@context":"https:\/\/schema.org","@graph":[{"@type":"WebPage","@id":"https:\/\/ecowise.lv\/product\/alg\/","url":"https:\/\/ecowise.lv\/product\/alg\/","name":"ALG Piepl\u016bdes I Nos\u016bces I P\u0101rpl\u016bdes reste","isPartOf":{"@id":"https:\/\/ecowise.lv\/#website"},"primaryImageOfPage":{"@id":"https:\/\/ecowise.lv\/product\/alg\/#primaryimage"},"image":{"@id":"https:\/\/ecowise.lv\/product\/alg\/#primaryimage"},"thumbnailUrl":"https:\/\/ecowise.lv\/wp-content\/uploads\/2023\/04\/ALG-2.png","datePublished":"2023-04-05T13:38:48+00:00","dateModified":"2024-07-12T10:51:07+00:00","description":"Line\u0101ra stie\u0146a reste piepl\u016bdes, p\u0101rpludes vai nos\u016bces gaisam, mont\u0101\u017eas pie sienas vai griestiem","breadcrumb":{"@id":"https:\/\/ecowise.lv\/product\/alg\/#breadcrumb"},"inLanguage":"ru-RU","potentialAction":[{"@type":"ReadAction","target":["https:\/\/ecowise.lv\/product\/alg\/"]}]},{"@type":"ImageObject","inLanguage":"ru-RU","@id":"https:\/\/ecowise.lv\/product\/alg\/#primaryimage","url":"https:\/\/ecowise.lv\/wp-content\/uploads\/2023\/04\/ALG-2.png","contentUrl":"https:\/\/ecowise.lv\/wp-content\/uploads\/2023\/04\/ALG-2.png","width":600,"height":450},{"@type":"BreadcrumbList","@id":"https:\/\/ecowise.lv\/product\/alg\/#breadcrumb","itemListElement":[{"@type":"ListItem","position":1,"name":"Products","item":"https:\/\/ecowise.lv\/shop\/"},{"@type":"ListItem","position":2,"name":"ALG"}]},{"@type":"WebSite","@id":"https:\/\/ecowise.lv\/#website","url":"https:\/\/ecowise.lv\/","name":"Ecowise","description":"Ener\u0123ijas pat\u0113ri\u0146a samazin\u0101jums","publisher":{"@id":"https:\/\/ecowise.lv\/#organization"},"potentialAction":[{"@type":"SearchAction","target":{"@type":"EntryPoint","urlTemplate":"https:\/\/ecowise.lv\/?s={search_term_string}"},"query-input":{"@type":"PropertyValueSpecification","valueRequired":true,"valueName":"search_term_string"}}],"inLanguage":"ru-RU"},{"@type":"Organization","@id":"https:\/\/ecowise.lv\/#organization","name":"Ecowise","url":"https:\/\/ecowise.lv\/","logo":{"@type":"ImageObject","inLanguage":"ru-RU","@id":"https:\/\/ecowise.lv\/#\/schema\/logo\/image\/","url":"https:\/\/ecowise.lv\/wp-content\/uploads\/2023\/03\/logo.svg","contentUrl":"https:\/\/ecowise.lv\/wp-content\/uploads\/2023\/03\/logo.svg","width":207,"height":27,"caption":"Ecowise"},"image":{"@id":"https:\/\/ecowise.lv\/#\/schema\/logo\/image\/"}}]}},"_links":{"self":[{"href":"https:\/\/ecowise.lv\/ru\/wp-json\/wp\/v2\/product\/1248","targetHints":{"allow":["GET"]}}],"collection":[{"href":"https:\/\/ecowise.lv\/ru\/wp-json\/wp\/v2\/product"}],"about":[{"href":"https:\/\/ecowise.lv\/ru\/wp-json\/wp\/v2\/types\/product"}],"wp:featuredmedia":[{"embeddable":true,"href":"https:\/\/ecowise.lv\/ru\/wp-json\/wp\/v2\/media\/6629"}],"wp:attachment":[{"href":"https:\/\/ecowise.lv\/ru\/wp-json\/wp\/v2\/media?parent=1248"}],"wp:term":[{"taxonomy":"product_brand","embeddable":true,"href":"https:\/\/ecowise.lv\/ru\/wp-json\/wp\/v2\/product_brand?post=1248"},{"taxonomy":"product_cat","embeddable":true,"href":"https:\/\/ecowise.lv\/ru\/wp-json\/wp\/v2\/product_cat?post=1248"},{"taxonomy":"product_tag","embeddable":true,"href":"https:\/\/ecowise.lv\/ru\/wp-json\/wp\/v2\/product_tag?post=1248"}],"curies":[{"name":"wp","href":"https:\/\/api.w.org\/{rel}","templated":true}]}}