{"id":1236,"date":"2023-04-05T16:38:45","date_gmt":"2023-04-05T13:38:45","guid":{"rendered":"https:\/\/ecowise.lv\/?post_type=product&#038;p=1236"},"modified":"2023-09-14T11:02:15","modified_gmt":"2023-09-14T08:02:15","slug":"silver-c-px","status":"publish","type":"product","link":"https:\/\/ecowise.lv\/ru\/product\/silver-c-px\/","title":{"rendered":"SILVER C PX"},"content":{"rendered":"<p>SILVER C PX - \u043f\u043e\u043b\u043d\u043e\u0435 \u0432\u043e\u0437\u0434\u0443\u0445\u043e\u043e\u0431\u0440\u0430\u0431\u0430\u0442\u044b\u0432\u0430\u044e\u0449\u0435\u0435 \u0443\u0441\u0442\u0440\u043e\u0439\u0441\u0442\u0432\u043e \u0441 \u043f\u0440\u043e\u0442\u0438\u0432\u043e\u0442\u043e\u0447\u043d\u044b\u043c \u0442\u0435\u043f\u043b\u043e\u043e\u0431\u043c\u0435\u043d\u043d\u0438\u043a\u043e\u043c RECOflow, \u043f\u0440\u044f\u043c\u043e\u043f\u0440\u0438\u0432\u043e\u0434\u043d\u044b\u043c\u0438 \u0432\u0435\u043d\u0442\u0438\u043b\u044f\u0442\u043e\u0440\u0430\u043c\u0438 \u043f\u043e\u0434\u0430\u0447\u0438 \u0438 \u043e\u0442\u0432\u043e\u0434\u0430 \u0432\u043e\u0437\u0434\u0443\u0445\u0430, \u0430 \u0442\u0430\u043a\u0436\u0435 \u0444\u0438\u043b\u044c\u0442\u0440\u0430\u043c\u0438 \u043f\u043e\u0434\u0430\u0447\u0438 \u0438 \u043e\u0442\u0432\u043e\u0434\u0430 \u0432\u043e\u0437\u0434\u0443\u0445\u0430. \u041f\u0440\u043e\u0442\u0438\u0432\u043e\u0442\u043e\u0447\u043d\u044b\u0439 \u0442\u0435\u043f\u043b\u043e\u043e\u0431\u043c\u0435\u043d\u043d\u0438\u043a \u0441 \u043e\u0442\u0434\u0435\u043b\u044c\u043d\u044b\u043c\u0438 \u0432\u043e\u0437\u0434\u0443\u0448\u043d\u044b\u043c\u0438 \u043f\u043e\u0442\u043e\u043a\u0430\u043c\u0438 \u043e\u0441\u043e\u0431\u0435\u043d\u043d\u043e \u0440\u0435\u043a\u043e\u043c\u0435\u043d\u0434\u0443\u0435\u0442\u0441\u044f \u0434\u043b\u044f \u043f\u0440\u0438\u043b\u043e\u0436\u0435\u043d\u0438\u0439, \u0433\u0434\u0435 \u043f\u0440\u043e\u0438\u0441\u0445\u043e\u0434\u0438\u0442 \u043f\u0435\u0440\u0435\u0434\u0430\u0447\u0430 \u0437\u0430\u043f\u0430\u0445\u043e\u0432 \u043c\u0435\u0436\u0434\u0443 \u0432\u044b\u0442\u044f\u0436\u043d\u044b\u043c \u0438 \u043f\u043e\u0434\u0430\u0432\u0430\u0435\u043c\u044b\u043c \u0432\u043e\u0437\u0434\u0443\u0445\u043e\u043c, \u043d\u0430\u043f\u0440\u0438\u043c\u0435\u0440, \u043d\u0430 \u043a\u0443\u0445\u043d\u044f\u0445 \u0438 \u0432 \u0440\u0435\u0441\u0442\u043e\u0440\u0430\u043d\u0430\u0445.<\/p>\n<p>\u0412\u043e\u0437\u0434\u0443\u0448\u043d\u044b\u0439 \u043f\u043e\u0442\u043e\u043a \u0434\u043e 11 520 \u043c\u00b3\/\u0447<br \/>\n\u041e\u0431\u0432\u043e\u0434\u043d\u044b\u0435 \u0438 \u0437\u0430\u043f\u043e\u0440\u043d\u044b\u0435 \u043a\u043b\u0430\u043f\u0430\u043d\u044b<br \/>\n\u041e\u043f\u0442\u0438\u043c\u0438\u0437\u0438\u0440\u043e\u0432\u0430\u043d\u043d\u044b\u0435 \u0440\u0430\u0437\u043c\u0435\u0440\u044b \u0432\u0435\u043d\u0442\u0438\u043b\u044f\u0442\u043e\u0440\u043e\u0432 \u043f\u0440\u0435\u0434\u043e\u0441\u0442\u0430\u0432\u043b\u044f\u044e\u0442 \u0431\u043e\u043b\u044c\u0448\u0443\u044e \u0441\u0432\u043e\u0431\u043e\u0434\u0443 \u0432\u044b\u0431\u043e\u0440\u0430 \u0442\u043e\u0447\u043d\u043e \u043f\u043e\u0434\u0445\u043e\u0434\u044f\u0449\u0435\u0433\u043e \u0440\u0430\u0437\u043c\u0435\u0440\u0430 \u0432\u043e\u0437\u0434\u0443\u0445\u043e\u043e\u0431\u0440\u0430\u0431\u0430\u0442\u044b\u0432\u0430\u044e\u0449\u0435\u0433\u043e \u0443\u0441\u0442\u0440\u043e\u0439\u0441\u0442\u0432\u0430 \u0438 \u0432\u0430\u0440\u0438\u0430\u043d\u0442\u043e\u0432 \u0432\u0435\u043d\u0442\u0438\u043b\u044f\u0442\u043e\u0440\u0430, \u043a\u043e\u0442\u043e\u0440\u044b\u0435 \u0441\u043e\u043e\u0442\u0432\u0435\u0442\u0441\u0442\u0432\u0443\u044e\u0442 \u043f\u043e\u0442\u0440\u0435\u0431\u043d\u043e\u0441\u0442\u044f\u043c \u0443\u0441\u0442\u0430\u043d\u043e\u0432\u043a\u0438. \u042d\u0442\u043e \u0442\u0430\u043a\u0436\u0435 \u043f\u0440\u0435\u0434\u043e\u0441\u0442\u0430\u0432\u043b\u044f\u0435\u0442 \u0435\u0449\u0435 \u0431\u043e\u043b\u044c\u0448\u0435 \u0432\u043e\u0437\u043c\u043e\u0436\u043d\u043e\u0441\u0442\u0435\u0439 \u0434\u043b\u044f \u043e\u043f\u0442\u0438\u043c\u0438\u0437\u0430\u0446\u0438\u0438 \u044d\u043d\u0435\u0440\u0433\u043e\u044d\u0444\u0444\u0435\u043a\u0442\u0438\u0432\u043d\u043e\u0441\u0442\u0438 \u0442\u0435\u043a\u0443\u0449\u0435\u0433\u043e \u043f\u0440\u043e\u0435\u043a\u0442\u0430.<br \/>\n\u0423\u043d\u0438\u043a\u0430\u043b\u044c\u043d\u044b\u0439 \u044d\u0444\u0444\u0435\u043a\u0442\u0438\u0432\u043d\u044b\u0439 \u0438 \u0431\u0435\u0437\u043e\u043f\u0430\u0441\u043d\u044b\u0439 \u043f\u0440\u043e\u0442\u0438\u0432\u043e\u0442\u043e\u0447\u043d\u044b\u0439 \u0442\u0435\u043f\u043b\u043e\u043e\u0431\u043c\u0435\u043d\u043d\u0438\u043a<\/p>\n<p>\u0418\u0441\u043f\u043e\u043b\u044c\u0437\u0443\u044f \u0432\u044b\u0441\u043e\u043a\u043e\u043a\u0430\u0447\u0435\u0441\u0442\u0432\u0435\u043d\u043d\u043e\u0435 \u043e\u0431\u043e\u0440\u0443\u0434\u043e\u0432\u0430\u043d\u0438\u0435, Swegon SILVER C PX \u043c\u043e\u0436\u0435\u0442 \u0434\u043e\u0441\u0442\u0438\u0433\u0430\u0442\u044c \u043e\u0442\u043b\u0438\u0447\u043d\u043e\u0433\u043e \u0432\u043e\u0441\u0441\u0442\u0430\u043d\u043e\u0432\u043b\u0435\u043d\u0438\u044f \u044d\u043d\u0435\u0440\u0433\u0438\u0438, \u043d\u0435\u0441\u043c\u043e\u0442\u0440\u044f \u043d\u0430 \u0435\u0433\u043e \u043a\u043e\u043c\u043f\u0430\u043a\u0442\u043d\u044b\u0439 \u0440\u0430\u0437\u043c\u0435\u0440.<\/p>","protected":false},"excerpt":{"rendered":"<h4>\u0412\u043e\u0437\u0434\u0443\u0445\u043e\u043e\u0431\u0440\u0430\u0431\u0430\u0442\u044b\u0432\u0430\u044e\u0449\u0435\u0435 \u0443\u0441\u0442\u0440\u043e\u0439\u0441\u0442\u0432\u043e \u0441 \u043f\u043b\u0430\u0441\u0442\u0438\u043d\u0447\u0430\u0442\u044b\u043c (\u043f\u0440\u043e\u0442\u0438\u0432\u043e\u0442\u043e\u0447\u043d\u044b\u043c) \u0442\u0435\u043f\u043b\u043e\u043e\u0431\u043c\u0435\u043d\u043d\u0438\u043a\u043e\u043c<\/h4>\n<h4>290-11520 \u043c\u00b3\/\u0447<\/h4>","protected":false},"featured_media":2551,"template":"","meta":{"_acf_changed":false,"inline_featured_image":false,"_links_to":"","_links_to_target":""},"product_brand":[],"product_cat":[34],"product_tag":[],"class_list":{"0":"post-1236","1":"product","2":"type-product","3":"status-publish","4":"has-post-thumbnail","6":"product_cat-silver","8":"first","9":"instock","10":"shipping-taxable","11":"product-type-simple"},"acf":[],"yoast_head":"<!-- This site is optimized with the Yoast SEO plugin v27.0 - https:\/\/yoast.com\/product\/yoast-seo-wordpress\/ -->\n<title>SILVER C PX<\/title>\n<meta name=\"description\" content=\"Gaisa apstr\u0101des iek\u0101rta SILVER C PX ar siltummai\u0146u (pretpl\u016bsma)\" \/>\n<meta name=\"robots\" content=\"index, follow, max-snippet:-1, max-image-preview:large, max-video-preview:-1\" \/>\n<link rel=\"canonical\" href=\"https:\/\/ecowise.lv\/ru\/product\/silver-c-px\/\" \/>\n<meta property=\"og:locale\" content=\"ru_RU\" \/>\n<meta property=\"og:type\" content=\"article\" \/>\n<meta property=\"og:title\" content=\"SILVER C PX\" \/>\n<meta property=\"og:description\" content=\"Gaisa apstr\u0101des iek\u0101rta SILVER C PX ar siltummai\u0146u (pretpl\u016bsma)\" \/>\n<meta property=\"og:url\" content=\"https:\/\/ecowise.lv\/ru\/product\/silver-c-px\/\" \/>\n<meta property=\"og:site_name\" content=\"Ecowise\" \/>\n<meta property=\"article:modified_time\" content=\"2023-09-14T08:02:15+00:00\" \/>\n<meta property=\"og:image\" content=\"https:\/\/ecowise.lv\/wp-content\/uploads\/2023\/04\/silverc_px.jpg\" \/>\n\t<meta property=\"og:image:width\" content=\"700\" \/>\n\t<meta property=\"og:image:height\" content=\"584\" \/>\n\t<meta property=\"og:image:type\" content=\"image\/jpeg\" \/>\n<meta name=\"twitter:card\" content=\"summary_large_image\" \/>\n<meta name=\"twitter:label1\" content=\"\u041f\u0440\u0438\u043c\u0435\u0440\u043d\u043e\u0435 \u0432\u0440\u0435\u043c\u044f \u0434\u043b\u044f \u0447\u0442\u0435\u043d\u0438\u044f\" \/>\n\t<meta name=\"twitter:data1\" content=\"1 \u043c\u0438\u043d\u0443\u0442\u0430\" \/>\n<script type=\"application\/ld+json\" class=\"yoast-schema-graph\">{\"@context\":\"https:\/\/schema.org\",\"@graph\":[{\"@type\":\"WebPage\",\"@id\":\"https:\/\/ecowise.lv\/product\/silver-c-px\/\",\"url\":\"https:\/\/ecowise.lv\/product\/silver-c-px\/\",\"name\":\"SILVER C PX\",\"isPartOf\":{\"@id\":\"https:\/\/ecowise.lv\/#website\"},\"primaryImageOfPage\":{\"@id\":\"https:\/\/ecowise.lv\/product\/silver-c-px\/#primaryimage\"},\"image\":{\"@id\":\"https:\/\/ecowise.lv\/product\/silver-c-px\/#primaryimage\"},\"thumbnailUrl\":\"https:\/\/ecowise.lv\/wp-content\/uploads\/2023\/04\/silverc_px.jpg\",\"datePublished\":\"2023-04-05T13:38:45+00:00\",\"dateModified\":\"2023-09-14T08:02:15+00:00\",\"description\":\"Gaisa apstr\u0101des iek\u0101rta SILVER C PX ar siltummai\u0146u (pretpl\u016bsma)\",\"breadcrumb\":{\"@id\":\"https:\/\/ecowise.lv\/product\/silver-c-px\/#breadcrumb\"},\"inLanguage\":\"ru-RU\",\"potentialAction\":[{\"@type\":\"ReadAction\",\"target\":[\"https:\/\/ecowise.lv\/product\/silver-c-px\/\"]}]},{\"@type\":\"ImageObject\",\"inLanguage\":\"ru-RU\",\"@id\":\"https:\/\/ecowise.lv\/product\/silver-c-px\/#primaryimage\",\"url\":\"https:\/\/ecowise.lv\/wp-content\/uploads\/2023\/04\/silverc_px.jpg\",\"contentUrl\":\"https:\/\/ecowise.lv\/wp-content\/uploads\/2023\/04\/silverc_px.jpg\",\"width\":700,\"height\":584},{\"@type\":\"BreadcrumbList\",\"@id\":\"https:\/\/ecowise.lv\/product\/silver-c-px\/#breadcrumb\",\"itemListElement\":[{\"@type\":\"ListItem\",\"position\":1,\"name\":\"Products\",\"item\":\"https:\/\/ecowise.lv\/shop\/\"},{\"@type\":\"ListItem\",\"position\":2,\"name\":\"SILVER C PX\"}]},{\"@type\":\"WebSite\",\"@id\":\"https:\/\/ecowise.lv\/#website\",\"url\":\"https:\/\/ecowise.lv\/\",\"name\":\"Ecowise\",\"description\":\"Ener\u0123ijas pat\u0113ri\u0146a samazin\u0101jums\",\"publisher\":{\"@id\":\"https:\/\/ecowise.lv\/#organization\"},\"potentialAction\":[{\"@type\":\"SearchAction\",\"target\":{\"@type\":\"EntryPoint\",\"urlTemplate\":\"https:\/\/ecowise.lv\/?s={search_term_string}\"},\"query-input\":{\"@type\":\"PropertyValueSpecification\",\"valueRequired\":true,\"valueName\":\"search_term_string\"}}],\"inLanguage\":\"ru-RU\"},{\"@type\":\"Organization\",\"@id\":\"https:\/\/ecowise.lv\/#organization\",\"name\":\"Ecowise\",\"url\":\"https:\/\/ecowise.lv\/\",\"logo\":{\"@type\":\"ImageObject\",\"inLanguage\":\"ru-RU\",\"@id\":\"https:\/\/ecowise.lv\/#\/schema\/logo\/image\/\",\"url\":\"https:\/\/ecowise.lv\/wp-content\/uploads\/2023\/03\/logo.svg\",\"contentUrl\":\"https:\/\/ecowise.lv\/wp-content\/uploads\/2023\/03\/logo.svg\",\"width\":207,\"height\":27,\"caption\":\"Ecowise\"},\"image\":{\"@id\":\"https:\/\/ecowise.lv\/#\/schema\/logo\/image\/\"}}]}<\/script>\n<!-- \/ Yoast SEO plugin. -->","yoast_head_json":{"title":"SILVER C PX","description":"Gaisa apstr\u0101des iek\u0101rta SILVER C PX ar siltummai\u0146u (pretpl\u016bsma)","robots":{"index":"index","follow":"follow","max-snippet":"max-snippet:-1","max-image-preview":"max-image-preview:large","max-video-preview":"max-video-preview:-1"},"canonical":"https:\/\/ecowise.lv\/ru\/product\/silver-c-px\/","og_locale":"ru_RU","og_type":"article","og_title":"SILVER C PX","og_description":"Gaisa apstr\u0101des iek\u0101rta SILVER C PX ar siltummai\u0146u (pretpl\u016bsma)","og_url":"https:\/\/ecowise.lv\/ru\/product\/silver-c-px\/","og_site_name":"Ecowise","article_modified_time":"2023-09-14T08:02:15+00:00","og_image":[{"width":700,"height":584,"url":"https:\/\/ecowise.lv\/wp-content\/uploads\/2023\/04\/silverc_px.jpg","type":"image\/jpeg"}],"twitter_card":"summary_large_image","twitter_misc":{"\u041f\u0440\u0438\u043c\u0435\u0440\u043d\u043e\u0435 \u0432\u0440\u0435\u043c\u044f \u0434\u043b\u044f \u0447\u0442\u0435\u043d\u0438\u044f":"1 \u043c\u0438\u043d\u0443\u0442\u0430"},"schema":{"@context":"https:\/\/schema.org","@graph":[{"@type":"WebPage","@id":"https:\/\/ecowise.lv\/product\/silver-c-px\/","url":"https:\/\/ecowise.lv\/product\/silver-c-px\/","name":"SILVER C PX","isPartOf":{"@id":"https:\/\/ecowise.lv\/#website"},"primaryImageOfPage":{"@id":"https:\/\/ecowise.lv\/product\/silver-c-px\/#primaryimage"},"image":{"@id":"https:\/\/ecowise.lv\/product\/silver-c-px\/#primaryimage"},"thumbnailUrl":"https:\/\/ecowise.lv\/wp-content\/uploads\/2023\/04\/silverc_px.jpg","datePublished":"2023-04-05T13:38:45+00:00","dateModified":"2023-09-14T08:02:15+00:00","description":"Gaisa apstr\u0101des iek\u0101rta SILVER C PX ar siltummai\u0146u (pretpl\u016bsma)","breadcrumb":{"@id":"https:\/\/ecowise.lv\/product\/silver-c-px\/#breadcrumb"},"inLanguage":"ru-RU","potentialAction":[{"@type":"ReadAction","target":["https:\/\/ecowise.lv\/product\/silver-c-px\/"]}]},{"@type":"ImageObject","inLanguage":"ru-RU","@id":"https:\/\/ecowise.lv\/product\/silver-c-px\/#primaryimage","url":"https:\/\/ecowise.lv\/wp-content\/uploads\/2023\/04\/silverc_px.jpg","contentUrl":"https:\/\/ecowise.lv\/wp-content\/uploads\/2023\/04\/silverc_px.jpg","width":700,"height":584},{"@type":"BreadcrumbList","@id":"https:\/\/ecowise.lv\/product\/silver-c-px\/#breadcrumb","itemListElement":[{"@type":"ListItem","position":1,"name":"Products","item":"https:\/\/ecowise.lv\/shop\/"},{"@type":"ListItem","position":2,"name":"SILVER C PX"}]},{"@type":"WebSite","@id":"https:\/\/ecowise.lv\/#website","url":"https:\/\/ecowise.lv\/","name":"Ecowise","description":"Ener\u0123ijas pat\u0113ri\u0146a samazin\u0101jums","publisher":{"@id":"https:\/\/ecowise.lv\/#organization"},"potentialAction":[{"@type":"SearchAction","target":{"@type":"EntryPoint","urlTemplate":"https:\/\/ecowise.lv\/?s={search_term_string}"},"query-input":{"@type":"PropertyValueSpecification","valueRequired":true,"valueName":"search_term_string"}}],"inLanguage":"ru-RU"},{"@type":"Organization","@id":"https:\/\/ecowise.lv\/#organization","name":"Ecowise","url":"https:\/\/ecowise.lv\/","logo":{"@type":"ImageObject","inLanguage":"ru-RU","@id":"https:\/\/ecowise.lv\/#\/schema\/logo\/image\/","url":"https:\/\/ecowise.lv\/wp-content\/uploads\/2023\/03\/logo.svg","contentUrl":"https:\/\/ecowise.lv\/wp-content\/uploads\/2023\/03\/logo.svg","width":207,"height":27,"caption":"Ecowise"},"image":{"@id":"https:\/\/ecowise.lv\/#\/schema\/logo\/image\/"}}]}},"_links":{"self":[{"href":"https:\/\/ecowise.lv\/ru\/wp-json\/wp\/v2\/product\/1236","targetHints":{"allow":["GET"]}}],"collection":[{"href":"https:\/\/ecowise.lv\/ru\/wp-json\/wp\/v2\/product"}],"about":[{"href":"https:\/\/ecowise.lv\/ru\/wp-json\/wp\/v2\/types\/product"}],"wp:featuredmedia":[{"embeddable":true,"href":"https:\/\/ecowise.lv\/ru\/wp-json\/wp\/v2\/media\/2551"}],"wp:attachment":[{"href":"https:\/\/ecowise.lv\/ru\/wp-json\/wp\/v2\/media?parent=1236"}],"wp:term":[{"taxonomy":"product_brand","embeddable":true,"href":"https:\/\/ecowise.lv\/ru\/wp-json\/wp\/v2\/product_brand?post=1236"},{"taxonomy":"product_cat","embeddable":true,"href":"https:\/\/ecowise.lv\/ru\/wp-json\/wp\/v2\/product_cat?post=1236"},{"taxonomy":"product_tag","embeddable":true,"href":"https:\/\/ecowise.lv\/ru\/wp-json\/wp\/v2\/product_tag?post=1236"}],"curies":[{"name":"wp","href":"https:\/\/api.w.org\/{rel}","templated":true}]}}