{"id":1207,"date":"2023-04-05T16:38:37","date_gmt":"2023-04-05T13:38:37","guid":{"rendered":"https:\/\/ecowise.lv\/?post_type=product&#038;p=1207"},"modified":"2023-11-01T14:45:13","modified_gmt":"2023-11-01T12:45:13","slug":"react","status":"publish","type":"product","link":"https:\/\/ecowise.lv\/ru\/product\/react\/","title":{"rendered":"REACT V"},"content":{"rendered":"<h3>\u041f\u0435\u0440\u0435\u043c\u0435\u043d\u043d\u044b\u0439 \u043f\u043e\u0442\u043e\u043a \u043a\u043b\u0430\u043f\u0430\u043d\u0430<\/h3>\n<ul>\n<li>\u0420\u0435\u0433\u0443\u043b\u0438\u0440\u043e\u0432\u043a\u0430 \u043f\u0435\u0440\u0435\u043c\u0435\u043d\u043d\u043e\u0433\u043e \u0438\u043b\u0438 \u043f\u043e\u0441\u0442\u043e\u044f\u043d\u043d\u043e\u0433\u043e \u043f\u043e\u0442\u043e\u043a\u0430<\/li>\n<li>\u041c\u043e\u0436\u043d\u043e \u0443\u0441\u0442\u0430\u043d\u043e\u0432\u0438\u0442\u044c \u043d\u0435\u043f\u043e\u0441\u0440\u0435\u0434\u0441\u0442\u0432\u0435\u043d\u043d\u043e \u043d\u0430 \u0438\u0437\u0433\u0438\u0431\u0430\u0445 \u0438 \u043f\u0435\u0440\u0435\u0445\u043e\u0434\u0430\u0445\/\u0443\u043c\u0435\u043d\u044c\u0448\u0435\u043d\u0438\u044f\u0445 \u043a\u0430\u043d\u0430\u043b\u043e\u0432 (\u043a\u0440\u0443\u0433\u043b\u044b\u0445)<\/li>\n<li>\u0412\u043e\u0437\u043c\u043e\u0436\u043d\u043e\u0441\u0442\u044c \u0432\u044b\u0431\u043e\u0440\u0430 \u0438\u0441\u043f\u043e\u043b\u043d\u0438\u0442\u0435\u043b\u044c\u043d\u043e\u0433\u043e \u043c\u0435\u0445\u0430\u043d\u0438\u0437\u043c\u0430 Gr\u00fcner \u0438\u043b\u0438 Belimo<\/li>\n<li>\u0412\u043e\u0437\u043c\u043e\u0436\u043d\u043e\u0441\u0442\u044c \u0432\u044b\u0431\u043e\u0440\u0430 \u0440\u0430\u0437\u043b\u0438\u0447\u043d\u044b\u0445 \u043a\u043e\u043c\u043c\u0443\u043d\u0438\u043a\u0430\u0446\u0438\u043e\u043d\u043d\u044b\u0445 \u043f\u0440\u043e\u0442\u043e\u043a\u043e\u043b\u043e\u0432<\/li>\n<li>\u041c\u043e\u0436\u043d\u043e \u043b\u0435\u0433\u043a\u043e \u0438\u0437\u043e\u043b\u0438\u0440\u043e\u0432\u0430\u0442\u044c \u0432 \u043a\u0430\u043d\u0430\u043b\u044c\u043d\u043e\u0439 \u0441\u0438\u0441\u0442\u0435\u043c\u0435 \u043e\u0442 \u043a\u043e\u043d\u0434\u0435\u043d\u0441\u0430\u0446\u0438\u0438<\/li>\n<li>\u0412\u0430\u0440\u0438\u0430\u043d\u0442\u044b:\n<ul>\n<li>REACT V \u2014 \u0443\u043f\u0440\u0430\u0432\u043b\u0435\u043d\u0438\u0435 Modbus \u0438 \u0430\u043d\u0430\u043b\u043e\u0433\u043e\u0432\u043e\u0435 (Gr\u00fcner)<\/li>\n<li>REACT V BMP \u2014 \u0443\u043f\u0440\u0430\u0432\u043b\u0435\u043d\u0438\u0435 Mp-Bus \u0438 \u0430\u043d\u0430\u043b\u043e\u0433\u043e\u0432\u043e\u0435 (Belimo)<\/li>\n<li>REACT V BMB \u2014 \u0443\u043f\u0440\u0430\u0432\u043b\u0435\u043d\u0438\u0435 Modbus \u0438 \u0430\u043d\u0430\u043b\u043e\u0433\u043e\u0432\u043e\u0435 (Belimo)<\/li>\n<li>REACT V BBAC \u2014 \u0443\u043f\u0440\u0430\u0432\u043b\u0435\u043d\u0438\u0435 BACnet \u0438 \u0430\u043d\u0430\u043b\u043e\u0433\u043e\u0432\u043e\u0435 (Belimo)<\/li>\n<li>\u041a\u0440\u0443\u0433\u043b\u044b\u0435 \u0441\u043e\u0435\u0434\u0438\u043d\u0435\u043d\u0438\u044f: \u00d8100-630 \u043c\u043c<\/li>\n<li>\u041f\u0440\u044f\u043c\u043e\u0443\u0433\u043e\u043b\u044c\u043d\u044b\u0435 \u0441\u043e\u0435\u0434\u0438\u043d\u0435\u043d\u0438\u044f: 200\u00d7200-1400\u00d7700 \u043c\u043c<\/li>\n<\/ul>\n<\/li>\n<\/ul>\n<p>&nbsp;<\/p>\n<table style=\"height: 382px;\" width=\"720\">\n<tbody>\n<tr>\n<td class=\"bold v-align-bottom h-align-center\" colspan=\"7\">\n<div class=\"gtx-body\"><strong>\u0414\u0418\u0410\u041f\u0410\u0417\u041e\u041d \u041f\u041e\u0422\u041e\u041a\u0410<\/strong><\/div>\n<\/td>\n<\/tr>\n<tr>\n<td class=\"bold v-align-bottom\" rowspan=\"2\"><strong>REACT V \u2013 Gr\u00fcner<\/strong><br \/>\n<strong>\u0420\u0430\u0437\u043c\u0435\u0440<\/strong><\/td>\n<td class=\"bold v-align-bottom h-align-center\" colspan=\"3\"><strong>Min.<\/strong><\/td>\n<td class=\"bold v-align-bottom h-align-center\" colspan=\"3\"><strong>Max.*<\/strong><\/td>\n<\/tr>\n<tr>\n<td class=\"bold v-align-bottom h-align-center\"><strong>\u043b\/\u0441<\/strong><\/td>\n<td class=\"bold v-align-bottom h-align-center\" colspan=\"2\"><strong>\u043c3\/\u0447<\/strong><\/td>\n<td class=\"bold v-align-bottom h-align-center\"><strong>\u043b\/\u0441<\/strong><\/td>\n<td class=\"bold v-align-bottom h-align-center\" colspan=\"2\"><strong>\u043c3\/\u0447<\/strong><\/td>\n<\/tr>\n<tr>\n<td class=\"v-align-bottom h-align-left\">100<\/td>\n<td class=\"v-align-bottom h-align-left\">5<\/td>\n<td class=\"v-align-bottom h-align-left\" colspan=\"2\">18<\/td>\n<td class=\"v-align-bottom h-align-left\">67<\/td>\n<td class=\"v-align-bottom h-align-left\" colspan=\"2\">241<\/td>\n<\/tr>\n<tr>\n<td class=\"v-align-bottom h-align-left\">125<\/td>\n<td class=\"v-align-bottom h-align-left\">9<\/td>\n<td class=\"v-align-bottom h-align-left\" colspan=\"2\">32<\/td>\n<td class=\"v-align-bottom h-align-left\">108<\/td>\n<td class=\"v-align-bottom h-align-left\" colspan=\"2\">389<\/td>\n<\/tr>\n<tr>\n<td class=\"v-align-bottom h-align-left\">160<\/td>\n<td class=\"v-align-bottom h-align-left\">16<\/td>\n<td class=\"v-align-bottom h-align-left\" colspan=\"2\">58<\/td>\n<td class=\"v-align-bottom h-align-left\">184<\/td>\n<td class=\"v-align-bottom h-align-left\" colspan=\"2\">662<\/td>\n<\/tr>\n<tr>\n<td class=\"v-align-bottom h-align-left\">200<\/td>\n<td class=\"v-align-bottom h-align-left\">25<\/td>\n<td class=\"v-align-bottom h-align-left\" colspan=\"2\">90<\/td>\n<td class=\"v-align-bottom h-align-left\">292<\/td>\n<td class=\"v-align-bottom h-align-left\" colspan=\"2\">1051<\/td>\n<\/tr>\n<tr>\n<td class=\"v-align-bottom h-align-left\">250<\/td>\n<td class=\"v-align-bottom h-align-left\">40<\/td>\n<td class=\"v-align-bottom h-align-left\" colspan=\"2\">144<\/td>\n<td class=\"v-align-bottom h-align-left\">470<\/td>\n<td class=\"v-align-bottom h-align-left\" colspan=\"2\">1692<\/td>\n<\/tr>\n<tr>\n<td class=\"v-align-bottom h-align-left\">315<\/td>\n<td class=\"v-align-bottom h-align-left\">63<\/td>\n<td class=\"v-align-bottom h-align-left\" colspan=\"2\">227<\/td>\n<td class=\"v-align-bottom h-align-left\">747<\/td>\n<td class=\"v-align-bottom h-align-left\" colspan=\"2\">2689<\/td>\n<\/tr>\n<tr>\n<td class=\"v-align-bottom h-align-left\">400<\/td>\n<td class=\"v-align-bottom h-align-left\">102<\/td>\n<td class=\"v-align-bottom h-align-left\" colspan=\"2\">367<\/td>\n<td class=\"v-align-bottom h-align-left\">1240<\/td>\n<td class=\"v-align-bottom h-align-left\" colspan=\"2\">4464<\/td>\n<\/tr>\n<tr>\n<td class=\"v-align-bottom h-align-left\">500<\/td>\n<td class=\"v-align-bottom h-align-left\">164<\/td>\n<td class=\"v-align-bottom h-align-left\" colspan=\"2\">590<\/td>\n<td class=\"v-align-bottom h-align-left\">1900<\/td>\n<td class=\"v-align-bottom h-align-left\" colspan=\"2\">6840<\/td>\n<\/tr>\n<tr>\n<td class=\"v-align-bottom h-align-left\">630<\/td>\n<td class=\"v-align-bottom h-align-left\">300<\/td>\n<td class=\"v-align-bottom h-align-left\" colspan=\"2\">1080<\/td>\n<td class=\"v-align-bottom h-align-left\">2950<\/td>\n<td class=\"v-align-bottom h-align-left\" colspan=\"2\">10620<\/td>\n<\/tr>\n<tr>\n<td class=\"v-align-bottom\" colspan=\"7\">* \u041d\u043e\u043c\u0438\u043d\u0430\u043b\u044c\u043d\u044b\u0439 \u043f\u043e\u0442\u043e\u043a (Vnom), \u043e\u0441\u043d\u043e\u0432\u0430\u043d\u043d\u044b\u0439 \u043d\u0430 \u043f\u043e\u043a\u0430\u0437\u0430\u043d\u0438\u0438 \u0434\u0430\u0432\u043b\u0435\u043d\u0438\u044f 120 \u041f\u0430.<\/td>\n<\/tr>\n<\/tbody>\n<\/table>\n<p>&nbsp;<\/p>\n<table style=\"height: 410px;\" width=\"722\">\n<tbody>\n<tr>\n<td class=\"bold v-align-bottom h-align-center\" colspan=\"7\">\n<div class=\"gtx-body\"><strong>\u0414\u0418\u0410\u041f\u0410\u0417\u041e\u041d \u041f\u041e\u0422\u041e\u041a\u0410<\/strong><\/div>\n<\/td>\n<\/tr>\n<tr>\n<td class=\"bold v-align-bottom\" rowspan=\"2\"><strong>REACT V \u2013 Belimo<\/strong><br \/>\n<strong>\u0420\u0430\u0437\u043c\u0435\u0440<\/strong><\/td>\n<td class=\"bold v-align-bottom h-align-center\" colspan=\"3\"><strong>Min.<\/strong><\/td>\n<td class=\"bold v-align-bottom h-align-center\" colspan=\"3\"><strong>Max.*<\/strong><\/td>\n<\/tr>\n<tr>\n<td class=\"bold v-align-bottom h-align-center\">\u043b\/\u0441<\/td>\n<td class=\"bold v-align-bottom h-align-center\">\u043c3\/\u0447<\/td>\n<td class=\"bold v-align-bottom h-align-center\">cfm<\/td>\n<td class=\"bold v-align-bottom h-align-center\">\u043b\/\u0441<\/td>\n<td class=\"bold v-align-bottom h-align-center\">\u043c3\/\u0447<\/td>\n<td class=\"bold v-align-bottom h-align-center\">cfm<\/td>\n<\/tr>\n<tr>\n<td class=\"v-align-bottom h-align-left\">100<\/td>\n<td class=\"v-align-bottom h-align-left\">5<\/td>\n<td class=\"v-align-bottom h-align-left\">18<\/td>\n<td class=\"v-align-bottom h-align-left\">11<\/td>\n<td class=\"v-align-bottom h-align-left\">58<\/td>\n<td class=\"v-align-bottom h-align-left\">209<\/td>\n<td class=\"v-align-bottom\">123<\/td>\n<\/tr>\n<tr>\n<td class=\"v-align-bottom h-align-left\">125<\/td>\n<td class=\"v-align-bottom h-align-left\">9<\/td>\n<td class=\"v-align-bottom h-align-left\">32<\/td>\n<td class=\"v-align-bottom h-align-left\">19<\/td>\n<td class=\"v-align-bottom h-align-left\">97<\/td>\n<td class=\"v-align-bottom h-align-left\">349<\/td>\n<td class=\"v-align-bottom\">206<\/td>\n<\/tr>\n<tr>\n<td class=\"v-align-bottom h-align-left\">160<\/td>\n<td class=\"v-align-bottom h-align-left\">16<\/td>\n<td class=\"v-align-bottom h-align-left\">58<\/td>\n<td class=\"v-align-bottom h-align-left\">34<\/td>\n<td class=\"v-align-bottom h-align-left\">170<\/td>\n<td class=\"v-align-bottom h-align-left\">612<\/td>\n<td class=\"v-align-bottom\">360<\/td>\n<\/tr>\n<tr>\n<td class=\"v-align-bottom h-align-left\">200<\/td>\n<td class=\"v-align-bottom h-align-left\">25<\/td>\n<td class=\"v-align-bottom h-align-left\">90<\/td>\n<td class=\"v-align-bottom h-align-left\">53<\/td>\n<td class=\"v-align-bottom h-align-left\">272<\/td>\n<td class=\"v-align-bottom h-align-left\">979<\/td>\n<td class=\"v-align-bottom\">576<\/td>\n<\/tr>\n<tr>\n<td class=\"v-align-bottom h-align-left\">250<\/td>\n<td class=\"v-align-bottom h-align-left\">40<\/td>\n<td class=\"v-align-bottom h-align-left\">144<\/td>\n<td class=\"v-align-bottom h-align-left\">85<\/td>\n<td class=\"v-align-bottom h-align-left\">438<\/td>\n<td class=\"v-align-bottom h-align-left\">1577<\/td>\n<td class=\"v-align-bottom\">928<\/td>\n<\/tr>\n<tr>\n<td class=\"v-align-bottom h-align-left\">315<\/td>\n<td class=\"v-align-bottom h-align-left\">63<\/td>\n<td class=\"v-align-bottom h-align-left\">227<\/td>\n<td class=\"v-align-bottom h-align-left\">133<\/td>\n<td class=\"v-align-bottom h-align-left\">710<\/td>\n<td class=\"v-align-bottom h-align-left\">2556<\/td>\n<td class=\"v-align-bottom\">1504<\/td>\n<\/tr>\n<tr>\n<td class=\"v-align-bottom h-align-left\">400<\/td>\n<td class=\"v-align-bottom h-align-left\">102<\/td>\n<td class=\"v-align-bottom h-align-left\">367<\/td>\n<td class=\"v-align-bottom h-align-left\">216<\/td>\n<td class=\"v-align-bottom h-align-left\">1155<\/td>\n<td class=\"v-align-bottom h-align-left\">4158<\/td>\n<td class=\"v-align-bottom\">2447<\/td>\n<\/tr>\n<tr>\n<td class=\"v-align-bottom h-align-left\">500<\/td>\n<td class=\"v-align-bottom h-align-left\">164<\/td>\n<td class=\"v-align-bottom h-align-left\">590<\/td>\n<td class=\"v-align-bottom h-align-left\">347<\/td>\n<td class=\"v-align-bottom h-align-left\">1850<\/td>\n<td class=\"v-align-bottom h-align-left\">6660<\/td>\n<td class=\"v-align-bottom\">3920<\/td>\n<\/tr>\n<tr>\n<td class=\"v-align-bottom h-align-left\">630<\/td>\n<td class=\"v-align-bottom h-align-left\">300<\/td>\n<td class=\"v-align-bottom h-align-left\">1080<\/td>\n<td class=\"v-align-bottom h-align-left\">636<\/td>\n<td class=\"v-align-bottom h-align-left\">2920<\/td>\n<td class=\"v-align-bottom h-align-left\">10512<\/td>\n<td class=\"v-align-bottom\">6187<\/td>\n<\/tr>\n<tr>\n<td class=\"v-align-bottom\" colspan=\"7\">* \u041d\u043e\u043c\u0438\u043d\u0430\u043b\u044c\u043d\u044b\u0439 \u043f\u043e\u0442\u043e\u043a (Vnom), \u043e\u0441\u043d\u043e\u0432\u0430\u043d\u043d\u044b\u0439 \u043d\u0430 \u043f\u043e\u043a\u0430\u0437\u0430\u043d\u0438\u0438 \u0434\u0430\u0432\u043b\u0435\u043d\u0438\u044f 120 \u041f\u0430.<\/td>\n<\/tr>\n<\/tbody>\n<\/table>","protected":false},"excerpt":{"rendered":"<h4>\u041f\u043e\u0441\u0442\u043e\u044f\u043d\u043d\u044b\u0439 \u0438\u043b\u0438 \u043f\u0435\u0440\u0435\u043c\u0435\u043d\u043d\u044b\u0439 \u043a\u043b\u0430\u043f\u0430\u043d<\/h4>\n<h4>\u2205100-630<\/h4>","protected":false},"featured_media":2587,"template":"","meta":{"_acf_changed":false,"inline_featured_image":false,"_links_to":"","_links_to_target":""},"product_brand":[],"product_cat":[72],"product_tag":[],"class_list":{"0":"post-1207","1":"product","2":"type-product","3":"status-publish","4":"has-post-thumbnail","6":"product_cat-plusmas-regulesana","8":"first","9":"instock","10":"featured","11":"shipping-taxable","12":"product-type-simple"},"acf":[],"yoast_head":"<!-- This site is optimized with the Yoast SEO plugin v27.0 - https:\/\/yoast.com\/product\/yoast-seo-wordpress\/ -->\n<title>REACT Main\u012bgas gaisa pl\u016bsmas v\u0101rsts<\/title>\n<meta name=\"description\" content=\"Main\u012bga vai past\u0101v\u012bga pl\u016bsmas regul\u0113\u0161anas v\u0101rsts ap\u013cveida vai kantainiem gaisa vadiem\" \/>\n<meta name=\"robots\" content=\"index, follow, max-snippet:-1, max-image-preview:large, max-video-preview:-1\" \/>\n<link rel=\"canonical\" href=\"https:\/\/ecowise.lv\/ru\/product\/react\/\" \/>\n<meta property=\"og:locale\" content=\"ru_RU\" \/>\n<meta property=\"og:type\" content=\"article\" \/>\n<meta property=\"og:title\" content=\"REACT Main\u012bgas gaisa pl\u016bsmas v\u0101rsts\" \/>\n<meta property=\"og:description\" content=\"Main\u012bga vai past\u0101v\u012bga pl\u016bsmas regul\u0113\u0161anas v\u0101rsts ap\u013cveida vai kantainiem gaisa vadiem\" \/>\n<meta property=\"og:url\" content=\"https:\/\/ecowise.lv\/ru\/product\/react\/\" \/>\n<meta property=\"og:site_name\" content=\"Ecowise\" \/>\n<meta property=\"article:modified_time\" content=\"2023-11-01T12:45:13+00:00\" \/>\n<meta property=\"og:image\" content=\"https:\/\/ecowise.lv\/wp-content\/uploads\/2023\/04\/react-v_product-image_circrect.webp\" \/>\n\t<meta property=\"og:image:width\" content=\"768\" \/>\n\t<meta property=\"og:image:height\" content=\"576\" \/>\n\t<meta property=\"og:image:type\" content=\"image\/webp\" \/>\n<meta name=\"twitter:card\" content=\"summary_large_image\" \/>\n<meta name=\"twitter:label1\" content=\"\u041f\u0440\u0438\u043c\u0435\u0440\u043d\u043e\u0435 \u0432\u0440\u0435\u043c\u044f \u0434\u043b\u044f \u0447\u0442\u0435\u043d\u0438\u044f\" \/>\n\t<meta name=\"twitter:data1\" content=\"2 \u043c\u0438\u043d\u0443\u0442\u044b\" \/>\n<script type=\"application\/ld+json\" class=\"yoast-schema-graph\">{\"@context\":\"https:\/\/schema.org\",\"@graph\":[{\"@type\":\"WebPage\",\"@id\":\"https:\/\/ecowise.lv\/product\/react\/\",\"url\":\"https:\/\/ecowise.lv\/product\/react\/\",\"name\":\"REACT Main\u012bgas gaisa pl\u016bsmas v\u0101rsts\",\"isPartOf\":{\"@id\":\"https:\/\/ecowise.lv\/#website\"},\"primaryImageOfPage\":{\"@id\":\"https:\/\/ecowise.lv\/product\/react\/#primaryimage\"},\"image\":{\"@id\":\"https:\/\/ecowise.lv\/product\/react\/#primaryimage\"},\"thumbnailUrl\":\"https:\/\/ecowise.lv\/wp-content\/uploads\/2023\/04\/react-v_product-image_circrect.webp\",\"datePublished\":\"2023-04-05T13:38:37+00:00\",\"dateModified\":\"2023-11-01T12:45:13+00:00\",\"description\":\"Main\u012bga vai past\u0101v\u012bga pl\u016bsmas regul\u0113\u0161anas v\u0101rsts ap\u013cveida vai kantainiem gaisa vadiem\",\"breadcrumb\":{\"@id\":\"https:\/\/ecowise.lv\/product\/react\/#breadcrumb\"},\"inLanguage\":\"ru-RU\",\"potentialAction\":[{\"@type\":\"ReadAction\",\"target\":[\"https:\/\/ecowise.lv\/product\/react\/\"]}]},{\"@type\":\"ImageObject\",\"inLanguage\":\"ru-RU\",\"@id\":\"https:\/\/ecowise.lv\/product\/react\/#primaryimage\",\"url\":\"https:\/\/ecowise.lv\/wp-content\/uploads\/2023\/04\/react-v_product-image_circrect.webp\",\"contentUrl\":\"https:\/\/ecowise.lv\/wp-content\/uploads\/2023\/04\/react-v_product-image_circrect.webp\",\"width\":768,\"height\":576},{\"@type\":\"BreadcrumbList\",\"@id\":\"https:\/\/ecowise.lv\/product\/react\/#breadcrumb\",\"itemListElement\":[{\"@type\":\"ListItem\",\"position\":1,\"name\":\"Products\",\"item\":\"https:\/\/ecowise.lv\/shop\/\"},{\"@type\":\"ListItem\",\"position\":2,\"name\":\"REACT V\"}]},{\"@type\":\"WebSite\",\"@id\":\"https:\/\/ecowise.lv\/#website\",\"url\":\"https:\/\/ecowise.lv\/\",\"name\":\"Ecowise\",\"description\":\"Ener\u0123ijas pat\u0113ri\u0146a samazin\u0101jums\",\"publisher\":{\"@id\":\"https:\/\/ecowise.lv\/#organization\"},\"potentialAction\":[{\"@type\":\"SearchAction\",\"target\":{\"@type\":\"EntryPoint\",\"urlTemplate\":\"https:\/\/ecowise.lv\/?s={search_term_string}\"},\"query-input\":{\"@type\":\"PropertyValueSpecification\",\"valueRequired\":true,\"valueName\":\"search_term_string\"}}],\"inLanguage\":\"ru-RU\"},{\"@type\":\"Organization\",\"@id\":\"https:\/\/ecowise.lv\/#organization\",\"name\":\"Ecowise\",\"url\":\"https:\/\/ecowise.lv\/\",\"logo\":{\"@type\":\"ImageObject\",\"inLanguage\":\"ru-RU\",\"@id\":\"https:\/\/ecowise.lv\/#\/schema\/logo\/image\/\",\"url\":\"https:\/\/ecowise.lv\/wp-content\/uploads\/2023\/03\/logo.svg\",\"contentUrl\":\"https:\/\/ecowise.lv\/wp-content\/uploads\/2023\/03\/logo.svg\",\"width\":207,\"height\":27,\"caption\":\"Ecowise\"},\"image\":{\"@id\":\"https:\/\/ecowise.lv\/#\/schema\/logo\/image\/\"}}]}<\/script>\n<!-- \/ Yoast SEO plugin. -->","yoast_head_json":{"title":"REACT Main\u012bgas gaisa pl\u016bsmas v\u0101rsts","description":"Main\u012bga vai past\u0101v\u012bga pl\u016bsmas regul\u0113\u0161anas v\u0101rsts ap\u013cveida vai kantainiem gaisa vadiem","robots":{"index":"index","follow":"follow","max-snippet":"max-snippet:-1","max-image-preview":"max-image-preview:large","max-video-preview":"max-video-preview:-1"},"canonical":"https:\/\/ecowise.lv\/ru\/product\/react\/","og_locale":"ru_RU","og_type":"article","og_title":"REACT Main\u012bgas gaisa pl\u016bsmas v\u0101rsts","og_description":"Main\u012bga vai past\u0101v\u012bga pl\u016bsmas regul\u0113\u0161anas v\u0101rsts ap\u013cveida vai kantainiem gaisa vadiem","og_url":"https:\/\/ecowise.lv\/ru\/product\/react\/","og_site_name":"Ecowise","article_modified_time":"2023-11-01T12:45:13+00:00","og_image":[{"width":768,"height":576,"url":"https:\/\/ecowise.lv\/wp-content\/uploads\/2023\/04\/react-v_product-image_circrect.webp","type":"image\/webp"}],"twitter_card":"summary_large_image","twitter_misc":{"\u041f\u0440\u0438\u043c\u0435\u0440\u043d\u043e\u0435 \u0432\u0440\u0435\u043c\u044f \u0434\u043b\u044f \u0447\u0442\u0435\u043d\u0438\u044f":"2 \u043c\u0438\u043d\u0443\u0442\u044b"},"schema":{"@context":"https:\/\/schema.org","@graph":[{"@type":"WebPage","@id":"https:\/\/ecowise.lv\/product\/react\/","url":"https:\/\/ecowise.lv\/product\/react\/","name":"REACT Main\u012bgas gaisa pl\u016bsmas v\u0101rsts","isPartOf":{"@id":"https:\/\/ecowise.lv\/#website"},"primaryImageOfPage":{"@id":"https:\/\/ecowise.lv\/product\/react\/#primaryimage"},"image":{"@id":"https:\/\/ecowise.lv\/product\/react\/#primaryimage"},"thumbnailUrl":"https:\/\/ecowise.lv\/wp-content\/uploads\/2023\/04\/react-v_product-image_circrect.webp","datePublished":"2023-04-05T13:38:37+00:00","dateModified":"2023-11-01T12:45:13+00:00","description":"Main\u012bga vai past\u0101v\u012bga pl\u016bsmas regul\u0113\u0161anas v\u0101rsts ap\u013cveida vai kantainiem gaisa vadiem","breadcrumb":{"@id":"https:\/\/ecowise.lv\/product\/react\/#breadcrumb"},"inLanguage":"ru-RU","potentialAction":[{"@type":"ReadAction","target":["https:\/\/ecowise.lv\/product\/react\/"]}]},{"@type":"ImageObject","inLanguage":"ru-RU","@id":"https:\/\/ecowise.lv\/product\/react\/#primaryimage","url":"https:\/\/ecowise.lv\/wp-content\/uploads\/2023\/04\/react-v_product-image_circrect.webp","contentUrl":"https:\/\/ecowise.lv\/wp-content\/uploads\/2023\/04\/react-v_product-image_circrect.webp","width":768,"height":576},{"@type":"BreadcrumbList","@id":"https:\/\/ecowise.lv\/product\/react\/#breadcrumb","itemListElement":[{"@type":"ListItem","position":1,"name":"Products","item":"https:\/\/ecowise.lv\/shop\/"},{"@type":"ListItem","position":2,"name":"REACT V"}]},{"@type":"WebSite","@id":"https:\/\/ecowise.lv\/#website","url":"https:\/\/ecowise.lv\/","name":"Ecowise","description":"Ener\u0123ijas pat\u0113ri\u0146a samazin\u0101jums","publisher":{"@id":"https:\/\/ecowise.lv\/#organization"},"potentialAction":[{"@type":"SearchAction","target":{"@type":"EntryPoint","urlTemplate":"https:\/\/ecowise.lv\/?s={search_term_string}"},"query-input":{"@type":"PropertyValueSpecification","valueRequired":true,"valueName":"search_term_string"}}],"inLanguage":"ru-RU"},{"@type":"Organization","@id":"https:\/\/ecowise.lv\/#organization","name":"Ecowise","url":"https:\/\/ecowise.lv\/","logo":{"@type":"ImageObject","inLanguage":"ru-RU","@id":"https:\/\/ecowise.lv\/#\/schema\/logo\/image\/","url":"https:\/\/ecowise.lv\/wp-content\/uploads\/2023\/03\/logo.svg","contentUrl":"https:\/\/ecowise.lv\/wp-content\/uploads\/2023\/03\/logo.svg","width":207,"height":27,"caption":"Ecowise"},"image":{"@id":"https:\/\/ecowise.lv\/#\/schema\/logo\/image\/"}}]}},"_links":{"self":[{"href":"https:\/\/ecowise.lv\/ru\/wp-json\/wp\/v2\/product\/1207","targetHints":{"allow":["GET"]}}],"collection":[{"href":"https:\/\/ecowise.lv\/ru\/wp-json\/wp\/v2\/product"}],"about":[{"href":"https:\/\/ecowise.lv\/ru\/wp-json\/wp\/v2\/types\/product"}],"wp:featuredmedia":[{"embeddable":true,"href":"https:\/\/ecowise.lv\/ru\/wp-json\/wp\/v2\/media\/2587"}],"wp:attachment":[{"href":"https:\/\/ecowise.lv\/ru\/wp-json\/wp\/v2\/media?parent=1207"}],"wp:term":[{"taxonomy":"product_brand","embeddable":true,"href":"https:\/\/ecowise.lv\/ru\/wp-json\/wp\/v2\/product_brand?post=1207"},{"taxonomy":"product_cat","embeddable":true,"href":"https:\/\/ecowise.lv\/ru\/wp-json\/wp\/v2\/product_cat?post=1207"},{"taxonomy":"product_tag","embeddable":true,"href":"https:\/\/ecowise.lv\/ru\/wp-json\/wp\/v2\/product_tag?post=1207"}],"curies":[{"name":"wp","href":"https:\/\/api.w.org\/{rel}","templated":true}]}}