{"id":7297,"date":"2026-03-17T18:10:04","date_gmt":"2026-03-17T16:10:04","guid":{"rendered":"https:\/\/ecowise.lv\/?page_id=7297"},"modified":"2026-03-17T18:10:28","modified_gmt":"2026-03-17T16:10:28","slug":"privatuma-politika","status":"publish","type":"page","link":"https:\/\/ecowise.lv\/ru\/privatuma-politika\/","title":{"rendered":"\u041f\u043e\u043b\u0438\u0442\u0438\u043a\u0430 \u041a\u043e\u043d\u0444\u0438\u0434\u0435\u043d\u0446\u0438\u0430\u043b\u044c\u043d\u043e\u0441\u0442\u0438"},"content":{"rendered":"<h1 class=\"wp-block-heading\">\u041f\u043e\u043b\u0438\u0442\u0438\u043a\u0430 \u041a\u043e\u043d\u0444\u0438\u0434\u0435\u043d\u0446\u0438\u0430\u043b\u044c\u043d\u043e\u0441\u0442\u0438<\/h1>\n\n\n\n<p>\u0160\u012b priv\u0101tuma politika inform\u0113 par priv\u0101tuma praksi un personas datu apstr\u0101des principiem saist\u012bb\u0101 ar\u00a0Ecowise SIA\u00a0m\u0101jas lapu un pakalpojumiem. Lai sazin\u0101tos saist\u012bb\u0101 ar datu apstr\u0101des jaut\u0101jumiem, l\u016bdzu rakstiet e-pastu uz\u00a0<a href=\"mailto:info@ecowise.lv\">info@ecowise.lv<\/a><\/p>\n\n\n\n<ol class=\"wp-block-list\">\n<li><strong>K\u0101du inform\u0101ciju m\u0113s ieg\u016bstam?<\/strong><\/li>\n<\/ol>\n\n\n\n<p>M\u0113s ieg\u016bstam t\u0101dus personas datus, ko j\u016bs mums br\u012bvpr\u0101t\u012bgi sniedzat ar e-pasta starpniec\u012bbu, aizpildot t\u012bmekl\u012b b\u0101z\u0113t\u0101s anketas un cit\u0101 tie\u0161\u0101 sazi\u0146\u0101 ar jums.<\/p>\n\n\n\n<p>Iesniedzot pas\u016bt\u012bjumu, jums j\u0101nor\u0101da v\u0101rds, uzv\u0101rds, kontaktinform\u0101cija, pieg\u0101des adrese,&nbsp;un cita inform\u0101cija kuru j\u016bs v\u0113laties sniegt vai ir nepiecie\u0161ama specifisk\u0101 pre\u010du vai pakalpojumu pas\u016bt\u012bjuma izpildei.<\/p>\n\n\n\n<ul class=\"wp-block-list\">\n<li><strong>K\u0101 m\u0113s izmantojam ieg\u016btos personas datus?<\/strong><\/li>\n<\/ul>\n\n\n\n<p>M\u0113s varam izmantot ieg\u016btos personas datus, lai<\/p>\n\n\n\n<ul class=\"wp-block-list\">\n<li>sniegtu jums j\u016bsu piepras\u012btos pakalpojumus un inform\u0101ciju,<\/li>\n\n\n\n<li>apstr\u0101d\u0101tu j\u016bsu pas\u016bt\u012bjumus un noform\u0113tu nepiecie\u0161amos dokumentus,<\/li>\n\n\n\n<li>sniegtu jums efekt\u012bvu klientu atbalstu,<\/li>\n\n\n\n<li>nos\u016bt\u012btu jums informat\u012bvus zi\u0146ojumus, ja esat nep\u0101rprotami piekritu\u0161i t\u0101dus sa\u0146emt,<\/li>\n\n\n\n<li>iev\u0113rotu normat\u012bvo aktu pras\u012bbas.<\/li>\n<\/ul>\n\n\n\n<p>M\u0113s varam nodot j\u016bsu personas datus tikai datu sa\u0146\u0113m\u0113jiem, tostarp autoriz\u0113tiem datu apstr\u0101d\u0101t\u0101jiem un tre\u0161aj\u0101m person\u0101m no sekojo\u0161\u0101m kategorij\u0101m \u2013<\/p>\n\n\n\n<ul class=\"wp-block-list\">\n<li>Gr\u0101matved\u012bbas pakalpojumu sniedz\u0113jiem;<\/li>\n\n\n\n<li>IT pakalpojumu sniedz\u0113jiem e-r\u0113\u0137inu un gr\u0101matved\u012bbas programmat\u016bras jom\u0101;<\/li>\n\n\n\n<li>Lo\u0123istikas un kurjerpakalpojumu sniedz\u0113jiem &#8211; ja tas ir nepiecie\u0161ams j\u016bsu pas\u016bt\u012bjuma izpildei, piem\u0113ram \u2013 transporta organiz\u0113\u0161anai<\/li>\n\n\n\n<li>Juridisko pakalpojumu sniedz\u0113jiem;<\/li>\n\n\n\n<li>Par\u0101du piedzi\u0146as pakalpojumu sniedz\u0113jiem;<\/li>\n\n\n\n<li>Servisa partneriem;<\/li>\n\n\n\n<li>Valsts iest\u0101d\u0113m, lai iev\u0113rotu normat\u012bvo aktu pras\u012bbas, sadarbotos ar uzraudz\u012bbas iest\u0101d\u0113m un aizsarg\u0101tu m\u016bsu, j\u016bsu un citu personu likum\u012bg\u0101s ties\u012bbas.<\/li>\n<\/ul>\n\n\n\n<ul class=\"wp-block-list\">\n<li><strong>Cik ilgi m\u0113s glab\u0101jam personas datus?<\/strong><\/li>\n<\/ul>\n\n\n\n<p>M\u0113s glab\u0101jam j\u016bsu personas datus tik ilgi, cik ilgi tie ir mums nepiecie\u0161ami atbilsto\u0161i to ieguves m\u0113r\u0137im un k\u0101 to pie\u013cauj vai nosaka normat\u012bvo aktu pras\u012bbas.<\/p>\n\n\n\n<ul class=\"wp-block-list\">\n<li><strong>K\u0101 m\u0113s izmantojam s\u012bkdatnes?<\/strong><\/li>\n<\/ul>\n\n\n\n<p>S\u012bkdatnes ir mazi teksta faili, kuri tiek lejupl\u0101d\u0113ti J\u016bsu ier\u012bc\u0113, kad J\u016bs apmekl\u0113jat attiec\u012bgo t\u012bmek\u013ca vietni. S\u012bkfaili pal\u012bdz mums atpaz\u012bt J\u016bsu ier\u012bci un pal\u012bdz mums uzlabot m\u016bsu t\u012bmek\u013ca vietnes funkcionalit\u0101ti un atvieglot t\u0101s izmanto\u0161anu.&nbsp; S\u012bkdatnes m\u0113s izmantojam, lai uzlabotu Jums sniegtos pakalpojumus. Izmantot\u0101s s\u012bkdatnes neapkopo personu identific\u0113jo\u0161u inform\u0101ciju un t\u0101s neizmanto, lai noteiktu J\u016bsu identit\u0101ti. Ja J\u016bs nepiekr\u012btat to izmanto\u0161anai, tad j\u016bs varat attiec\u012bgi konfigur\u0113t savu p\u0101rl\u016bkprogrammu, lai ikreiz sa\u0146emtu pazi\u0146ojumu par s\u012bkdat\u0146u sa\u0146em\u0161anu un atteik\u0161an\u0101s iesp\u0113j\u0101m no to pie\u0146em\u0161anas. S\u012bkdatnes var tikt izmantotas, lai re\u0123istr\u0113tu inform\u0101ciju par vietnes lap\u0101m saist\u012bb\u0101 ar \u012bpa\u0161iem produktiem un pakalpojumiem, kurus J\u016bs esat p\u0101rl\u016bkojis m\u016bsu Vietn\u0113. T\u0101s mums sniedz visp\u0101r\u012bgu lietojuma statistiku, lai \u013cautu mums uzlabot \u0161o vietni, k\u0101 ar\u012b sniegt Jums inform\u0101ciju, kas j\u016bs var\u0113tu interes\u0113t.<\/p>\n\n\n\n<ul class=\"wp-block-list\">\n<li><strong>J\u016bsu ties\u012bbas saist\u012bb\u0101 ar j\u016bsu personas datiem<\/strong><\/li>\n<\/ul>\n\n\n\n<p>Ja j\u016bs esat datu subjekts saska\u0146\u0101 ar&nbsp;<a href=\"https:\/\/ec.europa.eu\/info\/law\/law-topic\/data-protection_lv\" target=\"_blank\" rel=\"noreferrer noopener\">ES VDAR<\/a>&nbsp;(piem\u0113ram, j\u016bs esat ES pilsonis un sniedzat mums savus personas datus), jums ir turpm\u0101k min\u0113t\u0101s ties\u012bbas saist\u012bb\u0101 ar saviem personas datiem:<\/p>\n\n\n\n<ul class=\"wp-block-list\">\n<li><strong>Ties\u012bbas piek\u013c\u016bt inform\u0101cijai.<\/strong>\u00a0Jums ir ties\u012bbas sa\u0146emt inform\u0101ciju par to, k\u0101p\u0113c un k\u0101 tiek apstr\u0101d\u0101ti j\u016bsu personas dati. Jums ir ties\u012bbas bez maksas sa\u0146emt m\u016bsu r\u012bc\u012bb\u0101 eso\u0161o j\u016bsu personas datu kopiju pla\u0161i izmantot\u0101 elektronisk\u0101 form\u0101t\u0101.<\/li>\n\n\n\n<li><strong>Ties\u012bbas labot.<\/strong>\u00a0Jums ir ties\u012bbas pan\u0101kt neprec\u012bzu vai nepiln\u012bgu personas datu labo\u0161anu vai papildin\u0101\u0161anu bez nepamatotas kav\u0113\u0161an\u0101s.<\/li>\n\n\n\n<li><strong>Ties\u012bbas \u201etikt aizmirstam\u201d.<\/strong>\u00a0Jums ir ties\u012bbas atsaukt savu piekri\u0161anu personas datu apstr\u0101dei un pan\u0101kt savu personas datu dz\u0113\u0161anu bez nepamatotas kav\u0113\u0161an\u0101s, tikl\u012bdz dati vairs nav nepiecie\u0161ami, lai sniegtu j\u016bsu piepras\u012btos pakalpojumus un iev\u0113rotu normat\u012bvo aktu pras\u012bbas.<\/li>\n\n\n\n<li><strong>Ties\u012bbas ierobe\u017eot apstr\u0101di.<\/strong>\u00a0Jums ir ties\u012bbas pan\u0101kt savu personas datu apstr\u0101des ierobe\u017eo\u0161anu, ja j\u016bs iebilstat pret to un mums nav le\u0123it\u012bmu pamatu turpin\u0101t apstr\u0101di, ja j\u016bs apstr\u012bdat datu precizit\u0101ti, ja apstr\u0101de ir pretlikum\u012bga vai ja j\u016bs piepras\u0101t celt, \u012bstenot vai aizst\u0101v\u0113t likum\u012bgas pras\u012bbas.<\/li>\n\n\n\n<li><strong>Ties\u012bbas iebilst.<\/strong>\u00a0Jums ir ties\u012bbas jebkur\u0101 br\u012bd\u012b iebilst pret datu apstr\u0101di, ja vien tas nav nepiecie\u0161ams sabiedr\u012bbas interes\u0113s veicamam uzdevumam vai apstr\u0101dei nepast\u0101v neapstr\u012bdami likum\u012bgs pamats.<\/li>\n\n\n\n<li><strong>Citas ties\u012bbas saska\u0146\u0101 ar VDAR.<\/strong>\u00a0Vair\u0101k inform\u0101cijas skatiet, apmekl\u0113jot\u00a0<a href=\"https:\/\/ec.europa.eu\/info\/law\/law-topic\/data-protection\/reform\/rights-citizens_lv\" target=\"_blank\" rel=\"noreferrer noopener\">ES datu aizsardz\u012bbai velt\u012bto m\u0101jas lapu<\/a>.<\/li>\n<\/ul>\n\n\n\n<p><\/p>","protected":false},"excerpt":{"rendered":"<p>Priv\u0101tuma politika \u0160\u012b priv\u0101tuma politika inform\u0113 par priv\u0101tuma praksi un personas datu apstr\u0101des principiem saist\u012bb\u0101 ar\u00a0Ecowise SIA\u00a0m\u0101jas lapu un pakalpojumiem. Lai sazin\u0101tos saist\u012bb\u0101 ar datu apstr\u0101des jaut\u0101jumiem, l\u016bdzu rakstiet e-pastu uz\u00a0info@ecowise.lv M\u0113s ieg\u016bstam t\u0101dus personas datus, ko j\u016bs mums br\u012bvpr\u0101t\u012bgi sniedzat ar e-pasta starpniec\u012bbu, aizpildot t\u012bmekl\u012b b\u0101z\u0113t\u0101s anketas un cit\u0101 tie\u0161\u0101 sazi\u0146\u0101 ar jums. Iesniedzot [&hellip;]<\/p>","protected":false},"author":6,"featured_media":0,"parent":0,"menu_order":0,"comment_status":"closed","ping_status":"closed","template":"","meta":{"_acf_changed":false,"inline_featured_image":false,"footnotes":"","_links_to":"","_links_to_target":""},"class_list":["post-7297","page","type-page","status-publish","hentry"],"acf":[],"yoast_head":"<!-- This site is optimized with the Yoast SEO plugin v27.0 - https:\/\/yoast.com\/product\/yoast-seo-wordpress\/ -->\n<title>Priv\u0101tuma politika - Ecowise<\/title>\n<meta name=\"robots\" content=\"index, follow, max-snippet:-1, max-image-preview:large, max-video-preview:-1\" \/>\n<link rel=\"canonical\" href=\"https:\/\/ecowise.lv\/ru\/privatuma-politika\/\" \/>\n<meta property=\"og:locale\" content=\"ru_RU\" \/>\n<meta property=\"og:type\" content=\"article\" \/>\n<meta property=\"og:title\" content=\"Priv\u0101tuma politika - Ecowise\" \/>\n<meta property=\"og:description\" content=\"Priv\u0101tuma politika \u0160\u012b priv\u0101tuma politika inform\u0113 par priv\u0101tuma praksi un personas datu apstr\u0101des principiem saist\u012bb\u0101 ar\u00a0Ecowise SIA\u00a0m\u0101jas lapu un pakalpojumiem. Lai sazin\u0101tos saist\u012bb\u0101 ar datu apstr\u0101des jaut\u0101jumiem, l\u016bdzu rakstiet e-pastu uz\u00a0info@ecowise.lv M\u0113s ieg\u016bstam t\u0101dus personas datus, ko j\u016bs mums br\u012bvpr\u0101t\u012bgi sniedzat ar e-pasta starpniec\u012bbu, aizpildot t\u012bmekl\u012b b\u0101z\u0113t\u0101s anketas un cit\u0101 tie\u0161\u0101 sazi\u0146\u0101 ar jums. Iesniedzot [&hellip;]\" \/>\n<meta property=\"og:url\" content=\"https:\/\/ecowise.lv\/ru\/privatuma-politika\/\" \/>\n<meta property=\"og:site_name\" content=\"Ecowise\" \/>\n<meta property=\"article:modified_time\" content=\"2026-03-17T16:10:28+00:00\" \/>\n<meta name=\"twitter:card\" content=\"summary_large_image\" \/>\n<meta name=\"twitter:label1\" content=\"\u041f\u0440\u0438\u043c\u0435\u0440\u043d\u043e\u0435 \u0432\u0440\u0435\u043c\u044f \u0434\u043b\u044f \u0447\u0442\u0435\u043d\u0438\u044f\" \/>\n\t<meta name=\"twitter:data1\" content=\"4 \u043c\u0438\u043d\u0443\u0442\u044b\" \/>\n<script type=\"application\/ld+json\" class=\"yoast-schema-graph\">{\"@context\":\"https:\/\/schema.org\",\"@graph\":[{\"@type\":\"WebPage\",\"@id\":\"https:\/\/ecowise.lv\/ru\/privatuma-politika\/\",\"url\":\"https:\/\/ecowise.lv\/ru\/privatuma-politika\/\",\"name\":\"Priv\u0101tuma politika - Ecowise\",\"isPartOf\":{\"@id\":\"https:\/\/ecowise.lv\/#website\"},\"datePublished\":\"2026-03-17T16:10:04+00:00\",\"dateModified\":\"2026-03-17T16:10:28+00:00\",\"inLanguage\":\"ru-RU\",\"potentialAction\":[{\"@type\":\"ReadAction\",\"target\":[\"https:\/\/ecowise.lv\/ru\/privatuma-politika\/\"]}]},{\"@type\":\"WebSite\",\"@id\":\"https:\/\/ecowise.lv\/#website\",\"url\":\"https:\/\/ecowise.lv\/\",\"name\":\"Ecowise\",\"description\":\"Ener\u0123ijas pat\u0113ri\u0146a samazin\u0101jums\",\"publisher\":{\"@id\":\"https:\/\/ecowise.lv\/#organization\"},\"potentialAction\":[{\"@type\":\"SearchAction\",\"target\":{\"@type\":\"EntryPoint\",\"urlTemplate\":\"https:\/\/ecowise.lv\/?s={search_term_string}\"},\"query-input\":{\"@type\":\"PropertyValueSpecification\",\"valueRequired\":true,\"valueName\":\"search_term_string\"}}],\"inLanguage\":\"ru-RU\"},{\"@type\":\"Organization\",\"@id\":\"https:\/\/ecowise.lv\/#organization\",\"name\":\"Ecowise\",\"url\":\"https:\/\/ecowise.lv\/\",\"logo\":{\"@type\":\"ImageObject\",\"inLanguage\":\"ru-RU\",\"@id\":\"https:\/\/ecowise.lv\/#\/schema\/logo\/image\/\",\"url\":\"https:\/\/ecowise.lv\/wp-content\/uploads\/2023\/03\/logo.svg\",\"contentUrl\":\"https:\/\/ecowise.lv\/wp-content\/uploads\/2023\/03\/logo.svg\",\"width\":207,\"height\":27,\"caption\":\"Ecowise\"},\"image\":{\"@id\":\"https:\/\/ecowise.lv\/#\/schema\/logo\/image\/\"}}]}<\/script>\n<!-- \/ Yoast SEO plugin. -->","yoast_head_json":{"title":"Priv\u0101tuma politika - Ecowise","robots":{"index":"index","follow":"follow","max-snippet":"max-snippet:-1","max-image-preview":"max-image-preview:large","max-video-preview":"max-video-preview:-1"},"canonical":"https:\/\/ecowise.lv\/ru\/privatuma-politika\/","og_locale":"ru_RU","og_type":"article","og_title":"Priv\u0101tuma politika - Ecowise","og_description":"Priv\u0101tuma politika \u0160\u012b priv\u0101tuma politika inform\u0113 par priv\u0101tuma praksi un personas datu apstr\u0101des principiem saist\u012bb\u0101 ar\u00a0Ecowise SIA\u00a0m\u0101jas lapu un pakalpojumiem. Lai sazin\u0101tos saist\u012bb\u0101 ar datu apstr\u0101des jaut\u0101jumiem, l\u016bdzu rakstiet e-pastu uz\u00a0info@ecowise.lv M\u0113s ieg\u016bstam t\u0101dus personas datus, ko j\u016bs mums br\u012bvpr\u0101t\u012bgi sniedzat ar e-pasta starpniec\u012bbu, aizpildot t\u012bmekl\u012b b\u0101z\u0113t\u0101s anketas un cit\u0101 tie\u0161\u0101 sazi\u0146\u0101 ar jums. Iesniedzot [&hellip;]","og_url":"https:\/\/ecowise.lv\/ru\/privatuma-politika\/","og_site_name":"Ecowise","article_modified_time":"2026-03-17T16:10:28+00:00","twitter_card":"summary_large_image","twitter_misc":{"\u041f\u0440\u0438\u043c\u0435\u0440\u043d\u043e\u0435 \u0432\u0440\u0435\u043c\u044f \u0434\u043b\u044f \u0447\u0442\u0435\u043d\u0438\u044f":"4 \u043c\u0438\u043d\u0443\u0442\u044b"},"schema":{"@context":"https:\/\/schema.org","@graph":[{"@type":"WebPage","@id":"https:\/\/ecowise.lv\/ru\/privatuma-politika\/","url":"https:\/\/ecowise.lv\/ru\/privatuma-politika\/","name":"Priv\u0101tuma politika - Ecowise","isPartOf":{"@id":"https:\/\/ecowise.lv\/#website"},"datePublished":"2026-03-17T16:10:04+00:00","dateModified":"2026-03-17T16:10:28+00:00","inLanguage":"ru-RU","potentialAction":[{"@type":"ReadAction","target":["https:\/\/ecowise.lv\/ru\/privatuma-politika\/"]}]},{"@type":"WebSite","@id":"https:\/\/ecowise.lv\/#website","url":"https:\/\/ecowise.lv\/","name":"Ecowise","description":"Ener\u0123ijas pat\u0113ri\u0146a samazin\u0101jums","publisher":{"@id":"https:\/\/ecowise.lv\/#organization"},"potentialAction":[{"@type":"SearchAction","target":{"@type":"EntryPoint","urlTemplate":"https:\/\/ecowise.lv\/?s={search_term_string}"},"query-input":{"@type":"PropertyValueSpecification","valueRequired":true,"valueName":"search_term_string"}}],"inLanguage":"ru-RU"},{"@type":"Organization","@id":"https:\/\/ecowise.lv\/#organization","name":"Ecowise","url":"https:\/\/ecowise.lv\/","logo":{"@type":"ImageObject","inLanguage":"ru-RU","@id":"https:\/\/ecowise.lv\/#\/schema\/logo\/image\/","url":"https:\/\/ecowise.lv\/wp-content\/uploads\/2023\/03\/logo.svg","contentUrl":"https:\/\/ecowise.lv\/wp-content\/uploads\/2023\/03\/logo.svg","width":207,"height":27,"caption":"Ecowise"},"image":{"@id":"https:\/\/ecowise.lv\/#\/schema\/logo\/image\/"}}]}},"_links":{"self":[{"href":"https:\/\/ecowise.lv\/ru\/wp-json\/wp\/v2\/pages\/7297","targetHints":{"allow":["GET"]}}],"collection":[{"href":"https:\/\/ecowise.lv\/ru\/wp-json\/wp\/v2\/pages"}],"about":[{"href":"https:\/\/ecowise.lv\/ru\/wp-json\/wp\/v2\/types\/page"}],"author":[{"embeddable":true,"href":"https:\/\/ecowise.lv\/ru\/wp-json\/wp\/v2\/users\/6"}],"replies":[{"embeddable":true,"href":"https:\/\/ecowise.lv\/ru\/wp-json\/wp\/v2\/comments?post=7297"}],"version-history":[{"count":2,"href":"https:\/\/ecowise.lv\/ru\/wp-json\/wp\/v2\/pages\/7297\/revisions"}],"predecessor-version":[{"id":7299,"href":"https:\/\/ecowise.lv\/ru\/wp-json\/wp\/v2\/pages\/7297\/revisions\/7299"}],"wp:attachment":[{"href":"https:\/\/ecowise.lv\/ru\/wp-json\/wp\/v2\/media?parent=7297"}],"curies":[{"name":"wp","href":"https:\/\/api.w.org\/{rel}","templated":true}]}}