{"id":7295,"date":"2026-03-17T18:09:21","date_gmt":"2026-03-17T16:09:21","guid":{"rendered":"https:\/\/ecowise.lv\/?page_id=7295"},"modified":"2026-04-07T13:36:35","modified_gmt":"2026-04-07T10:36:35","slug":"distances-ligums","status":"publish","type":"page","link":"https:\/\/ecowise.lv\/ru\/distances-ligums\/","title":{"rendered":"Distances l\u012bgums"},"content":{"rendered":"<h1 class=\"wp-block-heading\">Distances l\u012bgums<\/h1>\n\n\n\n<p>\u0160aj\u0101 interneta veikal\u0101 pied\u0101v\u0101to pre\u010du p\u0101rdev\u0113js&nbsp;<strong>Ecowise SIA<\/strong>, vien.re\u0123.nr.<strong> LV40103969715&nbsp;<\/strong>, Juridisk\u0101 un faktisk\u0101 adrese Raunas iela 16b, R\u012bga, LV-1039&nbsp;no vienas puses, turpm\u0101k saukts P\u0101rdev\u0113js, un persona, kas veic pas\u016bt\u012bjumu, turpm\u0101k saukta Pirc\u0113js, no otras puses, nosl\u0113dz \u0161\u0101du L\u012bgumu:<\/p>\n\n\n\n<p>P\u0101rdev\u0113js ap\u0146emas p\u0101rdot un pieg\u0101d\u0101t Pirc\u0113jam preces un pakalpojumus, atbilsto\u0161i Pirc\u0113ja pas\u016bt\u012bjumam, savuk\u0101rt Pirc\u0113js ap\u0146emas apmaks\u0101t un pie\u0146emt ieg\u0101d\u0101t\u0101s preces vai pakalpojumus.<\/p>\n\n\n\n<p><strong>Pas\u016bt\u012b\u0161anas, pieg\u0101des un samaksas k\u0101rt\u012bba<\/strong><\/p>\n\n\n\n<p>Pirc\u0113js veic pre\u010du vai pakalpojumu pas\u016bt\u012b\u0161anu caur \u0161o m\u0101jas lapu, nor\u0101dot ieg\u0101d\u0101jamo pre\u010du veidu un daudzumu. Pirc\u0113jam ir iesp\u0113ja veikt apmaksu par preci vai pakalpojumu, lietojot interneta veikal\u0101 iestr\u0101d\u0101tos maks\u0101juma r\u012bkus, maks\u0101jumu kartes vai apmaks\u0101jot p\u0101rdev\u0113ja sagatavoto un Pirc\u0113jam pa e-pastu nos\u016bt\u012bto pas\u016bt\u012bjumam atbilsto\u0161o r\u0113\u0137inu. R\u0113\u0137ins tiek sagatavots elektroniski un ir der\u012bgs bez paraksta.<\/p>\n\n\n\n<p><strong>Apmaksas noteikumi<\/strong><\/p>\n\n\n\n<p>Kad b\u016bsiet ievietojis groz\u0101 preces, kuras v\u0113laties nopirkt, nospiedis \u201eTurpin\u0101t noform\u0113t pas\u016bt\u012bjumu\u201d, aizpild\u012bsiet pras\u012bto nor\u0113\u0137inu inform\u0101ciju un uzspied\u012bsiet uz \u201cVeikt pas\u016bt\u012bjumu\u201d, J\u016bs sa\u0146emsiet apstiprin\u0101juma e-pastu par veikto pas\u016bt\u012bjumu. Ja v\u0113laties veikt k\u0101das izmai\u0146as J\u016bsu pas\u016bt\u012bjum\u0101, l\u016bdzu nekav\u0113joties sazinieties ar mums pa e-pastu shop@ecowise.lv vai pa t\u0101lru\u0146iem +371 26116972 vai +371 27337793. Par pas\u016bt\u012bto preci un izv\u0113l\u0113to pieg\u0101des pakalpojumu var nor\u0113\u0137in\u0101ties izmantojot bankas p\u0101rskait\u012bjumu, maks\u0101jumu kartes vai k\u0101du no pied\u0101v\u0101tajiem tie\u0161saistes maks\u0101jumu variantiem. Ja b\u016bsiet izv\u0113l\u0113jies maks\u0101jumu veikt ar bankas p\u0101rskait\u012bjumu, m\u0113s jums nos\u016bt\u012bsim e-past\u0101 priek\u0161apmaksas r\u0113\u0137inu.<\/p>\n\n\n\n<p><strong>Pre\u010du vai pakalpojumu pieg\u0101des noteikumi un nosac\u012bjumi<\/strong><\/p>\n\n\n\n<p>Da\u017e\u0101d\u0101m pre\u010du kategorij\u0101m pieg\u0101des laiks var at\u0161\u0137irties. Pamat\u0101 m\u0113s nodro\u0161inam pre\u010du pieg\u0101di&nbsp;14&nbsp;dienu laik\u0101, kop\u0161 ir sa\u0146emta apmaksa par preci. Ventil\u0101cijas iek\u0101rtu filtriem pieg\u0101des laiks parasti ir 3-5 dienas p\u0113c apmaksas par preci sa\u0146em\u0161anas. &nbsp;<\/p>\n\n\n\n<p>Pirc\u0113jam ir iesp\u0113ja izv\u0113l\u0113ties sa\u0146emt preces pa\u0161am Raunas iel\u0101 16b, R\u012bg\u0101, vai izv\u0113l\u0113ties pre\u010du pieg\u0101di uz pakom\u0101tu. Pieg\u0101des uz pakom\u0101tu izmaksas Latvijas teritorij\u0101 sast\u0101da 6.05 Eur.<\/p>\n\n\n\n<p>Ja pas\u016bt\u012bto pre\u010du pieg\u0101dei b\u016bs nepiecie\u0161ams vair\u0101k laika, P\u0101rdev\u0113js par to individu\u0101li inform\u0113s Pas\u016bt\u012bt\u0101ju.<\/p>\n\n\n\n<p><strong>Pre\u010du atgrie\u0161anas un pas\u016bt\u012bjuma atcel\u0161anas noteikumi<\/strong><\/p>\n\n\n\n<p>Ja ir izveidojusies situ\u0101cija, ka v\u0113laties atteikties no sava pas\u016bt\u012bjuma, par to nepiecie\u0161ams nekav\u0113joties mums pazi\u0146ot uz epastu <a href=\"mailto:shop@ecowise.lv\">shop@ecowise.lv<\/a> .<\/p>\n\n\n\n<p>Pirc\u0113jam ir ties\u012bbas atteikties no preces 14 kalend\u0101ro dienu laik\u0101 no Preces sa\u0146em\u0161anas br\u012b\u017ea, nos\u016btot P\u0101rdev\u0113jam par to atteikuma v\u0113stuli. Atteikuma v\u0113stules veidlapu P\u0101rdev\u0113js nos\u016bta Pirc\u0113jam pa e-pastu p\u0113c Pirc\u0113ja piepras\u012bjuma.<\/p>\n\n\n\n<p>Pirc\u0113ja pien\u0101kums ir 7 dienu laik\u0101 p\u0113c atteikuma v\u0113stules nos\u016bt\u012b\u0161anas atdot preci P\u0101rdev\u0113jam adres\u0113 &#8211; Raunas iela 16b, R\u012bga. Visus izdevumus, kas rad\u012bsies saist\u012bb\u0101 ar preces nos\u016bt\u012b\u0161anu atpaka\u013c P\u0101rdev\u0113jam, sedz Pirc\u0113js.<\/p>\n\n\n\n<p>Pirc\u0113js nevar izmantot atteikuma ties\u012bbas, ja:<\/p>\n\n\n\n<ul class=\"wp-block-list\">\n<li>pas\u016bt\u012bt\u0101s preces ir izgatavotas tie\u0161i Pirc\u0113jam p\u0113c individu\u0101la pas\u016bt\u012bjuma;<\/li>\n\n\n\n<li>ventil\u0101cijas iek\u0101rtu un rekuperatoru filtri, p\u0113c to sa\u0146em\u0161anas, higi\u0113nas apsv\u0113rumu d\u0113\u013c nav atgrie\u017eami.<\/li>\n<\/ul>\n\n\n\n<p>Latvijas Republikas Pat\u0113r\u0113t\u0101ju ties\u012bbu aizsardz\u012bbas likuma 12. panta sest\u0101 da\u013ca nosaka, ka &#8220;pat\u0113r\u0113t\u0101js ir atbild\u012bgs par preces kvalit\u0101tes un dro\u0161uma saglab\u0101\u0161anu atteikuma ties\u012bbu realiz\u0113\u0161anas termi\u0146\u0101&#8221;. P\u0101rdev\u0113js patur ties\u012bbas Pirc\u0113jam atteikt izmantot atteikuma ties\u012bbas vai ietur\u0113t kompens\u0101cijas maksu gad\u012bjum\u0101, ja prece ir boj\u0101ta, lieto\u0161anas laik\u0101 nev\u0113r\u012bgi izturoties pret preci vai neiev\u0113rojot instrukcijas nor\u0101d\u012bjumus, ja ir nozaud\u0113ts preces ori\u0123in\u0101lais iepakojums vai ja t\u0101s iepakojums ir b\u016btiski boj\u0101ts.<\/p>\n\n\n\n<p><strong>Naudas atmaksas noteikumi<\/strong><\/p>\n\n\n\n<p>Ja izv\u0113laties sa\u0146emt atpaka\u013c naudu par pirkumu &#8211; p\u0101rskait\u012bjums tiks veikts uz kontu, no kura veikta pas\u016bt\u012bjuma apmaksa k\u0101 ar\u012b izmantojot t\u0101du pa\u0161u maks\u0101\u0161anas l\u012bdzekli, k\u0101du izmantoj\u0101t dar\u012bjuma veik\u0161anai. Naudas atgrie\u0161ana notiek 14 dienu laik\u0101 no pre\u010du sa\u0146em\u0161anas dienas.<\/p>\n\n\n\n<p><strong>Str\u012bdu risin\u0101\u0161anas noteikumi<\/strong><\/p>\n\n\n\n<p>Str\u012bdi par saist\u012bbu izpildi prim\u0101ri tiek risin\u0101ti sarunu ce\u013c\u0101.&nbsp;Pie jebkuriem jaut\u0101jumiem vai neskaidr\u012bb\u0101m, aicinam sazin\u0101ties ar mums pa epastiem <a href=\"mailto:shop@ecowise.lv\">shop@ecowise.lv<\/a>, <a href=\"mailto:info@ecowise.lv\">info@ecowise.lv<\/a> k\u0101 ar\u012b pa telefonu +371 26116972. M\u0113s vienm\u0113r cen\u0161amies rast lab\u0101ko risin\u0101jumu m\u016bsu klientiem!<\/p>\n\n\n\n<p>Pirc\u0113jiem ir ties\u012bbas v\u0113rsties interneta veikal\u0101 ecowise.lv (Ecowise SIA) ar iesniegumiem, priek\u0161likumiem vai s\u016bdz\u012bb\u0101m par sniegtajiem pakalpojumiem vai pre\u010du garantiju. Iesniegumu var iesniegt, s\u016btot to uz <a href=\"mailto:shop@ecowise.lv\">shop@ecowise.lv<\/a> vai ar pasta starniec\u012bbu uz uz\u0146\u0113muma juridisko adresi Raunas iela 16b, R\u012bga, LV1039.<\/p>\n\n\n\n<p>Iespiegum\u0101 j\u0101nor\u0101da:<\/p>\n\n\n\n<ol class=\"wp-block-list\">\n<li>Pas\u016bt\u012bjuma numurs<\/li>\n<\/ol>\n\n\n\n<ol start=\"2\" class=\"wp-block-list\">\n<li>V\u0101rds, uzv\u0101rds, kontaktinform\u0101cija;<\/li>\n\n\n\n<li>Iesnieguma b\u016bt\u012bba, pras\u012bjumi un to pamatojums.<\/li>\n<\/ol>\n\n\n\n<p>Atbilde uz iesniegumu, s\u016bdz\u012bbu vai ieteikumu tiks sniegta p\u0113c iesp\u0113jas \u0101tr\u0101k, bet ne v\u0113l\u0101k k\u0101 noteikts likum\u0101 un veid\u0101, k\u0101 iesniegta, ja neb\u016bs nor\u0101d\u012bts cit\u0101di.&nbsp; &nbsp;<\/p>\n\n\n\n<p>&nbsp;<br>Inform\u0101cija par \u0101rpustiesas str\u012bdu risin\u0101\u0161anas iesp\u0113j\u0101m un \u0101rpustiesas str\u012bdu risin\u0101t\u0101jiem:<\/p>\n\n\n\n<p>\u2013&nbsp;<a href=\"https:\/\/registri.ptac.gov.lv\/lv\/content\/arpustiesas-pateretaju-stridu-risinataju-datubaze\">www.ptac.gov.lv\/lv\/content\/arpustiesas-pateretaju-stridu-risinataju-datubaze<\/a><br><a href=\"https:\/\/www.ptac.gov.lv\/lv\/stridu-risinasanas-process\">\u2013 www.ptac.gov.lv\/lv\/content\/stridu-risinasanas-process<\/a><\/p>\n\n\n\n<p><strong>Datu apstr\u0101de<\/strong><\/p>\n\n\n\n<p>Ievadot nepiecie\u0161amo inform\u0101ciju, noform\u0113jot pas\u016bt\u012bjumu, Pirc\u0113js apliecina, ka ir iepazinies un piekr\u012bt, ka vi\u0146a sniegtie dati tiek izmantoti, lai P\u0101rdev\u0113js var\u0113tu pie\u0146emt Pirc\u0113ja pas\u016bt\u012bjumu un veikt pre\u010du pieg\u0101di saska\u0146\u0101 ar normat\u012bvo aktu pras\u012bb\u0101m. Ievadot inform\u0101ciju, Pirc\u0113js piekr\u012bt, ka tam uz nor\u0101d\u012bto e-pastu tiks izs\u016bt\u012bti pazi\u0146ojumi, kas saist\u012bti ar Pirc\u0113ja pas\u016bt\u012bjuma apstr\u0101di.<\/p>\n\n\n\n<p>Ar detaliz\u0113tu inform\u0101ciju par personas datu apstr\u0101di Pirc\u0113js var iepaz\u012bties interneta veikala sada\u013c\u0101&nbsp;<a href=\"https:\/\/ecowise.lv\/ru\/privatuma-politika\/\">priv\u0101tuma politika<\/a>.&nbsp; <\/p>","protected":false},"excerpt":{"rendered":"<p>Distances l\u012bgums \u0160aj\u0101 interneta veikal\u0101 pied\u0101v\u0101to pre\u010du p\u0101rdev\u0113js&nbsp;Ecowise SIA, vien.re\u0123.nr. LV40103969715&nbsp;, Juridisk\u0101 un faktisk\u0101 adrese Raunas iela 16b, R\u012bga, LV-1039&nbsp;no vienas puses, turpm\u0101k saukts P\u0101rdev\u0113js, un persona, kas veic pas\u016bt\u012bjumu, turpm\u0101k saukta Pirc\u0113js, no otras puses, nosl\u0113dz \u0161\u0101du L\u012bgumu: P\u0101rdev\u0113js ap\u0146emas p\u0101rdot un pieg\u0101d\u0101t Pirc\u0113jam preces un pakalpojumus, atbilsto\u0161i Pirc\u0113ja pas\u016bt\u012bjumam, savuk\u0101rt Pirc\u0113js ap\u0146emas apmaks\u0101t [&hellip;]<\/p>","protected":false},"author":6,"featured_media":0,"parent":0,"menu_order":0,"comment_status":"closed","ping_status":"closed","template":"","meta":{"_acf_changed":false,"inline_featured_image":false,"footnotes":"","_links_to":"","_links_to_target":""},"class_list":["post-7295","page","type-page","status-publish","hentry"],"acf":[],"yoast_head":"<!-- This site is optimized with the Yoast SEO plugin v27.0 - https:\/\/yoast.com\/product\/yoast-seo-wordpress\/ -->\n<title>Distances l\u012bgums - Ecowise<\/title>\n<meta name=\"robots\" content=\"index, follow, max-snippet:-1, max-image-preview:large, max-video-preview:-1\" \/>\n<link rel=\"canonical\" href=\"https:\/\/ecowise.lv\/ru\/distances-ligums\/\" \/>\n<meta property=\"og:locale\" content=\"ru_RU\" \/>\n<meta property=\"og:type\" content=\"article\" \/>\n<meta property=\"og:title\" content=\"Distances l\u012bgums - Ecowise\" \/>\n<meta property=\"og:description\" content=\"Distances l\u012bgums \u0160aj\u0101 interneta veikal\u0101 pied\u0101v\u0101to pre\u010du p\u0101rdev\u0113js&nbsp;Ecowise SIA, vien.re\u0123.nr. LV40103969715&nbsp;, Juridisk\u0101 un faktisk\u0101 adrese Raunas iela 16b, R\u012bga, LV-1039&nbsp;no vienas puses, turpm\u0101k saukts P\u0101rdev\u0113js, un persona, kas veic pas\u016bt\u012bjumu, turpm\u0101k saukta Pirc\u0113js, no otras puses, nosl\u0113dz \u0161\u0101du L\u012bgumu: P\u0101rdev\u0113js ap\u0146emas p\u0101rdot un pieg\u0101d\u0101t Pirc\u0113jam preces un pakalpojumus, atbilsto\u0161i Pirc\u0113ja pas\u016bt\u012bjumam, savuk\u0101rt Pirc\u0113js ap\u0146emas apmaks\u0101t [&hellip;]\" \/>\n<meta property=\"og:url\" content=\"https:\/\/ecowise.lv\/ru\/distances-ligums\/\" \/>\n<meta property=\"og:site_name\" content=\"Ecowise\" \/>\n<meta property=\"article:modified_time\" content=\"2026-04-07T10:36:35+00:00\" \/>\n<meta name=\"twitter:card\" content=\"summary_large_image\" \/>\n<meta name=\"twitter:label1\" content=\"\u041f\u0440\u0438\u043c\u0435\u0440\u043d\u043e\u0435 \u0432\u0440\u0435\u043c\u044f \u0434\u043b\u044f \u0447\u0442\u0435\u043d\u0438\u044f\" \/>\n\t<meta name=\"twitter:data1\" content=\"4 \u043c\u0438\u043d\u0443\u0442\u044b\" \/>\n<script type=\"application\/ld+json\" class=\"yoast-schema-graph\">{\"@context\":\"https:\/\/schema.org\",\"@graph\":[{\"@type\":\"WebPage\",\"@id\":\"https:\/\/ecowise.lv\/ru\/distances-ligums\/\",\"url\":\"https:\/\/ecowise.lv\/ru\/distances-ligums\/\",\"name\":\"Distances l\u012bgums - Ecowise\",\"isPartOf\":{\"@id\":\"https:\/\/ecowise.lv\/#website\"},\"datePublished\":\"2026-03-17T16:09:21+00:00\",\"dateModified\":\"2026-04-07T10:36:35+00:00\",\"inLanguage\":\"ru-RU\",\"potentialAction\":[{\"@type\":\"ReadAction\",\"target\":[\"https:\/\/ecowise.lv\/ru\/distances-ligums\/\"]}]},{\"@type\":\"WebSite\",\"@id\":\"https:\/\/ecowise.lv\/#website\",\"url\":\"https:\/\/ecowise.lv\/\",\"name\":\"Ecowise\",\"description\":\"Ener\u0123ijas pat\u0113ri\u0146a samazin\u0101jums\",\"publisher\":{\"@id\":\"https:\/\/ecowise.lv\/#organization\"},\"potentialAction\":[{\"@type\":\"SearchAction\",\"target\":{\"@type\":\"EntryPoint\",\"urlTemplate\":\"https:\/\/ecowise.lv\/?s={search_term_string}\"},\"query-input\":{\"@type\":\"PropertyValueSpecification\",\"valueRequired\":true,\"valueName\":\"search_term_string\"}}],\"inLanguage\":\"ru-RU\"},{\"@type\":\"Organization\",\"@id\":\"https:\/\/ecowise.lv\/#organization\",\"name\":\"Ecowise\",\"url\":\"https:\/\/ecowise.lv\/\",\"logo\":{\"@type\":\"ImageObject\",\"inLanguage\":\"ru-RU\",\"@id\":\"https:\/\/ecowise.lv\/#\/schema\/logo\/image\/\",\"url\":\"https:\/\/ecowise.lv\/wp-content\/uploads\/2023\/03\/logo.svg\",\"contentUrl\":\"https:\/\/ecowise.lv\/wp-content\/uploads\/2023\/03\/logo.svg\",\"width\":207,\"height\":27,\"caption\":\"Ecowise\"},\"image\":{\"@id\":\"https:\/\/ecowise.lv\/#\/schema\/logo\/image\/\"}}]}<\/script>\n<!-- \/ Yoast SEO plugin. -->","yoast_head_json":{"title":"Distances l\u012bgums - Ecowise","robots":{"index":"index","follow":"follow","max-snippet":"max-snippet:-1","max-image-preview":"max-image-preview:large","max-video-preview":"max-video-preview:-1"},"canonical":"https:\/\/ecowise.lv\/ru\/distances-ligums\/","og_locale":"ru_RU","og_type":"article","og_title":"Distances l\u012bgums - Ecowise","og_description":"Distances l\u012bgums \u0160aj\u0101 interneta veikal\u0101 pied\u0101v\u0101to pre\u010du p\u0101rdev\u0113js&nbsp;Ecowise SIA, vien.re\u0123.nr. LV40103969715&nbsp;, Juridisk\u0101 un faktisk\u0101 adrese Raunas iela 16b, R\u012bga, LV-1039&nbsp;no vienas puses, turpm\u0101k saukts P\u0101rdev\u0113js, un persona, kas veic pas\u016bt\u012bjumu, turpm\u0101k saukta Pirc\u0113js, no otras puses, nosl\u0113dz \u0161\u0101du L\u012bgumu: P\u0101rdev\u0113js ap\u0146emas p\u0101rdot un pieg\u0101d\u0101t Pirc\u0113jam preces un pakalpojumus, atbilsto\u0161i Pirc\u0113ja pas\u016bt\u012bjumam, savuk\u0101rt Pirc\u0113js ap\u0146emas apmaks\u0101t [&hellip;]","og_url":"https:\/\/ecowise.lv\/ru\/distances-ligums\/","og_site_name":"Ecowise","article_modified_time":"2026-04-07T10:36:35+00:00","twitter_card":"summary_large_image","twitter_misc":{"\u041f\u0440\u0438\u043c\u0435\u0440\u043d\u043e\u0435 \u0432\u0440\u0435\u043c\u044f \u0434\u043b\u044f \u0447\u0442\u0435\u043d\u0438\u044f":"4 \u043c\u0438\u043d\u0443\u0442\u044b"},"schema":{"@context":"https:\/\/schema.org","@graph":[{"@type":"WebPage","@id":"https:\/\/ecowise.lv\/ru\/distances-ligums\/","url":"https:\/\/ecowise.lv\/ru\/distances-ligums\/","name":"Distances l\u012bgums - Ecowise","isPartOf":{"@id":"https:\/\/ecowise.lv\/#website"},"datePublished":"2026-03-17T16:09:21+00:00","dateModified":"2026-04-07T10:36:35+00:00","inLanguage":"ru-RU","potentialAction":[{"@type":"ReadAction","target":["https:\/\/ecowise.lv\/ru\/distances-ligums\/"]}]},{"@type":"WebSite","@id":"https:\/\/ecowise.lv\/#website","url":"https:\/\/ecowise.lv\/","name":"Ecowise","description":"Ener\u0123ijas pat\u0113ri\u0146a samazin\u0101jums","publisher":{"@id":"https:\/\/ecowise.lv\/#organization"},"potentialAction":[{"@type":"SearchAction","target":{"@type":"EntryPoint","urlTemplate":"https:\/\/ecowise.lv\/?s={search_term_string}"},"query-input":{"@type":"PropertyValueSpecification","valueRequired":true,"valueName":"search_term_string"}}],"inLanguage":"ru-RU"},{"@type":"Organization","@id":"https:\/\/ecowise.lv\/#organization","name":"Ecowise","url":"https:\/\/ecowise.lv\/","logo":{"@type":"ImageObject","inLanguage":"ru-RU","@id":"https:\/\/ecowise.lv\/#\/schema\/logo\/image\/","url":"https:\/\/ecowise.lv\/wp-content\/uploads\/2023\/03\/logo.svg","contentUrl":"https:\/\/ecowise.lv\/wp-content\/uploads\/2023\/03\/logo.svg","width":207,"height":27,"caption":"Ecowise"},"image":{"@id":"https:\/\/ecowise.lv\/#\/schema\/logo\/image\/"}}]}},"_links":{"self":[{"href":"https:\/\/ecowise.lv\/ru\/wp-json\/wp\/v2\/pages\/7295","targetHints":{"allow":["GET"]}}],"collection":[{"href":"https:\/\/ecowise.lv\/ru\/wp-json\/wp\/v2\/pages"}],"about":[{"href":"https:\/\/ecowise.lv\/ru\/wp-json\/wp\/v2\/types\/page"}],"author":[{"embeddable":true,"href":"https:\/\/ecowise.lv\/ru\/wp-json\/wp\/v2\/users\/6"}],"replies":[{"embeddable":true,"href":"https:\/\/ecowise.lv\/ru\/wp-json\/wp\/v2\/comments?post=7295"}],"version-history":[{"count":6,"href":"https:\/\/ecowise.lv\/ru\/wp-json\/wp\/v2\/pages\/7295\/revisions"}],"predecessor-version":[{"id":7360,"href":"https:\/\/ecowise.lv\/ru\/wp-json\/wp\/v2\/pages\/7295\/revisions\/7360"}],"wp:attachment":[{"href":"https:\/\/ecowise.lv\/ru\/wp-json\/wp\/v2\/media?parent=7295"}],"curies":[{"name":"wp","href":"https:\/\/api.w.org\/{rel}","templated":true}]}}