{"id":5310,"date":"2023-10-30T10:19:06","date_gmt":"2023-10-30T08:19:06","guid":{"rendered":"https:\/\/ecowise.lv\/?page_id=5310"},"modified":"2024-01-25T20:11:58","modified_gmt":"2024-01-25T18:11:58","slug":"gold-demo-vadiba","status":"publish","type":"page","link":"https:\/\/ecowise.lv\/ru\/projektetajiem\/gold-demo-vadiba\/","title":{"rendered":"\u0423\u043f\u0440\u0430\u0432\u043b\u0435\u043d\u0438\u0435 GOLD Demo"},"content":{"rendered":"<p style=\"font-size:25px\">\u041f\u043e\u043f\u0440\u043e\u0431\u0443\u0439\u0442\u0435 \u0441\u0438\u0441\u0442\u0435\u043c\u0443 \u0443\u043f\u0440\u0430\u0432\u043b\u0435\u043d\u0438\u044f \u043e\u0431\u043e\u0440\u0443\u0434\u043e\u0432\u0430\u043d\u0438\u0435\u043c GOLD! <\/p>\n\n\n\n<p style=\"font-size:19px\">\u041e\u0442\u043b\u0438\u0447\u043d\u0430\u044f \u0441\u0438\u0441\u0442\u0435\u043c\u0430 \u0443\u043f\u0440\u0430\u0432\u043b\u0435\u043d\u0438\u044f IQlogic <\/p>\n\n\n\n<p style=\"font-size:19px\">\u041f\u0440\u043e\u0441\u0442\u0430\u044f \u0438 \u0443\u043c\u043d\u0430\u044f \u2013 \u0441\u0438\u0441\u0442\u0435\u043c\u0430 \u0443\u043f\u0440\u0430\u0432\u043b\u0435\u043d\u0438\u044f IQlogic \u0438\u043c\u0435\u0435\u0442 \u043d\u0430\u0433\u0440\u0430\u0436\u0434\u0435\u043d\u043d\u044b\u0439 \u043f\u043e\u043b\u044c\u0437\u043e\u0432\u0430\u0442\u0435\u043b\u044c\u0441\u043a\u0438\u0439 \u0438\u043d\u0442\u0435\u0440\u0444\u0435\u0439\u0441 \u0438 \u0443\u0434\u043e\u0431\u043d\u044b\u0439 \u0440\u0443\u0447\u043d\u043e\u0439 \u0442\u0435\u0440\u043c\u0438\u043d\u0430\u043b (IQnavigator), \u043a\u043e\u0442\u043e\u0440\u044b\u0439 \u043f\u043e\u0437\u0432\u043e\u043b\u044f\u0435\u0442 \u043b\u0435\u0433\u043a\u043e \u0440\u0430\u0441\u043a\u0440\u044b\u0442\u044c \u0432\u0435\u0441\u044c \u043f\u043e\u0442\u0435\u043d\u0446\u0438\u0430\u043b GOLD. <\/p>\n\n\n\n<p style=\"font-size:19px\">\u0412\u0441\u0435 \u0444\u0443\u043d\u043a\u0446\u0438\u0438 \u0432\u0441\u0442\u0440\u043e\u0435\u043d\u044b, \u0433\u043e\u0442\u043e\u0432\u044b \u043a \u0430\u043a\u0442\u0438\u0432\u0430\u0446\u0438\u0438. <\/p>\n\n\n\n<p style=\"font-size:19px\">\u041d\u0435\u0437\u0430\u043c\u0435\u0442\u043d\u043e \u043e\u0431\u0449\u0430\u0435\u0442\u0441\u044f \u0441 BMS, \u0438\u0441\u043f\u043e\u043b\u044c\u0437\u0443\u044f BACnet \u0438 Modbus. <\/p>\n\n\n\n<p style=\"font-size:19px\">\u041c\u043e\u043d\u0438\u0442\u043e\u0440\u0438\u043d\u0433 \u044d\u043d\u0435\u0440\u0433\u0438\u0438 \u0432 \u0441\u0442\u0430\u043d\u0434\u0430\u0440\u0442\u043d\u043e\u0439 \u043a\u043e\u043c\u043f\u043b\u0435\u043a\u0442\u0430\u0446\u0438\u0438 \u0441 \u043f\u0435\u0447\u0430\u0442\u043d\u044b\u043c\u0438 \u044d\u043d\u0435\u0440\u0433\u0435\u0442\u0438\u0447\u0435\u0441\u043a\u0438\u043c\u0438 \u043e\u0442\u0447\u0435\u0442\u0430\u043c\u0438. <\/p>\n\n\n\n<p style=\"font-size:19px\">\u0414\u0438\u043d\u0430\u043c\u0438\u0447\u0435\u0441\u043a\u0430\u044f \u0434\u0438\u0430\u0433\u0440\u0430\u043c\u043c\u0430 \u043f\u043e\u0442\u043e\u043a\u0430 \u0441 \u043c\u0430\u0440\u043a\u0438\u0440\u043e\u0432\u043a\u043e\u0439 \u043a\u043e\u043c\u043f\u043e\u043d\u0435\u043d\u0442\u043e\u0432, \u0441\u043f\u0435\u0446\u0438\u0444\u0438\u0447\u043d\u044b\u0445 \u0434\u043b\u044f \u043e\u0431\u044a\u0435\u043a\u0442\u0430. <\/p>\n\n\n\n<p style=\"font-size:19px\">\u0412\u0441\u0442\u0440\u043e\u0435\u043d\u043d\u044b\u0435 \u043e\u043f\u0438\u0441\u0430\u043d\u0438\u044f \u0444\u0443\u043d\u043a\u0446\u0438\u0439 \u0438 \u043f\u043e\u0438\u0441\u043a \u043d\u0435\u0438\u0441\u043f\u0440\u0430\u0432\u043d\u043e\u0441\u0442\u0435\u0439 \u0442\u0440\u0435\u0432\u043e\u0433\u0438. <\/p>\n\n\n\n<p style=\"font-size:19px\">\u0413\u0435\u043d\u0435\u0440\u0438\u0440\u0443\u0435\u0442 \u0437\u0430\u043f\u0438\u0441\u0438 \u043f\u0435\u0440\u0435\u0434\u0430\u0447\u0438 \u0432 \u044d\u043a\u0441\u043f\u043b\u0443\u0430\u0442\u0430\u0446\u0438\u044e \u0432 \u0444\u043e\u0440\u043c\u0430\u0442\u0435 PDF. <\/p>\n\n\n\n<p style=\"font-size:19px\">\u041f\u0440\u043e\u0432\u0435\u0440\u044c\u0442\u0435 \u0441\u0438\u0441\u0442\u0435\u043c\u0443 \u0443\u043f\u0440\u0430\u0432\u043b\u0435\u043d\u0438\u044f \u0438\u0437 \u0438\u043d\u0442\u0435\u0440\u043d\u0435\u0442-\u0431\u0440\u0430\u0443\u0437\u0435\u0440\u0430. \u0412\u043e\u0439\u0434\u0438\u0442\u0435, \u0438\u0441\u043f\u043e\u043b\u044c\u0437\u0443\u044f \u0441\u043b\u0435\u0434\u0443\u044e\u0449\u0438\u0435 \u0434\u0430\u043d\u043d\u044b\u0435:<\/p>\n\n\n\n<p style=\"font-size:25px\">\u0418\u043c\u044f \u043f\u043e\u043b\u044c\u0437\u043e\u0432\u0430\u0442\u0435\u043b\u044f: local \u0438\u043b\u0438 installation \u2013 \u041f\u0430\u0440\u043e\u043b\u044c: 0000 \u0434\u043b\u044f local, 1111 \u0434\u043b\u044f installation<\/p>\n\n\n\n<p style=\"font-size:25px\"><a href=\"http:\/\/golddemo.swegon.se\/?__hstc=90448965.813b093178457c306f27566b5c810e37.1698222863962.1698500852314.1698651096524.10&amp;__hssc=90448965.33.1698651096524&amp;__hsfp=1376721026\" target=\"_blank\" rel=\"noreferrer noopener\">WEB DEMO<\/a><\/p>","protected":false},"excerpt":{"rendered":"<p>Izm\u0113\u0123ini GOLD iek\u0101rtu vad\u012bbas sist\u0113mu! Izcila vad\u012bbas sist\u0113ma IQlogic Vienk\u0101r\u0161s un gudrs \u2013 IQlogic vad\u012bbas sist\u0113mai ir godalgots lietot\u0101ja interfeiss un \u0113rti lietojams rokas termin\u0101lis (IQnavigator), kas \u013cauj viegli atrais\u012bt visu GOLD potenci\u0101lu. Visas funkcijas ir ieb\u016bv\u0113tas, gatavas aktiviz\u0113\u0161anai. Neman\u0101mi sazin\u0101s ar BMS, izmantojot BACnet un Modbus. Ener\u0123ijas uzraudz\u012bba standarta apr\u012bkojum\u0101 ar izdruk\u0101jamiem ener\u0123ijas p\u0101rskatiem. [&hellip;]<\/p>","protected":false},"author":2,"featured_media":0,"parent":18,"menu_order":0,"comment_status":"closed","ping_status":"closed","template":"","meta":{"_acf_changed":false,"inline_featured_image":false,"footnotes":"","_links_to":"","_links_to_target":""},"class_list":["post-5310","page","type-page","status-publish","hentry"],"acf":[],"yoast_head":"<!-- This site is optimized with the Yoast SEO plugin v27.0 - https:\/\/yoast.com\/product\/yoast-seo-wordpress\/ -->\n<title>GOLD Demo vad\u012bba - Ecowise<\/title>\n<meta name=\"robots\" content=\"index, follow, max-snippet:-1, max-image-preview:large, max-video-preview:-1\" \/>\n<link rel=\"canonical\" href=\"https:\/\/ecowise.lv\/ru\/projektetajiem\/gold-demo-vadiba\/\" \/>\n<meta property=\"og:locale\" content=\"ru_RU\" \/>\n<meta property=\"og:type\" content=\"article\" \/>\n<meta property=\"og:title\" content=\"GOLD Demo vad\u012bba - Ecowise\" \/>\n<meta property=\"og:description\" content=\"Izm\u0113\u0123ini GOLD iek\u0101rtu vad\u012bbas sist\u0113mu! Izcila vad\u012bbas sist\u0113ma IQlogic Vienk\u0101r\u0161s un gudrs \u2013 IQlogic vad\u012bbas sist\u0113mai ir godalgots lietot\u0101ja interfeiss un \u0113rti lietojams rokas termin\u0101lis (IQnavigator), kas \u013cauj viegli atrais\u012bt visu GOLD potenci\u0101lu. Visas funkcijas ir ieb\u016bv\u0113tas, gatavas aktiviz\u0113\u0161anai. Neman\u0101mi sazin\u0101s ar BMS, izmantojot BACnet un Modbus. Ener\u0123ijas uzraudz\u012bba standarta apr\u012bkojum\u0101 ar izdruk\u0101jamiem ener\u0123ijas p\u0101rskatiem. [&hellip;]\" \/>\n<meta property=\"og:url\" content=\"https:\/\/ecowise.lv\/ru\/projektetajiem\/gold-demo-vadiba\/\" \/>\n<meta property=\"og:site_name\" content=\"Ecowise\" \/>\n<meta property=\"article:modified_time\" content=\"2024-01-25T18:11:58+00:00\" \/>\n<meta name=\"twitter:card\" content=\"summary_large_image\" \/>\n<meta name=\"twitter:label1\" content=\"\u041f\u0440\u0438\u043c\u0435\u0440\u043d\u043e\u0435 \u0432\u0440\u0435\u043c\u044f \u0434\u043b\u044f \u0447\u0442\u0435\u043d\u0438\u044f\" \/>\n\t<meta name=\"twitter:data1\" content=\"1 \u043c\u0438\u043d\u0443\u0442\u0430\" \/>\n<script type=\"application\/ld+json\" class=\"yoast-schema-graph\">{\"@context\":\"https:\/\/schema.org\",\"@graph\":[{\"@type\":\"WebPage\",\"@id\":\"https:\/\/ecowise.lv\/projektetajiem\/gold-demo-vadiba\/\",\"url\":\"https:\/\/ecowise.lv\/projektetajiem\/gold-demo-vadiba\/\",\"name\":\"GOLD Demo vad\u012bba - Ecowise\",\"isPartOf\":{\"@id\":\"https:\/\/ecowise.lv\/#website\"},\"datePublished\":\"2023-10-30T08:19:06+00:00\",\"dateModified\":\"2024-01-25T18:11:58+00:00\",\"breadcrumb\":{\"@id\":\"https:\/\/ecowise.lv\/projektetajiem\/gold-demo-vadiba\/#breadcrumb\"},\"inLanguage\":\"ru-RU\",\"potentialAction\":[{\"@type\":\"ReadAction\",\"target\":[\"https:\/\/ecowise.lv\/projektetajiem\/gold-demo-vadiba\/\"]}]},{\"@type\":\"BreadcrumbList\",\"@id\":\"https:\/\/ecowise.lv\/projektetajiem\/gold-demo-vadiba\/#breadcrumb\",\"itemListElement\":[{\"@type\":\"ListItem\",\"position\":1,\"name\":\"Projekt\u0113t\u0101jiem\",\"item\":\"https:\/\/ecowise.lv\/projektetajiem\/\"},{\"@type\":\"ListItem\",\"position\":2,\"name\":\"GOLD Demo vad\u012bba\"}]},{\"@type\":\"WebSite\",\"@id\":\"https:\/\/ecowise.lv\/#website\",\"url\":\"https:\/\/ecowise.lv\/\",\"name\":\"Ecowise\",\"description\":\"Ener\u0123ijas pat\u0113ri\u0146a samazin\u0101jums\",\"publisher\":{\"@id\":\"https:\/\/ecowise.lv\/#organization\"},\"potentialAction\":[{\"@type\":\"SearchAction\",\"target\":{\"@type\":\"EntryPoint\",\"urlTemplate\":\"https:\/\/ecowise.lv\/?s={search_term_string}\"},\"query-input\":{\"@type\":\"PropertyValueSpecification\",\"valueRequired\":true,\"valueName\":\"search_term_string\"}}],\"inLanguage\":\"ru-RU\"},{\"@type\":\"Organization\",\"@id\":\"https:\/\/ecowise.lv\/#organization\",\"name\":\"Ecowise\",\"url\":\"https:\/\/ecowise.lv\/\",\"logo\":{\"@type\":\"ImageObject\",\"inLanguage\":\"ru-RU\",\"@id\":\"https:\/\/ecowise.lv\/#\/schema\/logo\/image\/\",\"url\":\"https:\/\/ecowise.lv\/wp-content\/uploads\/2023\/03\/logo.svg\",\"contentUrl\":\"https:\/\/ecowise.lv\/wp-content\/uploads\/2023\/03\/logo.svg\",\"width\":207,\"height\":27,\"caption\":\"Ecowise\"},\"image\":{\"@id\":\"https:\/\/ecowise.lv\/#\/schema\/logo\/image\/\"}}]}<\/script>\n<!-- \/ Yoast SEO plugin. -->","yoast_head_json":{"title":"GOLD Demo vad\u012bba - Ecowise","robots":{"index":"index","follow":"follow","max-snippet":"max-snippet:-1","max-image-preview":"max-image-preview:large","max-video-preview":"max-video-preview:-1"},"canonical":"https:\/\/ecowise.lv\/ru\/projektetajiem\/gold-demo-vadiba\/","og_locale":"ru_RU","og_type":"article","og_title":"GOLD Demo vad\u012bba - Ecowise","og_description":"Izm\u0113\u0123ini GOLD iek\u0101rtu vad\u012bbas sist\u0113mu! Izcila vad\u012bbas sist\u0113ma IQlogic Vienk\u0101r\u0161s un gudrs \u2013 IQlogic vad\u012bbas sist\u0113mai ir godalgots lietot\u0101ja interfeiss un \u0113rti lietojams rokas termin\u0101lis (IQnavigator), kas \u013cauj viegli atrais\u012bt visu GOLD potenci\u0101lu. Visas funkcijas ir ieb\u016bv\u0113tas, gatavas aktiviz\u0113\u0161anai. Neman\u0101mi sazin\u0101s ar BMS, izmantojot BACnet un Modbus. Ener\u0123ijas uzraudz\u012bba standarta apr\u012bkojum\u0101 ar izdruk\u0101jamiem ener\u0123ijas p\u0101rskatiem. [&hellip;]","og_url":"https:\/\/ecowise.lv\/ru\/projektetajiem\/gold-demo-vadiba\/","og_site_name":"Ecowise","article_modified_time":"2024-01-25T18:11:58+00:00","twitter_card":"summary_large_image","twitter_misc":{"\u041f\u0440\u0438\u043c\u0435\u0440\u043d\u043e\u0435 \u0432\u0440\u0435\u043c\u044f \u0434\u043b\u044f \u0447\u0442\u0435\u043d\u0438\u044f":"1 \u043c\u0438\u043d\u0443\u0442\u0430"},"schema":{"@context":"https:\/\/schema.org","@graph":[{"@type":"WebPage","@id":"https:\/\/ecowise.lv\/projektetajiem\/gold-demo-vadiba\/","url":"https:\/\/ecowise.lv\/projektetajiem\/gold-demo-vadiba\/","name":"GOLD Demo vad\u012bba - Ecowise","isPartOf":{"@id":"https:\/\/ecowise.lv\/#website"},"datePublished":"2023-10-30T08:19:06+00:00","dateModified":"2024-01-25T18:11:58+00:00","breadcrumb":{"@id":"https:\/\/ecowise.lv\/projektetajiem\/gold-demo-vadiba\/#breadcrumb"},"inLanguage":"ru-RU","potentialAction":[{"@type":"ReadAction","target":["https:\/\/ecowise.lv\/projektetajiem\/gold-demo-vadiba\/"]}]},{"@type":"BreadcrumbList","@id":"https:\/\/ecowise.lv\/projektetajiem\/gold-demo-vadiba\/#breadcrumb","itemListElement":[{"@type":"ListItem","position":1,"name":"Projekt\u0113t\u0101jiem","item":"https:\/\/ecowise.lv\/projektetajiem\/"},{"@type":"ListItem","position":2,"name":"GOLD Demo vad\u012bba"}]},{"@type":"WebSite","@id":"https:\/\/ecowise.lv\/#website","url":"https:\/\/ecowise.lv\/","name":"Ecowise","description":"Ener\u0123ijas pat\u0113ri\u0146a samazin\u0101jums","publisher":{"@id":"https:\/\/ecowise.lv\/#organization"},"potentialAction":[{"@type":"SearchAction","target":{"@type":"EntryPoint","urlTemplate":"https:\/\/ecowise.lv\/?s={search_term_string}"},"query-input":{"@type":"PropertyValueSpecification","valueRequired":true,"valueName":"search_term_string"}}],"inLanguage":"ru-RU"},{"@type":"Organization","@id":"https:\/\/ecowise.lv\/#organization","name":"Ecowise","url":"https:\/\/ecowise.lv\/","logo":{"@type":"ImageObject","inLanguage":"ru-RU","@id":"https:\/\/ecowise.lv\/#\/schema\/logo\/image\/","url":"https:\/\/ecowise.lv\/wp-content\/uploads\/2023\/03\/logo.svg","contentUrl":"https:\/\/ecowise.lv\/wp-content\/uploads\/2023\/03\/logo.svg","width":207,"height":27,"caption":"Ecowise"},"image":{"@id":"https:\/\/ecowise.lv\/#\/schema\/logo\/image\/"}}]}},"_links":{"self":[{"href":"https:\/\/ecowise.lv\/ru\/wp-json\/wp\/v2\/pages\/5310","targetHints":{"allow":["GET"]}}],"collection":[{"href":"https:\/\/ecowise.lv\/ru\/wp-json\/wp\/v2\/pages"}],"about":[{"href":"https:\/\/ecowise.lv\/ru\/wp-json\/wp\/v2\/types\/page"}],"author":[{"embeddable":true,"href":"https:\/\/ecowise.lv\/ru\/wp-json\/wp\/v2\/users\/2"}],"replies":[{"embeddable":true,"href":"https:\/\/ecowise.lv\/ru\/wp-json\/wp\/v2\/comments?post=5310"}],"version-history":[{"count":14,"href":"https:\/\/ecowise.lv\/ru\/wp-json\/wp\/v2\/pages\/5310\/revisions"}],"predecessor-version":[{"id":6208,"href":"https:\/\/ecowise.lv\/ru\/wp-json\/wp\/v2\/pages\/5310\/revisions\/6208"}],"up":[{"embeddable":true,"href":"https:\/\/ecowise.lv\/ru\/wp-json\/wp\/v2\/pages\/18"}],"wp:attachment":[{"href":"https:\/\/ecowise.lv\/ru\/wp-json\/wp\/v2\/media?parent=5310"}],"curies":[{"name":"wp","href":"https:\/\/api.w.org\/{rel}","templated":true}]}}