{"id":493,"date":"2023-04-04T16:50:08","date_gmt":"2023-04-04T13:50:08","guid":{"rendered":"https:\/\/ecowise.lv\/?page_id=493"},"modified":"2023-10-26T09:19:07","modified_gmt":"2023-10-26T06:19:07","slug":"informacija-par-programmam","status":"publish","type":"page","link":"https:\/\/ecowise.lv\/ru\/projektetajiem\/informacija-par-programmam\/","title":{"rendered":"\u0418\u043d\u0444\u043e\u0440\u043c\u0430\u0446\u0438\u044f \u043e \u043f\u0440\u043e\u0433\u0440\u0430\u043c\u043c\u0430\u0445"},"content":{"rendered":"<figure class=\"wp-block-image size-full\"><img fetchpriority=\"high\" decoding=\"async\" width=\"886\" height=\"600\" src=\"https:\/\/ecowise.lv\/wp-content\/uploads\/2023\/10\/pro_casa_programma_rekuperatori.webp\" alt=\"\" class=\"wp-image-5100\" srcset=\"https:\/\/ecowise.lv\/wp-content\/uploads\/2023\/10\/pro_casa_programma_rekuperatori.webp 886w, https:\/\/ecowise.lv\/wp-content\/uploads\/2023\/10\/pro_casa_programma_rekuperatori-300x203.webp 300w, https:\/\/ecowise.lv\/wp-content\/uploads\/2023\/10\/pro_casa_programma_rekuperatori-600x406.webp 600w, https:\/\/ecowise.lv\/wp-content\/uploads\/2023\/10\/pro_casa_programma_rekuperatori-768x520.webp 768w\" sizes=\"(max-width: 886px) 100vw, 886px\" \/><\/figure>\n\n\n\n<p><\/p>\n\n\n\n<p style=\"font-size:25px\">  \u041f\u0440\u043e\u0433\u0440\u0430\u043c\u043c\u0430 ProCASA  <a href=\"https:\/\/procasa.swegon.com\/en\/procasa-e\" target=\"_blank\" rel=\"noreferrer noopener\">ProCASA E+ \u2013 ProCASA (swegon.com)<\/a><\/p>\n\n\n\n<figure class=\"wp-block-image size-large\"><img decoding=\"async\" width=\"1024\" height=\"531\" src=\"https:\/\/ecowise.lv\/wp-content\/uploads\/2023\/10\/ahu-design-image_1350x700-1024x531.jpg\" alt=\"\" class=\"wp-image-5106\" srcset=\"https:\/\/ecowise.lv\/wp-content\/uploads\/2023\/10\/ahu-design-image_1350x700-1024x531.jpg 1024w, https:\/\/ecowise.lv\/wp-content\/uploads\/2023\/10\/ahu-design-image_1350x700-300x155.jpg 300w, https:\/\/ecowise.lv\/wp-content\/uploads\/2023\/10\/ahu-design-image_1350x700-600x311.jpg 600w, https:\/\/ecowise.lv\/wp-content\/uploads\/2023\/10\/ahu-design-image_1350x700-768x398.jpg 768w, https:\/\/ecowise.lv\/wp-content\/uploads\/2023\/10\/ahu-design-image_1350x700.jpg 1430w\" sizes=\"(max-width: 1024px) 100vw, 1024px\" \/><\/figure>\n\n\n\n<p><\/p>\n\n\n\n<p style=\"font-size:25px\">\u041f\u0440\u043e\u0433\u0440\u0430\u043c\u043c\u0430 AHU Design   <a href=\"https:\/\/identity.swegon.com\/Account\/Login?ReturnUrl=%2Fconnect%2Fauthorize%2Fcallback%3Fclient_id%3D13769d19-8dc8-49a8-9b57-4a9ac46cf9ce%26nonce%3D16982332438730.45501771825918436%26redirect_uri%3Dhttps%253A%252F%252Fsds.swegon.com%252Fauthorized%26response_type%3Did_token%2520token%26scope%3Dsds%2520openid%26state%3D16982332438730.8560509278161184\" target=\"_blank\" rel=\"noreferrer noopener\">Swegon AHU Design<\/a><\/p>\n\n\n\n<p><\/p>\n\n\n\n<figure class=\"wp-block-image size-large\"><img decoding=\"async\" width=\"1024\" height=\"281\" src=\"https:\/\/ecowise.lv\/wp-content\/uploads\/2023\/10\/rud_hotel_room_01_flow_hero-1024x281.png\" alt=\"\" class=\"wp-image-5115\" srcset=\"https:\/\/ecowise.lv\/wp-content\/uploads\/2023\/10\/rud_hotel_room_01_flow_hero-1024x281.png 1024w, https:\/\/ecowise.lv\/wp-content\/uploads\/2023\/10\/rud_hotel_room_01_flow_hero-300x82.png 300w, https:\/\/ecowise.lv\/wp-content\/uploads\/2023\/10\/rud_hotel_room_01_flow_hero-600x164.png 600w, https:\/\/ecowise.lv\/wp-content\/uploads\/2023\/10\/rud_hotel_room_01_flow_hero-768x211.png 768w, https:\/\/ecowise.lv\/wp-content\/uploads\/2023\/10\/rud_hotel_room_01_flow_hero.png 1430w\" sizes=\"(max-width: 1024px) 100vw, 1024px\" \/><\/figure>\n\n\n\n<p style=\"font-size:25px\"><a href=\"https:\/\/app.rud.swegon.com\/project\/new?language=en-GB\" target=\"_blank\" rel=\"noreferrer noopener\">RUD (swegon.com)<\/a><\/p>\n\n\n\n<figure class=\"wp-block-image size-large\"><img loading=\"lazy\" decoding=\"async\" width=\"1024\" height=\"300\" src=\"https:\/\/ecowise.lv\/wp-content\/uploads\/2023\/10\/acoustic-design-10-svart-1024x300.png\" alt=\"\" class=\"wp-image-5120\" srcset=\"https:\/\/ecowise.lv\/wp-content\/uploads\/2023\/10\/acoustic-design-10-svart-1024x300.png 1024w, https:\/\/ecowise.lv\/wp-content\/uploads\/2023\/10\/acoustic-design-10-svart-300x88.png 300w, https:\/\/ecowise.lv\/wp-content\/uploads\/2023\/10\/acoustic-design-10-svart-600x176.png 600w, https:\/\/ecowise.lv\/wp-content\/uploads\/2023\/10\/acoustic-design-10-svart-768x225.png 768w, https:\/\/ecowise.lv\/wp-content\/uploads\/2023\/10\/acoustic-design-10-svart.png 1430w\" sizes=\"(max-width: 1024px) 100vw, 1024px\" \/><\/figure>\n\n\n\n<p style=\"font-size:25px\">\u0417\u0430\u0440\u0435\u0433\u0438\u0441\u0442\u0440\u0438\u0440\u043e\u0432\u0430\u0442\u044c\u0441\u044f \u043d\u0430 <a href=\"https:\/\/info.swegon.com\/en\/acoustic-1-0\" target=\"_blank\" rel=\"noreferrer noopener\">Acoustic (swegon.com)<\/a><\/p>\n\n\n\n<p style=\"font-size:25px\">\u0414\u043e\u0441\u0442\u0443\u043f \u043a \u043f\u0440\u043e\u0433\u0440\u0430\u043c\u043c\u0435 \u0434\u043b\u044f \u0437\u0430\u0440\u0435\u0433\u0438\u0441\u0442\u0440\u0438\u0440\u043e\u0432\u0430\u043d\u043d\u044b\u0445 \u043f\u043e\u043b\u044c\u0437\u043e\u0432\u0430\u0442\u0435\u043b\u0435\u0439 <a href=\"https:\/\/acoustic-design.swegon.com\/app\/sign-in\" target=\"_blank\" rel=\"noreferrer noopener\">Acoustic Design (swegon.com)<\/a><\/p>\n\n\n\n<figure class=\"wp-block-image size-large\"><img loading=\"lazy\" decoding=\"async\" width=\"1024\" height=\"233\" src=\"https:\/\/ecowise.lv\/wp-content\/uploads\/2023\/10\/esbo_header-1024x233.png\" alt=\"\" class=\"wp-image-5133\" srcset=\"https:\/\/ecowise.lv\/wp-content\/uploads\/2023\/10\/esbo_header-1024x233.png 1024w, https:\/\/ecowise.lv\/wp-content\/uploads\/2023\/10\/esbo_header-300x68.png 300w, https:\/\/ecowise.lv\/wp-content\/uploads\/2023\/10\/esbo_header-600x137.png 600w, https:\/\/ecowise.lv\/wp-content\/uploads\/2023\/10\/esbo_header-768x175.png 768w, https:\/\/ecowise.lv\/wp-content\/uploads\/2023\/10\/esbo_header.png 1430w\" sizes=\"(max-width: 1024px) 100vw, 1024px\" \/><\/figure>\n\n\n\n<p style=\"font-size:25px\">\u041f\u0440\u043e\u0433\u0440\u0430\u043c\u043c\u0430 \u0441\u0438\u043c\u0443\u043b\u044f\u0446\u0438\u0438 \u0432\u043d\u0443\u0442\u0440\u0435\u043d\u043d\u0435\u0433\u043e \u043a\u043b\u0438\u043c\u0430\u0442\u0430 <a href=\"http:\/\/esbo.equa.se\/ESBO\/Light\/Swegon\/\" target=\"_blank\" rel=\"noreferrer noopener\">ESBO Light Swegon<\/a><\/p>\n\n\n\n<p style=\"font-size:25px\">\u0421\u043a\u0430\u0447\u0430\u0442\u044c ESBO Light <a href=\"http:\/\/www.equaonline.com\/esbouser\/download_swegon.html\">Download (equaonline.com)<\/a><\/p>\n\n\n\n<p style=\"font-size:25px\">\u041a\u0443\u043f\u0438\u0442\u044c \u043f\u043e\u043b\u043d\u0443\u044e \u0432\u0435\u0440\u0441\u0438\u044e ESBO Swegon ESBO <a href=\"https:\/\/www.equa.se\/en\/swegon-esbo-order-form\" target=\"_blank\" rel=\"noreferrer noopener\">\u0424\u043e\u0440\u043c\u0430 \u0437\u0430\u043a\u0430\u0437\u0430 \u2013 \u041f\u0440\u043e\u0433\u0440\u0430\u043c\u043c\u043d\u043e\u0435 \u043e\u0431\u0435\u0441\u043f\u0435\u0447\u0435\u043d\u0438\u0435 \u0434\u043b\u044f \u0441\u0438\u043c\u0443\u043b\u044f\u0446\u0438\u0438 | EQUA<\/a><\/p>","protected":false},"excerpt":{"rendered":"<p>ProCASA programma ProCASA E+ &#8211; ProCASA (swegon.com) AHU Design programma Swegon AHU Design RUD (swegon.com) Piere\u0123istr\u0113ties Acoustic (swegon.com) Piek\u013cuve programmai re\u0123istr\u0113tiem lietot\u0101jiem Acoustic Design (swegon.com) ESBO Light iek\u0161telpu klimata simul\u0113\u0161anas programma ESBO Light Swegon Iel\u0101d\u0113t ESBO Light Download (equaonline.com) Ieg\u0101d\u0101ties ESBO pilno versiju Swegon ESBO &#8211; Order form &#8211; Simulation Software | EQUA<\/p>","protected":false},"author":1,"featured_media":0,"parent":18,"menu_order":0,"comment_status":"closed","ping_status":"closed","template":"","meta":{"_acf_changed":false,"inline_featured_image":false,"footnotes":"","_links_to":"","_links_to_target":""},"class_list":["post-493","page","type-page","status-publish","hentry"],"acf":[],"yoast_head":"<!-- This site is optimized with the Yoast SEO plugin v27.0 - https:\/\/yoast.com\/product\/yoast-seo-wordpress\/ -->\n<title>Inform\u0101cija par programm\u0101m - Ecowise<\/title>\n<meta name=\"robots\" content=\"index, follow, max-snippet:-1, max-image-preview:large, max-video-preview:-1\" \/>\n<link rel=\"canonical\" href=\"https:\/\/ecowise.lv\/ru\/projektetajiem\/informacija-par-programmam\/\" \/>\n<meta property=\"og:locale\" content=\"ru_RU\" \/>\n<meta property=\"og:type\" content=\"article\" \/>\n<meta property=\"og:title\" content=\"Inform\u0101cija par programm\u0101m - Ecowise\" \/>\n<meta property=\"og:description\" content=\"ProCASA programma ProCASA E+ &#8211; ProCASA (swegon.com) AHU Design programma Swegon AHU Design RUD (swegon.com) Piere\u0123istr\u0113ties Acoustic (swegon.com) Piek\u013cuve programmai re\u0123istr\u0113tiem lietot\u0101jiem Acoustic Design (swegon.com) ESBO Light iek\u0161telpu klimata simul\u0113\u0161anas programma ESBO Light Swegon Iel\u0101d\u0113t ESBO Light Download (equaonline.com) Ieg\u0101d\u0101ties ESBO pilno versiju Swegon ESBO &#8211; Order form &#8211; Simulation Software | EQUA\" \/>\n<meta property=\"og:url\" content=\"https:\/\/ecowise.lv\/ru\/projektetajiem\/informacija-par-programmam\/\" \/>\n<meta property=\"og:site_name\" content=\"Ecowise\" \/>\n<meta property=\"article:modified_time\" content=\"2023-10-26T06:19:07+00:00\" \/>\n<meta property=\"og:image\" content=\"https:\/\/ecowise.lv\/wp-content\/uploads\/2023\/10\/pro_casa_programma_rekuperatori.webp\" \/>\n<meta name=\"twitter:card\" content=\"summary_large_image\" \/>\n<meta name=\"twitter:label1\" content=\"\u041f\u0440\u0438\u043c\u0435\u0440\u043d\u043e\u0435 \u0432\u0440\u0435\u043c\u044f \u0434\u043b\u044f \u0447\u0442\u0435\u043d\u0438\u044f\" \/>\n\t<meta name=\"twitter:data1\" content=\"2 \u043c\u0438\u043d\u0443\u0442\u044b\" \/>\n<script type=\"application\/ld+json\" class=\"yoast-schema-graph\">{\"@context\":\"https:\/\/schema.org\",\"@graph\":[{\"@type\":\"WebPage\",\"@id\":\"https:\/\/ecowise.lv\/projektetajiem\/informacija-par-programmam\/\",\"url\":\"https:\/\/ecowise.lv\/projektetajiem\/informacija-par-programmam\/\",\"name\":\"Inform\u0101cija par programm\u0101m - Ecowise\",\"isPartOf\":{\"@id\":\"https:\/\/ecowise.lv\/#website\"},\"primaryImageOfPage\":{\"@id\":\"https:\/\/ecowise.lv\/projektetajiem\/informacija-par-programmam\/#primaryimage\"},\"image\":{\"@id\":\"https:\/\/ecowise.lv\/projektetajiem\/informacija-par-programmam\/#primaryimage\"},\"thumbnailUrl\":\"https:\/\/ecowise.lv\/wp-content\/uploads\/2023\/10\/pro_casa_programma_rekuperatori.webp\",\"datePublished\":\"2023-04-04T13:50:08+00:00\",\"dateModified\":\"2023-10-26T06:19:07+00:00\",\"breadcrumb\":{\"@id\":\"https:\/\/ecowise.lv\/projektetajiem\/informacija-par-programmam\/#breadcrumb\"},\"inLanguage\":\"ru-RU\",\"potentialAction\":[{\"@type\":\"ReadAction\",\"target\":[\"https:\/\/ecowise.lv\/projektetajiem\/informacija-par-programmam\/\"]}]},{\"@type\":\"ImageObject\",\"inLanguage\":\"ru-RU\",\"@id\":\"https:\/\/ecowise.lv\/projektetajiem\/informacija-par-programmam\/#primaryimage\",\"url\":\"https:\/\/ecowise.lv\/wp-content\/uploads\/2023\/10\/pro_casa_programma_rekuperatori.webp\",\"contentUrl\":\"https:\/\/ecowise.lv\/wp-content\/uploads\/2023\/10\/pro_casa_programma_rekuperatori.webp\"},{\"@type\":\"BreadcrumbList\",\"@id\":\"https:\/\/ecowise.lv\/projektetajiem\/informacija-par-programmam\/#breadcrumb\",\"itemListElement\":[{\"@type\":\"ListItem\",\"position\":1,\"name\":\"Projekt\u0113t\u0101jiem\",\"item\":\"https:\/\/ecowise.lv\/projektetajiem\/\"},{\"@type\":\"ListItem\",\"position\":2,\"name\":\"Inform\u0101cija par programm\u0101m\"}]},{\"@type\":\"WebSite\",\"@id\":\"https:\/\/ecowise.lv\/#website\",\"url\":\"https:\/\/ecowise.lv\/\",\"name\":\"Ecowise\",\"description\":\"Ener\u0123ijas pat\u0113ri\u0146a samazin\u0101jums\",\"publisher\":{\"@id\":\"https:\/\/ecowise.lv\/#organization\"},\"potentialAction\":[{\"@type\":\"SearchAction\",\"target\":{\"@type\":\"EntryPoint\",\"urlTemplate\":\"https:\/\/ecowise.lv\/?s={search_term_string}\"},\"query-input\":{\"@type\":\"PropertyValueSpecification\",\"valueRequired\":true,\"valueName\":\"search_term_string\"}}],\"inLanguage\":\"ru-RU\"},{\"@type\":\"Organization\",\"@id\":\"https:\/\/ecowise.lv\/#organization\",\"name\":\"Ecowise\",\"url\":\"https:\/\/ecowise.lv\/\",\"logo\":{\"@type\":\"ImageObject\",\"inLanguage\":\"ru-RU\",\"@id\":\"https:\/\/ecowise.lv\/#\/schema\/logo\/image\/\",\"url\":\"https:\/\/ecowise.lv\/wp-content\/uploads\/2023\/03\/logo.svg\",\"contentUrl\":\"https:\/\/ecowise.lv\/wp-content\/uploads\/2023\/03\/logo.svg\",\"width\":207,\"height\":27,\"caption\":\"Ecowise\"},\"image\":{\"@id\":\"https:\/\/ecowise.lv\/#\/schema\/logo\/image\/\"}}]}<\/script>\n<!-- \/ Yoast SEO plugin. -->","yoast_head_json":{"title":"Inform\u0101cija par programm\u0101m - Ecowise","robots":{"index":"index","follow":"follow","max-snippet":"max-snippet:-1","max-image-preview":"max-image-preview:large","max-video-preview":"max-video-preview:-1"},"canonical":"https:\/\/ecowise.lv\/ru\/projektetajiem\/informacija-par-programmam\/","og_locale":"ru_RU","og_type":"article","og_title":"Inform\u0101cija par programm\u0101m - Ecowise","og_description":"ProCASA programma ProCASA E+ &#8211; ProCASA (swegon.com) AHU Design programma Swegon AHU Design RUD (swegon.com) Piere\u0123istr\u0113ties Acoustic (swegon.com) Piek\u013cuve programmai re\u0123istr\u0113tiem lietot\u0101jiem Acoustic Design (swegon.com) ESBO Light iek\u0161telpu klimata simul\u0113\u0161anas programma ESBO Light Swegon Iel\u0101d\u0113t ESBO Light Download (equaonline.com) Ieg\u0101d\u0101ties ESBO pilno versiju Swegon ESBO &#8211; Order form &#8211; Simulation Software | EQUA","og_url":"https:\/\/ecowise.lv\/ru\/projektetajiem\/informacija-par-programmam\/","og_site_name":"Ecowise","article_modified_time":"2023-10-26T06:19:07+00:00","og_image":[{"url":"https:\/\/ecowise.lv\/wp-content\/uploads\/2023\/10\/pro_casa_programma_rekuperatori.webp","type":"","width":"","height":""}],"twitter_card":"summary_large_image","twitter_misc":{"\u041f\u0440\u0438\u043c\u0435\u0440\u043d\u043e\u0435 \u0432\u0440\u0435\u043c\u044f \u0434\u043b\u044f \u0447\u0442\u0435\u043d\u0438\u044f":"2 \u043c\u0438\u043d\u0443\u0442\u044b"},"schema":{"@context":"https:\/\/schema.org","@graph":[{"@type":"WebPage","@id":"https:\/\/ecowise.lv\/projektetajiem\/informacija-par-programmam\/","url":"https:\/\/ecowise.lv\/projektetajiem\/informacija-par-programmam\/","name":"Inform\u0101cija par programm\u0101m - Ecowise","isPartOf":{"@id":"https:\/\/ecowise.lv\/#website"},"primaryImageOfPage":{"@id":"https:\/\/ecowise.lv\/projektetajiem\/informacija-par-programmam\/#primaryimage"},"image":{"@id":"https:\/\/ecowise.lv\/projektetajiem\/informacija-par-programmam\/#primaryimage"},"thumbnailUrl":"https:\/\/ecowise.lv\/wp-content\/uploads\/2023\/10\/pro_casa_programma_rekuperatori.webp","datePublished":"2023-04-04T13:50:08+00:00","dateModified":"2023-10-26T06:19:07+00:00","breadcrumb":{"@id":"https:\/\/ecowise.lv\/projektetajiem\/informacija-par-programmam\/#breadcrumb"},"inLanguage":"ru-RU","potentialAction":[{"@type":"ReadAction","target":["https:\/\/ecowise.lv\/projektetajiem\/informacija-par-programmam\/"]}]},{"@type":"ImageObject","inLanguage":"ru-RU","@id":"https:\/\/ecowise.lv\/projektetajiem\/informacija-par-programmam\/#primaryimage","url":"https:\/\/ecowise.lv\/wp-content\/uploads\/2023\/10\/pro_casa_programma_rekuperatori.webp","contentUrl":"https:\/\/ecowise.lv\/wp-content\/uploads\/2023\/10\/pro_casa_programma_rekuperatori.webp"},{"@type":"BreadcrumbList","@id":"https:\/\/ecowise.lv\/projektetajiem\/informacija-par-programmam\/#breadcrumb","itemListElement":[{"@type":"ListItem","position":1,"name":"Projekt\u0113t\u0101jiem","item":"https:\/\/ecowise.lv\/projektetajiem\/"},{"@type":"ListItem","position":2,"name":"Inform\u0101cija par programm\u0101m"}]},{"@type":"WebSite","@id":"https:\/\/ecowise.lv\/#website","url":"https:\/\/ecowise.lv\/","name":"Ecowise","description":"Ener\u0123ijas pat\u0113ri\u0146a samazin\u0101jums","publisher":{"@id":"https:\/\/ecowise.lv\/#organization"},"potentialAction":[{"@type":"SearchAction","target":{"@type":"EntryPoint","urlTemplate":"https:\/\/ecowise.lv\/?s={search_term_string}"},"query-input":{"@type":"PropertyValueSpecification","valueRequired":true,"valueName":"search_term_string"}}],"inLanguage":"ru-RU"},{"@type":"Organization","@id":"https:\/\/ecowise.lv\/#organization","name":"Ecowise","url":"https:\/\/ecowise.lv\/","logo":{"@type":"ImageObject","inLanguage":"ru-RU","@id":"https:\/\/ecowise.lv\/#\/schema\/logo\/image\/","url":"https:\/\/ecowise.lv\/wp-content\/uploads\/2023\/03\/logo.svg","contentUrl":"https:\/\/ecowise.lv\/wp-content\/uploads\/2023\/03\/logo.svg","width":207,"height":27,"caption":"Ecowise"},"image":{"@id":"https:\/\/ecowise.lv\/#\/schema\/logo\/image\/"}}]}},"_links":{"self":[{"href":"https:\/\/ecowise.lv\/ru\/wp-json\/wp\/v2\/pages\/493","targetHints":{"allow":["GET"]}}],"collection":[{"href":"https:\/\/ecowise.lv\/ru\/wp-json\/wp\/v2\/pages"}],"about":[{"href":"https:\/\/ecowise.lv\/ru\/wp-json\/wp\/v2\/types\/page"}],"author":[{"embeddable":true,"href":"https:\/\/ecowise.lv\/ru\/wp-json\/wp\/v2\/users\/1"}],"replies":[{"embeddable":true,"href":"https:\/\/ecowise.lv\/ru\/wp-json\/wp\/v2\/comments?post=493"}],"version-history":[{"count":25,"href":"https:\/\/ecowise.lv\/ru\/wp-json\/wp\/v2\/pages\/493\/revisions"}],"predecessor-version":[{"id":5165,"href":"https:\/\/ecowise.lv\/ru\/wp-json\/wp\/v2\/pages\/493\/revisions\/5165"}],"up":[{"embeddable":true,"href":"https:\/\/ecowise.lv\/ru\/wp-json\/wp\/v2\/pages\/18"}],"wp:attachment":[{"href":"https:\/\/ecowise.lv\/ru\/wp-json\/wp\/v2\/media?parent=493"}],"curies":[{"name":"wp","href":"https:\/\/api.w.org\/{rel}","templated":true}]}}