{"id":39,"date":"2023-03-31T10:50:36","date_gmt":"2023-03-31T10:50:36","guid":{"rendered":"https:\/\/ecowise.lv\/?page_id=39"},"modified":"2024-07-17T10:04:49","modified_gmt":"2024-07-17T07:04:49","slug":"paligs-projektetajiem-pdf","status":"publish","type":"page","link":"https:\/\/ecowise.lv\/ru\/projektetajiem\/paligs-projektetajiem-pdf\/","title":{"rendered":"\u041f\u043e\u043c\u043e\u0449\u043d\u0438\u043a \u043f\u0440\u043e\u0435\u043a\u0442\u0438\u0440\u043e\u0432\u0449\u0438\u043a\u0430 (PDF)"},"content":{"rendered":"<h2 class=\"wp-block-heading\" id=\"h-pieejamo-failu-saraksts\">\u0414\u041e\u0421\u0422\u0423\u041f\u041d\u042b\u0419 \u0421\u041f\u0418\u0421\u041e\u041a \u0424\u0410\u0419\u041b\u041e\u0412:<\/h2>\n\n\n\n<p style=\"font-size:25px\"><a href=\"https:\/\/ecowise.lv\/wp-content\/uploads\/2023\/04\/system-tech.pdf\" target=\"_blank\" rel=\"noreferrer noopener\">\u041e\u0441\u043d\u043e\u0432\u044b \u0432\u043d\u0443\u0442\u0440\u0435\u043d\u043d\u0435\u0433\u043e \u043a\u043b\u0438\u043c\u0430\u0442\u0430<\/a><\/p>\n\n\n\n<p style=\"font-size:25px\"><a href=\"https:\/\/ecowise.lv\/wp-content\/uploads\/2023\/04\/radio-faq.pdf\" target=\"_blank\" rel=\"noreferrer noopener\">\u0420\u0430\u0434\u0438\u043e\u0442\u0435\u0445\u043d\u043e\u043b\u043e\u0433\u0438\u0438<\/a><\/p>\n\n\n\n<p style=\"font-size:25px\"><a href=\"https:\/\/ecowise.lv\/wp-content\/uploads\/2023\/04\/wise_systemguide.pdf\" target=\"_blank\" rel=\"noreferrer noopener\">\u0420\u0443\u043a\u043e\u0432\u043e\u0434\u0441\u0442\u0432\u043e \u0441\u0438\u0441\u0442\u0435\u043c\u044b WISE<\/a><\/p>\n\n\n\n<p style=\"font-size:25px\"><a href=\"https:\/\/ecowise.lv\/ru\/site\/assets\/files\/1031\/wise_project-planning-guide-_heating-cooling-ventilation.pdf\/\">WISE <\/a><a href=\"https:\/\/ecowise.lv\/wp-content\/uploads\/2023\/04\/wise_project-planning-guide-_heating-cooling-ventilation.pdf\" target=\"_blank\" rel=\"noreferrer noopener\">\u0420\u0443\u043a\u043e\u0432\u043e\u0434\u0441\u0442\u0432\u043e <\/a><a href=\"https:\/\/www.swegon.com\/siteassets\/_product-documents\/room-management-systems\/wise-gen.2\/_en\/wise_project-planning-guide-_heating-cooling-ventilation.pdf\" target=\"_blank\" rel=\"noreferrer noopener\">\u043f\u043e \u043f\u043b\u0430\u043d\u0438\u0440\u043e\u0432\u0430\u043d\u0438\u044e \u043f\u0440\u043e\u0435\u043a\u0442\u043e\u0432 WISE \u2013 \u041e\u0442\u043e\u043f\u043b\u0435\u043d\u0438\u0435, \u041e\u0445\u043b\u0430\u0436\u0434\u0435\u043d\u0438\u0435 \u0438 \u0412\u0435\u043d\u0442\u0438\u043b\u044f\u0446\u0438\u044f<\/a><\/p>\n\n\n\n<p style=\"font-size:25px\"><a href=\"https:\/\/ecowise.lv\/wp-content\/uploads\/2023\/04\/wise_project-planning-guide_electricity-control.pdf\" target=\"_blank\" rel=\"noreferrer noopener\">\u0420\u0443\u043a\u043e\u0432\u043e\u0434\u0441\u0442\u0432\u043e \u043f\u043e \u043f\u043b\u0430\u043d\u0438\u0440\u043e\u0432\u0430\u043d\u0438\u044e \u043f\u0440\u043e\u0435\u043a\u0442\u043e\u0432 WISE \u2014 \u042d\u043b\u0435\u043a\u0442\u0440\u0438\u0447\u0435\u0441\u0442\u0432\u043e \u0438 \u0423\u043f\u0440\u0430\u0432\u043b\u0435\u043d\u0438\u0435<\/a><\/p>","protected":false},"excerpt":{"rendered":"<p>PIEEJAMO FAILU SARAKSTS : Iek\u0161telpu klimata pamati Radio tehnolo\u0123ija WISE sist\u0113mas rokasgr\u0101mata WISE projektu pl\u0101no\u0161anas ce\u013cvedis \u2013 Apkure, Dzes\u0113\u0161ana un Ventil\u0101cija WISE projektu pl\u0101no\u0161anas rokasgr\u0101mata&nbsp;\u2014 Elektr\u012bba un Vad\u012bba<\/p>","protected":false},"author":1,"featured_media":0,"parent":18,"menu_order":0,"comment_status":"closed","ping_status":"closed","template":"","meta":{"_acf_changed":false,"inline_featured_image":false,"footnotes":"","_links_to":"","_links_to_target":""},"class_list":["post-39","page","type-page","status-publish","hentry"],"acf":[],"yoast_head":"<!-- This site is optimized with the Yoast SEO plugin v27.0 - https:\/\/yoast.com\/product\/yoast-seo-wordpress\/ -->\n<title>Pal\u012bgs projekt\u0113t\u0101jiem (PDF) - Ecowise<\/title>\n<meta name=\"robots\" content=\"index, follow, max-snippet:-1, max-image-preview:large, max-video-preview:-1\" \/>\n<link rel=\"canonical\" href=\"https:\/\/ecowise.lv\/ru\/projektetajiem\/paligs-projektetajiem-pdf\/\" \/>\n<meta property=\"og:locale\" content=\"ru_RU\" \/>\n<meta property=\"og:type\" content=\"article\" \/>\n<meta property=\"og:title\" content=\"Pal\u012bgs projekt\u0113t\u0101jiem (PDF) - Ecowise\" \/>\n<meta property=\"og:description\" content=\"PIEEJAMO FAILU SARAKSTS : Iek\u0161telpu klimata pamati Radio tehnolo\u0123ija WISE sist\u0113mas rokasgr\u0101mata WISE projektu pl\u0101no\u0161anas ce\u013cvedis \u2013 Apkure, Dzes\u0113\u0161ana un Ventil\u0101cija WISE projektu pl\u0101no\u0161anas rokasgr\u0101mata&nbsp;\u2014 Elektr\u012bba un Vad\u012bba\" \/>\n<meta property=\"og:url\" content=\"https:\/\/ecowise.lv\/ru\/projektetajiem\/paligs-projektetajiem-pdf\/\" \/>\n<meta property=\"og:site_name\" content=\"Ecowise\" \/>\n<meta property=\"article:modified_time\" content=\"2024-07-17T07:04:49+00:00\" \/>\n<meta name=\"twitter:card\" content=\"summary_large_image\" \/>\n<meta name=\"twitter:label1\" content=\"\u041f\u0440\u0438\u043c\u0435\u0440\u043d\u043e\u0435 \u0432\u0440\u0435\u043c\u044f \u0434\u043b\u044f \u0447\u0442\u0435\u043d\u0438\u044f\" \/>\n\t<meta name=\"twitter:data1\" content=\"1 \u043c\u0438\u043d\u0443\u0442\u0430\" \/>\n<script type=\"application\/ld+json\" class=\"yoast-schema-graph\">{\"@context\":\"https:\/\/schema.org\",\"@graph\":[{\"@type\":\"WebPage\",\"@id\":\"https:\/\/ecowise.lv\/projektetajiem\/paligs-projektetajiem-pdf\/\",\"url\":\"https:\/\/ecowise.lv\/projektetajiem\/paligs-projektetajiem-pdf\/\",\"name\":\"Pal\u012bgs projekt\u0113t\u0101jiem (PDF) - Ecowise\",\"isPartOf\":{\"@id\":\"https:\/\/ecowise.lv\/#website\"},\"datePublished\":\"2023-03-31T10:50:36+00:00\",\"dateModified\":\"2024-07-17T07:04:49+00:00\",\"breadcrumb\":{\"@id\":\"https:\/\/ecowise.lv\/projektetajiem\/paligs-projektetajiem-pdf\/#breadcrumb\"},\"inLanguage\":\"ru-RU\",\"potentialAction\":[{\"@type\":\"ReadAction\",\"target\":[\"https:\/\/ecowise.lv\/projektetajiem\/paligs-projektetajiem-pdf\/\"]}]},{\"@type\":\"BreadcrumbList\",\"@id\":\"https:\/\/ecowise.lv\/projektetajiem\/paligs-projektetajiem-pdf\/#breadcrumb\",\"itemListElement\":[{\"@type\":\"ListItem\",\"position\":1,\"name\":\"Projekt\u0113t\u0101jiem\",\"item\":\"https:\/\/ecowise.lv\/projektetajiem\/\"},{\"@type\":\"ListItem\",\"position\":2,\"name\":\"Pal\u012bgs projekt\u0113t\u0101jiem (PDF)\"}]},{\"@type\":\"WebSite\",\"@id\":\"https:\/\/ecowise.lv\/#website\",\"url\":\"https:\/\/ecowise.lv\/\",\"name\":\"Ecowise\",\"description\":\"Ener\u0123ijas pat\u0113ri\u0146a samazin\u0101jums\",\"publisher\":{\"@id\":\"https:\/\/ecowise.lv\/#organization\"},\"potentialAction\":[{\"@type\":\"SearchAction\",\"target\":{\"@type\":\"EntryPoint\",\"urlTemplate\":\"https:\/\/ecowise.lv\/?s={search_term_string}\"},\"query-input\":{\"@type\":\"PropertyValueSpecification\",\"valueRequired\":true,\"valueName\":\"search_term_string\"}}],\"inLanguage\":\"ru-RU\"},{\"@type\":\"Organization\",\"@id\":\"https:\/\/ecowise.lv\/#organization\",\"name\":\"Ecowise\",\"url\":\"https:\/\/ecowise.lv\/\",\"logo\":{\"@type\":\"ImageObject\",\"inLanguage\":\"ru-RU\",\"@id\":\"https:\/\/ecowise.lv\/#\/schema\/logo\/image\/\",\"url\":\"https:\/\/ecowise.lv\/wp-content\/uploads\/2023\/03\/logo.svg\",\"contentUrl\":\"https:\/\/ecowise.lv\/wp-content\/uploads\/2023\/03\/logo.svg\",\"width\":207,\"height\":27,\"caption\":\"Ecowise\"},\"image\":{\"@id\":\"https:\/\/ecowise.lv\/#\/schema\/logo\/image\/\"}}]}<\/script>\n<!-- \/ Yoast SEO plugin. -->","yoast_head_json":{"title":"Pal\u012bgs projekt\u0113t\u0101jiem (PDF) - Ecowise","robots":{"index":"index","follow":"follow","max-snippet":"max-snippet:-1","max-image-preview":"max-image-preview:large","max-video-preview":"max-video-preview:-1"},"canonical":"https:\/\/ecowise.lv\/ru\/projektetajiem\/paligs-projektetajiem-pdf\/","og_locale":"ru_RU","og_type":"article","og_title":"Pal\u012bgs projekt\u0113t\u0101jiem (PDF) - Ecowise","og_description":"PIEEJAMO FAILU SARAKSTS : Iek\u0161telpu klimata pamati Radio tehnolo\u0123ija WISE sist\u0113mas rokasgr\u0101mata WISE projektu pl\u0101no\u0161anas ce\u013cvedis \u2013 Apkure, Dzes\u0113\u0161ana un Ventil\u0101cija WISE projektu pl\u0101no\u0161anas rokasgr\u0101mata&nbsp;\u2014 Elektr\u012bba un Vad\u012bba","og_url":"https:\/\/ecowise.lv\/ru\/projektetajiem\/paligs-projektetajiem-pdf\/","og_site_name":"Ecowise","article_modified_time":"2024-07-17T07:04:49+00:00","twitter_card":"summary_large_image","twitter_misc":{"\u041f\u0440\u0438\u043c\u0435\u0440\u043d\u043e\u0435 \u0432\u0440\u0435\u043c\u044f \u0434\u043b\u044f \u0447\u0442\u0435\u043d\u0438\u044f":"1 \u043c\u0438\u043d\u0443\u0442\u0430"},"schema":{"@context":"https:\/\/schema.org","@graph":[{"@type":"WebPage","@id":"https:\/\/ecowise.lv\/projektetajiem\/paligs-projektetajiem-pdf\/","url":"https:\/\/ecowise.lv\/projektetajiem\/paligs-projektetajiem-pdf\/","name":"Pal\u012bgs projekt\u0113t\u0101jiem (PDF) - Ecowise","isPartOf":{"@id":"https:\/\/ecowise.lv\/#website"},"datePublished":"2023-03-31T10:50:36+00:00","dateModified":"2024-07-17T07:04:49+00:00","breadcrumb":{"@id":"https:\/\/ecowise.lv\/projektetajiem\/paligs-projektetajiem-pdf\/#breadcrumb"},"inLanguage":"ru-RU","potentialAction":[{"@type":"ReadAction","target":["https:\/\/ecowise.lv\/projektetajiem\/paligs-projektetajiem-pdf\/"]}]},{"@type":"BreadcrumbList","@id":"https:\/\/ecowise.lv\/projektetajiem\/paligs-projektetajiem-pdf\/#breadcrumb","itemListElement":[{"@type":"ListItem","position":1,"name":"Projekt\u0113t\u0101jiem","item":"https:\/\/ecowise.lv\/projektetajiem\/"},{"@type":"ListItem","position":2,"name":"Pal\u012bgs projekt\u0113t\u0101jiem (PDF)"}]},{"@type":"WebSite","@id":"https:\/\/ecowise.lv\/#website","url":"https:\/\/ecowise.lv\/","name":"Ecowise","description":"Ener\u0123ijas pat\u0113ri\u0146a samazin\u0101jums","publisher":{"@id":"https:\/\/ecowise.lv\/#organization"},"potentialAction":[{"@type":"SearchAction","target":{"@type":"EntryPoint","urlTemplate":"https:\/\/ecowise.lv\/?s={search_term_string}"},"query-input":{"@type":"PropertyValueSpecification","valueRequired":true,"valueName":"search_term_string"}}],"inLanguage":"ru-RU"},{"@type":"Organization","@id":"https:\/\/ecowise.lv\/#organization","name":"Ecowise","url":"https:\/\/ecowise.lv\/","logo":{"@type":"ImageObject","inLanguage":"ru-RU","@id":"https:\/\/ecowise.lv\/#\/schema\/logo\/image\/","url":"https:\/\/ecowise.lv\/wp-content\/uploads\/2023\/03\/logo.svg","contentUrl":"https:\/\/ecowise.lv\/wp-content\/uploads\/2023\/03\/logo.svg","width":207,"height":27,"caption":"Ecowise"},"image":{"@id":"https:\/\/ecowise.lv\/#\/schema\/logo\/image\/"}}]}},"_links":{"self":[{"href":"https:\/\/ecowise.lv\/ru\/wp-json\/wp\/v2\/pages\/39","targetHints":{"allow":["GET"]}}],"collection":[{"href":"https:\/\/ecowise.lv\/ru\/wp-json\/wp\/v2\/pages"}],"about":[{"href":"https:\/\/ecowise.lv\/ru\/wp-json\/wp\/v2\/types\/page"}],"author":[{"embeddable":true,"href":"https:\/\/ecowise.lv\/ru\/wp-json\/wp\/v2\/users\/1"}],"replies":[{"embeddable":true,"href":"https:\/\/ecowise.lv\/ru\/wp-json\/wp\/v2\/comments?post=39"}],"version-history":[{"count":8,"href":"https:\/\/ecowise.lv\/ru\/wp-json\/wp\/v2\/pages\/39\/revisions"}],"predecessor-version":[{"id":6647,"href":"https:\/\/ecowise.lv\/ru\/wp-json\/wp\/v2\/pages\/39\/revisions\/6647"}],"up":[{"embeddable":true,"href":"https:\/\/ecowise.lv\/ru\/wp-json\/wp\/v2\/pages\/18"}],"wp:attachment":[{"href":"https:\/\/ecowise.lv\/ru\/wp-json\/wp\/v2\/media?parent=39"}],"curies":[{"name":"wp","href":"https:\/\/api.w.org\/{rel}","templated":true}]}}