{"id":20,"date":"2023-03-31T10:43:26","date_gmt":"2023-03-31T10:43:26","guid":{"rendered":"https:\/\/ecowise.lv\/?page_id=20"},"modified":"2024-06-12T21:23:33","modified_gmt":"2024-06-12T18:23:33","slug":"par-mums","status":"publish","type":"page","link":"https:\/\/ecowise.lv\/ru\/par-mums\/","title":{"rendered":"\u041e \u043d\u0430\u0441"},"content":{"rendered":"<figure class=\"wp-block-image size-full\"><img fetchpriority=\"high\" decoding=\"async\" width=\"1200\" height=\"246\" src=\"https:\/\/ecowise.lv\/wp-content\/uploads\/2023\/06\/group_235_2x.1200x0-is.jpg\" alt=\"\" class=\"wp-image-1569\" srcset=\"https:\/\/ecowise.lv\/wp-content\/uploads\/2023\/06\/group_235_2x.1200x0-is.jpg 1200w, https:\/\/ecowise.lv\/wp-content\/uploads\/2023\/06\/group_235_2x.1200x0-is-300x62.jpg 300w, https:\/\/ecowise.lv\/wp-content\/uploads\/2023\/06\/group_235_2x.1200x0-is-600x123.jpg 600w, https:\/\/ecowise.lv\/wp-content\/uploads\/2023\/06\/group_235_2x.1200x0-is-768x157.jpg 768w, https:\/\/ecowise.lv\/wp-content\/uploads\/2023\/06\/group_235_2x.1200x0-is-1024x210.jpg 1024w\" sizes=\"(max-width: 1200px) 100vw, 1200px\" \/><\/figure>\n\n\n\n<h3 class=\"wp-block-heading\" id=\"h-esam-ofici-lais-swegon-p-rst-vis-latvij\"><strong>\u041c\u044b \u043e\u0444\u0438\u0446\u0438\u0430\u043b\u044c\u043d\u044b\u0439 \u043f\u0440\u0435\u0434\u0441\u0442\u0430\u0432\u0438\u0442\u0435\u043b\u044c Swegon \u0432 \u041b\u0430\u0442\u0432\u0438\u0438.<\/strong><\/h3>\n\n\n\n<p>Veicam ventil\u0101cijas un gaisa kondicion\u0113\u0161anas iek\u0101rtu izplat\u012b\u0161anu, uzst\u0101d\u012b\u0161anu un apkopi. M\u0113s pied\u0101v\u0101jam saviem klientiem, projekt\u0113t\u0101jiem, mont\u0101\u017eas uz\u0146\u0113mumiem inovat\u012bvus un energoefekt\u012bvus risin\u0101jumus atbilsto\u0161i katra projekta specifikai. M\u016bsu ilggad\u0113j\u0101 darba pieredze ventil\u0101cijas, kondicion\u0113\u0161anas un apkures jom\u0101s pal\u012bdz\u0113s Jums izv\u0113l\u0113ties piem\u0113rot\u0101ko un ekonomiski izdev\u012bg\u0101ko risin\u0101jumu J\u016bsu projektam. M\u016bsu pamatm\u0113r\u0137is ir cilv\u0113ku komforts \u0113k\u0101s, k\u0101 ar\u012b optim\u0101la iek\u0161telpu klimata risin\u0101juma nodro\u0161in\u0101\u0161ana ar zem\u0101kajiem iesp\u0113jamajiem dz\u012bves cikla izdevumiem.<\/p>\n\n\n\n<h2 class=\"wp-block-heading\">\u041a\u0422\u041e \u041c\u042b<\/h2>\n\n\n\n<figure class=\"wp-block-image size-full\"><img decoding=\"async\" width=\"1100\" height=\"225\" src=\"https:\/\/ecowise.lv\/wp-content\/uploads\/2023\/06\/1shutterstock_678225592_2x.1100x0-is.jpg\" alt=\"\" class=\"wp-image-1572\" srcset=\"https:\/\/ecowise.lv\/wp-content\/uploads\/2023\/06\/1shutterstock_678225592_2x.1100x0-is.jpg 1100w, https:\/\/ecowise.lv\/wp-content\/uploads\/2023\/06\/1shutterstock_678225592_2x.1100x0-is-300x61.jpg 300w, https:\/\/ecowise.lv\/wp-content\/uploads\/2023\/06\/1shutterstock_678225592_2x.1100x0-is-600x123.jpg 600w, https:\/\/ecowise.lv\/wp-content\/uploads\/2023\/06\/1shutterstock_678225592_2x.1100x0-is-768x157.jpg 768w, https:\/\/ecowise.lv\/wp-content\/uploads\/2023\/06\/1shutterstock_678225592_2x.1100x0-is-1024x209.jpg 1024w\" sizes=\"(max-width: 1100px) 100vw, 1100px\" \/><\/figure>\n\n\n\n<h3 class=\"wp-block-heading\"><strong>ECOWISE  \u2013 \u043e\u0444\u0438\u0446\u0438\u0430\u043b\u044c\u043d\u044b\u0439 \u043f\u0440\u0435\u0434\u0441\u0442\u0430\u0432\u0438\u0442\u0435\u043b\u044c \u0448\u0432\u0435\u0434\u0441\u043a\u043e\u0439 \u0432\u0435\u0434\u0443\u0449\u0435\u0439 \u043a\u043e\u043c\u043f\u0430\u043d\u0438\u0438 \u043f\u043e \u0432\u043d\u0443\u0442\u0440\u0435\u043d\u043d\u0435\u043c\u0443 \u043a\u043b\u0438\u043c\u0430\u0442\u0443 swegon \u0432 \u043b\u0430\u0442\u0432\u0438\u0438.<\/strong><\/h3>\n\n\n\n<p>Cilv\u0113ki liel\u0101ko da\u013cu laika pavada telp\u0101s, t\u0101p\u0113c mums ir nepiecie\u0161ams labs iek\u0161telpu klimats m\u016bsu vesel\u012bbai un labsaj\u016btai. Swegon ofici\u0101l\u0101 p\u0101rst\u0101vja\u00a0Latvij\u0101 Ecowise SIA izplat\u012bt\u0101s iek\u0101rtas pielietojamas\u00a0visos jums nepiecie\u0161amajos\u00a0nekustam\u0101 \u012bpa\u0161uma projekta posmos, lai sasniegtu lab\u0101ko iek\u0161telpu klimatu ar vismaz\u0101ko iesp\u0113jamo ietekmi uz \u0101r\u0113jo vidi. M\u016bsu biznesa mode\u013ci, pakalpojumi, produkti un sist\u0113mas ir veidotas t\u0101, lai nodro\u0161in\u0101tu Jums pareizu risin\u0101jumu katram atsevi\u0161\u0137am projektam.Vair\u0101k nek\u0101 85 gadus Swegon ir pal\u012bdz\u0113jis rad\u012bt vesel\u012bg\u0101ku\u00a0iek\u0161telpu klimatu\u00a0\u0113k\u0101s vis\u0101 pasaul\u0113. Neatkar\u012bgi no t\u0101, k\u0101di apst\u0101k\u013ci un izaicin\u0101jumi var b\u016bt, vienm\u0113r tiek \u0146emts v\u0113r\u0101 gala rezult\u0101ts. Klienti, kam ir bijusi saskare ar Swegon iek\u0101rt\u0101m, var apliecin\u0101t, k\u0101di kvalit\u0101tes r\u0101d\u012bt\u0101ji\u00a0ir Swegon, tie ir \u0113ku\u00a0\u012bpa\u0161nieki, projekt\u0113t\u0101ji, uzst\u0101d\u012bt\u0101ji un \u0113ku iedz\u012bvot\u0101ji. Pie mums j\u016bs atrad\u012bsiet visu, kas jums nepiecie\u0161ams, lai izveidotu lab\u0101ko iek\u0161telpu klimatu pasaul\u0113!\u00a0Swegon nep\u0101rsp\u0113jamais uzticamo un r\u016bp\u012bgi izstr\u0101d\u0101to produktu un pakalpojumu kl\u0101sts nodro\u0161ina J\u016bsu projektam vislab\u0101ko ventil\u0101cijas sist\u0113mu vienm\u0113r, ik uz so\u013ca!<\/p>\n\n\n\n<p>\u0418 \u043b\u0443\u0447\u0448\u0435\u0435, \u0447\u0442\u043e \u043c\u044b \u043c\u043e\u0436\u0435\u043c \u0432\u0430\u043c \u0434\u0430\u0442\u044c:<\/p>\n\n\n\n<p><strong>\u041c\u044b \u0437\u043d\u0430\u0435\u043c, \u043a\u0430\u043a \u0441\u0434\u0435\u043b\u0430\u0442\u044c \u043f\u0440\u0430\u0432\u0438\u043b\u044c\u043d\u043e \u0441 \u0441\u0430\u043c\u043e\u0433\u043e \u043d\u0430\u0447\u0430\u043b\u0430!<\/strong><\/p>\n\n\n\n<h2 class=\"wp-block-heading\">\u041d\u0410\u0428\u0410 \u041a\u041e\u041c\u0410\u041d\u0414\u0410<\/h2>\n\n\n\n<figure class=\"wp-block-image size-large is-resized\"><img decoding=\"async\" width=\"1024\" height=\"921\" src=\"https:\/\/ecowise.lv\/wp-content\/uploads\/2023\/11\/Ecowise_latvia-1024x921.jpg\" alt=\"\" class=\"wp-image-5489\" style=\"width:579px;height:auto\" srcset=\"https:\/\/ecowise.lv\/wp-content\/uploads\/2023\/11\/Ecowise_latvia-1024x921.jpg 1024w, https:\/\/ecowise.lv\/wp-content\/uploads\/2023\/11\/Ecowise_latvia-300x270.jpg 300w, https:\/\/ecowise.lv\/wp-content\/uploads\/2023\/11\/Ecowise_latvia-600x540.jpg 600w, https:\/\/ecowise.lv\/wp-content\/uploads\/2023\/11\/Ecowise_latvia-768x691.jpg 768w, https:\/\/ecowise.lv\/wp-content\/uploads\/2023\/11\/Ecowise_latvia.jpg 1252w\" sizes=\"(max-width: 1024px) 100vw, 1024px\" \/><\/figure>\n\n\n\n<div class=\"wp-block-columns is-layout-flex wp-container-core-columns-is-layout-9d6595d7 wp-block-columns-is-layout-flex\">\n<div class=\"wp-block-column is-layout-flow wp-block-column-is-layout-flow\">\n<h3 class=\"wp-block-heading\">Vladimirs K\u013cimjuks<\/h3>\n\n\n\n<p>\u0420\u0443\u043a\u043e\u0432\u043e\u0434\u0438\u0442\u0435\u043b\u044c \u043f\u0440\u043e\u0435\u043a\u0442\u0430 \u043f\u043e \u043f\u0440\u043e\u0434\u0430\u0436\u0430\u043c<\/p>\n\n\n\n<p>vladimirs@ecowise.lv<br>+371 27337793<\/p>\n<\/div>\n\n\n\n<div class=\"wp-block-column is-layout-flow wp-block-column-is-layout-flow\">\n<h3 class=\"wp-block-heading\">Vita Redkina<\/h3>\n\n\n\n<p>\u0427\u043b\u0435\u043d \u043f\u0440\u0430\u0432\u043b\u0435\u043d\u0438\u044f<\/p>\n\n\n\n<p>vita@ecowise.lv<br>+371 26116972<\/p>\n<\/div>\n<\/div>","protected":false},"excerpt":{"rendered":"<p>Esam ofici\u0101lais Swegon p\u0101rst\u0101vis Latvij\u0101. Veicam ventil\u0101cijas un gaisa kondicion\u0113\u0161anas iek\u0101rtu izplat\u012b\u0161anu, uzst\u0101d\u012b\u0161anu un apkopi. M\u0113s pied\u0101v\u0101jam saviem klientiem, projekt\u0113t\u0101jiem, mont\u0101\u017eas uz\u0146\u0113mumiem inovat\u012bvus un energoefekt\u012bvus risin\u0101jumus atbilsto\u0161i katra projekta specifikai. M\u016bsu ilggad\u0113j\u0101 darba pieredze ventil\u0101cijas, kondicion\u0113\u0161anas un apkures jom\u0101s pal\u012bdz\u0113s Jums izv\u0113l\u0113ties piem\u0113rot\u0101ko un ekonomiski izdev\u012bg\u0101ko risin\u0101jumu J\u016bsu projektam. M\u016bsu pamatm\u0113r\u0137is ir cilv\u0113ku komforts \u0113k\u0101s, [&hellip;]<\/p>","protected":false},"author":1,"featured_media":0,"parent":0,"menu_order":0,"comment_status":"closed","ping_status":"closed","template":"","meta":{"_acf_changed":false,"inline_featured_image":false,"footnotes":"","_links_to":"","_links_to_target":""},"class_list":["post-20","page","type-page","status-publish","hentry"],"acf":[],"yoast_head":"<!-- This site is optimized with the Yoast SEO plugin v27.0 - https:\/\/yoast.com\/product\/yoast-seo-wordpress\/ -->\n<title>Par mums - Ecowise<\/title>\n<meta name=\"description\" content=\"Ventil\u0101cija, gaisa kondicion\u0113\u0161anas iek\u0101rtu pakalpojumi, uzst\u0101d\u012b\u0161ana un apkope. Inovat\u012bvi, energoefekt\u012bvi risin\u0101jumi! Sazinieties jau \u0161odien!\" \/>\n<meta name=\"robots\" content=\"index, follow, max-snippet:-1, max-image-preview:large, max-video-preview:-1\" \/>\n<link rel=\"canonical\" href=\"https:\/\/ecowise.lv\/ru\/par-mums\/\" \/>\n<meta property=\"og:locale\" content=\"ru_RU\" \/>\n<meta property=\"og:type\" content=\"article\" \/>\n<meta property=\"og:title\" content=\"Par mums - Ecowise\" \/>\n<meta property=\"og:description\" content=\"Ventil\u0101cija, gaisa kondicion\u0113\u0161anas iek\u0101rtu pakalpojumi, uzst\u0101d\u012b\u0161ana un apkope. Inovat\u012bvi, energoefekt\u012bvi risin\u0101jumi! Sazinieties jau \u0161odien!\" \/>\n<meta property=\"og:url\" content=\"https:\/\/ecowise.lv\/ru\/par-mums\/\" \/>\n<meta property=\"og:site_name\" content=\"Ecowise\" \/>\n<meta property=\"article:modified_time\" content=\"2024-06-12T18:23:33+00:00\" \/>\n<meta property=\"og:image\" content=\"https:\/\/ecowise.lv\/wp-content\/uploads\/2023\/06\/group_235_2x.1200x0-is.jpg\" \/>\n<meta name=\"twitter:card\" content=\"summary_large_image\" \/>\n<meta name=\"twitter:label1\" content=\"\u041f\u0440\u0438\u043c\u0435\u0440\u043d\u043e\u0435 \u0432\u0440\u0435\u043c\u044f \u0434\u043b\u044f \u0447\u0442\u0435\u043d\u0438\u044f\" \/>\n\t<meta name=\"twitter:data1\" content=\"3 \u043c\u0438\u043d\u0443\u0442\u044b\" \/>\n<script type=\"application\/ld+json\" class=\"yoast-schema-graph\">{\"@context\":\"https:\/\/schema.org\",\"@graph\":[{\"@type\":\"WebPage\",\"@id\":\"https:\/\/ecowise.lv\/par-mums\/\",\"url\":\"https:\/\/ecowise.lv\/par-mums\/\",\"name\":\"Par mums - Ecowise\",\"isPartOf\":{\"@id\":\"https:\/\/ecowise.lv\/#website\"},\"primaryImageOfPage\":{\"@id\":\"https:\/\/ecowise.lv\/par-mums\/#primaryimage\"},\"image\":{\"@id\":\"https:\/\/ecowise.lv\/par-mums\/#primaryimage\"},\"thumbnailUrl\":\"https:\/\/ecowise.lv\/wp-content\/uploads\/2023\/06\/group_235_2x.1200x0-is.jpg\",\"datePublished\":\"2023-03-31T10:43:26+00:00\",\"dateModified\":\"2024-06-12T18:23:33+00:00\",\"description\":\"Ventil\u0101cija, gaisa kondicion\u0113\u0161anas iek\u0101rtu pakalpojumi, uzst\u0101d\u012b\u0161ana un apkope. Inovat\u012bvi, energoefekt\u012bvi risin\u0101jumi! Sazinieties jau \u0161odien!\",\"inLanguage\":\"ru-RU\",\"potentialAction\":[{\"@type\":\"ReadAction\",\"target\":[\"https:\/\/ecowise.lv\/par-mums\/\"]}]},{\"@type\":\"ImageObject\",\"inLanguage\":\"ru-RU\",\"@id\":\"https:\/\/ecowise.lv\/par-mums\/#primaryimage\",\"url\":\"https:\/\/ecowise.lv\/wp-content\/uploads\/2023\/06\/group_235_2x.1200x0-is.jpg\",\"contentUrl\":\"https:\/\/ecowise.lv\/wp-content\/uploads\/2023\/06\/group_235_2x.1200x0-is.jpg\"},{\"@type\":\"WebSite\",\"@id\":\"https:\/\/ecowise.lv\/#website\",\"url\":\"https:\/\/ecowise.lv\/\",\"name\":\"Ecowise\",\"description\":\"Ener\u0123ijas pat\u0113ri\u0146a samazin\u0101jums\",\"publisher\":{\"@id\":\"https:\/\/ecowise.lv\/#organization\"},\"potentialAction\":[{\"@type\":\"SearchAction\",\"target\":{\"@type\":\"EntryPoint\",\"urlTemplate\":\"https:\/\/ecowise.lv\/?s={search_term_string}\"},\"query-input\":{\"@type\":\"PropertyValueSpecification\",\"valueRequired\":true,\"valueName\":\"search_term_string\"}}],\"inLanguage\":\"ru-RU\"},{\"@type\":\"Organization\",\"@id\":\"https:\/\/ecowise.lv\/#organization\",\"name\":\"Ecowise\",\"url\":\"https:\/\/ecowise.lv\/\",\"logo\":{\"@type\":\"ImageObject\",\"inLanguage\":\"ru-RU\",\"@id\":\"https:\/\/ecowise.lv\/#\/schema\/logo\/image\/\",\"url\":\"https:\/\/ecowise.lv\/wp-content\/uploads\/2023\/03\/logo.svg\",\"contentUrl\":\"https:\/\/ecowise.lv\/wp-content\/uploads\/2023\/03\/logo.svg\",\"width\":207,\"height\":27,\"caption\":\"Ecowise\"},\"image\":{\"@id\":\"https:\/\/ecowise.lv\/#\/schema\/logo\/image\/\"}}]}<\/script>\n<!-- \/ Yoast SEO plugin. -->","yoast_head_json":{"title":"Par mums - Ecowise","description":"Ventil\u0101cija, gaisa kondicion\u0113\u0161anas iek\u0101rtu pakalpojumi, uzst\u0101d\u012b\u0161ana un apkope. Inovat\u012bvi, energoefekt\u012bvi risin\u0101jumi! Sazinieties jau \u0161odien!","robots":{"index":"index","follow":"follow","max-snippet":"max-snippet:-1","max-image-preview":"max-image-preview:large","max-video-preview":"max-video-preview:-1"},"canonical":"https:\/\/ecowise.lv\/ru\/par-mums\/","og_locale":"ru_RU","og_type":"article","og_title":"Par mums - Ecowise","og_description":"Ventil\u0101cija, gaisa kondicion\u0113\u0161anas iek\u0101rtu pakalpojumi, uzst\u0101d\u012b\u0161ana un apkope. Inovat\u012bvi, energoefekt\u012bvi risin\u0101jumi! Sazinieties jau \u0161odien!","og_url":"https:\/\/ecowise.lv\/ru\/par-mums\/","og_site_name":"Ecowise","article_modified_time":"2024-06-12T18:23:33+00:00","og_image":[{"url":"https:\/\/ecowise.lv\/wp-content\/uploads\/2023\/06\/group_235_2x.1200x0-is.jpg","type":"","width":"","height":""}],"twitter_card":"summary_large_image","twitter_misc":{"\u041f\u0440\u0438\u043c\u0435\u0440\u043d\u043e\u0435 \u0432\u0440\u0435\u043c\u044f \u0434\u043b\u044f \u0447\u0442\u0435\u043d\u0438\u044f":"3 \u043c\u0438\u043d\u0443\u0442\u044b"},"schema":{"@context":"https:\/\/schema.org","@graph":[{"@type":"WebPage","@id":"https:\/\/ecowise.lv\/par-mums\/","url":"https:\/\/ecowise.lv\/par-mums\/","name":"Par mums - Ecowise","isPartOf":{"@id":"https:\/\/ecowise.lv\/#website"},"primaryImageOfPage":{"@id":"https:\/\/ecowise.lv\/par-mums\/#primaryimage"},"image":{"@id":"https:\/\/ecowise.lv\/par-mums\/#primaryimage"},"thumbnailUrl":"https:\/\/ecowise.lv\/wp-content\/uploads\/2023\/06\/group_235_2x.1200x0-is.jpg","datePublished":"2023-03-31T10:43:26+00:00","dateModified":"2024-06-12T18:23:33+00:00","description":"Ventil\u0101cija, gaisa kondicion\u0113\u0161anas iek\u0101rtu pakalpojumi, uzst\u0101d\u012b\u0161ana un apkope. Inovat\u012bvi, energoefekt\u012bvi risin\u0101jumi! Sazinieties jau \u0161odien!","inLanguage":"ru-RU","potentialAction":[{"@type":"ReadAction","target":["https:\/\/ecowise.lv\/par-mums\/"]}]},{"@type":"ImageObject","inLanguage":"ru-RU","@id":"https:\/\/ecowise.lv\/par-mums\/#primaryimage","url":"https:\/\/ecowise.lv\/wp-content\/uploads\/2023\/06\/group_235_2x.1200x0-is.jpg","contentUrl":"https:\/\/ecowise.lv\/wp-content\/uploads\/2023\/06\/group_235_2x.1200x0-is.jpg"},{"@type":"WebSite","@id":"https:\/\/ecowise.lv\/#website","url":"https:\/\/ecowise.lv\/","name":"Ecowise","description":"Ener\u0123ijas pat\u0113ri\u0146a samazin\u0101jums","publisher":{"@id":"https:\/\/ecowise.lv\/#organization"},"potentialAction":[{"@type":"SearchAction","target":{"@type":"EntryPoint","urlTemplate":"https:\/\/ecowise.lv\/?s={search_term_string}"},"query-input":{"@type":"PropertyValueSpecification","valueRequired":true,"valueName":"search_term_string"}}],"inLanguage":"ru-RU"},{"@type":"Organization","@id":"https:\/\/ecowise.lv\/#organization","name":"Ecowise","url":"https:\/\/ecowise.lv\/","logo":{"@type":"ImageObject","inLanguage":"ru-RU","@id":"https:\/\/ecowise.lv\/#\/schema\/logo\/image\/","url":"https:\/\/ecowise.lv\/wp-content\/uploads\/2023\/03\/logo.svg","contentUrl":"https:\/\/ecowise.lv\/wp-content\/uploads\/2023\/03\/logo.svg","width":207,"height":27,"caption":"Ecowise"},"image":{"@id":"https:\/\/ecowise.lv\/#\/schema\/logo\/image\/"}}]}},"_links":{"self":[{"href":"https:\/\/ecowise.lv\/ru\/wp-json\/wp\/v2\/pages\/20","targetHints":{"allow":["GET"]}}],"collection":[{"href":"https:\/\/ecowise.lv\/ru\/wp-json\/wp\/v2\/pages"}],"about":[{"href":"https:\/\/ecowise.lv\/ru\/wp-json\/wp\/v2\/types\/page"}],"author":[{"embeddable":true,"href":"https:\/\/ecowise.lv\/ru\/wp-json\/wp\/v2\/users\/1"}],"replies":[{"embeddable":true,"href":"https:\/\/ecowise.lv\/ru\/wp-json\/wp\/v2\/comments?post=20"}],"version-history":[{"count":9,"href":"https:\/\/ecowise.lv\/ru\/wp-json\/wp\/v2\/pages\/20\/revisions"}],"predecessor-version":[{"id":6560,"href":"https:\/\/ecowise.lv\/ru\/wp-json\/wp\/v2\/pages\/20\/revisions\/6560"}],"wp:attachment":[{"href":"https:\/\/ecowise.lv\/ru\/wp-json\/wp\/v2\/media?parent=20"}],"curies":[{"name":"wp","href":"https:\/\/api.w.org\/{rel}","templated":true}]}}