{"id":7130,"date":"2025-11-19T17:19:15","date_gmt":"2025-11-19T15:19:15","guid":{"rendered":"https:\/\/ecowise.lv\/?post_type=product&#038;p=7130"},"modified":"2026-02-24T12:21:34","modified_gmt":"2026-02-24T10:21:34","slug":"r3-filtri","status":"publish","type":"product","link":"https:\/\/ecowise.lv\/en\/product\/r3-filtri\/","title":{"rendered":"R3 filter set"},"content":{"rendered":"<p>Swegon CASA filter set. Suitable for all Swegon CASA R3 and R85 air handling units.<\/p>\n<p>The fresh air filter is F7 and the exhaust filter is a combination of fine and coarse filters. The filters are directly replaceable and do not require any system adjustments.<\/p>\n<p><strong>The delivery includes:<\/strong><\/p>\n<ul>\n<li><strong>1 pc\u00a0<\/strong>1 pc ISO ePM1 55% (F7) supply air filter<\/li>\n<li><strong>1 pc\u00a0<\/strong>ISO Coarse (G4) +\u00a0<strong>1 pc<\/strong> ISO Coarse (G3) exhaust air filter<\/li>\n<\/ul>\n<p>The thin coarse filter is always installed at the top.<\/p>\n<p>Choose genuine and original Swegon CASA filter!<\/p>\n<p>Using incorrect filters may cause problems in your home's ventilation.<\/p>\n<p><strong>How often should filters be changed?<\/strong><\/p>\n<p>Filters should be changed at least once a year, but preferably twice a year \u2013 in spring and autumn.<\/p>\n<p><strong>How to change filters?<\/strong><\/p>\n<p>Replacing the filters is quick and easy and requires no tools or specialist knowledge. For more information, please refer to the maintenance manual or service video below.<\/p>\n<p>&nbsp;<\/p>\n<p>Filter replacement guide\u00a0<a href=\"https:\/\/serviceportal.swegon.com\/fi\/\/docs\/FS_GUIDE\" target=\"_blank\" rel=\"noopener\">FS_GUIDE<\/a><\/p>\n<p>&nbsp;<\/p>\n<p><iframe title=\"Swegon CASA R3 huolto ja suodattimen vaihto\" width=\"640\" height=\"360\" src=\"https:\/\/www.youtube.com\/embed\/VOjpfeUvH2g?feature=oembed\" frameborder=\"0\" allow=\"accelerometer; autoplay; clipboard-write; encrypted-media; gyroscope; picture-in-picture; web-share\" referrerpolicy=\"strict-origin-when-cross-origin\" allowfullscreen><\/iframe><\/p>","protected":false},"excerpt":{"rendered":"<h4>Suitable for all Swegon CASA R3 and R85 air handling units.<\/h4>","protected":false},"featured_media":7134,"template":"","meta":{"_acf_changed":false,"inline_featured_image":false,"_links_to":"","_links_to_target":""},"product_brand":[],"product_cat":[131],"product_tag":[],"class_list":{"0":"post-7130","1":"product","2":"type-product","3":"status-publish","4":"has-post-thumbnail","6":"product_cat-citas-iekartas-ventilacija-privatmajam","8":"first","9":"instock","10":"shipping-taxable","11":"purchasable","12":"product-type-simple"},"acf":[],"yoast_head":"<!-- This site is optimized with the Yoast SEO plugin v27.0 - https:\/\/yoast.com\/product\/yoast-seo-wordpress\/ -->\n<title>R3 filtri - Ecowise<\/title>\n<meta name=\"robots\" content=\"index, follow, max-snippet:-1, max-image-preview:large, max-video-preview:-1\" \/>\n<link rel=\"canonical\" href=\"https:\/\/ecowise.lv\/en\/product\/r3-filtri\/\" \/>\n<meta property=\"og:locale\" content=\"en_US\" \/>\n<meta property=\"og:type\" content=\"article\" \/>\n<meta property=\"og:title\" content=\"R3 filtri - Ecowise\" \/>\n<meta property=\"og:description\" content=\"Piem\u0113roti vis\u0101m Swegon CASA R3 un R85 gaisa apstr\u0101des iek\u0101rt\u0101m.\" \/>\n<meta property=\"og:url\" content=\"https:\/\/ecowise.lv\/en\/product\/r3-filtri\/\" \/>\n<meta property=\"og:site_name\" content=\"Ecowise\" \/>\n<meta property=\"article:modified_time\" content=\"2026-02-24T10:21:34+00:00\" \/>\n<meta property=\"og:image\" content=\"https:\/\/ecowise.lv\/wp-content\/uploads\/2025\/11\/R3_filtri_Smart_Genius_ar_prieksfiltru.png\" \/>\n\t<meta property=\"og:image:width\" content=\"760\" \/>\n\t<meta property=\"og:image:height\" content=\"588\" \/>\n\t<meta property=\"og:image:type\" content=\"image\/png\" \/>\n<meta name=\"twitter:card\" content=\"summary_large_image\" \/>\n<meta name=\"twitter:label1\" content=\"Est. reading time\" \/>\n\t<meta name=\"twitter:data1\" content=\"1 minute\" \/>\n<script type=\"application\/ld+json\" class=\"yoast-schema-graph\">{\"@context\":\"https:\/\/schema.org\",\"@graph\":[{\"@type\":\"WebPage\",\"@id\":\"https:\/\/ecowise.lv\/product\/r3-filtri\/\",\"url\":\"https:\/\/ecowise.lv\/product\/r3-filtri\/\",\"name\":\"R3 filtri - Ecowise\",\"isPartOf\":{\"@id\":\"https:\/\/ecowise.lv\/#website\"},\"primaryImageOfPage\":{\"@id\":\"https:\/\/ecowise.lv\/product\/r3-filtri\/#primaryimage\"},\"image\":{\"@id\":\"https:\/\/ecowise.lv\/product\/r3-filtri\/#primaryimage\"},\"thumbnailUrl\":\"https:\/\/ecowise.lv\/wp-content\/uploads\/2025\/11\/R3_filtri_Smart_Genius_ar_prieksfiltru.png\",\"datePublished\":\"2025-11-19T15:19:15+00:00\",\"dateModified\":\"2026-02-24T10:21:34+00:00\",\"breadcrumb\":{\"@id\":\"https:\/\/ecowise.lv\/product\/r3-filtri\/#breadcrumb\"},\"inLanguage\":\"en-US\",\"potentialAction\":[{\"@type\":\"ReadAction\",\"target\":[\"https:\/\/ecowise.lv\/product\/r3-filtri\/\"]}]},{\"@type\":\"ImageObject\",\"inLanguage\":\"en-US\",\"@id\":\"https:\/\/ecowise.lv\/product\/r3-filtri\/#primaryimage\",\"url\":\"https:\/\/ecowise.lv\/wp-content\/uploads\/2025\/11\/R3_filtri_Smart_Genius_ar_prieksfiltru.png\",\"contentUrl\":\"https:\/\/ecowise.lv\/wp-content\/uploads\/2025\/11\/R3_filtri_Smart_Genius_ar_prieksfiltru.png\",\"width\":760,\"height\":588},{\"@type\":\"BreadcrumbList\",\"@id\":\"https:\/\/ecowise.lv\/product\/r3-filtri\/#breadcrumb\",\"itemListElement\":[{\"@type\":\"ListItem\",\"position\":1,\"name\":\"Products\",\"item\":\"https:\/\/ecowise.lv\/shop\/\"},{\"@type\":\"ListItem\",\"position\":2,\"name\":\"R3 filtri\"}]},{\"@type\":\"WebSite\",\"@id\":\"https:\/\/ecowise.lv\/#website\",\"url\":\"https:\/\/ecowise.lv\/\",\"name\":\"Ecowise\",\"description\":\"Ener\u0123ijas pat\u0113ri\u0146a samazin\u0101jums\",\"publisher\":{\"@id\":\"https:\/\/ecowise.lv\/#organization\"},\"potentialAction\":[{\"@type\":\"SearchAction\",\"target\":{\"@type\":\"EntryPoint\",\"urlTemplate\":\"https:\/\/ecowise.lv\/?s={search_term_string}\"},\"query-input\":{\"@type\":\"PropertyValueSpecification\",\"valueRequired\":true,\"valueName\":\"search_term_string\"}}],\"inLanguage\":\"en-US\"},{\"@type\":\"Organization\",\"@id\":\"https:\/\/ecowise.lv\/#organization\",\"name\":\"Ecowise\",\"url\":\"https:\/\/ecowise.lv\/\",\"logo\":{\"@type\":\"ImageObject\",\"inLanguage\":\"en-US\",\"@id\":\"https:\/\/ecowise.lv\/#\/schema\/logo\/image\/\",\"url\":\"https:\/\/ecowise.lv\/wp-content\/uploads\/2023\/03\/logo.svg\",\"contentUrl\":\"https:\/\/ecowise.lv\/wp-content\/uploads\/2023\/03\/logo.svg\",\"width\":207,\"height\":27,\"caption\":\"Ecowise\"},\"image\":{\"@id\":\"https:\/\/ecowise.lv\/#\/schema\/logo\/image\/\"}}]}<\/script>\n<!-- \/ Yoast SEO plugin. -->","yoast_head_json":{"title":"R3 filtri - Ecowise","robots":{"index":"index","follow":"follow","max-snippet":"max-snippet:-1","max-image-preview":"max-image-preview:large","max-video-preview":"max-video-preview:-1"},"canonical":"https:\/\/ecowise.lv\/en\/product\/r3-filtri\/","og_locale":"en_US","og_type":"article","og_title":"R3 filtri - Ecowise","og_description":"Piem\u0113roti vis\u0101m Swegon CASA R3 un R85 gaisa apstr\u0101des iek\u0101rt\u0101m.","og_url":"https:\/\/ecowise.lv\/en\/product\/r3-filtri\/","og_site_name":"Ecowise","article_modified_time":"2026-02-24T10:21:34+00:00","og_image":[{"width":760,"height":588,"url":"https:\/\/ecowise.lv\/wp-content\/uploads\/2025\/11\/R3_filtri_Smart_Genius_ar_prieksfiltru.png","type":"image\/png"}],"twitter_card":"summary_large_image","twitter_misc":{"Est. reading time":"1 minute"},"schema":{"@context":"https:\/\/schema.org","@graph":[{"@type":"WebPage","@id":"https:\/\/ecowise.lv\/product\/r3-filtri\/","url":"https:\/\/ecowise.lv\/product\/r3-filtri\/","name":"R3 filtri - Ecowise","isPartOf":{"@id":"https:\/\/ecowise.lv\/#website"},"primaryImageOfPage":{"@id":"https:\/\/ecowise.lv\/product\/r3-filtri\/#primaryimage"},"image":{"@id":"https:\/\/ecowise.lv\/product\/r3-filtri\/#primaryimage"},"thumbnailUrl":"https:\/\/ecowise.lv\/wp-content\/uploads\/2025\/11\/R3_filtri_Smart_Genius_ar_prieksfiltru.png","datePublished":"2025-11-19T15:19:15+00:00","dateModified":"2026-02-24T10:21:34+00:00","breadcrumb":{"@id":"https:\/\/ecowise.lv\/product\/r3-filtri\/#breadcrumb"},"inLanguage":"en-US","potentialAction":[{"@type":"ReadAction","target":["https:\/\/ecowise.lv\/product\/r3-filtri\/"]}]},{"@type":"ImageObject","inLanguage":"en-US","@id":"https:\/\/ecowise.lv\/product\/r3-filtri\/#primaryimage","url":"https:\/\/ecowise.lv\/wp-content\/uploads\/2025\/11\/R3_filtri_Smart_Genius_ar_prieksfiltru.png","contentUrl":"https:\/\/ecowise.lv\/wp-content\/uploads\/2025\/11\/R3_filtri_Smart_Genius_ar_prieksfiltru.png","width":760,"height":588},{"@type":"BreadcrumbList","@id":"https:\/\/ecowise.lv\/product\/r3-filtri\/#breadcrumb","itemListElement":[{"@type":"ListItem","position":1,"name":"Products","item":"https:\/\/ecowise.lv\/shop\/"},{"@type":"ListItem","position":2,"name":"R3 filtri"}]},{"@type":"WebSite","@id":"https:\/\/ecowise.lv\/#website","url":"https:\/\/ecowise.lv\/","name":"Ecowise","description":"Ener\u0123ijas pat\u0113ri\u0146a samazin\u0101jums","publisher":{"@id":"https:\/\/ecowise.lv\/#organization"},"potentialAction":[{"@type":"SearchAction","target":{"@type":"EntryPoint","urlTemplate":"https:\/\/ecowise.lv\/?s={search_term_string}"},"query-input":{"@type":"PropertyValueSpecification","valueRequired":true,"valueName":"search_term_string"}}],"inLanguage":"en-US"},{"@type":"Organization","@id":"https:\/\/ecowise.lv\/#organization","name":"Ecowise","url":"https:\/\/ecowise.lv\/","logo":{"@type":"ImageObject","inLanguage":"en-US","@id":"https:\/\/ecowise.lv\/#\/schema\/logo\/image\/","url":"https:\/\/ecowise.lv\/wp-content\/uploads\/2023\/03\/logo.svg","contentUrl":"https:\/\/ecowise.lv\/wp-content\/uploads\/2023\/03\/logo.svg","width":207,"height":27,"caption":"Ecowise"},"image":{"@id":"https:\/\/ecowise.lv\/#\/schema\/logo\/image\/"}}]}},"_links":{"self":[{"href":"https:\/\/ecowise.lv\/en\/wp-json\/wp\/v2\/product\/7130","targetHints":{"allow":["GET"]}}],"collection":[{"href":"https:\/\/ecowise.lv\/en\/wp-json\/wp\/v2\/product"}],"about":[{"href":"https:\/\/ecowise.lv\/en\/wp-json\/wp\/v2\/types\/product"}],"wp:featuredmedia":[{"embeddable":true,"href":"https:\/\/ecowise.lv\/en\/wp-json\/wp\/v2\/media\/7134"}],"wp:attachment":[{"href":"https:\/\/ecowise.lv\/en\/wp-json\/wp\/v2\/media?parent=7130"}],"wp:term":[{"taxonomy":"product_brand","embeddable":true,"href":"https:\/\/ecowise.lv\/en\/wp-json\/wp\/v2\/product_brand?post=7130"},{"taxonomy":"product_cat","embeddable":true,"href":"https:\/\/ecowise.lv\/en\/wp-json\/wp\/v2\/product_cat?post=7130"},{"taxonomy":"product_tag","embeddable":true,"href":"https:\/\/ecowise.lv\/en\/wp-json\/wp\/v2\/product_tag?post=7130"}],"curies":[{"name":"wp","href":"https:\/\/api.w.org\/{rel}","templated":true}]}}