{"id":5729,"date":"2023-12-29T13:01:09","date_gmt":"2023-12-29T11:01:09","guid":{"rendered":"https:\/\/ecowise.lv\/?post_type=product&#038;p=5729"},"modified":"2024-06-13T12:03:00","modified_gmt":"2024-06-13T09:03:00","slug":"casa-tango-free-flow","status":"publish","type":"product","link":"https:\/\/ecowise.lv\/en\/product\/casa-tango-free-flow\/","title":{"rendered":"CASA Tango Free flow"},"content":{"rendered":"<h3>Cabinet integrated cooker hood for old constant air flow extract ventilation systems<\/h3>\n<ul>\n<li>Very high cooking odour extracting capability at low air flow: 80%, 20 l\/s, 72 m3\/h. 97%, 20 l\/s | 72 m3\/h (Tango+)<\/li>\n<li>10 hours summer cooling<\/li>\n<li>Maintenance*free LED lighting, adjustable brightness.<\/li>\n<li>Installation in a kitchen cabinet<\/li>\n<li>Fully integrated in kitchen with cabinet door as front panel<\/li>\n<li>Width 500 or 600 mm<\/li>\n<li>Adjustable installation depth with a rear cover strip available as an accessory.<\/li>\n<\/ul>\n<p>CASA TANGO Free Flow is a suitable cooker hood for old constant air flow extract ventilation systems. Thanks to it's shape and design Tango has exceptionally high odour catching capacity that enables efficient fume removal with lower airflows resulting to lower energy consumption, with less pressure difference and lower noise.<br \/>\nCASA TANGO integrates fully in the kitchen cabinets as the cabinet door is mounted as the front panel. The smooth surfaces and wash proof metal grease filters are easy to keep clean. The lighting in the hood is made up of maintenance-free LED lights with adjustable brightness. The cooker hood with voltage protection (24 V) is equipped with a mains transformer \u2013 its power consumption is therefore low and the hood is always safe for the user. All electrical connections are located above the hood and are therefore quick and easy to connect during the installation phase.<br \/>\n\u200b<\/p>","protected":false},"excerpt":{"rendered":"<h4>Cabinet-Integrated Extractor for CASA Ventilation Units and Roof Fans<\/h4>","protected":false},"featured_media":3978,"template":"","meta":{"_acf_changed":false,"inline_featured_image":false,"_links_to":"","_links_to_target":""},"product_brand":[],"product_cat":[38],"product_tag":[],"class_list":{"0":"post-5729","1":"product","2":"type-product","3":"status-publish","4":"has-post-thumbnail","6":"product_cat-virtuves-nosuceji","8":"first","9":"instock","10":"shipping-taxable","11":"product-type-simple"},"acf":[],"yoast_head":"<!-- This site is optimized with the Yoast SEO plugin v27.0 - https:\/\/yoast.com\/product\/yoast-seo-wordpress\/ -->\n<title>CASA TANGO virtuves nos\u016bc\u0113js<\/title>\n<meta name=\"description\" content=\"Uzs\u016bc l\u012bdz 90% gaisa pie maz\u0101m gaisa pl\u016bsm\u0101m CASA TANGO\" \/>\n<meta name=\"robots\" content=\"index, follow, max-snippet:-1, max-image-preview:large, max-video-preview:-1\" \/>\n<link rel=\"canonical\" href=\"https:\/\/ecowise.lv\/en\/product\/casa-tango-free-flow\/\" \/>\n<meta property=\"og:locale\" content=\"en_US\" \/>\n<meta property=\"og:type\" content=\"article\" \/>\n<meta property=\"og:title\" content=\"CASA TANGO virtuves nos\u016bc\u0113js\" \/>\n<meta property=\"og:description\" content=\"Uzs\u016bc l\u012bdz 90% gaisa pie maz\u0101m gaisa pl\u016bsm\u0101m CASA TANGO\" \/>\n<meta property=\"og:url\" content=\"https:\/\/ecowise.lv\/en\/product\/casa-tango-free-flow\/\" \/>\n<meta property=\"og:site_name\" content=\"Ecowise\" \/>\n<meta property=\"article:modified_time\" content=\"2024-06-13T09:03:00+00:00\" \/>\n<meta property=\"og:image\" content=\"https:\/\/ecowise.lv\/wp-content\/uploads\/2023\/04\/CASA-Tango-Smart-Nosuce-Virtuve.png\" \/>\n\t<meta property=\"og:image:width\" content=\"600\" \/>\n\t<meta property=\"og:image:height\" content=\"450\" \/>\n\t<meta property=\"og:image:type\" content=\"image\/png\" \/>\n<meta name=\"twitter:card\" content=\"summary_large_image\" \/>\n<meta name=\"twitter:label1\" content=\"Est. reading time\" \/>\n\t<meta name=\"twitter:data1\" content=\"2 minutes\" \/>\n<script type=\"application\/ld+json\" class=\"yoast-schema-graph\">{\"@context\":\"https:\/\/schema.org\",\"@graph\":[{\"@type\":\"WebPage\",\"@id\":\"https:\/\/ecowise.lv\/product\/casa-tango-free-flow\/\",\"url\":\"https:\/\/ecowise.lv\/product\/casa-tango-free-flow\/\",\"name\":\"CASA TANGO virtuves nos\u016bc\u0113js\",\"isPartOf\":{\"@id\":\"https:\/\/ecowise.lv\/#website\"},\"primaryImageOfPage\":{\"@id\":\"https:\/\/ecowise.lv\/product\/casa-tango-free-flow\/#primaryimage\"},\"image\":{\"@id\":\"https:\/\/ecowise.lv\/product\/casa-tango-free-flow\/#primaryimage\"},\"thumbnailUrl\":\"https:\/\/ecowise.lv\/wp-content\/uploads\/2023\/04\/CASA-Tango-Smart-Nosuce-Virtuve.png\",\"datePublished\":\"2023-12-29T11:01:09+00:00\",\"dateModified\":\"2024-06-13T09:03:00+00:00\",\"description\":\"Uzs\u016bc l\u012bdz 90% gaisa pie maz\u0101m gaisa pl\u016bsm\u0101m CASA TANGO\",\"breadcrumb\":{\"@id\":\"https:\/\/ecowise.lv\/product\/casa-tango-free-flow\/#breadcrumb\"},\"inLanguage\":\"en-US\",\"potentialAction\":[{\"@type\":\"ReadAction\",\"target\":[\"https:\/\/ecowise.lv\/product\/casa-tango-free-flow\/\"]}]},{\"@type\":\"ImageObject\",\"inLanguage\":\"en-US\",\"@id\":\"https:\/\/ecowise.lv\/product\/casa-tango-free-flow\/#primaryimage\",\"url\":\"https:\/\/ecowise.lv\/wp-content\/uploads\/2023\/04\/CASA-Tango-Smart-Nosuce-Virtuve.png\",\"contentUrl\":\"https:\/\/ecowise.lv\/wp-content\/uploads\/2023\/04\/CASA-Tango-Smart-Nosuce-Virtuve.png\",\"width\":600,\"height\":450},{\"@type\":\"BreadcrumbList\",\"@id\":\"https:\/\/ecowise.lv\/product\/casa-tango-free-flow\/#breadcrumb\",\"itemListElement\":[{\"@type\":\"ListItem\",\"position\":1,\"name\":\"Products\",\"item\":\"https:\/\/ecowise.lv\/shop\/\"},{\"@type\":\"ListItem\",\"position\":2,\"name\":\"CASA Tango Free flow\"}]},{\"@type\":\"WebSite\",\"@id\":\"https:\/\/ecowise.lv\/#website\",\"url\":\"https:\/\/ecowise.lv\/\",\"name\":\"Ecowise\",\"description\":\"Ener\u0123ijas pat\u0113ri\u0146a samazin\u0101jums\",\"publisher\":{\"@id\":\"https:\/\/ecowise.lv\/#organization\"},\"potentialAction\":[{\"@type\":\"SearchAction\",\"target\":{\"@type\":\"EntryPoint\",\"urlTemplate\":\"https:\/\/ecowise.lv\/?s={search_term_string}\"},\"query-input\":{\"@type\":\"PropertyValueSpecification\",\"valueRequired\":true,\"valueName\":\"search_term_string\"}}],\"inLanguage\":\"en-US\"},{\"@type\":\"Organization\",\"@id\":\"https:\/\/ecowise.lv\/#organization\",\"name\":\"Ecowise\",\"url\":\"https:\/\/ecowise.lv\/\",\"logo\":{\"@type\":\"ImageObject\",\"inLanguage\":\"en-US\",\"@id\":\"https:\/\/ecowise.lv\/#\/schema\/logo\/image\/\",\"url\":\"https:\/\/ecowise.lv\/wp-content\/uploads\/2023\/03\/logo.svg\",\"contentUrl\":\"https:\/\/ecowise.lv\/wp-content\/uploads\/2023\/03\/logo.svg\",\"width\":207,\"height\":27,\"caption\":\"Ecowise\"},\"image\":{\"@id\":\"https:\/\/ecowise.lv\/#\/schema\/logo\/image\/\"}}]}<\/script>\n<!-- \/ Yoast SEO plugin. -->","yoast_head_json":{"title":"CASA TANGO virtuves nos\u016bc\u0113js","description":"Uzs\u016bc l\u012bdz 90% gaisa pie maz\u0101m gaisa pl\u016bsm\u0101m CASA TANGO","robots":{"index":"index","follow":"follow","max-snippet":"max-snippet:-1","max-image-preview":"max-image-preview:large","max-video-preview":"max-video-preview:-1"},"canonical":"https:\/\/ecowise.lv\/en\/product\/casa-tango-free-flow\/","og_locale":"en_US","og_type":"article","og_title":"CASA TANGO virtuves nos\u016bc\u0113js","og_description":"Uzs\u016bc l\u012bdz 90% gaisa pie maz\u0101m gaisa pl\u016bsm\u0101m CASA TANGO","og_url":"https:\/\/ecowise.lv\/en\/product\/casa-tango-free-flow\/","og_site_name":"Ecowise","article_modified_time":"2024-06-13T09:03:00+00:00","og_image":[{"width":600,"height":450,"url":"https:\/\/ecowise.lv\/wp-content\/uploads\/2023\/04\/CASA-Tango-Smart-Nosuce-Virtuve.png","type":"image\/png"}],"twitter_card":"summary_large_image","twitter_misc":{"Est. reading time":"2 minutes"},"schema":{"@context":"https:\/\/schema.org","@graph":[{"@type":"WebPage","@id":"https:\/\/ecowise.lv\/product\/casa-tango-free-flow\/","url":"https:\/\/ecowise.lv\/product\/casa-tango-free-flow\/","name":"CASA TANGO virtuves nos\u016bc\u0113js","isPartOf":{"@id":"https:\/\/ecowise.lv\/#website"},"primaryImageOfPage":{"@id":"https:\/\/ecowise.lv\/product\/casa-tango-free-flow\/#primaryimage"},"image":{"@id":"https:\/\/ecowise.lv\/product\/casa-tango-free-flow\/#primaryimage"},"thumbnailUrl":"https:\/\/ecowise.lv\/wp-content\/uploads\/2023\/04\/CASA-Tango-Smart-Nosuce-Virtuve.png","datePublished":"2023-12-29T11:01:09+00:00","dateModified":"2024-06-13T09:03:00+00:00","description":"Uzs\u016bc l\u012bdz 90% gaisa pie maz\u0101m gaisa pl\u016bsm\u0101m CASA TANGO","breadcrumb":{"@id":"https:\/\/ecowise.lv\/product\/casa-tango-free-flow\/#breadcrumb"},"inLanguage":"en-US","potentialAction":[{"@type":"ReadAction","target":["https:\/\/ecowise.lv\/product\/casa-tango-free-flow\/"]}]},{"@type":"ImageObject","inLanguage":"en-US","@id":"https:\/\/ecowise.lv\/product\/casa-tango-free-flow\/#primaryimage","url":"https:\/\/ecowise.lv\/wp-content\/uploads\/2023\/04\/CASA-Tango-Smart-Nosuce-Virtuve.png","contentUrl":"https:\/\/ecowise.lv\/wp-content\/uploads\/2023\/04\/CASA-Tango-Smart-Nosuce-Virtuve.png","width":600,"height":450},{"@type":"BreadcrumbList","@id":"https:\/\/ecowise.lv\/product\/casa-tango-free-flow\/#breadcrumb","itemListElement":[{"@type":"ListItem","position":1,"name":"Products","item":"https:\/\/ecowise.lv\/shop\/"},{"@type":"ListItem","position":2,"name":"CASA Tango Free flow"}]},{"@type":"WebSite","@id":"https:\/\/ecowise.lv\/#website","url":"https:\/\/ecowise.lv\/","name":"Ecowise","description":"Ener\u0123ijas pat\u0113ri\u0146a samazin\u0101jums","publisher":{"@id":"https:\/\/ecowise.lv\/#organization"},"potentialAction":[{"@type":"SearchAction","target":{"@type":"EntryPoint","urlTemplate":"https:\/\/ecowise.lv\/?s={search_term_string}"},"query-input":{"@type":"PropertyValueSpecification","valueRequired":true,"valueName":"search_term_string"}}],"inLanguage":"en-US"},{"@type":"Organization","@id":"https:\/\/ecowise.lv\/#organization","name":"Ecowise","url":"https:\/\/ecowise.lv\/","logo":{"@type":"ImageObject","inLanguage":"en-US","@id":"https:\/\/ecowise.lv\/#\/schema\/logo\/image\/","url":"https:\/\/ecowise.lv\/wp-content\/uploads\/2023\/03\/logo.svg","contentUrl":"https:\/\/ecowise.lv\/wp-content\/uploads\/2023\/03\/logo.svg","width":207,"height":27,"caption":"Ecowise"},"image":{"@id":"https:\/\/ecowise.lv\/#\/schema\/logo\/image\/"}}]}},"_links":{"self":[{"href":"https:\/\/ecowise.lv\/en\/wp-json\/wp\/v2\/product\/5729","targetHints":{"allow":["GET"]}}],"collection":[{"href":"https:\/\/ecowise.lv\/en\/wp-json\/wp\/v2\/product"}],"about":[{"href":"https:\/\/ecowise.lv\/en\/wp-json\/wp\/v2\/types\/product"}],"wp:featuredmedia":[{"embeddable":true,"href":"https:\/\/ecowise.lv\/en\/wp-json\/wp\/v2\/media\/3978"}],"wp:attachment":[{"href":"https:\/\/ecowise.lv\/en\/wp-json\/wp\/v2\/media?parent=5729"}],"wp:term":[{"taxonomy":"product_brand","embeddable":true,"href":"https:\/\/ecowise.lv\/en\/wp-json\/wp\/v2\/product_brand?post=5729"},{"taxonomy":"product_cat","embeddable":true,"href":"https:\/\/ecowise.lv\/en\/wp-json\/wp\/v2\/product_cat?post=5729"},{"taxonomy":"product_tag","embeddable":true,"href":"https:\/\/ecowise.lv\/en\/wp-json\/wp\/v2\/product_tag?post=5729"}],"curies":[{"name":"wp","href":"https:\/\/api.w.org\/{rel}","templated":true}]}}