{"id":4949,"date":"2023-10-23T13:43:47","date_gmt":"2023-10-23T10:43:47","guid":{"rendered":"https:\/\/ecowise.lv\/?post_type=product&#038;p=4949"},"modified":"2023-10-23T14:00:15","modified_gmt":"2023-10-23T11:00:15","slug":"sordo-pf","status":"publish","type":"product","link":"https:\/\/ecowise.lv\/en\/product\/sordo-pf\/","title":{"rendered":"SORDO-PF"},"content":{"rendered":"<p>Sound attenuators equipped with an centre body for circular ducts<\/p>\n<ul>\n<li>Equipped with aerodynamic centre body (pod)<\/li>\n<li>With flange connection<\/li>\n<li>100 mm thick rock wool<\/li>\n<li>Galvanised sheet steel to Environmental Class C3<\/li>\n<li>Counterflange (supplied in pairs)<\/li>\n<li>Fibre-migration proof with EUROLON<\/li>\n<li>Available in the sizes \u00d8 500-2000 and length 900-4000 mm<\/li>\n<li>Air tightness class C<\/li>\n<li>Excellent noise attenuation<\/li>\n<li>Low pressure drop due to tapered splitters<\/li>\n<li>Included in the MagiCAD database<\/li>\n<li>The SORDO-PF corresponds to Fire-resistance Class E60<\/li>\n<\/ul>\n<p>&nbsp;<\/p>\n<p><strong>Technical data<\/strong><\/p>\n<div class=\"tabs__content\">\n<div id=\"technical-data\" class=\"tabs__content-item\" role=\"tabpanel\" aria-hidden=\"false\" aria-labelledby=\"technical-data\">\n<section class=\"panel panel--no-padding-top panel--no-padding-bottom\">\n<div class=\"panel__inner\">\n<div class=\"horizontal-scroller panel-full-width\" data-show-scroll-icon=\"true\">\n<div class=\"horizontal-scroller__scroller\">\n<table>\n<tbody>\n<tr>\n<td class=\"bold v-align-bottom h-align-center\" colspan=\"4\">SORDO-P - Standard range<\/td>\n<\/tr>\n<tr>\n<td class=\"v-align-bottom h-align-center\">Dimension<\/td>\n<td class=\"v-align-bottom h-align-center\">Length<\/td>\n<td class=\"v-align-bottom h-align-center\">Working range<\/td>\n<td class=\"v-align-bottom h-align-center\">Attenuation<\/td>\n<\/tr>\n<tr>\n<td class=\"v-align-bottom h-align-center\">mm<\/td>\n<td class=\"v-align-bottom h-align-center\">mm<\/td>\n<td class=\"v-align-top h-align-center\">m\u00b3\/s<\/td>\n<td class=\"v-align-top h-align-center\">dB(A)<\/td>\n<\/tr>\n<tr>\n<td class=\"v-align-bottom h-align-center\">500-2000<\/td>\n<td class=\"v-align-bottom h-align-center\">900-4000<\/td>\n<td class=\"v-align-bottom h-align-center\">0-30<\/td>\n<td class=\"v-align-bottom h-align-center\">5-15<\/td>\n<\/tr>\n<\/tbody>\n<\/table>\n<\/div>\n<\/div>\n<\/div>\n<\/section>\n<\/div>\n<\/div>","protected":false},"excerpt":{"rendered":"<h4>Sound attenuators equipped with an centre body for circular ducts<\/h4>","protected":false},"featured_media":4950,"template":"","meta":{"_acf_changed":false,"inline_featured_image":false,"_links_to":"","_links_to_target":""},"product_brand":[],"product_cat":[73],"product_tag":[],"class_list":{"0":"post-4949","1":"product","2":"type-product","3":"status-publish","4":"has-post-thumbnail","6":"product_cat-troksnu-slapetaji-2","8":"first","9":"instock","10":"shipping-taxable","11":"product-type-simple"},"acf":[],"yoast_head":"<!-- This site is optimized with the Yoast SEO plugin v27.0 - https:\/\/yoast.com\/product\/yoast-seo-wordpress\/ -->\n<title>SORDO-PF - Ecowise<\/title>\n<meta name=\"robots\" content=\"index, follow, max-snippet:-1, max-image-preview:large, max-video-preview:-1\" \/>\n<link rel=\"canonical\" href=\"https:\/\/ecowise.lv\/en\/product\/sordo-pf\/\" \/>\n<meta property=\"og:locale\" content=\"en_US\" \/>\n<meta property=\"og:type\" content=\"article\" \/>\n<meta property=\"og:title\" content=\"SORDO-PF - Ecowise\" \/>\n<meta property=\"og:description\" content=\"Trok\u0161\u0146u sl\u0101p\u0113t\u0101ji, kas apr\u012bkoti ar centr\u0101lo korpusu apa\u013cajiem gaisa vadiem\" \/>\n<meta property=\"og:url\" content=\"https:\/\/ecowise.lv\/en\/product\/sordo-pf\/\" \/>\n<meta property=\"og:site_name\" content=\"Ecowise\" \/>\n<meta property=\"article:modified_time\" content=\"2023-10-23T11:00:15+00:00\" \/>\n<meta property=\"og:image\" content=\"https:\/\/ecowise.lv\/wp-content\/uploads\/2023\/10\/sordo-pf-akustika_ventilacija.png\" \/>\n\t<meta property=\"og:image:width\" content=\"600\" \/>\n\t<meta property=\"og:image:height\" content=\"450\" \/>\n\t<meta property=\"og:image:type\" content=\"image\/png\" \/>\n<meta name=\"twitter:card\" content=\"summary_large_image\" \/>\n<meta name=\"twitter:label1\" content=\"Est. reading time\" \/>\n\t<meta name=\"twitter:data1\" content=\"1 minute\" \/>\n<script type=\"application\/ld+json\" class=\"yoast-schema-graph\">{\"@context\":\"https:\/\/schema.org\",\"@graph\":[{\"@type\":\"WebPage\",\"@id\":\"https:\/\/ecowise.lv\/product\/sordo-pf\/\",\"url\":\"https:\/\/ecowise.lv\/product\/sordo-pf\/\",\"name\":\"SORDO-PF - Ecowise\",\"isPartOf\":{\"@id\":\"https:\/\/ecowise.lv\/#website\"},\"primaryImageOfPage\":{\"@id\":\"https:\/\/ecowise.lv\/product\/sordo-pf\/#primaryimage\"},\"image\":{\"@id\":\"https:\/\/ecowise.lv\/product\/sordo-pf\/#primaryimage\"},\"thumbnailUrl\":\"https:\/\/ecowise.lv\/wp-content\/uploads\/2023\/10\/sordo-pf-akustika_ventilacija.png\",\"datePublished\":\"2023-10-23T10:43:47+00:00\",\"dateModified\":\"2023-10-23T11:00:15+00:00\",\"breadcrumb\":{\"@id\":\"https:\/\/ecowise.lv\/product\/sordo-pf\/#breadcrumb\"},\"inLanguage\":\"en-US\",\"potentialAction\":[{\"@type\":\"ReadAction\",\"target\":[\"https:\/\/ecowise.lv\/product\/sordo-pf\/\"]}]},{\"@type\":\"ImageObject\",\"inLanguage\":\"en-US\",\"@id\":\"https:\/\/ecowise.lv\/product\/sordo-pf\/#primaryimage\",\"url\":\"https:\/\/ecowise.lv\/wp-content\/uploads\/2023\/10\/sordo-pf-akustika_ventilacija.png\",\"contentUrl\":\"https:\/\/ecowise.lv\/wp-content\/uploads\/2023\/10\/sordo-pf-akustika_ventilacija.png\",\"width\":600,\"height\":450},{\"@type\":\"BreadcrumbList\",\"@id\":\"https:\/\/ecowise.lv\/product\/sordo-pf\/#breadcrumb\",\"itemListElement\":[{\"@type\":\"ListItem\",\"position\":1,\"name\":\"Products\",\"item\":\"https:\/\/ecowise.lv\/shop\/\"},{\"@type\":\"ListItem\",\"position\":2,\"name\":\"SORDO-PF\"}]},{\"@type\":\"WebSite\",\"@id\":\"https:\/\/ecowise.lv\/#website\",\"url\":\"https:\/\/ecowise.lv\/\",\"name\":\"Ecowise\",\"description\":\"Ener\u0123ijas pat\u0113ri\u0146a samazin\u0101jums\",\"publisher\":{\"@id\":\"https:\/\/ecowise.lv\/#organization\"},\"potentialAction\":[{\"@type\":\"SearchAction\",\"target\":{\"@type\":\"EntryPoint\",\"urlTemplate\":\"https:\/\/ecowise.lv\/?s={search_term_string}\"},\"query-input\":{\"@type\":\"PropertyValueSpecification\",\"valueRequired\":true,\"valueName\":\"search_term_string\"}}],\"inLanguage\":\"en-US\"},{\"@type\":\"Organization\",\"@id\":\"https:\/\/ecowise.lv\/#organization\",\"name\":\"Ecowise\",\"url\":\"https:\/\/ecowise.lv\/\",\"logo\":{\"@type\":\"ImageObject\",\"inLanguage\":\"en-US\",\"@id\":\"https:\/\/ecowise.lv\/#\/schema\/logo\/image\/\",\"url\":\"https:\/\/ecowise.lv\/wp-content\/uploads\/2023\/03\/logo.svg\",\"contentUrl\":\"https:\/\/ecowise.lv\/wp-content\/uploads\/2023\/03\/logo.svg\",\"width\":207,\"height\":27,\"caption\":\"Ecowise\"},\"image\":{\"@id\":\"https:\/\/ecowise.lv\/#\/schema\/logo\/image\/\"}}]}<\/script>\n<!-- \/ Yoast SEO plugin. -->","yoast_head_json":{"title":"SORDO-PF - Ecowise","robots":{"index":"index","follow":"follow","max-snippet":"max-snippet:-1","max-image-preview":"max-image-preview:large","max-video-preview":"max-video-preview:-1"},"canonical":"https:\/\/ecowise.lv\/en\/product\/sordo-pf\/","og_locale":"en_US","og_type":"article","og_title":"SORDO-PF - Ecowise","og_description":"Trok\u0161\u0146u sl\u0101p\u0113t\u0101ji, kas apr\u012bkoti ar centr\u0101lo korpusu apa\u013cajiem gaisa vadiem","og_url":"https:\/\/ecowise.lv\/en\/product\/sordo-pf\/","og_site_name":"Ecowise","article_modified_time":"2023-10-23T11:00:15+00:00","og_image":[{"width":600,"height":450,"url":"https:\/\/ecowise.lv\/wp-content\/uploads\/2023\/10\/sordo-pf-akustika_ventilacija.png","type":"image\/png"}],"twitter_card":"summary_large_image","twitter_misc":{"Est. reading time":"1 minute"},"schema":{"@context":"https:\/\/schema.org","@graph":[{"@type":"WebPage","@id":"https:\/\/ecowise.lv\/product\/sordo-pf\/","url":"https:\/\/ecowise.lv\/product\/sordo-pf\/","name":"SORDO-PF - Ecowise","isPartOf":{"@id":"https:\/\/ecowise.lv\/#website"},"primaryImageOfPage":{"@id":"https:\/\/ecowise.lv\/product\/sordo-pf\/#primaryimage"},"image":{"@id":"https:\/\/ecowise.lv\/product\/sordo-pf\/#primaryimage"},"thumbnailUrl":"https:\/\/ecowise.lv\/wp-content\/uploads\/2023\/10\/sordo-pf-akustika_ventilacija.png","datePublished":"2023-10-23T10:43:47+00:00","dateModified":"2023-10-23T11:00:15+00:00","breadcrumb":{"@id":"https:\/\/ecowise.lv\/product\/sordo-pf\/#breadcrumb"},"inLanguage":"en-US","potentialAction":[{"@type":"ReadAction","target":["https:\/\/ecowise.lv\/product\/sordo-pf\/"]}]},{"@type":"ImageObject","inLanguage":"en-US","@id":"https:\/\/ecowise.lv\/product\/sordo-pf\/#primaryimage","url":"https:\/\/ecowise.lv\/wp-content\/uploads\/2023\/10\/sordo-pf-akustika_ventilacija.png","contentUrl":"https:\/\/ecowise.lv\/wp-content\/uploads\/2023\/10\/sordo-pf-akustika_ventilacija.png","width":600,"height":450},{"@type":"BreadcrumbList","@id":"https:\/\/ecowise.lv\/product\/sordo-pf\/#breadcrumb","itemListElement":[{"@type":"ListItem","position":1,"name":"Products","item":"https:\/\/ecowise.lv\/shop\/"},{"@type":"ListItem","position":2,"name":"SORDO-PF"}]},{"@type":"WebSite","@id":"https:\/\/ecowise.lv\/#website","url":"https:\/\/ecowise.lv\/","name":"Ecowise","description":"Ener\u0123ijas pat\u0113ri\u0146a samazin\u0101jums","publisher":{"@id":"https:\/\/ecowise.lv\/#organization"},"potentialAction":[{"@type":"SearchAction","target":{"@type":"EntryPoint","urlTemplate":"https:\/\/ecowise.lv\/?s={search_term_string}"},"query-input":{"@type":"PropertyValueSpecification","valueRequired":true,"valueName":"search_term_string"}}],"inLanguage":"en-US"},{"@type":"Organization","@id":"https:\/\/ecowise.lv\/#organization","name":"Ecowise","url":"https:\/\/ecowise.lv\/","logo":{"@type":"ImageObject","inLanguage":"en-US","@id":"https:\/\/ecowise.lv\/#\/schema\/logo\/image\/","url":"https:\/\/ecowise.lv\/wp-content\/uploads\/2023\/03\/logo.svg","contentUrl":"https:\/\/ecowise.lv\/wp-content\/uploads\/2023\/03\/logo.svg","width":207,"height":27,"caption":"Ecowise"},"image":{"@id":"https:\/\/ecowise.lv\/#\/schema\/logo\/image\/"}}]}},"_links":{"self":[{"href":"https:\/\/ecowise.lv\/en\/wp-json\/wp\/v2\/product\/4949","targetHints":{"allow":["GET"]}}],"collection":[{"href":"https:\/\/ecowise.lv\/en\/wp-json\/wp\/v2\/product"}],"about":[{"href":"https:\/\/ecowise.lv\/en\/wp-json\/wp\/v2\/types\/product"}],"wp:featuredmedia":[{"embeddable":true,"href":"https:\/\/ecowise.lv\/en\/wp-json\/wp\/v2\/media\/4950"}],"wp:attachment":[{"href":"https:\/\/ecowise.lv\/en\/wp-json\/wp\/v2\/media?parent=4949"}],"wp:term":[{"taxonomy":"product_brand","embeddable":true,"href":"https:\/\/ecowise.lv\/en\/wp-json\/wp\/v2\/product_brand?post=4949"},{"taxonomy":"product_cat","embeddable":true,"href":"https:\/\/ecowise.lv\/en\/wp-json\/wp\/v2\/product_cat?post=4949"},{"taxonomy":"product_tag","embeddable":true,"href":"https:\/\/ecowise.lv\/en\/wp-json\/wp\/v2\/product_tag?post=4949"}],"curies":[{"name":"wp","href":"https:\/\/api.w.org\/{rel}","templated":true}]}}