{"id":4727,"date":"2023-10-19T12:04:48","date_gmt":"2023-10-19T09:04:48","guid":{"rendered":"https:\/\/ecowise.lv\/?post_type=product&#038;p=4727"},"modified":"2024-01-05T15:22:01","modified_gmt":"2024-01-05T13:22:01","slug":"domo-2","status":"publish","type":"product","link":"https:\/\/ecowise.lv\/en\/product\/domo-2\/","title":{"rendered":"DOMO"},"content":{"rendered":"<h3>Square supply air diffuser for ceiling or wall installation in homes<\/h3>\n<ul>\n<li>Modern design<\/li>\n<li>Provision for commissioning and air flow measurement<\/li>\n<li>5-20 l\/s at sound level &lt;30 dB(A)<\/li>\n<li>One version for ceiling or wall mounting<\/li>\n<li>Eco-friendly materials<\/li>\n<\/ul>\n<p>&nbsp;<\/p>\n<p>Technical data<\/p>\n<table style=\"height: 150px;\" width=\"378\">\n<tbody>\n<tr>\n<td class=\"bold v-align-bottom\" rowspan=\"2\"><strong>DOMO<\/strong><br \/>\n<strong>Size<\/strong><\/td>\n<td class=\"bold v-align-middle h-align-center\" colspan=\"2\"><strong>20 dB(A)<\/strong><\/td>\n<td class=\"bold v-align-middle h-align-center\" colspan=\"2\"><strong>25 dB(A)<\/strong><\/td>\n<td class=\"bold v-align-middle h-align-center\" colspan=\"2\"><strong>30 dB(A)<\/strong><\/td>\n<\/tr>\n<tr>\n<td class=\"bold v-align-middle h-align-center\"><strong>l\/s<\/strong><\/td>\n<td class=\"bold v-align-middle h-align-center\"><strong>m3\/h<\/strong><\/td>\n<td class=\"bold v-align-middle h-align-center\"><strong>l\/s<\/strong><\/td>\n<td class=\"bold v-align-middle h-align-center\"><strong>m3\/h<\/strong><\/td>\n<td class=\"bold v-align-middle h-align-center\"><strong>l\/s<\/strong><\/td>\n<td class=\"bold v-align-middle h-align-center\"><strong>m3\/h<\/strong><\/td>\n<\/tr>\n<tr>\n<td class=\"v-align-bottom h-align-left\">100<\/td>\n<td class=\"v-align-bottom h-align-left\">14<\/td>\n<td class=\"v-align-bottom h-align-left\">50<\/td>\n<td class=\"v-align-bottom h-align-left\">17<\/td>\n<td class=\"v-align-bottom h-align-left\">61<\/td>\n<td class=\"v-align-bottom h-align-left\">22<\/td>\n<td class=\"v-align-bottom h-align-left\">79<\/td>\n<\/tr>\n<\/tbody>\n<\/table>\n<p>*) Lp10A =<span class=\"Y2IQFc\" lang=\"lv\">Sound pressure including A-filter with 4 dB room attenuation and 10 m\u00b2 room absorption area.<\/span><\/p>","protected":false},"excerpt":{"rendered":"<h4>Rectangular perforated wall diffuser<\/h4>\n<h4>5 &#8211; 25 l\/s<\/h4>","protected":false},"featured_media":5571,"template":"","meta":{"_acf_changed":false,"inline_featured_image":false,"_links_to":"","_links_to_target":""},"product_brand":[],"product_cat":[62],"product_tag":[],"class_list":{"0":"post-4727","1":"product","2":"type-product","3":"status-publish","4":"has-post-thumbnail","6":"product_cat-sienas-difuzori","8":"first","9":"instock","10":"shipping-taxable","11":"product-type-simple"},"acf":[],"yoast_head":"<!-- This site is optimized with the Yoast SEO plugin v27.0 - https:\/\/yoast.com\/product\/yoast-seo-wordpress\/ -->\n<title>DOMO<\/title>\n<meta name=\"description\" content=\"DOMO Kvadr\u0101tveida piepl\u016bdes gaisa difuzors\" \/>\n<meta name=\"robots\" content=\"index, follow, max-snippet:-1, max-image-preview:large, max-video-preview:-1\" \/>\n<link rel=\"canonical\" href=\"https:\/\/ecowise.lv\/en\/product\/domo-2\/\" \/>\n<meta property=\"og:locale\" content=\"en_US\" \/>\n<meta property=\"og:type\" content=\"article\" \/>\n<meta property=\"og:title\" content=\"DOMO\" \/>\n<meta property=\"og:description\" content=\"DOMO Kvadr\u0101tveida piepl\u016bdes gaisa difuzors\" \/>\n<meta property=\"og:url\" content=\"https:\/\/ecowise.lv\/en\/product\/domo-2\/\" \/>\n<meta property=\"og:site_name\" content=\"Ecowise\" \/>\n<meta property=\"article:modified_time\" content=\"2024-01-05T13:22:01+00:00\" \/>\n<meta property=\"og:image\" content=\"https:\/\/ecowise.lv\/wp-content\/uploads\/2023\/10\/domo-productimage.jpg\" \/>\n\t<meta property=\"og:image:width\" content=\"768\" \/>\n\t<meta property=\"og:image:height\" content=\"576\" \/>\n\t<meta property=\"og:image:type\" content=\"image\/jpeg\" \/>\n<meta name=\"twitter:card\" content=\"summary_large_image\" \/>\n<meta name=\"twitter:label1\" content=\"Est. reading time\" \/>\n\t<meta name=\"twitter:data1\" content=\"1 minute\" \/>\n<script type=\"application\/ld+json\" class=\"yoast-schema-graph\">{\"@context\":\"https:\/\/schema.org\",\"@graph\":[{\"@type\":\"WebPage\",\"@id\":\"https:\/\/ecowise.lv\/product\/domo-2\/\",\"url\":\"https:\/\/ecowise.lv\/product\/domo-2\/\",\"name\":\"DOMO\",\"isPartOf\":{\"@id\":\"https:\/\/ecowise.lv\/#website\"},\"primaryImageOfPage\":{\"@id\":\"https:\/\/ecowise.lv\/product\/domo-2\/#primaryimage\"},\"image\":{\"@id\":\"https:\/\/ecowise.lv\/product\/domo-2\/#primaryimage\"},\"thumbnailUrl\":\"https:\/\/ecowise.lv\/wp-content\/uploads\/2023\/10\/domo-productimage.jpg\",\"datePublished\":\"2023-10-19T09:04:48+00:00\",\"dateModified\":\"2024-01-05T13:22:01+00:00\",\"description\":\"DOMO Kvadr\u0101tveida piepl\u016bdes gaisa difuzors\",\"breadcrumb\":{\"@id\":\"https:\/\/ecowise.lv\/product\/domo-2\/#breadcrumb\"},\"inLanguage\":\"en-US\",\"potentialAction\":[{\"@type\":\"ReadAction\",\"target\":[\"https:\/\/ecowise.lv\/product\/domo-2\/\"]}]},{\"@type\":\"ImageObject\",\"inLanguage\":\"en-US\",\"@id\":\"https:\/\/ecowise.lv\/product\/domo-2\/#primaryimage\",\"url\":\"https:\/\/ecowise.lv\/wp-content\/uploads\/2023\/10\/domo-productimage.jpg\",\"contentUrl\":\"https:\/\/ecowise.lv\/wp-content\/uploads\/2023\/10\/domo-productimage.jpg\",\"width\":768,\"height\":576,\"caption\":\"Iek\u0161telpu klimats_priv\u0101tm\u0101ju ventil\u0101cija_Ecowise_\"},{\"@type\":\"BreadcrumbList\",\"@id\":\"https:\/\/ecowise.lv\/product\/domo-2\/#breadcrumb\",\"itemListElement\":[{\"@type\":\"ListItem\",\"position\":1,\"name\":\"Products\",\"item\":\"https:\/\/ecowise.lv\/shop\/\"},{\"@type\":\"ListItem\",\"position\":2,\"name\":\"DOMO\"}]},{\"@type\":\"WebSite\",\"@id\":\"https:\/\/ecowise.lv\/#website\",\"url\":\"https:\/\/ecowise.lv\/\",\"name\":\"Ecowise\",\"description\":\"Ener\u0123ijas pat\u0113ri\u0146a samazin\u0101jums\",\"publisher\":{\"@id\":\"https:\/\/ecowise.lv\/#organization\"},\"potentialAction\":[{\"@type\":\"SearchAction\",\"target\":{\"@type\":\"EntryPoint\",\"urlTemplate\":\"https:\/\/ecowise.lv\/?s={search_term_string}\"},\"query-input\":{\"@type\":\"PropertyValueSpecification\",\"valueRequired\":true,\"valueName\":\"search_term_string\"}}],\"inLanguage\":\"en-US\"},{\"@type\":\"Organization\",\"@id\":\"https:\/\/ecowise.lv\/#organization\",\"name\":\"Ecowise\",\"url\":\"https:\/\/ecowise.lv\/\",\"logo\":{\"@type\":\"ImageObject\",\"inLanguage\":\"en-US\",\"@id\":\"https:\/\/ecowise.lv\/#\/schema\/logo\/image\/\",\"url\":\"https:\/\/ecowise.lv\/wp-content\/uploads\/2023\/03\/logo.svg\",\"contentUrl\":\"https:\/\/ecowise.lv\/wp-content\/uploads\/2023\/03\/logo.svg\",\"width\":207,\"height\":27,\"caption\":\"Ecowise\"},\"image\":{\"@id\":\"https:\/\/ecowise.lv\/#\/schema\/logo\/image\/\"}}]}<\/script>\n<!-- \/ Yoast SEO plugin. -->","yoast_head_json":{"title":"DOMO","description":"DOMO Kvadr\u0101tveida piepl\u016bdes gaisa difuzors","robots":{"index":"index","follow":"follow","max-snippet":"max-snippet:-1","max-image-preview":"max-image-preview:large","max-video-preview":"max-video-preview:-1"},"canonical":"https:\/\/ecowise.lv\/en\/product\/domo-2\/","og_locale":"en_US","og_type":"article","og_title":"DOMO","og_description":"DOMO Kvadr\u0101tveida piepl\u016bdes gaisa difuzors","og_url":"https:\/\/ecowise.lv\/en\/product\/domo-2\/","og_site_name":"Ecowise","article_modified_time":"2024-01-05T13:22:01+00:00","og_image":[{"width":768,"height":576,"url":"https:\/\/ecowise.lv\/wp-content\/uploads\/2023\/10\/domo-productimage.jpg","type":"image\/jpeg"}],"twitter_card":"summary_large_image","twitter_misc":{"Est. reading time":"1 minute"},"schema":{"@context":"https:\/\/schema.org","@graph":[{"@type":"WebPage","@id":"https:\/\/ecowise.lv\/product\/domo-2\/","url":"https:\/\/ecowise.lv\/product\/domo-2\/","name":"DOMO","isPartOf":{"@id":"https:\/\/ecowise.lv\/#website"},"primaryImageOfPage":{"@id":"https:\/\/ecowise.lv\/product\/domo-2\/#primaryimage"},"image":{"@id":"https:\/\/ecowise.lv\/product\/domo-2\/#primaryimage"},"thumbnailUrl":"https:\/\/ecowise.lv\/wp-content\/uploads\/2023\/10\/domo-productimage.jpg","datePublished":"2023-10-19T09:04:48+00:00","dateModified":"2024-01-05T13:22:01+00:00","description":"DOMO Kvadr\u0101tveida piepl\u016bdes gaisa difuzors","breadcrumb":{"@id":"https:\/\/ecowise.lv\/product\/domo-2\/#breadcrumb"},"inLanguage":"en-US","potentialAction":[{"@type":"ReadAction","target":["https:\/\/ecowise.lv\/product\/domo-2\/"]}]},{"@type":"ImageObject","inLanguage":"en-US","@id":"https:\/\/ecowise.lv\/product\/domo-2\/#primaryimage","url":"https:\/\/ecowise.lv\/wp-content\/uploads\/2023\/10\/domo-productimage.jpg","contentUrl":"https:\/\/ecowise.lv\/wp-content\/uploads\/2023\/10\/domo-productimage.jpg","width":768,"height":576,"caption":"Iek\u0161telpu klimats_priv\u0101tm\u0101ju ventil\u0101cija_Ecowise_"},{"@type":"BreadcrumbList","@id":"https:\/\/ecowise.lv\/product\/domo-2\/#breadcrumb","itemListElement":[{"@type":"ListItem","position":1,"name":"Products","item":"https:\/\/ecowise.lv\/shop\/"},{"@type":"ListItem","position":2,"name":"DOMO"}]},{"@type":"WebSite","@id":"https:\/\/ecowise.lv\/#website","url":"https:\/\/ecowise.lv\/","name":"Ecowise","description":"Ener\u0123ijas pat\u0113ri\u0146a samazin\u0101jums","publisher":{"@id":"https:\/\/ecowise.lv\/#organization"},"potentialAction":[{"@type":"SearchAction","target":{"@type":"EntryPoint","urlTemplate":"https:\/\/ecowise.lv\/?s={search_term_string}"},"query-input":{"@type":"PropertyValueSpecification","valueRequired":true,"valueName":"search_term_string"}}],"inLanguage":"en-US"},{"@type":"Organization","@id":"https:\/\/ecowise.lv\/#organization","name":"Ecowise","url":"https:\/\/ecowise.lv\/","logo":{"@type":"ImageObject","inLanguage":"en-US","@id":"https:\/\/ecowise.lv\/#\/schema\/logo\/image\/","url":"https:\/\/ecowise.lv\/wp-content\/uploads\/2023\/03\/logo.svg","contentUrl":"https:\/\/ecowise.lv\/wp-content\/uploads\/2023\/03\/logo.svg","width":207,"height":27,"caption":"Ecowise"},"image":{"@id":"https:\/\/ecowise.lv\/#\/schema\/logo\/image\/"}}]}},"_links":{"self":[{"href":"https:\/\/ecowise.lv\/en\/wp-json\/wp\/v2\/product\/4727","targetHints":{"allow":["GET"]}}],"collection":[{"href":"https:\/\/ecowise.lv\/en\/wp-json\/wp\/v2\/product"}],"about":[{"href":"https:\/\/ecowise.lv\/en\/wp-json\/wp\/v2\/types\/product"}],"wp:featuredmedia":[{"embeddable":true,"href":"https:\/\/ecowise.lv\/en\/wp-json\/wp\/v2\/media\/5571"}],"wp:attachment":[{"href":"https:\/\/ecowise.lv\/en\/wp-json\/wp\/v2\/media?parent=4727"}],"wp:term":[{"taxonomy":"product_brand","embeddable":true,"href":"https:\/\/ecowise.lv\/en\/wp-json\/wp\/v2\/product_brand?post=4727"},{"taxonomy":"product_cat","embeddable":true,"href":"https:\/\/ecowise.lv\/en\/wp-json\/wp\/v2\/product_cat?post=4727"},{"taxonomy":"product_tag","embeddable":true,"href":"https:\/\/ecowise.lv\/en\/wp-json\/wp\/v2\/product_tag?post=4727"}],"curies":[{"name":"wp","href":"https:\/\/api.w.org\/{rel}","templated":true}]}}