{"id":3855,"date":"2023-09-30T15:15:03","date_gmt":"2023-09-30T12:15:03","guid":{"rendered":"https:\/\/ecowise.lv\/?post_type=product&#038;p=3855"},"modified":"2023-09-30T15:37:33","modified_gmt":"2023-09-30T12:37:33","slug":"smart-link","status":"publish","type":"product","link":"https:\/\/ecowise.lv\/en\/product\/smart-link\/","title":{"rendered":"SMART Link+"},"content":{"rendered":"<section class=\"panel panel--compact panel--no-padding-top panel--no-padding-bottom\">\n<div class=\"panel__inner\">\n<div class=\"filters js-filters js-loader-overlay-holder\">\n<div class=\"row\">\n<p>System Linking Indoor Climate Requirements with Optimized Heating and Cooling Production<\/p>\n<p>Time and cost savings<\/p>\n<ul>\n<li>Economic operations, straight forward installation and user-friendliness are factors that are of great significance for property owners and installers.<\/li>\n<li>As the SMART Link+ is an embedded standard option on Swegon control platforms SMART Link reduces on-site installation time and costs as all that\u2019s needed is to connect all units to a network.<\/li>\n<\/ul>\n<p><strong>User friendly web-interface<\/strong><\/p>\n<ul>\n<li>All SMART Link+ functions for cooling\/heating units and access for external BMS for integration are available through the air handling units\u2019 controllers.<\/li>\n<\/ul>\n<p><strong>A complete energy management system<\/strong><\/p>\n<ul>\n<li>Several hydronic loops can be controlled and optimised from each air handling unit. E.g. loops for heating and cooling for central heating, chilled beams or fan coils.<\/li>\n<li>SMART Link+ also handles external heating and cooling system e.g. district heating and geothermal cooling.<\/li>\n<\/ul>\n<\/div>\n<div class=\"horizontal-scroller\" data-show-scroll-icon=\"true\"><\/div>\n<\/div>\n<\/div>\n<\/section>\n<div class=\"h-main-horizontal-padding\">\n<section id=\"wisewatervideo\" class=\"panel panel--compact theme--white\" data-name=\"wisewatervideo\">\n<div class=\"panel__inner\">\n<div class=\"row row--justify-around\">\n<div class=\"col col--span-s-10 col--span-l-8\">\n<div class=\"video-player video-player--cover\" data-video-id=\"FkEPcpCfxaA\" aria-busy=\"false\">\n<div class=\"video-player__overlay\">\n<div class=\"video-player__overlay-content\">\n<p><iframe title=\"WISE Water optimisation\" width=\"640\" height=\"360\" src=\"https:\/\/www.youtube.com\/embed\/FkEPcpCfxaA?feature=oembed\" frameborder=\"0\" allow=\"accelerometer; autoplay; clipboard-write; encrypted-media; gyroscope; picture-in-picture; web-share\" referrerpolicy=\"strict-origin-when-cross-origin\" allowfullscreen><\/iframe><\/p>\n<p>&nbsp;<\/p>\n<\/div>\n<\/div>\n<\/div>\n<\/div>\n<\/div>\n<\/div>\n<\/section>\n<\/div>","protected":false},"excerpt":{"rendered":"<h4>System Linking Indoor Climate Requirements with Optimized Heating and Cooling Production<\/h4>","protected":false},"featured_media":3856,"template":"","meta":{"_acf_changed":false,"inline_featured_image":false,"_links_to":"","_links_to_target":""},"product_brand":[],"product_cat":[96],"product_tag":[],"class_list":{"0":"post-3855","1":"product","2":"type-product","3":"status-publish","4":"has-post-thumbnail","6":"product_cat-vadiba","8":"first","9":"instock","10":"shipping-taxable","11":"product-type-simple"},"acf":[],"yoast_head":"<!-- This site is optimized with the Yoast SEO plugin v27.0 - https:\/\/yoast.com\/product\/yoast-seo-wordpress\/ -->\n<title>SMART Link+ - Ecowise<\/title>\n<meta name=\"robots\" content=\"index, follow, max-snippet:-1, max-image-preview:large, max-video-preview:-1\" \/>\n<link rel=\"canonical\" href=\"https:\/\/ecowise.lv\/en\/product\/smart-link\/\" \/>\n<meta property=\"og:locale\" content=\"en_US\" \/>\n<meta property=\"og:type\" content=\"article\" \/>\n<meta property=\"og:title\" content=\"SMART Link+ - Ecowise\" \/>\n<meta property=\"og:description\" content=\"Sist\u0113ma, kas saista iek\u0161telpu klimata pras\u012bbas ar optimiz\u0113tu apkures un dzes\u0113\u0161anas ra\u017eo\u0161anu\" \/>\n<meta property=\"og:url\" content=\"https:\/\/ecowise.lv\/en\/product\/smart-link\/\" \/>\n<meta property=\"og:site_name\" content=\"Ecowise\" \/>\n<meta property=\"article:modified_time\" content=\"2023-09-30T12:37:33+00:00\" \/>\n<meta property=\"og:image\" content=\"https:\/\/ecowise.lv\/wp-content\/uploads\/2023\/09\/smartlink.jpg\" \/>\n\t<meta property=\"og:image:width\" content=\"750\" \/>\n\t<meta property=\"og:image:height\" content=\"469\" \/>\n\t<meta property=\"og:image:type\" content=\"image\/jpeg\" \/>\n<meta name=\"twitter:card\" content=\"summary_large_image\" \/>\n<meta name=\"twitter:label1\" content=\"Est. reading time\" \/>\n\t<meta name=\"twitter:data1\" content=\"1 minute\" \/>\n<script type=\"application\/ld+json\" class=\"yoast-schema-graph\">{\"@context\":\"https:\/\/schema.org\",\"@graph\":[{\"@type\":\"WebPage\",\"@id\":\"https:\/\/ecowise.lv\/product\/smart-link\/\",\"url\":\"https:\/\/ecowise.lv\/product\/smart-link\/\",\"name\":\"SMART Link+ - Ecowise\",\"isPartOf\":{\"@id\":\"https:\/\/ecowise.lv\/#website\"},\"primaryImageOfPage\":{\"@id\":\"https:\/\/ecowise.lv\/product\/smart-link\/#primaryimage\"},\"image\":{\"@id\":\"https:\/\/ecowise.lv\/product\/smart-link\/#primaryimage\"},\"thumbnailUrl\":\"https:\/\/ecowise.lv\/wp-content\/uploads\/2023\/09\/smartlink.jpg\",\"datePublished\":\"2023-09-30T12:15:03+00:00\",\"dateModified\":\"2023-09-30T12:37:33+00:00\",\"breadcrumb\":{\"@id\":\"https:\/\/ecowise.lv\/product\/smart-link\/#breadcrumb\"},\"inLanguage\":\"en-US\",\"potentialAction\":[{\"@type\":\"ReadAction\",\"target\":[\"https:\/\/ecowise.lv\/product\/smart-link\/\"]}]},{\"@type\":\"ImageObject\",\"inLanguage\":\"en-US\",\"@id\":\"https:\/\/ecowise.lv\/product\/smart-link\/#primaryimage\",\"url\":\"https:\/\/ecowise.lv\/wp-content\/uploads\/2023\/09\/smartlink.jpg\",\"contentUrl\":\"https:\/\/ecowise.lv\/wp-content\/uploads\/2023\/09\/smartlink.jpg\",\"width\":750,\"height\":469},{\"@type\":\"BreadcrumbList\",\"@id\":\"https:\/\/ecowise.lv\/product\/smart-link\/#breadcrumb\",\"itemListElement\":[{\"@type\":\"ListItem\",\"position\":1,\"name\":\"Products\",\"item\":\"https:\/\/ecowise.lv\/shop\/\"},{\"@type\":\"ListItem\",\"position\":2,\"name\":\"SMART Link+\"}]},{\"@type\":\"WebSite\",\"@id\":\"https:\/\/ecowise.lv\/#website\",\"url\":\"https:\/\/ecowise.lv\/\",\"name\":\"Ecowise\",\"description\":\"Ener\u0123ijas pat\u0113ri\u0146a samazin\u0101jums\",\"publisher\":{\"@id\":\"https:\/\/ecowise.lv\/#organization\"},\"potentialAction\":[{\"@type\":\"SearchAction\",\"target\":{\"@type\":\"EntryPoint\",\"urlTemplate\":\"https:\/\/ecowise.lv\/?s={search_term_string}\"},\"query-input\":{\"@type\":\"PropertyValueSpecification\",\"valueRequired\":true,\"valueName\":\"search_term_string\"}}],\"inLanguage\":\"en-US\"},{\"@type\":\"Organization\",\"@id\":\"https:\/\/ecowise.lv\/#organization\",\"name\":\"Ecowise\",\"url\":\"https:\/\/ecowise.lv\/\",\"logo\":{\"@type\":\"ImageObject\",\"inLanguage\":\"en-US\",\"@id\":\"https:\/\/ecowise.lv\/#\/schema\/logo\/image\/\",\"url\":\"https:\/\/ecowise.lv\/wp-content\/uploads\/2023\/03\/logo.svg\",\"contentUrl\":\"https:\/\/ecowise.lv\/wp-content\/uploads\/2023\/03\/logo.svg\",\"width\":207,\"height\":27,\"caption\":\"Ecowise\"},\"image\":{\"@id\":\"https:\/\/ecowise.lv\/#\/schema\/logo\/image\/\"}}]}<\/script>\n<!-- \/ Yoast SEO plugin. -->","yoast_head_json":{"title":"SMART Link+ - Ecowise","robots":{"index":"index","follow":"follow","max-snippet":"max-snippet:-1","max-image-preview":"max-image-preview:large","max-video-preview":"max-video-preview:-1"},"canonical":"https:\/\/ecowise.lv\/en\/product\/smart-link\/","og_locale":"en_US","og_type":"article","og_title":"SMART Link+ - Ecowise","og_description":"Sist\u0113ma, kas saista iek\u0161telpu klimata pras\u012bbas ar optimiz\u0113tu apkures un dzes\u0113\u0161anas ra\u017eo\u0161anu","og_url":"https:\/\/ecowise.lv\/en\/product\/smart-link\/","og_site_name":"Ecowise","article_modified_time":"2023-09-30T12:37:33+00:00","og_image":[{"width":750,"height":469,"url":"https:\/\/ecowise.lv\/wp-content\/uploads\/2023\/09\/smartlink.jpg","type":"image\/jpeg"}],"twitter_card":"summary_large_image","twitter_misc":{"Est. reading time":"1 minute"},"schema":{"@context":"https:\/\/schema.org","@graph":[{"@type":"WebPage","@id":"https:\/\/ecowise.lv\/product\/smart-link\/","url":"https:\/\/ecowise.lv\/product\/smart-link\/","name":"SMART Link+ - Ecowise","isPartOf":{"@id":"https:\/\/ecowise.lv\/#website"},"primaryImageOfPage":{"@id":"https:\/\/ecowise.lv\/product\/smart-link\/#primaryimage"},"image":{"@id":"https:\/\/ecowise.lv\/product\/smart-link\/#primaryimage"},"thumbnailUrl":"https:\/\/ecowise.lv\/wp-content\/uploads\/2023\/09\/smartlink.jpg","datePublished":"2023-09-30T12:15:03+00:00","dateModified":"2023-09-30T12:37:33+00:00","breadcrumb":{"@id":"https:\/\/ecowise.lv\/product\/smart-link\/#breadcrumb"},"inLanguage":"en-US","potentialAction":[{"@type":"ReadAction","target":["https:\/\/ecowise.lv\/product\/smart-link\/"]}]},{"@type":"ImageObject","inLanguage":"en-US","@id":"https:\/\/ecowise.lv\/product\/smart-link\/#primaryimage","url":"https:\/\/ecowise.lv\/wp-content\/uploads\/2023\/09\/smartlink.jpg","contentUrl":"https:\/\/ecowise.lv\/wp-content\/uploads\/2023\/09\/smartlink.jpg","width":750,"height":469},{"@type":"BreadcrumbList","@id":"https:\/\/ecowise.lv\/product\/smart-link\/#breadcrumb","itemListElement":[{"@type":"ListItem","position":1,"name":"Products","item":"https:\/\/ecowise.lv\/shop\/"},{"@type":"ListItem","position":2,"name":"SMART Link+"}]},{"@type":"WebSite","@id":"https:\/\/ecowise.lv\/#website","url":"https:\/\/ecowise.lv\/","name":"Ecowise","description":"Ener\u0123ijas pat\u0113ri\u0146a samazin\u0101jums","publisher":{"@id":"https:\/\/ecowise.lv\/#organization"},"potentialAction":[{"@type":"SearchAction","target":{"@type":"EntryPoint","urlTemplate":"https:\/\/ecowise.lv\/?s={search_term_string}"},"query-input":{"@type":"PropertyValueSpecification","valueRequired":true,"valueName":"search_term_string"}}],"inLanguage":"en-US"},{"@type":"Organization","@id":"https:\/\/ecowise.lv\/#organization","name":"Ecowise","url":"https:\/\/ecowise.lv\/","logo":{"@type":"ImageObject","inLanguage":"en-US","@id":"https:\/\/ecowise.lv\/#\/schema\/logo\/image\/","url":"https:\/\/ecowise.lv\/wp-content\/uploads\/2023\/03\/logo.svg","contentUrl":"https:\/\/ecowise.lv\/wp-content\/uploads\/2023\/03\/logo.svg","width":207,"height":27,"caption":"Ecowise"},"image":{"@id":"https:\/\/ecowise.lv\/#\/schema\/logo\/image\/"}}]}},"_links":{"self":[{"href":"https:\/\/ecowise.lv\/en\/wp-json\/wp\/v2\/product\/3855","targetHints":{"allow":["GET"]}}],"collection":[{"href":"https:\/\/ecowise.lv\/en\/wp-json\/wp\/v2\/product"}],"about":[{"href":"https:\/\/ecowise.lv\/en\/wp-json\/wp\/v2\/types\/product"}],"wp:featuredmedia":[{"embeddable":true,"href":"https:\/\/ecowise.lv\/en\/wp-json\/wp\/v2\/media\/3856"}],"wp:attachment":[{"href":"https:\/\/ecowise.lv\/en\/wp-json\/wp\/v2\/media?parent=3855"}],"wp:term":[{"taxonomy":"product_brand","embeddable":true,"href":"https:\/\/ecowise.lv\/en\/wp-json\/wp\/v2\/product_brand?post=3855"},{"taxonomy":"product_cat","embeddable":true,"href":"https:\/\/ecowise.lv\/en\/wp-json\/wp\/v2\/product_cat?post=3855"},{"taxonomy":"product_tag","embeddable":true,"href":"https:\/\/ecowise.lv\/en\/wp-json\/wp\/v2\/product_tag?post=3855"}],"curies":[{"name":"wp","href":"https:\/\/api.w.org\/{rel}","templated":true}]}}