{"id":3829,"date":"2023-09-30T13:24:05","date_gmt":"2023-09-30T10:24:05","guid":{"rendered":"https:\/\/ecowise.lv\/?post_type=product&#038;p=3829"},"modified":"2023-09-30T13:24:05","modified_gmt":"2023-09-30T10:24:05","slug":"coolblade-btd-sky-r7","status":"publish","type":"product","link":"https:\/\/ecowise.lv\/en\/product\/coolblade-btd-sky-r7\/","title":{"rendered":"COOLBLADE BTD Sky R7"},"content":{"rendered":"<p id=\"tw-target-text\" class=\"tw-data-text tw-text-large tw-ta\" dir=\"ltr\" data-placeholder=\"Translation\"><span class=\"Y2IQFc\" lang=\"lv\">The Coolblade range is specifically dedicated to Data Centres, in applications characterised by \u201chot aisle\u201d and \u201ccold aisle\u201d layouts or in systems with containment and separation of the hot part from the cold part. 13\u00f727kW <\/span><\/p>\n<p class=\"tw-data-text tw-text-large tw-ta\" dir=\"ltr\" data-placeholder=\"Translation\"><strong><span class=\"Y2IQFc\" lang=\"lv\">Configurations <\/span><\/strong><\/p>\n<p class=\"tw-data-text tw-text-large tw-ta\" dir=\"ltr\" data-placeholder=\"Translation\"><span class=\"Y2IQFc\" lang=\"lv\">DX: Direct expansion air conditioning unit for coupling to external motocondensing unit. <\/span><\/p>\n<p class=\"tw-data-text tw-text-large tw-ta\" dir=\"ltr\" data-placeholder=\"Translation\"><strong><span class=\"Y2IQFc\" lang=\"lv\">Strengths <\/span><\/strong><\/p>\n<ul>\n<li class=\"tw-data-text tw-text-large tw-ta\" dir=\"ltr\" data-placeholder=\"Translation\"><span class=\"Y2IQFc\" lang=\"lv\">High heat removal on small footprint <\/span><\/li>\n<li class=\"tw-data-text tw-text-large tw-ta\" dir=\"ltr\" data-placeholder=\"Translation\"><span class=\"Y2IQFc\" lang=\"lv\">Axial and radial fan configuration <\/span><\/li>\n<li class=\"tw-data-text tw-text-large tw-ta\" dir=\"ltr\" data-placeholder=\"Translation\"><span class=\"Y2IQFc\" lang=\"lv\">Very high efficiency (increased in axial fan configuration) <\/span><\/li>\n<li class=\"tw-data-text tw-text-large tw-ta\" dir=\"ltr\" data-placeholder=\"Translation\"><span class=\"Y2IQFc\" lang=\"lv\">Installation flexibility <\/span><\/li>\n<li class=\"tw-data-text tw-text-large tw-ta\" dir=\"ltr\" data-placeholder=\"Translation\"><span class=\"Y2IQFc\" lang=\"lv\">Refrigerant R32 - GWP=677<\/span><\/li>\n<\/ul>","protected":false},"excerpt":{"rendered":"<h4><span class=\"Y2IQFc\" lang=\"lv\">The Coolblade range is specifically dedicated to Data Centres, in applications characterised by \u201chot aisle\u201d and \u201ccold aisle\u201d layouts or in systems with containment and separation of the hot part from the cold part.<\/span><\/h4>\n<h4><span class=\"Y2IQFc\" lang=\"lv\">R32, 13\u00f727kW<\/span><\/h4>","protected":false},"featured_media":3830,"template":"","meta":{"_acf_changed":false,"inline_featured_image":false,"_links_to":"","_links_to_target":""},"product_brand":[],"product_cat":[92],"product_tag":[],"class_list":{"0":"post-3829","1":"product","2":"type-product","3":"status-publish","4":"has-post-thumbnail","6":"product_cat-it-aukstumiekartas","8":"first","9":"instock","10":"shipping-taxable","11":"product-type-simple"},"acf":[],"yoast_head":"<!-- This site is optimized with the Yoast SEO plugin v27.0 - https:\/\/yoast.com\/product\/yoast-seo-wordpress\/ -->\n<title>COOLBLADE BTD Sky R7 - Ecowise<\/title>\n<meta name=\"robots\" content=\"index, follow, max-snippet:-1, max-image-preview:large, max-video-preview:-1\" \/>\n<link rel=\"canonical\" href=\"https:\/\/ecowise.lv\/en\/product\/coolblade-btd-sky-r7\/\" \/>\n<meta property=\"og:locale\" content=\"en_US\" \/>\n<meta property=\"og:type\" content=\"article\" \/>\n<meta property=\"og:title\" content=\"COOLBLADE BTD Sky R7 - Ecowise\" \/>\n<meta property=\"og:description\" content=\"Coolblade kl\u0101sts ir \u012bpa\u0161i paredz\u0113ts datu centriem, kur rakstur\u012bgs &quot;karst\u0101s ejas&quot; un &quot;aukst\u0101s ejas&quot; izk\u0101rtojums, vai sist\u0113m\u0101s ar izol\u0101ciju un karst\u0101s da\u013cas atdal\u012b\u0161anu no aukst\u0101s da\u013cas R32, 13\u00f727kW\" \/>\n<meta property=\"og:url\" content=\"https:\/\/ecowise.lv\/en\/product\/coolblade-btd-sky-r7\/\" \/>\n<meta property=\"og:site_name\" content=\"Ecowise\" \/>\n<meta property=\"og:image\" content=\"https:\/\/ecowise.lv\/wp-content\/uploads\/2023\/09\/coolblade-btd-ed-axial.png\" \/>\n\t<meta property=\"og:image:width\" content=\"768\" \/>\n\t<meta property=\"og:image:height\" content=\"576\" \/>\n\t<meta property=\"og:image:type\" content=\"image\/png\" \/>\n<meta name=\"twitter:card\" content=\"summary_large_image\" \/>\n<meta name=\"twitter:label1\" content=\"Est. reading time\" \/>\n\t<meta name=\"twitter:data1\" content=\"1 minute\" \/>\n<script type=\"application\/ld+json\" class=\"yoast-schema-graph\">{\"@context\":\"https:\/\/schema.org\",\"@graph\":[{\"@type\":\"WebPage\",\"@id\":\"https:\/\/ecowise.lv\/product\/coolblade-btd-sky-r7\/\",\"url\":\"https:\/\/ecowise.lv\/product\/coolblade-btd-sky-r7\/\",\"name\":\"COOLBLADE BTD Sky R7 - Ecowise\",\"isPartOf\":{\"@id\":\"https:\/\/ecowise.lv\/#website\"},\"primaryImageOfPage\":{\"@id\":\"https:\/\/ecowise.lv\/product\/coolblade-btd-sky-r7\/#primaryimage\"},\"image\":{\"@id\":\"https:\/\/ecowise.lv\/product\/coolblade-btd-sky-r7\/#primaryimage\"},\"thumbnailUrl\":\"https:\/\/ecowise.lv\/wp-content\/uploads\/2023\/09\/coolblade-btd-ed-axial.png\",\"datePublished\":\"2023-09-30T10:24:05+00:00\",\"breadcrumb\":{\"@id\":\"https:\/\/ecowise.lv\/product\/coolblade-btd-sky-r7\/#breadcrumb\"},\"inLanguage\":\"en-US\",\"potentialAction\":[{\"@type\":\"ReadAction\",\"target\":[\"https:\/\/ecowise.lv\/product\/coolblade-btd-sky-r7\/\"]}]},{\"@type\":\"ImageObject\",\"inLanguage\":\"en-US\",\"@id\":\"https:\/\/ecowise.lv\/product\/coolblade-btd-sky-r7\/#primaryimage\",\"url\":\"https:\/\/ecowise.lv\/wp-content\/uploads\/2023\/09\/coolblade-btd-ed-axial.png\",\"contentUrl\":\"https:\/\/ecowise.lv\/wp-content\/uploads\/2023\/09\/coolblade-btd-ed-axial.png\",\"width\":768,\"height\":576},{\"@type\":\"BreadcrumbList\",\"@id\":\"https:\/\/ecowise.lv\/product\/coolblade-btd-sky-r7\/#breadcrumb\",\"itemListElement\":[{\"@type\":\"ListItem\",\"position\":1,\"name\":\"Products\",\"item\":\"https:\/\/ecowise.lv\/shop\/\"},{\"@type\":\"ListItem\",\"position\":2,\"name\":\"COOLBLADE BTD Sky R7\"}]},{\"@type\":\"WebSite\",\"@id\":\"https:\/\/ecowise.lv\/#website\",\"url\":\"https:\/\/ecowise.lv\/\",\"name\":\"Ecowise\",\"description\":\"Ener\u0123ijas pat\u0113ri\u0146a samazin\u0101jums\",\"publisher\":{\"@id\":\"https:\/\/ecowise.lv\/#organization\"},\"potentialAction\":[{\"@type\":\"SearchAction\",\"target\":{\"@type\":\"EntryPoint\",\"urlTemplate\":\"https:\/\/ecowise.lv\/?s={search_term_string}\"},\"query-input\":{\"@type\":\"PropertyValueSpecification\",\"valueRequired\":true,\"valueName\":\"search_term_string\"}}],\"inLanguage\":\"en-US\"},{\"@type\":\"Organization\",\"@id\":\"https:\/\/ecowise.lv\/#organization\",\"name\":\"Ecowise\",\"url\":\"https:\/\/ecowise.lv\/\",\"logo\":{\"@type\":\"ImageObject\",\"inLanguage\":\"en-US\",\"@id\":\"https:\/\/ecowise.lv\/#\/schema\/logo\/image\/\",\"url\":\"https:\/\/ecowise.lv\/wp-content\/uploads\/2023\/03\/logo.svg\",\"contentUrl\":\"https:\/\/ecowise.lv\/wp-content\/uploads\/2023\/03\/logo.svg\",\"width\":207,\"height\":27,\"caption\":\"Ecowise\"},\"image\":{\"@id\":\"https:\/\/ecowise.lv\/#\/schema\/logo\/image\/\"}}]}<\/script>\n<!-- \/ Yoast SEO plugin. -->","yoast_head_json":{"title":"COOLBLADE BTD Sky R7 - Ecowise","robots":{"index":"index","follow":"follow","max-snippet":"max-snippet:-1","max-image-preview":"max-image-preview:large","max-video-preview":"max-video-preview:-1"},"canonical":"https:\/\/ecowise.lv\/en\/product\/coolblade-btd-sky-r7\/","og_locale":"en_US","og_type":"article","og_title":"COOLBLADE BTD Sky R7 - Ecowise","og_description":"Coolblade kl\u0101sts ir \u012bpa\u0161i paredz\u0113ts datu centriem, kur rakstur\u012bgs \"karst\u0101s ejas\" un \"aukst\u0101s ejas\" izk\u0101rtojums, vai sist\u0113m\u0101s ar izol\u0101ciju un karst\u0101s da\u013cas atdal\u012b\u0161anu no aukst\u0101s da\u013cas R32, 13\u00f727kW","og_url":"https:\/\/ecowise.lv\/en\/product\/coolblade-btd-sky-r7\/","og_site_name":"Ecowise","og_image":[{"width":768,"height":576,"url":"https:\/\/ecowise.lv\/wp-content\/uploads\/2023\/09\/coolblade-btd-ed-axial.png","type":"image\/png"}],"twitter_card":"summary_large_image","twitter_misc":{"Est. reading time":"1 minute"},"schema":{"@context":"https:\/\/schema.org","@graph":[{"@type":"WebPage","@id":"https:\/\/ecowise.lv\/product\/coolblade-btd-sky-r7\/","url":"https:\/\/ecowise.lv\/product\/coolblade-btd-sky-r7\/","name":"COOLBLADE BTD Sky R7 - Ecowise","isPartOf":{"@id":"https:\/\/ecowise.lv\/#website"},"primaryImageOfPage":{"@id":"https:\/\/ecowise.lv\/product\/coolblade-btd-sky-r7\/#primaryimage"},"image":{"@id":"https:\/\/ecowise.lv\/product\/coolblade-btd-sky-r7\/#primaryimage"},"thumbnailUrl":"https:\/\/ecowise.lv\/wp-content\/uploads\/2023\/09\/coolblade-btd-ed-axial.png","datePublished":"2023-09-30T10:24:05+00:00","breadcrumb":{"@id":"https:\/\/ecowise.lv\/product\/coolblade-btd-sky-r7\/#breadcrumb"},"inLanguage":"en-US","potentialAction":[{"@type":"ReadAction","target":["https:\/\/ecowise.lv\/product\/coolblade-btd-sky-r7\/"]}]},{"@type":"ImageObject","inLanguage":"en-US","@id":"https:\/\/ecowise.lv\/product\/coolblade-btd-sky-r7\/#primaryimage","url":"https:\/\/ecowise.lv\/wp-content\/uploads\/2023\/09\/coolblade-btd-ed-axial.png","contentUrl":"https:\/\/ecowise.lv\/wp-content\/uploads\/2023\/09\/coolblade-btd-ed-axial.png","width":768,"height":576},{"@type":"BreadcrumbList","@id":"https:\/\/ecowise.lv\/product\/coolblade-btd-sky-r7\/#breadcrumb","itemListElement":[{"@type":"ListItem","position":1,"name":"Products","item":"https:\/\/ecowise.lv\/shop\/"},{"@type":"ListItem","position":2,"name":"COOLBLADE BTD Sky R7"}]},{"@type":"WebSite","@id":"https:\/\/ecowise.lv\/#website","url":"https:\/\/ecowise.lv\/","name":"Ecowise","description":"Ener\u0123ijas pat\u0113ri\u0146a samazin\u0101jums","publisher":{"@id":"https:\/\/ecowise.lv\/#organization"},"potentialAction":[{"@type":"SearchAction","target":{"@type":"EntryPoint","urlTemplate":"https:\/\/ecowise.lv\/?s={search_term_string}"},"query-input":{"@type":"PropertyValueSpecification","valueRequired":true,"valueName":"search_term_string"}}],"inLanguage":"en-US"},{"@type":"Organization","@id":"https:\/\/ecowise.lv\/#organization","name":"Ecowise","url":"https:\/\/ecowise.lv\/","logo":{"@type":"ImageObject","inLanguage":"en-US","@id":"https:\/\/ecowise.lv\/#\/schema\/logo\/image\/","url":"https:\/\/ecowise.lv\/wp-content\/uploads\/2023\/03\/logo.svg","contentUrl":"https:\/\/ecowise.lv\/wp-content\/uploads\/2023\/03\/logo.svg","width":207,"height":27,"caption":"Ecowise"},"image":{"@id":"https:\/\/ecowise.lv\/#\/schema\/logo\/image\/"}}]}},"_links":{"self":[{"href":"https:\/\/ecowise.lv\/en\/wp-json\/wp\/v2\/product\/3829","targetHints":{"allow":["GET"]}}],"collection":[{"href":"https:\/\/ecowise.lv\/en\/wp-json\/wp\/v2\/product"}],"about":[{"href":"https:\/\/ecowise.lv\/en\/wp-json\/wp\/v2\/types\/product"}],"wp:featuredmedia":[{"embeddable":true,"href":"https:\/\/ecowise.lv\/en\/wp-json\/wp\/v2\/media\/3830"}],"wp:attachment":[{"href":"https:\/\/ecowise.lv\/en\/wp-json\/wp\/v2\/media?parent=3829"}],"wp:term":[{"taxonomy":"product_brand","embeddable":true,"href":"https:\/\/ecowise.lv\/en\/wp-json\/wp\/v2\/product_brand?post=3829"},{"taxonomy":"product_cat","embeddable":true,"href":"https:\/\/ecowise.lv\/en\/wp-json\/wp\/v2\/product_cat?post=3829"},{"taxonomy":"product_tag","embeddable":true,"href":"https:\/\/ecowise.lv\/en\/wp-json\/wp\/v2\/product_tag?post=3829"}],"curies":[{"name":"wp","href":"https:\/\/api.w.org\/{rel}","templated":true}]}}