{"id":3696,"date":"2023-09-30T09:53:26","date_gmt":"2023-09-30T06:53:26","guid":{"rendered":"https:\/\/ecowise.lv\/?post_type=product&#038;p=3696"},"modified":"2024-02-29T14:04:48","modified_gmt":"2024-02-29T12:04:48","slug":"omega-sky-xi-lgw","status":"publish","type":"product","link":"https:\/\/ecowise.lv\/en\/product\/omega-sky-xi-lgw\/","title":{"rendered":"OMEGA Sky Xi LGW"},"content":{"rendered":"<p id=\"tw-target-text\" class=\"tw-data-text tw-text-large tw-ta\" dir=\"ltr\" data-placeholder=\"Translation\"><span class=\"Y2IQFc\" lang=\"lv\">Water-cooled chiller and heat pumps, screw compressors with variable compression ratio and inverter control capacity modulation, R1234ze GWP &lt; 1, 184-684 kW <\/span><\/p>\n<p class=\"tw-data-text tw-text-large tw-ta\" dir=\"ltr\" data-placeholder=\"Translation\"><span class=\"Y2IQFc\" lang=\"lv\">Water-condensed liquid chillers and heat pumps for indoor applications; screw compressor with variable compression ratio and inverter for capacity modulation. <\/span><\/p>\n<p class=\"tw-data-text tw-text-large tw-ta\" dir=\"ltr\" data-placeholder=\"Translation\"><strong><span class=\"Y2IQFc\" lang=\"lv\">Configurations <\/span><\/strong><\/p>\n<p class=\"tw-data-text tw-text-large tw-ta\" dir=\"ltr\" data-placeholder=\"Translation\"><span class=\"Y2IQFc\" lang=\"lv\">HPW: reversible heat pump version on water side <\/span><\/p>\n<p class=\"tw-data-text tw-text-large tw-ta\" dir=\"ltr\" data-placeholder=\"Translation\"><span class=\"Y2IQFc\" lang=\"lv\">OH: non-reversible heat pump version <\/span><\/p>\n<p class=\"tw-data-text tw-text-large tw-ta\" dir=\"ltr\" data-placeholder=\"Translation\"><span class=\"Y2IQFc\" lang=\"lv\">LN: low noise unit <\/span><\/p>\n<p class=\"tw-data-text tw-text-large tw-ta\" dir=\"ltr\" data-placeholder=\"Translation\"><span class=\"Y2IQFc\" lang=\"lv\">DC: execution with recovery condenser <\/span><\/p>\n<p class=\"tw-data-text tw-text-large tw-ta\" dir=\"ltr\" data-placeholder=\"Translation\"><strong><span class=\"Y2IQFc\" lang=\"lv\">Strengths <\/span><\/strong><\/p>\n<ul>\n<li class=\"tw-data-text tw-text-large tw-ta\" dir=\"ltr\" data-placeholder=\"Translation\"><span class=\"Y2IQFc\" lang=\"lv\">Max. efficiency at partial loads: SEER up to 8,2 and SEPR up to 9 <\/span><\/li>\n<li class=\"tw-data-text tw-text-large tw-ta\" dir=\"ltr\" data-placeholder=\"Translation\"><span class=\"Y2IQFc\" lang=\"lv\">Ecodesign Tier 2 compliant <\/span><\/li>\n<li class=\"tw-data-text tw-text-large tw-ta\" dir=\"ltr\" data-placeholder=\"Translation\"><span class=\"Y2IQFc\" lang=\"lv\">Refrigerant R1234ze with GWP&lt;1 <\/span><\/li>\n<li class=\"tw-data-text tw-text-large tw-ta\" dir=\"ltr\" data-placeholder=\"Translation\"><span class=\"Y2IQFc\" lang=\"lv\">Hybrid Falling Film evaporator with low refrigerant load <\/span><\/li>\n<li class=\"tw-data-text tw-text-large tw-ta\" dir=\"ltr\" data-placeholder=\"Translation\"><span class=\"Y2IQFc\" lang=\"lv\">Variable Vi screw compressor with external inverter <\/span><\/li>\n<li class=\"tw-data-text tw-text-large tw-ta\" dir=\"ltr\" data-placeholder=\"Translation\"><span class=\"Y2IQFc\" lang=\"lv\">Version with chiller and heat pump, each with optimised operating range <\/span><\/li>\n<li class=\"tw-data-text tw-text-large tw-ta\" dir=\"ltr\" data-placeholder=\"Translation\"><span class=\"Y2IQFc\" lang=\"lv\">Hot water production up to 65 \u00b0 C <\/span><\/li>\n<li class=\"tw-data-text tw-text-large tw-ta\" dir=\"ltr\" data-placeholder=\"Translation\"><span class=\"Y2IQFc\" lang=\"lv\">BlueThink advanced control with integrated web server. Multilogic function and Blueye\u00ae supervision system. (options)<\/span><\/li>\n<\/ul>","protected":false},"excerpt":{"rendered":"<h4><span class=\"Y2IQFc\" lang=\"lv\">Water-cooled chiller and heat pumps, screw compressors with variable compression ratio and inverter control capacity modulation<\/span><\/h4>\n<h4><span class=\"Y2IQFc\" lang=\"lv\">R1234ze GWP &lt; 1, 184-684 kW<\/span><\/h4>","protected":false},"featured_media":3703,"template":"","meta":{"_acf_changed":false,"inline_featured_image":false,"_links_to":"","_links_to_target":""},"product_brand":[],"product_cat":[85],"product_tag":[],"class_list":{"0":"post-3696","1":"product","2":"type-product","3":"status-publish","4":"has-post-thumbnail","6":"product_cat-udens-udens-cilleri-un-siltumsukni","8":"first","9":"instock","10":"shipping-taxable","11":"product-type-simple"},"acf":[],"yoast_head":"<!-- This site is optimized with the Yoast SEO plugin v27.0 - https:\/\/yoast.com\/product\/yoast-seo-wordpress\/ -->\n<title>OMEGA Sky Xi LGW - Ecowise<\/title>\n<meta name=\"robots\" content=\"index, follow, max-snippet:-1, max-image-preview:large, max-video-preview:-1\" \/>\n<link rel=\"canonical\" href=\"https:\/\/ecowise.lv\/en\/product\/omega-sky-xi-lgw\/\" \/>\n<meta property=\"og:locale\" content=\"en_US\" \/>\n<meta property=\"og:type\" content=\"article\" \/>\n<meta property=\"og:title\" content=\"OMEGA Sky Xi LGW - Ecowise\" \/>\n<meta property=\"og:description\" content=\"\u016adens - \u016bdens \u010dilleri un siltums\u016bk\u0146i, skr\u016bves kompresori ar main\u012bgu kompresijas pak\u0101pi un invertora vad\u012bbas jaudas modul\u0101ciju R1234ze GWP &lt; 1, 184-684 kW\" \/>\n<meta property=\"og:url\" content=\"https:\/\/ecowise.lv\/en\/product\/omega-sky-xi-lgw\/\" \/>\n<meta property=\"og:site_name\" content=\"Ecowise\" \/>\n<meta property=\"article:modified_time\" content=\"2024-02-29T12:04:48+00:00\" \/>\n<meta property=\"og:image\" content=\"https:\/\/ecowise.lv\/wp-content\/uploads\/2023\/09\/omega-sky-xi-1.png\" \/>\n\t<meta property=\"og:image:width\" content=\"1024\" \/>\n\t<meta property=\"og:image:height\" content=\"576\" \/>\n\t<meta property=\"og:image:type\" content=\"image\/png\" \/>\n<meta name=\"twitter:card\" content=\"summary_large_image\" \/>\n<meta name=\"twitter:label1\" content=\"Est. reading time\" \/>\n\t<meta name=\"twitter:data1\" content=\"1 minute\" \/>\n<script type=\"application\/ld+json\" class=\"yoast-schema-graph\">{\"@context\":\"https:\/\/schema.org\",\"@graph\":[{\"@type\":\"WebPage\",\"@id\":\"https:\/\/ecowise.lv\/product\/omega-sky-xi-lgw\/\",\"url\":\"https:\/\/ecowise.lv\/product\/omega-sky-xi-lgw\/\",\"name\":\"OMEGA Sky Xi LGW - Ecowise\",\"isPartOf\":{\"@id\":\"https:\/\/ecowise.lv\/#website\"},\"primaryImageOfPage\":{\"@id\":\"https:\/\/ecowise.lv\/product\/omega-sky-xi-lgw\/#primaryimage\"},\"image\":{\"@id\":\"https:\/\/ecowise.lv\/product\/omega-sky-xi-lgw\/#primaryimage\"},\"thumbnailUrl\":\"https:\/\/ecowise.lv\/wp-content\/uploads\/2023\/09\/omega-sky-xi-1.png\",\"datePublished\":\"2023-09-30T06:53:26+00:00\",\"dateModified\":\"2024-02-29T12:04:48+00:00\",\"breadcrumb\":{\"@id\":\"https:\/\/ecowise.lv\/product\/omega-sky-xi-lgw\/#breadcrumb\"},\"inLanguage\":\"en-US\",\"potentialAction\":[{\"@type\":\"ReadAction\",\"target\":[\"https:\/\/ecowise.lv\/product\/omega-sky-xi-lgw\/\"]}]},{\"@type\":\"ImageObject\",\"inLanguage\":\"en-US\",\"@id\":\"https:\/\/ecowise.lv\/product\/omega-sky-xi-lgw\/#primaryimage\",\"url\":\"https:\/\/ecowise.lv\/wp-content\/uploads\/2023\/09\/omega-sky-xi-1.png\",\"contentUrl\":\"https:\/\/ecowise.lv\/wp-content\/uploads\/2023\/09\/omega-sky-xi-1.png\",\"width\":1024,\"height\":576},{\"@type\":\"BreadcrumbList\",\"@id\":\"https:\/\/ecowise.lv\/product\/omega-sky-xi-lgw\/#breadcrumb\",\"itemListElement\":[{\"@type\":\"ListItem\",\"position\":1,\"name\":\"Products\",\"item\":\"https:\/\/ecowise.lv\/shop\/\"},{\"@type\":\"ListItem\",\"position\":2,\"name\":\"OMEGA Sky Xi LGW\"}]},{\"@type\":\"WebSite\",\"@id\":\"https:\/\/ecowise.lv\/#website\",\"url\":\"https:\/\/ecowise.lv\/\",\"name\":\"Ecowise\",\"description\":\"Ener\u0123ijas pat\u0113ri\u0146a samazin\u0101jums\",\"publisher\":{\"@id\":\"https:\/\/ecowise.lv\/#organization\"},\"potentialAction\":[{\"@type\":\"SearchAction\",\"target\":{\"@type\":\"EntryPoint\",\"urlTemplate\":\"https:\/\/ecowise.lv\/?s={search_term_string}\"},\"query-input\":{\"@type\":\"PropertyValueSpecification\",\"valueRequired\":true,\"valueName\":\"search_term_string\"}}],\"inLanguage\":\"en-US\"},{\"@type\":\"Organization\",\"@id\":\"https:\/\/ecowise.lv\/#organization\",\"name\":\"Ecowise\",\"url\":\"https:\/\/ecowise.lv\/\",\"logo\":{\"@type\":\"ImageObject\",\"inLanguage\":\"en-US\",\"@id\":\"https:\/\/ecowise.lv\/#\/schema\/logo\/image\/\",\"url\":\"https:\/\/ecowise.lv\/wp-content\/uploads\/2023\/03\/logo.svg\",\"contentUrl\":\"https:\/\/ecowise.lv\/wp-content\/uploads\/2023\/03\/logo.svg\",\"width\":207,\"height\":27,\"caption\":\"Ecowise\"},\"image\":{\"@id\":\"https:\/\/ecowise.lv\/#\/schema\/logo\/image\/\"}}]}<\/script>\n<!-- \/ Yoast SEO plugin. -->","yoast_head_json":{"title":"OMEGA Sky Xi LGW - Ecowise","robots":{"index":"index","follow":"follow","max-snippet":"max-snippet:-1","max-image-preview":"max-image-preview:large","max-video-preview":"max-video-preview:-1"},"canonical":"https:\/\/ecowise.lv\/en\/product\/omega-sky-xi-lgw\/","og_locale":"en_US","og_type":"article","og_title":"OMEGA Sky Xi LGW - Ecowise","og_description":"\u016adens - \u016bdens \u010dilleri un siltums\u016bk\u0146i, skr\u016bves kompresori ar main\u012bgu kompresijas pak\u0101pi un invertora vad\u012bbas jaudas modul\u0101ciju R1234ze GWP &lt; 1, 184-684 kW","og_url":"https:\/\/ecowise.lv\/en\/product\/omega-sky-xi-lgw\/","og_site_name":"Ecowise","article_modified_time":"2024-02-29T12:04:48+00:00","og_image":[{"width":1024,"height":576,"url":"https:\/\/ecowise.lv\/wp-content\/uploads\/2023\/09\/omega-sky-xi-1.png","type":"image\/png"}],"twitter_card":"summary_large_image","twitter_misc":{"Est. reading time":"1 minute"},"schema":{"@context":"https:\/\/schema.org","@graph":[{"@type":"WebPage","@id":"https:\/\/ecowise.lv\/product\/omega-sky-xi-lgw\/","url":"https:\/\/ecowise.lv\/product\/omega-sky-xi-lgw\/","name":"OMEGA Sky Xi LGW - Ecowise","isPartOf":{"@id":"https:\/\/ecowise.lv\/#website"},"primaryImageOfPage":{"@id":"https:\/\/ecowise.lv\/product\/omega-sky-xi-lgw\/#primaryimage"},"image":{"@id":"https:\/\/ecowise.lv\/product\/omega-sky-xi-lgw\/#primaryimage"},"thumbnailUrl":"https:\/\/ecowise.lv\/wp-content\/uploads\/2023\/09\/omega-sky-xi-1.png","datePublished":"2023-09-30T06:53:26+00:00","dateModified":"2024-02-29T12:04:48+00:00","breadcrumb":{"@id":"https:\/\/ecowise.lv\/product\/omega-sky-xi-lgw\/#breadcrumb"},"inLanguage":"en-US","potentialAction":[{"@type":"ReadAction","target":["https:\/\/ecowise.lv\/product\/omega-sky-xi-lgw\/"]}]},{"@type":"ImageObject","inLanguage":"en-US","@id":"https:\/\/ecowise.lv\/product\/omega-sky-xi-lgw\/#primaryimage","url":"https:\/\/ecowise.lv\/wp-content\/uploads\/2023\/09\/omega-sky-xi-1.png","contentUrl":"https:\/\/ecowise.lv\/wp-content\/uploads\/2023\/09\/omega-sky-xi-1.png","width":1024,"height":576},{"@type":"BreadcrumbList","@id":"https:\/\/ecowise.lv\/product\/omega-sky-xi-lgw\/#breadcrumb","itemListElement":[{"@type":"ListItem","position":1,"name":"Products","item":"https:\/\/ecowise.lv\/shop\/"},{"@type":"ListItem","position":2,"name":"OMEGA Sky Xi LGW"}]},{"@type":"WebSite","@id":"https:\/\/ecowise.lv\/#website","url":"https:\/\/ecowise.lv\/","name":"Ecowise","description":"Ener\u0123ijas pat\u0113ri\u0146a samazin\u0101jums","publisher":{"@id":"https:\/\/ecowise.lv\/#organization"},"potentialAction":[{"@type":"SearchAction","target":{"@type":"EntryPoint","urlTemplate":"https:\/\/ecowise.lv\/?s={search_term_string}"},"query-input":{"@type":"PropertyValueSpecification","valueRequired":true,"valueName":"search_term_string"}}],"inLanguage":"en-US"},{"@type":"Organization","@id":"https:\/\/ecowise.lv\/#organization","name":"Ecowise","url":"https:\/\/ecowise.lv\/","logo":{"@type":"ImageObject","inLanguage":"en-US","@id":"https:\/\/ecowise.lv\/#\/schema\/logo\/image\/","url":"https:\/\/ecowise.lv\/wp-content\/uploads\/2023\/03\/logo.svg","contentUrl":"https:\/\/ecowise.lv\/wp-content\/uploads\/2023\/03\/logo.svg","width":207,"height":27,"caption":"Ecowise"},"image":{"@id":"https:\/\/ecowise.lv\/#\/schema\/logo\/image\/"}}]}},"_links":{"self":[{"href":"https:\/\/ecowise.lv\/en\/wp-json\/wp\/v2\/product\/3696","targetHints":{"allow":["GET"]}}],"collection":[{"href":"https:\/\/ecowise.lv\/en\/wp-json\/wp\/v2\/product"}],"about":[{"href":"https:\/\/ecowise.lv\/en\/wp-json\/wp\/v2\/types\/product"}],"wp:featuredmedia":[{"embeddable":true,"href":"https:\/\/ecowise.lv\/en\/wp-json\/wp\/v2\/media\/3703"}],"wp:attachment":[{"href":"https:\/\/ecowise.lv\/en\/wp-json\/wp\/v2\/media?parent=3696"}],"wp:term":[{"taxonomy":"product_brand","embeddable":true,"href":"https:\/\/ecowise.lv\/en\/wp-json\/wp\/v2\/product_brand?post=3696"},{"taxonomy":"product_cat","embeddable":true,"href":"https:\/\/ecowise.lv\/en\/wp-json\/wp\/v2\/product_cat?post=3696"},{"taxonomy":"product_tag","embeddable":true,"href":"https:\/\/ecowise.lv\/en\/wp-json\/wp\/v2\/product_tag?post=3696"}],"curies":[{"name":"wp","href":"https:\/\/api.w.org\/{rel}","templated":true}]}}