{"id":3453,"date":"2023-09-28T10:56:16","date_gmt":"2023-09-28T07:56:16","guid":{"rendered":"https:\/\/ecowise.lv\/?post_type=product&#038;p=3453"},"modified":"2024-01-02T12:58:51","modified_gmt":"2024-01-02T10:58:51","slug":"casa-climate-ccf","status":"publish","type":"product","link":"https:\/\/ecowise.lv\/en\/product\/casa-climate-ccf\/","title":{"rendered":"CASA Climate CCF"},"content":{"rendered":"<h3>Compact comfort module for cooling, heating, and ventilation<\/h3>\n<ul>\n<li>Heating power: 500W<\/li>\n<li>Cooling power: 300W<\/li>\n<li>Air flow: 5\u201315 l\/s<\/li>\n<li>Sound: Silent &lt;25dB(a)<\/li>\n<li>Fits in 60x60 cabinet *100 \u00d8 mm supply duct connection in bottom, top and rear<\/li>\n<\/ul>\n<p>CASA CLIMATE is a unique cooling, heating and ventilation system for apartment buildings. It is affordable and economical solution designed for residential needs. CASA Climate simplifies the design and building process because the different HVAC components work seamlessly together and are provided by one trusted partner. For residents it offers optimal indoor climate that can be easily controlled from one interface and so that different systems don\u2019t conflict with each other. For building owners CASA Climate guarantees energy efficient and economical heating, cooling and ventilation for the whole lifetime of use.<\/p>\n<p>CASA CLIMATE CCF is a waterborne comfort module that is connected to the apartments ventilation system and the buildings hydronic circuit. It provides fresh supply air, heating and cooling to the apartment. Each apartment can have several room units depending on the need. CCF uses the heating and cooling energy from ground source or district heating\/cooling to provide energy-efficient climatization with individual temperature  control for each room.<\/p>\n<p>In decentral ventilation system CCF is connected to an apartment placed Swegon CASA ventilation unit and regulated with CASA Genius control.<\/p>\n<p>In central ventilation system CCF is connected to a centrally placed Swegon GOLD air handling unit.<\/p>","protected":false},"excerpt":{"rendered":"<h4>Compact comfort module for cooling, heating, and ventilation<\/h4>","protected":false},"featured_media":3457,"template":"","meta":{"_acf_changed":false,"inline_featured_image":false,"_links_to":"","_links_to_target":""},"product_brand":[],"product_cat":[39],"product_tag":[],"class_list":{"0":"post-3453","1":"product","2":"type-product","3":"status-publish","4":"has-post-thumbnail","6":"product_cat-citas-iekartas","8":"first","9":"instock","10":"shipping-taxable","11":"product-type-simple"},"acf":[],"yoast_head":"<!-- This site is optimized with the Yoast SEO plugin v27.0 - https:\/\/yoast.com\/product\/yoast-seo-wordpress\/ -->\n<title>CASA Climate CCF - Ecowise<\/title>\n<meta name=\"robots\" content=\"index, follow, max-snippet:-1, max-image-preview:large, max-video-preview:-1\" \/>\n<link rel=\"canonical\" href=\"https:\/\/ecowise.lv\/en\/product\/casa-climate-ccf\/\" \/>\n<meta property=\"og:locale\" content=\"en_US\" \/>\n<meta property=\"og:type\" content=\"article\" \/>\n<meta property=\"og:title\" content=\"CASA Climate CCF - Ecowise\" \/>\n<meta property=\"og:description\" content=\"Komforta modulis apkurei, dzes\u0113\u0161anai un ventil\u0101cijai\" \/>\n<meta property=\"og:url\" content=\"https:\/\/ecowise.lv\/en\/product\/casa-climate-ccf\/\" \/>\n<meta property=\"og:site_name\" content=\"Ecowise\" \/>\n<meta property=\"article:modified_time\" content=\"2024-01-02T10:58:51+00:00\" \/>\n<meta property=\"og:image\" content=\"https:\/\/ecowise.lv\/wp-content\/uploads\/2023\/09\/CardImage-1-1.png\" \/>\n\t<meta property=\"og:image:width\" content=\"600\" \/>\n\t<meta property=\"og:image:height\" content=\"450\" \/>\n\t<meta property=\"og:image:type\" content=\"image\/png\" \/>\n<meta name=\"twitter:card\" content=\"summary_large_image\" \/>\n<meta name=\"twitter:label1\" content=\"Est. reading time\" \/>\n\t<meta name=\"twitter:data1\" content=\"2 minutes\" \/>\n<script type=\"application\/ld+json\" class=\"yoast-schema-graph\">{\"@context\":\"https:\/\/schema.org\",\"@graph\":[{\"@type\":\"WebPage\",\"@id\":\"https:\/\/ecowise.lv\/product\/casa-climate-ccf\/\",\"url\":\"https:\/\/ecowise.lv\/product\/casa-climate-ccf\/\",\"name\":\"CASA Climate CCF - Ecowise\",\"isPartOf\":{\"@id\":\"https:\/\/ecowise.lv\/#website\"},\"primaryImageOfPage\":{\"@id\":\"https:\/\/ecowise.lv\/product\/casa-climate-ccf\/#primaryimage\"},\"image\":{\"@id\":\"https:\/\/ecowise.lv\/product\/casa-climate-ccf\/#primaryimage\"},\"thumbnailUrl\":\"https:\/\/ecowise.lv\/wp-content\/uploads\/2023\/09\/CardImage-1-1.png\",\"datePublished\":\"2023-09-28T07:56:16+00:00\",\"dateModified\":\"2024-01-02T10:58:51+00:00\",\"breadcrumb\":{\"@id\":\"https:\/\/ecowise.lv\/product\/casa-climate-ccf\/#breadcrumb\"},\"inLanguage\":\"en-US\",\"potentialAction\":[{\"@type\":\"ReadAction\",\"target\":[\"https:\/\/ecowise.lv\/product\/casa-climate-ccf\/\"]}]},{\"@type\":\"ImageObject\",\"inLanguage\":\"en-US\",\"@id\":\"https:\/\/ecowise.lv\/product\/casa-climate-ccf\/#primaryimage\",\"url\":\"https:\/\/ecowise.lv\/wp-content\/uploads\/2023\/09\/CardImage-1-1.png\",\"contentUrl\":\"https:\/\/ecowise.lv\/wp-content\/uploads\/2023\/09\/CardImage-1-1.png\",\"width\":600,\"height\":450},{\"@type\":\"BreadcrumbList\",\"@id\":\"https:\/\/ecowise.lv\/product\/casa-climate-ccf\/#breadcrumb\",\"itemListElement\":[{\"@type\":\"ListItem\",\"position\":1,\"name\":\"Products\",\"item\":\"https:\/\/ecowise.lv\/shop\/\"},{\"@type\":\"ListItem\",\"position\":2,\"name\":\"CASA Climate CCF\"}]},{\"@type\":\"WebSite\",\"@id\":\"https:\/\/ecowise.lv\/#website\",\"url\":\"https:\/\/ecowise.lv\/\",\"name\":\"Ecowise\",\"description\":\"Ener\u0123ijas pat\u0113ri\u0146a samazin\u0101jums\",\"publisher\":{\"@id\":\"https:\/\/ecowise.lv\/#organization\"},\"potentialAction\":[{\"@type\":\"SearchAction\",\"target\":{\"@type\":\"EntryPoint\",\"urlTemplate\":\"https:\/\/ecowise.lv\/?s={search_term_string}\"},\"query-input\":{\"@type\":\"PropertyValueSpecification\",\"valueRequired\":true,\"valueName\":\"search_term_string\"}}],\"inLanguage\":\"en-US\"},{\"@type\":\"Organization\",\"@id\":\"https:\/\/ecowise.lv\/#organization\",\"name\":\"Ecowise\",\"url\":\"https:\/\/ecowise.lv\/\",\"logo\":{\"@type\":\"ImageObject\",\"inLanguage\":\"en-US\",\"@id\":\"https:\/\/ecowise.lv\/#\/schema\/logo\/image\/\",\"url\":\"https:\/\/ecowise.lv\/wp-content\/uploads\/2023\/03\/logo.svg\",\"contentUrl\":\"https:\/\/ecowise.lv\/wp-content\/uploads\/2023\/03\/logo.svg\",\"width\":207,\"height\":27,\"caption\":\"Ecowise\"},\"image\":{\"@id\":\"https:\/\/ecowise.lv\/#\/schema\/logo\/image\/\"}}]}<\/script>\n<!-- \/ Yoast SEO plugin. -->","yoast_head_json":{"title":"CASA Climate CCF - Ecowise","robots":{"index":"index","follow":"follow","max-snippet":"max-snippet:-1","max-image-preview":"max-image-preview:large","max-video-preview":"max-video-preview:-1"},"canonical":"https:\/\/ecowise.lv\/en\/product\/casa-climate-ccf\/","og_locale":"en_US","og_type":"article","og_title":"CASA Climate CCF - Ecowise","og_description":"Komforta modulis apkurei, dzes\u0113\u0161anai un ventil\u0101cijai","og_url":"https:\/\/ecowise.lv\/en\/product\/casa-climate-ccf\/","og_site_name":"Ecowise","article_modified_time":"2024-01-02T10:58:51+00:00","og_image":[{"width":600,"height":450,"url":"https:\/\/ecowise.lv\/wp-content\/uploads\/2023\/09\/CardImage-1-1.png","type":"image\/png"}],"twitter_card":"summary_large_image","twitter_misc":{"Est. reading time":"2 minutes"},"schema":{"@context":"https:\/\/schema.org","@graph":[{"@type":"WebPage","@id":"https:\/\/ecowise.lv\/product\/casa-climate-ccf\/","url":"https:\/\/ecowise.lv\/product\/casa-climate-ccf\/","name":"CASA Climate CCF - Ecowise","isPartOf":{"@id":"https:\/\/ecowise.lv\/#website"},"primaryImageOfPage":{"@id":"https:\/\/ecowise.lv\/product\/casa-climate-ccf\/#primaryimage"},"image":{"@id":"https:\/\/ecowise.lv\/product\/casa-climate-ccf\/#primaryimage"},"thumbnailUrl":"https:\/\/ecowise.lv\/wp-content\/uploads\/2023\/09\/CardImage-1-1.png","datePublished":"2023-09-28T07:56:16+00:00","dateModified":"2024-01-02T10:58:51+00:00","breadcrumb":{"@id":"https:\/\/ecowise.lv\/product\/casa-climate-ccf\/#breadcrumb"},"inLanguage":"en-US","potentialAction":[{"@type":"ReadAction","target":["https:\/\/ecowise.lv\/product\/casa-climate-ccf\/"]}]},{"@type":"ImageObject","inLanguage":"en-US","@id":"https:\/\/ecowise.lv\/product\/casa-climate-ccf\/#primaryimage","url":"https:\/\/ecowise.lv\/wp-content\/uploads\/2023\/09\/CardImage-1-1.png","contentUrl":"https:\/\/ecowise.lv\/wp-content\/uploads\/2023\/09\/CardImage-1-1.png","width":600,"height":450},{"@type":"BreadcrumbList","@id":"https:\/\/ecowise.lv\/product\/casa-climate-ccf\/#breadcrumb","itemListElement":[{"@type":"ListItem","position":1,"name":"Products","item":"https:\/\/ecowise.lv\/shop\/"},{"@type":"ListItem","position":2,"name":"CASA Climate CCF"}]},{"@type":"WebSite","@id":"https:\/\/ecowise.lv\/#website","url":"https:\/\/ecowise.lv\/","name":"Ecowise","description":"Ener\u0123ijas pat\u0113ri\u0146a samazin\u0101jums","publisher":{"@id":"https:\/\/ecowise.lv\/#organization"},"potentialAction":[{"@type":"SearchAction","target":{"@type":"EntryPoint","urlTemplate":"https:\/\/ecowise.lv\/?s={search_term_string}"},"query-input":{"@type":"PropertyValueSpecification","valueRequired":true,"valueName":"search_term_string"}}],"inLanguage":"en-US"},{"@type":"Organization","@id":"https:\/\/ecowise.lv\/#organization","name":"Ecowise","url":"https:\/\/ecowise.lv\/","logo":{"@type":"ImageObject","inLanguage":"en-US","@id":"https:\/\/ecowise.lv\/#\/schema\/logo\/image\/","url":"https:\/\/ecowise.lv\/wp-content\/uploads\/2023\/03\/logo.svg","contentUrl":"https:\/\/ecowise.lv\/wp-content\/uploads\/2023\/03\/logo.svg","width":207,"height":27,"caption":"Ecowise"},"image":{"@id":"https:\/\/ecowise.lv\/#\/schema\/logo\/image\/"}}]}},"_links":{"self":[{"href":"https:\/\/ecowise.lv\/en\/wp-json\/wp\/v2\/product\/3453","targetHints":{"allow":["GET"]}}],"collection":[{"href":"https:\/\/ecowise.lv\/en\/wp-json\/wp\/v2\/product"}],"about":[{"href":"https:\/\/ecowise.lv\/en\/wp-json\/wp\/v2\/types\/product"}],"wp:featuredmedia":[{"embeddable":true,"href":"https:\/\/ecowise.lv\/en\/wp-json\/wp\/v2\/media\/3457"}],"wp:attachment":[{"href":"https:\/\/ecowise.lv\/en\/wp-json\/wp\/v2\/media?parent=3453"}],"wp:term":[{"taxonomy":"product_brand","embeddable":true,"href":"https:\/\/ecowise.lv\/en\/wp-json\/wp\/v2\/product_brand?post=3453"},{"taxonomy":"product_cat","embeddable":true,"href":"https:\/\/ecowise.lv\/en\/wp-json\/wp\/v2\/product_cat?post=3453"},{"taxonomy":"product_tag","embeddable":true,"href":"https:\/\/ecowise.lv\/en\/wp-json\/wp\/v2\/product_tag?post=3453"}],"curies":[{"name":"wp","href":"https:\/\/api.w.org\/{rel}","templated":true}]}}