{"id":2727,"date":"2023-09-15T10:33:09","date_gmt":"2023-09-15T07:33:09","guid":{"rendered":"https:\/\/ecowise.lv\/?post_type=product&#038;p=2727"},"modified":"2023-09-15T10:33:09","modified_gmt":"2023-09-15T07:33:09","slug":"conductor-2","status":"publish","type":"product","link":"https:\/\/ecowise.lv\/en\/product\/conductor-2\/","title":{"rendered":"CONDUCTOR"},"content":{"rendered":"<ul>\n<li id=\"tw-target-text\" class=\"tw-data-text tw-text-large tw-ta\" dir=\"ltr\" data-placeholder=\"Translation\"><span class=\"Y2IQFc\" lang=\"lv\">Automatic regulation of air volume, cooling, and heating <\/span><\/li>\n<li class=\"tw-data-text tw-text-large tw-ta\" dir=\"ltr\" data-placeholder=\"Translation\"><span class=\"Y2IQFc\" lang=\"lv\">Temperature and air flow settings can be adjusted using a room thermostat. <\/span><\/li>\n<li class=\"tw-data-text tw-text-large tw-ta\" dir=\"ltr\" data-placeholder=\"Translation\"><span class=\"Y2IQFc\" lang=\"lv\">Occupancy control with key card\/presence sensor <\/span><\/li>\n<li class=\"tw-data-text tw-text-large tw-ta\" dir=\"ltr\" data-placeholder=\"Translation\"><span class=\"Y2IQFc\" lang=\"lv\">Simple configuration of settings inputted into the room thermostat <\/span><\/li>\n<li class=\"tw-data-text tw-text-large tw-ta\" dir=\"ltr\" data-placeholder=\"Translation\"><span class=\"Y2IQFc\" lang=\"lv\">Wireless communication between the room thermostat and the controller <\/span><\/li>\n<li class=\"tw-data-text tw-text-large tw-ta\" dir=\"ltr\" data-placeholder=\"Translation\"><span class=\"Y2IQFc\" lang=\"lv\">Connection point for condensation sensor, window contact, and other contacts (normally-closed)<\/span><\/li>\n<li class=\"tw-data-text tw-text-large tw-ta\" dir=\"ltr\" data-placeholder=\"Translation\"><span class=\"Y2IQFc\" lang=\"lv\">Each controller can be connected to up to twelve pairs of actuators<\/span><\/li>\n<li class=\"tw-data-text tw-text-large tw-ta\" dir=\"ltr\" data-placeholder=\"Translation\"><span class=\"Y2IQFc\" lang=\"lv\">Possible connection to the main control system via Modbus RTU <\/span><\/li>\n<li class=\"tw-data-text tw-text-large tw-ta\" dir=\"ltr\" data-placeholder=\"Translation\"><span class=\"Y2IQFc\" lang=\"lv\">Selectable cooling sequence \u2013 air\/water or water\/air <\/span><\/li>\n<li class=\"tw-data-text tw-text-large tw-ta\" dir=\"ltr\" data-placeholder=\"Translation\"><span class=\"Y2IQFc\" lang=\"lv\">Air quality control with CO2 sensor.<\/span><\/li>\n<\/ul>","protected":false},"excerpt":{"rendered":"<h4>Network-connected automatic control system for air temperature and air quality control in a room<\/h4>","protected":false},"featured_media":2728,"template":"","meta":{"_acf_changed":false,"inline_featured_image":false,"_links_to":"","_links_to_target":""},"product_brand":[],"product_cat":[87],"product_tag":[],"class_list":{"0":"post-2727","1":"product","2":"type-product","3":"status-publish","4":"has-post-thumbnail","6":"product_cat-vadibas-aprikojums","8":"first","9":"instock","10":"shipping-taxable","11":"product-type-simple"},"acf":[],"yoast_head":"<!-- This site is optimized with the Yoast SEO plugin v27.0 - https:\/\/yoast.com\/product\/yoast-seo-wordpress\/ -->\n<title>CONDUCTOR - Ecowise<\/title>\n<meta name=\"robots\" content=\"index, follow, max-snippet:-1, max-image-preview:large, max-video-preview:-1\" \/>\n<link rel=\"canonical\" href=\"https:\/\/ecowise.lv\/en\/product\/conductor-2\/\" \/>\n<meta property=\"og:locale\" content=\"en_US\" \/>\n<meta property=\"og:type\" content=\"article\" \/>\n<meta property=\"og:title\" content=\"CONDUCTOR - Ecowise\" \/>\n<meta property=\"og:description\" content=\"T\u012bklam piesl\u0113dzama autom\u0101tisk\u0101 vad\u012bbas sist\u0113ma gaisa temperat\u016bras un gaisa kvalit\u0101tes kontrolei telp\u0101\" \/>\n<meta property=\"og:url\" content=\"https:\/\/ecowise.lv\/en\/product\/conductor-2\/\" \/>\n<meta property=\"og:site_name\" content=\"Ecowise\" \/>\n<meta property=\"og:image\" content=\"https:\/\/ecowise.lv\/wp-content\/uploads\/2023\/09\/conductor_re-productimage.png\" \/>\n\t<meta property=\"og:image:width\" content=\"768\" \/>\n\t<meta property=\"og:image:height\" content=\"576\" \/>\n\t<meta property=\"og:image:type\" content=\"image\/png\" \/>\n<meta name=\"twitter:card\" content=\"summary_large_image\" \/>\n<meta name=\"twitter:label1\" content=\"Est. reading time\" \/>\n\t<meta name=\"twitter:data1\" content=\"1 minute\" \/>\n<script type=\"application\/ld+json\" class=\"yoast-schema-graph\">{\"@context\":\"https:\/\/schema.org\",\"@graph\":[{\"@type\":\"WebPage\",\"@id\":\"https:\/\/ecowise.lv\/product\/conductor-2\/\",\"url\":\"https:\/\/ecowise.lv\/product\/conductor-2\/\",\"name\":\"CONDUCTOR - Ecowise\",\"isPartOf\":{\"@id\":\"https:\/\/ecowise.lv\/#website\"},\"primaryImageOfPage\":{\"@id\":\"https:\/\/ecowise.lv\/product\/conductor-2\/#primaryimage\"},\"image\":{\"@id\":\"https:\/\/ecowise.lv\/product\/conductor-2\/#primaryimage\"},\"thumbnailUrl\":\"https:\/\/ecowise.lv\/wp-content\/uploads\/2023\/09\/conductor_re-productimage.png\",\"datePublished\":\"2023-09-15T07:33:09+00:00\",\"breadcrumb\":{\"@id\":\"https:\/\/ecowise.lv\/product\/conductor-2\/#breadcrumb\"},\"inLanguage\":\"en-US\",\"potentialAction\":[{\"@type\":\"ReadAction\",\"target\":[\"https:\/\/ecowise.lv\/product\/conductor-2\/\"]}]},{\"@type\":\"ImageObject\",\"inLanguage\":\"en-US\",\"@id\":\"https:\/\/ecowise.lv\/product\/conductor-2\/#primaryimage\",\"url\":\"https:\/\/ecowise.lv\/wp-content\/uploads\/2023\/09\/conductor_re-productimage.png\",\"contentUrl\":\"https:\/\/ecowise.lv\/wp-content\/uploads\/2023\/09\/conductor_re-productimage.png\",\"width\":768,\"height\":576},{\"@type\":\"BreadcrumbList\",\"@id\":\"https:\/\/ecowise.lv\/product\/conductor-2\/#breadcrumb\",\"itemListElement\":[{\"@type\":\"ListItem\",\"position\":1,\"name\":\"Products\",\"item\":\"https:\/\/ecowise.lv\/shop\/\"},{\"@type\":\"ListItem\",\"position\":2,\"name\":\"CONDUCTOR\"}]},{\"@type\":\"WebSite\",\"@id\":\"https:\/\/ecowise.lv\/#website\",\"url\":\"https:\/\/ecowise.lv\/\",\"name\":\"Ecowise\",\"description\":\"Ener\u0123ijas pat\u0113ri\u0146a samazin\u0101jums\",\"publisher\":{\"@id\":\"https:\/\/ecowise.lv\/#organization\"},\"potentialAction\":[{\"@type\":\"SearchAction\",\"target\":{\"@type\":\"EntryPoint\",\"urlTemplate\":\"https:\/\/ecowise.lv\/?s={search_term_string}\"},\"query-input\":{\"@type\":\"PropertyValueSpecification\",\"valueRequired\":true,\"valueName\":\"search_term_string\"}}],\"inLanguage\":\"en-US\"},{\"@type\":\"Organization\",\"@id\":\"https:\/\/ecowise.lv\/#organization\",\"name\":\"Ecowise\",\"url\":\"https:\/\/ecowise.lv\/\",\"logo\":{\"@type\":\"ImageObject\",\"inLanguage\":\"en-US\",\"@id\":\"https:\/\/ecowise.lv\/#\/schema\/logo\/image\/\",\"url\":\"https:\/\/ecowise.lv\/wp-content\/uploads\/2023\/03\/logo.svg\",\"contentUrl\":\"https:\/\/ecowise.lv\/wp-content\/uploads\/2023\/03\/logo.svg\",\"width\":207,\"height\":27,\"caption\":\"Ecowise\"},\"image\":{\"@id\":\"https:\/\/ecowise.lv\/#\/schema\/logo\/image\/\"}}]}<\/script>\n<!-- \/ Yoast SEO plugin. -->","yoast_head_json":{"title":"CONDUCTOR - Ecowise","robots":{"index":"index","follow":"follow","max-snippet":"max-snippet:-1","max-image-preview":"max-image-preview:large","max-video-preview":"max-video-preview:-1"},"canonical":"https:\/\/ecowise.lv\/en\/product\/conductor-2\/","og_locale":"en_US","og_type":"article","og_title":"CONDUCTOR - Ecowise","og_description":"T\u012bklam piesl\u0113dzama autom\u0101tisk\u0101 vad\u012bbas sist\u0113ma gaisa temperat\u016bras un gaisa kvalit\u0101tes kontrolei telp\u0101","og_url":"https:\/\/ecowise.lv\/en\/product\/conductor-2\/","og_site_name":"Ecowise","og_image":[{"width":768,"height":576,"url":"https:\/\/ecowise.lv\/wp-content\/uploads\/2023\/09\/conductor_re-productimage.png","type":"image\/png"}],"twitter_card":"summary_large_image","twitter_misc":{"Est. reading time":"1 minute"},"schema":{"@context":"https:\/\/schema.org","@graph":[{"@type":"WebPage","@id":"https:\/\/ecowise.lv\/product\/conductor-2\/","url":"https:\/\/ecowise.lv\/product\/conductor-2\/","name":"CONDUCTOR - Ecowise","isPartOf":{"@id":"https:\/\/ecowise.lv\/#website"},"primaryImageOfPage":{"@id":"https:\/\/ecowise.lv\/product\/conductor-2\/#primaryimage"},"image":{"@id":"https:\/\/ecowise.lv\/product\/conductor-2\/#primaryimage"},"thumbnailUrl":"https:\/\/ecowise.lv\/wp-content\/uploads\/2023\/09\/conductor_re-productimage.png","datePublished":"2023-09-15T07:33:09+00:00","breadcrumb":{"@id":"https:\/\/ecowise.lv\/product\/conductor-2\/#breadcrumb"},"inLanguage":"en-US","potentialAction":[{"@type":"ReadAction","target":["https:\/\/ecowise.lv\/product\/conductor-2\/"]}]},{"@type":"ImageObject","inLanguage":"en-US","@id":"https:\/\/ecowise.lv\/product\/conductor-2\/#primaryimage","url":"https:\/\/ecowise.lv\/wp-content\/uploads\/2023\/09\/conductor_re-productimage.png","contentUrl":"https:\/\/ecowise.lv\/wp-content\/uploads\/2023\/09\/conductor_re-productimage.png","width":768,"height":576},{"@type":"BreadcrumbList","@id":"https:\/\/ecowise.lv\/product\/conductor-2\/#breadcrumb","itemListElement":[{"@type":"ListItem","position":1,"name":"Products","item":"https:\/\/ecowise.lv\/shop\/"},{"@type":"ListItem","position":2,"name":"CONDUCTOR"}]},{"@type":"WebSite","@id":"https:\/\/ecowise.lv\/#website","url":"https:\/\/ecowise.lv\/","name":"Ecowise","description":"Ener\u0123ijas pat\u0113ri\u0146a samazin\u0101jums","publisher":{"@id":"https:\/\/ecowise.lv\/#organization"},"potentialAction":[{"@type":"SearchAction","target":{"@type":"EntryPoint","urlTemplate":"https:\/\/ecowise.lv\/?s={search_term_string}"},"query-input":{"@type":"PropertyValueSpecification","valueRequired":true,"valueName":"search_term_string"}}],"inLanguage":"en-US"},{"@type":"Organization","@id":"https:\/\/ecowise.lv\/#organization","name":"Ecowise","url":"https:\/\/ecowise.lv\/","logo":{"@type":"ImageObject","inLanguage":"en-US","@id":"https:\/\/ecowise.lv\/#\/schema\/logo\/image\/","url":"https:\/\/ecowise.lv\/wp-content\/uploads\/2023\/03\/logo.svg","contentUrl":"https:\/\/ecowise.lv\/wp-content\/uploads\/2023\/03\/logo.svg","width":207,"height":27,"caption":"Ecowise"},"image":{"@id":"https:\/\/ecowise.lv\/#\/schema\/logo\/image\/"}}]}},"_links":{"self":[{"href":"https:\/\/ecowise.lv\/en\/wp-json\/wp\/v2\/product\/2727","targetHints":{"allow":["GET"]}}],"collection":[{"href":"https:\/\/ecowise.lv\/en\/wp-json\/wp\/v2\/product"}],"about":[{"href":"https:\/\/ecowise.lv\/en\/wp-json\/wp\/v2\/types\/product"}],"wp:featuredmedia":[{"embeddable":true,"href":"https:\/\/ecowise.lv\/en\/wp-json\/wp\/v2\/media\/2728"}],"wp:attachment":[{"href":"https:\/\/ecowise.lv\/en\/wp-json\/wp\/v2\/media?parent=2727"}],"wp:term":[{"taxonomy":"product_brand","embeddable":true,"href":"https:\/\/ecowise.lv\/en\/wp-json\/wp\/v2\/product_brand?post=2727"},{"taxonomy":"product_cat","embeddable":true,"href":"https:\/\/ecowise.lv\/en\/wp-json\/wp\/v2\/product_cat?post=2727"},{"taxonomy":"product_tag","embeddable":true,"href":"https:\/\/ecowise.lv\/en\/wp-json\/wp\/v2\/product_tag?post=2727"}],"curies":[{"name":"wp","href":"https:\/\/api.w.org\/{rel}","templated":true}]}}